





{"id":70724,"date":"2024-03-29T18:10:26","date_gmt":"2024-03-29T17:10:26","guid":{"rendered":"https:\/\/repliquemangacine.fr\/?post_type=product&#038;p=70724"},"modified":"2026-04-07T01:06:53","modified_gmt":"2026-04-06T23:06:53","slug":"pack-the-walking-dead","status":"publish","type":"product","link":"https:\/\/repliquemangacine.fr\/en\/armes-the-walking-dead\/pack-the-walking-dead\/","title":{"rendered":"The Walking Dead pack"},"content":{"rendered":"<h2>Survive the Apocalypse with The Walking Dead - The Ones Who Live\" Pack<\/h2>\n<p>First, discover our exceptional offer, The Walking Dead Pack, to mark the release in France of the eagerly awaited series \u201cThe Walking Dead \u2013 The Ones Who Live.\u201d.<\/p>\n<p>First, the story of Rick Grimes and Michonne is transformed by a changed world, separated by distance. They must fight to find their way back to each other. Not only to rekindle their unbreakable bond, but also to become heroes in a broken world. Fans are invited to immerse themselves in an epic love story defined by the trials of a world ravaged by conflict and apocalyptic horrors.<\/p>\n<p>Immerse yourself in the post-apocalyptic world of the cult series with our exclusive pack featuring Michonne's iconic katana and Rick Grimes\u201c Colt Python. Designed with meticulous attention to detail, these replicas are more than just collectibles. They are a gateway to the ruthless world of \u201dThe Walking Dead,\" where every day is a struggle for survival.<\/p>\n<h2>The Walking Dead pack: Survivor-worthy lines<\/h2>\n<p>To begin with, let's talk about Michonne, played by the talented Danai Gurira. The <a href=\"https:\/\/repliquemangacine.fr\/en\/weapons-the-walking-dead\/michonnes-katana\/\">Michonne's katana<\/a> is much more than just a weapon. It is also a symbol of resilience, strength, and the unshakable will to survive in this unforgiving universe.<\/p>\n<p>This meticulously crafted replica captures the essence of Michonne, one of the most charismatic and feared survivors. With a high-quality stainless steel blade, this katana combines aesthetic beauty with formidable effectiveness. The faithfully reproduced handle offers a comfortable and secure grip, allowing you to accurately relive Michonne's most heroic moments.<\/p>\n<p>Every detail, from the braided handle to the elegant curve of the blade, has been designed to offer fans and collectors an exceptional collector's item. Owning this katana means immersing yourself in the courage and determination that characterize Michonne. This makes it a must-have for any fan of \u201cThe Walking Dead.\u201d.<\/p>\n<h2>The Ones Who Live: Rick's Return<\/h2>\n<p>Here we are, the long-awaited return of Rick Grims. It's highly likely that in this spin-off, we'll go from one surprise to another.<\/p>\n<p>But remember the <a href=\"https:\/\/repliquemangacine.fr\/en\/denix\/colt-python-rick-grimes\/\">Rick's Colt Python<\/a>, emblematic of leadership, justice, and the struggle for survival. This carefully crafted replica embodies the spirit of Rick Grimes: determined, unshakeable, and always ready to defend what is right.<\/p>\n<p>The Colt Python, with its classic design and precise metallic finish, is a reproduction. <a href=\"https:\/\/www.denix.fr\/fr\/catalogue\/armes-modernes-1945-1982\/revolvers\/6304\/\" target=\"_blank\" rel=\"noopener noreferrer\">Denix<\/a>Rick's weapon of choice. It symbolizes not only the fight against the undead. But also the internal conflicts and difficult decisions that survivors face on a daily basis. This collector's item offers fans a tangible connection with the character of Rick Grimes. Indeed, recalling crucial moments in the series where courage and sacrifice define the true essence of survival. In conclusion, to acquire this Colt Python is to embrace the legacy of Rick Grimes and his indelible impact on \"The Walking Dead\". Making this object a must-have for collectors and admirers of the series.<\/p>\n<p>&nbsp;<\/p>","protected":false},"excerpt":{"rendered":"<p>Superb pack of Michonne's katana and Rick's Colt from The Walking Dead series.<\/p>","protected":false},"featured_media":70725,"template":"","meta":[],"product_brand":[],"product_cat":[62],"product_tag":[],"class_list":{"0":"post-70724","1":"product","2":"type-product","3":"status-publish","4":"has-post-thumbnail","6":"product_cat-armes-the-walking-dead","8":"first","9":"instock","10":"sale","11":"taxable","12":"shipping-taxable","13":"purchasable","14":"product-type-simple"},"yoast_head":"<!-- This site is optimized with the Yoast SEO plugin v27.4 - https:\/\/yoast.com\/product\/yoast-seo-wordpress\/ -->\n<title>Pack The Walking Dead - R\u00e9plique Manga Cin\u00e9<\/title>\n<meta name=\"description\" content=\"Offrez-vous les deux r\u00e9pliques les plus embl\u00e9matiques de la s\u00e9rie, gr\u00e2ce \u00e0 ce Pack The Walking Dead. Retrouvez le katana de Michonne et le Colt de Rick.\" \/>\n<meta name=\"robots\" content=\"index, follow, max-snippet:-1, max-image-preview:large, max-video-preview:-1\" \/>\n<link rel=\"canonical\" href=\"https:\/\/repliquemangacine.fr\/en\/weapons-the-walking-dead\/pack-the-walking-dead\/\" \/>\n<meta property=\"og:locale\" content=\"en_US\" \/>\n<meta property=\"og:type\" content=\"article\" \/>\n<meta property=\"og:title\" content=\"Pack The Walking Dead - R\u00e9plique Manga Cin\u00e9\" \/>\n<meta property=\"og:description\" content=\"Offrez-vous les deux r\u00e9pliques les plus embl\u00e9matiques de la s\u00e9rie, gr\u00e2ce \u00e0 ce Pack The Walking Dead. Retrouvez le katana de Michonne et le Colt de Rick.\" \/>\n<meta property=\"og:url\" content=\"https:\/\/repliquemangacine.fr\/en\/weapons-the-walking-dead\/pack-the-walking-dead\/\" \/>\n<meta property=\"og:site_name\" content=\"R\u00e9plique Manga Cin\u00e9\" \/>\n<meta property=\"article:publisher\" content=\"https:\/\/www.facebook.com\/RepliqueMangaCine\" \/>\n<meta property=\"article:modified_time\" content=\"2026-04-06T23:06:53+00:00\" \/>\n<meta property=\"og:image\" content=\"https:\/\/repliquemangacine.fr\/wp-content\/uploads\/2024\/03\/Pack-armes-Walking-Dead.jpg\" \/>\n\t<meta property=\"og:image:width\" content=\"500\" \/>\n\t<meta property=\"og:image:height\" content=\"500\" \/>\n\t<meta property=\"og:image:type\" content=\"image\/jpeg\" \/>\n<meta name=\"twitter:card\" content=\"summary_large_image\" \/>\n<meta name=\"twitter:label1\" content=\"Est. reading time\" \/>\n\t<meta name=\"twitter:data1\" content=\"3 minutes\" \/>\n<script type=\"application\/ld+json\" class=\"yoast-schema-graph\">{\"@context\":\"https:\\\/\\\/schema.org\",\"@graph\":[{\"@type\":\"WebPage\",\"@id\":\"https:\\\/\\\/repliquemangacine.fr\\\/armes-the-walking-dead\\\/pack-the-walking-dead\\\/\",\"url\":\"https:\\\/\\\/repliquemangacine.fr\\\/armes-the-walking-dead\\\/pack-the-walking-dead\\\/\",\"name\":\"Pack The Walking Dead - R\u00e9plique Manga Cin\u00e9\",\"isPartOf\":{\"@id\":\"https:\\\/\\\/repliquemangacine.fr\\\/#website\"},\"primaryImageOfPage\":{\"@id\":\"https:\\\/\\\/repliquemangacine.fr\\\/armes-the-walking-dead\\\/pack-the-walking-dead\\\/#primaryimage\"},\"image\":{\"@id\":\"https:\\\/\\\/repliquemangacine.fr\\\/armes-the-walking-dead\\\/pack-the-walking-dead\\\/#primaryimage\"},\"thumbnailUrl\":\"https:\\\/\\\/repliquemangacine.fr\\\/wp-content\\\/uploads\\\/2024\\\/03\\\/Pack-armes-Walking-Dead.jpg\",\"datePublished\":\"2024-03-29T17:10:26+00:00\",\"dateModified\":\"2026-04-06T23:06:53+00:00\",\"description\":\"Offrez-vous les deux r\u00e9pliques les plus embl\u00e9matiques de la s\u00e9rie, gr\u00e2ce \u00e0 ce Pack The Walking Dead. Retrouvez le katana de Michonne et le Colt de Rick.\",\"breadcrumb\":{\"@id\":\"https:\\\/\\\/repliquemangacine.fr\\\/armes-the-walking-dead\\\/pack-the-walking-dead\\\/#breadcrumb\"},\"inLanguage\":\"en-US\",\"potentialAction\":[{\"@type\":\"ReadAction\",\"target\":[\"https:\\\/\\\/repliquemangacine.fr\\\/armes-the-walking-dead\\\/pack-the-walking-dead\\\/\"]}]},{\"@type\":\"ImageObject\",\"inLanguage\":\"en-US\",\"@id\":\"https:\\\/\\\/repliquemangacine.fr\\\/armes-the-walking-dead\\\/pack-the-walking-dead\\\/#primaryimage\",\"url\":\"https:\\\/\\\/repliquemangacine.fr\\\/wp-content\\\/uploads\\\/2024\\\/03\\\/Pack-armes-Walking-Dead.jpg\",\"contentUrl\":\"https:\\\/\\\/repliquemangacine.fr\\\/wp-content\\\/uploads\\\/2024\\\/03\\\/Pack-armes-Walking-Dead.jpg\",\"width\":500,\"height\":500,\"caption\":\"Pack armes Walking Dead\"},{\"@type\":\"BreadcrumbList\",\"@id\":\"https:\\\/\\\/repliquemangacine.fr\\\/armes-the-walking-dead\\\/pack-the-walking-dead\\\/#breadcrumb\",\"itemListElement\":[{\"@type\":\"ListItem\",\"position\":1,\"name\":\"Accueil\",\"item\":\"https:\\\/\\\/repliquemangacine.fr\\\/\"},{\"@type\":\"ListItem\",\"position\":2,\"name\":\"Produits\",\"item\":\"https:\\\/\\\/repliquemangacine.fr\\\/boutique\\\/\"},{\"@type\":\"ListItem\",\"position\":3,\"name\":\"Pack The Walking Dead\"}]},{\"@type\":\"WebSite\",\"@id\":\"https:\\\/\\\/repliquemangacine.fr\\\/#website\",\"url\":\"https:\\\/\\\/repliquemangacine.fr\\\/\",\"name\":\"R\u00e9plique Manga Cin\u00e9\",\"description\":\"\",\"publisher\":{\"@id\":\"https:\\\/\\\/repliquemangacine.fr\\\/#organization\"},\"potentialAction\":[{\"@type\":\"SearchAction\",\"target\":{\"@type\":\"EntryPoint\",\"urlTemplate\":\"https:\\\/\\\/repliquemangacine.fr\\\/?s={search_term_string}\"},\"query-input\":{\"@type\":\"PropertyValueSpecification\",\"valueRequired\":true,\"valueName\":\"search_term_string\"}}],\"inLanguage\":\"en-US\"},{\"@type\":\"Organization\",\"@id\":\"https:\\\/\\\/repliquemangacine.fr\\\/#organization\",\"name\":\"R\u00e9plique Manga Cin\u00e9\",\"url\":\"https:\\\/\\\/repliquemangacine.fr\\\/\",\"logo\":{\"@type\":\"ImageObject\",\"inLanguage\":\"en-US\",\"@id\":\"https:\\\/\\\/repliquemangacine.fr\\\/#\\\/schema\\\/logo\\\/image\\\/\",\"url\":\"https:\\\/\\\/repliquemangacine.fr\\\/wp-content\\\/uploads\\\/2023\\\/10\\\/RMC-500250.png\",\"contentUrl\":\"https:\\\/\\\/repliquemangacine.fr\\\/wp-content\\\/uploads\\\/2023\\\/10\\\/RMC-500250.png\",\"width\":500,\"height\":250,\"caption\":\"R\u00e9plique Manga Cin\u00e9\"},\"image\":{\"@id\":\"https:\\\/\\\/repliquemangacine.fr\\\/#\\\/schema\\\/logo\\\/image\\\/\"},\"sameAs\":[\"https:\\\/\\\/www.facebook.com\\\/RepliqueMangaCine\",\"https:\\\/\\\/www.instagram.com\\\/repliquemangacine.fr\\\/\"]}]}<\/script>\n<!-- \/ Yoast SEO plugin. -->","yoast_head_json":{"title":"The Walking Dead Pack - R\u00e9plique Manga Cin\u00e9","description":"Treat yourself to the two most iconic lines in the series, thanks to this The Walking Dead Pack. Michonne's katana and Rick's Colt.","robots":{"index":"index","follow":"follow","max-snippet":"max-snippet:-1","max-image-preview":"max-image-preview:large","max-video-preview":"max-video-preview:-1"},"canonical":"https:\/\/repliquemangacine.fr\/en\/weapons-the-walking-dead\/pack-the-walking-dead\/","og_locale":"en_US","og_type":"article","og_title":"Pack The Walking Dead - R\u00e9plique Manga Cin\u00e9","og_description":"Offrez-vous les deux r\u00e9pliques les plus embl\u00e9matiques de la s\u00e9rie, gr\u00e2ce \u00e0 ce Pack The Walking Dead. Retrouvez le katana de Michonne et le Colt de Rick.","og_url":"https:\/\/repliquemangacine.fr\/en\/weapons-the-walking-dead\/pack-the-walking-dead\/","og_site_name":"R\u00e9plique Manga Cin\u00e9","article_publisher":"https:\/\/www.facebook.com\/RepliqueMangaCine","article_modified_time":"2026-04-06T23:06:53+00:00","og_image":[{"width":500,"height":500,"url":"https:\/\/repliquemangacine.fr\/wp-content\/uploads\/2024\/03\/Pack-armes-Walking-Dead.jpg","type":"image\/jpeg"}],"twitter_card":"summary_large_image","twitter_misc":{"Est. reading time":"3 minutes"},"schema":{"@context":"https:\/\/schema.org","@graph":[{"@type":"WebPage","@id":"https:\/\/repliquemangacine.fr\/armes-the-walking-dead\/pack-the-walking-dead\/","url":"https:\/\/repliquemangacine.fr\/armes-the-walking-dead\/pack-the-walking-dead\/","name":"The Walking Dead Pack - R\u00e9plique Manga Cin\u00e9","isPartOf":{"@id":"https:\/\/repliquemangacine.fr\/#website"},"primaryImageOfPage":{"@id":"https:\/\/repliquemangacine.fr\/armes-the-walking-dead\/pack-the-walking-dead\/#primaryimage"},"image":{"@id":"https:\/\/repliquemangacine.fr\/armes-the-walking-dead\/pack-the-walking-dead\/#primaryimage"},"thumbnailUrl":"https:\/\/repliquemangacine.fr\/wp-content\/uploads\/2024\/03\/Pack-armes-Walking-Dead.jpg","datePublished":"2024-03-29T17:10:26+00:00","dateModified":"2026-04-06T23:06:53+00:00","description":"Treat yourself to the two most iconic lines in the series, thanks to this The Walking Dead Pack. Michonne's katana and Rick's Colt.","breadcrumb":{"@id":"https:\/\/repliquemangacine.fr\/armes-the-walking-dead\/pack-the-walking-dead\/#breadcrumb"},"inLanguage":"en-US","potentialAction":[{"@type":"ReadAction","target":["https:\/\/repliquemangacine.fr\/armes-the-walking-dead\/pack-the-walking-dead\/"]}]},{"@type":"ImageObject","inLanguage":"en-US","@id":"https:\/\/repliquemangacine.fr\/armes-the-walking-dead\/pack-the-walking-dead\/#primaryimage","url":"https:\/\/repliquemangacine.fr\/wp-content\/uploads\/2024\/03\/Pack-armes-Walking-Dead.jpg","contentUrl":"https:\/\/repliquemangacine.fr\/wp-content\/uploads\/2024\/03\/Pack-armes-Walking-Dead.jpg","width":500,"height":500,"caption":"Pack armes Walking Dead"},{"@type":"BreadcrumbList","@id":"https:\/\/repliquemangacine.fr\/armes-the-walking-dead\/pack-the-walking-dead\/#breadcrumb","itemListElement":[{"@type":"ListItem","position":1,"name":"Accueil","item":"https:\/\/repliquemangacine.fr\/"},{"@type":"ListItem","position":2,"name":"Produits","item":"https:\/\/repliquemangacine.fr\/boutique\/"},{"@type":"ListItem","position":3,"name":"Pack The Walking Dead"}]},{"@type":"WebSite","@id":"https:\/\/repliquemangacine.fr\/#website","url":"https:\/\/repliquemangacine.fr\/","name":"R\u00e9plique Manga Cin\u00e9","description":"","publisher":{"@id":"https:\/\/repliquemangacine.fr\/#organization"},"potentialAction":[{"@type":"SearchAction","target":{"@type":"EntryPoint","urlTemplate":"https:\/\/repliquemangacine.fr\/?s={search_term_string}"},"query-input":{"@type":"PropertyValueSpecification","valueRequired":true,"valueName":"search_term_string"}}],"inLanguage":"en-US"},{"@type":"Organization","@id":"https:\/\/repliquemangacine.fr\/#organization","name":"R\u00e9plique Manga Cin\u00e9","url":"https:\/\/repliquemangacine.fr\/","logo":{"@type":"ImageObject","inLanguage":"en-US","@id":"https:\/\/repliquemangacine.fr\/#\/schema\/logo\/image\/","url":"https:\/\/repliquemangacine.fr\/wp-content\/uploads\/2023\/10\/RMC-500250.png","contentUrl":"https:\/\/repliquemangacine.fr\/wp-content\/uploads\/2023\/10\/RMC-500250.png","width":500,"height":250,"caption":"R\u00e9plique Manga Cin\u00e9"},"image":{"@id":"https:\/\/repliquemangacine.fr\/#\/schema\/logo\/image\/"},"sameAs":["https:\/\/www.facebook.com\/RepliqueMangaCine","https:\/\/www.instagram.com\/repliquemangacine.fr\/"]}]}},"_links":{"self":[{"href":"https:\/\/repliquemangacine.fr\/en\/wp-json\/wp\/v2\/product\/70724","targetHints":{"allow":["GET"]}}],"collection":[{"href":"https:\/\/repliquemangacine.fr\/en\/wp-json\/wp\/v2\/product"}],"about":[{"href":"https:\/\/repliquemangacine.fr\/en\/wp-json\/wp\/v2\/types\/product"}],"wp:featuredmedia":[{"embeddable":true,"href":"https:\/\/repliquemangacine.fr\/en\/wp-json\/wp\/v2\/media\/70725"}],"wp:attachment":[{"href":"https:\/\/repliquemangacine.fr\/en\/wp-json\/wp\/v2\/media?parent=70724"}],"wp:term":[{"taxonomy":"product_brand","embeddable":true,"href":"https:\/\/repliquemangacine.fr\/en\/wp-json\/wp\/v2\/product_brand?post=70724"},{"taxonomy":"product_cat","embeddable":true,"href":"https:\/\/repliquemangacine.fr\/en\/wp-json\/wp\/v2\/product_cat?post=70724"},{"taxonomy":"product_tag","embeddable":true,"href":"https:\/\/repliquemangacine.fr\/en\/wp-json\/wp\/v2\/product_tag?post=70724"}],"curies":[{"name":"wp","href":"https:\/\/api.w.org\/{rel}","templated":true}]}}