





{"id":70104,"date":"2024-03-06T19:12:38","date_gmt":"2024-03-06T18:12:38","guid":{"rendered":"https:\/\/repliquemangacine.fr\/?post_type=product&#038;p=70104"},"modified":"2026-04-24T00:14:43","modified_gmt":"2026-04-23T22:14:43","slug":"epee-dark-sister-house-of-the-dragon","status":"publish","type":"product","link":"https:\/\/repliquemangacine.fr\/en\/house-of-the-dragon\/epee-dark-sister-house-of-the-dragon\/","title":{"rendered":"Sword Dark Sister - House of the Dragon"},"content":{"rendered":"<h2>Dark Sister sword: Power Blade<\/h2>\n<p>Firstly, the<strong>Dark Sister sword<\/strong> (Black Sister), an emblematic weapon steeped in history and power. In the House of the Dragon universe, this legendary blade, forged from Valyrian steel, is more than just a weapon. It's a symbol of the Targaryen heritage, a witness to the battles and intrigues that make up the fabric of this epic saga.<\/p>\n<p><a href=\"https:\/\/gameofthrones.fandom.com\/wiki\/Dark_Sister\" target=\"_blank\" rel=\"noopener noreferrer\">Dark sister<\/a>originally worn by Visenya Targaryen, one of the sister-wives of Aegon the Conqueror. A great warrior, she used it in battle and to ride her dragon, Vhagar. A sword of incomparable sharpness and dark beauty. Witness to the early days of Targaryen domination of the continent. Over the centuries, passed down through the generations, choosing bearers worthy of its heritage and power.<\/p>\n<p>This is why, during the reign of Viserys I, some sixty years after Visenya's death. Dark sister is given to Daemon Targaryen, younger brother of King Viserys I Targaryen.<\/p>\n<h2>Dark Sister sword: Features and symbols<\/h2>\n<p>Forged from the mysterious Valyrian steel, S\u0153ur Noire is renowned for its sharpness. Capable of splitting the toughest armor, she is exceptionally resilient. Her appearance is as striking as her abilities. With raised patterns that seem to dance on the blade under the light. Like all Valyrian steel swords, it is light, almost an extension of the wielder's hand. Offering unrivalled precision and speed.<\/p>\n<p>Dark sister is more than a weapon, she's a symbol of the Targaryen's historical and cultural depth. To choose to wear Dark Sister is to embody the fighting spirit and resilience of House Targaryen. In House of the Dragon, this sword recalls the internal struggles and power struggles that define the Targaryen dynasty. Highlighting the themes of legitimacy, power and destiny that run through the series.<\/p>\n<h2>Swords in House of the Dragon<\/h2>\n<p>In House of the Dragon, Dark Sister is more than just a prop. She's clearly a character in her own right, with her own history, character and impact on the course of events. Her presence on screen is a constant reminder of the Targaryen legacy and power. And a symbol of the indissoluble ties that bind the members of this tumultuous family, for better or for worse.<\/p>\n<p>But it's not the only sword: there's also the<a href=\"https:\/\/repliquemangacine.fr\/en\/new-products\/feunoyr-viserys-targaryen-sword\/\">Feunoyr sword<\/a> of Viserys Targaryen. A legendary Valyrian steel longsword wielded by Aegon the Conqueror.  There's also Aegon's sword, but according to the novel version. We also find the <a href=\"https:\/\/repliquemangacine.fr\/en\/house-of-the-dragon\/replica-catspaw-dagger-game-of-thrones\/\">Catspaw dagger<\/a>in the hands of King Viserys. He explains to Rhaenyra that the dagger belonged to Aegon the Conqueror. And before that to Aenar Targaryen.<\/p>\n<p>In conclusion Dark Sister is an artifact of great importance in House of the Dragon. Making her an essential part of your collection.<\/p>","protected":false},"excerpt":{"rendered":"<p>Superb replica of Daemon Targaryen's sword in House of the Dragon<\/p>\n<ul>\n<li>Valyrian-style hammered steel blade<\/li>\n<li>Steel guard in the shape of dragon wings<\/li>\n<li>Specially shaped steel knob<\/li>\n<li>Supplied with wooden wall bracket with Targaryen logo<\/li>\n<li>Blade length: 80 cm - Total length: 107 cm<\/li>\n<li>Weight: 1 kg<\/li>\n<\/ul>","protected":false},"featured_media":70137,"template":"","meta":[],"product_brand":[],"product_cat":[72,105],"product_tag":[],"class_list":{"0":"post-70104","1":"product","2":"type-product","3":"status-publish","4":"has-post-thumbnail","6":"product_cat-epees-game-of-thrones","7":"product_cat-house-of-the-dragon","9":"first","10":"instock","11":"taxable","12":"shipping-taxable","13":"purchasable","14":"product-type-simple"},"yoast_head":"<!-- This site is optimized with the Yoast SEO plugin v27.5 - https:\/\/yoast.com\/product\/yoast-seo-wordpress\/ -->\n<title>Ep\u00e9e Dark Sister - House of the Dragon | RMC<\/title>\n<meta name=\"description\" content=\"Venez d\u00e9couvrir cette superbe Ep\u00e9e Dark Sister dans House of the Dragon. Lame en acier style Valyrien. Support bois avec logo. Longueur : 107 cm\" \/>\n<meta name=\"robots\" content=\"index, follow, max-snippet:-1, max-image-preview:large, max-video-preview:-1\" \/>\n<link rel=\"canonical\" href=\"https:\/\/repliquemangacine.fr\/en\/house-of-the-dragon\/epee-dark-sister-house-of-the-dragon\/\" \/>\n<meta property=\"og:locale\" content=\"en_US\" \/>\n<meta property=\"og:type\" content=\"article\" \/>\n<meta property=\"og:title\" content=\"Ep\u00e9e Dark Sister - House of the Dragon | RMC\" \/>\n<meta property=\"og:description\" content=\"Venez d\u00e9couvrir cette superbe Ep\u00e9e Dark Sister dans House of the Dragon. Lame en acier style Valyrien. Support bois avec logo. Longueur : 107 cm\" \/>\n<meta property=\"og:url\" content=\"https:\/\/repliquemangacine.fr\/en\/house-of-the-dragon\/epee-dark-sister-house-of-the-dragon\/\" \/>\n<meta property=\"og:site_name\" content=\"R\u00e9plique Manga Cin\u00e9\" \/>\n<meta property=\"article:publisher\" content=\"https:\/\/www.facebook.com\/RepliqueMangaCine\" \/>\n<meta property=\"article:modified_time\" content=\"2026-04-23T22:14:43+00:00\" \/>\n<meta property=\"og:image\" content=\"https:\/\/repliquemangacine.fr\/wp-content\/uploads\/2024\/03\/Epee-Dark-Sister-1.jpg\" \/>\n\t<meta property=\"og:image:width\" content=\"500\" \/>\n\t<meta property=\"og:image:height\" content=\"500\" \/>\n\t<meta property=\"og:image:type\" content=\"image\/jpeg\" \/>\n<meta name=\"twitter:card\" content=\"summary_large_image\" \/>\n<meta name=\"twitter:label1\" content=\"Est. reading time\" \/>\n\t<meta name=\"twitter:data1\" content=\"3 minutes\" \/>\n<script type=\"application\/ld+json\" class=\"yoast-schema-graph\">{\"@context\":\"https:\\\/\\\/schema.org\",\"@graph\":[{\"@type\":\"WebPage\",\"@id\":\"https:\\\/\\\/repliquemangacine.fr\\\/house-of-the-dragon\\\/epee-dark-sister-house-of-the-dragon\\\/\",\"url\":\"https:\\\/\\\/repliquemangacine.fr\\\/house-of-the-dragon\\\/epee-dark-sister-house-of-the-dragon\\\/\",\"name\":\"Ep\u00e9e Dark Sister - House of the Dragon | RMC\",\"isPartOf\":{\"@id\":\"https:\\\/\\\/repliquemangacine.fr\\\/#website\"},\"primaryImageOfPage\":{\"@id\":\"https:\\\/\\\/repliquemangacine.fr\\\/house-of-the-dragon\\\/epee-dark-sister-house-of-the-dragon\\\/#primaryimage\"},\"image\":{\"@id\":\"https:\\\/\\\/repliquemangacine.fr\\\/house-of-the-dragon\\\/epee-dark-sister-house-of-the-dragon\\\/#primaryimage\"},\"thumbnailUrl\":\"https:\\\/\\\/repliquemangacine.fr\\\/wp-content\\\/uploads\\\/2024\\\/03\\\/Epee-Dark-Sister-1.jpg\",\"datePublished\":\"2024-03-06T18:12:38+00:00\",\"dateModified\":\"2026-04-23T22:14:43+00:00\",\"description\":\"Venez d\u00e9couvrir cette superbe Ep\u00e9e Dark Sister dans House of the Dragon. Lame en acier style Valyrien. Support bois avec logo. Longueur : 107 cm\",\"breadcrumb\":{\"@id\":\"https:\\\/\\\/repliquemangacine.fr\\\/house-of-the-dragon\\\/epee-dark-sister-house-of-the-dragon\\\/#breadcrumb\"},\"inLanguage\":\"en-US\",\"potentialAction\":[{\"@type\":\"ReadAction\",\"target\":[\"https:\\\/\\\/repliquemangacine.fr\\\/house-of-the-dragon\\\/epee-dark-sister-house-of-the-dragon\\\/\"]}]},{\"@type\":\"ImageObject\",\"inLanguage\":\"en-US\",\"@id\":\"https:\\\/\\\/repliquemangacine.fr\\\/house-of-the-dragon\\\/epee-dark-sister-house-of-the-dragon\\\/#primaryimage\",\"url\":\"https:\\\/\\\/repliquemangacine.fr\\\/wp-content\\\/uploads\\\/2024\\\/03\\\/Epee-Dark-Sister-1.jpg\",\"contentUrl\":\"https:\\\/\\\/repliquemangacine.fr\\\/wp-content\\\/uploads\\\/2024\\\/03\\\/Epee-Dark-Sister-1.jpg\",\"width\":500,\"height\":500,\"caption\":\"Ep\u00e9e Dark Sister House of the dragon\"},{\"@type\":\"BreadcrumbList\",\"@id\":\"https:\\\/\\\/repliquemangacine.fr\\\/house-of-the-dragon\\\/epee-dark-sister-house-of-the-dragon\\\/#breadcrumb\",\"itemListElement\":[{\"@type\":\"ListItem\",\"position\":1,\"name\":\"Accueil\",\"item\":\"https:\\\/\\\/repliquemangacine.fr\\\/\"},{\"@type\":\"ListItem\",\"position\":2,\"name\":\"Produits\",\"item\":\"https:\\\/\\\/repliquemangacine.fr\\\/boutique\\\/\"},{\"@type\":\"ListItem\",\"position\":3,\"name\":\"Ep\u00e9e Dark Sister &#8211; House of the Dragon\"}]},{\"@type\":\"WebSite\",\"@id\":\"https:\\\/\\\/repliquemangacine.fr\\\/#website\",\"url\":\"https:\\\/\\\/repliquemangacine.fr\\\/\",\"name\":\"R\u00e9plique Manga Cin\u00e9\",\"description\":\"\",\"publisher\":{\"@id\":\"https:\\\/\\\/repliquemangacine.fr\\\/#organization\"},\"potentialAction\":[{\"@type\":\"SearchAction\",\"target\":{\"@type\":\"EntryPoint\",\"urlTemplate\":\"https:\\\/\\\/repliquemangacine.fr\\\/?s={search_term_string}\"},\"query-input\":{\"@type\":\"PropertyValueSpecification\",\"valueRequired\":true,\"valueName\":\"search_term_string\"}}],\"inLanguage\":\"en-US\"},{\"@type\":\"Organization\",\"@id\":\"https:\\\/\\\/repliquemangacine.fr\\\/#organization\",\"name\":\"R\u00e9plique Manga Cin\u00e9\",\"url\":\"https:\\\/\\\/repliquemangacine.fr\\\/\",\"logo\":{\"@type\":\"ImageObject\",\"inLanguage\":\"en-US\",\"@id\":\"https:\\\/\\\/repliquemangacine.fr\\\/#\\\/schema\\\/logo\\\/image\\\/\",\"url\":\"https:\\\/\\\/repliquemangacine.fr\\\/wp-content\\\/uploads\\\/2023\\\/10\\\/RMC-500250.png\",\"contentUrl\":\"https:\\\/\\\/repliquemangacine.fr\\\/wp-content\\\/uploads\\\/2023\\\/10\\\/RMC-500250.png\",\"width\":500,\"height\":250,\"caption\":\"R\u00e9plique Manga Cin\u00e9\"},\"image\":{\"@id\":\"https:\\\/\\\/repliquemangacine.fr\\\/#\\\/schema\\\/logo\\\/image\\\/\"},\"sameAs\":[\"https:\\\/\\\/www.facebook.com\\\/RepliqueMangaCine\",\"https:\\\/\\\/www.instagram.com\\\/repliquemangacine.fr\\\/\"]}]}<\/script>\n<!-- \/ Yoast SEO plugin. -->","yoast_head_json":{"title":"Sword Dark Sister - House of the Dragon | RMC","description":"Discover this superb Dark Sister sword in House of the Dragon. Valyrian-style steel blade. Wooden stand with logo. Length: 107 cm","robots":{"index":"index","follow":"follow","max-snippet":"max-snippet:-1","max-image-preview":"max-image-preview:large","max-video-preview":"max-video-preview:-1"},"canonical":"https:\/\/repliquemangacine.fr\/en\/house-of-the-dragon\/epee-dark-sister-house-of-the-dragon\/","og_locale":"en_US","og_type":"article","og_title":"Ep\u00e9e Dark Sister - House of the Dragon | RMC","og_description":"Venez d\u00e9couvrir cette superbe Ep\u00e9e Dark Sister dans House of the Dragon. Lame en acier style Valyrien. Support bois avec logo. Longueur : 107 cm","og_url":"https:\/\/repliquemangacine.fr\/en\/house-of-the-dragon\/epee-dark-sister-house-of-the-dragon\/","og_site_name":"R\u00e9plique Manga Cin\u00e9","article_publisher":"https:\/\/www.facebook.com\/RepliqueMangaCine","article_modified_time":"2026-04-23T22:14:43+00:00","og_image":[{"width":500,"height":500,"url":"https:\/\/repliquemangacine.fr\/wp-content\/uploads\/2024\/03\/Epee-Dark-Sister-1.jpg","type":"image\/jpeg"}],"twitter_card":"summary_large_image","twitter_misc":{"Est. reading time":"3 minutes"},"schema":{"@context":"https:\/\/schema.org","@graph":[{"@type":"WebPage","@id":"https:\/\/repliquemangacine.fr\/house-of-the-dragon\/epee-dark-sister-house-of-the-dragon\/","url":"https:\/\/repliquemangacine.fr\/house-of-the-dragon\/epee-dark-sister-house-of-the-dragon\/","name":"Sword Dark Sister - House of the Dragon | RMC","isPartOf":{"@id":"https:\/\/repliquemangacine.fr\/#website"},"primaryImageOfPage":{"@id":"https:\/\/repliquemangacine.fr\/house-of-the-dragon\/epee-dark-sister-house-of-the-dragon\/#primaryimage"},"image":{"@id":"https:\/\/repliquemangacine.fr\/house-of-the-dragon\/epee-dark-sister-house-of-the-dragon\/#primaryimage"},"thumbnailUrl":"https:\/\/repliquemangacine.fr\/wp-content\/uploads\/2024\/03\/Epee-Dark-Sister-1.jpg","datePublished":"2024-03-06T18:12:38+00:00","dateModified":"2026-04-23T22:14:43+00:00","description":"Discover this superb Dark Sister sword in House of the Dragon. Valyrian-style steel blade. Wooden stand with logo. Length: 107 cm","breadcrumb":{"@id":"https:\/\/repliquemangacine.fr\/house-of-the-dragon\/epee-dark-sister-house-of-the-dragon\/#breadcrumb"},"inLanguage":"en-US","potentialAction":[{"@type":"ReadAction","target":["https:\/\/repliquemangacine.fr\/house-of-the-dragon\/epee-dark-sister-house-of-the-dragon\/"]}]},{"@type":"ImageObject","inLanguage":"en-US","@id":"https:\/\/repliquemangacine.fr\/house-of-the-dragon\/epee-dark-sister-house-of-the-dragon\/#primaryimage","url":"https:\/\/repliquemangacine.fr\/wp-content\/uploads\/2024\/03\/Epee-Dark-Sister-1.jpg","contentUrl":"https:\/\/repliquemangacine.fr\/wp-content\/uploads\/2024\/03\/Epee-Dark-Sister-1.jpg","width":500,"height":500,"caption":"Ep\u00e9e Dark Sister House of the dragon"},{"@type":"BreadcrumbList","@id":"https:\/\/repliquemangacine.fr\/house-of-the-dragon\/epee-dark-sister-house-of-the-dragon\/#breadcrumb","itemListElement":[{"@type":"ListItem","position":1,"name":"Accueil","item":"https:\/\/repliquemangacine.fr\/"},{"@type":"ListItem","position":2,"name":"Produits","item":"https:\/\/repliquemangacine.fr\/boutique\/"},{"@type":"ListItem","position":3,"name":"Ep\u00e9e Dark Sister &#8211; House of the Dragon"}]},{"@type":"WebSite","@id":"https:\/\/repliquemangacine.fr\/#website","url":"https:\/\/repliquemangacine.fr\/","name":"R\u00e9plique Manga Cin\u00e9","description":"","publisher":{"@id":"https:\/\/repliquemangacine.fr\/#organization"},"potentialAction":[{"@type":"SearchAction","target":{"@type":"EntryPoint","urlTemplate":"https:\/\/repliquemangacine.fr\/?s={search_term_string}"},"query-input":{"@type":"PropertyValueSpecification","valueRequired":true,"valueName":"search_term_string"}}],"inLanguage":"en-US"},{"@type":"Organization","@id":"https:\/\/repliquemangacine.fr\/#organization","name":"R\u00e9plique Manga Cin\u00e9","url":"https:\/\/repliquemangacine.fr\/","logo":{"@type":"ImageObject","inLanguage":"en-US","@id":"https:\/\/repliquemangacine.fr\/#\/schema\/logo\/image\/","url":"https:\/\/repliquemangacine.fr\/wp-content\/uploads\/2023\/10\/RMC-500250.png","contentUrl":"https:\/\/repliquemangacine.fr\/wp-content\/uploads\/2023\/10\/RMC-500250.png","width":500,"height":250,"caption":"R\u00e9plique Manga Cin\u00e9"},"image":{"@id":"https:\/\/repliquemangacine.fr\/#\/schema\/logo\/image\/"},"sameAs":["https:\/\/www.facebook.com\/RepliqueMangaCine","https:\/\/www.instagram.com\/repliquemangacine.fr\/"]}]}},"_links":{"self":[{"href":"https:\/\/repliquemangacine.fr\/en\/wp-json\/wp\/v2\/product\/70104","targetHints":{"allow":["GET"]}}],"collection":[{"href":"https:\/\/repliquemangacine.fr\/en\/wp-json\/wp\/v2\/product"}],"about":[{"href":"https:\/\/repliquemangacine.fr\/en\/wp-json\/wp\/v2\/types\/product"}],"wp:featuredmedia":[{"embeddable":true,"href":"https:\/\/repliquemangacine.fr\/en\/wp-json\/wp\/v2\/media\/70137"}],"wp:attachment":[{"href":"https:\/\/repliquemangacine.fr\/en\/wp-json\/wp\/v2\/media?parent=70104"}],"wp:term":[{"taxonomy":"product_brand","embeddable":true,"href":"https:\/\/repliquemangacine.fr\/en\/wp-json\/wp\/v2\/product_brand?post=70104"},{"taxonomy":"product_cat","embeddable":true,"href":"https:\/\/repliquemangacine.fr\/en\/wp-json\/wp\/v2\/product_cat?post=70104"},{"taxonomy":"product_tag","embeddable":true,"href":"https:\/\/repliquemangacine.fr\/en\/wp-json\/wp\/v2\/product_tag?post=70104"}],"curies":[{"name":"wp","href":"https:\/\/api.w.org\/{rel}","templated":true}]}}