





{"id":70099,"date":"2024-03-06T17:18:27","date_gmt":"2024-03-06T16:18:27","guid":{"rendered":"https:\/\/repliquemangacine.fr\/?post_type=product&#038;p=70099"},"modified":"2026-04-15T16:25:03","modified_gmt":"2026-04-15T14:25:03","slug":"support-the-witcher","status":"publish","type":"product","link":"https:\/\/repliquemangacine.fr\/en\/epee-the-witcher\/support-the-witcher\/","title":{"rendered":"Support The Witcher"},"content":{"rendered":"<h2>Support The Witcher - A Tribute to the World of the Witcher<\/h2>\n<p>To start with, we present an indispensable accessory for your swords, \"The Witcher Stand\". Designed with meticulous attention to detail and quality, a tangible tribute to the world of The Witcher. Designed to enhance your collection and showcase your passion for this iconic saga.<\/p>\n<p>Made from the finest wood, each stand boasts unrivalled sturdiness and elegance. Guaranteeing a presentation worthy of the<a href=\"https:\/\/witcher-archive.fandom.com\/fr\/wiki\/Sorceleur\" target=\"_blank\" rel=\"noopener noreferrer\">Bewitched<\/a>. At the top is a wolf's head screen-printed with remarkable finesse. This is the emblematic logo of The Witcher, a powerful symbol of strength, wisdom and protection. This aesthetic detail, rich in meaning, makes this stand a unique collector's item and a captivating talking point for all fans. Beyond its practical function, this sword holder brings a touch of authenticity and magic to your home.<\/p>\n<h2>Support the Witcher at the best price<\/h2>\n<p>Designed to hold all the swords from The Witcher universe, this stand is exceptionally versatile. Whether you're a seasoned collector or a newcomer to the world of weapon collecting. It's perfect for showcasing your passion for the series in style and elegance. Its universal design ensures that every sword, whether combat or ceremonial, finds its place, elevated and showcased as it deserves. In fact, you'll be able to display swords such as :<\/p>\n<p>- L'<a href=\"https:\/\/repliquemangacine.fr\/en\/epee-the-witcher\/twin-wolf-sword-geralt-de-riv-the-witcher-3-with-medallion-gift-set\/\">Twin Wolf Bewitched Sword<\/a> with its two heads on the pommel.<\/p>\n<p>- There is also the<a href=\"https:\/\/repliquemangacine.fr\/en\/epee-the-witcher\/epee-zireael-de-ciri-the-witcher-3-lame-decoupee\/\">Ciri's sword<\/a> with its blade open in the middle.<\/p>\n<p>- As well as the famous <a href=\"https:\/\/repliquemangacine.fr\/en\/epee-the-witcher\/epee-argent-geralt-de-riv-the-witcher\/\">silver sword<\/a> by Gerald de Riv all dressed in white, a marvel! And many more in our online store.<\/p>\n<p>It's worth noting that we're giving away a Wolf medallion with every purchase of a The Witcher sword.<\/p>\n<h2>A small investment for a big passion<\/h2>\n<p>Adopting this The Witcher sword stand means choosing a collector's item that transcends time. A bridge between the world of epic tales and our own reality. It's an invitation to celebrate your admiration for the saga. What's more, it's a way of keeping the spirit of The Witcher alive and present in your daily life.<\/p>\n<p>Don't wait any longer to give your swords the place of honor they deserve. Make your space a sanctuary dedicated to the glory and adventure of The Witcher, with this exceptional sword stand, a testament to your unwavering passion for the world of the Enchanter.<\/p>\n<p>It's the perfect gift for fans and collectors alike. And for anyone looking to add a touch of mystery to their home decor.<\/p>\n<p>In conclusion, dive into the adventure, your The Witcher sword support is waiting for you.<\/p>","protected":false},"excerpt":{"rendered":"<p>Magnificent The Witcher stand for displaying your Bewitched swords<\/p>\n<ul>\n<li>Made entirely of wood<\/li>\n<li>The Witcher wolf head silkscreen print<\/li>\n<li>Supplied with all screws and bolts<\/li>\n<li>Height: 37 cm - Width: 24.5 cm - Thickness: 1.2 cm<\/li>\n<\/ul>","protected":false},"featured_media":70101,"template":"","meta":[],"product_brand":[],"product_cat":[50,58],"product_tag":[],"class_list":{"0":"post-70099","1":"product","2":"type-product","3":"status-publish","4":"has-post-thumbnail","6":"product_cat-accessoires-katana","7":"product_cat-epee-the-witcher","9":"first","10":"instock","11":"taxable","12":"shipping-taxable","13":"purchasable","14":"product-type-simple"},"yoast_head":"<!-- This site is optimized with the Yoast SEO plugin v27.5 - https:\/\/yoast.com\/product\/yoast-seo-wordpress\/ -->\n<title>Support The Witcher | R\u00e9plique Manga Cin\u00e9<\/title>\n<meta name=\"description\" content=\"D\u00e9couvrez ce superbe Support The Witcher avec sa t\u00eate de loup s\u00e9rigraphi\u00e9. Tout en bois, visseries fournis. Id\u00e9al pour exposer vos \u00e9p\u00e9es de Gerald de Riv.\" \/>\n<meta name=\"robots\" content=\"index, follow, max-snippet:-1, max-image-preview:large, max-video-preview:-1\" \/>\n<link rel=\"canonical\" href=\"https:\/\/repliquemangacine.fr\/en\/epee-the-witcher\/support-the-witcher\/\" \/>\n<meta property=\"og:locale\" content=\"en_US\" \/>\n<meta property=\"og:type\" content=\"article\" \/>\n<meta property=\"og:title\" content=\"Support The Witcher | R\u00e9plique Manga Cin\u00e9\" \/>\n<meta property=\"og:description\" content=\"D\u00e9couvrez ce superbe Support The Witcher avec sa t\u00eate de loup s\u00e9rigraphi\u00e9. Tout en bois, visseries fournis. Id\u00e9al pour exposer vos \u00e9p\u00e9es de Gerald de Riv.\" \/>\n<meta property=\"og:url\" content=\"https:\/\/repliquemangacine.fr\/en\/epee-the-witcher\/support-the-witcher\/\" \/>\n<meta property=\"og:site_name\" content=\"R\u00e9plique Manga Cin\u00e9\" \/>\n<meta property=\"article:publisher\" content=\"https:\/\/www.facebook.com\/RepliqueMangaCine\" \/>\n<meta property=\"article:modified_time\" content=\"2026-04-15T14:25:03+00:00\" \/>\n<meta property=\"og:image\" content=\"https:\/\/repliquemangacine.fr\/wp-content\/uploads\/2024\/03\/support-the-witcher.jpg\" \/>\n\t<meta property=\"og:image:width\" content=\"500\" \/>\n\t<meta property=\"og:image:height\" content=\"500\" \/>\n\t<meta property=\"og:image:type\" content=\"image\/jpeg\" \/>\n<meta name=\"twitter:card\" content=\"summary_large_image\" \/>\n<meta name=\"twitter:label1\" content=\"Est. reading time\" \/>\n\t<meta name=\"twitter:data1\" content=\"3 minutes\" \/>\n<script type=\"application\/ld+json\" class=\"yoast-schema-graph\">{\"@context\":\"https:\\\/\\\/schema.org\",\"@graph\":[{\"@type\":\"WebPage\",\"@id\":\"https:\\\/\\\/repliquemangacine.fr\\\/epee-the-witcher\\\/support-the-witcher\\\/\",\"url\":\"https:\\\/\\\/repliquemangacine.fr\\\/epee-the-witcher\\\/support-the-witcher\\\/\",\"name\":\"Support The Witcher | R\u00e9plique Manga Cin\u00e9\",\"isPartOf\":{\"@id\":\"https:\\\/\\\/repliquemangacine.fr\\\/#website\"},\"primaryImageOfPage\":{\"@id\":\"https:\\\/\\\/repliquemangacine.fr\\\/epee-the-witcher\\\/support-the-witcher\\\/#primaryimage\"},\"image\":{\"@id\":\"https:\\\/\\\/repliquemangacine.fr\\\/epee-the-witcher\\\/support-the-witcher\\\/#primaryimage\"},\"thumbnailUrl\":\"https:\\\/\\\/repliquemangacine.fr\\\/wp-content\\\/uploads\\\/2024\\\/03\\\/support-the-witcher.jpg\",\"datePublished\":\"2024-03-06T16:18:27+00:00\",\"dateModified\":\"2026-04-15T14:25:03+00:00\",\"description\":\"D\u00e9couvrez ce superbe Support The Witcher avec sa t\u00eate de loup s\u00e9rigraphi\u00e9. Tout en bois, visseries fournis. Id\u00e9al pour exposer vos \u00e9p\u00e9es de Gerald de Riv.\",\"breadcrumb\":{\"@id\":\"https:\\\/\\\/repliquemangacine.fr\\\/epee-the-witcher\\\/support-the-witcher\\\/#breadcrumb\"},\"inLanguage\":\"en-US\",\"potentialAction\":[{\"@type\":\"ReadAction\",\"target\":[\"https:\\\/\\\/repliquemangacine.fr\\\/epee-the-witcher\\\/support-the-witcher\\\/\"]}]},{\"@type\":\"ImageObject\",\"inLanguage\":\"en-US\",\"@id\":\"https:\\\/\\\/repliquemangacine.fr\\\/epee-the-witcher\\\/support-the-witcher\\\/#primaryimage\",\"url\":\"https:\\\/\\\/repliquemangacine.fr\\\/wp-content\\\/uploads\\\/2024\\\/03\\\/support-the-witcher.jpg\",\"contentUrl\":\"https:\\\/\\\/repliquemangacine.fr\\\/wp-content\\\/uploads\\\/2024\\\/03\\\/support-the-witcher.jpg\",\"width\":500,\"height\":500,\"caption\":\"Support The Witcher en bois\"},{\"@type\":\"BreadcrumbList\",\"@id\":\"https:\\\/\\\/repliquemangacine.fr\\\/epee-the-witcher\\\/support-the-witcher\\\/#breadcrumb\",\"itemListElement\":[{\"@type\":\"ListItem\",\"position\":1,\"name\":\"Accueil\",\"item\":\"https:\\\/\\\/repliquemangacine.fr\\\/\"},{\"@type\":\"ListItem\",\"position\":2,\"name\":\"Produits\",\"item\":\"https:\\\/\\\/repliquemangacine.fr\\\/boutique\\\/\"},{\"@type\":\"ListItem\",\"position\":3,\"name\":\"Support The Witcher\"}]},{\"@type\":\"WebSite\",\"@id\":\"https:\\\/\\\/repliquemangacine.fr\\\/#website\",\"url\":\"https:\\\/\\\/repliquemangacine.fr\\\/\",\"name\":\"R\u00e9plique Manga Cin\u00e9\",\"description\":\"\",\"publisher\":{\"@id\":\"https:\\\/\\\/repliquemangacine.fr\\\/#organization\"},\"potentialAction\":[{\"@type\":\"SearchAction\",\"target\":{\"@type\":\"EntryPoint\",\"urlTemplate\":\"https:\\\/\\\/repliquemangacine.fr\\\/?s={search_term_string}\"},\"query-input\":{\"@type\":\"PropertyValueSpecification\",\"valueRequired\":true,\"valueName\":\"search_term_string\"}}],\"inLanguage\":\"en-US\"},{\"@type\":\"Organization\",\"@id\":\"https:\\\/\\\/repliquemangacine.fr\\\/#organization\",\"name\":\"R\u00e9plique Manga Cin\u00e9\",\"url\":\"https:\\\/\\\/repliquemangacine.fr\\\/\",\"logo\":{\"@type\":\"ImageObject\",\"inLanguage\":\"en-US\",\"@id\":\"https:\\\/\\\/repliquemangacine.fr\\\/#\\\/schema\\\/logo\\\/image\\\/\",\"url\":\"https:\\\/\\\/repliquemangacine.fr\\\/wp-content\\\/uploads\\\/2023\\\/10\\\/RMC-500250.png\",\"contentUrl\":\"https:\\\/\\\/repliquemangacine.fr\\\/wp-content\\\/uploads\\\/2023\\\/10\\\/RMC-500250.png\",\"width\":500,\"height\":250,\"caption\":\"R\u00e9plique Manga Cin\u00e9\"},\"image\":{\"@id\":\"https:\\\/\\\/repliquemangacine.fr\\\/#\\\/schema\\\/logo\\\/image\\\/\"},\"sameAs\":[\"https:\\\/\\\/www.facebook.com\\\/RepliqueMangaCine\",\"https:\\\/\\\/www.instagram.com\\\/repliquemangacine.fr\\\/\"]}]}<\/script>\n<!-- \/ Yoast SEO plugin. -->","yoast_head_json":{"title":"Support The Witcher | R\u00e9plique Manga Cin\u00e9","description":"Discover this superb The Witcher stand with screen-printed wolf head. All wood, screws supplied. Ideal for displaying your Gerald de Riv swords.","robots":{"index":"index","follow":"follow","max-snippet":"max-snippet:-1","max-image-preview":"max-image-preview:large","max-video-preview":"max-video-preview:-1"},"canonical":"https:\/\/repliquemangacine.fr\/en\/epee-the-witcher\/support-the-witcher\/","og_locale":"en_US","og_type":"article","og_title":"Support The Witcher | R\u00e9plique Manga Cin\u00e9","og_description":"D\u00e9couvrez ce superbe Support The Witcher avec sa t\u00eate de loup s\u00e9rigraphi\u00e9. Tout en bois, visseries fournis. Id\u00e9al pour exposer vos \u00e9p\u00e9es de Gerald de Riv.","og_url":"https:\/\/repliquemangacine.fr\/en\/epee-the-witcher\/support-the-witcher\/","og_site_name":"R\u00e9plique Manga Cin\u00e9","article_publisher":"https:\/\/www.facebook.com\/RepliqueMangaCine","article_modified_time":"2026-04-15T14:25:03+00:00","og_image":[{"width":500,"height":500,"url":"https:\/\/repliquemangacine.fr\/wp-content\/uploads\/2024\/03\/support-the-witcher.jpg","type":"image\/jpeg"}],"twitter_card":"summary_large_image","twitter_misc":{"Est. reading time":"3 minutes"},"schema":{"@context":"https:\/\/schema.org","@graph":[{"@type":"WebPage","@id":"https:\/\/repliquemangacine.fr\/epee-the-witcher\/support-the-witcher\/","url":"https:\/\/repliquemangacine.fr\/epee-the-witcher\/support-the-witcher\/","name":"Support The Witcher | R\u00e9plique Manga Cin\u00e9","isPartOf":{"@id":"https:\/\/repliquemangacine.fr\/#website"},"primaryImageOfPage":{"@id":"https:\/\/repliquemangacine.fr\/epee-the-witcher\/support-the-witcher\/#primaryimage"},"image":{"@id":"https:\/\/repliquemangacine.fr\/epee-the-witcher\/support-the-witcher\/#primaryimage"},"thumbnailUrl":"https:\/\/repliquemangacine.fr\/wp-content\/uploads\/2024\/03\/support-the-witcher.jpg","datePublished":"2024-03-06T16:18:27+00:00","dateModified":"2026-04-15T14:25:03+00:00","description":"Discover this superb The Witcher stand with screen-printed wolf head. All wood, screws supplied. Ideal for displaying your Gerald de Riv swords.","breadcrumb":{"@id":"https:\/\/repliquemangacine.fr\/epee-the-witcher\/support-the-witcher\/#breadcrumb"},"inLanguage":"en-US","potentialAction":[{"@type":"ReadAction","target":["https:\/\/repliquemangacine.fr\/epee-the-witcher\/support-the-witcher\/"]}]},{"@type":"ImageObject","inLanguage":"en-US","@id":"https:\/\/repliquemangacine.fr\/epee-the-witcher\/support-the-witcher\/#primaryimage","url":"https:\/\/repliquemangacine.fr\/wp-content\/uploads\/2024\/03\/support-the-witcher.jpg","contentUrl":"https:\/\/repliquemangacine.fr\/wp-content\/uploads\/2024\/03\/support-the-witcher.jpg","width":500,"height":500,"caption":"Support The Witcher en bois"},{"@type":"BreadcrumbList","@id":"https:\/\/repliquemangacine.fr\/epee-the-witcher\/support-the-witcher\/#breadcrumb","itemListElement":[{"@type":"ListItem","position":1,"name":"Accueil","item":"https:\/\/repliquemangacine.fr\/"},{"@type":"ListItem","position":2,"name":"Produits","item":"https:\/\/repliquemangacine.fr\/boutique\/"},{"@type":"ListItem","position":3,"name":"Support The Witcher"}]},{"@type":"WebSite","@id":"https:\/\/repliquemangacine.fr\/#website","url":"https:\/\/repliquemangacine.fr\/","name":"R\u00e9plique Manga Cin\u00e9","description":"","publisher":{"@id":"https:\/\/repliquemangacine.fr\/#organization"},"potentialAction":[{"@type":"SearchAction","target":{"@type":"EntryPoint","urlTemplate":"https:\/\/repliquemangacine.fr\/?s={search_term_string}"},"query-input":{"@type":"PropertyValueSpecification","valueRequired":true,"valueName":"search_term_string"}}],"inLanguage":"en-US"},{"@type":"Organization","@id":"https:\/\/repliquemangacine.fr\/#organization","name":"R\u00e9plique Manga Cin\u00e9","url":"https:\/\/repliquemangacine.fr\/","logo":{"@type":"ImageObject","inLanguage":"en-US","@id":"https:\/\/repliquemangacine.fr\/#\/schema\/logo\/image\/","url":"https:\/\/repliquemangacine.fr\/wp-content\/uploads\/2023\/10\/RMC-500250.png","contentUrl":"https:\/\/repliquemangacine.fr\/wp-content\/uploads\/2023\/10\/RMC-500250.png","width":500,"height":250,"caption":"R\u00e9plique Manga Cin\u00e9"},"image":{"@id":"https:\/\/repliquemangacine.fr\/#\/schema\/logo\/image\/"},"sameAs":["https:\/\/www.facebook.com\/RepliqueMangaCine","https:\/\/www.instagram.com\/repliquemangacine.fr\/"]}]}},"_links":{"self":[{"href":"https:\/\/repliquemangacine.fr\/en\/wp-json\/wp\/v2\/product\/70099","targetHints":{"allow":["GET"]}}],"collection":[{"href":"https:\/\/repliquemangacine.fr\/en\/wp-json\/wp\/v2\/product"}],"about":[{"href":"https:\/\/repliquemangacine.fr\/en\/wp-json\/wp\/v2\/types\/product"}],"wp:featuredmedia":[{"embeddable":true,"href":"https:\/\/repliquemangacine.fr\/en\/wp-json\/wp\/v2\/media\/70101"}],"wp:attachment":[{"href":"https:\/\/repliquemangacine.fr\/en\/wp-json\/wp\/v2\/media?parent=70099"}],"wp:term":[{"taxonomy":"product_brand","embeddable":true,"href":"https:\/\/repliquemangacine.fr\/en\/wp-json\/wp\/v2\/product_brand?post=70099"},{"taxonomy":"product_cat","embeddable":true,"href":"https:\/\/repliquemangacine.fr\/en\/wp-json\/wp\/v2\/product_cat?post=70099"},{"taxonomy":"product_tag","embeddable":true,"href":"https:\/\/repliquemangacine.fr\/en\/wp-json\/wp\/v2\/product_tag?post=70099"}],"curies":[{"name":"wp","href":"https:\/\/api.w.org\/{rel}","templated":true}]}}