





{"id":69996,"date":"2024-03-05T13:48:01","date_gmt":"2024-03-05T12:48:01","guid":{"rendered":"https:\/\/repliquemangacine.fr\/?post_type=product&#038;p=69996"},"modified":"2025-12-02T16:56:04","modified_gmt":"2025-12-02T15:56:04","slug":"king-one-piece-katana","status":"publish","type":"product","link":"https:\/\/repliquemangacine.fr\/en\/katana-en-metal-one-piece\/katana-de-king-one-piece\/","title":{"rendered":"King's Katana - One Piece"},"content":{"rendered":"<h2>The Aura of King's Katana: More than Just a Weapon<\/h2>\n<p>First and foremost, King's katana is shrouded in an aura of mystery and power. Reflecting the exceptional abilities of its bearer. It's not just the weapon's physical appearance that impresses. But also the aura that surrounds it, capable of intimidating opponents even before combat begins. The blade itself, forged from an unknown material, seems to possess a will of its own. Resonating with King's fighting spirit and iron resolve. This synergy between warrior and weapon creates an invincible duo on the battlefield. The katana acts as an extension of King's strength and will. His skill with the katana is testament to his place among One Piece's elite fighters. Making him a living legend whose history and weapon will continue to inspire awe and respect.<\/p>\n<h2>King's Katana: A Fierce Commander's Weapon<\/h2>\n<p>It should be noted that <a href=\"https:\/\/onepiece.fandom.com\/fr\/wiki\/Alber\" target=\"_blank\" rel=\"noopener noreferrer\">King<\/a> (Alber), a prominent member of Big Mom's crew of Pirates and one of the three sweet commanders. The embodiment of power and mystery in the One Piece universe. Known for his brute strength and unwavering loyalty to Big Mom. King is also distinguished by his weapon of choice: a katana that never leaves his side. This katana is more than just a blade.<\/p>\n<p>It's an extension of her will, a tool that enables her to slice through obstacles and enemies with frightening precision and efficiency. His mastery of the katana is such that it inspires both admiration and awe in allies and adversaries alike. Underlining his status not only as an elite fighter, but also as a master of arms. Finally, King is a Lunarian. When the flames on his back appear, he becomes virtually invulnerable to attack.<\/p>\n<h2>One Piece Legendary Katanas<\/h2>\n<p>To begin with, katanas in the One Piece universe are more than just weapons. They are symbols of power, honor and tradition, worn by the most valiant and respected warriors of the seven seas.<\/p>\n<p>R\u00e9plique Manga Cin\u00e9 offers you the most famous blades such as :<\/p>\n<ul>\n<li>Visit <a href=\"https:\/\/repliquemangacine.fr\/en\/one-piece-metal-katana\/katana-sword-wado-ichimonji-zoro-sword\/\">Wado Ichimonji<\/a> of Roronoa Zoro, the one he carries between his teeth<\/li>\n<li>There is also the <a href=\"https:\/\/repliquemangacine.fr\/en\/one-piece-metal-katana\/katana-sandai-kitetsu-sabre-de-zoro\/\">Sandai Kitetsu<\/a> and its cursed aura, to the legendary Shusui, Ryuma's black blade.<\/li>\n<li>And much more to discover in our online store.<\/li>\n<\/ul>\n<p>In conclusion, these katanas are not just fighting tools, but heirlooms, passed down from hand to hand through the generations. They symbolize the strength, commitment and determination of their bearers, reflecting the values and ideals of those who wield them. In One Piece, owning a katana is not just a matter of choosing a weapon. It's also a declaration of the warrior's identity and path.<\/p>","protected":false},"excerpt":{"rendered":"<p>Superb replica of King (Alber)'s katana in One Piece.<\/p>\n<ul>\n<li>Finely decorated steel blade<\/li>\n<li>Handle covered with orange cotton braid<\/li>\n<li>Specially shaped steel guard<\/li>\n<li>Orange lacquered wooden scabbard with ornaments<\/li>\n<li>Blade length: 68 cm - Total length: 105 cm<\/li>\n<\/ul>","protected":false},"featured_media":69997,"template":"","meta":[],"product_brand":[],"product_cat":[123],"product_tag":[],"class_list":{"0":"post-69996","1":"product","2":"type-product","3":"status-publish","4":"has-post-thumbnail","6":"product_cat-katana-en-metal-one-piece","8":"first","9":"instock","10":"taxable","11":"shipping-taxable","12":"purchasable","13":"product-type-simple"},"yoast_head":"<!-- This site is optimized with the Yoast SEO plugin v27.5 - https:\/\/yoast.com\/product\/yoast-seo-wordpress\/ -->\n<title>Katana de King - One Piece | R\u00e9plique Manga Cin\u00e9<\/title>\n<meta name=\"description\" content=\"D\u00e9couvrez cette superbe r\u00e9plique du Katana de King dans One Piece au meilleur prix. Lame en acier d\u00e9cor\u00e9. Fourreau en bois laqu\u00e9 orange. Longueur : 105 cm\" \/>\n<meta name=\"robots\" content=\"index, follow, max-snippet:-1, max-image-preview:large, max-video-preview:-1\" \/>\n<link rel=\"canonical\" href=\"https:\/\/repliquemangacine.fr\/en\/one-piece-metal-katana\/king-one-piece-katana\/\" \/>\n<meta property=\"og:locale\" content=\"en_US\" \/>\n<meta property=\"og:type\" content=\"article\" \/>\n<meta property=\"og:title\" content=\"Katana de King - One Piece | R\u00e9plique Manga Cin\u00e9\" \/>\n<meta property=\"og:description\" content=\"D\u00e9couvrez cette superbe r\u00e9plique du Katana de King dans One Piece au meilleur prix. Lame en acier d\u00e9cor\u00e9. Fourreau en bois laqu\u00e9 orange. Longueur : 105 cm\" \/>\n<meta property=\"og:url\" content=\"https:\/\/repliquemangacine.fr\/en\/one-piece-metal-katana\/king-one-piece-katana\/\" \/>\n<meta property=\"og:site_name\" content=\"R\u00e9plique Manga Cin\u00e9\" \/>\n<meta property=\"article:publisher\" content=\"https:\/\/www.facebook.com\/RepliqueMangaCine\" \/>\n<meta property=\"article:modified_time\" content=\"2025-12-02T15:56:04+00:00\" \/>\n<meta property=\"og:image\" content=\"https:\/\/repliquemangacine.fr\/wp-content\/uploads\/2024\/03\/Katana-King.jpg\" \/>\n\t<meta property=\"og:image:width\" content=\"500\" \/>\n\t<meta property=\"og:image:height\" content=\"500\" \/>\n\t<meta property=\"og:image:type\" content=\"image\/jpeg\" \/>\n<meta name=\"twitter:card\" content=\"summary_large_image\" \/>\n<meta name=\"twitter:label1\" content=\"Est. reading time\" \/>\n\t<meta name=\"twitter:data1\" content=\"3 minutes\" \/>\n<script type=\"application\/ld+json\" class=\"yoast-schema-graph\">{\"@context\":\"https:\\\/\\\/schema.org\",\"@graph\":[{\"@type\":\"WebPage\",\"@id\":\"https:\\\/\\\/repliquemangacine.fr\\\/katana-en-metal-one-piece\\\/katana-de-king-one-piece\\\/\",\"url\":\"https:\\\/\\\/repliquemangacine.fr\\\/katana-en-metal-one-piece\\\/katana-de-king-one-piece\\\/\",\"name\":\"Katana de King - One Piece | R\u00e9plique Manga Cin\u00e9\",\"isPartOf\":{\"@id\":\"https:\\\/\\\/repliquemangacine.fr\\\/#website\"},\"primaryImageOfPage\":{\"@id\":\"https:\\\/\\\/repliquemangacine.fr\\\/katana-en-metal-one-piece\\\/katana-de-king-one-piece\\\/#primaryimage\"},\"image\":{\"@id\":\"https:\\\/\\\/repliquemangacine.fr\\\/katana-en-metal-one-piece\\\/katana-de-king-one-piece\\\/#primaryimage\"},\"thumbnailUrl\":\"https:\\\/\\\/repliquemangacine.fr\\\/wp-content\\\/uploads\\\/2024\\\/03\\\/Katana-King.jpg\",\"datePublished\":\"2024-03-05T12:48:01+00:00\",\"dateModified\":\"2025-12-02T15:56:04+00:00\",\"description\":\"D\u00e9couvrez cette superbe r\u00e9plique du Katana de King dans One Piece au meilleur prix. Lame en acier d\u00e9cor\u00e9. Fourreau en bois laqu\u00e9 orange. Longueur : 105 cm\",\"breadcrumb\":{\"@id\":\"https:\\\/\\\/repliquemangacine.fr\\\/katana-en-metal-one-piece\\\/katana-de-king-one-piece\\\/#breadcrumb\"},\"inLanguage\":\"en-US\",\"potentialAction\":[{\"@type\":\"ReadAction\",\"target\":[\"https:\\\/\\\/repliquemangacine.fr\\\/katana-en-metal-one-piece\\\/katana-de-king-one-piece\\\/\"]}]},{\"@type\":\"ImageObject\",\"inLanguage\":\"en-US\",\"@id\":\"https:\\\/\\\/repliquemangacine.fr\\\/katana-en-metal-one-piece\\\/katana-de-king-one-piece\\\/#primaryimage\",\"url\":\"https:\\\/\\\/repliquemangacine.fr\\\/wp-content\\\/uploads\\\/2024\\\/03\\\/Katana-King.jpg\",\"contentUrl\":\"https:\\\/\\\/repliquemangacine.fr\\\/wp-content\\\/uploads\\\/2024\\\/03\\\/Katana-King.jpg\",\"width\":500,\"height\":500,\"caption\":\"Katana de King dans One Piece\"},{\"@type\":\"BreadcrumbList\",\"@id\":\"https:\\\/\\\/repliquemangacine.fr\\\/katana-en-metal-one-piece\\\/katana-de-king-one-piece\\\/#breadcrumb\",\"itemListElement\":[{\"@type\":\"ListItem\",\"position\":1,\"name\":\"Accueil\",\"item\":\"https:\\\/\\\/repliquemangacine.fr\\\/\"},{\"@type\":\"ListItem\",\"position\":2,\"name\":\"Produits\",\"item\":\"https:\\\/\\\/repliquemangacine.fr\\\/boutique\\\/\"},{\"@type\":\"ListItem\",\"position\":3,\"name\":\"Katana de King &#8211; One Piece\"}]},{\"@type\":\"WebSite\",\"@id\":\"https:\\\/\\\/repliquemangacine.fr\\\/#website\",\"url\":\"https:\\\/\\\/repliquemangacine.fr\\\/\",\"name\":\"R\u00e9plique Manga Cin\u00e9\",\"description\":\"\",\"publisher\":{\"@id\":\"https:\\\/\\\/repliquemangacine.fr\\\/#organization\"},\"potentialAction\":[{\"@type\":\"SearchAction\",\"target\":{\"@type\":\"EntryPoint\",\"urlTemplate\":\"https:\\\/\\\/repliquemangacine.fr\\\/?s={search_term_string}\"},\"query-input\":{\"@type\":\"PropertyValueSpecification\",\"valueRequired\":true,\"valueName\":\"search_term_string\"}}],\"inLanguage\":\"en-US\"},{\"@type\":\"Organization\",\"@id\":\"https:\\\/\\\/repliquemangacine.fr\\\/#organization\",\"name\":\"R\u00e9plique Manga Cin\u00e9\",\"url\":\"https:\\\/\\\/repliquemangacine.fr\\\/\",\"logo\":{\"@type\":\"ImageObject\",\"inLanguage\":\"en-US\",\"@id\":\"https:\\\/\\\/repliquemangacine.fr\\\/#\\\/schema\\\/logo\\\/image\\\/\",\"url\":\"https:\\\/\\\/repliquemangacine.fr\\\/wp-content\\\/uploads\\\/2023\\\/10\\\/RMC-500250.png\",\"contentUrl\":\"https:\\\/\\\/repliquemangacine.fr\\\/wp-content\\\/uploads\\\/2023\\\/10\\\/RMC-500250.png\",\"width\":500,\"height\":250,\"caption\":\"R\u00e9plique Manga Cin\u00e9\"},\"image\":{\"@id\":\"https:\\\/\\\/repliquemangacine.fr\\\/#\\\/schema\\\/logo\\\/image\\\/\"},\"sameAs\":[\"https:\\\/\\\/www.facebook.com\\\/RepliqueMangaCine\",\"https:\\\/\\\/www.instagram.com\\\/repliquemangacine.fr\\\/\"]}]}<\/script>\n<!-- \/ Yoast SEO plugin. -->","yoast_head_json":{"title":"King's Katana - One Piece | R\u00e9plique Manga Cin\u00e9","description":"Discover this superb replica of King's Katana in One Piece at the best price. Decorated steel blade. Orange-lacquered wooden scabbard. Length : 105 cm","robots":{"index":"index","follow":"follow","max-snippet":"max-snippet:-1","max-image-preview":"max-image-preview:large","max-video-preview":"max-video-preview:-1"},"canonical":"https:\/\/repliquemangacine.fr\/en\/one-piece-metal-katana\/king-one-piece-katana\/","og_locale":"en_US","og_type":"article","og_title":"Katana de King - One Piece | R\u00e9plique Manga Cin\u00e9","og_description":"D\u00e9couvrez cette superbe r\u00e9plique du Katana de King dans One Piece au meilleur prix. Lame en acier d\u00e9cor\u00e9. Fourreau en bois laqu\u00e9 orange. Longueur : 105 cm","og_url":"https:\/\/repliquemangacine.fr\/en\/one-piece-metal-katana\/king-one-piece-katana\/","og_site_name":"R\u00e9plique Manga Cin\u00e9","article_publisher":"https:\/\/www.facebook.com\/RepliqueMangaCine","article_modified_time":"2025-12-02T15:56:04+00:00","og_image":[{"width":500,"height":500,"url":"https:\/\/repliquemangacine.fr\/wp-content\/uploads\/2024\/03\/Katana-King.jpg","type":"image\/jpeg"}],"twitter_card":"summary_large_image","twitter_misc":{"Est. reading time":"3 minutes"},"schema":{"@context":"https:\/\/schema.org","@graph":[{"@type":"WebPage","@id":"https:\/\/repliquemangacine.fr\/katana-en-metal-one-piece\/katana-de-king-one-piece\/","url":"https:\/\/repliquemangacine.fr\/katana-en-metal-one-piece\/katana-de-king-one-piece\/","name":"King's Katana - One Piece | R\u00e9plique Manga Cin\u00e9","isPartOf":{"@id":"https:\/\/repliquemangacine.fr\/#website"},"primaryImageOfPage":{"@id":"https:\/\/repliquemangacine.fr\/katana-en-metal-one-piece\/katana-de-king-one-piece\/#primaryimage"},"image":{"@id":"https:\/\/repliquemangacine.fr\/katana-en-metal-one-piece\/katana-de-king-one-piece\/#primaryimage"},"thumbnailUrl":"https:\/\/repliquemangacine.fr\/wp-content\/uploads\/2024\/03\/Katana-King.jpg","datePublished":"2024-03-05T12:48:01+00:00","dateModified":"2025-12-02T15:56:04+00:00","description":"Discover this superb replica of King's Katana in One Piece at the best price. Decorated steel blade. Orange-lacquered wooden scabbard. Length : 105 cm","breadcrumb":{"@id":"https:\/\/repliquemangacine.fr\/katana-en-metal-one-piece\/katana-de-king-one-piece\/#breadcrumb"},"inLanguage":"en-US","potentialAction":[{"@type":"ReadAction","target":["https:\/\/repliquemangacine.fr\/katana-en-metal-one-piece\/katana-de-king-one-piece\/"]}]},{"@type":"ImageObject","inLanguage":"en-US","@id":"https:\/\/repliquemangacine.fr\/katana-en-metal-one-piece\/katana-de-king-one-piece\/#primaryimage","url":"https:\/\/repliquemangacine.fr\/wp-content\/uploads\/2024\/03\/Katana-King.jpg","contentUrl":"https:\/\/repliquemangacine.fr\/wp-content\/uploads\/2024\/03\/Katana-King.jpg","width":500,"height":500,"caption":"Katana de King dans One Piece"},{"@type":"BreadcrumbList","@id":"https:\/\/repliquemangacine.fr\/katana-en-metal-one-piece\/katana-de-king-one-piece\/#breadcrumb","itemListElement":[{"@type":"ListItem","position":1,"name":"Accueil","item":"https:\/\/repliquemangacine.fr\/"},{"@type":"ListItem","position":2,"name":"Produits","item":"https:\/\/repliquemangacine.fr\/boutique\/"},{"@type":"ListItem","position":3,"name":"Katana de King &#8211; One Piece"}]},{"@type":"WebSite","@id":"https:\/\/repliquemangacine.fr\/#website","url":"https:\/\/repliquemangacine.fr\/","name":"R\u00e9plique Manga Cin\u00e9","description":"","publisher":{"@id":"https:\/\/repliquemangacine.fr\/#organization"},"potentialAction":[{"@type":"SearchAction","target":{"@type":"EntryPoint","urlTemplate":"https:\/\/repliquemangacine.fr\/?s={search_term_string}"},"query-input":{"@type":"PropertyValueSpecification","valueRequired":true,"valueName":"search_term_string"}}],"inLanguage":"en-US"},{"@type":"Organization","@id":"https:\/\/repliquemangacine.fr\/#organization","name":"R\u00e9plique Manga Cin\u00e9","url":"https:\/\/repliquemangacine.fr\/","logo":{"@type":"ImageObject","inLanguage":"en-US","@id":"https:\/\/repliquemangacine.fr\/#\/schema\/logo\/image\/","url":"https:\/\/repliquemangacine.fr\/wp-content\/uploads\/2023\/10\/RMC-500250.png","contentUrl":"https:\/\/repliquemangacine.fr\/wp-content\/uploads\/2023\/10\/RMC-500250.png","width":500,"height":250,"caption":"R\u00e9plique Manga Cin\u00e9"},"image":{"@id":"https:\/\/repliquemangacine.fr\/#\/schema\/logo\/image\/"},"sameAs":["https:\/\/www.facebook.com\/RepliqueMangaCine","https:\/\/www.instagram.com\/repliquemangacine.fr\/"]}]}},"_links":{"self":[{"href":"https:\/\/repliquemangacine.fr\/en\/wp-json\/wp\/v2\/product\/69996","targetHints":{"allow":["GET"]}}],"collection":[{"href":"https:\/\/repliquemangacine.fr\/en\/wp-json\/wp\/v2\/product"}],"about":[{"href":"https:\/\/repliquemangacine.fr\/en\/wp-json\/wp\/v2\/types\/product"}],"wp:featuredmedia":[{"embeddable":true,"href":"https:\/\/repliquemangacine.fr\/en\/wp-json\/wp\/v2\/media\/69997"}],"wp:attachment":[{"href":"https:\/\/repliquemangacine.fr\/en\/wp-json\/wp\/v2\/media?parent=69996"}],"wp:term":[{"taxonomy":"product_brand","embeddable":true,"href":"https:\/\/repliquemangacine.fr\/en\/wp-json\/wp\/v2\/product_brand?post=69996"},{"taxonomy":"product_cat","embeddable":true,"href":"https:\/\/repliquemangacine.fr\/en\/wp-json\/wp\/v2\/product_cat?post=69996"},{"taxonomy":"product_tag","embeddable":true,"href":"https:\/\/repliquemangacine.fr\/en\/wp-json\/wp\/v2\/product_tag?post=69996"}],"curies":[{"name":"wp","href":"https:\/\/api.w.org\/{rel}","templated":true}]}}