





{"id":69971,"date":"2024-03-05T12:13:12","date_gmt":"2024-03-05T11:13:12","guid":{"rendered":"https:\/\/repliquemangacine.fr\/?post_type=product&#038;p=69971"},"modified":"2026-01-22T18:56:11","modified_gmt":"2026-01-22T17:56:11","slug":"katana-uchigatana-elden-ring","status":"publish","type":"product","link":"https:\/\/repliquemangacine.fr\/en\/katana-et-epee-de-jeux-video-autre-jeux-video\/katana-uchigatana-elden-ring\/","title":{"rendered":"Katana Uchigatana - Elden ring"},"content":{"rendered":"<h2>Katana Uchigatana : The Agile Blade<\/h2>\n<p>To begin with, the Katana Uchigatana in <a href=\"https:\/\/eldenring.fandom.com\/wiki\/Elden_Ring_(game)\" target=\"_blank\" rel=\"noopener noreferrer\">Elden Ring<\/a> is one of the most iconic and accessible at the start of the game. Making this weapon very popular among players, especially those who favor agility and precision in their fighting style. Here's a detailed look at the Uchigatana and its features in the game.<\/p>\n<p>The Uchigatana, a traditional Japanese katana known for its distinctive curved blade. In Elden Ring, it retains this authentic aesthetic, offering players a weapon that is both elegant and deadly. Its simple yet refined design appeals to many players looking for a combination of beauty and efficiency.<\/p>\n<p>What sets Uchigatana apart is its ability to inflict bleeding. This can rapidly erode enemies' health with successive attacks. This characteristic makes the weapon particularly effective against opponents with large amounts of hit points. In addition, the Uchigatana allows the use of the \"Unsheathe\" technique. This fast, powerful attack can be launched from a low stance. Offering an opening against enemies or a quick escape after an attack.<\/p>\n<h2>Katana Uchigatana: Requirements and Obtainment<\/h2>\n<p>The Uchigatana, a relatively light weapon, requires an investment in dexterity to be wielded effectively. It is therefore ideal for players who build their character around speed and precision, rather than brute strength. Its damage and bleeding capabilities make it a viable weapon throughout the game. Although many players choose to upgrade or supplement it with other weapons as they progress.<\/p>\n<p>Uchigatana can be obtained relatively early in Elden Ring. This makes it an attractive option for new players as well as for those starting a new game. Often chosen as the first powerful weapon due to its availability and versatility.<\/p>\n<p>In conclusion, the Uchigatana is more than just an early-game weapon. It's an extension of the player that values finesse and strategy. With its ability to rapidly inflict bleeding and its unique attack technique. Uchigatana offers a rewarding path for those wishing to master its agile, precise fighting style. Whether you're just starting out on your journey through Elden Ring or are a veteran looking for a new strategy, the Uchigatana is a weapon to consider for any adventurer.<\/p>\n<h2>Weapons in Elden Ring at the best price<\/h2>\n<p>In Elden Ring, there are many weapons (around 300), but the most prized are the katanas. That's why R\u00e9plique Manga Cin\u00e9 offers you the best three at the best price.<\/p>\n<ul>\n<li>First of all, the indisputable <a href=\"https:\/\/repliquemangacine.fr\/en\/katana-and-video-game-sword-other-video-games\/bloody-river-katana\/\">Bloody River katana<\/a> with a blade that seems to soak up the blood of its enemies. What really sets the Bloody River apart from other katanas in Elden Ring is its special ability, \"Corpse Piler\". This attack allows the player to launch a series of rapid blows that inflict heavy bleeding damage. It's simply excellent for a bleed build. Bloody River requires 12 Strength, 18 Dexterity and 20 Esoteric.<\/li>\n<li>Then there's the <a href=\"https:\/\/repliquemangacine.fr\/en\/new-products\/katana-moonveil-in-elden-ring\/\">Moonveil katana<\/a> (Moon Eclipse) takes its name from its appearance and capabilities. Indeed, it evokes the image of a mysterious lunar veil. Moonveil's most remarkable feature is its special skill, \"Transversal Edge\". An attack that projects a sharp wave of magical energy at close range. In conclusion, these two katanas with Uchigatana will be a great addition to your collection.<\/li>\n<\/ul>","protected":false},"excerpt":{"rendered":"<p>Superb Katana Uchigatana replica in Elden Ring<\/p>\n<ul>\n<li>Steel blade with groove<\/li>\n<li>Specially shaped gold-plated metal guard<\/li>\n<li>Imitation ray-skin handle, covered with green cotton braid<\/li>\n<li>Wooden scabbard<\/li>\n<li>Blade length: 68 cm - Total length: 105 cm<\/li>\n<\/ul>","protected":false},"featured_media":69972,"template":"","meta":[],"product_brand":[],"product_cat":[876,67],"product_tag":[],"class_list":{"0":"post-69971","1":"product","2":"type-product","3":"status-publish","4":"has-post-thumbnail","6":"product_cat-elden-ring","7":"product_cat-katana-et-epee-de-jeux-video-autre-jeux-video","9":"first","10":"instock","11":"taxable","12":"shipping-taxable","13":"purchasable","14":"product-type-simple"},"yoast_head":"<!-- This site is optimized with the Yoast SEO plugin v27.5 - https:\/\/yoast.com\/product\/yoast-seo-wordpress\/ -->\n<title>Katana Uchigatana - Elden ring - Elden Ring | R\u00e9plique Manga Cin\u00e9<\/title>\n<meta name=\"description\" content=\"D\u00e9couvrez ce magnifique Katana Uchigatana dans le jeu vid\u00e9o Elden Ring au meilleur prix. Lame acier avec gorge. Fourreau. Longueur totale : 105 cm\" \/>\n<meta name=\"robots\" content=\"index, follow, max-snippet:-1, max-image-preview:large, max-video-preview:-1\" \/>\n<link rel=\"canonical\" href=\"https:\/\/repliquemangacine.fr\/en\/katana-and-video-game-sword-other-video-games\/katana-uchigatana-elden-ring\/\" \/>\n<meta property=\"og:locale\" content=\"en_US\" \/>\n<meta property=\"og:type\" content=\"article\" \/>\n<meta property=\"og:title\" content=\"Katana Uchigatana - Elden ring - Elden Ring | R\u00e9plique Manga Cin\u00e9\" \/>\n<meta property=\"og:description\" content=\"D\u00e9couvrez ce magnifique Katana Uchigatana dans le jeu vid\u00e9o Elden Ring au meilleur prix. Lame acier avec gorge. Fourreau. Longueur totale : 105 cm\" \/>\n<meta property=\"og:url\" content=\"https:\/\/repliquemangacine.fr\/en\/katana-and-video-game-sword-other-video-games\/katana-uchigatana-elden-ring\/\" \/>\n<meta property=\"og:site_name\" content=\"R\u00e9plique Manga Cin\u00e9\" \/>\n<meta property=\"article:publisher\" content=\"https:\/\/www.facebook.com\/RepliqueMangaCine\" \/>\n<meta property=\"article:modified_time\" content=\"2026-01-22T17:56:11+00:00\" \/>\n<meta property=\"og:image\" content=\"https:\/\/repliquemangacine.fr\/wp-content\/uploads\/2024\/03\/katana-Uchigatana-et-son-fourreau.jpg\" \/>\n\t<meta property=\"og:image:width\" content=\"500\" \/>\n\t<meta property=\"og:image:height\" content=\"500\" \/>\n\t<meta property=\"og:image:type\" content=\"image\/jpeg\" \/>\n<meta name=\"twitter:card\" content=\"summary_large_image\" \/>\n<meta name=\"twitter:label1\" content=\"Est. reading time\" \/>\n\t<meta name=\"twitter:data1\" content=\"4 minutes\" \/>\n<script type=\"application\/ld+json\" class=\"yoast-schema-graph\">{\"@context\":\"https:\\\/\\\/schema.org\",\"@graph\":[{\"@type\":\"WebPage\",\"@id\":\"https:\\\/\\\/repliquemangacine.fr\\\/katana-et-epee-de-jeux-video-autre-jeux-video\\\/katana-uchigatana-elden-ring\\\/\",\"url\":\"https:\\\/\\\/repliquemangacine.fr\\\/katana-et-epee-de-jeux-video-autre-jeux-video\\\/katana-uchigatana-elden-ring\\\/\",\"name\":\"Katana Uchigatana - Elden ring - Elden Ring | R\u00e9plique Manga Cin\u00e9\",\"isPartOf\":{\"@id\":\"https:\\\/\\\/repliquemangacine.fr\\\/#website\"},\"primaryImageOfPage\":{\"@id\":\"https:\\\/\\\/repliquemangacine.fr\\\/katana-et-epee-de-jeux-video-autre-jeux-video\\\/katana-uchigatana-elden-ring\\\/#primaryimage\"},\"image\":{\"@id\":\"https:\\\/\\\/repliquemangacine.fr\\\/katana-et-epee-de-jeux-video-autre-jeux-video\\\/katana-uchigatana-elden-ring\\\/#primaryimage\"},\"thumbnailUrl\":\"https:\\\/\\\/repliquemangacine.fr\\\/wp-content\\\/uploads\\\/2024\\\/03\\\/katana-Uchigatana-et-son-fourreau.jpg\",\"datePublished\":\"2024-03-05T11:13:12+00:00\",\"dateModified\":\"2026-01-22T17:56:11+00:00\",\"description\":\"D\u00e9couvrez ce magnifique Katana Uchigatana dans le jeu vid\u00e9o Elden Ring au meilleur prix. Lame acier avec gorge. Fourreau. Longueur totale : 105 cm\",\"breadcrumb\":{\"@id\":\"https:\\\/\\\/repliquemangacine.fr\\\/katana-et-epee-de-jeux-video-autre-jeux-video\\\/katana-uchigatana-elden-ring\\\/#breadcrumb\"},\"inLanguage\":\"en-US\",\"potentialAction\":[{\"@type\":\"ReadAction\",\"target\":[\"https:\\\/\\\/repliquemangacine.fr\\\/katana-et-epee-de-jeux-video-autre-jeux-video\\\/katana-uchigatana-elden-ring\\\/\"]}]},{\"@type\":\"ImageObject\",\"inLanguage\":\"en-US\",\"@id\":\"https:\\\/\\\/repliquemangacine.fr\\\/katana-et-epee-de-jeux-video-autre-jeux-video\\\/katana-uchigatana-elden-ring\\\/#primaryimage\",\"url\":\"https:\\\/\\\/repliquemangacine.fr\\\/wp-content\\\/uploads\\\/2024\\\/03\\\/katana-Uchigatana-et-son-fourreau.jpg\",\"contentUrl\":\"https:\\\/\\\/repliquemangacine.fr\\\/wp-content\\\/uploads\\\/2024\\\/03\\\/katana-Uchigatana-et-son-fourreau.jpg\",\"width\":500,\"height\":500,\"caption\":\"Katana Uchigatana Elden Ring\"},{\"@type\":\"BreadcrumbList\",\"@id\":\"https:\\\/\\\/repliquemangacine.fr\\\/katana-et-epee-de-jeux-video-autre-jeux-video\\\/katana-uchigatana-elden-ring\\\/#breadcrumb\",\"itemListElement\":[{\"@type\":\"ListItem\",\"position\":1,\"name\":\"Accueil\",\"item\":\"https:\\\/\\\/repliquemangacine.fr\\\/\"},{\"@type\":\"ListItem\",\"position\":2,\"name\":\"Produits\",\"item\":\"https:\\\/\\\/repliquemangacine.fr\\\/boutique\\\/\"},{\"@type\":\"ListItem\",\"position\":3,\"name\":\"Katana Uchigatana &#8211; Elden ring\"}]},{\"@type\":\"WebSite\",\"@id\":\"https:\\\/\\\/repliquemangacine.fr\\\/#website\",\"url\":\"https:\\\/\\\/repliquemangacine.fr\\\/\",\"name\":\"R\u00e9plique Manga Cin\u00e9\",\"description\":\"\",\"publisher\":{\"@id\":\"https:\\\/\\\/repliquemangacine.fr\\\/#organization\"},\"potentialAction\":[{\"@type\":\"SearchAction\",\"target\":{\"@type\":\"EntryPoint\",\"urlTemplate\":\"https:\\\/\\\/repliquemangacine.fr\\\/?s={search_term_string}\"},\"query-input\":{\"@type\":\"PropertyValueSpecification\",\"valueRequired\":true,\"valueName\":\"search_term_string\"}}],\"inLanguage\":\"en-US\"},{\"@type\":\"Organization\",\"@id\":\"https:\\\/\\\/repliquemangacine.fr\\\/#organization\",\"name\":\"R\u00e9plique Manga Cin\u00e9\",\"url\":\"https:\\\/\\\/repliquemangacine.fr\\\/\",\"logo\":{\"@type\":\"ImageObject\",\"inLanguage\":\"en-US\",\"@id\":\"https:\\\/\\\/repliquemangacine.fr\\\/#\\\/schema\\\/logo\\\/image\\\/\",\"url\":\"https:\\\/\\\/repliquemangacine.fr\\\/wp-content\\\/uploads\\\/2023\\\/10\\\/RMC-500250.png\",\"contentUrl\":\"https:\\\/\\\/repliquemangacine.fr\\\/wp-content\\\/uploads\\\/2023\\\/10\\\/RMC-500250.png\",\"width\":500,\"height\":250,\"caption\":\"R\u00e9plique Manga Cin\u00e9\"},\"image\":{\"@id\":\"https:\\\/\\\/repliquemangacine.fr\\\/#\\\/schema\\\/logo\\\/image\\\/\"},\"sameAs\":[\"https:\\\/\\\/www.facebook.com\\\/RepliqueMangaCine\",\"https:\\\/\\\/www.instagram.com\\\/repliquemangacine.fr\\\/\"]}]}<\/script>\n<!-- \/ Yoast SEO plugin. -->","yoast_head_json":{"title":"Katana Uchigatana - Elden ring - Elden Ring | R\u00e9plique Manga Cin\u00e9","description":"Discover this magnificent Uchigatana Katana in the Elden Ring video game at the best price. Steel blade with throat. Scabbard. Total length: 105 cm","robots":{"index":"index","follow":"follow","max-snippet":"max-snippet:-1","max-image-preview":"max-image-preview:large","max-video-preview":"max-video-preview:-1"},"canonical":"https:\/\/repliquemangacine.fr\/en\/katana-and-video-game-sword-other-video-games\/katana-uchigatana-elden-ring\/","og_locale":"en_US","og_type":"article","og_title":"Katana Uchigatana - Elden ring - Elden Ring | R\u00e9plique Manga Cin\u00e9","og_description":"D\u00e9couvrez ce magnifique Katana Uchigatana dans le jeu vid\u00e9o Elden Ring au meilleur prix. Lame acier avec gorge. Fourreau. Longueur totale : 105 cm","og_url":"https:\/\/repliquemangacine.fr\/en\/katana-and-video-game-sword-other-video-games\/katana-uchigatana-elden-ring\/","og_site_name":"R\u00e9plique Manga Cin\u00e9","article_publisher":"https:\/\/www.facebook.com\/RepliqueMangaCine","article_modified_time":"2026-01-22T17:56:11+00:00","og_image":[{"width":500,"height":500,"url":"https:\/\/repliquemangacine.fr\/wp-content\/uploads\/2024\/03\/katana-Uchigatana-et-son-fourreau.jpg","type":"image\/jpeg"}],"twitter_card":"summary_large_image","twitter_misc":{"Est. reading time":"4 minutes"},"schema":{"@context":"https:\/\/schema.org","@graph":[{"@type":"WebPage","@id":"https:\/\/repliquemangacine.fr\/katana-et-epee-de-jeux-video-autre-jeux-video\/katana-uchigatana-elden-ring\/","url":"https:\/\/repliquemangacine.fr\/katana-et-epee-de-jeux-video-autre-jeux-video\/katana-uchigatana-elden-ring\/","name":"Katana Uchigatana - Elden ring - Elden Ring | R\u00e9plique Manga Cin\u00e9","isPartOf":{"@id":"https:\/\/repliquemangacine.fr\/#website"},"primaryImageOfPage":{"@id":"https:\/\/repliquemangacine.fr\/katana-et-epee-de-jeux-video-autre-jeux-video\/katana-uchigatana-elden-ring\/#primaryimage"},"image":{"@id":"https:\/\/repliquemangacine.fr\/katana-et-epee-de-jeux-video-autre-jeux-video\/katana-uchigatana-elden-ring\/#primaryimage"},"thumbnailUrl":"https:\/\/repliquemangacine.fr\/wp-content\/uploads\/2024\/03\/katana-Uchigatana-et-son-fourreau.jpg","datePublished":"2024-03-05T11:13:12+00:00","dateModified":"2026-01-22T17:56:11+00:00","description":"Discover this magnificent Uchigatana Katana in the Elden Ring video game at the best price. Steel blade with throat. Scabbard. Total length: 105 cm","breadcrumb":{"@id":"https:\/\/repliquemangacine.fr\/katana-et-epee-de-jeux-video-autre-jeux-video\/katana-uchigatana-elden-ring\/#breadcrumb"},"inLanguage":"en-US","potentialAction":[{"@type":"ReadAction","target":["https:\/\/repliquemangacine.fr\/katana-et-epee-de-jeux-video-autre-jeux-video\/katana-uchigatana-elden-ring\/"]}]},{"@type":"ImageObject","inLanguage":"en-US","@id":"https:\/\/repliquemangacine.fr\/katana-et-epee-de-jeux-video-autre-jeux-video\/katana-uchigatana-elden-ring\/#primaryimage","url":"https:\/\/repliquemangacine.fr\/wp-content\/uploads\/2024\/03\/katana-Uchigatana-et-son-fourreau.jpg","contentUrl":"https:\/\/repliquemangacine.fr\/wp-content\/uploads\/2024\/03\/katana-Uchigatana-et-son-fourreau.jpg","width":500,"height":500,"caption":"Katana Uchigatana Elden Ring"},{"@type":"BreadcrumbList","@id":"https:\/\/repliquemangacine.fr\/katana-et-epee-de-jeux-video-autre-jeux-video\/katana-uchigatana-elden-ring\/#breadcrumb","itemListElement":[{"@type":"ListItem","position":1,"name":"Accueil","item":"https:\/\/repliquemangacine.fr\/"},{"@type":"ListItem","position":2,"name":"Produits","item":"https:\/\/repliquemangacine.fr\/boutique\/"},{"@type":"ListItem","position":3,"name":"Katana Uchigatana &#8211; Elden ring"}]},{"@type":"WebSite","@id":"https:\/\/repliquemangacine.fr\/#website","url":"https:\/\/repliquemangacine.fr\/","name":"R\u00e9plique Manga Cin\u00e9","description":"","publisher":{"@id":"https:\/\/repliquemangacine.fr\/#organization"},"potentialAction":[{"@type":"SearchAction","target":{"@type":"EntryPoint","urlTemplate":"https:\/\/repliquemangacine.fr\/?s={search_term_string}"},"query-input":{"@type":"PropertyValueSpecification","valueRequired":true,"valueName":"search_term_string"}}],"inLanguage":"en-US"},{"@type":"Organization","@id":"https:\/\/repliquemangacine.fr\/#organization","name":"R\u00e9plique Manga Cin\u00e9","url":"https:\/\/repliquemangacine.fr\/","logo":{"@type":"ImageObject","inLanguage":"en-US","@id":"https:\/\/repliquemangacine.fr\/#\/schema\/logo\/image\/","url":"https:\/\/repliquemangacine.fr\/wp-content\/uploads\/2023\/10\/RMC-500250.png","contentUrl":"https:\/\/repliquemangacine.fr\/wp-content\/uploads\/2023\/10\/RMC-500250.png","width":500,"height":250,"caption":"R\u00e9plique Manga Cin\u00e9"},"image":{"@id":"https:\/\/repliquemangacine.fr\/#\/schema\/logo\/image\/"},"sameAs":["https:\/\/www.facebook.com\/RepliqueMangaCine","https:\/\/www.instagram.com\/repliquemangacine.fr\/"]}]}},"_links":{"self":[{"href":"https:\/\/repliquemangacine.fr\/en\/wp-json\/wp\/v2\/product\/69971","targetHints":{"allow":["GET"]}}],"collection":[{"href":"https:\/\/repliquemangacine.fr\/en\/wp-json\/wp\/v2\/product"}],"about":[{"href":"https:\/\/repliquemangacine.fr\/en\/wp-json\/wp\/v2\/types\/product"}],"wp:featuredmedia":[{"embeddable":true,"href":"https:\/\/repliquemangacine.fr\/en\/wp-json\/wp\/v2\/media\/69972"}],"wp:attachment":[{"href":"https:\/\/repliquemangacine.fr\/en\/wp-json\/wp\/v2\/media?parent=69971"}],"wp:term":[{"taxonomy":"product_brand","embeddable":true,"href":"https:\/\/repliquemangacine.fr\/en\/wp-json\/wp\/v2\/product_brand?post=69971"},{"taxonomy":"product_cat","embeddable":true,"href":"https:\/\/repliquemangacine.fr\/en\/wp-json\/wp\/v2\/product_cat?post=69971"},{"taxonomy":"product_tag","embeddable":true,"href":"https:\/\/repliquemangacine.fr\/en\/wp-json\/wp\/v2\/product_tag?post=69971"}],"curies":[{"name":"wp","href":"https:\/\/api.w.org\/{rel}","templated":true}]}}