





{"id":69038,"date":"2024-02-09T17:35:31","date_gmt":"2024-02-09T16:35:31","guid":{"rendered":"https:\/\/repliquemangacine.fr\/?post_type=product&#038;p=69038"},"modified":"2025-11-18T14:48:32","modified_gmt":"2025-11-18T13:48:32","slug":"harry-potter-seal-and-wax-kit","status":"publish","type":"product","link":"https:\/\/repliquemangacine.fr\/en\/collectors-et-goodies-harry-potter\/kit-sceau-et-cire-harry-potter\/","title":{"rendered":"Harry Potter Seal and Wax Kit"},"content":{"rendered":"<h2>Harry Potter Seal and Wax Kit: Ancient Art Meets Magic<\/h2>\n<p>To begin with, discover the <strong>Harry Potter Seal and Wax Kit<\/strong>, a true celebration of the traditional art of sealing. Beautifully reinvented through the prism of the magical world of Harry Potter. This exceptional box includes everything you need to personalize your correspondence with a touch of elegance.<\/p>\n<p>At the heart of this kit is a Gryffindor emblem seal holder. With 4 different seals to choose from, you can personalize each mailing with a unique symbol. This gives your correspondence a distinctive, personal touch.<\/p>\n<p>The 2 wax bottles, in deep, rich colors, are specially designed to match the Gryffindor theme. The metal spoon is not only practical for melting the wax, but also adds a touch of authenticity and charm to the whole process.<\/p>\n<p>The included tea light provides a reliable and constant source of heat to melt the wax. While the gold felt-tip pen adds finishing touches to your writing or envelopes with elegance.<\/p>\n<p>In conclusion, this Harry Potter Seal and Wax Kit is more than just a set of tools. It's an invitation to relive the magic and romance of handwritten correspondence, enriched by the iconic aesthetics of the Harry Potter universe.<\/p>\n<h2>Harry Potter Seal and Wax Kit: A Quality Treasure at an Affordable Price<\/h2>\n<p>Visit <strong>Harry Potter Seal and Wax Kit<\/strong> is not only a tribute to the delicate art of sealing. It also represents our commitment to offering high-quality products at budget-friendly prices. Designed for fans of the Harry Potter universe, this box brilliantly combines meticulous finishing, first-rate materials and affordability, reflecting the excellence and authenticity you've come to expect from any Harry Potter item.<\/p>\n<p>Enrich your collection with this kit, but don't stop there. Our store is packed with treasures straight from the magical world. Indeed, for those looking to deepen their immersion in the art of magical writing. There's the <a href=\"https:\/\/repliquemangacine.fr\/en\/harry-potter-collectors-and-goodies\/harry-potter-calligraphy-set\/\">complete calligraphy set,<\/a> as well as our <a href=\"https:\/\/repliquemangacine.fr\/en\/various-goodies\/harry-potter-wand-set\/\">collector's boxes of key-ring chopsticks<\/a>. offer an authentic and rewarding experience, allowing you to recreate the saga's iconic spells and letters.<\/p>\n<p>Then, our <a href=\"https:\/\/repliquemangacine.fr\/en\/harry-potter-collectors-and-goodies\/hogwarts-mug-500-ml\/\">mugs<\/a> of the Hogwarts houses, designed to stand the test of time. They are the ideal companion for your morning or evening drinks, combining utility and passion.<\/p>\n<h2>Hogwarts Must-Haves: Official Harry Potter Products<\/h2>\n<p>Be the greatest wizard with our exclusive selection of official products, authorized by Warner Bros and distributed by <a href=\"https:\/\/noblecollection.fr\/produits-issus-univers-harry-potter-c-163_10.html\" target=\"_blank\" rel=\"noopener noreferrer\">Noble Collection<\/a>. Each piece in this collection has been designed to transport you straight into J.K. Rowling's enchanted world, with authentic, magical replicas that capture the imagination.<\/p>\n<p>First of all, the <a href=\"https:\/\/repliquemangacine.fr\/en\/harry-potter-collectors-and-goodies\/marauders-card\/\">Marauder's card<\/a>passport to adventure, reveal the secrets of Hogwarts. Next, the <a href=\"https:\/\/repliquemangacine.fr\/en\/harry-potter-collectors-and-goodies\/ron-weasleys-deluminator\/\">Deluminator<\/a>, It's a fascinating collector's item, a faithful replica of the one inherited by Ron Weasley. Not only is it a powerful symbol of friendship and light in the darkness, it is also an example of the exceptional craftsmanship behind the creation of official Harry Potter products. There's also the Firebolt broom, Hermione's bag and much more to discover.<\/p>\n<p>These Hogwarts must-haves are more than just souvenirs. They're an invitation to relive the magic, immerse yourself in the adventure and embrace the imaginary world of Harry Potter. Whether you're a seasoned collector or a new fan, these official Harry Potter products are treasures to cherish, witnesses to the timeless magic that continues to inspire and delight generations.<\/p>","protected":false},"excerpt":{"rendered":"<p>Superb seal and wax kit, inspired by the Harry Potter saga.<\/p>\n<p>This set includes :<\/p>\n<ul>\n<li>a Gryffindor seal-holder<\/li>\n<li>Four seals<\/li>\n<li>Two bottles of wax<\/li>\n<li>metal spoon, wooden handle<\/li>\n<li>A tea light<\/li>\n<li>A gold felt-tip pen<\/li>\n<\/ul>","protected":false},"featured_media":69041,"template":"","meta":[],"product_brand":[896],"product_cat":[87,41],"product_tag":[],"class_list":{"0":"post-69038","1":"product","2":"type-product","3":"status-publish","4":"has-post-thumbnail","6":"product_brand-replique-manga-cine","7":"product_cat-collectors-et-goodies-harry-potter","8":"product_cat-baguettes-et-goodies-harry-potter","10":"first","11":"outofstock","12":"taxable","13":"shipping-taxable","14":"purchasable","15":"product-type-simple"},"yoast_head":"<!-- This site is optimized with the Yoast SEO plugin v27.5 - https:\/\/yoast.com\/product\/yoast-seo-wordpress\/ -->\n<title>Kit Sceau et Cire Harry Potter | R\u00e9plique Manga Cin\u00e9<\/title>\n<meta name=\"description\" content=\"Venez d\u00e9couvrir notre Kit Sceau et Cire Harry Potter au meilleur prix. Ce petit coffret vous permettra d&#039;apposer une touche originale \u00e0 vos courriers.\" \/>\n<meta name=\"robots\" content=\"index, follow, max-snippet:-1, max-image-preview:large, max-video-preview:-1\" \/>\n<link rel=\"canonical\" href=\"https:\/\/repliquemangacine.fr\/en\/harry-potter-collectors-and-goodies\/harry-potter-seal-and-wax-kit\/\" \/>\n<meta property=\"og:locale\" content=\"en_US\" \/>\n<meta property=\"og:type\" content=\"article\" \/>\n<meta property=\"og:title\" content=\"Kit Sceau et Cire Harry Potter | R\u00e9plique Manga Cin\u00e9\" \/>\n<meta property=\"og:description\" content=\"Venez d\u00e9couvrir notre Kit Sceau et Cire Harry Potter au meilleur prix. Ce petit coffret vous permettra d&#039;apposer une touche originale \u00e0 vos courriers.\" \/>\n<meta property=\"og:url\" content=\"https:\/\/repliquemangacine.fr\/en\/harry-potter-collectors-and-goodies\/harry-potter-seal-and-wax-kit\/\" \/>\n<meta property=\"og:site_name\" content=\"R\u00e9plique Manga Cin\u00e9\" \/>\n<meta property=\"article:publisher\" content=\"https:\/\/www.facebook.com\/RepliqueMangaCine\" \/>\n<meta property=\"article:modified_time\" content=\"2025-11-18T13:48:32+00:00\" \/>\n<meta property=\"og:image\" content=\"https:\/\/repliquemangacine.fr\/wp-content\/uploads\/2024\/02\/coffret-tampon-et-cire-hp-boite.jpg\" \/>\n\t<meta property=\"og:image:width\" content=\"500\" \/>\n\t<meta property=\"og:image:height\" content=\"500\" \/>\n\t<meta property=\"og:image:type\" content=\"image\/jpeg\" \/>\n<meta name=\"twitter:card\" content=\"summary_large_image\" \/>\n<meta name=\"twitter:label1\" content=\"Est. reading time\" \/>\n\t<meta name=\"twitter:data1\" content=\"4 minutes\" \/>\n<script type=\"application\/ld+json\" class=\"yoast-schema-graph\">{\"@context\":\"https:\\\/\\\/schema.org\",\"@graph\":[{\"@type\":\"WebPage\",\"@id\":\"https:\\\/\\\/repliquemangacine.fr\\\/collectors-et-goodies-harry-potter\\\/kit-sceau-et-cire-harry-potter\\\/\",\"url\":\"https:\\\/\\\/repliquemangacine.fr\\\/collectors-et-goodies-harry-potter\\\/kit-sceau-et-cire-harry-potter\\\/\",\"name\":\"Kit Sceau et Cire Harry Potter | R\u00e9plique Manga Cin\u00e9\",\"isPartOf\":{\"@id\":\"https:\\\/\\\/repliquemangacine.fr\\\/#website\"},\"primaryImageOfPage\":{\"@id\":\"https:\\\/\\\/repliquemangacine.fr\\\/collectors-et-goodies-harry-potter\\\/kit-sceau-et-cire-harry-potter\\\/#primaryimage\"},\"image\":{\"@id\":\"https:\\\/\\\/repliquemangacine.fr\\\/collectors-et-goodies-harry-potter\\\/kit-sceau-et-cire-harry-potter\\\/#primaryimage\"},\"thumbnailUrl\":\"https:\\\/\\\/repliquemangacine.fr\\\/wp-content\\\/uploads\\\/2024\\\/02\\\/coffret-tampon-et-cire-hp-boite.jpg\",\"datePublished\":\"2024-02-09T16:35:31+00:00\",\"dateModified\":\"2025-11-18T13:48:32+00:00\",\"description\":\"Venez d\u00e9couvrir notre Kit Sceau et Cire Harry Potter au meilleur prix. Ce petit coffret vous permettra d'apposer une touche originale \u00e0 vos courriers.\",\"breadcrumb\":{\"@id\":\"https:\\\/\\\/repliquemangacine.fr\\\/collectors-et-goodies-harry-potter\\\/kit-sceau-et-cire-harry-potter\\\/#breadcrumb\"},\"inLanguage\":\"en-US\",\"potentialAction\":[{\"@type\":\"ReadAction\",\"target\":[\"https:\\\/\\\/repliquemangacine.fr\\\/collectors-et-goodies-harry-potter\\\/kit-sceau-et-cire-harry-potter\\\/\"]}]},{\"@type\":\"ImageObject\",\"inLanguage\":\"en-US\",\"@id\":\"https:\\\/\\\/repliquemangacine.fr\\\/collectors-et-goodies-harry-potter\\\/kit-sceau-et-cire-harry-potter\\\/#primaryimage\",\"url\":\"https:\\\/\\\/repliquemangacine.fr\\\/wp-content\\\/uploads\\\/2024\\\/02\\\/coffret-tampon-et-cire-hp-boite.jpg\",\"contentUrl\":\"https:\\\/\\\/repliquemangacine.fr\\\/wp-content\\\/uploads\\\/2024\\\/02\\\/coffret-tampon-et-cire-hp-boite.jpg\",\"width\":500,\"height\":500,\"caption\":\"Kit Sceau et Cire Harry Potter\"},{\"@type\":\"BreadcrumbList\",\"@id\":\"https:\\\/\\\/repliquemangacine.fr\\\/collectors-et-goodies-harry-potter\\\/kit-sceau-et-cire-harry-potter\\\/#breadcrumb\",\"itemListElement\":[{\"@type\":\"ListItem\",\"position\":1,\"name\":\"Accueil\",\"item\":\"https:\\\/\\\/repliquemangacine.fr\\\/\"},{\"@type\":\"ListItem\",\"position\":2,\"name\":\"Produits\",\"item\":\"https:\\\/\\\/repliquemangacine.fr\\\/boutique\\\/\"},{\"@type\":\"ListItem\",\"position\":3,\"name\":\"Kit Sceau et Cire Harry Potter\"}]},{\"@type\":\"WebSite\",\"@id\":\"https:\\\/\\\/repliquemangacine.fr\\\/#website\",\"url\":\"https:\\\/\\\/repliquemangacine.fr\\\/\",\"name\":\"R\u00e9plique Manga Cin\u00e9\",\"description\":\"\",\"publisher\":{\"@id\":\"https:\\\/\\\/repliquemangacine.fr\\\/#organization\"},\"potentialAction\":[{\"@type\":\"SearchAction\",\"target\":{\"@type\":\"EntryPoint\",\"urlTemplate\":\"https:\\\/\\\/repliquemangacine.fr\\\/?s={search_term_string}\"},\"query-input\":{\"@type\":\"PropertyValueSpecification\",\"valueRequired\":true,\"valueName\":\"search_term_string\"}}],\"inLanguage\":\"en-US\"},{\"@type\":\"Organization\",\"@id\":\"https:\\\/\\\/repliquemangacine.fr\\\/#organization\",\"name\":\"R\u00e9plique Manga Cin\u00e9\",\"url\":\"https:\\\/\\\/repliquemangacine.fr\\\/\",\"logo\":{\"@type\":\"ImageObject\",\"inLanguage\":\"en-US\",\"@id\":\"https:\\\/\\\/repliquemangacine.fr\\\/#\\\/schema\\\/logo\\\/image\\\/\",\"url\":\"https:\\\/\\\/repliquemangacine.fr\\\/wp-content\\\/uploads\\\/2023\\\/10\\\/RMC-500250.png\",\"contentUrl\":\"https:\\\/\\\/repliquemangacine.fr\\\/wp-content\\\/uploads\\\/2023\\\/10\\\/RMC-500250.png\",\"width\":500,\"height\":250,\"caption\":\"R\u00e9plique Manga Cin\u00e9\"},\"image\":{\"@id\":\"https:\\\/\\\/repliquemangacine.fr\\\/#\\\/schema\\\/logo\\\/image\\\/\"},\"sameAs\":[\"https:\\\/\\\/www.facebook.com\\\/RepliqueMangaCine\",\"https:\\\/\\\/www.instagram.com\\\/repliquemangacine.fr\\\/\"]}]}<\/script>\n<!-- \/ Yoast SEO plugin. -->","yoast_head_json":{"title":"Harry Potter Seal and Wax Kit | R\u00e9plique Manga Cin\u00e9","description":"Come and discover our Harry Potter Seal and Wax Kit at the best price. This little box will give your letters an original touch.","robots":{"index":"index","follow":"follow","max-snippet":"max-snippet:-1","max-image-preview":"max-image-preview:large","max-video-preview":"max-video-preview:-1"},"canonical":"https:\/\/repliquemangacine.fr\/en\/harry-potter-collectors-and-goodies\/harry-potter-seal-and-wax-kit\/","og_locale":"en_US","og_type":"article","og_title":"Kit Sceau et Cire Harry Potter | R\u00e9plique Manga Cin\u00e9","og_description":"Venez d\u00e9couvrir notre Kit Sceau et Cire Harry Potter au meilleur prix. Ce petit coffret vous permettra d'apposer une touche originale \u00e0 vos courriers.","og_url":"https:\/\/repliquemangacine.fr\/en\/harry-potter-collectors-and-goodies\/harry-potter-seal-and-wax-kit\/","og_site_name":"R\u00e9plique Manga Cin\u00e9","article_publisher":"https:\/\/www.facebook.com\/RepliqueMangaCine","article_modified_time":"2025-11-18T13:48:32+00:00","og_image":[{"width":500,"height":500,"url":"https:\/\/repliquemangacine.fr\/wp-content\/uploads\/2024\/02\/coffret-tampon-et-cire-hp-boite.jpg","type":"image\/jpeg"}],"twitter_card":"summary_large_image","twitter_misc":{"Est. reading time":"4 minutes"},"schema":{"@context":"https:\/\/schema.org","@graph":[{"@type":"WebPage","@id":"https:\/\/repliquemangacine.fr\/collectors-et-goodies-harry-potter\/kit-sceau-et-cire-harry-potter\/","url":"https:\/\/repliquemangacine.fr\/collectors-et-goodies-harry-potter\/kit-sceau-et-cire-harry-potter\/","name":"Harry Potter Seal and Wax Kit | R\u00e9plique Manga Cin\u00e9","isPartOf":{"@id":"https:\/\/repliquemangacine.fr\/#website"},"primaryImageOfPage":{"@id":"https:\/\/repliquemangacine.fr\/collectors-et-goodies-harry-potter\/kit-sceau-et-cire-harry-potter\/#primaryimage"},"image":{"@id":"https:\/\/repliquemangacine.fr\/collectors-et-goodies-harry-potter\/kit-sceau-et-cire-harry-potter\/#primaryimage"},"thumbnailUrl":"https:\/\/repliquemangacine.fr\/wp-content\/uploads\/2024\/02\/coffret-tampon-et-cire-hp-boite.jpg","datePublished":"2024-02-09T16:35:31+00:00","dateModified":"2025-11-18T13:48:32+00:00","description":"Come and discover our Harry Potter Seal and Wax Kit at the best price. This little box will give your letters an original touch.","breadcrumb":{"@id":"https:\/\/repliquemangacine.fr\/collectors-et-goodies-harry-potter\/kit-sceau-et-cire-harry-potter\/#breadcrumb"},"inLanguage":"en-US","potentialAction":[{"@type":"ReadAction","target":["https:\/\/repliquemangacine.fr\/collectors-et-goodies-harry-potter\/kit-sceau-et-cire-harry-potter\/"]}]},{"@type":"ImageObject","inLanguage":"en-US","@id":"https:\/\/repliquemangacine.fr\/collectors-et-goodies-harry-potter\/kit-sceau-et-cire-harry-potter\/#primaryimage","url":"https:\/\/repliquemangacine.fr\/wp-content\/uploads\/2024\/02\/coffret-tampon-et-cire-hp-boite.jpg","contentUrl":"https:\/\/repliquemangacine.fr\/wp-content\/uploads\/2024\/02\/coffret-tampon-et-cire-hp-boite.jpg","width":500,"height":500,"caption":"Kit Sceau et Cire Harry Potter"},{"@type":"BreadcrumbList","@id":"https:\/\/repliquemangacine.fr\/collectors-et-goodies-harry-potter\/kit-sceau-et-cire-harry-potter\/#breadcrumb","itemListElement":[{"@type":"ListItem","position":1,"name":"Accueil","item":"https:\/\/repliquemangacine.fr\/"},{"@type":"ListItem","position":2,"name":"Produits","item":"https:\/\/repliquemangacine.fr\/boutique\/"},{"@type":"ListItem","position":3,"name":"Kit Sceau et Cire Harry Potter"}]},{"@type":"WebSite","@id":"https:\/\/repliquemangacine.fr\/#website","url":"https:\/\/repliquemangacine.fr\/","name":"R\u00e9plique Manga Cin\u00e9","description":"","publisher":{"@id":"https:\/\/repliquemangacine.fr\/#organization"},"potentialAction":[{"@type":"SearchAction","target":{"@type":"EntryPoint","urlTemplate":"https:\/\/repliquemangacine.fr\/?s={search_term_string}"},"query-input":{"@type":"PropertyValueSpecification","valueRequired":true,"valueName":"search_term_string"}}],"inLanguage":"en-US"},{"@type":"Organization","@id":"https:\/\/repliquemangacine.fr\/#organization","name":"R\u00e9plique Manga Cin\u00e9","url":"https:\/\/repliquemangacine.fr\/","logo":{"@type":"ImageObject","inLanguage":"en-US","@id":"https:\/\/repliquemangacine.fr\/#\/schema\/logo\/image\/","url":"https:\/\/repliquemangacine.fr\/wp-content\/uploads\/2023\/10\/RMC-500250.png","contentUrl":"https:\/\/repliquemangacine.fr\/wp-content\/uploads\/2023\/10\/RMC-500250.png","width":500,"height":250,"caption":"R\u00e9plique Manga Cin\u00e9"},"image":{"@id":"https:\/\/repliquemangacine.fr\/#\/schema\/logo\/image\/"},"sameAs":["https:\/\/www.facebook.com\/RepliqueMangaCine","https:\/\/www.instagram.com\/repliquemangacine.fr\/"]}]}},"_links":{"self":[{"href":"https:\/\/repliquemangacine.fr\/en\/wp-json\/wp\/v2\/product\/69038","targetHints":{"allow":["GET"]}}],"collection":[{"href":"https:\/\/repliquemangacine.fr\/en\/wp-json\/wp\/v2\/product"}],"about":[{"href":"https:\/\/repliquemangacine.fr\/en\/wp-json\/wp\/v2\/types\/product"}],"wp:featuredmedia":[{"embeddable":true,"href":"https:\/\/repliquemangacine.fr\/en\/wp-json\/wp\/v2\/media\/69041"}],"wp:attachment":[{"href":"https:\/\/repliquemangacine.fr\/en\/wp-json\/wp\/v2\/media?parent=69038"}],"wp:term":[{"taxonomy":"product_brand","embeddable":true,"href":"https:\/\/repliquemangacine.fr\/en\/wp-json\/wp\/v2\/product_brand?post=69038"},{"taxonomy":"product_cat","embeddable":true,"href":"https:\/\/repliquemangacine.fr\/en\/wp-json\/wp\/v2\/product_cat?post=69038"},{"taxonomy":"product_tag","embeddable":true,"href":"https:\/\/repliquemangacine.fr\/en\/wp-json\/wp\/v2\/product_tag?post=69038"}],"curies":[{"name":"wp","href":"https:\/\/api.w.org\/{rel}","templated":true}]}}