





{"id":69030,"date":"2024-02-09T14:55:00","date_gmt":"2024-02-09T13:55:00","guid":{"rendered":"https:\/\/repliquemangacine.fr\/?post_type=product&#038;p=69030"},"modified":"2025-11-18T14:49:26","modified_gmt":"2025-11-18T13:49:26","slug":"harry-potter-calligraphy-kit","status":"publish","type":"product","link":"https:\/\/repliquemangacine.fr\/en\/collectors-et-goodies-harry-potter\/kit-calligraphie-harry-potter\/","title":{"rendered":"Harry Potter Calligraphy Kit"},"content":{"rendered":"<h2>Harry Potter Calligraphy Kit: A Magical Journey into the Art of Writing<\/h2>\n<p>To begin with, discover this fascinating <strong>Harry Potter calligraphy kit. <\/strong>An invitation to plunge into the enchanting world of handwriting with a touch of magic. This exceptional kit is designed for fans of J.K. Rowling's saga and enthusiasts of epistolary art. It includes a beautiful red fountain pen, embossed with Harry Potter, which promises a smooth and elegant writing experience. The included penholder adds an authentic dimension to your calligraphy practice.<\/p>\n<p>The Harry Potter ink bottle is a true collector's item. Accompanied by 5 different-colored ink refills, it offers a wide range of possibilities for embellishing your writing. Whether you're writing letters, invitations or spells, the available shades will inspire your creativity. Finally, the feathered bookmark is the perfect accessory for marking your page in any grimoire or spellbook.<\/p>\n<p>This kit isn't just a set of writing tools; it's a gateway to the magical world of Harry Potter, offering an immersive experience for anyone wishing to enchant their everyday life. In conclusion, the Harry Potter Calligraphy Kit is your passport to a world where writing becomes a magical art.<\/p>\n<h2>Expand Your Collection with Harry Potter Treasures<\/h2>\n<p>Beyond the captivating <strong>Harry Potter Calligraphy Kit<\/strong>our site is overflowing with treasures from the magical world of J.K. Rowling. Among these gems, discover the official figurines of <a href=\"https:\/\/noblecollection.fr\/produits-issus-univers-harry-potter-c-163_10.html\" target=\"_blank\" rel=\"noopener noreferrer\">Noble Collection<\/a>, meticulously detailed collectibles. Each figurine is a tribute to the magic of Harry Potter, perfect for any interior.<\/p>\n<p>For fans of the series, there are also our must-haves <a href=\"https:\/\/repliquemangacine.fr\/en\/harry-potter-collectors-and-goodies\/gryffindor-mug-600-ml\/\">600 ml mugs<\/a> of the four houses. Start your day with a potion of your choice, served in a mug that reminds you that you proudly belong to your house.<\/p>\n<p>Young wizards-to-be will love our 6-piece sets of <a href=\"https:\/\/repliquemangacine.fr\/en\/new-products\/6-piece-gryffindor-set\/\">Gryffindor disguise<\/a> for children, an essential set for any adventure in the Harry Potter universe.<\/p>\n<p>And for the true connoisseur, our collection of <a href=\"https:\/\/repliquemangacine.fr\/en\/harry-potter-character-wands\/\">magic wands<\/a> is absolutely unrivalled. First of all, each wand is a faithful replica of the characters from the saga. Made from high-quality resin, with a metal rod inside to guarantee durability and strength.<\/p>\n<p>Finally, explore our site to immerse yourself in the extraordinary world of Harry Potter. Our diverse selection promises to transport you into the enchanting world of magic.<\/p>\n<h2>Harry Potter Calligraphy Kit: Authentic and Affordable Enchanted Treasures<\/h2>\n<p>Immerse yourself in the magical world of Harry Potter with our exclusive selection of official products, authorized by Warner Bros and distributed by Noble Collection. Each piece is a gateway to the fantastic world of Hogwarts. Offering authenticity and quality at an affordable price to all budding wizards and witches.<\/p>\n<p>Take to the skies with <a href=\"https:\/\/repliquemangacine.fr\/en\/harry-potter-collectors-and-goodies\/firebolt-broom-harry-potter\/\">Firebolt broom<\/a>, a faithful reproduction of the fastest broom in the Harry Potter saga. Distributed by Noble Collection, this broom is not just an impressive piece of decoration. It's an invitation to dream of wild Quidditch matches, making the experience even more real for fans.<\/p>\n<p>The Interactive Chooser is a technological marvel that brings the magic of Hogwarts right into your home. In fact, with its ability to interact and \u201cchoose\u201d your house, the Chooser offers a unique immersive experience.<\/p>\n<p>Finally, the <a href=\"https:\/\/repliquemangacine.fr\/en\/various-goodies\/echiquier-des-sorciers-chess-game-hp\/\">Wizard Chess Set<\/a> is the perfect replica of the game seen in \u201cHarry Potter and the Philosopher's Stone\u201d. Each piece is carefully designed to capture the essence of magical chess, allowing players to immerse themselves in strategic battles worthy of a wizard.<\/p>\n<p>These products, combining fidelity, quality and affordability, are perfect to add to your Harry Potter collection, or to give to a loved one with a passion for this enchanting world. Visit our site to discover these treasures and many more, all guaranteed to bring a touch of magic into your life.<\/p>","protected":false},"excerpt":{"rendered":"<p>Superb calligraphy kit inspired by the Harry Potter saga.<\/p>\n<p>Kit includes :<\/p>\n<ul>\n<li>A red fountain pen with inscription<\/li>\n<li>An aged steel penholder<\/li>\n<li>A bottle of Harry Potter ink<\/li>\n<li>5 multi-color ink refills<\/li>\n<li>A bookmark pen with three ideograms<\/li>\n<li>Boxed set in the saga's colors<\/li>\n<\/ul>\n<p>&nbsp;<\/p>","protected":false},"featured_media":69032,"template":"","meta":[],"product_brand":[896],"product_cat":[87,41],"product_tag":[],"class_list":{"0":"post-69030","1":"product","2":"type-product","3":"status-publish","4":"has-post-thumbnail","6":"product_brand-replique-manga-cine","7":"product_cat-collectors-et-goodies-harry-potter","8":"product_cat-baguettes-et-goodies-harry-potter","10":"first","11":"outofstock","12":"taxable","13":"shipping-taxable","14":"purchasable","15":"product-type-simple"},"yoast_head":"<!-- This site is optimized with the Yoast SEO plugin v27.5 - https:\/\/yoast.com\/product\/yoast-seo-wordpress\/ -->\n<title>Kit Calligraphie Harry Potter | R\u00e9plique Manga Cin\u00e9<\/title>\n<meta name=\"description\" content=\"D\u00e9couvrez ce superbe Kit Calligraphie Harry Potter au meilleur prix. Stylo plume rouge, Porte-plume, 5 recharges d&#039;encres, Plume marque page et id\u00e9ogramme\" \/>\n<meta name=\"robots\" content=\"index, follow, max-snippet:-1, max-image-preview:large, max-video-preview:-1\" \/>\n<link rel=\"canonical\" href=\"https:\/\/repliquemangacine.fr\/en\/harry-potter-collectors-and-goodies\/harry-potter-calligraphy-kit\/\" \/>\n<meta property=\"og:locale\" content=\"en_US\" \/>\n<meta property=\"og:type\" content=\"article\" \/>\n<meta property=\"og:title\" content=\"Kit Calligraphie Harry Potter | R\u00e9plique Manga Cin\u00e9\" \/>\n<meta property=\"og:description\" content=\"D\u00e9couvrez ce superbe Kit Calligraphie Harry Potter au meilleur prix. Stylo plume rouge, Porte-plume, 5 recharges d&#039;encres, Plume marque page et id\u00e9ogramme\" \/>\n<meta property=\"og:url\" content=\"https:\/\/repliquemangacine.fr\/en\/harry-potter-collectors-and-goodies\/harry-potter-calligraphy-kit\/\" \/>\n<meta property=\"og:site_name\" content=\"R\u00e9plique Manga Cin\u00e9\" \/>\n<meta property=\"article:publisher\" content=\"https:\/\/www.facebook.com\/RepliqueMangaCine\" \/>\n<meta property=\"article:modified_time\" content=\"2025-11-18T13:49:26+00:00\" \/>\n<meta property=\"og:image\" content=\"https:\/\/repliquemangacine.fr\/wp-content\/uploads\/2024\/02\/kit-calligraphie-hp.jpg\" \/>\n\t<meta property=\"og:image:width\" content=\"500\" \/>\n\t<meta property=\"og:image:height\" content=\"500\" \/>\n\t<meta property=\"og:image:type\" content=\"image\/jpeg\" \/>\n<meta name=\"twitter:card\" content=\"summary_large_image\" \/>\n<meta name=\"twitter:label1\" content=\"Est. reading time\" \/>\n\t<meta name=\"twitter:data1\" content=\"4 minutes\" \/>\n<script type=\"application\/ld+json\" class=\"yoast-schema-graph\">{\"@context\":\"https:\\\/\\\/schema.org\",\"@graph\":[{\"@type\":\"WebPage\",\"@id\":\"https:\\\/\\\/repliquemangacine.fr\\\/collectors-et-goodies-harry-potter\\\/kit-calligraphie-harry-potter\\\/\",\"url\":\"https:\\\/\\\/repliquemangacine.fr\\\/collectors-et-goodies-harry-potter\\\/kit-calligraphie-harry-potter\\\/\",\"name\":\"Kit Calligraphie Harry Potter | R\u00e9plique Manga Cin\u00e9\",\"isPartOf\":{\"@id\":\"https:\\\/\\\/repliquemangacine.fr\\\/#website\"},\"primaryImageOfPage\":{\"@id\":\"https:\\\/\\\/repliquemangacine.fr\\\/collectors-et-goodies-harry-potter\\\/kit-calligraphie-harry-potter\\\/#primaryimage\"},\"image\":{\"@id\":\"https:\\\/\\\/repliquemangacine.fr\\\/collectors-et-goodies-harry-potter\\\/kit-calligraphie-harry-potter\\\/#primaryimage\"},\"thumbnailUrl\":\"https:\\\/\\\/repliquemangacine.fr\\\/wp-content\\\/uploads\\\/2024\\\/02\\\/kit-calligraphie-hp.jpg\",\"datePublished\":\"2024-02-09T13:55:00+00:00\",\"dateModified\":\"2025-11-18T13:49:26+00:00\",\"description\":\"D\u00e9couvrez ce superbe Kit Calligraphie Harry Potter au meilleur prix. Stylo plume rouge, Porte-plume, 5 recharges d'encres, Plume marque page et id\u00e9ogramme\",\"breadcrumb\":{\"@id\":\"https:\\\/\\\/repliquemangacine.fr\\\/collectors-et-goodies-harry-potter\\\/kit-calligraphie-harry-potter\\\/#breadcrumb\"},\"inLanguage\":\"en-US\",\"potentialAction\":[{\"@type\":\"ReadAction\",\"target\":[\"https:\\\/\\\/repliquemangacine.fr\\\/collectors-et-goodies-harry-potter\\\/kit-calligraphie-harry-potter\\\/\"]}]},{\"@type\":\"ImageObject\",\"inLanguage\":\"en-US\",\"@id\":\"https:\\\/\\\/repliquemangacine.fr\\\/collectors-et-goodies-harry-potter\\\/kit-calligraphie-harry-potter\\\/#primaryimage\",\"url\":\"https:\\\/\\\/repliquemangacine.fr\\\/wp-content\\\/uploads\\\/2024\\\/02\\\/kit-calligraphie-hp.jpg\",\"contentUrl\":\"https:\\\/\\\/repliquemangacine.fr\\\/wp-content\\\/uploads\\\/2024\\\/02\\\/kit-calligraphie-hp.jpg\",\"width\":500,\"height\":500,\"caption\":\"Kit Calligraphie Harry Potter\"},{\"@type\":\"BreadcrumbList\",\"@id\":\"https:\\\/\\\/repliquemangacine.fr\\\/collectors-et-goodies-harry-potter\\\/kit-calligraphie-harry-potter\\\/#breadcrumb\",\"itemListElement\":[{\"@type\":\"ListItem\",\"position\":1,\"name\":\"Accueil\",\"item\":\"https:\\\/\\\/repliquemangacine.fr\\\/\"},{\"@type\":\"ListItem\",\"position\":2,\"name\":\"Produits\",\"item\":\"https:\\\/\\\/repliquemangacine.fr\\\/boutique\\\/\"},{\"@type\":\"ListItem\",\"position\":3,\"name\":\"Kit Calligraphie Harry Potter\"}]},{\"@type\":\"WebSite\",\"@id\":\"https:\\\/\\\/repliquemangacine.fr\\\/#website\",\"url\":\"https:\\\/\\\/repliquemangacine.fr\\\/\",\"name\":\"R\u00e9plique Manga Cin\u00e9\",\"description\":\"\",\"publisher\":{\"@id\":\"https:\\\/\\\/repliquemangacine.fr\\\/#organization\"},\"potentialAction\":[{\"@type\":\"SearchAction\",\"target\":{\"@type\":\"EntryPoint\",\"urlTemplate\":\"https:\\\/\\\/repliquemangacine.fr\\\/?s={search_term_string}\"},\"query-input\":{\"@type\":\"PropertyValueSpecification\",\"valueRequired\":true,\"valueName\":\"search_term_string\"}}],\"inLanguage\":\"en-US\"},{\"@type\":\"Organization\",\"@id\":\"https:\\\/\\\/repliquemangacine.fr\\\/#organization\",\"name\":\"R\u00e9plique Manga Cin\u00e9\",\"url\":\"https:\\\/\\\/repliquemangacine.fr\\\/\",\"logo\":{\"@type\":\"ImageObject\",\"inLanguage\":\"en-US\",\"@id\":\"https:\\\/\\\/repliquemangacine.fr\\\/#\\\/schema\\\/logo\\\/image\\\/\",\"url\":\"https:\\\/\\\/repliquemangacine.fr\\\/wp-content\\\/uploads\\\/2023\\\/10\\\/RMC-500250.png\",\"contentUrl\":\"https:\\\/\\\/repliquemangacine.fr\\\/wp-content\\\/uploads\\\/2023\\\/10\\\/RMC-500250.png\",\"width\":500,\"height\":250,\"caption\":\"R\u00e9plique Manga Cin\u00e9\"},\"image\":{\"@id\":\"https:\\\/\\\/repliquemangacine.fr\\\/#\\\/schema\\\/logo\\\/image\\\/\"},\"sameAs\":[\"https:\\\/\\\/www.facebook.com\\\/RepliqueMangaCine\",\"https:\\\/\\\/www.instagram.com\\\/repliquemangacine.fr\\\/\"]}]}<\/script>\n<!-- \/ Yoast SEO plugin. -->","yoast_head_json":{"title":"Harry Potter Calligraphy Kit | R\u00e9plique Manga Cin\u00e9","description":"Discover this superb Harry Potter Calligraphy Kit at the best price. Red fountain pen, Fountain pen holder, 5 ink refills, Bookmark and ideogram nibs","robots":{"index":"index","follow":"follow","max-snippet":"max-snippet:-1","max-image-preview":"max-image-preview:large","max-video-preview":"max-video-preview:-1"},"canonical":"https:\/\/repliquemangacine.fr\/en\/harry-potter-collectors-and-goodies\/harry-potter-calligraphy-kit\/","og_locale":"en_US","og_type":"article","og_title":"Kit Calligraphie Harry Potter | R\u00e9plique Manga Cin\u00e9","og_description":"D\u00e9couvrez ce superbe Kit Calligraphie Harry Potter au meilleur prix. Stylo plume rouge, Porte-plume, 5 recharges d'encres, Plume marque page et id\u00e9ogramme","og_url":"https:\/\/repliquemangacine.fr\/en\/harry-potter-collectors-and-goodies\/harry-potter-calligraphy-kit\/","og_site_name":"R\u00e9plique Manga Cin\u00e9","article_publisher":"https:\/\/www.facebook.com\/RepliqueMangaCine","article_modified_time":"2025-11-18T13:49:26+00:00","og_image":[{"width":500,"height":500,"url":"https:\/\/repliquemangacine.fr\/wp-content\/uploads\/2024\/02\/kit-calligraphie-hp.jpg","type":"image\/jpeg"}],"twitter_card":"summary_large_image","twitter_misc":{"Est. reading time":"4 minutes"},"schema":{"@context":"https:\/\/schema.org","@graph":[{"@type":"WebPage","@id":"https:\/\/repliquemangacine.fr\/collectors-et-goodies-harry-potter\/kit-calligraphie-harry-potter\/","url":"https:\/\/repliquemangacine.fr\/collectors-et-goodies-harry-potter\/kit-calligraphie-harry-potter\/","name":"Harry Potter Calligraphy Kit | R\u00e9plique Manga Cin\u00e9","isPartOf":{"@id":"https:\/\/repliquemangacine.fr\/#website"},"primaryImageOfPage":{"@id":"https:\/\/repliquemangacine.fr\/collectors-et-goodies-harry-potter\/kit-calligraphie-harry-potter\/#primaryimage"},"image":{"@id":"https:\/\/repliquemangacine.fr\/collectors-et-goodies-harry-potter\/kit-calligraphie-harry-potter\/#primaryimage"},"thumbnailUrl":"https:\/\/repliquemangacine.fr\/wp-content\/uploads\/2024\/02\/kit-calligraphie-hp.jpg","datePublished":"2024-02-09T13:55:00+00:00","dateModified":"2025-11-18T13:49:26+00:00","description":"Discover this superb Harry Potter Calligraphy Kit at the best price. Red fountain pen, Fountain pen holder, 5 ink refills, Bookmark and ideogram nibs","breadcrumb":{"@id":"https:\/\/repliquemangacine.fr\/collectors-et-goodies-harry-potter\/kit-calligraphie-harry-potter\/#breadcrumb"},"inLanguage":"en-US","potentialAction":[{"@type":"ReadAction","target":["https:\/\/repliquemangacine.fr\/collectors-et-goodies-harry-potter\/kit-calligraphie-harry-potter\/"]}]},{"@type":"ImageObject","inLanguage":"en-US","@id":"https:\/\/repliquemangacine.fr\/collectors-et-goodies-harry-potter\/kit-calligraphie-harry-potter\/#primaryimage","url":"https:\/\/repliquemangacine.fr\/wp-content\/uploads\/2024\/02\/kit-calligraphie-hp.jpg","contentUrl":"https:\/\/repliquemangacine.fr\/wp-content\/uploads\/2024\/02\/kit-calligraphie-hp.jpg","width":500,"height":500,"caption":"Kit Calligraphie Harry Potter"},{"@type":"BreadcrumbList","@id":"https:\/\/repliquemangacine.fr\/collectors-et-goodies-harry-potter\/kit-calligraphie-harry-potter\/#breadcrumb","itemListElement":[{"@type":"ListItem","position":1,"name":"Accueil","item":"https:\/\/repliquemangacine.fr\/"},{"@type":"ListItem","position":2,"name":"Produits","item":"https:\/\/repliquemangacine.fr\/boutique\/"},{"@type":"ListItem","position":3,"name":"Kit Calligraphie Harry Potter"}]},{"@type":"WebSite","@id":"https:\/\/repliquemangacine.fr\/#website","url":"https:\/\/repliquemangacine.fr\/","name":"R\u00e9plique Manga Cin\u00e9","description":"","publisher":{"@id":"https:\/\/repliquemangacine.fr\/#organization"},"potentialAction":[{"@type":"SearchAction","target":{"@type":"EntryPoint","urlTemplate":"https:\/\/repliquemangacine.fr\/?s={search_term_string}"},"query-input":{"@type":"PropertyValueSpecification","valueRequired":true,"valueName":"search_term_string"}}],"inLanguage":"en-US"},{"@type":"Organization","@id":"https:\/\/repliquemangacine.fr\/#organization","name":"R\u00e9plique Manga Cin\u00e9","url":"https:\/\/repliquemangacine.fr\/","logo":{"@type":"ImageObject","inLanguage":"en-US","@id":"https:\/\/repliquemangacine.fr\/#\/schema\/logo\/image\/","url":"https:\/\/repliquemangacine.fr\/wp-content\/uploads\/2023\/10\/RMC-500250.png","contentUrl":"https:\/\/repliquemangacine.fr\/wp-content\/uploads\/2023\/10\/RMC-500250.png","width":500,"height":250,"caption":"R\u00e9plique Manga Cin\u00e9"},"image":{"@id":"https:\/\/repliquemangacine.fr\/#\/schema\/logo\/image\/"},"sameAs":["https:\/\/www.facebook.com\/RepliqueMangaCine","https:\/\/www.instagram.com\/repliquemangacine.fr\/"]}]}},"_links":{"self":[{"href":"https:\/\/repliquemangacine.fr\/en\/wp-json\/wp\/v2\/product\/69030","targetHints":{"allow":["GET"]}}],"collection":[{"href":"https:\/\/repliquemangacine.fr\/en\/wp-json\/wp\/v2\/product"}],"about":[{"href":"https:\/\/repliquemangacine.fr\/en\/wp-json\/wp\/v2\/types\/product"}],"wp:featuredmedia":[{"embeddable":true,"href":"https:\/\/repliquemangacine.fr\/en\/wp-json\/wp\/v2\/media\/69032"}],"wp:attachment":[{"href":"https:\/\/repliquemangacine.fr\/en\/wp-json\/wp\/v2\/media?parent=69030"}],"wp:term":[{"taxonomy":"product_brand","embeddable":true,"href":"https:\/\/repliquemangacine.fr\/en\/wp-json\/wp\/v2\/product_brand?post=69030"},{"taxonomy":"product_cat","embeddable":true,"href":"https:\/\/repliquemangacine.fr\/en\/wp-json\/wp\/v2\/product_cat?post=69030"},{"taxonomy":"product_tag","embeddable":true,"href":"https:\/\/repliquemangacine.fr\/en\/wp-json\/wp\/v2\/product_tag?post=69030"}],"curies":[{"name":"wp","href":"https:\/\/api.w.org\/{rel}","templated":true}]}}