





{"id":68780,"date":"2024-02-01T12:12:00","date_gmt":"2024-02-01T11:12:00","guid":{"rendered":"https:\/\/repliquemangacine.fr\/?post_type=product&#038;p=68780"},"modified":"2025-11-18T14:51:14","modified_gmt":"2025-11-18T13:51:14","slug":"harry-potter-calligraphy-set","status":"publish","type":"product","link":"https:\/\/repliquemangacine.fr\/en\/collectors-et-goodies-harry-potter\/coffret-de-calligraphie-harry-potter\/","title":{"rendered":"Harry Potter calligraphy set"},"content":{"rendered":"<h2>Harry Potter Calligraphy Set: A Fans' Exclusive<\/h2>\n<p>To start with, immerse yourself in the magical world of Harry Potter with our <strong>Calligraphy set<\/strong> exclusive. A must-have collector's item for any aspiring wizard or fan of the saga. This complete set offers everything you need to bring your correspondence or artistic creations to life. It includes a notebook decorated in Harry Potter colors, perfect for inscribing your most precious spells or thoughts.<\/p>\n<p>The set also includes a unique feather-shaped bookmark. A resplendent red fountain pen with the Harry Potter name in gold lettering. Five spare nibs for endless writing. A fountain pen holder with an empty bottle (no ink), proudly bearing Harry's name.<\/p>\n<p>For fans of traditional correspondence, the box contains an ink pad featuring the emblems of the four Hogwarts houses. A candle and a special spoon for melting wax. And a bottle of wax to seal your letters with elegance. Finally, the included letter opener adds the perfect finishing touch to your Harry Potter calligraphy set.<\/p>\n<p>It's important to note that this set is more than just a writing kit. It's an invitation to explore your creativity while celebrating the world of Harry Potter. Whether as a gift or to add a unique piece to your collection, this calligraphy set is sure to captivate and inspire.<\/p>\n<h2>Explore Our Harry Potter Universe: Treasures for Collectors and Fans<\/h2>\n<p>Beyond our magnificent <strong>Calligraphy set<\/strong> Harry Potter, our site is brimming with other wonders from the Harry Potter universe, specially designed to enchant the hearts of wizards and witches. Among our selection, discover mugs inspired by the houses of Hogwarts, perfect to accompany your magical mornings or enchanted tea breaks.<\/p>\n<p>Let yourself be seduced by our <a href=\"https:\/\/repliquemangacine.fr\/en\/harry-potter-character-wands\/\">character wands<\/a>, These faithful replicas will make you feel the power of the greatest witches and wizards at your fingertips. Each wand is a work of art, representing the personalities and exploits of its legendary owners.<\/p>\n<p>For admirers, our official figurines distributed by <a href=\"https:\/\/noblecollection.fr\/produits-issus-univers-harry-potter-c-163_10.html\" target=\"_blank\" rel=\"noopener noreferrer\">Noble Collection<\/a> offer unprecedented immersion in the Harry Potter universe.<\/p>\n<p>L'<a href=\"https:\/\/repliquemangacine.fr\/en\/harry-potter-collectors-and-goodies\/harry-potter-godric-gryffindor-sword\/\">Godric Gryffindor sword<\/a>, a majestic replica, is also available for those wishing to own a piece of Hogwarts history.<\/p>\n<p>RMC is your one-stop destination for these collectibles and more, each telling its own magical story. Whether you're looking to add to your collection or give the perfect gift to a Harry Potter fan. In conclusion, you'll find treasures that will spark the imagination and bring a touch of magic to your everyday life.<\/p>","protected":false},"excerpt":{"rendered":"<p>Exclusive! Magnificent Harry Potter calligraphy and wax set including:<\/p>\n<ul>\n<li>A notebook in HP colors<\/li>\n<li>A feather bookmark<\/li>\n<li>A red fountain pen with the name Harry Potter in gold<\/li>\n<li>5 spare feathers<\/li>\n<li>A fountain pen with bottle (empty without ink) bearing Harry's name<\/li>\n<li>HP Four Houses stamp pad<\/li>\n<li>A Candle<\/li>\n<li>A spoon to melt the candle<\/li>\n<li>A bottle of wax<\/li>\n<li>A letter opener<\/li>\n<\/ul>","protected":false},"featured_media":68781,"template":"","meta":[],"product_brand":[896],"product_cat":[87,41],"product_tag":[],"class_list":{"0":"post-68780","1":"product","2":"type-product","3":"status-publish","4":"has-post-thumbnail","6":"product_brand-replique-manga-cine","7":"product_cat-collectors-et-goodies-harry-potter","8":"product_cat-baguettes-et-goodies-harry-potter","10":"first","11":"outofstock","12":"taxable","13":"shipping-taxable","14":"purchasable","15":"product-type-simple"},"yoast_head":"<!-- This site is optimized with the Yoast SEO plugin v27.5 - https:\/\/yoast.com\/product\/yoast-seo-wordpress\/ -->\n<title>Coffret de Calligraphie Harry Potter | R\u00e9plique Manga Cin\u00e9<\/title>\n<meta name=\"description\" content=\"En exclusivit\u00e9 ! Magnifique Coffret de Calligraphie Harry Potter \u00e0 prix bas. Vous trouverez 14 pi\u00e8ces aux couleurs de la saga. Stylo et Plumes, tampon, cire\" \/>\n<meta name=\"robots\" content=\"index, follow, max-snippet:-1, max-image-preview:large, max-video-preview:-1\" \/>\n<link rel=\"canonical\" href=\"https:\/\/repliquemangacine.fr\/en\/harry-potter-collectors-and-goodies\/harry-potter-calligraphy-set\/\" \/>\n<meta property=\"og:locale\" content=\"en_US\" \/>\n<meta property=\"og:type\" content=\"article\" \/>\n<meta property=\"og:title\" content=\"Coffret de Calligraphie Harry Potter | R\u00e9plique Manga Cin\u00e9\" \/>\n<meta property=\"og:description\" content=\"En exclusivit\u00e9 ! Magnifique Coffret de Calligraphie Harry Potter \u00e0 prix bas. Vous trouverez 14 pi\u00e8ces aux couleurs de la saga. Stylo et Plumes, tampon, cire\" \/>\n<meta property=\"og:url\" content=\"https:\/\/repliquemangacine.fr\/en\/harry-potter-collectors-and-goodies\/harry-potter-calligraphy-set\/\" \/>\n<meta property=\"og:site_name\" content=\"R\u00e9plique Manga Cin\u00e9\" \/>\n<meta property=\"article:publisher\" content=\"https:\/\/www.facebook.com\/RepliqueMangaCine\" \/>\n<meta property=\"article:modified_time\" content=\"2025-11-18T13:51:14+00:00\" \/>\n<meta property=\"og:image\" content=\"https:\/\/repliquemangacine.fr\/wp-content\/uploads\/2024\/02\/coffret-ecriture-Harry-Potter.jpg\" \/>\n\t<meta property=\"og:image:width\" content=\"500\" \/>\n\t<meta property=\"og:image:height\" content=\"500\" \/>\n\t<meta property=\"og:image:type\" content=\"image\/jpeg\" \/>\n<meta name=\"twitter:card\" content=\"summary_large_image\" \/>\n<meta name=\"twitter:label1\" content=\"Est. reading time\" \/>\n\t<meta name=\"twitter:data1\" content=\"3 minutes\" \/>\n<script type=\"application\/ld+json\" class=\"yoast-schema-graph\">{\"@context\":\"https:\\\/\\\/schema.org\",\"@graph\":[{\"@type\":\"WebPage\",\"@id\":\"https:\\\/\\\/repliquemangacine.fr\\\/collectors-et-goodies-harry-potter\\\/coffret-de-calligraphie-harry-potter\\\/\",\"url\":\"https:\\\/\\\/repliquemangacine.fr\\\/collectors-et-goodies-harry-potter\\\/coffret-de-calligraphie-harry-potter\\\/\",\"name\":\"Coffret de Calligraphie Harry Potter | R\u00e9plique Manga Cin\u00e9\",\"isPartOf\":{\"@id\":\"https:\\\/\\\/repliquemangacine.fr\\\/#website\"},\"primaryImageOfPage\":{\"@id\":\"https:\\\/\\\/repliquemangacine.fr\\\/collectors-et-goodies-harry-potter\\\/coffret-de-calligraphie-harry-potter\\\/#primaryimage\"},\"image\":{\"@id\":\"https:\\\/\\\/repliquemangacine.fr\\\/collectors-et-goodies-harry-potter\\\/coffret-de-calligraphie-harry-potter\\\/#primaryimage\"},\"thumbnailUrl\":\"https:\\\/\\\/repliquemangacine.fr\\\/wp-content\\\/uploads\\\/2024\\\/02\\\/coffret-ecriture-Harry-Potter.jpg\",\"datePublished\":\"2024-02-01T11:12:00+00:00\",\"dateModified\":\"2025-11-18T13:51:14+00:00\",\"description\":\"En exclusivit\u00e9 ! Magnifique Coffret de Calligraphie Harry Potter \u00e0 prix bas. Vous trouverez 14 pi\u00e8ces aux couleurs de la saga. Stylo et Plumes, tampon, cire\",\"breadcrumb\":{\"@id\":\"https:\\\/\\\/repliquemangacine.fr\\\/collectors-et-goodies-harry-potter\\\/coffret-de-calligraphie-harry-potter\\\/#breadcrumb\"},\"inLanguage\":\"en-US\",\"potentialAction\":[{\"@type\":\"ReadAction\",\"target\":[\"https:\\\/\\\/repliquemangacine.fr\\\/collectors-et-goodies-harry-potter\\\/coffret-de-calligraphie-harry-potter\\\/\"]}]},{\"@type\":\"ImageObject\",\"inLanguage\":\"en-US\",\"@id\":\"https:\\\/\\\/repliquemangacine.fr\\\/collectors-et-goodies-harry-potter\\\/coffret-de-calligraphie-harry-potter\\\/#primaryimage\",\"url\":\"https:\\\/\\\/repliquemangacine.fr\\\/wp-content\\\/uploads\\\/2024\\\/02\\\/coffret-ecriture-Harry-Potter.jpg\",\"contentUrl\":\"https:\\\/\\\/repliquemangacine.fr\\\/wp-content\\\/uploads\\\/2024\\\/02\\\/coffret-ecriture-Harry-Potter.jpg\",\"width\":500,\"height\":500,\"caption\":\"Coffret Calligraphie Harry Potter\"},{\"@type\":\"BreadcrumbList\",\"@id\":\"https:\\\/\\\/repliquemangacine.fr\\\/collectors-et-goodies-harry-potter\\\/coffret-de-calligraphie-harry-potter\\\/#breadcrumb\",\"itemListElement\":[{\"@type\":\"ListItem\",\"position\":1,\"name\":\"Accueil\",\"item\":\"https:\\\/\\\/repliquemangacine.fr\\\/\"},{\"@type\":\"ListItem\",\"position\":2,\"name\":\"Produits\",\"item\":\"https:\\\/\\\/repliquemangacine.fr\\\/boutique\\\/\"},{\"@type\":\"ListItem\",\"position\":3,\"name\":\"Coffret de Calligraphie Harry Potter\"}]},{\"@type\":\"WebSite\",\"@id\":\"https:\\\/\\\/repliquemangacine.fr\\\/#website\",\"url\":\"https:\\\/\\\/repliquemangacine.fr\\\/\",\"name\":\"R\u00e9plique Manga Cin\u00e9\",\"description\":\"\",\"publisher\":{\"@id\":\"https:\\\/\\\/repliquemangacine.fr\\\/#organization\"},\"potentialAction\":[{\"@type\":\"SearchAction\",\"target\":{\"@type\":\"EntryPoint\",\"urlTemplate\":\"https:\\\/\\\/repliquemangacine.fr\\\/?s={search_term_string}\"},\"query-input\":{\"@type\":\"PropertyValueSpecification\",\"valueRequired\":true,\"valueName\":\"search_term_string\"}}],\"inLanguage\":\"en-US\"},{\"@type\":\"Organization\",\"@id\":\"https:\\\/\\\/repliquemangacine.fr\\\/#organization\",\"name\":\"R\u00e9plique Manga Cin\u00e9\",\"url\":\"https:\\\/\\\/repliquemangacine.fr\\\/\",\"logo\":{\"@type\":\"ImageObject\",\"inLanguage\":\"en-US\",\"@id\":\"https:\\\/\\\/repliquemangacine.fr\\\/#\\\/schema\\\/logo\\\/image\\\/\",\"url\":\"https:\\\/\\\/repliquemangacine.fr\\\/wp-content\\\/uploads\\\/2023\\\/10\\\/RMC-500250.png\",\"contentUrl\":\"https:\\\/\\\/repliquemangacine.fr\\\/wp-content\\\/uploads\\\/2023\\\/10\\\/RMC-500250.png\",\"width\":500,\"height\":250,\"caption\":\"R\u00e9plique Manga Cin\u00e9\"},\"image\":{\"@id\":\"https:\\\/\\\/repliquemangacine.fr\\\/#\\\/schema\\\/logo\\\/image\\\/\"},\"sameAs\":[\"https:\\\/\\\/www.facebook.com\\\/RepliqueMangaCine\",\"https:\\\/\\\/www.instagram.com\\\/repliquemangacine.fr\\\/\"]}]}<\/script>\n<!-- \/ Yoast SEO plugin. -->","yoast_head_json":{"title":"Harry Potter Calligraphy Set | R\u00e9plique Manga Cin\u00e9","description":"Exclusive! Magnificent Harry Potter Calligraphy Set at low price. You'll find 14 pieces in the colors of the saga. Pen and nib, stamp, wax","robots":{"index":"index","follow":"follow","max-snippet":"max-snippet:-1","max-image-preview":"max-image-preview:large","max-video-preview":"max-video-preview:-1"},"canonical":"https:\/\/repliquemangacine.fr\/en\/harry-potter-collectors-and-goodies\/harry-potter-calligraphy-set\/","og_locale":"en_US","og_type":"article","og_title":"Coffret de Calligraphie Harry Potter | R\u00e9plique Manga Cin\u00e9","og_description":"En exclusivit\u00e9 ! Magnifique Coffret de Calligraphie Harry Potter \u00e0 prix bas. Vous trouverez 14 pi\u00e8ces aux couleurs de la saga. Stylo et Plumes, tampon, cire","og_url":"https:\/\/repliquemangacine.fr\/en\/harry-potter-collectors-and-goodies\/harry-potter-calligraphy-set\/","og_site_name":"R\u00e9plique Manga Cin\u00e9","article_publisher":"https:\/\/www.facebook.com\/RepliqueMangaCine","article_modified_time":"2025-11-18T13:51:14+00:00","og_image":[{"width":500,"height":500,"url":"https:\/\/repliquemangacine.fr\/wp-content\/uploads\/2024\/02\/coffret-ecriture-Harry-Potter.jpg","type":"image\/jpeg"}],"twitter_card":"summary_large_image","twitter_misc":{"Est. reading time":"3 minutes"},"schema":{"@context":"https:\/\/schema.org","@graph":[{"@type":"WebPage","@id":"https:\/\/repliquemangacine.fr\/collectors-et-goodies-harry-potter\/coffret-de-calligraphie-harry-potter\/","url":"https:\/\/repliquemangacine.fr\/collectors-et-goodies-harry-potter\/coffret-de-calligraphie-harry-potter\/","name":"Harry Potter Calligraphy Set | R\u00e9plique Manga Cin\u00e9","isPartOf":{"@id":"https:\/\/repliquemangacine.fr\/#website"},"primaryImageOfPage":{"@id":"https:\/\/repliquemangacine.fr\/collectors-et-goodies-harry-potter\/coffret-de-calligraphie-harry-potter\/#primaryimage"},"image":{"@id":"https:\/\/repliquemangacine.fr\/collectors-et-goodies-harry-potter\/coffret-de-calligraphie-harry-potter\/#primaryimage"},"thumbnailUrl":"https:\/\/repliquemangacine.fr\/wp-content\/uploads\/2024\/02\/coffret-ecriture-Harry-Potter.jpg","datePublished":"2024-02-01T11:12:00+00:00","dateModified":"2025-11-18T13:51:14+00:00","description":"Exclusive! Magnificent Harry Potter Calligraphy Set at low price. You'll find 14 pieces in the colors of the saga. Pen and nib, stamp, wax","breadcrumb":{"@id":"https:\/\/repliquemangacine.fr\/collectors-et-goodies-harry-potter\/coffret-de-calligraphie-harry-potter\/#breadcrumb"},"inLanguage":"en-US","potentialAction":[{"@type":"ReadAction","target":["https:\/\/repliquemangacine.fr\/collectors-et-goodies-harry-potter\/coffret-de-calligraphie-harry-potter\/"]}]},{"@type":"ImageObject","inLanguage":"en-US","@id":"https:\/\/repliquemangacine.fr\/collectors-et-goodies-harry-potter\/coffret-de-calligraphie-harry-potter\/#primaryimage","url":"https:\/\/repliquemangacine.fr\/wp-content\/uploads\/2024\/02\/coffret-ecriture-Harry-Potter.jpg","contentUrl":"https:\/\/repliquemangacine.fr\/wp-content\/uploads\/2024\/02\/coffret-ecriture-Harry-Potter.jpg","width":500,"height":500,"caption":"Coffret Calligraphie Harry Potter"},{"@type":"BreadcrumbList","@id":"https:\/\/repliquemangacine.fr\/collectors-et-goodies-harry-potter\/coffret-de-calligraphie-harry-potter\/#breadcrumb","itemListElement":[{"@type":"ListItem","position":1,"name":"Accueil","item":"https:\/\/repliquemangacine.fr\/"},{"@type":"ListItem","position":2,"name":"Produits","item":"https:\/\/repliquemangacine.fr\/boutique\/"},{"@type":"ListItem","position":3,"name":"Coffret de Calligraphie Harry Potter"}]},{"@type":"WebSite","@id":"https:\/\/repliquemangacine.fr\/#website","url":"https:\/\/repliquemangacine.fr\/","name":"R\u00e9plique Manga Cin\u00e9","description":"","publisher":{"@id":"https:\/\/repliquemangacine.fr\/#organization"},"potentialAction":[{"@type":"SearchAction","target":{"@type":"EntryPoint","urlTemplate":"https:\/\/repliquemangacine.fr\/?s={search_term_string}"},"query-input":{"@type":"PropertyValueSpecification","valueRequired":true,"valueName":"search_term_string"}}],"inLanguage":"en-US"},{"@type":"Organization","@id":"https:\/\/repliquemangacine.fr\/#organization","name":"R\u00e9plique Manga Cin\u00e9","url":"https:\/\/repliquemangacine.fr\/","logo":{"@type":"ImageObject","inLanguage":"en-US","@id":"https:\/\/repliquemangacine.fr\/#\/schema\/logo\/image\/","url":"https:\/\/repliquemangacine.fr\/wp-content\/uploads\/2023\/10\/RMC-500250.png","contentUrl":"https:\/\/repliquemangacine.fr\/wp-content\/uploads\/2023\/10\/RMC-500250.png","width":500,"height":250,"caption":"R\u00e9plique Manga Cin\u00e9"},"image":{"@id":"https:\/\/repliquemangacine.fr\/#\/schema\/logo\/image\/"},"sameAs":["https:\/\/www.facebook.com\/RepliqueMangaCine","https:\/\/www.instagram.com\/repliquemangacine.fr\/"]}]}},"_links":{"self":[{"href":"https:\/\/repliquemangacine.fr\/en\/wp-json\/wp\/v2\/product\/68780","targetHints":{"allow":["GET"]}}],"collection":[{"href":"https:\/\/repliquemangacine.fr\/en\/wp-json\/wp\/v2\/product"}],"about":[{"href":"https:\/\/repliquemangacine.fr\/en\/wp-json\/wp\/v2\/types\/product"}],"wp:featuredmedia":[{"embeddable":true,"href":"https:\/\/repliquemangacine.fr\/en\/wp-json\/wp\/v2\/media\/68781"}],"wp:attachment":[{"href":"https:\/\/repliquemangacine.fr\/en\/wp-json\/wp\/v2\/media?parent=68780"}],"wp:term":[{"taxonomy":"product_brand","embeddable":true,"href":"https:\/\/repliquemangacine.fr\/en\/wp-json\/wp\/v2\/product_brand?post=68780"},{"taxonomy":"product_cat","embeddable":true,"href":"https:\/\/repliquemangacine.fr\/en\/wp-json\/wp\/v2\/product_cat?post=68780"},{"taxonomy":"product_tag","embeddable":true,"href":"https:\/\/repliquemangacine.fr\/en\/wp-json\/wp\/v2\/product_tag?post=68780"}],"curies":[{"name":"wp","href":"https:\/\/api.w.org\/{rel}","templated":true}]}}