





{"id":68762,"date":"2024-01-31T15:47:56","date_gmt":"2024-01-31T14:47:56","guid":{"rendered":"https:\/\/repliquemangacine.fr\/?post_type=product&#038;p=68762"},"modified":"2025-11-18T14:52:55","modified_gmt":"2025-11-18T13:52:55","slug":"mug-serdaigle-600-ml","status":"publish","type":"product","link":"https:\/\/repliquemangacine.fr\/en\/collectors-et-goodies-harry-potter\/mug-serdaigle-600-ml\/","title":{"rendered":"Slytherin mug 600 ml"},"content":{"rendered":"<h2>Slytherin Mug: A Tribute to Intelligence and Creativity<\/h2>\n<p>Firstly, the<strong>Slytherin mug<\/strong>\u201cThis beautifully designed mug is a must-have for fans of Hogwarts' Slytherin house. The 600-ml mug is made of resin and hand-painted, highlighting the craftsmanship of our artisans. On a blue background, the emblematic color of Slytherin, adorned with the house crest, representing the eagle. Symbolizing wisdom and intelligence. On the other side of the mug, the eagle's head. Depicted with impressive precision, capturing the noble and perceptive spirit of Serdaigle.<\/p>\n<p>The eagle-shaped handle adds an elegant touch and offers a comfortable, secure grip. The mug's aluminum interior guarantees not only a long service life, but also optimum temperature retention of your drinks, whether hot or cold. This mug is not only a practical item for your everyday life, but also a collector's item. It's the perfect choice for fans who want a product that's aesthetically pleasing, high quality and steeped in the magic of the Harry Potter universe.<\/p>\n<h2>Mug Serdaigle and Diversified Collection: Affordable Quality and Price<\/h2>\n<p>The \"<strong>Slytherin mug<\/strong>\u201dis just the beginning in our range of Harry Potter products offering excellent value for money. In addition to this mug, we're proud to present a variety of items for fans at affordable prices. Our collection includes children's costume sets, so that the youngest can slip into the skin of their favorite characters.<\/p>\n<p>In addition, we offer all the replica character rods whose <a href=\"https:\/\/repliquemangacine.fr\/en\/harry-potter-character-wands\/luna-lovegood-rod-high-quality-metal-core\/\">Luna Lovegood's wand<\/a>. There is also the famous <a href=\"https:\/\/repliquemangacine.fr\/en\/harry-potter-collectors-and-goodies\/harry-potter-interactive-hat\/\">Selection<\/a>known for allocating students to the various Hogwarts houses. As well as finely crafted figurines distributed by <a href=\"https:\/\/noblecollection.fr\/produits-issus-univers-harry-potter-c-163_10.html\" target=\"_blank\" rel=\"noopener noreferrer\">Noble Collection<\/a>. You will also have the pleasure of discovering the <a href=\"https:\/\/repliquemangacine.fr\/en\/harry-potter-collectors-and-goodies\/firebolt-broom-harry-potter\/\">Firebolt broom<\/a> under official license, drawn from the Warner Bros. archives.<\/p>\n<p>At RMC, you'll find high-quality items that celebrate the magic of Harry Potter, all at prices that make magic accessible to everyone.<\/p>\n<h2>Explore the magic of the Serdaigle house<\/h2>\n<p>Slytherin (Ravenclaw) is one of the four houses of Hogwarts School of Witchcraft and Wizardry in \u201dHarry Potter\u201d. Founded by Rowena Serdaigle, this house is renowned for valuing intelligence, creativity, wisdom and learning. Slytherin students are often described as inquisitive, eager to learn and innovative in their approach to magic.<\/p>\n<p>Serdaigle's symbol is the eagle, and its colors are blue. The Serdaigle common room is located at the top of a Hogwarts tower, offering a breathtaking view of the surrounding landscape. It is famous for its peaceful atmosphere, conducive to study and reflection.<\/p>\n<p>Notable Serdaigle characters include Luna Lovegood, known for her quirky wit and unique point of view, and Cho Chang, a talented student of spells. Seraigle is often associated with academic excellence and a thoughtful, open-minded approach to life.<\/p>\n<p>Slytherin merchandise, such as wand replicas, house-colored clothing and eagle accessories, is very popular with Harry Potter fans. These products enable admirers of the house to celebrate their love of knowledge, wisdom and originality.<\/p>","protected":false},"excerpt":{"rendered":"<p>Superb mug inspired by the Serdaigle house in Harry Potter.<\/p>\n<ul>\n<li>Aluminum interior<\/li>\n<li>Hand-painted<\/li>\n<li>The resin mug is finely decorated<\/li>\n<li>Eagle-shaped resin handle<\/li>\n<li>Capacity: 600 ml<\/li>\n<li>Height: 15 cm - Diameter: 9.5 cm<\/li>\n<\/ul>","protected":false},"featured_media":68764,"template":"","meta":[],"product_brand":[896],"product_cat":[87,41],"product_tag":[],"class_list":{"0":"post-68762","1":"product","2":"type-product","3":"status-publish","4":"has-post-thumbnail","6":"product_brand-replique-manga-cine","7":"product_cat-collectors-et-goodies-harry-potter","8":"product_cat-baguettes-et-goodies-harry-potter","10":"first","11":"outofstock","12":"taxable","13":"shipping-taxable","14":"purchasable","15":"product-type-simple"},"yoast_head":"<!-- This site is optimized with the Yoast SEO plugin v27.4 - https:\/\/yoast.com\/product\/yoast-seo-wordpress\/ -->\n<title>Mug Serdaigle 600 ml - Harry Potter | R\u00e9plique Manga Cin\u00e9<\/title>\n<meta name=\"description\" content=\"D\u00e9couvrez ce superbe Mug Serdaigle 600 ml dans Harry Potter au meilleur prix. Int\u00e9rieur en Aluminium. Poign\u00e9e en forme d&#039;aigle. D\u00e9cor\u00e9 et Peint \u00e0 la main.\" \/>\n<meta name=\"robots\" content=\"index, follow, max-snippet:-1, max-image-preview:large, max-video-preview:-1\" \/>\n<link rel=\"canonical\" href=\"https:\/\/repliquemangacine.fr\/en\/harry-potter-collectors-and-goodies\/mug-serdaigle-600-ml\/\" \/>\n<meta property=\"og:locale\" content=\"en_US\" \/>\n<meta property=\"og:type\" content=\"article\" \/>\n<meta property=\"og:title\" content=\"Mug Serdaigle 600 ml - Harry Potter | R\u00e9plique Manga Cin\u00e9\" \/>\n<meta property=\"og:description\" content=\"D\u00e9couvrez ce superbe Mug Serdaigle 600 ml dans Harry Potter au meilleur prix. Int\u00e9rieur en Aluminium. Poign\u00e9e en forme d&#039;aigle. D\u00e9cor\u00e9 et Peint \u00e0 la main.\" \/>\n<meta property=\"og:url\" content=\"https:\/\/repliquemangacine.fr\/en\/harry-potter-collectors-and-goodies\/mug-serdaigle-600-ml\/\" \/>\n<meta property=\"og:site_name\" content=\"R\u00e9plique Manga Cin\u00e9\" \/>\n<meta property=\"article:publisher\" content=\"https:\/\/www.facebook.com\/RepliqueMangaCine\" \/>\n<meta property=\"article:modified_time\" content=\"2025-11-18T13:52:55+00:00\" \/>\n<meta property=\"og:image\" content=\"https:\/\/repliquemangacine.fr\/wp-content\/uploads\/2024\/01\/Mug-Serdaigle.jpg\" \/>\n\t<meta property=\"og:image:width\" content=\"500\" \/>\n\t<meta property=\"og:image:height\" content=\"500\" \/>\n\t<meta property=\"og:image:type\" content=\"image\/jpeg\" \/>\n<meta name=\"twitter:card\" content=\"summary_large_image\" \/>\n<meta name=\"twitter:label1\" content=\"Est. reading time\" \/>\n\t<meta name=\"twitter:data1\" content=\"4 minutes\" \/>\n<script type=\"application\/ld+json\" class=\"yoast-schema-graph\">{\"@context\":\"https:\\\/\\\/schema.org\",\"@graph\":[{\"@type\":\"WebPage\",\"@id\":\"https:\\\/\\\/repliquemangacine.fr\\\/collectors-et-goodies-harry-potter\\\/mug-serdaigle-600-ml\\\/\",\"url\":\"https:\\\/\\\/repliquemangacine.fr\\\/collectors-et-goodies-harry-potter\\\/mug-serdaigle-600-ml\\\/\",\"name\":\"Mug Serdaigle 600 ml - Harry Potter | R\u00e9plique Manga Cin\u00e9\",\"isPartOf\":{\"@id\":\"https:\\\/\\\/repliquemangacine.fr\\\/#website\"},\"primaryImageOfPage\":{\"@id\":\"https:\\\/\\\/repliquemangacine.fr\\\/collectors-et-goodies-harry-potter\\\/mug-serdaigle-600-ml\\\/#primaryimage\"},\"image\":{\"@id\":\"https:\\\/\\\/repliquemangacine.fr\\\/collectors-et-goodies-harry-potter\\\/mug-serdaigle-600-ml\\\/#primaryimage\"},\"thumbnailUrl\":\"https:\\\/\\\/repliquemangacine.fr\\\/wp-content\\\/uploads\\\/2024\\\/01\\\/Mug-Serdaigle.jpg\",\"datePublished\":\"2024-01-31T14:47:56+00:00\",\"dateModified\":\"2025-11-18T13:52:55+00:00\",\"description\":\"D\u00e9couvrez ce superbe Mug Serdaigle 600 ml dans Harry Potter au meilleur prix. Int\u00e9rieur en Aluminium. Poign\u00e9e en forme d'aigle. D\u00e9cor\u00e9 et Peint \u00e0 la main.\",\"breadcrumb\":{\"@id\":\"https:\\\/\\\/repliquemangacine.fr\\\/collectors-et-goodies-harry-potter\\\/mug-serdaigle-600-ml\\\/#breadcrumb\"},\"inLanguage\":\"en-US\",\"potentialAction\":[{\"@type\":\"ReadAction\",\"target\":[\"https:\\\/\\\/repliquemangacine.fr\\\/collectors-et-goodies-harry-potter\\\/mug-serdaigle-600-ml\\\/\"]}]},{\"@type\":\"ImageObject\",\"inLanguage\":\"en-US\",\"@id\":\"https:\\\/\\\/repliquemangacine.fr\\\/collectors-et-goodies-harry-potter\\\/mug-serdaigle-600-ml\\\/#primaryimage\",\"url\":\"https:\\\/\\\/repliquemangacine.fr\\\/wp-content\\\/uploads\\\/2024\\\/01\\\/Mug-Serdaigle.jpg\",\"contentUrl\":\"https:\\\/\\\/repliquemangacine.fr\\\/wp-content\\\/uploads\\\/2024\\\/01\\\/Mug-Serdaigle.jpg\",\"width\":500,\"height\":500,\"caption\":\"Mug Serdaigle Harry Potter\"},{\"@type\":\"BreadcrumbList\",\"@id\":\"https:\\\/\\\/repliquemangacine.fr\\\/collectors-et-goodies-harry-potter\\\/mug-serdaigle-600-ml\\\/#breadcrumb\",\"itemListElement\":[{\"@type\":\"ListItem\",\"position\":1,\"name\":\"Accueil\",\"item\":\"https:\\\/\\\/repliquemangacine.fr\\\/\"},{\"@type\":\"ListItem\",\"position\":2,\"name\":\"Produits\",\"item\":\"https:\\\/\\\/repliquemangacine.fr\\\/boutique\\\/\"},{\"@type\":\"ListItem\",\"position\":3,\"name\":\"Mug Serdaigle 600 ml\"}]},{\"@type\":\"WebSite\",\"@id\":\"https:\\\/\\\/repliquemangacine.fr\\\/#website\",\"url\":\"https:\\\/\\\/repliquemangacine.fr\\\/\",\"name\":\"R\u00e9plique Manga Cin\u00e9\",\"description\":\"\",\"publisher\":{\"@id\":\"https:\\\/\\\/repliquemangacine.fr\\\/#organization\"},\"potentialAction\":[{\"@type\":\"SearchAction\",\"target\":{\"@type\":\"EntryPoint\",\"urlTemplate\":\"https:\\\/\\\/repliquemangacine.fr\\\/?s={search_term_string}\"},\"query-input\":{\"@type\":\"PropertyValueSpecification\",\"valueRequired\":true,\"valueName\":\"search_term_string\"}}],\"inLanguage\":\"en-US\"},{\"@type\":\"Organization\",\"@id\":\"https:\\\/\\\/repliquemangacine.fr\\\/#organization\",\"name\":\"R\u00e9plique Manga Cin\u00e9\",\"url\":\"https:\\\/\\\/repliquemangacine.fr\\\/\",\"logo\":{\"@type\":\"ImageObject\",\"inLanguage\":\"en-US\",\"@id\":\"https:\\\/\\\/repliquemangacine.fr\\\/#\\\/schema\\\/logo\\\/image\\\/\",\"url\":\"https:\\\/\\\/repliquemangacine.fr\\\/wp-content\\\/uploads\\\/2023\\\/10\\\/RMC-500250.png\",\"contentUrl\":\"https:\\\/\\\/repliquemangacine.fr\\\/wp-content\\\/uploads\\\/2023\\\/10\\\/RMC-500250.png\",\"width\":500,\"height\":250,\"caption\":\"R\u00e9plique Manga Cin\u00e9\"},\"image\":{\"@id\":\"https:\\\/\\\/repliquemangacine.fr\\\/#\\\/schema\\\/logo\\\/image\\\/\"},\"sameAs\":[\"https:\\\/\\\/www.facebook.com\\\/RepliqueMangaCine\",\"https:\\\/\\\/www.instagram.com\\\/repliquemangacine.fr\\\/\"]}]}<\/script>\n<!-- \/ Yoast SEO plugin. -->","yoast_head_json":{"title":"Mug Serdaigle 600 ml - Harry Potter | R\u00e9plique Manga Cin\u00e9","description":"Discover this superb 600 ml Serdaigle Mug in Harry Potter at the best price. Aluminium interior. Eagle-shaped handle. Decorated and hand-painted.","robots":{"index":"index","follow":"follow","max-snippet":"max-snippet:-1","max-image-preview":"max-image-preview:large","max-video-preview":"max-video-preview:-1"},"canonical":"https:\/\/repliquemangacine.fr\/en\/harry-potter-collectors-and-goodies\/mug-serdaigle-600-ml\/","og_locale":"en_US","og_type":"article","og_title":"Mug Serdaigle 600 ml - Harry Potter | R\u00e9plique Manga Cin\u00e9","og_description":"D\u00e9couvrez ce superbe Mug Serdaigle 600 ml dans Harry Potter au meilleur prix. Int\u00e9rieur en Aluminium. Poign\u00e9e en forme d'aigle. D\u00e9cor\u00e9 et Peint \u00e0 la main.","og_url":"https:\/\/repliquemangacine.fr\/en\/harry-potter-collectors-and-goodies\/mug-serdaigle-600-ml\/","og_site_name":"R\u00e9plique Manga Cin\u00e9","article_publisher":"https:\/\/www.facebook.com\/RepliqueMangaCine","article_modified_time":"2025-11-18T13:52:55+00:00","og_image":[{"width":500,"height":500,"url":"https:\/\/repliquemangacine.fr\/wp-content\/uploads\/2024\/01\/Mug-Serdaigle.jpg","type":"image\/jpeg"}],"twitter_card":"summary_large_image","twitter_misc":{"Est. reading time":"4 minutes"},"schema":{"@context":"https:\/\/schema.org","@graph":[{"@type":"WebPage","@id":"https:\/\/repliquemangacine.fr\/collectors-et-goodies-harry-potter\/mug-serdaigle-600-ml\/","url":"https:\/\/repliquemangacine.fr\/collectors-et-goodies-harry-potter\/mug-serdaigle-600-ml\/","name":"Mug Serdaigle 600 ml - Harry Potter | R\u00e9plique Manga Cin\u00e9","isPartOf":{"@id":"https:\/\/repliquemangacine.fr\/#website"},"primaryImageOfPage":{"@id":"https:\/\/repliquemangacine.fr\/collectors-et-goodies-harry-potter\/mug-serdaigle-600-ml\/#primaryimage"},"image":{"@id":"https:\/\/repliquemangacine.fr\/collectors-et-goodies-harry-potter\/mug-serdaigle-600-ml\/#primaryimage"},"thumbnailUrl":"https:\/\/repliquemangacine.fr\/wp-content\/uploads\/2024\/01\/Mug-Serdaigle.jpg","datePublished":"2024-01-31T14:47:56+00:00","dateModified":"2025-11-18T13:52:55+00:00","description":"Discover this superb 600 ml Serdaigle Mug in Harry Potter at the best price. Aluminium interior. Eagle-shaped handle. Decorated and hand-painted.","breadcrumb":{"@id":"https:\/\/repliquemangacine.fr\/collectors-et-goodies-harry-potter\/mug-serdaigle-600-ml\/#breadcrumb"},"inLanguage":"en-US","potentialAction":[{"@type":"ReadAction","target":["https:\/\/repliquemangacine.fr\/collectors-et-goodies-harry-potter\/mug-serdaigle-600-ml\/"]}]},{"@type":"ImageObject","inLanguage":"en-US","@id":"https:\/\/repliquemangacine.fr\/collectors-et-goodies-harry-potter\/mug-serdaigle-600-ml\/#primaryimage","url":"https:\/\/repliquemangacine.fr\/wp-content\/uploads\/2024\/01\/Mug-Serdaigle.jpg","contentUrl":"https:\/\/repliquemangacine.fr\/wp-content\/uploads\/2024\/01\/Mug-Serdaigle.jpg","width":500,"height":500,"caption":"Mug Serdaigle Harry Potter"},{"@type":"BreadcrumbList","@id":"https:\/\/repliquemangacine.fr\/collectors-et-goodies-harry-potter\/mug-serdaigle-600-ml\/#breadcrumb","itemListElement":[{"@type":"ListItem","position":1,"name":"Accueil","item":"https:\/\/repliquemangacine.fr\/"},{"@type":"ListItem","position":2,"name":"Produits","item":"https:\/\/repliquemangacine.fr\/boutique\/"},{"@type":"ListItem","position":3,"name":"Mug Serdaigle 600 ml"}]},{"@type":"WebSite","@id":"https:\/\/repliquemangacine.fr\/#website","url":"https:\/\/repliquemangacine.fr\/","name":"R\u00e9plique Manga Cin\u00e9","description":"","publisher":{"@id":"https:\/\/repliquemangacine.fr\/#organization"},"potentialAction":[{"@type":"SearchAction","target":{"@type":"EntryPoint","urlTemplate":"https:\/\/repliquemangacine.fr\/?s={search_term_string}"},"query-input":{"@type":"PropertyValueSpecification","valueRequired":true,"valueName":"search_term_string"}}],"inLanguage":"en-US"},{"@type":"Organization","@id":"https:\/\/repliquemangacine.fr\/#organization","name":"R\u00e9plique Manga Cin\u00e9","url":"https:\/\/repliquemangacine.fr\/","logo":{"@type":"ImageObject","inLanguage":"en-US","@id":"https:\/\/repliquemangacine.fr\/#\/schema\/logo\/image\/","url":"https:\/\/repliquemangacine.fr\/wp-content\/uploads\/2023\/10\/RMC-500250.png","contentUrl":"https:\/\/repliquemangacine.fr\/wp-content\/uploads\/2023\/10\/RMC-500250.png","width":500,"height":250,"caption":"R\u00e9plique Manga Cin\u00e9"},"image":{"@id":"https:\/\/repliquemangacine.fr\/#\/schema\/logo\/image\/"},"sameAs":["https:\/\/www.facebook.com\/RepliqueMangaCine","https:\/\/www.instagram.com\/repliquemangacine.fr\/"]}]}},"_links":{"self":[{"href":"https:\/\/repliquemangacine.fr\/en\/wp-json\/wp\/v2\/product\/68762","targetHints":{"allow":["GET"]}}],"collection":[{"href":"https:\/\/repliquemangacine.fr\/en\/wp-json\/wp\/v2\/product"}],"about":[{"href":"https:\/\/repliquemangacine.fr\/en\/wp-json\/wp\/v2\/types\/product"}],"wp:featuredmedia":[{"embeddable":true,"href":"https:\/\/repliquemangacine.fr\/en\/wp-json\/wp\/v2\/media\/68764"}],"wp:attachment":[{"href":"https:\/\/repliquemangacine.fr\/en\/wp-json\/wp\/v2\/media?parent=68762"}],"wp:term":[{"taxonomy":"product_brand","embeddable":true,"href":"https:\/\/repliquemangacine.fr\/en\/wp-json\/wp\/v2\/product_brand?post=68762"},{"taxonomy":"product_cat","embeddable":true,"href":"https:\/\/repliquemangacine.fr\/en\/wp-json\/wp\/v2\/product_cat?post=68762"},{"taxonomy":"product_tag","embeddable":true,"href":"https:\/\/repliquemangacine.fr\/en\/wp-json\/wp\/v2\/product_tag?post=68762"}],"curies":[{"name":"wp","href":"https:\/\/api.w.org\/{rel}","templated":true}]}}