





{"id":68747,"date":"2024-01-31T12:32:53","date_gmt":"2024-01-31T11:32:53","guid":{"rendered":"https:\/\/repliquemangacine.fr\/?post_type=product&#038;p=68747"},"modified":"2026-03-02T19:30:22","modified_gmt":"2026-03-02T18:30:22","slug":"gryffindor-mug-600-ml","status":"publish","type":"product","link":"https:\/\/repliquemangacine.fr\/en\/collectors-et-goodies-harry-potter\/mug-gryffondor-600-ml\/","title":{"rendered":"Gryffindor mug 600 ml"},"content":{"rendered":"<h2>Gryffindor Mug: A Unique Collector's Piece<\/h2>\n<p>Firstly, the<strong>Gryffindor mug<\/strong>\"is an exceptional creation for Harry Potter fans, combining aesthetics and quality. With a capacity of 600 ml, this hand-painted resin mug is a true masterpiece. Its striking design features a bright red background, the emblematic color of the Gryffindor house, on which the house crest proudly stands, a symbol of courage and bravery. On the other side of the mug, the lion's head, emblematic of Gryffindor, is depicted with careful attention to detail, capturing the heroic spirit and strength of character of the house. The lion-shaped handle adds a distinctive, ergonomic touch, making every use of the mug unique.<\/p>\n<p>It's worth pointing out that the mug's aluminum interior is not just an aesthetic choice, but also a practical one. In fact, it ensures the mug's durability and its ability to maintain the temperature of drinks, whether hot or cold. This mug is not just a utilitarian object, it's a collector's item. Reflecting the boldness and nobility of Gryffindor. Ideal for everyday use or as a decorative element. The \"Gryffindor Mug\" is the perfect gift for fans of the saga, combining quality with excellent value for money.<\/p>\n<h2>Discover Our Vast Harry Potter Collection<\/h2>\n<p>In addition to the splendid<strong>Gryffindor mug<\/strong>\"Our store offers a wide range of Harry Potter-derived products, designed to captivate the hearts of budding wizards and witches. Among our treasures, you'll find replicas of <a href=\"https:\/\/repliquemangacine.fr\/en\/harry-potter-character-wands\/\">character chopsticks<\/a> such as Harry, Hermione and Ron. Each wand is a faithful reproduction of those used in the films, offering fans an authentic experience. We also offer the Hedwige plush, Harry's faithful owl, perfect for accompanying young wizards.<\/p>\n<p>For collectors, our <a href=\"https:\/\/repliquemangacine.fr\/en\/various-goodies\/14-piece-harry-potter-set\/\">collector's boxes<\/a> key rings are a must. They're a stylish and practical way to carry a piece of Harry Potter magic with you wherever you go. What's more, our <a href=\"https:\/\/repliquemangacine.fr\/en\/various-goodies\/echiquier-des-sorciers-chess-game-hp\/\">Harry Potter chessboard<\/a> is an exceptional collector's item. Available officially from <a href=\"https:\/\/noblecollection.fr\/produits-issus-univers-harry-potter-c-163_10.html\" target=\"_blank\" rel=\"noopener noreferrer\">Noble Collection<\/a>This chessboard is a magnificent decorative object. With these products and many more, our store is the ideal destination for all Harry Potter fans, offering quality, authenticity and a wide variety of items to satisfy every magical craving.<\/p>\n<h2>Gryffindor Mug and Diversified Collection: Affordable Quality and Price<\/h2>\n<p>The \"<strong>Gryffindor mug<\/strong>\"is just the beginning in our range of Harry Potter products offering excellent value for money. In addition to this mug, rich in detail and character, we are proud to present a varied selection of items for all fans, at affordable prices. Our collection includes children's costume sets, perfect for allowing youngsters to slip into the skin of their favorite characters and experience their own magical adventures. These sets are designed to be both fun and safe, guaranteeing hours of play and discovery.<\/p>\n<p>In addition, we offer a series of captivating figurines, including Hedwig, Harry's elegant owl. There's also the Salazar Medallion, one of the seven Horcruxes created by Voldemort. And the famous Sorting Hat, known for allocating students to the various Hogwarts houses.<\/p>\n<p>In conclusion, you'll find items that celebrate the magic of Harry Potter, at prices everyone can afford.<\/p>\n<p>&nbsp;<\/p>","protected":false},"excerpt":{"rendered":"<p>Superb Gryffindor mug<\/p>\n<ul>\n<li>Aluminum interior<\/li>\n<li>The mug is made of richly decorated resin<\/li>\n<li>Hand-painted<\/li>\n<li>Lion-shaped handle<\/li>\n<li>Capacity: 600 ml<\/li>\n<li>Height: 15 cm - Diameter: 9.5 cm<\/li>\n<\/ul>","protected":false},"featured_media":68748,"template":"","meta":[],"product_brand":[896],"product_cat":[87,41],"product_tag":[],"class_list":{"0":"post-68747","1":"product","2":"type-product","3":"status-publish","4":"has-post-thumbnail","6":"product_brand-replique-manga-cine","7":"product_cat-collectors-et-goodies-harry-potter","8":"product_cat-baguettes-et-goodies-harry-potter","10":"first","11":"instock","12":"taxable","13":"shipping-taxable","14":"purchasable","15":"product-type-simple"},"yoast_head":"<!-- This site is optimized with the Yoast SEO plugin v27.5 - https:\/\/yoast.com\/product\/yoast-seo-wordpress\/ -->\n<title>Mug Gryffondor 600 ml - Harry Potter | R\u00e9plique Manga Cin\u00e9<\/title>\n<meta name=\"description\" content=\"D\u00e9couvrez ce splendide Mug Gryffondor de 600 ml au meilleur prix. Int\u00e9rieur en aluminium. Richement d\u00e9cor\u00e9 du lion de la maison. Peint \u00e0 la main.\" \/>\n<meta name=\"robots\" content=\"index, follow, max-snippet:-1, max-image-preview:large, max-video-preview:-1\" \/>\n<link rel=\"canonical\" href=\"https:\/\/repliquemangacine.fr\/en\/harry-potter-collectors-and-goodies\/gryffindor-mug-600-ml\/\" \/>\n<meta property=\"og:locale\" content=\"en_US\" \/>\n<meta property=\"og:type\" content=\"article\" \/>\n<meta property=\"og:title\" content=\"Mug Gryffondor 600 ml - Harry Potter | R\u00e9plique Manga Cin\u00e9\" \/>\n<meta property=\"og:description\" content=\"D\u00e9couvrez ce splendide Mug Gryffondor de 600 ml au meilleur prix. Int\u00e9rieur en aluminium. Richement d\u00e9cor\u00e9 du lion de la maison. Peint \u00e0 la main.\" \/>\n<meta property=\"og:url\" content=\"https:\/\/repliquemangacine.fr\/en\/harry-potter-collectors-and-goodies\/gryffindor-mug-600-ml\/\" \/>\n<meta property=\"og:site_name\" content=\"R\u00e9plique Manga Cin\u00e9\" \/>\n<meta property=\"article:publisher\" content=\"https:\/\/www.facebook.com\/RepliqueMangaCine\" \/>\n<meta property=\"article:modified_time\" content=\"2026-03-02T18:30:22+00:00\" \/>\n<meta property=\"og:image\" content=\"https:\/\/repliquemangacine.fr\/wp-content\/uploads\/2024\/01\/Mug-Gryffondor-ecusson.jpg\" \/>\n\t<meta property=\"og:image:width\" content=\"500\" \/>\n\t<meta property=\"og:image:height\" content=\"500\" \/>\n\t<meta property=\"og:image:type\" content=\"image\/jpeg\" \/>\n<meta name=\"twitter:card\" content=\"summary_large_image\" \/>\n<meta name=\"twitter:label1\" content=\"Est. reading time\" \/>\n\t<meta name=\"twitter:data1\" content=\"4 minutes\" \/>\n<script type=\"application\/ld+json\" class=\"yoast-schema-graph\">{\"@context\":\"https:\\\/\\\/schema.org\",\"@graph\":[{\"@type\":\"WebPage\",\"@id\":\"https:\\\/\\\/repliquemangacine.fr\\\/collectors-et-goodies-harry-potter\\\/mug-gryffondor-600-ml\\\/\",\"url\":\"https:\\\/\\\/repliquemangacine.fr\\\/collectors-et-goodies-harry-potter\\\/mug-gryffondor-600-ml\\\/\",\"name\":\"Mug Gryffondor 600 ml - Harry Potter | R\u00e9plique Manga Cin\u00e9\",\"isPartOf\":{\"@id\":\"https:\\\/\\\/repliquemangacine.fr\\\/#website\"},\"primaryImageOfPage\":{\"@id\":\"https:\\\/\\\/repliquemangacine.fr\\\/collectors-et-goodies-harry-potter\\\/mug-gryffondor-600-ml\\\/#primaryimage\"},\"image\":{\"@id\":\"https:\\\/\\\/repliquemangacine.fr\\\/collectors-et-goodies-harry-potter\\\/mug-gryffondor-600-ml\\\/#primaryimage\"},\"thumbnailUrl\":\"https:\\\/\\\/repliquemangacine.fr\\\/wp-content\\\/uploads\\\/2024\\\/01\\\/Mug-Gryffondor-ecusson.jpg\",\"datePublished\":\"2024-01-31T11:32:53+00:00\",\"dateModified\":\"2026-03-02T18:30:22+00:00\",\"description\":\"D\u00e9couvrez ce splendide Mug Gryffondor de 600 ml au meilleur prix. Int\u00e9rieur en aluminium. Richement d\u00e9cor\u00e9 du lion de la maison. Peint \u00e0 la main.\",\"breadcrumb\":{\"@id\":\"https:\\\/\\\/repliquemangacine.fr\\\/collectors-et-goodies-harry-potter\\\/mug-gryffondor-600-ml\\\/#breadcrumb\"},\"inLanguage\":\"en-US\",\"potentialAction\":[{\"@type\":\"ReadAction\",\"target\":[\"https:\\\/\\\/repliquemangacine.fr\\\/collectors-et-goodies-harry-potter\\\/mug-gryffondor-600-ml\\\/\"]}]},{\"@type\":\"ImageObject\",\"inLanguage\":\"en-US\",\"@id\":\"https:\\\/\\\/repliquemangacine.fr\\\/collectors-et-goodies-harry-potter\\\/mug-gryffondor-600-ml\\\/#primaryimage\",\"url\":\"https:\\\/\\\/repliquemangacine.fr\\\/wp-content\\\/uploads\\\/2024\\\/01\\\/Mug-Gryffondor-ecusson.jpg\",\"contentUrl\":\"https:\\\/\\\/repliquemangacine.fr\\\/wp-content\\\/uploads\\\/2024\\\/01\\\/Mug-Gryffondor-ecusson.jpg\",\"width\":500,\"height\":500,\"caption\":\"Mug Gryffondor 600 ml\"},{\"@type\":\"BreadcrumbList\",\"@id\":\"https:\\\/\\\/repliquemangacine.fr\\\/collectors-et-goodies-harry-potter\\\/mug-gryffondor-600-ml\\\/#breadcrumb\",\"itemListElement\":[{\"@type\":\"ListItem\",\"position\":1,\"name\":\"Accueil\",\"item\":\"https:\\\/\\\/repliquemangacine.fr\\\/\"},{\"@type\":\"ListItem\",\"position\":2,\"name\":\"Produits\",\"item\":\"https:\\\/\\\/repliquemangacine.fr\\\/boutique\\\/\"},{\"@type\":\"ListItem\",\"position\":3,\"name\":\"Mug Gryffondor 600 ml\"}]},{\"@type\":\"WebSite\",\"@id\":\"https:\\\/\\\/repliquemangacine.fr\\\/#website\",\"url\":\"https:\\\/\\\/repliquemangacine.fr\\\/\",\"name\":\"R\u00e9plique Manga Cin\u00e9\",\"description\":\"\",\"publisher\":{\"@id\":\"https:\\\/\\\/repliquemangacine.fr\\\/#organization\"},\"potentialAction\":[{\"@type\":\"SearchAction\",\"target\":{\"@type\":\"EntryPoint\",\"urlTemplate\":\"https:\\\/\\\/repliquemangacine.fr\\\/?s={search_term_string}\"},\"query-input\":{\"@type\":\"PropertyValueSpecification\",\"valueRequired\":true,\"valueName\":\"search_term_string\"}}],\"inLanguage\":\"en-US\"},{\"@type\":\"Organization\",\"@id\":\"https:\\\/\\\/repliquemangacine.fr\\\/#organization\",\"name\":\"R\u00e9plique Manga Cin\u00e9\",\"url\":\"https:\\\/\\\/repliquemangacine.fr\\\/\",\"logo\":{\"@type\":\"ImageObject\",\"inLanguage\":\"en-US\",\"@id\":\"https:\\\/\\\/repliquemangacine.fr\\\/#\\\/schema\\\/logo\\\/image\\\/\",\"url\":\"https:\\\/\\\/repliquemangacine.fr\\\/wp-content\\\/uploads\\\/2023\\\/10\\\/RMC-500250.png\",\"contentUrl\":\"https:\\\/\\\/repliquemangacine.fr\\\/wp-content\\\/uploads\\\/2023\\\/10\\\/RMC-500250.png\",\"width\":500,\"height\":250,\"caption\":\"R\u00e9plique Manga Cin\u00e9\"},\"image\":{\"@id\":\"https:\\\/\\\/repliquemangacine.fr\\\/#\\\/schema\\\/logo\\\/image\\\/\"},\"sameAs\":[\"https:\\\/\\\/www.facebook.com\\\/RepliqueMangaCine\",\"https:\\\/\\\/www.instagram.com\\\/repliquemangacine.fr\\\/\"]}]}<\/script>\n<!-- \/ Yoast SEO plugin. -->","yoast_head_json":{"title":"Mug Gryffindor 600 ml - Harry Potter | R\u00e9plique Manga Cin\u00e9","description":"Discover this splendid 600 ml Gryffindor Mug at the best price. Aluminum interior. Richly decorated with the house lion. Hand-painted.","robots":{"index":"index","follow":"follow","max-snippet":"max-snippet:-1","max-image-preview":"max-image-preview:large","max-video-preview":"max-video-preview:-1"},"canonical":"https:\/\/repliquemangacine.fr\/en\/harry-potter-collectors-and-goodies\/gryffindor-mug-600-ml\/","og_locale":"en_US","og_type":"article","og_title":"Mug Gryffondor 600 ml - Harry Potter | R\u00e9plique Manga Cin\u00e9","og_description":"D\u00e9couvrez ce splendide Mug Gryffondor de 600 ml au meilleur prix. Int\u00e9rieur en aluminium. Richement d\u00e9cor\u00e9 du lion de la maison. Peint \u00e0 la main.","og_url":"https:\/\/repliquemangacine.fr\/en\/harry-potter-collectors-and-goodies\/gryffindor-mug-600-ml\/","og_site_name":"R\u00e9plique Manga Cin\u00e9","article_publisher":"https:\/\/www.facebook.com\/RepliqueMangaCine","article_modified_time":"2026-03-02T18:30:22+00:00","og_image":[{"width":500,"height":500,"url":"https:\/\/repliquemangacine.fr\/wp-content\/uploads\/2024\/01\/Mug-Gryffondor-ecusson.jpg","type":"image\/jpeg"}],"twitter_card":"summary_large_image","twitter_misc":{"Est. reading time":"4 minutes"},"schema":{"@context":"https:\/\/schema.org","@graph":[{"@type":"WebPage","@id":"https:\/\/repliquemangacine.fr\/collectors-et-goodies-harry-potter\/mug-gryffondor-600-ml\/","url":"https:\/\/repliquemangacine.fr\/collectors-et-goodies-harry-potter\/mug-gryffondor-600-ml\/","name":"Mug Gryffindor 600 ml - Harry Potter | R\u00e9plique Manga Cin\u00e9","isPartOf":{"@id":"https:\/\/repliquemangacine.fr\/#website"},"primaryImageOfPage":{"@id":"https:\/\/repliquemangacine.fr\/collectors-et-goodies-harry-potter\/mug-gryffondor-600-ml\/#primaryimage"},"image":{"@id":"https:\/\/repliquemangacine.fr\/collectors-et-goodies-harry-potter\/mug-gryffondor-600-ml\/#primaryimage"},"thumbnailUrl":"https:\/\/repliquemangacine.fr\/wp-content\/uploads\/2024\/01\/Mug-Gryffondor-ecusson.jpg","datePublished":"2024-01-31T11:32:53+00:00","dateModified":"2026-03-02T18:30:22+00:00","description":"Discover this splendid 600 ml Gryffindor Mug at the best price. Aluminum interior. Richly decorated with the house lion. Hand-painted.","breadcrumb":{"@id":"https:\/\/repliquemangacine.fr\/collectors-et-goodies-harry-potter\/mug-gryffondor-600-ml\/#breadcrumb"},"inLanguage":"en-US","potentialAction":[{"@type":"ReadAction","target":["https:\/\/repliquemangacine.fr\/collectors-et-goodies-harry-potter\/mug-gryffondor-600-ml\/"]}]},{"@type":"ImageObject","inLanguage":"en-US","@id":"https:\/\/repliquemangacine.fr\/collectors-et-goodies-harry-potter\/mug-gryffondor-600-ml\/#primaryimage","url":"https:\/\/repliquemangacine.fr\/wp-content\/uploads\/2024\/01\/Mug-Gryffondor-ecusson.jpg","contentUrl":"https:\/\/repliquemangacine.fr\/wp-content\/uploads\/2024\/01\/Mug-Gryffondor-ecusson.jpg","width":500,"height":500,"caption":"Mug Gryffondor 600 ml"},{"@type":"BreadcrumbList","@id":"https:\/\/repliquemangacine.fr\/collectors-et-goodies-harry-potter\/mug-gryffondor-600-ml\/#breadcrumb","itemListElement":[{"@type":"ListItem","position":1,"name":"Accueil","item":"https:\/\/repliquemangacine.fr\/"},{"@type":"ListItem","position":2,"name":"Produits","item":"https:\/\/repliquemangacine.fr\/boutique\/"},{"@type":"ListItem","position":3,"name":"Mug Gryffondor 600 ml"}]},{"@type":"WebSite","@id":"https:\/\/repliquemangacine.fr\/#website","url":"https:\/\/repliquemangacine.fr\/","name":"R\u00e9plique Manga Cin\u00e9","description":"","publisher":{"@id":"https:\/\/repliquemangacine.fr\/#organization"},"potentialAction":[{"@type":"SearchAction","target":{"@type":"EntryPoint","urlTemplate":"https:\/\/repliquemangacine.fr\/?s={search_term_string}"},"query-input":{"@type":"PropertyValueSpecification","valueRequired":true,"valueName":"search_term_string"}}],"inLanguage":"en-US"},{"@type":"Organization","@id":"https:\/\/repliquemangacine.fr\/#organization","name":"R\u00e9plique Manga Cin\u00e9","url":"https:\/\/repliquemangacine.fr\/","logo":{"@type":"ImageObject","inLanguage":"en-US","@id":"https:\/\/repliquemangacine.fr\/#\/schema\/logo\/image\/","url":"https:\/\/repliquemangacine.fr\/wp-content\/uploads\/2023\/10\/RMC-500250.png","contentUrl":"https:\/\/repliquemangacine.fr\/wp-content\/uploads\/2023\/10\/RMC-500250.png","width":500,"height":250,"caption":"R\u00e9plique Manga Cin\u00e9"},"image":{"@id":"https:\/\/repliquemangacine.fr\/#\/schema\/logo\/image\/"},"sameAs":["https:\/\/www.facebook.com\/RepliqueMangaCine","https:\/\/www.instagram.com\/repliquemangacine.fr\/"]}]}},"_links":{"self":[{"href":"https:\/\/repliquemangacine.fr\/en\/wp-json\/wp\/v2\/product\/68747","targetHints":{"allow":["GET"]}}],"collection":[{"href":"https:\/\/repliquemangacine.fr\/en\/wp-json\/wp\/v2\/product"}],"about":[{"href":"https:\/\/repliquemangacine.fr\/en\/wp-json\/wp\/v2\/types\/product"}],"wp:featuredmedia":[{"embeddable":true,"href":"https:\/\/repliquemangacine.fr\/en\/wp-json\/wp\/v2\/media\/68748"}],"wp:attachment":[{"href":"https:\/\/repliquemangacine.fr\/en\/wp-json\/wp\/v2\/media?parent=68747"}],"wp:term":[{"taxonomy":"product_brand","embeddable":true,"href":"https:\/\/repliquemangacine.fr\/en\/wp-json\/wp\/v2\/product_brand?post=68747"},{"taxonomy":"product_cat","embeddable":true,"href":"https:\/\/repliquemangacine.fr\/en\/wp-json\/wp\/v2\/product_cat?post=68747"},{"taxonomy":"product_tag","embeddable":true,"href":"https:\/\/repliquemangacine.fr\/en\/wp-json\/wp\/v2\/product_tag?post=68747"}],"curies":[{"name":"wp","href":"https:\/\/api.w.org\/{rel}","templated":true}]}}