





{"id":68116,"date":"2024-01-17T14:27:23","date_gmt":"2024-01-17T13:27:23","guid":{"rendered":"https:\/\/repliquemangacine.fr\/?post_type=product&#038;p=68116"},"modified":"2026-03-21T09:28:40","modified_gmt":"2026-03-21T08:28:40","slug":"katana-maintenance-kit","status":"publish","type":"product","link":"https:\/\/repliquemangacine.fr\/en\/katana-forge\/kit-dentretien-pour-katana\/","title":{"rendered":"Katana care kit"},"content":{"rendered":"<h2>Katana Maintenance Essentials<\/h2>\n<p>First, the <strong>Katana care kit<\/strong> is essential to preserve its beauty and functionality.<\/p>\n<p>Maintaining a <a href=\"https:\/\/www.ici-japon.com\/culture-japonaise\/arts-martiaux-japonais\/les-sabres-japonais\/\" target=\"_blank\" rel=\"noopener noreferrer\">sabre<\/a> is an art in itself, requiring care and precision. What we offer is specially designed to meet all the needs of your precious sword. It includes everything you need: high-quality oil to protect the blade, a soft maintenance cloth, polishing powder, as well as a small hammer and spare mekugi. This kit will not only keep your katana looking its best, but also ensure its longevity and smooth operation.<\/p>\n<h2>Why choose our katana maintenance kit?<\/h2>\n<p>When choosing a maintenance kit for your katana, it's important to select high-quality products. A good kit will prolong the life of your sword and ensure that it remains an object of pride and performance.<\/p>\n<p>Our katana maintenance kit is distinguished by the quality of its components. First, ch\u00f4ji oil, essential for protecting the blade from corrosion and moisture. Next, rice paper or soft cloth, used to apply the oil and polish the blade. A wooden hammer (mekugi-nuki) is also included for dismantling the katana, enabling thorough cleaning and maintenance. Finally, polishing powder (uchiko) is used to preserve the blade and remove old layers of oil, guaranteeing optimum shine and protection.<\/p>\n<h2>Benefits of Regular Maintenance with Our Kit<\/h2>\n<p>Regular use of our katana maintenance kit is crucial to keeping your sword in top condition. With monthly maintenance, you can prevent corrosion and preserve the blade's sharpness. Our kit is also designed to be easy to use. Whether you're an expert or a novice in katana care. Each kit component has been selected for its ease of use and effectiveness. Allowing you to care for your katana like a true samurai.<\/p>\n<p>In conclusion, you can therefore display your katana on a <a href=\"https:\/\/repliquemangacine.fr\/en\/katana-accessories\/1-seat-wall-mounted-katana-stand\/\">wall bracket<\/a> or office and admire it, as it should be. Discover our range of <a href=\"https:\/\/repliquemangacine.fr\/en\/katana-forge\/\">forged katana<\/a> at the best price.<\/p>","protected":false},"excerpt":{"rendered":"<p>This katana maintenance kit includes :<\/p>\n<ul>\n<li>A cloth<\/li>\n<li>Oil for the blade<\/li>\n<li>A ball of polishing powder<\/li>\n<li>A small hammer<\/li>\n<li>Packaged in a wooden box<\/li>\n<\/ul>","protected":false},"featured_media":68117,"template":"","meta":[],"product_brand":[896],"product_cat":[50,38],"product_tag":[],"class_list":{"0":"post-68116","1":"product","2":"type-product","3":"status-publish","4":"has-post-thumbnail","6":"product_brand-replique-manga-cine","7":"product_cat-accessoires-katana","8":"product_cat-katana-forge","10":"first","11":"instock","12":"taxable","13":"shipping-taxable","14":"purchasable","15":"product-type-simple"},"yoast_head":"<!-- This site is optimized with the Yoast SEO plugin v27.5 - https:\/\/yoast.com\/product\/yoast-seo-wordpress\/ -->\n<title>Kit d&#039;entretien pour katana | R\u00e9plique Manga Cin\u00e9<\/title>\n<meta name=\"description\" content=\"D\u00e9couvrez notre Kit d&#039;entretien pour katana : Haute qualit\u00e9, facile d&#039;utilisation. Efficacit\u00e9 et tradition pour un entretien impeccable !\" \/>\n<meta name=\"robots\" content=\"index, follow, max-snippet:-1, max-image-preview:large, max-video-preview:-1\" \/>\n<link rel=\"canonical\" href=\"https:\/\/repliquemangacine.fr\/en\/katana-forge\/katana-maintenance-kit\/\" \/>\n<meta property=\"og:locale\" content=\"en_US\" \/>\n<meta property=\"og:type\" content=\"article\" \/>\n<meta property=\"og:title\" content=\"Kit d&#039;entretien pour katana | R\u00e9plique Manga Cin\u00e9\" \/>\n<meta property=\"og:description\" content=\"D\u00e9couvrez notre Kit d&#039;entretien pour katana : Haute qualit\u00e9, facile d&#039;utilisation. Efficacit\u00e9 et tradition pour un entretien impeccable !\" \/>\n<meta property=\"og:url\" content=\"https:\/\/repliquemangacine.fr\/en\/katana-forge\/katana-maintenance-kit\/\" \/>\n<meta property=\"og:site_name\" content=\"R\u00e9plique Manga Cin\u00e9\" \/>\n<meta property=\"article:publisher\" content=\"https:\/\/www.facebook.com\/RepliqueMangaCine\" \/>\n<meta property=\"article:modified_time\" content=\"2026-03-21T08:28:40+00:00\" \/>\n<meta property=\"og:image\" content=\"https:\/\/repliquemangacine.fr\/wp-content\/uploads\/2024\/01\/kit-dentretien-katana.jpg\" \/>\n\t<meta property=\"og:image:width\" content=\"500\" \/>\n\t<meta property=\"og:image:height\" content=\"500\" \/>\n\t<meta property=\"og:image:type\" content=\"image\/jpeg\" \/>\n<meta name=\"twitter:card\" content=\"summary_large_image\" \/>\n<meta name=\"twitter:label1\" content=\"Est. reading time\" \/>\n\t<meta name=\"twitter:data1\" content=\"3 minutes\" \/>\n<script type=\"application\/ld+json\" class=\"yoast-schema-graph\">{\"@context\":\"https:\\\/\\\/schema.org\",\"@graph\":[{\"@type\":\"WebPage\",\"@id\":\"https:\\\/\\\/repliquemangacine.fr\\\/katana-forge\\\/kit-dentretien-pour-katana\\\/\",\"url\":\"https:\\\/\\\/repliquemangacine.fr\\\/katana-forge\\\/kit-dentretien-pour-katana\\\/\",\"name\":\"Kit d'entretien pour katana | R\u00e9plique Manga Cin\u00e9\",\"isPartOf\":{\"@id\":\"https:\\\/\\\/repliquemangacine.fr\\\/#website\"},\"primaryImageOfPage\":{\"@id\":\"https:\\\/\\\/repliquemangacine.fr\\\/katana-forge\\\/kit-dentretien-pour-katana\\\/#primaryimage\"},\"image\":{\"@id\":\"https:\\\/\\\/repliquemangacine.fr\\\/katana-forge\\\/kit-dentretien-pour-katana\\\/#primaryimage\"},\"thumbnailUrl\":\"https:\\\/\\\/repliquemangacine.fr\\\/wp-content\\\/uploads\\\/2024\\\/01\\\/kit-dentretien-katana.jpg\",\"datePublished\":\"2024-01-17T13:27:23+00:00\",\"dateModified\":\"2026-03-21T08:28:40+00:00\",\"description\":\"D\u00e9couvrez notre Kit d'entretien pour katana : Haute qualit\u00e9, facile d'utilisation. Efficacit\u00e9 et tradition pour un entretien impeccable !\",\"breadcrumb\":{\"@id\":\"https:\\\/\\\/repliquemangacine.fr\\\/katana-forge\\\/kit-dentretien-pour-katana\\\/#breadcrumb\"},\"inLanguage\":\"en-US\",\"potentialAction\":[{\"@type\":\"ReadAction\",\"target\":[\"https:\\\/\\\/repliquemangacine.fr\\\/katana-forge\\\/kit-dentretien-pour-katana\\\/\"]}]},{\"@type\":\"ImageObject\",\"inLanguage\":\"en-US\",\"@id\":\"https:\\\/\\\/repliquemangacine.fr\\\/katana-forge\\\/kit-dentretien-pour-katana\\\/#primaryimage\",\"url\":\"https:\\\/\\\/repliquemangacine.fr\\\/wp-content\\\/uploads\\\/2024\\\/01\\\/kit-dentretien-katana.jpg\",\"contentUrl\":\"https:\\\/\\\/repliquemangacine.fr\\\/wp-content\\\/uploads\\\/2024\\\/01\\\/kit-dentretien-katana.jpg\",\"width\":500,\"height\":500,\"caption\":\"Kit d'entretien pour katana\"},{\"@type\":\"BreadcrumbList\",\"@id\":\"https:\\\/\\\/repliquemangacine.fr\\\/katana-forge\\\/kit-dentretien-pour-katana\\\/#breadcrumb\",\"itemListElement\":[{\"@type\":\"ListItem\",\"position\":1,\"name\":\"Accueil\",\"item\":\"https:\\\/\\\/repliquemangacine.fr\\\/\"},{\"@type\":\"ListItem\",\"position\":2,\"name\":\"Produits\",\"item\":\"https:\\\/\\\/repliquemangacine.fr\\\/boutique\\\/\"},{\"@type\":\"ListItem\",\"position\":3,\"name\":\"Kit d&#8217;entretien pour katana\"}]},{\"@type\":\"WebSite\",\"@id\":\"https:\\\/\\\/repliquemangacine.fr\\\/#website\",\"url\":\"https:\\\/\\\/repliquemangacine.fr\\\/\",\"name\":\"R\u00e9plique Manga Cin\u00e9\",\"description\":\"\",\"publisher\":{\"@id\":\"https:\\\/\\\/repliquemangacine.fr\\\/#organization\"},\"potentialAction\":[{\"@type\":\"SearchAction\",\"target\":{\"@type\":\"EntryPoint\",\"urlTemplate\":\"https:\\\/\\\/repliquemangacine.fr\\\/?s={search_term_string}\"},\"query-input\":{\"@type\":\"PropertyValueSpecification\",\"valueRequired\":true,\"valueName\":\"search_term_string\"}}],\"inLanguage\":\"en-US\"},{\"@type\":\"Organization\",\"@id\":\"https:\\\/\\\/repliquemangacine.fr\\\/#organization\",\"name\":\"R\u00e9plique Manga Cin\u00e9\",\"url\":\"https:\\\/\\\/repliquemangacine.fr\\\/\",\"logo\":{\"@type\":\"ImageObject\",\"inLanguage\":\"en-US\",\"@id\":\"https:\\\/\\\/repliquemangacine.fr\\\/#\\\/schema\\\/logo\\\/image\\\/\",\"url\":\"https:\\\/\\\/repliquemangacine.fr\\\/wp-content\\\/uploads\\\/2023\\\/10\\\/RMC-500250.png\",\"contentUrl\":\"https:\\\/\\\/repliquemangacine.fr\\\/wp-content\\\/uploads\\\/2023\\\/10\\\/RMC-500250.png\",\"width\":500,\"height\":250,\"caption\":\"R\u00e9plique Manga Cin\u00e9\"},\"image\":{\"@id\":\"https:\\\/\\\/repliquemangacine.fr\\\/#\\\/schema\\\/logo\\\/image\\\/\"},\"sameAs\":[\"https:\\\/\\\/www.facebook.com\\\/RepliqueMangaCine\",\"https:\\\/\\\/www.instagram.com\\\/repliquemangacine.fr\\\/\"]}]}<\/script>\n<!-- \/ Yoast SEO plugin. -->","yoast_head_json":{"title":"Katana maintenance kit | R\u00e9plique Manga Cin\u00e9","description":"Discover our katana care kit: high quality, easy to use. Efficiency and tradition for impeccable maintenance!","robots":{"index":"index","follow":"follow","max-snippet":"max-snippet:-1","max-image-preview":"max-image-preview:large","max-video-preview":"max-video-preview:-1"},"canonical":"https:\/\/repliquemangacine.fr\/en\/katana-forge\/katana-maintenance-kit\/","og_locale":"en_US","og_type":"article","og_title":"Kit d'entretien pour katana | R\u00e9plique Manga Cin\u00e9","og_description":"D\u00e9couvrez notre Kit d'entretien pour katana : Haute qualit\u00e9, facile d'utilisation. Efficacit\u00e9 et tradition pour un entretien impeccable !","og_url":"https:\/\/repliquemangacine.fr\/en\/katana-forge\/katana-maintenance-kit\/","og_site_name":"R\u00e9plique Manga Cin\u00e9","article_publisher":"https:\/\/www.facebook.com\/RepliqueMangaCine","article_modified_time":"2026-03-21T08:28:40+00:00","og_image":[{"width":500,"height":500,"url":"https:\/\/repliquemangacine.fr\/wp-content\/uploads\/2024\/01\/kit-dentretien-katana.jpg","type":"image\/jpeg"}],"twitter_card":"summary_large_image","twitter_misc":{"Est. reading time":"3 minutes"},"schema":{"@context":"https:\/\/schema.org","@graph":[{"@type":"WebPage","@id":"https:\/\/repliquemangacine.fr\/katana-forge\/kit-dentretien-pour-katana\/","url":"https:\/\/repliquemangacine.fr\/katana-forge\/kit-dentretien-pour-katana\/","name":"Katana maintenance kit | R\u00e9plique Manga Cin\u00e9","isPartOf":{"@id":"https:\/\/repliquemangacine.fr\/#website"},"primaryImageOfPage":{"@id":"https:\/\/repliquemangacine.fr\/katana-forge\/kit-dentretien-pour-katana\/#primaryimage"},"image":{"@id":"https:\/\/repliquemangacine.fr\/katana-forge\/kit-dentretien-pour-katana\/#primaryimage"},"thumbnailUrl":"https:\/\/repliquemangacine.fr\/wp-content\/uploads\/2024\/01\/kit-dentretien-katana.jpg","datePublished":"2024-01-17T13:27:23+00:00","dateModified":"2026-03-21T08:28:40+00:00","description":"Discover our katana care kit: high quality, easy to use. Efficiency and tradition for impeccable maintenance!","breadcrumb":{"@id":"https:\/\/repliquemangacine.fr\/katana-forge\/kit-dentretien-pour-katana\/#breadcrumb"},"inLanguage":"en-US","potentialAction":[{"@type":"ReadAction","target":["https:\/\/repliquemangacine.fr\/katana-forge\/kit-dentretien-pour-katana\/"]}]},{"@type":"ImageObject","inLanguage":"en-US","@id":"https:\/\/repliquemangacine.fr\/katana-forge\/kit-dentretien-pour-katana\/#primaryimage","url":"https:\/\/repliquemangacine.fr\/wp-content\/uploads\/2024\/01\/kit-dentretien-katana.jpg","contentUrl":"https:\/\/repliquemangacine.fr\/wp-content\/uploads\/2024\/01\/kit-dentretien-katana.jpg","width":500,"height":500,"caption":"Kit d'entretien pour katana"},{"@type":"BreadcrumbList","@id":"https:\/\/repliquemangacine.fr\/katana-forge\/kit-dentretien-pour-katana\/#breadcrumb","itemListElement":[{"@type":"ListItem","position":1,"name":"Accueil","item":"https:\/\/repliquemangacine.fr\/"},{"@type":"ListItem","position":2,"name":"Produits","item":"https:\/\/repliquemangacine.fr\/boutique\/"},{"@type":"ListItem","position":3,"name":"Kit d&#8217;entretien pour katana"}]},{"@type":"WebSite","@id":"https:\/\/repliquemangacine.fr\/#website","url":"https:\/\/repliquemangacine.fr\/","name":"R\u00e9plique Manga Cin\u00e9","description":"","publisher":{"@id":"https:\/\/repliquemangacine.fr\/#organization"},"potentialAction":[{"@type":"SearchAction","target":{"@type":"EntryPoint","urlTemplate":"https:\/\/repliquemangacine.fr\/?s={search_term_string}"},"query-input":{"@type":"PropertyValueSpecification","valueRequired":true,"valueName":"search_term_string"}}],"inLanguage":"en-US"},{"@type":"Organization","@id":"https:\/\/repliquemangacine.fr\/#organization","name":"R\u00e9plique Manga Cin\u00e9","url":"https:\/\/repliquemangacine.fr\/","logo":{"@type":"ImageObject","inLanguage":"en-US","@id":"https:\/\/repliquemangacine.fr\/#\/schema\/logo\/image\/","url":"https:\/\/repliquemangacine.fr\/wp-content\/uploads\/2023\/10\/RMC-500250.png","contentUrl":"https:\/\/repliquemangacine.fr\/wp-content\/uploads\/2023\/10\/RMC-500250.png","width":500,"height":250,"caption":"R\u00e9plique Manga Cin\u00e9"},"image":{"@id":"https:\/\/repliquemangacine.fr\/#\/schema\/logo\/image\/"},"sameAs":["https:\/\/www.facebook.com\/RepliqueMangaCine","https:\/\/www.instagram.com\/repliquemangacine.fr\/"]}]}},"_links":{"self":[{"href":"https:\/\/repliquemangacine.fr\/en\/wp-json\/wp\/v2\/product\/68116","targetHints":{"allow":["GET"]}}],"collection":[{"href":"https:\/\/repliquemangacine.fr\/en\/wp-json\/wp\/v2\/product"}],"about":[{"href":"https:\/\/repliquemangacine.fr\/en\/wp-json\/wp\/v2\/types\/product"}],"wp:featuredmedia":[{"embeddable":true,"href":"https:\/\/repliquemangacine.fr\/en\/wp-json\/wp\/v2\/media\/68117"}],"wp:attachment":[{"href":"https:\/\/repliquemangacine.fr\/en\/wp-json\/wp\/v2\/media?parent=68116"}],"wp:term":[{"taxonomy":"product_brand","embeddable":true,"href":"https:\/\/repliquemangacine.fr\/en\/wp-json\/wp\/v2\/product_brand?post=68116"},{"taxonomy":"product_cat","embeddable":true,"href":"https:\/\/repliquemangacine.fr\/en\/wp-json\/wp\/v2\/product_cat?post=68116"},{"taxonomy":"product_tag","embeddable":true,"href":"https:\/\/repliquemangacine.fr\/en\/wp-json\/wp\/v2\/product_tag?post=68116"}],"curies":[{"name":"wp","href":"https:\/\/api.w.org\/{rel}","templated":true}]}}