





{"id":67958,"date":"2024-01-11T17:28:12","date_gmt":"2024-01-11T16:28:12","guid":{"rendered":"https:\/\/repliquemangacine.fr\/?post_type=product&#038;p=67958"},"modified":"2025-11-18T15:17:17","modified_gmt":"2025-11-18T14:17:17","slug":"mauser-c96-grip-case","status":"publish","type":"product","link":"https:\/\/repliquemangacine.fr\/en\/reproductions-armes-seconde-guerre-mondiale-denix\/mauser-c96-etui-crosse\/","title":{"rendered":"Mauser C96 Holster"},"content":{"rendered":"<h2>Mauser C96 Etui-Crosse by Denix: A Classic Reinvented<\/h2>\n<p>First, immerse yourself in the world of historic weapons with the <strong>Mauser C96 Holster<\/strong>. This emblematic piece, made by Denix, a brand renowned for its expertise. A must-have for collectors and military history enthusiasts. Faithful to the original, this replica offers striking realism, combining beauty and authenticity. The Mauser C96 with Stock is distinguished by its elegant design and rich history, making it perfect to enrich your collection or as a unique gift for an enthusiast.<\/p>\n<h3>Other Military History Icons<\/h3>\n<p>In addition to the Mauser C96, discover replicas of other legendary weapons such as the<a href=\"https:\/\/repliquemangacine.fr\/en\/reproductions-weapons-second-world-war-denix\/rifle-m1-garand\/\"> Garand M1 rifle<\/a> and the <a href=\"https:\/\/repliquemangacine.fr\/en\/denix\/mp40-sub-machin-gun\/\">MP40 submachine gun<\/a>also available on R\u00e9plique Manga Cin\u00e9. These weapons played a crucial role in the landings and battles of the Second World War, capturing the essence of that historic period.<\/p>\n<h2>Quality and Finish : The Denix Promise<\/h2>\n<p>At RMC, we understand the importance of quality. That's why we chose the Mauser C96 from <a href=\"https:\/\/www.denix.fr\/fr\/catalogue\/guerres-mondiales-1914-1945\/pistolets\/1025\/\" target=\"_blank\" rel=\"noopener noreferrer\">Denix<\/a>a brand renowned for its impeccable finish. Indeed, each replica is designed with meticulous attention to detail. Guaranteeing a striking resemblance to the original weapon. Whether you're a historical re-enactor, a collector, or simply a lover of exceptional pieces, this replica is bound to impress you with its quality and authenticity.<\/p>\n<h3>Denix: Perfection in the Details<\/h3>\n<p>Denix replicas are distinguished by their attention to detail. Textures, weights and mechanisms are designed to faithfully reproduce the experience of a real weapon, offering total immersion in the story.<\/p>\n<h2>Mauser C96 Etui-Crosse: Best Price for Incomparable Value<\/h2>\n<p>RMC is committed to offering you the <strong>Mauser C96 Holster<\/strong> at a competitive price, without compromising quality. We believe that every enthusiast deserves access to exceptional replicas. That's why we offer this masterpiece at an affordable price. In fact, investing in this replica means choosing a high-quality collector's item at unbeatable value. When you buy from us, you benefit not only from an exceptional product, but also from expert and dedicated customer service, ready to accompany you in your passion for historical replicas.<\/p>\n<h3>Explore the Full Range<\/h3>\n<p>Discover the full range of historical replicas at R\u00e9plique Manga Cin\u00e9. Including not only the Mauser C96, but also iconic weapons such as the <a href=\"https:\/\/repliquemangacine.fr\/en\/denix\/colt-m1911a1-demountable-denix-checkered-stock\/\">Colt M1911A1<\/a> removable. Each replica is an open window on history, offering a unique, immersive experience.<\/p>","protected":false},"excerpt":{"rendered":"<p>Identical reproduction of the 1896 Mauser C96 semi-automatic pistol with holster.<\/p>\n<ul>\n<li>Carcass is in Zamac.<\/li>\n<li>Dark brown solid wood stock plates.<\/li>\n<li>Guns and shoots, but is totally unfit to shoot.<\/li>\n<li>Carrying case in stained wood<\/li>\n<li>Mounting rail for stock<\/li>\n<li>No authorization required. Free sale and possession<\/li>\n<li>Dimensions: 32 cm - 65 cm with brush case<\/li>\n<li>Gun weight: 1120 grams - Holster and pistol set weight: 1541 g<\/li>\n<\/ul>","protected":false},"featured_media":67960,"template":"","meta":[],"product_brand":[896],"product_cat":[102,54,40,28,76],"product_tag":[],"class_list":{"0":"post-67958","1":"product","2":"type-product","3":"status-publish","4":"has-post-thumbnail","6":"product_brand-replique-manga-cine","7":"product_cat-denix","8":"product_cat-armes-accessoires-guerre-mondiale","9":"product_cat-pistolet-moderne","10":"product_cat-repliques-darmes","11":"product_cat-reproductions-armes-seconde-guerre-mondiale-denix","13":"first","14":"instock","15":"taxable","16":"shipping-taxable","17":"purchasable","18":"product-type-simple"},"yoast_head":"<!-- This site is optimized with the Yoast SEO plugin v27.5 - https:\/\/yoast.com\/product\/yoast-seo-wordpress\/ -->\n<title>Mauser C96 Etui-Crosse - R\u00e9plique Manga Cin\u00e9<\/title>\n<meta name=\"description\" content=\"D\u00e9couvrez des r\u00e9pliques uniques chez RMC : Mauser C96 Etui-Crosse, Garand M1, MP40. Haute Qualit\u00e9, prix comp\u00e9titifs, immersion historique garantie.\" \/>\n<meta name=\"robots\" content=\"index, follow, max-snippet:-1, max-image-preview:large, max-video-preview:-1\" \/>\n<link rel=\"canonical\" href=\"https:\/\/repliquemangacine.fr\/en\/reproductions-weapons-second-world-war-denix\/mauser-c96-grip-case\/\" \/>\n<meta property=\"og:locale\" content=\"en_US\" \/>\n<meta property=\"og:type\" content=\"article\" \/>\n<meta property=\"og:title\" content=\"Mauser C96 Etui-Crosse - R\u00e9plique Manga Cin\u00e9\" \/>\n<meta property=\"og:description\" content=\"D\u00e9couvrez des r\u00e9pliques uniques chez RMC : Mauser C96 Etui-Crosse, Garand M1, MP40. Haute Qualit\u00e9, prix comp\u00e9titifs, immersion historique garantie.\" \/>\n<meta property=\"og:url\" content=\"https:\/\/repliquemangacine.fr\/en\/reproductions-weapons-second-world-war-denix\/mauser-c96-grip-case\/\" \/>\n<meta property=\"og:site_name\" content=\"R\u00e9plique Manga Cin\u00e9\" \/>\n<meta property=\"article:publisher\" content=\"https:\/\/www.facebook.com\/RepliqueMangaCine\" \/>\n<meta property=\"article:modified_time\" content=\"2025-11-18T14:17:17+00:00\" \/>\n<meta property=\"og:image\" content=\"https:\/\/repliquemangacine.fr\/wp-content\/uploads\/2024\/01\/Pistolet-mauser-C96-avec-crosse-en-bois-amovible.jpg\" \/>\n\t<meta property=\"og:image:width\" content=\"500\" \/>\n\t<meta property=\"og:image:height\" content=\"500\" \/>\n\t<meta property=\"og:image:type\" content=\"image\/jpeg\" \/>\n<meta name=\"twitter:card\" content=\"summary_large_image\" \/>\n<meta name=\"twitter:label1\" content=\"Est. reading time\" \/>\n\t<meta name=\"twitter:data1\" content=\"3 minutes\" \/>\n<script type=\"application\/ld+json\" class=\"yoast-schema-graph\">{\"@context\":\"https:\\\/\\\/schema.org\",\"@graph\":[{\"@type\":\"WebPage\",\"@id\":\"https:\\\/\\\/repliquemangacine.fr\\\/reproductions-armes-seconde-guerre-mondiale-denix\\\/mauser-c96-etui-crosse\\\/\",\"url\":\"https:\\\/\\\/repliquemangacine.fr\\\/reproductions-armes-seconde-guerre-mondiale-denix\\\/mauser-c96-etui-crosse\\\/\",\"name\":\"Mauser C96 Etui-Crosse - R\u00e9plique Manga Cin\u00e9\",\"isPartOf\":{\"@id\":\"https:\\\/\\\/repliquemangacine.fr\\\/#website\"},\"primaryImageOfPage\":{\"@id\":\"https:\\\/\\\/repliquemangacine.fr\\\/reproductions-armes-seconde-guerre-mondiale-denix\\\/mauser-c96-etui-crosse\\\/#primaryimage\"},\"image\":{\"@id\":\"https:\\\/\\\/repliquemangacine.fr\\\/reproductions-armes-seconde-guerre-mondiale-denix\\\/mauser-c96-etui-crosse\\\/#primaryimage\"},\"thumbnailUrl\":\"https:\\\/\\\/repliquemangacine.fr\\\/wp-content\\\/uploads\\\/2024\\\/01\\\/Pistolet-mauser-C96-avec-crosse-en-bois-amovible.jpg\",\"datePublished\":\"2024-01-11T16:28:12+00:00\",\"dateModified\":\"2025-11-18T14:17:17+00:00\",\"description\":\"D\u00e9couvrez des r\u00e9pliques uniques chez RMC : Mauser C96 Etui-Crosse, Garand M1, MP40. Haute Qualit\u00e9, prix comp\u00e9titifs, immersion historique garantie.\",\"breadcrumb\":{\"@id\":\"https:\\\/\\\/repliquemangacine.fr\\\/reproductions-armes-seconde-guerre-mondiale-denix\\\/mauser-c96-etui-crosse\\\/#breadcrumb\"},\"inLanguage\":\"en-US\",\"potentialAction\":[{\"@type\":\"ReadAction\",\"target\":[\"https:\\\/\\\/repliquemangacine.fr\\\/reproductions-armes-seconde-guerre-mondiale-denix\\\/mauser-c96-etui-crosse\\\/\"]}]},{\"@type\":\"ImageObject\",\"inLanguage\":\"en-US\",\"@id\":\"https:\\\/\\\/repliquemangacine.fr\\\/reproductions-armes-seconde-guerre-mondiale-denix\\\/mauser-c96-etui-crosse\\\/#primaryimage\",\"url\":\"https:\\\/\\\/repliquemangacine.fr\\\/wp-content\\\/uploads\\\/2024\\\/01\\\/Pistolet-mauser-C96-avec-crosse-en-bois-amovible.jpg\",\"contentUrl\":\"https:\\\/\\\/repliquemangacine.fr\\\/wp-content\\\/uploads\\\/2024\\\/01\\\/Pistolet-mauser-C96-avec-crosse-en-bois-amovible.jpg\",\"width\":500,\"height\":500,\"caption\":\"Mauser C96 Etui-Crosse amovible\"},{\"@type\":\"BreadcrumbList\",\"@id\":\"https:\\\/\\\/repliquemangacine.fr\\\/reproductions-armes-seconde-guerre-mondiale-denix\\\/mauser-c96-etui-crosse\\\/#breadcrumb\",\"itemListElement\":[{\"@type\":\"ListItem\",\"position\":1,\"name\":\"Accueil\",\"item\":\"https:\\\/\\\/repliquemangacine.fr\\\/\"},{\"@type\":\"ListItem\",\"position\":2,\"name\":\"Produits\",\"item\":\"https:\\\/\\\/repliquemangacine.fr\\\/boutique\\\/\"},{\"@type\":\"ListItem\",\"position\":3,\"name\":\"Mauser C96 Etui-Crosse\"}]},{\"@type\":\"WebSite\",\"@id\":\"https:\\\/\\\/repliquemangacine.fr\\\/#website\",\"url\":\"https:\\\/\\\/repliquemangacine.fr\\\/\",\"name\":\"R\u00e9plique Manga Cin\u00e9\",\"description\":\"\",\"publisher\":{\"@id\":\"https:\\\/\\\/repliquemangacine.fr\\\/#organization\"},\"potentialAction\":[{\"@type\":\"SearchAction\",\"target\":{\"@type\":\"EntryPoint\",\"urlTemplate\":\"https:\\\/\\\/repliquemangacine.fr\\\/?s={search_term_string}\"},\"query-input\":{\"@type\":\"PropertyValueSpecification\",\"valueRequired\":true,\"valueName\":\"search_term_string\"}}],\"inLanguage\":\"en-US\"},{\"@type\":\"Organization\",\"@id\":\"https:\\\/\\\/repliquemangacine.fr\\\/#organization\",\"name\":\"R\u00e9plique Manga Cin\u00e9\",\"url\":\"https:\\\/\\\/repliquemangacine.fr\\\/\",\"logo\":{\"@type\":\"ImageObject\",\"inLanguage\":\"en-US\",\"@id\":\"https:\\\/\\\/repliquemangacine.fr\\\/#\\\/schema\\\/logo\\\/image\\\/\",\"url\":\"https:\\\/\\\/repliquemangacine.fr\\\/wp-content\\\/uploads\\\/2023\\\/10\\\/RMC-500250.png\",\"contentUrl\":\"https:\\\/\\\/repliquemangacine.fr\\\/wp-content\\\/uploads\\\/2023\\\/10\\\/RMC-500250.png\",\"width\":500,\"height\":250,\"caption\":\"R\u00e9plique Manga Cin\u00e9\"},\"image\":{\"@id\":\"https:\\\/\\\/repliquemangacine.fr\\\/#\\\/schema\\\/logo\\\/image\\\/\"},\"sameAs\":[\"https:\\\/\\\/www.facebook.com\\\/RepliqueMangaCine\",\"https:\\\/\\\/www.instagram.com\\\/repliquemangacine.fr\\\/\"]}]}<\/script>\n<!-- \/ Yoast SEO plugin. -->","yoast_head_json":{"title":"Mauser C96 Stock Holster - R\u00e9plique Manga Cin\u00e9","description":"Discover unique replicas at RMC: Mauser C96 Etui-Crosse, Garand M1, MP40. High quality, competitive prices, historical immersion guaranteed.","robots":{"index":"index","follow":"follow","max-snippet":"max-snippet:-1","max-image-preview":"max-image-preview:large","max-video-preview":"max-video-preview:-1"},"canonical":"https:\/\/repliquemangacine.fr\/en\/reproductions-weapons-second-world-war-denix\/mauser-c96-grip-case\/","og_locale":"en_US","og_type":"article","og_title":"Mauser C96 Etui-Crosse - R\u00e9plique Manga Cin\u00e9","og_description":"D\u00e9couvrez des r\u00e9pliques uniques chez RMC : Mauser C96 Etui-Crosse, Garand M1, MP40. Haute Qualit\u00e9, prix comp\u00e9titifs, immersion historique garantie.","og_url":"https:\/\/repliquemangacine.fr\/en\/reproductions-weapons-second-world-war-denix\/mauser-c96-grip-case\/","og_site_name":"R\u00e9plique Manga Cin\u00e9","article_publisher":"https:\/\/www.facebook.com\/RepliqueMangaCine","article_modified_time":"2025-11-18T14:17:17+00:00","og_image":[{"width":500,"height":500,"url":"https:\/\/repliquemangacine.fr\/wp-content\/uploads\/2024\/01\/Pistolet-mauser-C96-avec-crosse-en-bois-amovible.jpg","type":"image\/jpeg"}],"twitter_card":"summary_large_image","twitter_misc":{"Est. reading time":"3 minutes"},"schema":{"@context":"https:\/\/schema.org","@graph":[{"@type":"WebPage","@id":"https:\/\/repliquemangacine.fr\/reproductions-armes-seconde-guerre-mondiale-denix\/mauser-c96-etui-crosse\/","url":"https:\/\/repliquemangacine.fr\/reproductions-armes-seconde-guerre-mondiale-denix\/mauser-c96-etui-crosse\/","name":"Mauser C96 Stock Holster - R\u00e9plique Manga Cin\u00e9","isPartOf":{"@id":"https:\/\/repliquemangacine.fr\/#website"},"primaryImageOfPage":{"@id":"https:\/\/repliquemangacine.fr\/reproductions-armes-seconde-guerre-mondiale-denix\/mauser-c96-etui-crosse\/#primaryimage"},"image":{"@id":"https:\/\/repliquemangacine.fr\/reproductions-armes-seconde-guerre-mondiale-denix\/mauser-c96-etui-crosse\/#primaryimage"},"thumbnailUrl":"https:\/\/repliquemangacine.fr\/wp-content\/uploads\/2024\/01\/Pistolet-mauser-C96-avec-crosse-en-bois-amovible.jpg","datePublished":"2024-01-11T16:28:12+00:00","dateModified":"2025-11-18T14:17:17+00:00","description":"Discover unique replicas at RMC: Mauser C96 Etui-Crosse, Garand M1, MP40. High quality, competitive prices, historical immersion guaranteed.","breadcrumb":{"@id":"https:\/\/repliquemangacine.fr\/reproductions-armes-seconde-guerre-mondiale-denix\/mauser-c96-etui-crosse\/#breadcrumb"},"inLanguage":"en-US","potentialAction":[{"@type":"ReadAction","target":["https:\/\/repliquemangacine.fr\/reproductions-armes-seconde-guerre-mondiale-denix\/mauser-c96-etui-crosse\/"]}]},{"@type":"ImageObject","inLanguage":"en-US","@id":"https:\/\/repliquemangacine.fr\/reproductions-armes-seconde-guerre-mondiale-denix\/mauser-c96-etui-crosse\/#primaryimage","url":"https:\/\/repliquemangacine.fr\/wp-content\/uploads\/2024\/01\/Pistolet-mauser-C96-avec-crosse-en-bois-amovible.jpg","contentUrl":"https:\/\/repliquemangacine.fr\/wp-content\/uploads\/2024\/01\/Pistolet-mauser-C96-avec-crosse-en-bois-amovible.jpg","width":500,"height":500,"caption":"Mauser C96 Etui-Crosse amovible"},{"@type":"BreadcrumbList","@id":"https:\/\/repliquemangacine.fr\/reproductions-armes-seconde-guerre-mondiale-denix\/mauser-c96-etui-crosse\/#breadcrumb","itemListElement":[{"@type":"ListItem","position":1,"name":"Accueil","item":"https:\/\/repliquemangacine.fr\/"},{"@type":"ListItem","position":2,"name":"Produits","item":"https:\/\/repliquemangacine.fr\/boutique\/"},{"@type":"ListItem","position":3,"name":"Mauser C96 Etui-Crosse"}]},{"@type":"WebSite","@id":"https:\/\/repliquemangacine.fr\/#website","url":"https:\/\/repliquemangacine.fr\/","name":"R\u00e9plique Manga Cin\u00e9","description":"","publisher":{"@id":"https:\/\/repliquemangacine.fr\/#organization"},"potentialAction":[{"@type":"SearchAction","target":{"@type":"EntryPoint","urlTemplate":"https:\/\/repliquemangacine.fr\/?s={search_term_string}"},"query-input":{"@type":"PropertyValueSpecification","valueRequired":true,"valueName":"search_term_string"}}],"inLanguage":"en-US"},{"@type":"Organization","@id":"https:\/\/repliquemangacine.fr\/#organization","name":"R\u00e9plique Manga Cin\u00e9","url":"https:\/\/repliquemangacine.fr\/","logo":{"@type":"ImageObject","inLanguage":"en-US","@id":"https:\/\/repliquemangacine.fr\/#\/schema\/logo\/image\/","url":"https:\/\/repliquemangacine.fr\/wp-content\/uploads\/2023\/10\/RMC-500250.png","contentUrl":"https:\/\/repliquemangacine.fr\/wp-content\/uploads\/2023\/10\/RMC-500250.png","width":500,"height":250,"caption":"R\u00e9plique Manga Cin\u00e9"},"image":{"@id":"https:\/\/repliquemangacine.fr\/#\/schema\/logo\/image\/"},"sameAs":["https:\/\/www.facebook.com\/RepliqueMangaCine","https:\/\/www.instagram.com\/repliquemangacine.fr\/"]}]}},"_links":{"self":[{"href":"https:\/\/repliquemangacine.fr\/en\/wp-json\/wp\/v2\/product\/67958","targetHints":{"allow":["GET"]}}],"collection":[{"href":"https:\/\/repliquemangacine.fr\/en\/wp-json\/wp\/v2\/product"}],"about":[{"href":"https:\/\/repliquemangacine.fr\/en\/wp-json\/wp\/v2\/types\/product"}],"wp:featuredmedia":[{"embeddable":true,"href":"https:\/\/repliquemangacine.fr\/en\/wp-json\/wp\/v2\/media\/67960"}],"wp:attachment":[{"href":"https:\/\/repliquemangacine.fr\/en\/wp-json\/wp\/v2\/media?parent=67958"}],"wp:term":[{"taxonomy":"product_brand","embeddable":true,"href":"https:\/\/repliquemangacine.fr\/en\/wp-json\/wp\/v2\/product_brand?post=67958"},{"taxonomy":"product_cat","embeddable":true,"href":"https:\/\/repliquemangacine.fr\/en\/wp-json\/wp\/v2\/product_cat?post=67958"},{"taxonomy":"product_tag","embeddable":true,"href":"https:\/\/repliquemangacine.fr\/en\/wp-json\/wp\/v2\/product_tag?post=67958"}],"curies":[{"name":"wp","href":"https:\/\/api.w.org\/{rel}","templated":true}]}}