





{"id":67885,"date":"2024-01-09T17:57:50","date_gmt":"2024-01-09T16:57:50","guid":{"rendered":"https:\/\/repliquemangacine.fr\/?post_type=product&#038;p=67885"},"modified":"2026-03-19T17:11:44","modified_gmt":"2026-03-19T16:11:44","slug":"fantastic-animals-niffleur-plush","status":"publish","type":"product","link":"https:\/\/repliquemangacine.fr\/en\/les-animaux-fantastiques\/peluche-niffleur-les-animaux-fantastiques\/","title":{"rendered":"Niffleur plush - Fantastic Beasts"},"content":{"rendered":"<h2>Niffleur plush: The faithful companion of Fantastic Animal fans<\/h2>\n<p>For starters, if you're a fan of the magical creatures in Fantastic Beasts, then our <strong>Niffleur plush<\/strong> is a must-have for your collection. We're delighted to present this adorable plush toy inspired by the <a href=\"https:\/\/harrypotter.fandom.com\/fr\/wiki\/Niffleur\" target=\"_blank\" rel=\"noopener noreferrer\">Niffleur.<\/a> This mischievous creature and lover of shiny objects from the magical universe. She embodies the adventurous, playful spirit of this magical universe and will delight all Fantastic Beasts fans.<\/p>\n<h3>Discover our Niffleur plush in Fantastic Beasts<\/h3>\n<p>Indeed, our plush perfectly captures the appearance and mischievous personality of this fan-favorite creature. With his inquisitive eyes and tendency to seek out treasure, the Niffleur has become a favorite Fantastic Animals character. Although unofficial, it is designed with great attention to detail to give you a quality replica.<\/p>\n<h2>Cheap Niffleur Plush: A Mischievous Companion at a Low Price<\/h2>\n<p>If you've always dreamed of adopting a Niffleur, that mischievous creature, without breaking the bank, you've come to the right place! We present our <strong>Niffleur plush<\/strong> inexpensive. And an economical option for all fans of magical creatures.<\/p>\n<p>Niffleur captures the playful, mischievous spirit of this creature in search of shiny objects. With his curious eyes and mischievous look, it's hard not to succumb to his charm.<\/p>\n<h3>Adopt your own Niffleur: Cheap and irresistible plush!<\/h3>\n<p>It is important to note that our <strong>Niffleur plush<\/strong> is not an official edition, but designed with attention to detail and quality.<\/p>\n<p>Whether you want to add to your collection of magical creatures or give a magical gift to a friend, our <strong>Niffleur plush<\/strong> is a perfect choice. It embodies the enchanting world of the Fantastic Beasts while staying within your budget.<\/p>\n<h2>Magic Wands Fantastic Animals: Creature Magic<\/h2>\n<p>Immerse yourself in the spellbinding world of Fantastic Beasts with our unique collection of magic wands inspired by the iconic characters from this cinematic series. We offer a complete range of wands specially designed for fans of Fantastic Beasts. Each of our wands embodies the magic of the heroes and heroines of this enchanting universe.<\/p>\n<h3>Explore our Collection of Character Wands<\/h3>\n<p>Whether you're fascinated by the adventures of <a href=\"https:\/\/repliquemangacine.fr\/en\/fantastic-animals\/baguette-norbert-dragonneau-metal-core\/\">Newt Scamander<\/a>Tina Goldstein, as well as <a href=\"https:\/\/repliquemangacine.fr\/en\/fantastic-animals\/wand-queenie-goldstein-fantastic-animals\/\">Queenie Goldstein's baton<\/a>, or other memorable characters. Our wands pay tribute to their magical essence. Each wand is a faithful replica of the models used in the films, with meticulous attention to detail.<\/p>\n<p>Whether you're a collector or a lover of magic, our wands are a captivating way to connect with this extraordinary world.<\/p>\n<p>In conclusion, add to your collection and experience the magic of your favourite characters.<\/p>","protected":false},"excerpt":{"rendered":"<p>Superb unofficial replica of the Niffleur plush toy from Fantastic Animals.<\/p>\n<ul>\n<li>All polyester fiber<\/li>\n<li>Height: 23 cm<\/li>\n<li>Surface cleaning by hand only<\/li>\n<li><strong>Not suitable for children under 36 months<\/strong><\/li>\n<\/ul>","protected":false},"featured_media":67886,"template":"","meta":[],"product_brand":[896],"product_cat":[104],"product_tag":[],"class_list":{"0":"post-67885","1":"product","2":"type-product","3":"status-publish","4":"has-post-thumbnail","6":"product_brand-replique-manga-cine","7":"product_cat-les-animaux-fantastiques","9":"first","10":"instock","11":"taxable","12":"shipping-taxable","13":"purchasable","14":"product-type-simple"},"yoast_head":"<!-- This site is optimized with the Yoast SEO plugin v27.5 - https:\/\/yoast.com\/product\/yoast-seo-wordpress\/ -->\n<title>Peluche Niffleur - Les Animaux Fantastiques - R\u00e9plique Manga Cin\u00e9<\/title>\n<meta name=\"description\" content=\"Venez d\u00e9couvrir cette Peluche Niffleur des Animaux Fantastiques au meilleur prix. Tout en fibres Polyester. Hauteur : 23 cm. Envoi 24\/48h\" \/>\n<meta name=\"robots\" content=\"index, follow, max-snippet:-1, max-image-preview:large, max-video-preview:-1\" \/>\n<link rel=\"canonical\" href=\"https:\/\/repliquemangacine.fr\/en\/fantastic-animals\/fantastic-animals-niffleur-plush\/\" \/>\n<meta property=\"og:locale\" content=\"en_US\" \/>\n<meta property=\"og:type\" content=\"article\" \/>\n<meta property=\"og:title\" content=\"Peluche Niffleur - Les Animaux Fantastiques - R\u00e9plique Manga Cin\u00e9\" \/>\n<meta property=\"og:description\" content=\"Venez d\u00e9couvrir cette Peluche Niffleur des Animaux Fantastiques au meilleur prix. Tout en fibres Polyester. Hauteur : 23 cm. Envoi 24\/48h\" \/>\n<meta property=\"og:url\" content=\"https:\/\/repliquemangacine.fr\/en\/fantastic-animals\/fantastic-animals-niffleur-plush\/\" \/>\n<meta property=\"og:site_name\" content=\"R\u00e9plique Manga Cin\u00e9\" \/>\n<meta property=\"article:publisher\" content=\"https:\/\/www.facebook.com\/RepliqueMangaCine\" \/>\n<meta property=\"article:modified_time\" content=\"2026-03-19T16:11:44+00:00\" \/>\n<meta property=\"og:image\" content=\"https:\/\/repliquemangacine.fr\/wp-content\/uploads\/2024\/01\/peluche-niffleur.jpg\" \/>\n\t<meta property=\"og:image:width\" content=\"500\" \/>\n\t<meta property=\"og:image:height\" content=\"500\" \/>\n\t<meta property=\"og:image:type\" content=\"image\/jpeg\" \/>\n<meta name=\"twitter:card\" content=\"summary_large_image\" \/>\n<meta name=\"twitter:label1\" content=\"Est. reading time\" \/>\n\t<meta name=\"twitter:data1\" content=\"3 minutes\" \/>\n<script type=\"application\/ld+json\" class=\"yoast-schema-graph\">{\"@context\":\"https:\\\/\\\/schema.org\",\"@graph\":[{\"@type\":\"WebPage\",\"@id\":\"https:\\\/\\\/repliquemangacine.fr\\\/les-animaux-fantastiques\\\/peluche-niffleur-les-animaux-fantastiques\\\/\",\"url\":\"https:\\\/\\\/repliquemangacine.fr\\\/les-animaux-fantastiques\\\/peluche-niffleur-les-animaux-fantastiques\\\/\",\"name\":\"Peluche Niffleur - Les Animaux Fantastiques - R\u00e9plique Manga Cin\u00e9\",\"isPartOf\":{\"@id\":\"https:\\\/\\\/repliquemangacine.fr\\\/#website\"},\"primaryImageOfPage\":{\"@id\":\"https:\\\/\\\/repliquemangacine.fr\\\/les-animaux-fantastiques\\\/peluche-niffleur-les-animaux-fantastiques\\\/#primaryimage\"},\"image\":{\"@id\":\"https:\\\/\\\/repliquemangacine.fr\\\/les-animaux-fantastiques\\\/peluche-niffleur-les-animaux-fantastiques\\\/#primaryimage\"},\"thumbnailUrl\":\"https:\\\/\\\/repliquemangacine.fr\\\/wp-content\\\/uploads\\\/2024\\\/01\\\/peluche-niffleur.jpg\",\"datePublished\":\"2024-01-09T16:57:50+00:00\",\"dateModified\":\"2026-03-19T16:11:44+00:00\",\"description\":\"Venez d\u00e9couvrir cette Peluche Niffleur des Animaux Fantastiques au meilleur prix. Tout en fibres Polyester. Hauteur : 23 cm. Envoi 24\\\/48h\",\"breadcrumb\":{\"@id\":\"https:\\\/\\\/repliquemangacine.fr\\\/les-animaux-fantastiques\\\/peluche-niffleur-les-animaux-fantastiques\\\/#breadcrumb\"},\"inLanguage\":\"en-US\",\"potentialAction\":[{\"@type\":\"ReadAction\",\"target\":[\"https:\\\/\\\/repliquemangacine.fr\\\/les-animaux-fantastiques\\\/peluche-niffleur-les-animaux-fantastiques\\\/\"]}]},{\"@type\":\"ImageObject\",\"inLanguage\":\"en-US\",\"@id\":\"https:\\\/\\\/repliquemangacine.fr\\\/les-animaux-fantastiques\\\/peluche-niffleur-les-animaux-fantastiques\\\/#primaryimage\",\"url\":\"https:\\\/\\\/repliquemangacine.fr\\\/wp-content\\\/uploads\\\/2024\\\/01\\\/peluche-niffleur.jpg\",\"contentUrl\":\"https:\\\/\\\/repliquemangacine.fr\\\/wp-content\\\/uploads\\\/2024\\\/01\\\/peluche-niffleur.jpg\",\"width\":500,\"height\":500,\"caption\":\"Peluche Niffleur des Animaux Fantastiques\"},{\"@type\":\"BreadcrumbList\",\"@id\":\"https:\\\/\\\/repliquemangacine.fr\\\/les-animaux-fantastiques\\\/peluche-niffleur-les-animaux-fantastiques\\\/#breadcrumb\",\"itemListElement\":[{\"@type\":\"ListItem\",\"position\":1,\"name\":\"Accueil\",\"item\":\"https:\\\/\\\/repliquemangacine.fr\\\/\"},{\"@type\":\"ListItem\",\"position\":2,\"name\":\"Produits\",\"item\":\"https:\\\/\\\/repliquemangacine.fr\\\/boutique\\\/\"},{\"@type\":\"ListItem\",\"position\":3,\"name\":\"Peluche Niffleur &#8211; Les Animaux Fantastiques\"}]},{\"@type\":\"WebSite\",\"@id\":\"https:\\\/\\\/repliquemangacine.fr\\\/#website\",\"url\":\"https:\\\/\\\/repliquemangacine.fr\\\/\",\"name\":\"R\u00e9plique Manga Cin\u00e9\",\"description\":\"\",\"publisher\":{\"@id\":\"https:\\\/\\\/repliquemangacine.fr\\\/#organization\"},\"potentialAction\":[{\"@type\":\"SearchAction\",\"target\":{\"@type\":\"EntryPoint\",\"urlTemplate\":\"https:\\\/\\\/repliquemangacine.fr\\\/?s={search_term_string}\"},\"query-input\":{\"@type\":\"PropertyValueSpecification\",\"valueRequired\":true,\"valueName\":\"search_term_string\"}}],\"inLanguage\":\"en-US\"},{\"@type\":\"Organization\",\"@id\":\"https:\\\/\\\/repliquemangacine.fr\\\/#organization\",\"name\":\"R\u00e9plique Manga Cin\u00e9\",\"url\":\"https:\\\/\\\/repliquemangacine.fr\\\/\",\"logo\":{\"@type\":\"ImageObject\",\"inLanguage\":\"en-US\",\"@id\":\"https:\\\/\\\/repliquemangacine.fr\\\/#\\\/schema\\\/logo\\\/image\\\/\",\"url\":\"https:\\\/\\\/repliquemangacine.fr\\\/wp-content\\\/uploads\\\/2023\\\/10\\\/RMC-500250.png\",\"contentUrl\":\"https:\\\/\\\/repliquemangacine.fr\\\/wp-content\\\/uploads\\\/2023\\\/10\\\/RMC-500250.png\",\"width\":500,\"height\":250,\"caption\":\"R\u00e9plique Manga Cin\u00e9\"},\"image\":{\"@id\":\"https:\\\/\\\/repliquemangacine.fr\\\/#\\\/schema\\\/logo\\\/image\\\/\"},\"sameAs\":[\"https:\\\/\\\/www.facebook.com\\\/RepliqueMangaCine\",\"https:\\\/\\\/www.instagram.com\\\/repliquemangacine.fr\\\/\"]}]}<\/script>\n<!-- \/ Yoast SEO plugin. -->","yoast_head_json":{"title":"Niffleur plush - Fantastic Beasts - R\u00e9plique Manga Cin\u00e9","description":"Discover this Fantastic Animals Niffleur plush at the best price. All in polyester fiber. Height: 23 cm. Delivery 24\/48h","robots":{"index":"index","follow":"follow","max-snippet":"max-snippet:-1","max-image-preview":"max-image-preview:large","max-video-preview":"max-video-preview:-1"},"canonical":"https:\/\/repliquemangacine.fr\/en\/fantastic-animals\/fantastic-animals-niffleur-plush\/","og_locale":"en_US","og_type":"article","og_title":"Peluche Niffleur - Les Animaux Fantastiques - R\u00e9plique Manga Cin\u00e9","og_description":"Venez d\u00e9couvrir cette Peluche Niffleur des Animaux Fantastiques au meilleur prix. Tout en fibres Polyester. Hauteur : 23 cm. Envoi 24\/48h","og_url":"https:\/\/repliquemangacine.fr\/en\/fantastic-animals\/fantastic-animals-niffleur-plush\/","og_site_name":"R\u00e9plique Manga Cin\u00e9","article_publisher":"https:\/\/www.facebook.com\/RepliqueMangaCine","article_modified_time":"2026-03-19T16:11:44+00:00","og_image":[{"width":500,"height":500,"url":"https:\/\/repliquemangacine.fr\/wp-content\/uploads\/2024\/01\/peluche-niffleur.jpg","type":"image\/jpeg"}],"twitter_card":"summary_large_image","twitter_misc":{"Est. reading time":"3 minutes"},"schema":{"@context":"https:\/\/schema.org","@graph":[{"@type":"WebPage","@id":"https:\/\/repliquemangacine.fr\/les-animaux-fantastiques\/peluche-niffleur-les-animaux-fantastiques\/","url":"https:\/\/repliquemangacine.fr\/les-animaux-fantastiques\/peluche-niffleur-les-animaux-fantastiques\/","name":"Niffleur plush - Fantastic Beasts - R\u00e9plique Manga Cin\u00e9","isPartOf":{"@id":"https:\/\/repliquemangacine.fr\/#website"},"primaryImageOfPage":{"@id":"https:\/\/repliquemangacine.fr\/les-animaux-fantastiques\/peluche-niffleur-les-animaux-fantastiques\/#primaryimage"},"image":{"@id":"https:\/\/repliquemangacine.fr\/les-animaux-fantastiques\/peluche-niffleur-les-animaux-fantastiques\/#primaryimage"},"thumbnailUrl":"https:\/\/repliquemangacine.fr\/wp-content\/uploads\/2024\/01\/peluche-niffleur.jpg","datePublished":"2024-01-09T16:57:50+00:00","dateModified":"2026-03-19T16:11:44+00:00","description":"Discover this Fantastic Animals Niffleur plush at the best price. All in polyester fiber. Height: 23 cm. Delivery 24\/48h","breadcrumb":{"@id":"https:\/\/repliquemangacine.fr\/les-animaux-fantastiques\/peluche-niffleur-les-animaux-fantastiques\/#breadcrumb"},"inLanguage":"en-US","potentialAction":[{"@type":"ReadAction","target":["https:\/\/repliquemangacine.fr\/les-animaux-fantastiques\/peluche-niffleur-les-animaux-fantastiques\/"]}]},{"@type":"ImageObject","inLanguage":"en-US","@id":"https:\/\/repliquemangacine.fr\/les-animaux-fantastiques\/peluche-niffleur-les-animaux-fantastiques\/#primaryimage","url":"https:\/\/repliquemangacine.fr\/wp-content\/uploads\/2024\/01\/peluche-niffleur.jpg","contentUrl":"https:\/\/repliquemangacine.fr\/wp-content\/uploads\/2024\/01\/peluche-niffleur.jpg","width":500,"height":500,"caption":"Peluche Niffleur des Animaux Fantastiques"},{"@type":"BreadcrumbList","@id":"https:\/\/repliquemangacine.fr\/les-animaux-fantastiques\/peluche-niffleur-les-animaux-fantastiques\/#breadcrumb","itemListElement":[{"@type":"ListItem","position":1,"name":"Accueil","item":"https:\/\/repliquemangacine.fr\/"},{"@type":"ListItem","position":2,"name":"Produits","item":"https:\/\/repliquemangacine.fr\/boutique\/"},{"@type":"ListItem","position":3,"name":"Peluche Niffleur &#8211; Les Animaux Fantastiques"}]},{"@type":"WebSite","@id":"https:\/\/repliquemangacine.fr\/#website","url":"https:\/\/repliquemangacine.fr\/","name":"R\u00e9plique Manga Cin\u00e9","description":"","publisher":{"@id":"https:\/\/repliquemangacine.fr\/#organization"},"potentialAction":[{"@type":"SearchAction","target":{"@type":"EntryPoint","urlTemplate":"https:\/\/repliquemangacine.fr\/?s={search_term_string}"},"query-input":{"@type":"PropertyValueSpecification","valueRequired":true,"valueName":"search_term_string"}}],"inLanguage":"en-US"},{"@type":"Organization","@id":"https:\/\/repliquemangacine.fr\/#organization","name":"R\u00e9plique Manga Cin\u00e9","url":"https:\/\/repliquemangacine.fr\/","logo":{"@type":"ImageObject","inLanguage":"en-US","@id":"https:\/\/repliquemangacine.fr\/#\/schema\/logo\/image\/","url":"https:\/\/repliquemangacine.fr\/wp-content\/uploads\/2023\/10\/RMC-500250.png","contentUrl":"https:\/\/repliquemangacine.fr\/wp-content\/uploads\/2023\/10\/RMC-500250.png","width":500,"height":250,"caption":"R\u00e9plique Manga Cin\u00e9"},"image":{"@id":"https:\/\/repliquemangacine.fr\/#\/schema\/logo\/image\/"},"sameAs":["https:\/\/www.facebook.com\/RepliqueMangaCine","https:\/\/www.instagram.com\/repliquemangacine.fr\/"]}]}},"_links":{"self":[{"href":"https:\/\/repliquemangacine.fr\/en\/wp-json\/wp\/v2\/product\/67885","targetHints":{"allow":["GET"]}}],"collection":[{"href":"https:\/\/repliquemangacine.fr\/en\/wp-json\/wp\/v2\/product"}],"about":[{"href":"https:\/\/repliquemangacine.fr\/en\/wp-json\/wp\/v2\/types\/product"}],"wp:featuredmedia":[{"embeddable":true,"href":"https:\/\/repliquemangacine.fr\/en\/wp-json\/wp\/v2\/media\/67886"}],"wp:attachment":[{"href":"https:\/\/repliquemangacine.fr\/en\/wp-json\/wp\/v2\/media?parent=67885"}],"wp:term":[{"taxonomy":"product_brand","embeddable":true,"href":"https:\/\/repliquemangacine.fr\/en\/wp-json\/wp\/v2\/product_brand?post=67885"},{"taxonomy":"product_cat","embeddable":true,"href":"https:\/\/repliquemangacine.fr\/en\/wp-json\/wp\/v2\/product_cat?post=67885"},{"taxonomy":"product_tag","embeddable":true,"href":"https:\/\/repliquemangacine.fr\/en\/wp-json\/wp\/v2\/product_tag?post=67885"}],"curies":[{"name":"wp","href":"https:\/\/api.w.org\/{rel}","templated":true}]}}