





{"id":67874,"date":"2024-01-09T14:49:05","date_gmt":"2024-01-09T13:49:05","guid":{"rendered":"https:\/\/repliquemangacine.fr\/?post_type=product&#038;p=67874"},"modified":"2025-12-16T15:34:33","modified_gmt":"2025-12-16T14:34:33","slug":"philosophers-stone-harry-potter","status":"publish","type":"product","link":"https:\/\/repliquemangacine.fr\/en\/collectors-et-goodies-harry-potter\/pierre-philosophale-harry-potter\/","title":{"rendered":"Harry Potter Philosopher's Stone"},"content":{"rendered":"<h2>The Philosopher's Stone: A Mythical Artefact in the Harry Potter Universe<\/h2>\n<p>To begin with, the <strong>Philosopher's Stone in Harry Potter<\/strong>the legendary artifact at the heart of this universe, has fascinated fans for years. In fact, our product collection includes a faithful replica of this iconic magical object.<br \/>\nWhether you're a budding wizard or an avid collector, this Philosopher's Stone replica is a must-have. Crafted with unrivalled attention to detail, it captures the essence of J.K. Rowling's work in breathtaking detail.<\/p>\n<h3>Discover the Philosopher's Stone in Harry Potter<\/h3>\n<p>Let yourself be transported into the enchanting world of Harry Potter by owning this unique replica. Imagine the adventures of Harry, Ron and Hermione as they search for this mysterious stone to achieve immortality. Whether you want to display it proudly in your collection or wear it at your cosplay events, our replica guarantees an authentic experience.<\/p>\n<h2>Cheap Harry Potter Philosopher's Stone: A Quality Replica<\/h2>\n<p>In search of a replica of the <a href=\"https:\/\/harrypotter.fandom.com\/fr\/wiki\/Pierre_philosophale\" target=\"_blank\" rel=\"noopener noreferrer\">Philosopher's Stone<\/a> in inexpensive Harry Potter that doesn't sacrifice quality? Then you've come to the right place!<br \/>\nAt R\u00e9plique Manga Cin\u00e9, we're proud to present our affordable replica of the Philosopher's Stone. Indeed, we understand that not all wizards and Harry Potter fans can afford to spend a fortune to own this mythical artifact.<\/p>\n<h3>Discover the Philosopher's Stone at an affordable price!<\/h3>\n<p>It should be emphasized that our Philosopher's Stone replica is designed with precision to detail. However, it's important to note that our replica is not an official jewel of the saga, but it is of high quality.<\/p>\n<p>We believe in the magic of imagination. This replica is perfect for fans who want to add a piece of magic to their collection without emptying their purse.<\/p>\n<h2>Harry Potter Wand and Other Collector's Items<\/h2>\n<p>At RMC, we do more than just offer you the <strong>Harry Potter Philosopher's Stone<\/strong>. We also have an impressive selection of magic wands and other collector's items.<br \/>\nWhether you're an aspiring wizard in search of the perfect wand or an avid collector, our collection has something for everyone.<\/p>\n<h3>Explore our range of Collector Products<\/h3>\n<p>Immerse yourself in the enchanting world of Harry Potter by discovering our range of character wands such as the <a href=\"https:\/\/repliquemangacine.fr\/en\/harry-potter-character-wands\/harry-potter-wand-high-quality-metal-core\/\">Harry's wand<\/a>Hermione or any other character. There's also Edwige's plush toy, as well as the <a href=\"https:\/\/repliquemangacine.fr\/en\/harry-potter-collectors-and-goodies\/firebolt-broom-harry-potter\/\">Firebolt broom<\/a>. In conclusion, our online store is a real treasure trove for Harry Potter fans. You can be sure of finding something to enrich your collection.<\/p>\n<p>Discover our complete range of Harry Potter wands and other collector's items today.<\/p>","protected":false},"excerpt":{"rendered":"<p>Superb cheap replica of the Philosopher's Stone necklace in Harry Potter<\/p>\n<ul>\n<li>Resin stone<\/li>\n<li>Gold-plated steel chain<\/li>\n<li>Supplied with black velvet Harry Potter pouch<\/li>\n<\/ul>","protected":false},"featured_media":67875,"template":"","meta":[],"product_brand":[],"product_cat":[87],"product_tag":[],"class_list":{"0":"post-67874","1":"product","2":"type-product","3":"status-publish","4":"has-post-thumbnail","6":"product_cat-collectors-et-goodies-harry-potter","8":"first","9":"instock","10":"taxable","11":"shipping-taxable","12":"purchasable","13":"product-type-simple"},"yoast_head":"<!-- This site is optimized with the Yoast SEO plugin v27.5 - https:\/\/yoast.com\/product\/yoast-seo-wordpress\/ -->\n<title>Pierre Philosophale Harry Potter - Collier collector | R\u00e9plique Manga Cin\u00e9<\/title>\n<meta name=\"description\" content=\"Venez d\u00e9couvrir ce pendentif Pierre Philosophale Harry Potter pas cher. Chaine en zinc dor\u00e9. Pierre en r\u00e9sine. Livr\u00e9 avec sa pochette Harry Potter\" \/>\n<meta name=\"robots\" content=\"index, follow, max-snippet:-1, max-image-preview:large, max-video-preview:-1\" \/>\n<link rel=\"canonical\" href=\"https:\/\/repliquemangacine.fr\/en\/harry-potter-collectors-and-goodies\/philosophers-stone-harry-potter\/\" \/>\n<meta property=\"og:locale\" content=\"en_US\" \/>\n<meta property=\"og:type\" content=\"article\" \/>\n<meta property=\"og:title\" content=\"Pierre Philosophale Harry Potter - Collier collector | R\u00e9plique Manga Cin\u00e9\" \/>\n<meta property=\"og:description\" content=\"Venez d\u00e9couvrir ce pendentif Pierre Philosophale Harry Potter pas cher. Chaine en zinc dor\u00e9. Pierre en r\u00e9sine. Livr\u00e9 avec sa pochette Harry Potter\" \/>\n<meta property=\"og:url\" content=\"https:\/\/repliquemangacine.fr\/en\/harry-potter-collectors-and-goodies\/philosophers-stone-harry-potter\/\" \/>\n<meta property=\"og:site_name\" content=\"R\u00e9plique Manga Cin\u00e9\" \/>\n<meta property=\"article:publisher\" content=\"https:\/\/www.facebook.com\/RepliqueMangaCine\" \/>\n<meta property=\"article:modified_time\" content=\"2025-12-16T14:34:33+00:00\" \/>\n<meta property=\"og:image\" content=\"https:\/\/repliquemangacine.fr\/wp-content\/uploads\/2024\/01\/pierre-philosophale-harry-potter.jpg\" \/>\n\t<meta property=\"og:image:width\" content=\"500\" \/>\n\t<meta property=\"og:image:height\" content=\"500\" \/>\n\t<meta property=\"og:image:type\" content=\"image\/jpeg\" \/>\n<meta name=\"twitter:card\" content=\"summary_large_image\" \/>\n<meta name=\"twitter:label1\" content=\"Est. reading time\" \/>\n\t<meta name=\"twitter:data1\" content=\"3 minutes\" \/>\n<script type=\"application\/ld+json\" class=\"yoast-schema-graph\">{\"@context\":\"https:\\\/\\\/schema.org\",\"@graph\":[{\"@type\":\"WebPage\",\"@id\":\"https:\\\/\\\/repliquemangacine.fr\\\/collectors-et-goodies-harry-potter\\\/pierre-philosophale-harry-potter\\\/\",\"url\":\"https:\\\/\\\/repliquemangacine.fr\\\/collectors-et-goodies-harry-potter\\\/pierre-philosophale-harry-potter\\\/\",\"name\":\"Pierre Philosophale Harry Potter - Collier collector | R\u00e9plique Manga Cin\u00e9\",\"isPartOf\":{\"@id\":\"https:\\\/\\\/repliquemangacine.fr\\\/#website\"},\"primaryImageOfPage\":{\"@id\":\"https:\\\/\\\/repliquemangacine.fr\\\/collectors-et-goodies-harry-potter\\\/pierre-philosophale-harry-potter\\\/#primaryimage\"},\"image\":{\"@id\":\"https:\\\/\\\/repliquemangacine.fr\\\/collectors-et-goodies-harry-potter\\\/pierre-philosophale-harry-potter\\\/#primaryimage\"},\"thumbnailUrl\":\"https:\\\/\\\/repliquemangacine.fr\\\/wp-content\\\/uploads\\\/2024\\\/01\\\/pierre-philosophale-harry-potter.jpg\",\"datePublished\":\"2024-01-09T13:49:05+00:00\",\"dateModified\":\"2025-12-16T14:34:33+00:00\",\"description\":\"Venez d\u00e9couvrir ce pendentif Pierre Philosophale Harry Potter pas cher. Chaine en zinc dor\u00e9. Pierre en r\u00e9sine. Livr\u00e9 avec sa pochette Harry Potter\",\"breadcrumb\":{\"@id\":\"https:\\\/\\\/repliquemangacine.fr\\\/collectors-et-goodies-harry-potter\\\/pierre-philosophale-harry-potter\\\/#breadcrumb\"},\"inLanguage\":\"en-US\",\"potentialAction\":[{\"@type\":\"ReadAction\",\"target\":[\"https:\\\/\\\/repliquemangacine.fr\\\/collectors-et-goodies-harry-potter\\\/pierre-philosophale-harry-potter\\\/\"]}]},{\"@type\":\"ImageObject\",\"inLanguage\":\"en-US\",\"@id\":\"https:\\\/\\\/repliquemangacine.fr\\\/collectors-et-goodies-harry-potter\\\/pierre-philosophale-harry-potter\\\/#primaryimage\",\"url\":\"https:\\\/\\\/repliquemangacine.fr\\\/wp-content\\\/uploads\\\/2024\\\/01\\\/pierre-philosophale-harry-potter.jpg\",\"contentUrl\":\"https:\\\/\\\/repliquemangacine.fr\\\/wp-content\\\/uploads\\\/2024\\\/01\\\/pierre-philosophale-harry-potter.jpg\",\"width\":500,\"height\":500,\"caption\":\"Pierre Philosophale Harry Potter\"},{\"@type\":\"BreadcrumbList\",\"@id\":\"https:\\\/\\\/repliquemangacine.fr\\\/collectors-et-goodies-harry-potter\\\/pierre-philosophale-harry-potter\\\/#breadcrumb\",\"itemListElement\":[{\"@type\":\"ListItem\",\"position\":1,\"name\":\"Accueil\",\"item\":\"https:\\\/\\\/repliquemangacine.fr\\\/\"},{\"@type\":\"ListItem\",\"position\":2,\"name\":\"Produits\",\"item\":\"https:\\\/\\\/repliquemangacine.fr\\\/boutique\\\/\"},{\"@type\":\"ListItem\",\"position\":3,\"name\":\"Pierre Philosophale Harry Potter\"}]},{\"@type\":\"WebSite\",\"@id\":\"https:\\\/\\\/repliquemangacine.fr\\\/#website\",\"url\":\"https:\\\/\\\/repliquemangacine.fr\\\/\",\"name\":\"R\u00e9plique Manga Cin\u00e9\",\"description\":\"\",\"publisher\":{\"@id\":\"https:\\\/\\\/repliquemangacine.fr\\\/#organization\"},\"potentialAction\":[{\"@type\":\"SearchAction\",\"target\":{\"@type\":\"EntryPoint\",\"urlTemplate\":\"https:\\\/\\\/repliquemangacine.fr\\\/?s={search_term_string}\"},\"query-input\":{\"@type\":\"PropertyValueSpecification\",\"valueRequired\":true,\"valueName\":\"search_term_string\"}}],\"inLanguage\":\"en-US\"},{\"@type\":\"Organization\",\"@id\":\"https:\\\/\\\/repliquemangacine.fr\\\/#organization\",\"name\":\"R\u00e9plique Manga Cin\u00e9\",\"url\":\"https:\\\/\\\/repliquemangacine.fr\\\/\",\"logo\":{\"@type\":\"ImageObject\",\"inLanguage\":\"en-US\",\"@id\":\"https:\\\/\\\/repliquemangacine.fr\\\/#\\\/schema\\\/logo\\\/image\\\/\",\"url\":\"https:\\\/\\\/repliquemangacine.fr\\\/wp-content\\\/uploads\\\/2023\\\/10\\\/RMC-500250.png\",\"contentUrl\":\"https:\\\/\\\/repliquemangacine.fr\\\/wp-content\\\/uploads\\\/2023\\\/10\\\/RMC-500250.png\",\"width\":500,\"height\":250,\"caption\":\"R\u00e9plique Manga Cin\u00e9\"},\"image\":{\"@id\":\"https:\\\/\\\/repliquemangacine.fr\\\/#\\\/schema\\\/logo\\\/image\\\/\"},\"sameAs\":[\"https:\\\/\\\/www.facebook.com\\\/RepliqueMangaCine\",\"https:\\\/\\\/www.instagram.com\\\/repliquemangacine.fr\\\/\"]}]}<\/script>\n<!-- \/ Yoast SEO plugin. -->","yoast_head_json":{"title":"Philosopher's Stone Harry Potter - Collector's necklace | R\u00e9plique Manga Cin\u00e9","description":"Come and discover this inexpensive Harry Potter Philosopher's Stone pendant. Gold-plated zinc chain. Resin stone. Delivered with Harry Potter pouch.","robots":{"index":"index","follow":"follow","max-snippet":"max-snippet:-1","max-image-preview":"max-image-preview:large","max-video-preview":"max-video-preview:-1"},"canonical":"https:\/\/repliquemangacine.fr\/en\/harry-potter-collectors-and-goodies\/philosophers-stone-harry-potter\/","og_locale":"en_US","og_type":"article","og_title":"Pierre Philosophale Harry Potter - Collier collector | R\u00e9plique Manga Cin\u00e9","og_description":"Venez d\u00e9couvrir ce pendentif Pierre Philosophale Harry Potter pas cher. Chaine en zinc dor\u00e9. Pierre en r\u00e9sine. Livr\u00e9 avec sa pochette Harry Potter","og_url":"https:\/\/repliquemangacine.fr\/en\/harry-potter-collectors-and-goodies\/philosophers-stone-harry-potter\/","og_site_name":"R\u00e9plique Manga Cin\u00e9","article_publisher":"https:\/\/www.facebook.com\/RepliqueMangaCine","article_modified_time":"2025-12-16T14:34:33+00:00","og_image":[{"width":500,"height":500,"url":"https:\/\/repliquemangacine.fr\/wp-content\/uploads\/2024\/01\/pierre-philosophale-harry-potter.jpg","type":"image\/jpeg"}],"twitter_card":"summary_large_image","twitter_misc":{"Est. reading time":"3 minutes"},"schema":{"@context":"https:\/\/schema.org","@graph":[{"@type":"WebPage","@id":"https:\/\/repliquemangacine.fr\/collectors-et-goodies-harry-potter\/pierre-philosophale-harry-potter\/","url":"https:\/\/repliquemangacine.fr\/collectors-et-goodies-harry-potter\/pierre-philosophale-harry-potter\/","name":"Philosopher's Stone Harry Potter - Collector's necklace | R\u00e9plique Manga Cin\u00e9","isPartOf":{"@id":"https:\/\/repliquemangacine.fr\/#website"},"primaryImageOfPage":{"@id":"https:\/\/repliquemangacine.fr\/collectors-et-goodies-harry-potter\/pierre-philosophale-harry-potter\/#primaryimage"},"image":{"@id":"https:\/\/repliquemangacine.fr\/collectors-et-goodies-harry-potter\/pierre-philosophale-harry-potter\/#primaryimage"},"thumbnailUrl":"https:\/\/repliquemangacine.fr\/wp-content\/uploads\/2024\/01\/pierre-philosophale-harry-potter.jpg","datePublished":"2024-01-09T13:49:05+00:00","dateModified":"2025-12-16T14:34:33+00:00","description":"Come and discover this inexpensive Harry Potter Philosopher's Stone pendant. Gold-plated zinc chain. Resin stone. Delivered with Harry Potter pouch.","breadcrumb":{"@id":"https:\/\/repliquemangacine.fr\/collectors-et-goodies-harry-potter\/pierre-philosophale-harry-potter\/#breadcrumb"},"inLanguage":"en-US","potentialAction":[{"@type":"ReadAction","target":["https:\/\/repliquemangacine.fr\/collectors-et-goodies-harry-potter\/pierre-philosophale-harry-potter\/"]}]},{"@type":"ImageObject","inLanguage":"en-US","@id":"https:\/\/repliquemangacine.fr\/collectors-et-goodies-harry-potter\/pierre-philosophale-harry-potter\/#primaryimage","url":"https:\/\/repliquemangacine.fr\/wp-content\/uploads\/2024\/01\/pierre-philosophale-harry-potter.jpg","contentUrl":"https:\/\/repliquemangacine.fr\/wp-content\/uploads\/2024\/01\/pierre-philosophale-harry-potter.jpg","width":500,"height":500,"caption":"Pierre Philosophale Harry Potter"},{"@type":"BreadcrumbList","@id":"https:\/\/repliquemangacine.fr\/collectors-et-goodies-harry-potter\/pierre-philosophale-harry-potter\/#breadcrumb","itemListElement":[{"@type":"ListItem","position":1,"name":"Accueil","item":"https:\/\/repliquemangacine.fr\/"},{"@type":"ListItem","position":2,"name":"Produits","item":"https:\/\/repliquemangacine.fr\/boutique\/"},{"@type":"ListItem","position":3,"name":"Pierre Philosophale Harry Potter"}]},{"@type":"WebSite","@id":"https:\/\/repliquemangacine.fr\/#website","url":"https:\/\/repliquemangacine.fr\/","name":"R\u00e9plique Manga Cin\u00e9","description":"","publisher":{"@id":"https:\/\/repliquemangacine.fr\/#organization"},"potentialAction":[{"@type":"SearchAction","target":{"@type":"EntryPoint","urlTemplate":"https:\/\/repliquemangacine.fr\/?s={search_term_string}"},"query-input":{"@type":"PropertyValueSpecification","valueRequired":true,"valueName":"search_term_string"}}],"inLanguage":"en-US"},{"@type":"Organization","@id":"https:\/\/repliquemangacine.fr\/#organization","name":"R\u00e9plique Manga Cin\u00e9","url":"https:\/\/repliquemangacine.fr\/","logo":{"@type":"ImageObject","inLanguage":"en-US","@id":"https:\/\/repliquemangacine.fr\/#\/schema\/logo\/image\/","url":"https:\/\/repliquemangacine.fr\/wp-content\/uploads\/2023\/10\/RMC-500250.png","contentUrl":"https:\/\/repliquemangacine.fr\/wp-content\/uploads\/2023\/10\/RMC-500250.png","width":500,"height":250,"caption":"R\u00e9plique Manga Cin\u00e9"},"image":{"@id":"https:\/\/repliquemangacine.fr\/#\/schema\/logo\/image\/"},"sameAs":["https:\/\/www.facebook.com\/RepliqueMangaCine","https:\/\/www.instagram.com\/repliquemangacine.fr\/"]}]}},"_links":{"self":[{"href":"https:\/\/repliquemangacine.fr\/en\/wp-json\/wp\/v2\/product\/67874","targetHints":{"allow":["GET"]}}],"collection":[{"href":"https:\/\/repliquemangacine.fr\/en\/wp-json\/wp\/v2\/product"}],"about":[{"href":"https:\/\/repliquemangacine.fr\/en\/wp-json\/wp\/v2\/types\/product"}],"wp:featuredmedia":[{"embeddable":true,"href":"https:\/\/repliquemangacine.fr\/en\/wp-json\/wp\/v2\/media\/67875"}],"wp:attachment":[{"href":"https:\/\/repliquemangacine.fr\/en\/wp-json\/wp\/v2\/media?parent=67874"}],"wp:term":[{"taxonomy":"product_brand","embeddable":true,"href":"https:\/\/repliquemangacine.fr\/en\/wp-json\/wp\/v2\/product_brand?post=67874"},{"taxonomy":"product_cat","embeddable":true,"href":"https:\/\/repliquemangacine.fr\/en\/wp-json\/wp\/v2\/product_cat?post=67874"},{"taxonomy":"product_tag","embeddable":true,"href":"https:\/\/repliquemangacine.fr\/en\/wp-json\/wp\/v2\/product_tag?post=67874"}],"curies":[{"name":"wp","href":"https:\/\/api.w.org\/{rel}","templated":true}]}}