





{"id":67553,"date":"2023-12-22T17:05:06","date_gmt":"2023-12-22T16:05:06","guid":{"rendered":"https:\/\/repliquemangacine.fr\/?post_type=product&#038;p=67553"},"modified":"2025-11-18T15:35:38","modified_gmt":"2025-11-18T14:35:38","slug":"brown-double-holster","status":"publish","type":"product","link":"https:\/\/repliquemangacine.fr\/en\/holster-accessoires-western\/holster-double-marron\/","title":{"rendered":"Brown Double Holster"},"content":{"rendered":"<h2>Brown Double Holster<\/h2>\n<p>To begin with, this <strong>Brown Double Holster<\/strong>, specially designed to hold two revolvers. This belt has a cartridge belt with 24 dummy bullets. Generally designed for one-handed use. This allows the handgun to be removed and\/or replaced with the same hand. To return the handgun to its holster with one hand, a semi-rigid material is required. So that it retains its shape, the holster doesn't collapse when the Colt is no longer inside to support it.<\/p>\n<p>Traditionally attached to the belt via a harness. Popularized in Western films and famous dueling scenes. The extraction of the pistol in some films is quite spectacular, and we witness some technical feats to put it back.<\/p>\n<h2>Your Holster Double Brown at the best price.<\/h2>\n<p>We offer a wide range of Westerns accessories.<\/p>\n<p>First and foremost,<\/p>\n<ul>\n<li>For your holster, you need <a href=\"https:\/\/repliquemangacine.fr\/en\/kolser-gun\/colt-45-polished-4-75-inch-1873-kolser-case\/\">colt 45 poli 4.75<\/a>model 1873 from <a href=\"https:\/\/kolser.com\/\" target=\"_blank\" rel=\"noopener noreferrer\">Kolser<\/a> .<\/li>\n<li>There are also dummy bullets with primers for .45-calibre Colt to fill your cartridge belt.<\/li>\n<li>As well as <a href=\"https:\/\/repliquemangacine.fr\/en\/kolser-gun\/blister-pack-208-kolser-primers\/\">primer blisters<\/a> the spare parts you need to make it pop!<\/li>\n<li>And many more to discover in our online store!<\/li>\n<\/ul>\n<p>It's a great gift idea for all lovers of historical weapons. In conclusion, you can use this black 2 Colts Holster for your western re-enactments and performances. Above all, this weapon is a collector's item and a decoration. R\u00e9plique Manga Cin\u00e9 is a French company and official distributor of the Denix brand.<\/p>\n<h2>How are your western accessories made?<\/h2>\n<p>To begin with, all our derived products are of the highest quality, manufactured with meticulous attention to detail. In fact, some of the manufacturing is done by hand, to reproduce even the smallest detail. More important parts are machined by precise machines. Engravings are generally made with a diamond tip or laser. Your <strong>Brown Double Holster<\/strong> manufactured to reproduce every detail exactly. To match the heritage of the original masterpieces. The emphasis is on creating high-quality replicas that are as historically accurate as possible. In conclusion, whether imported from China, Spain or India, our replicas will amaze you!<\/p>","protected":false},"excerpt":{"rendered":"<p>This high quality western belt is made of thick molded leather.<\/p>\n<ul>\n<li>Hand-made and hand-sewn.<\/li>\n<li>Two pistol cases with decorative parts in genuine leather.<\/li>\n<li>Metal belt buckle.<\/li>\n<li>Support straps.<\/li>\n<li>Cartridge belt.<\/li>\n<li>Supplied without dummy bullets<\/li>\n<\/ul>","protected":false},"featured_media":67554,"template":"","meta":[],"product_brand":[],"product_cat":[45,90,27,64],"product_tag":[],"class_list":{"0":"post-67553","1":"product","2":"type-product","3":"status-publish","4":"has-post-thumbnail","6":"product_cat-holster-western-ceinturon","7":"product_cat-holster-accessoires-western","8":"product_cat-armes-et-accessoires-western","9":"product_cat-western-repliques-armes","11":"first","12":"outofstock","13":"taxable","14":"shipping-taxable","15":"purchasable","16":"product-type-simple"},"yoast_head":"<!-- This site is optimized with the Yoast SEO plugin v27.4 - https:\/\/yoast.com\/product\/yoast-seo-wordpress\/ -->\n<title>Holster Double Marron - Accessoires Western | RMC<\/title>\n<meta name=\"description\" content=\"D\u00e9couvrez ce superbe Holster Double Marron au meilleur prix. Tout en cuir marron. Cartouchi\u00e8res. Id\u00e9al pour votre costume de Cow-boys.\" \/>\n<meta name=\"robots\" content=\"index, follow, max-snippet:-1, max-image-preview:large, max-video-preview:-1\" \/>\n<link rel=\"canonical\" href=\"https:\/\/repliquemangacine.fr\/en\/western-accessory-holster\/brown-double-holster\/\" \/>\n<meta property=\"og:locale\" content=\"en_US\" \/>\n<meta property=\"og:type\" content=\"article\" \/>\n<meta property=\"og:title\" content=\"Holster Double Marron - Accessoires Western | RMC\" \/>\n<meta property=\"og:description\" content=\"D\u00e9couvrez ce superbe Holster Double Marron au meilleur prix. Tout en cuir marron. Cartouchi\u00e8res. Id\u00e9al pour votre costume de Cow-boys.\" \/>\n<meta property=\"og:url\" content=\"https:\/\/repliquemangacine.fr\/en\/western-accessory-holster\/brown-double-holster\/\" \/>\n<meta property=\"og:site_name\" content=\"R\u00e9plique Manga Cin\u00e9\" \/>\n<meta property=\"article:publisher\" content=\"https:\/\/www.facebook.com\/RepliqueMangaCine\" \/>\n<meta property=\"article:modified_time\" content=\"2025-11-18T14:35:38+00:00\" \/>\n<meta property=\"og:image\" content=\"https:\/\/repliquemangacine.fr\/wp-content\/uploads\/2023\/12\/Holster-double-marron.jpg\" \/>\n\t<meta property=\"og:image:width\" content=\"500\" \/>\n\t<meta property=\"og:image:height\" content=\"500\" \/>\n\t<meta property=\"og:image:type\" content=\"image\/jpeg\" \/>\n<meta name=\"twitter:card\" content=\"summary_large_image\" \/>\n<meta name=\"twitter:label1\" content=\"Est. reading time\" \/>\n\t<meta name=\"twitter:data1\" content=\"3 minutes\" \/>\n<script type=\"application\/ld+json\" class=\"yoast-schema-graph\">{\"@context\":\"https:\\\/\\\/schema.org\",\"@graph\":[{\"@type\":\"WebPage\",\"@id\":\"https:\\\/\\\/repliquemangacine.fr\\\/holster-accessoires-western\\\/holster-double-marron\\\/\",\"url\":\"https:\\\/\\\/repliquemangacine.fr\\\/holster-accessoires-western\\\/holster-double-marron\\\/\",\"name\":\"Holster Double Marron - Accessoires Western | RMC\",\"isPartOf\":{\"@id\":\"https:\\\/\\\/repliquemangacine.fr\\\/#website\"},\"primaryImageOfPage\":{\"@id\":\"https:\\\/\\\/repliquemangacine.fr\\\/holster-accessoires-western\\\/holster-double-marron\\\/#primaryimage\"},\"image\":{\"@id\":\"https:\\\/\\\/repliquemangacine.fr\\\/holster-accessoires-western\\\/holster-double-marron\\\/#primaryimage\"},\"thumbnailUrl\":\"https:\\\/\\\/repliquemangacine.fr\\\/wp-content\\\/uploads\\\/2023\\\/12\\\/Holster-double-marron.jpg\",\"datePublished\":\"2023-12-22T16:05:06+00:00\",\"dateModified\":\"2025-11-18T14:35:38+00:00\",\"description\":\"D\u00e9couvrez ce superbe Holster Double Marron au meilleur prix. Tout en cuir marron. Cartouchi\u00e8res. Id\u00e9al pour votre costume de Cow-boys.\",\"breadcrumb\":{\"@id\":\"https:\\\/\\\/repliquemangacine.fr\\\/holster-accessoires-western\\\/holster-double-marron\\\/#breadcrumb\"},\"inLanguage\":\"en-US\",\"potentialAction\":[{\"@type\":\"ReadAction\",\"target\":[\"https:\\\/\\\/repliquemangacine.fr\\\/holster-accessoires-western\\\/holster-double-marron\\\/\"]}]},{\"@type\":\"ImageObject\",\"inLanguage\":\"en-US\",\"@id\":\"https:\\\/\\\/repliquemangacine.fr\\\/holster-accessoires-western\\\/holster-double-marron\\\/#primaryimage\",\"url\":\"https:\\\/\\\/repliquemangacine.fr\\\/wp-content\\\/uploads\\\/2023\\\/12\\\/Holster-double-marron.jpg\",\"contentUrl\":\"https:\\\/\\\/repliquemangacine.fr\\\/wp-content\\\/uploads\\\/2023\\\/12\\\/Holster-double-marron.jpg\",\"width\":500,\"height\":500,\"caption\":\"Holster Double Marron\"},{\"@type\":\"BreadcrumbList\",\"@id\":\"https:\\\/\\\/repliquemangacine.fr\\\/holster-accessoires-western\\\/holster-double-marron\\\/#breadcrumb\",\"itemListElement\":[{\"@type\":\"ListItem\",\"position\":1,\"name\":\"Accueil\",\"item\":\"https:\\\/\\\/repliquemangacine.fr\\\/\"},{\"@type\":\"ListItem\",\"position\":2,\"name\":\"Produits\",\"item\":\"https:\\\/\\\/repliquemangacine.fr\\\/boutique\\\/\"},{\"@type\":\"ListItem\",\"position\":3,\"name\":\"Holster Double Marron\"}]},{\"@type\":\"WebSite\",\"@id\":\"https:\\\/\\\/repliquemangacine.fr\\\/#website\",\"url\":\"https:\\\/\\\/repliquemangacine.fr\\\/\",\"name\":\"R\u00e9plique Manga Cin\u00e9\",\"description\":\"\",\"publisher\":{\"@id\":\"https:\\\/\\\/repliquemangacine.fr\\\/#organization\"},\"potentialAction\":[{\"@type\":\"SearchAction\",\"target\":{\"@type\":\"EntryPoint\",\"urlTemplate\":\"https:\\\/\\\/repliquemangacine.fr\\\/?s={search_term_string}\"},\"query-input\":{\"@type\":\"PropertyValueSpecification\",\"valueRequired\":true,\"valueName\":\"search_term_string\"}}],\"inLanguage\":\"en-US\"},{\"@type\":\"Organization\",\"@id\":\"https:\\\/\\\/repliquemangacine.fr\\\/#organization\",\"name\":\"R\u00e9plique Manga Cin\u00e9\",\"url\":\"https:\\\/\\\/repliquemangacine.fr\\\/\",\"logo\":{\"@type\":\"ImageObject\",\"inLanguage\":\"en-US\",\"@id\":\"https:\\\/\\\/repliquemangacine.fr\\\/#\\\/schema\\\/logo\\\/image\\\/\",\"url\":\"https:\\\/\\\/repliquemangacine.fr\\\/wp-content\\\/uploads\\\/2023\\\/10\\\/RMC-500250.png\",\"contentUrl\":\"https:\\\/\\\/repliquemangacine.fr\\\/wp-content\\\/uploads\\\/2023\\\/10\\\/RMC-500250.png\",\"width\":500,\"height\":250,\"caption\":\"R\u00e9plique Manga Cin\u00e9\"},\"image\":{\"@id\":\"https:\\\/\\\/repliquemangacine.fr\\\/#\\\/schema\\\/logo\\\/image\\\/\"},\"sameAs\":[\"https:\\\/\\\/www.facebook.com\\\/RepliqueMangaCine\",\"https:\\\/\\\/www.instagram.com\\\/repliquemangacine.fr\\\/\"]}]}<\/script>\n<!-- \/ Yoast SEO plugin. -->","yoast_head_json":{"title":"Brown Double Holster - Western Accessories | RMC","description":"Discover this superb Brown Double Holster at the best price. All brown leather. Cartridge straps. Ideal for your Cowboy costume.","robots":{"index":"index","follow":"follow","max-snippet":"max-snippet:-1","max-image-preview":"max-image-preview:large","max-video-preview":"max-video-preview:-1"},"canonical":"https:\/\/repliquemangacine.fr\/en\/western-accessory-holster\/brown-double-holster\/","og_locale":"en_US","og_type":"article","og_title":"Holster Double Marron - Accessoires Western | RMC","og_description":"D\u00e9couvrez ce superbe Holster Double Marron au meilleur prix. Tout en cuir marron. Cartouchi\u00e8res. Id\u00e9al pour votre costume de Cow-boys.","og_url":"https:\/\/repliquemangacine.fr\/en\/western-accessory-holster\/brown-double-holster\/","og_site_name":"R\u00e9plique Manga Cin\u00e9","article_publisher":"https:\/\/www.facebook.com\/RepliqueMangaCine","article_modified_time":"2025-11-18T14:35:38+00:00","og_image":[{"width":500,"height":500,"url":"https:\/\/repliquemangacine.fr\/wp-content\/uploads\/2023\/12\/Holster-double-marron.jpg","type":"image\/jpeg"}],"twitter_card":"summary_large_image","twitter_misc":{"Est. reading time":"3 minutes"},"schema":{"@context":"https:\/\/schema.org","@graph":[{"@type":"WebPage","@id":"https:\/\/repliquemangacine.fr\/holster-accessoires-western\/holster-double-marron\/","url":"https:\/\/repliquemangacine.fr\/holster-accessoires-western\/holster-double-marron\/","name":"Brown Double Holster - Western Accessories | RMC","isPartOf":{"@id":"https:\/\/repliquemangacine.fr\/#website"},"primaryImageOfPage":{"@id":"https:\/\/repliquemangacine.fr\/holster-accessoires-western\/holster-double-marron\/#primaryimage"},"image":{"@id":"https:\/\/repliquemangacine.fr\/holster-accessoires-western\/holster-double-marron\/#primaryimage"},"thumbnailUrl":"https:\/\/repliquemangacine.fr\/wp-content\/uploads\/2023\/12\/Holster-double-marron.jpg","datePublished":"2023-12-22T16:05:06+00:00","dateModified":"2025-11-18T14:35:38+00:00","description":"Discover this superb Brown Double Holster at the best price. All brown leather. Cartridge straps. Ideal for your Cowboy costume.","breadcrumb":{"@id":"https:\/\/repliquemangacine.fr\/holster-accessoires-western\/holster-double-marron\/#breadcrumb"},"inLanguage":"en-US","potentialAction":[{"@type":"ReadAction","target":["https:\/\/repliquemangacine.fr\/holster-accessoires-western\/holster-double-marron\/"]}]},{"@type":"ImageObject","inLanguage":"en-US","@id":"https:\/\/repliquemangacine.fr\/holster-accessoires-western\/holster-double-marron\/#primaryimage","url":"https:\/\/repliquemangacine.fr\/wp-content\/uploads\/2023\/12\/Holster-double-marron.jpg","contentUrl":"https:\/\/repliquemangacine.fr\/wp-content\/uploads\/2023\/12\/Holster-double-marron.jpg","width":500,"height":500,"caption":"Holster Double Marron"},{"@type":"BreadcrumbList","@id":"https:\/\/repliquemangacine.fr\/holster-accessoires-western\/holster-double-marron\/#breadcrumb","itemListElement":[{"@type":"ListItem","position":1,"name":"Accueil","item":"https:\/\/repliquemangacine.fr\/"},{"@type":"ListItem","position":2,"name":"Produits","item":"https:\/\/repliquemangacine.fr\/boutique\/"},{"@type":"ListItem","position":3,"name":"Holster Double Marron"}]},{"@type":"WebSite","@id":"https:\/\/repliquemangacine.fr\/#website","url":"https:\/\/repliquemangacine.fr\/","name":"R\u00e9plique Manga Cin\u00e9","description":"","publisher":{"@id":"https:\/\/repliquemangacine.fr\/#organization"},"potentialAction":[{"@type":"SearchAction","target":{"@type":"EntryPoint","urlTemplate":"https:\/\/repliquemangacine.fr\/?s={search_term_string}"},"query-input":{"@type":"PropertyValueSpecification","valueRequired":true,"valueName":"search_term_string"}}],"inLanguage":"en-US"},{"@type":"Organization","@id":"https:\/\/repliquemangacine.fr\/#organization","name":"R\u00e9plique Manga Cin\u00e9","url":"https:\/\/repliquemangacine.fr\/","logo":{"@type":"ImageObject","inLanguage":"en-US","@id":"https:\/\/repliquemangacine.fr\/#\/schema\/logo\/image\/","url":"https:\/\/repliquemangacine.fr\/wp-content\/uploads\/2023\/10\/RMC-500250.png","contentUrl":"https:\/\/repliquemangacine.fr\/wp-content\/uploads\/2023\/10\/RMC-500250.png","width":500,"height":250,"caption":"R\u00e9plique Manga Cin\u00e9"},"image":{"@id":"https:\/\/repliquemangacine.fr\/#\/schema\/logo\/image\/"},"sameAs":["https:\/\/www.facebook.com\/RepliqueMangaCine","https:\/\/www.instagram.com\/repliquemangacine.fr\/"]}]}},"_links":{"self":[{"href":"https:\/\/repliquemangacine.fr\/en\/wp-json\/wp\/v2\/product\/67553","targetHints":{"allow":["GET"]}}],"collection":[{"href":"https:\/\/repliquemangacine.fr\/en\/wp-json\/wp\/v2\/product"}],"about":[{"href":"https:\/\/repliquemangacine.fr\/en\/wp-json\/wp\/v2\/types\/product"}],"wp:featuredmedia":[{"embeddable":true,"href":"https:\/\/repliquemangacine.fr\/en\/wp-json\/wp\/v2\/media\/67554"}],"wp:attachment":[{"href":"https:\/\/repliquemangacine.fr\/en\/wp-json\/wp\/v2\/media?parent=67553"}],"wp:term":[{"taxonomy":"product_brand","embeddable":true,"href":"https:\/\/repliquemangacine.fr\/en\/wp-json\/wp\/v2\/product_brand?post=67553"},{"taxonomy":"product_cat","embeddable":true,"href":"https:\/\/repliquemangacine.fr\/en\/wp-json\/wp\/v2\/product_cat?post=67553"},{"taxonomy":"product_tag","embeddable":true,"href":"https:\/\/repliquemangacine.fr\/en\/wp-json\/wp\/v2\/product_tag?post=67553"}],"curies":[{"name":"wp","href":"https:\/\/api.w.org\/{rel}","templated":true}]}}