





{"id":67142,"date":"2023-12-15T18:45:45","date_gmt":"2023-12-15T17:45:45","guid":{"rendered":"https:\/\/repliquemangacine.fr\/?post_type=product&#038;p=67142"},"modified":"2025-12-02T16:33:56","modified_gmt":"2025-12-02T15:33:56","slug":"epee-delendil-the-rings-of-power","status":"publish","type":"product","link":"https:\/\/repliquemangacine.fr\/en\/epees-et-dague-les-anneaux-de-pouvoir\/epee-delendil-les-anneaux-de-pouvoir\/","title":{"rendered":"Sword of Elendil - Rings of Power"},"content":{"rendered":"<h2>Discover the Sword of Elendil from \"The Rings of Power\".<\/h2>\n<p>To begin with, the Sword of Elendil, a mythical treasure from Middle-earth. A central piece in the universe of \"The Lord of the Rings\", it also features prominently in the \"Rings of Power\" series. This legendary weapon, forged by the skilled hands of the elves, carries with it the history and courage of the great kings of Middle-earth.<\/p>\n<h3>\"The Rings of Power: A New Vision of the Sword of Elendil<\/h3>\n<p>In \"The Rings of Power\", the series takes narrative liberties to explore the roots and destiny of Narsil, the sword of Elendil. While faithful to the spirit of Tolkien's original work, the series offers a unique and enriching interpretation of the story of this iconic sword. This creative freedom offers fans a new perspective on Narsil, making each replica of the sword even more valuable and sought-after by collectors.<\/p>\n<h2>Narsil: The Legendary Sword of Elendil<\/h2>\n<p>Narsil, more than just a sword, is a symbol of courage and legend in the world of \u201cThe Lord of the Rings.\u201d Its history is intrinsically linked to that of Elendil, the great king of men, and spans the ages of Middle-earth.<\/p>\n<p>Reinvented in the series \u201c<a href=\"https:\/\/www.premiere.fr\/Series\/News-Series\/Les-Anneaux-de-pouvoir-pourquoi-lepee-de-lepisode-3-est-si-importante\" target=\"_blank\" rel=\"noopener noreferrer\">The Rings of Power<\/a>\", Narsil retains her mythical aura while benefiting from a new narrative. She appears in the 3\u1d49 episode of the series. It remains to be seen who forged Narsil in N\u00famenor, and why M\u00edriel entrusted the sword to Elendil in this way.<\/p>\n<h3>Narsil, the Sword of Elendil in \"The Rings of Power\".<\/h3>\n<p>While respecting the spirit of Tolkien's work, the series explores new aspects of this legendary sword. Narsil represents power and royalty, but also a bridge between eras and legends.  A treasure trove for Tolkien admirers and collectors of unique objects.<\/p>\n<h2>The Swords of the Lord of the Rings and The Rings of Power<\/h2>\n<p>In the rich and immersive universe of \u201cThe Lord of the Rings\u201d and \u201cThe Rings of Power,\u201d swords and daggers play a crucial role.<\/p>\n<p>These swords, ranging from the legendary sword Narsil reforged to the\u2019<a href=\"https:\/\/repliquemangacine.fr\/en\/swords-and-daggers-the-rings-of-power\/anduril-sword-aragorn-lord-of-the-rings\/\">Anduril<\/a>to the <a href=\"https:\/\/repliquemangacine.fr\/en\/lord-of-the-rings-swords\/dague-aragorn-poignard-elfique-elven-knife-daragorn\/\">aragorn's dagger<\/a> his Elven dagger. There's also the<a href=\"https:\/\/repliquemangacine.fr\/en\/new-products\/galadriels-sword-power-rings\/\">Galadriel's sword<\/a> in the rings of power, as well as his dagger. All these weapons tell the story of Middle-earth.<\/p>\n<h3>A Unique Collection of Middle-Earth Weapons<\/h3>\n<p>Every sword and dagger, whether it belongs to a king or a hobbit, is reproduced with meticulous attention to detail. Tolkien enthusiasts and collectors alike will marvel at the quality of our replicas.<br \/>\nIn conclusion, these swords are not just collector's items. They are a gateway to a world of fantasy and adventure, a legacy of Tolkien's magic.<\/p>","protected":false},"excerpt":{"rendered":"<p>Superb replica of Elendil's sword from \"The Rings of Power\" series<\/p>\n<ul>\n<li>Polished steel blade with gold engraving<\/li>\n<li>Solid steel sunburst-shaped knob with pearl in the center.<\/li>\n<li>Black leatherette-covered handle<\/li>\n<li>Special shape guard in solid steel<\/li>\n<li>Black leatherette sheath.<\/li>\n<li>Blade length: 77 cm - Total length: 105.5 cm<\/li>\n<li>Weight: 1440 gr<\/li>\n<\/ul>","protected":false},"featured_media":68951,"template":"","meta":[],"product_brand":[],"product_cat":[68,106],"product_tag":[],"class_list":{"0":"post-67142","1":"product","2":"type-product","3":"status-publish","4":"has-post-thumbnail","6":"product_cat-epees-seigneur-des-anneaux","7":"product_cat-epees-et-dague-les-anneaux-de-pouvoir","9":"first","10":"instock","11":"taxable","12":"shipping-taxable","13":"purchasable","14":"product-type-simple"},"yoast_head":"<!-- This site is optimized with the Yoast SEO plugin v27.5 - https:\/\/yoast.com\/product\/yoast-seo-wordpress\/ -->\n<title>\u00c9p\u00e9e d&#039;Elendil - Les Anneaux de Pouvoir - Ep\u00e9e Narsil | RMC<\/title>\n<meta name=\"description\" content=\"En exclusivit\u00e9 ! Retrouvez cette sublime \u00c9p\u00e9e d&#039;Elendil dans la s\u00e9rie les Anneaux de pouvoir. Lame en acier poli d\u00e9cor\u00e9e. Fourreau similicuir. 105,5 cm\" \/>\n<meta name=\"robots\" content=\"index, follow, max-snippet:-1, max-image-preview:large, max-video-preview:-1\" \/>\n<link rel=\"canonical\" href=\"https:\/\/repliquemangacine.fr\/en\/swords-and-daggers-the-rings-of-power\/epee-delendil-the-rings-of-power\/\" \/>\n<meta property=\"og:locale\" content=\"en_US\" \/>\n<meta property=\"og:type\" content=\"article\" \/>\n<meta property=\"og:title\" content=\"\u00c9p\u00e9e d&#039;Elendil - Les Anneaux de Pouvoir - Ep\u00e9e Narsil | RMC\" \/>\n<meta property=\"og:description\" content=\"En exclusivit\u00e9 ! Retrouvez cette sublime \u00c9p\u00e9e d&#039;Elendil dans la s\u00e9rie les Anneaux de pouvoir. Lame en acier poli d\u00e9cor\u00e9e. Fourreau similicuir. 105,5 cm\" \/>\n<meta property=\"og:url\" content=\"https:\/\/repliquemangacine.fr\/en\/swords-and-daggers-the-rings-of-power\/epee-delendil-the-rings-of-power\/\" \/>\n<meta property=\"og:site_name\" content=\"R\u00e9plique Manga Cin\u00e9\" \/>\n<meta property=\"article:publisher\" content=\"https:\/\/www.facebook.com\/RepliqueMangaCine\" \/>\n<meta property=\"article:modified_time\" content=\"2025-12-02T15:33:56+00:00\" \/>\n<meta property=\"og:image\" content=\"https:\/\/repliquemangacine.fr\/wp-content\/uploads\/2023\/12\/Epee-Elendil-les-anneaux-de-pouvoir.jpg\" \/>\n\t<meta property=\"og:image:width\" content=\"500\" \/>\n\t<meta property=\"og:image:height\" content=\"500\" \/>\n\t<meta property=\"og:image:type\" content=\"image\/jpeg\" \/>\n<meta name=\"twitter:card\" content=\"summary_large_image\" \/>\n<meta name=\"twitter:label1\" content=\"Est. reading time\" \/>\n\t<meta name=\"twitter:data1\" content=\"3 minutes\" \/>\n<script type=\"application\/ld+json\" class=\"yoast-schema-graph\">{\"@context\":\"https:\\\/\\\/schema.org\",\"@graph\":[{\"@type\":\"WebPage\",\"@id\":\"https:\\\/\\\/repliquemangacine.fr\\\/epees-et-dague-les-anneaux-de-pouvoir\\\/epee-delendil-les-anneaux-de-pouvoir\\\/\",\"url\":\"https:\\\/\\\/repliquemangacine.fr\\\/epees-et-dague-les-anneaux-de-pouvoir\\\/epee-delendil-les-anneaux-de-pouvoir\\\/\",\"name\":\"\u00c9p\u00e9e d'Elendil - Les Anneaux de Pouvoir - Ep\u00e9e Narsil | RMC\",\"isPartOf\":{\"@id\":\"https:\\\/\\\/repliquemangacine.fr\\\/#website\"},\"primaryImageOfPage\":{\"@id\":\"https:\\\/\\\/repliquemangacine.fr\\\/epees-et-dague-les-anneaux-de-pouvoir\\\/epee-delendil-les-anneaux-de-pouvoir\\\/#primaryimage\"},\"image\":{\"@id\":\"https:\\\/\\\/repliquemangacine.fr\\\/epees-et-dague-les-anneaux-de-pouvoir\\\/epee-delendil-les-anneaux-de-pouvoir\\\/#primaryimage\"},\"thumbnailUrl\":\"https:\\\/\\\/repliquemangacine.fr\\\/wp-content\\\/uploads\\\/2023\\\/12\\\/Epee-Elendil-les-anneaux-de-pouvoir.jpg\",\"datePublished\":\"2023-12-15T17:45:45+00:00\",\"dateModified\":\"2025-12-02T15:33:56+00:00\",\"description\":\"En exclusivit\u00e9 ! Retrouvez cette sublime \u00c9p\u00e9e d'Elendil dans la s\u00e9rie les Anneaux de pouvoir. Lame en acier poli d\u00e9cor\u00e9e. Fourreau similicuir. 105,5 cm\",\"breadcrumb\":{\"@id\":\"https:\\\/\\\/repliquemangacine.fr\\\/epees-et-dague-les-anneaux-de-pouvoir\\\/epee-delendil-les-anneaux-de-pouvoir\\\/#breadcrumb\"},\"inLanguage\":\"en-US\",\"potentialAction\":[{\"@type\":\"ReadAction\",\"target\":[\"https:\\\/\\\/repliquemangacine.fr\\\/epees-et-dague-les-anneaux-de-pouvoir\\\/epee-delendil-les-anneaux-de-pouvoir\\\/\"]}]},{\"@type\":\"ImageObject\",\"inLanguage\":\"en-US\",\"@id\":\"https:\\\/\\\/repliquemangacine.fr\\\/epees-et-dague-les-anneaux-de-pouvoir\\\/epee-delendil-les-anneaux-de-pouvoir\\\/#primaryimage\",\"url\":\"https:\\\/\\\/repliquemangacine.fr\\\/wp-content\\\/uploads\\\/2023\\\/12\\\/Epee-Elendil-les-anneaux-de-pouvoir.jpg\",\"contentUrl\":\"https:\\\/\\\/repliquemangacine.fr\\\/wp-content\\\/uploads\\\/2023\\\/12\\\/Epee-Elendil-les-anneaux-de-pouvoir.jpg\",\"width\":500,\"height\":500,\"caption\":\"Ep\u00e9e d'Elendil Les Anneaux de Pouvoir\"},{\"@type\":\"BreadcrumbList\",\"@id\":\"https:\\\/\\\/repliquemangacine.fr\\\/epees-et-dague-les-anneaux-de-pouvoir\\\/epee-delendil-les-anneaux-de-pouvoir\\\/#breadcrumb\",\"itemListElement\":[{\"@type\":\"ListItem\",\"position\":1,\"name\":\"Accueil\",\"item\":\"https:\\\/\\\/repliquemangacine.fr\\\/\"},{\"@type\":\"ListItem\",\"position\":2,\"name\":\"Produits\",\"item\":\"https:\\\/\\\/repliquemangacine.fr\\\/boutique\\\/\"},{\"@type\":\"ListItem\",\"position\":3,\"name\":\"\u00c9p\u00e9e d&#8217;Elendil &#8211; Les Anneaux de Pouvoir\"}]},{\"@type\":\"WebSite\",\"@id\":\"https:\\\/\\\/repliquemangacine.fr\\\/#website\",\"url\":\"https:\\\/\\\/repliquemangacine.fr\\\/\",\"name\":\"R\u00e9plique Manga Cin\u00e9\",\"description\":\"\",\"publisher\":{\"@id\":\"https:\\\/\\\/repliquemangacine.fr\\\/#organization\"},\"potentialAction\":[{\"@type\":\"SearchAction\",\"target\":{\"@type\":\"EntryPoint\",\"urlTemplate\":\"https:\\\/\\\/repliquemangacine.fr\\\/?s={search_term_string}\"},\"query-input\":{\"@type\":\"PropertyValueSpecification\",\"valueRequired\":true,\"valueName\":\"search_term_string\"}}],\"inLanguage\":\"en-US\"},{\"@type\":\"Organization\",\"@id\":\"https:\\\/\\\/repliquemangacine.fr\\\/#organization\",\"name\":\"R\u00e9plique Manga Cin\u00e9\",\"url\":\"https:\\\/\\\/repliquemangacine.fr\\\/\",\"logo\":{\"@type\":\"ImageObject\",\"inLanguage\":\"en-US\",\"@id\":\"https:\\\/\\\/repliquemangacine.fr\\\/#\\\/schema\\\/logo\\\/image\\\/\",\"url\":\"https:\\\/\\\/repliquemangacine.fr\\\/wp-content\\\/uploads\\\/2023\\\/10\\\/RMC-500250.png\",\"contentUrl\":\"https:\\\/\\\/repliquemangacine.fr\\\/wp-content\\\/uploads\\\/2023\\\/10\\\/RMC-500250.png\",\"width\":500,\"height\":250,\"caption\":\"R\u00e9plique Manga Cin\u00e9\"},\"image\":{\"@id\":\"https:\\\/\\\/repliquemangacine.fr\\\/#\\\/schema\\\/logo\\\/image\\\/\"},\"sameAs\":[\"https:\\\/\\\/www.facebook.com\\\/RepliqueMangaCine\",\"https:\\\/\\\/www.instagram.com\\\/repliquemangacine.fr\\\/\"]}]}<\/script>\n<!-- \/ Yoast SEO plugin. -->","yoast_head_json":{"title":"Sword of Elendil - Rings of Power - Sword Narsil | RMC","description":"Exclusive! Discover this sublime Sword of Elendil in the Rings of Power series. Decorated polished steel blade. Leatherette scabbard. 105.5 cm","robots":{"index":"index","follow":"follow","max-snippet":"max-snippet:-1","max-image-preview":"max-image-preview:large","max-video-preview":"max-video-preview:-1"},"canonical":"https:\/\/repliquemangacine.fr\/en\/swords-and-daggers-the-rings-of-power\/epee-delendil-the-rings-of-power\/","og_locale":"en_US","og_type":"article","og_title":"\u00c9p\u00e9e d'Elendil - Les Anneaux de Pouvoir - Ep\u00e9e Narsil | RMC","og_description":"En exclusivit\u00e9 ! Retrouvez cette sublime \u00c9p\u00e9e d'Elendil dans la s\u00e9rie les Anneaux de pouvoir. Lame en acier poli d\u00e9cor\u00e9e. Fourreau similicuir. 105,5 cm","og_url":"https:\/\/repliquemangacine.fr\/en\/swords-and-daggers-the-rings-of-power\/epee-delendil-the-rings-of-power\/","og_site_name":"R\u00e9plique Manga Cin\u00e9","article_publisher":"https:\/\/www.facebook.com\/RepliqueMangaCine","article_modified_time":"2025-12-02T15:33:56+00:00","og_image":[{"width":500,"height":500,"url":"https:\/\/repliquemangacine.fr\/wp-content\/uploads\/2023\/12\/Epee-Elendil-les-anneaux-de-pouvoir.jpg","type":"image\/jpeg"}],"twitter_card":"summary_large_image","twitter_misc":{"Est. reading time":"3 minutes"},"schema":{"@context":"https:\/\/schema.org","@graph":[{"@type":"WebPage","@id":"https:\/\/repliquemangacine.fr\/epees-et-dague-les-anneaux-de-pouvoir\/epee-delendil-les-anneaux-de-pouvoir\/","url":"https:\/\/repliquemangacine.fr\/epees-et-dague-les-anneaux-de-pouvoir\/epee-delendil-les-anneaux-de-pouvoir\/","name":"Sword of Elendil - Rings of Power - Sword Narsil | RMC","isPartOf":{"@id":"https:\/\/repliquemangacine.fr\/#website"},"primaryImageOfPage":{"@id":"https:\/\/repliquemangacine.fr\/epees-et-dague-les-anneaux-de-pouvoir\/epee-delendil-les-anneaux-de-pouvoir\/#primaryimage"},"image":{"@id":"https:\/\/repliquemangacine.fr\/epees-et-dague-les-anneaux-de-pouvoir\/epee-delendil-les-anneaux-de-pouvoir\/#primaryimage"},"thumbnailUrl":"https:\/\/repliquemangacine.fr\/wp-content\/uploads\/2023\/12\/Epee-Elendil-les-anneaux-de-pouvoir.jpg","datePublished":"2023-12-15T17:45:45+00:00","dateModified":"2025-12-02T15:33:56+00:00","description":"Exclusive! Discover this sublime Sword of Elendil in the Rings of Power series. Decorated polished steel blade. Leatherette scabbard. 105.5 cm","breadcrumb":{"@id":"https:\/\/repliquemangacine.fr\/epees-et-dague-les-anneaux-de-pouvoir\/epee-delendil-les-anneaux-de-pouvoir\/#breadcrumb"},"inLanguage":"en-US","potentialAction":[{"@type":"ReadAction","target":["https:\/\/repliquemangacine.fr\/epees-et-dague-les-anneaux-de-pouvoir\/epee-delendil-les-anneaux-de-pouvoir\/"]}]},{"@type":"ImageObject","inLanguage":"en-US","@id":"https:\/\/repliquemangacine.fr\/epees-et-dague-les-anneaux-de-pouvoir\/epee-delendil-les-anneaux-de-pouvoir\/#primaryimage","url":"https:\/\/repliquemangacine.fr\/wp-content\/uploads\/2023\/12\/Epee-Elendil-les-anneaux-de-pouvoir.jpg","contentUrl":"https:\/\/repliquemangacine.fr\/wp-content\/uploads\/2023\/12\/Epee-Elendil-les-anneaux-de-pouvoir.jpg","width":500,"height":500,"caption":"Ep\u00e9e d'Elendil Les Anneaux de Pouvoir"},{"@type":"BreadcrumbList","@id":"https:\/\/repliquemangacine.fr\/epees-et-dague-les-anneaux-de-pouvoir\/epee-delendil-les-anneaux-de-pouvoir\/#breadcrumb","itemListElement":[{"@type":"ListItem","position":1,"name":"Accueil","item":"https:\/\/repliquemangacine.fr\/"},{"@type":"ListItem","position":2,"name":"Produits","item":"https:\/\/repliquemangacine.fr\/boutique\/"},{"@type":"ListItem","position":3,"name":"\u00c9p\u00e9e d&#8217;Elendil &#8211; Les Anneaux de Pouvoir"}]},{"@type":"WebSite","@id":"https:\/\/repliquemangacine.fr\/#website","url":"https:\/\/repliquemangacine.fr\/","name":"R\u00e9plique Manga Cin\u00e9","description":"","publisher":{"@id":"https:\/\/repliquemangacine.fr\/#organization"},"potentialAction":[{"@type":"SearchAction","target":{"@type":"EntryPoint","urlTemplate":"https:\/\/repliquemangacine.fr\/?s={search_term_string}"},"query-input":{"@type":"PropertyValueSpecification","valueRequired":true,"valueName":"search_term_string"}}],"inLanguage":"en-US"},{"@type":"Organization","@id":"https:\/\/repliquemangacine.fr\/#organization","name":"R\u00e9plique Manga Cin\u00e9","url":"https:\/\/repliquemangacine.fr\/","logo":{"@type":"ImageObject","inLanguage":"en-US","@id":"https:\/\/repliquemangacine.fr\/#\/schema\/logo\/image\/","url":"https:\/\/repliquemangacine.fr\/wp-content\/uploads\/2023\/10\/RMC-500250.png","contentUrl":"https:\/\/repliquemangacine.fr\/wp-content\/uploads\/2023\/10\/RMC-500250.png","width":500,"height":250,"caption":"R\u00e9plique Manga Cin\u00e9"},"image":{"@id":"https:\/\/repliquemangacine.fr\/#\/schema\/logo\/image\/"},"sameAs":["https:\/\/www.facebook.com\/RepliqueMangaCine","https:\/\/www.instagram.com\/repliquemangacine.fr\/"]}]}},"_links":{"self":[{"href":"https:\/\/repliquemangacine.fr\/en\/wp-json\/wp\/v2\/product\/67142","targetHints":{"allow":["GET"]}}],"collection":[{"href":"https:\/\/repliquemangacine.fr\/en\/wp-json\/wp\/v2\/product"}],"about":[{"href":"https:\/\/repliquemangacine.fr\/en\/wp-json\/wp\/v2\/types\/product"}],"wp:featuredmedia":[{"embeddable":true,"href":"https:\/\/repliquemangacine.fr\/en\/wp-json\/wp\/v2\/media\/68951"}],"wp:attachment":[{"href":"https:\/\/repliquemangacine.fr\/en\/wp-json\/wp\/v2\/media?parent=67142"}],"wp:term":[{"taxonomy":"product_brand","embeddable":true,"href":"https:\/\/repliquemangacine.fr\/en\/wp-json\/wp\/v2\/product_brand?post=67142"},{"taxonomy":"product_cat","embeddable":true,"href":"https:\/\/repliquemangacine.fr\/en\/wp-json\/wp\/v2\/product_cat?post=67142"},{"taxonomy":"product_tag","embeddable":true,"href":"https:\/\/repliquemangacine.fr\/en\/wp-json\/wp\/v2\/product_tag?post=67142"}],"curies":[{"name":"wp","href":"https:\/\/api.w.org\/{rel}","templated":true}]}}