





{"id":66140,"date":"2023-11-30T14:47:21","date_gmt":"2023-11-30T13:47:21","guid":{"rendered":"https:\/\/repliquemangacine.fr\/?post_type=product&#038;p=66140"},"modified":"2026-04-25T10:35:42","modified_gmt":"2026-04-25T08:35:42","slug":"ballistol-universal-oil","status":"publish","type":"product","link":"https:\/\/repliquemangacine.fr\/en\/armes-historiques\/huile-universelle-ballistol\/","title":{"rendered":"Ballistol universal oil"},"content":{"rendered":"<h2>The Excellence of Ballistol Universal Oil<\/h2>\n<p>First, Ballistol universal oil, a versatile product that offers several benefits and uses. Composed of pure white oil in the medical sense of the term,<br \/>\nwhich means it is free of resin and acid and does not deteriorate over time. This quality makes it ideal for various applications, particularly for the maintenance and conservation of objects.<\/p>\n<h3>Ballistol Universal Oil: Approved and unsurpassed<\/h3>\n<p>It should be noted that this product is ideal for maintaining metal, wood, leather, rubber, synthetic materials, skin, animal fur, and much more.<\/p>\n<p>Moreover, <a href=\"https:\/\/ballistol.de\/\" target=\"_blank\" rel=\"noopener noreferrer\">Ballistol<\/a> is environmentally friendly, biodegradable, and safe for skin and food use. These characteristics make it particularly suitable for a wide range of applications, from gun care to other domestic and professional uses.<\/p>\n<h2>Ballistol Universal Oil: A Must for Replica and Accessory Care<\/h2>\n<p>Ballistol universal oil is the preferred choice for optimal maintenance of katanas, replica weapons, and leather accessories such as holsters.<\/p>\n<p>Its unique composition, based on pure white oil, makes it ideal for preserving and caring for these precious items.<\/p>\n<h2>Discover the Versatile Power of Ballistol<\/h2>\n<p>BALLISTOL provides an alkaline protective film on the surface of metals. Neutralizes hand sweat and other corrosive acidic residues to protect the surface from corrosion.<\/p>\n<p>Ideal for crafts, industry, DIY, agriculture, home, gardening, cars and motorcycles, fishing, hunting, and shooting.<\/p>\n<p>Its non-corrosive and biodegradable formula makes it a safe and environmentally friendly choice for keeping your equipment in perfect condition.<\/p>\n<h2>High-quality care and protection for your collections<\/h2>\n<p>With regard to <a href=\"https:\/\/repliquemangacine.fr\/en\/katana-forge\/\">katanas<\/a> and other blades. Ballistol plays a crucial role in preserving the sharpness and shine of blades. Its ability to penetrate deeply prevents corrosion.<br \/>\nand maintains the integrity of the blade, thereby extending its life and beauty.<\/p>\n<p>For the <a href=\"https:\/\/repliquemangacine.fr\/en\/weapon-replicas\/\">replica weapons<\/a>, Ballistol protects against rust and damage while neutralizing acid residues, ensuring that your replicas remain as good as new.<br \/>\nas impressive as the day they were purchased.<\/p>\n<h3>Ballistol and Leather Accessories Care<\/h3>\n<p>As for leather care, such as holsters, Ballistol is just as effective. It nourishes the leather, making it more supple and resistant, while protecting its surface.<\/p>\n<p>In conclusion, with Ballistol, you can ensure unmatched longevity and elegance for your collections of replicas and accessories.<\/p>","protected":false},"excerpt":{"rendered":"<p>Absolutely fabulous universal oil from Ballistol.<\/p>\n<p>Care for metal, wood, leather etc...<\/p>\n<ul>\n<li>Protects against corrosion Maintains, lubricates, disinfects, protects against rust<\/li>\n<li>Fits into the smallest nooks and crannies, glides easily<\/li>\n<li>Non-resinifying, fully biodegradable<\/li>\n<li>Suitable for food, compatible with skin.<\/li>\n<li>Available in 200 and 400 ml sprays and 500ml bottles<\/li>\n<\/ul>","protected":false},"featured_media":66154,"template":"","meta":[],"product_brand":[896],"product_cat":[50,51,49,25,34,65,66,30,39,86,82,33,77,93,84,73,44,72,68,112,69,55,46,92,111,45,90,26,32,117,116,38,109,71,88,23,52,40,114,83,28,833,76,115,74],"product_tag":[],"class_list":{"0":"post-66140","1":"product","2":"type-product","3":"status-publish","4":"has-post-thumbnail","6":"product_brand-replique-manga-cine","7":"product_cat-accessoires-katana","8":"product_cat-accessoires-western","9":"product_cat-armes-de-pirates","10":"product_cat-armes-historiques","11":"product_cat-armes-westerns","12":"product_cat-katana-et-epee-de-manga-anime-autre-manga","13":"product_cat-repliques-d-armes-films-et-series","14":"product_cat-katana-bleach","15":"product_cat-carabine-winchester","16":"product_cat-repliques-carabine-winchester-western","17":"product_cat-casques-romains-et-grecs","18":"product_cat-colt-pistolet","19":"product_cat-colt-revolver-western","20":"product_cat-dagues-medievales","21":"product_cat-epee-templier-medievale","22":"product_cat-epees-glaives-antique","23":"product_cat-epees-et-dagues-fantasy","24":"product_cat-epees-game-of-thrones","25":"product_cat-epees-seigneur-des-anneaux","26":"product_cat-epees-serie-tv-vikings","27":"product_cat-epees-the-hobbit","28":"product_cat-fusil-ancien","29":"product_cat-fusil-d-assaut-fusil-moderne","30":"product_cat-haches-de-guerre-medievale-et-accessoire-medievaux","31":"product_cat-haches-serie-vikings","32":"product_cat-holster-western-ceinturon","33":"product_cat-holster-accessoires-western","34":"product_cat-katana-epee","35":"product_cat-katana-decoration","36":"product_cat-katana-demon-slayer-metal","37":"product_cat-katana-en-bois-demon-slayer","38":"product_cat-katana-forge","39":"product_cat-katana-naruto","40":"product_cat-katana-kill-bill","41":"product_cat-katanas-le-dernier-samourai","42":"product_cat-repliques-manga-jeux-video","43":"product_cat-pistolet-ancien","44":"product_cat-pistolet-moderne","45":"product_cat-pistolet-pirate","46":"product_cat-replique-d-armes-1er-empire","47":"product_cat-repliques-darmes","48":"product_cat-repliques-darmes-napoleon","49":"product_cat-reproductions-armes-seconde-guerre-mondiale-denix","50":"product_cat-sabre-dabordage-de-pirate","51":"product_cat-sabres-1er-empire","53":"first","54":"instock","55":"taxable","56":"shipping-taxable","57":"purchasable","58":"product-type-variable"},"yoast_head":"<!-- This site is optimized with the Yoast SEO plugin v27.5 - https:\/\/yoast.com\/product\/yoast-seo-wordpress\/ -->\n<title>Huile universelle Ballistol - Entretien premium assur\u00e9 | R\u00e9plique Manga Cin\u00e9<\/title>\n<meta name=\"description\" content=\"D\u00e9couvrez l&#039;Huile universelle Ballistol le must pour l&#039;entretien des armes, des katanas et du cuir. Biod\u00e9gradable, ultra-efficace. Spray de 200ml, 400ml ...\" \/>\n<meta name=\"robots\" content=\"index, follow, max-snippet:-1, max-image-preview:large, max-video-preview:-1\" \/>\n<link rel=\"canonical\" href=\"https:\/\/repliquemangacine.fr\/en\/historical-weapons\/ballistol-universal-oil\/\" \/>\n<meta property=\"og:locale\" content=\"en_US\" \/>\n<meta property=\"og:type\" content=\"article\" \/>\n<meta property=\"og:title\" content=\"Huile universelle Ballistol - Entretien premium assur\u00e9 | R\u00e9plique Manga Cin\u00e9\" \/>\n<meta property=\"og:description\" content=\"D\u00e9couvrez l&#039;Huile universelle Ballistol le must pour l&#039;entretien des armes, des katanas et du cuir. Biod\u00e9gradable, ultra-efficace. Spray de 200ml, 400ml ...\" \/>\n<meta property=\"og:url\" content=\"https:\/\/repliquemangacine.fr\/en\/historical-weapons\/ballistol-universal-oil\/\" \/>\n<meta property=\"og:site_name\" content=\"R\u00e9plique Manga Cin\u00e9\" \/>\n<meta property=\"article:publisher\" content=\"https:\/\/www.facebook.com\/RepliqueMangaCine\" \/>\n<meta property=\"article:modified_time\" content=\"2026-04-25T08:35:42+00:00\" \/>\n<meta property=\"og:image\" content=\"https:\/\/repliquemangacine.fr\/wp-content\/uploads\/2023\/11\/huile-ballistol.jpg\" \/>\n\t<meta property=\"og:image:width\" content=\"500\" \/>\n\t<meta property=\"og:image:height\" content=\"500\" \/>\n\t<meta property=\"og:image:type\" content=\"image\/jpeg\" \/>\n<meta name=\"twitter:card\" content=\"summary_large_image\" \/>\n<meta name=\"twitter:label1\" content=\"Est. reading time\" \/>\n\t<meta name=\"twitter:data1\" content=\"3 minutes\" \/>\n<script type=\"application\/ld+json\" class=\"yoast-schema-graph\">{\"@context\":\"https:\\\/\\\/schema.org\",\"@graph\":[{\"@type\":\"WebPage\",\"@id\":\"https:\\\/\\\/repliquemangacine.fr\\\/armes-historiques\\\/huile-universelle-ballistol\\\/\",\"url\":\"https:\\\/\\\/repliquemangacine.fr\\\/armes-historiques\\\/huile-universelle-ballistol\\\/\",\"name\":\"Huile universelle Ballistol - Entretien premium assur\u00e9 | R\u00e9plique Manga Cin\u00e9\",\"isPartOf\":{\"@id\":\"https:\\\/\\\/repliquemangacine.fr\\\/#website\"},\"primaryImageOfPage\":{\"@id\":\"https:\\\/\\\/repliquemangacine.fr\\\/armes-historiques\\\/huile-universelle-ballistol\\\/#primaryimage\"},\"image\":{\"@id\":\"https:\\\/\\\/repliquemangacine.fr\\\/armes-historiques\\\/huile-universelle-ballistol\\\/#primaryimage\"},\"thumbnailUrl\":\"https:\\\/\\\/repliquemangacine.fr\\\/wp-content\\\/uploads\\\/2023\\\/11\\\/huile-ballistol.jpg\",\"datePublished\":\"2023-11-30T13:47:21+00:00\",\"dateModified\":\"2026-04-25T08:35:42+00:00\",\"description\":\"D\u00e9couvrez l'Huile universelle Ballistol le must pour l'entretien des armes, des katanas et du cuir. Biod\u00e9gradable, ultra-efficace. Spray de 200ml, 400ml ...\",\"breadcrumb\":{\"@id\":\"https:\\\/\\\/repliquemangacine.fr\\\/armes-historiques\\\/huile-universelle-ballistol\\\/#breadcrumb\"},\"inLanguage\":\"en-US\",\"potentialAction\":[{\"@type\":\"ReadAction\",\"target\":[\"https:\\\/\\\/repliquemangacine.fr\\\/armes-historiques\\\/huile-universelle-ballistol\\\/\"]}]},{\"@type\":\"ImageObject\",\"inLanguage\":\"en-US\",\"@id\":\"https:\\\/\\\/repliquemangacine.fr\\\/armes-historiques\\\/huile-universelle-ballistol\\\/#primaryimage\",\"url\":\"https:\\\/\\\/repliquemangacine.fr\\\/wp-content\\\/uploads\\\/2023\\\/11\\\/huile-ballistol.jpg\",\"contentUrl\":\"https:\\\/\\\/repliquemangacine.fr\\\/wp-content\\\/uploads\\\/2023\\\/11\\\/huile-ballistol.jpg\",\"width\":500,\"height\":500,\"caption\":\"Huile Ballistol\"},{\"@type\":\"BreadcrumbList\",\"@id\":\"https:\\\/\\\/repliquemangacine.fr\\\/armes-historiques\\\/huile-universelle-ballistol\\\/#breadcrumb\",\"itemListElement\":[{\"@type\":\"ListItem\",\"position\":1,\"name\":\"Accueil\",\"item\":\"https:\\\/\\\/repliquemangacine.fr\\\/\"},{\"@type\":\"ListItem\",\"position\":2,\"name\":\"Produits\",\"item\":\"https:\\\/\\\/repliquemangacine.fr\\\/boutique\\\/\"},{\"@type\":\"ListItem\",\"position\":3,\"name\":\"Huile universelle Ballistol\"}]},{\"@type\":\"WebSite\",\"@id\":\"https:\\\/\\\/repliquemangacine.fr\\\/#website\",\"url\":\"https:\\\/\\\/repliquemangacine.fr\\\/\",\"name\":\"R\u00e9plique Manga Cin\u00e9\",\"description\":\"\",\"publisher\":{\"@id\":\"https:\\\/\\\/repliquemangacine.fr\\\/#organization\"},\"potentialAction\":[{\"@type\":\"SearchAction\",\"target\":{\"@type\":\"EntryPoint\",\"urlTemplate\":\"https:\\\/\\\/repliquemangacine.fr\\\/?s={search_term_string}\"},\"query-input\":{\"@type\":\"PropertyValueSpecification\",\"valueRequired\":true,\"valueName\":\"search_term_string\"}}],\"inLanguage\":\"en-US\"},{\"@type\":\"Organization\",\"@id\":\"https:\\\/\\\/repliquemangacine.fr\\\/#organization\",\"name\":\"R\u00e9plique Manga Cin\u00e9\",\"url\":\"https:\\\/\\\/repliquemangacine.fr\\\/\",\"logo\":{\"@type\":\"ImageObject\",\"inLanguage\":\"en-US\",\"@id\":\"https:\\\/\\\/repliquemangacine.fr\\\/#\\\/schema\\\/logo\\\/image\\\/\",\"url\":\"https:\\\/\\\/repliquemangacine.fr\\\/wp-content\\\/uploads\\\/2023\\\/10\\\/RMC-500250.png\",\"contentUrl\":\"https:\\\/\\\/repliquemangacine.fr\\\/wp-content\\\/uploads\\\/2023\\\/10\\\/RMC-500250.png\",\"width\":500,\"height\":250,\"caption\":\"R\u00e9plique Manga Cin\u00e9\"},\"image\":{\"@id\":\"https:\\\/\\\/repliquemangacine.fr\\\/#\\\/schema\\\/logo\\\/image\\\/\"},\"sameAs\":[\"https:\\\/\\\/www.facebook.com\\\/RepliqueMangaCine\",\"https:\\\/\\\/www.instagram.com\\\/repliquemangacine.fr\\\/\"]}]}<\/script>\n<!-- \/ Yoast SEO plugin. -->","yoast_head_json":{"title":"Ballistol universal oil - Premium maintenance guaranteed | R\u00e9plique Manga Cin\u00e9","description":"Discover Ballistol Universal Oil, the must for the care of weapons, katanas and leather. Biodegradable, ultra-efficient. 200ml, 400ml spray ...","robots":{"index":"index","follow":"follow","max-snippet":"max-snippet:-1","max-image-preview":"max-image-preview:large","max-video-preview":"max-video-preview:-1"},"canonical":"https:\/\/repliquemangacine.fr\/en\/historical-weapons\/ballistol-universal-oil\/","og_locale":"en_US","og_type":"article","og_title":"Huile universelle Ballistol - Entretien premium assur\u00e9 | R\u00e9plique Manga Cin\u00e9","og_description":"D\u00e9couvrez l'Huile universelle Ballistol le must pour l'entretien des armes, des katanas et du cuir. Biod\u00e9gradable, ultra-efficace. Spray de 200ml, 400ml ...","og_url":"https:\/\/repliquemangacine.fr\/en\/historical-weapons\/ballistol-universal-oil\/","og_site_name":"R\u00e9plique Manga Cin\u00e9","article_publisher":"https:\/\/www.facebook.com\/RepliqueMangaCine","article_modified_time":"2026-04-25T08:35:42+00:00","og_image":[{"width":500,"height":500,"url":"https:\/\/repliquemangacine.fr\/wp-content\/uploads\/2023\/11\/huile-ballistol.jpg","type":"image\/jpeg"}],"twitter_card":"summary_large_image","twitter_misc":{"Est. reading time":"3 minutes"},"schema":{"@context":"https:\/\/schema.org","@graph":[{"@type":"WebPage","@id":"https:\/\/repliquemangacine.fr\/armes-historiques\/huile-universelle-ballistol\/","url":"https:\/\/repliquemangacine.fr\/armes-historiques\/huile-universelle-ballistol\/","name":"Ballistol universal oil - Premium maintenance guaranteed | R\u00e9plique Manga Cin\u00e9","isPartOf":{"@id":"https:\/\/repliquemangacine.fr\/#website"},"primaryImageOfPage":{"@id":"https:\/\/repliquemangacine.fr\/armes-historiques\/huile-universelle-ballistol\/#primaryimage"},"image":{"@id":"https:\/\/repliquemangacine.fr\/armes-historiques\/huile-universelle-ballistol\/#primaryimage"},"thumbnailUrl":"https:\/\/repliquemangacine.fr\/wp-content\/uploads\/2023\/11\/huile-ballistol.jpg","datePublished":"2023-11-30T13:47:21+00:00","dateModified":"2026-04-25T08:35:42+00:00","description":"Discover Ballistol Universal Oil, the must for the care of weapons, katanas and leather. Biodegradable, ultra-efficient. 200ml, 400ml spray ...","breadcrumb":{"@id":"https:\/\/repliquemangacine.fr\/armes-historiques\/huile-universelle-ballistol\/#breadcrumb"},"inLanguage":"en-US","potentialAction":[{"@type":"ReadAction","target":["https:\/\/repliquemangacine.fr\/armes-historiques\/huile-universelle-ballistol\/"]}]},{"@type":"ImageObject","inLanguage":"en-US","@id":"https:\/\/repliquemangacine.fr\/armes-historiques\/huile-universelle-ballistol\/#primaryimage","url":"https:\/\/repliquemangacine.fr\/wp-content\/uploads\/2023\/11\/huile-ballistol.jpg","contentUrl":"https:\/\/repliquemangacine.fr\/wp-content\/uploads\/2023\/11\/huile-ballistol.jpg","width":500,"height":500,"caption":"Huile Ballistol"},{"@type":"BreadcrumbList","@id":"https:\/\/repliquemangacine.fr\/armes-historiques\/huile-universelle-ballistol\/#breadcrumb","itemListElement":[{"@type":"ListItem","position":1,"name":"Accueil","item":"https:\/\/repliquemangacine.fr\/"},{"@type":"ListItem","position":2,"name":"Produits","item":"https:\/\/repliquemangacine.fr\/boutique\/"},{"@type":"ListItem","position":3,"name":"Huile universelle Ballistol"}]},{"@type":"WebSite","@id":"https:\/\/repliquemangacine.fr\/#website","url":"https:\/\/repliquemangacine.fr\/","name":"R\u00e9plique Manga Cin\u00e9","description":"","publisher":{"@id":"https:\/\/repliquemangacine.fr\/#organization"},"potentialAction":[{"@type":"SearchAction","target":{"@type":"EntryPoint","urlTemplate":"https:\/\/repliquemangacine.fr\/?s={search_term_string}"},"query-input":{"@type":"PropertyValueSpecification","valueRequired":true,"valueName":"search_term_string"}}],"inLanguage":"en-US"},{"@type":"Organization","@id":"https:\/\/repliquemangacine.fr\/#organization","name":"R\u00e9plique Manga Cin\u00e9","url":"https:\/\/repliquemangacine.fr\/","logo":{"@type":"ImageObject","inLanguage":"en-US","@id":"https:\/\/repliquemangacine.fr\/#\/schema\/logo\/image\/","url":"https:\/\/repliquemangacine.fr\/wp-content\/uploads\/2023\/10\/RMC-500250.png","contentUrl":"https:\/\/repliquemangacine.fr\/wp-content\/uploads\/2023\/10\/RMC-500250.png","width":500,"height":250,"caption":"R\u00e9plique Manga Cin\u00e9"},"image":{"@id":"https:\/\/repliquemangacine.fr\/#\/schema\/logo\/image\/"},"sameAs":["https:\/\/www.facebook.com\/RepliqueMangaCine","https:\/\/www.instagram.com\/repliquemangacine.fr\/"]}]}},"_links":{"self":[{"href":"https:\/\/repliquemangacine.fr\/en\/wp-json\/wp\/v2\/product\/66140","targetHints":{"allow":["GET"]}}],"collection":[{"href":"https:\/\/repliquemangacine.fr\/en\/wp-json\/wp\/v2\/product"}],"about":[{"href":"https:\/\/repliquemangacine.fr\/en\/wp-json\/wp\/v2\/types\/product"}],"wp:featuredmedia":[{"embeddable":true,"href":"https:\/\/repliquemangacine.fr\/en\/wp-json\/wp\/v2\/media\/66154"}],"wp:attachment":[{"href":"https:\/\/repliquemangacine.fr\/en\/wp-json\/wp\/v2\/media?parent=66140"}],"wp:term":[{"taxonomy":"product_brand","embeddable":true,"href":"https:\/\/repliquemangacine.fr\/en\/wp-json\/wp\/v2\/product_brand?post=66140"},{"taxonomy":"product_cat","embeddable":true,"href":"https:\/\/repliquemangacine.fr\/en\/wp-json\/wp\/v2\/product_cat?post=66140"},{"taxonomy":"product_tag","embeddable":true,"href":"https:\/\/repliquemangacine.fr\/en\/wp-json\/wp\/v2\/product_tag?post=66140"}],"curies":[{"name":"wp","href":"https:\/\/api.w.org\/{rel}","templated":true}]}}