





{"id":65989,"date":"2023-11-27T17:28:36","date_gmt":"2023-11-27T16:28:36","guid":{"rendered":"https:\/\/repliquemangacine.fr\/?post_type=product&#038;p=65989"},"modified":"2025-11-18T15:44:27","modified_gmt":"2025-11-18T14:44:27","slug":"ramp-for-m1-garand","status":"publish","type":"product","link":"https:\/\/repliquemangacine.fr\/en\/dagues-et-accessoires-seconde-guerre-mondiale-materiels-militaria\/bretelle-pour-m1-garand\/","title":{"rendered":"Shoulder strap for M1 Garand"},"content":{"rendered":"<h2>Shoulder strap for M1 Garand rifle<\/h2>\n<p>To begin with, the <strong>Shoulder strap for M1 Garand<\/strong>, This famous semi-automatic G.I. rifle was widely used by American and Allied forces during the Second World War and the Korean War. Its reliability and precision made it popular with soldiers.<\/p>\n<p>Beyond its military role, the <a href=\"https:\/\/www.histoiredumonde.net\/M1-Garand.html\" target=\"_blank\" rel=\"noopener noreferrer\">M1 Garand<\/a> has become a symbol of the Second World War in popular culture, appearing in numerous films, TV series and video games about the period. It is also a favorite among collectors of historic weapons.<\/p>\n<h3>Shoulder strap for M1 Garand : Functionality<\/h3>\n<p>In fact, the sling is not only a means of carrying the weapon, but also a tool to help stabilize it when firing. Soldiers were trained to use the sling for better support and shooting accuracy, by wrapping it around their arm or shoulder.<\/p>\n<h2>M1 Garand shoulder strap: Essential Military History Accessory<\/h2>\n<p>It's more than just an accessory, it's a living part of military history. Designed to offer greater control and stability when using the legendary M1 Garand. A key component for historical weapons enthusiasts.<\/p>\n<p>It stands out for its sturdiness, traditionally made from canvas or leather, materials chosen for their durability and functionality in tough conditions.<\/p>\n<h3>The M1 Garand shoulder strap: Comfort and precision<\/h3>\n<p>Indeed, it plays a crucial role in the shooting experience. By wrapping around the arm, it enhances accuracy, reduces wobble and increases stability.<\/p>\n<p>For collectors and re-enactors, having a true-to-original sling is essential to complete their equipment. At RMC, we offer M1 Garand slings that combine historical authenticity with superior quality, guaranteeing enthusiasts an immersive, historically accurate experience.<\/p>\n<h2>Our militaria accessories: A journey through history<\/h2>\n<p>For history buffs and collectors of military items, our collection of militaria accessories is a veritable Ali Baba's cave.<\/p>\n<p>Each piece tells a story. Our products are carefully selected for their authenticity and quality.<\/p>\n<p>Offering an immersive experience in military history. Whether you're looking to add to your collection or create a historical re-enactment, you'll find everything you need at RMC.<\/p>\n<h3>Find at RMC a Complete Range of Militaria Accessories<\/h3>\n<p>Our range of militaria accessories covers the historic period of the Second World War, from classic weapons to a variety of field equipment.<br \/>\nLet's start with<\/p>\n<ul>\n<li>Visit <a href=\"https:\/\/repliquemangacine.fr\/en\/daggers-and-accessories-world-war-ii-militaria-materiel\/stahlhelm-m42-german-helmet\/\">German military helmets<\/a>but also American<\/li>\n<li>As well as <a href=\"https:\/\/repliquemangacine.fr\/en\/daggers-and-accessories-world-war-ii-militaria-materiel\/grenade-mk2-usa-1918-pineapple-grenade\/\">pineapple pomegranates<\/a> (dummy) or potato masher<\/li>\n<li>There are also bayonets, holsters and much more!<\/li>\n<\/ul>\n<p>In conclusion, rediscover the treasures of the past and immerse yourself in history with our militaria accessories.<\/p>","protected":false},"excerpt":{"rendered":"<p>Superb sling for Garand M1 rifle<\/p>\n<ul>\n<li>All in genuine leather<\/li>\n<li>Double hook perforation<\/li>\n<li>Can be mounted on grenadier<\/li>\n<li>Metal hook<\/li>\n<\/ul>","protected":false},"featured_media":65990,"template":"","meta":[],"product_brand":[896],"product_cat":[54,85],"product_tag":[],"class_list":{"0":"post-65989","1":"product","2":"type-product","3":"status-publish","4":"has-post-thumbnail","6":"product_brand-replique-manga-cine","7":"product_cat-armes-accessoires-guerre-mondiale","8":"product_cat-dagues-et-accessoires-seconde-guerre-mondiale-materiels-militaria","10":"first","11":"outofstock","12":"taxable","13":"shipping-taxable","14":"purchasable","15":"product-type-simple"},"yoast_head":"<!-- This site is optimized with the Yoast SEO plugin v27.5 - https:\/\/yoast.com\/product\/yoast-seo-wordpress\/ -->\n<title>Bretelle pour M1 Garand - Accessoires Militaria | R\u00e9plique Manga Cin\u00e9<\/title>\n<meta name=\"description\" content=\"D\u00e9couvrez cette superbe Bretelle pour M1 Garand au meilleur prix. Tout en cuir v\u00e9ritable. Crochet en m\u00e9tal. Id\u00e9al pour transporter votre r\u00e9plique historique\" \/>\n<meta name=\"robots\" content=\"index, follow, max-snippet:-1, max-image-preview:large, max-video-preview:-1\" \/>\n<link rel=\"canonical\" href=\"https:\/\/repliquemangacine.fr\/en\/daggers-and-accessories-world-war-ii-militaria-materiel\/ramp-for-m1-garand\/\" \/>\n<meta property=\"og:locale\" content=\"en_US\" \/>\n<meta property=\"og:type\" content=\"article\" \/>\n<meta property=\"og:title\" content=\"Bretelle pour M1 Garand - Accessoires Militaria | R\u00e9plique Manga Cin\u00e9\" \/>\n<meta property=\"og:description\" content=\"D\u00e9couvrez cette superbe Bretelle pour M1 Garand au meilleur prix. Tout en cuir v\u00e9ritable. Crochet en m\u00e9tal. Id\u00e9al pour transporter votre r\u00e9plique historique\" \/>\n<meta property=\"og:url\" content=\"https:\/\/repliquemangacine.fr\/en\/daggers-and-accessories-world-war-ii-militaria-materiel\/ramp-for-m1-garand\/\" \/>\n<meta property=\"og:site_name\" content=\"R\u00e9plique Manga Cin\u00e9\" \/>\n<meta property=\"article:publisher\" content=\"https:\/\/www.facebook.com\/RepliqueMangaCine\" \/>\n<meta property=\"article:modified_time\" content=\"2025-11-18T14:44:27+00:00\" \/>\n<meta property=\"og:image\" content=\"https:\/\/repliquemangacine.fr\/wp-content\/uploads\/2023\/11\/Bretelle-pour-M1-Garand.jpg\" \/>\n\t<meta property=\"og:image:width\" content=\"500\" \/>\n\t<meta property=\"og:image:height\" content=\"500\" \/>\n\t<meta property=\"og:image:type\" content=\"image\/jpeg\" \/>\n<meta name=\"twitter:card\" content=\"summary_large_image\" \/>\n<meta name=\"twitter:label1\" content=\"Est. reading time\" \/>\n\t<meta name=\"twitter:data1\" content=\"3 minutes\" \/>\n<script type=\"application\/ld+json\" class=\"yoast-schema-graph\">{\"@context\":\"https:\\\/\\\/schema.org\",\"@graph\":[{\"@type\":\"WebPage\",\"@id\":\"https:\\\/\\\/repliquemangacine.fr\\\/dagues-et-accessoires-seconde-guerre-mondiale-materiels-militaria\\\/bretelle-pour-m1-garand\\\/\",\"url\":\"https:\\\/\\\/repliquemangacine.fr\\\/dagues-et-accessoires-seconde-guerre-mondiale-materiels-militaria\\\/bretelle-pour-m1-garand\\\/\",\"name\":\"Bretelle pour M1 Garand - Accessoires Militaria | R\u00e9plique Manga Cin\u00e9\",\"isPartOf\":{\"@id\":\"https:\\\/\\\/repliquemangacine.fr\\\/#website\"},\"primaryImageOfPage\":{\"@id\":\"https:\\\/\\\/repliquemangacine.fr\\\/dagues-et-accessoires-seconde-guerre-mondiale-materiels-militaria\\\/bretelle-pour-m1-garand\\\/#primaryimage\"},\"image\":{\"@id\":\"https:\\\/\\\/repliquemangacine.fr\\\/dagues-et-accessoires-seconde-guerre-mondiale-materiels-militaria\\\/bretelle-pour-m1-garand\\\/#primaryimage\"},\"thumbnailUrl\":\"https:\\\/\\\/repliquemangacine.fr\\\/wp-content\\\/uploads\\\/2023\\\/11\\\/Bretelle-pour-M1-Garand.jpg\",\"datePublished\":\"2023-11-27T16:28:36+00:00\",\"dateModified\":\"2025-11-18T14:44:27+00:00\",\"description\":\"D\u00e9couvrez cette superbe Bretelle pour M1 Garand au meilleur prix. Tout en cuir v\u00e9ritable. Crochet en m\u00e9tal. Id\u00e9al pour transporter votre r\u00e9plique historique\",\"breadcrumb\":{\"@id\":\"https:\\\/\\\/repliquemangacine.fr\\\/dagues-et-accessoires-seconde-guerre-mondiale-materiels-militaria\\\/bretelle-pour-m1-garand\\\/#breadcrumb\"},\"inLanguage\":\"en-US\",\"potentialAction\":[{\"@type\":\"ReadAction\",\"target\":[\"https:\\\/\\\/repliquemangacine.fr\\\/dagues-et-accessoires-seconde-guerre-mondiale-materiels-militaria\\\/bretelle-pour-m1-garand\\\/\"]}]},{\"@type\":\"ImageObject\",\"inLanguage\":\"en-US\",\"@id\":\"https:\\\/\\\/repliquemangacine.fr\\\/dagues-et-accessoires-seconde-guerre-mondiale-materiels-militaria\\\/bretelle-pour-m1-garand\\\/#primaryimage\",\"url\":\"https:\\\/\\\/repliquemangacine.fr\\\/wp-content\\\/uploads\\\/2023\\\/11\\\/Bretelle-pour-M1-Garand.jpg\",\"contentUrl\":\"https:\\\/\\\/repliquemangacine.fr\\\/wp-content\\\/uploads\\\/2023\\\/11\\\/Bretelle-pour-M1-Garand.jpg\",\"width\":500,\"height\":500,\"caption\":\"Bretelle pour M1 Garand\"},{\"@type\":\"BreadcrumbList\",\"@id\":\"https:\\\/\\\/repliquemangacine.fr\\\/dagues-et-accessoires-seconde-guerre-mondiale-materiels-militaria\\\/bretelle-pour-m1-garand\\\/#breadcrumb\",\"itemListElement\":[{\"@type\":\"ListItem\",\"position\":1,\"name\":\"Accueil\",\"item\":\"https:\\\/\\\/repliquemangacine.fr\\\/\"},{\"@type\":\"ListItem\",\"position\":2,\"name\":\"Produits\",\"item\":\"https:\\\/\\\/repliquemangacine.fr\\\/boutique\\\/\"},{\"@type\":\"ListItem\",\"position\":3,\"name\":\"Bretelle pour M1 Garand\"}]},{\"@type\":\"WebSite\",\"@id\":\"https:\\\/\\\/repliquemangacine.fr\\\/#website\",\"url\":\"https:\\\/\\\/repliquemangacine.fr\\\/\",\"name\":\"R\u00e9plique Manga Cin\u00e9\",\"description\":\"\",\"publisher\":{\"@id\":\"https:\\\/\\\/repliquemangacine.fr\\\/#organization\"},\"potentialAction\":[{\"@type\":\"SearchAction\",\"target\":{\"@type\":\"EntryPoint\",\"urlTemplate\":\"https:\\\/\\\/repliquemangacine.fr\\\/?s={search_term_string}\"},\"query-input\":{\"@type\":\"PropertyValueSpecification\",\"valueRequired\":true,\"valueName\":\"search_term_string\"}}],\"inLanguage\":\"en-US\"},{\"@type\":\"Organization\",\"@id\":\"https:\\\/\\\/repliquemangacine.fr\\\/#organization\",\"name\":\"R\u00e9plique Manga Cin\u00e9\",\"url\":\"https:\\\/\\\/repliquemangacine.fr\\\/\",\"logo\":{\"@type\":\"ImageObject\",\"inLanguage\":\"en-US\",\"@id\":\"https:\\\/\\\/repliquemangacine.fr\\\/#\\\/schema\\\/logo\\\/image\\\/\",\"url\":\"https:\\\/\\\/repliquemangacine.fr\\\/wp-content\\\/uploads\\\/2023\\\/10\\\/RMC-500250.png\",\"contentUrl\":\"https:\\\/\\\/repliquemangacine.fr\\\/wp-content\\\/uploads\\\/2023\\\/10\\\/RMC-500250.png\",\"width\":500,\"height\":250,\"caption\":\"R\u00e9plique Manga Cin\u00e9\"},\"image\":{\"@id\":\"https:\\\/\\\/repliquemangacine.fr\\\/#\\\/schema\\\/logo\\\/image\\\/\"},\"sameAs\":[\"https:\\\/\\\/www.facebook.com\\\/RepliqueMangaCine\",\"https:\\\/\\\/www.instagram.com\\\/repliquemangacine.fr\\\/\"]}]}<\/script>\n<!-- \/ Yoast SEO plugin. -->","yoast_head_json":{"title":"Shoulder strap for M1 Garand - Militaria Accessories | R\u00e9plique Manga Cin\u00e9","description":"Discover this superb M1 Garand shoulder strap at the best price. All genuine leather. Metal hook. Ideal for carrying your historic replica","robots":{"index":"index","follow":"follow","max-snippet":"max-snippet:-1","max-image-preview":"max-image-preview:large","max-video-preview":"max-video-preview:-1"},"canonical":"https:\/\/repliquemangacine.fr\/en\/daggers-and-accessories-world-war-ii-militaria-materiel\/ramp-for-m1-garand\/","og_locale":"en_US","og_type":"article","og_title":"Bretelle pour M1 Garand - Accessoires Militaria | R\u00e9plique Manga Cin\u00e9","og_description":"D\u00e9couvrez cette superbe Bretelle pour M1 Garand au meilleur prix. Tout en cuir v\u00e9ritable. Crochet en m\u00e9tal. Id\u00e9al pour transporter votre r\u00e9plique historique","og_url":"https:\/\/repliquemangacine.fr\/en\/daggers-and-accessories-world-war-ii-militaria-materiel\/ramp-for-m1-garand\/","og_site_name":"R\u00e9plique Manga Cin\u00e9","article_publisher":"https:\/\/www.facebook.com\/RepliqueMangaCine","article_modified_time":"2025-11-18T14:44:27+00:00","og_image":[{"width":500,"height":500,"url":"https:\/\/repliquemangacine.fr\/wp-content\/uploads\/2023\/11\/Bretelle-pour-M1-Garand.jpg","type":"image\/jpeg"}],"twitter_card":"summary_large_image","twitter_misc":{"Est. reading time":"3 minutes"},"schema":{"@context":"https:\/\/schema.org","@graph":[{"@type":"WebPage","@id":"https:\/\/repliquemangacine.fr\/dagues-et-accessoires-seconde-guerre-mondiale-materiels-militaria\/bretelle-pour-m1-garand\/","url":"https:\/\/repliquemangacine.fr\/dagues-et-accessoires-seconde-guerre-mondiale-materiels-militaria\/bretelle-pour-m1-garand\/","name":"Shoulder strap for M1 Garand - Militaria Accessories | R\u00e9plique Manga Cin\u00e9","isPartOf":{"@id":"https:\/\/repliquemangacine.fr\/#website"},"primaryImageOfPage":{"@id":"https:\/\/repliquemangacine.fr\/dagues-et-accessoires-seconde-guerre-mondiale-materiels-militaria\/bretelle-pour-m1-garand\/#primaryimage"},"image":{"@id":"https:\/\/repliquemangacine.fr\/dagues-et-accessoires-seconde-guerre-mondiale-materiels-militaria\/bretelle-pour-m1-garand\/#primaryimage"},"thumbnailUrl":"https:\/\/repliquemangacine.fr\/wp-content\/uploads\/2023\/11\/Bretelle-pour-M1-Garand.jpg","datePublished":"2023-11-27T16:28:36+00:00","dateModified":"2025-11-18T14:44:27+00:00","description":"Discover this superb M1 Garand shoulder strap at the best price. All genuine leather. Metal hook. Ideal for carrying your historic replica","breadcrumb":{"@id":"https:\/\/repliquemangacine.fr\/dagues-et-accessoires-seconde-guerre-mondiale-materiels-militaria\/bretelle-pour-m1-garand\/#breadcrumb"},"inLanguage":"en-US","potentialAction":[{"@type":"ReadAction","target":["https:\/\/repliquemangacine.fr\/dagues-et-accessoires-seconde-guerre-mondiale-materiels-militaria\/bretelle-pour-m1-garand\/"]}]},{"@type":"ImageObject","inLanguage":"en-US","@id":"https:\/\/repliquemangacine.fr\/dagues-et-accessoires-seconde-guerre-mondiale-materiels-militaria\/bretelle-pour-m1-garand\/#primaryimage","url":"https:\/\/repliquemangacine.fr\/wp-content\/uploads\/2023\/11\/Bretelle-pour-M1-Garand.jpg","contentUrl":"https:\/\/repliquemangacine.fr\/wp-content\/uploads\/2023\/11\/Bretelle-pour-M1-Garand.jpg","width":500,"height":500,"caption":"Bretelle pour M1 Garand"},{"@type":"BreadcrumbList","@id":"https:\/\/repliquemangacine.fr\/dagues-et-accessoires-seconde-guerre-mondiale-materiels-militaria\/bretelle-pour-m1-garand\/#breadcrumb","itemListElement":[{"@type":"ListItem","position":1,"name":"Accueil","item":"https:\/\/repliquemangacine.fr\/"},{"@type":"ListItem","position":2,"name":"Produits","item":"https:\/\/repliquemangacine.fr\/boutique\/"},{"@type":"ListItem","position":3,"name":"Bretelle pour M1 Garand"}]},{"@type":"WebSite","@id":"https:\/\/repliquemangacine.fr\/#website","url":"https:\/\/repliquemangacine.fr\/","name":"R\u00e9plique Manga Cin\u00e9","description":"","publisher":{"@id":"https:\/\/repliquemangacine.fr\/#organization"},"potentialAction":[{"@type":"SearchAction","target":{"@type":"EntryPoint","urlTemplate":"https:\/\/repliquemangacine.fr\/?s={search_term_string}"},"query-input":{"@type":"PropertyValueSpecification","valueRequired":true,"valueName":"search_term_string"}}],"inLanguage":"en-US"},{"@type":"Organization","@id":"https:\/\/repliquemangacine.fr\/#organization","name":"R\u00e9plique Manga Cin\u00e9","url":"https:\/\/repliquemangacine.fr\/","logo":{"@type":"ImageObject","inLanguage":"en-US","@id":"https:\/\/repliquemangacine.fr\/#\/schema\/logo\/image\/","url":"https:\/\/repliquemangacine.fr\/wp-content\/uploads\/2023\/10\/RMC-500250.png","contentUrl":"https:\/\/repliquemangacine.fr\/wp-content\/uploads\/2023\/10\/RMC-500250.png","width":500,"height":250,"caption":"R\u00e9plique Manga Cin\u00e9"},"image":{"@id":"https:\/\/repliquemangacine.fr\/#\/schema\/logo\/image\/"},"sameAs":["https:\/\/www.facebook.com\/RepliqueMangaCine","https:\/\/www.instagram.com\/repliquemangacine.fr\/"]}]}},"_links":{"self":[{"href":"https:\/\/repliquemangacine.fr\/en\/wp-json\/wp\/v2\/product\/65989","targetHints":{"allow":["GET"]}}],"collection":[{"href":"https:\/\/repliquemangacine.fr\/en\/wp-json\/wp\/v2\/product"}],"about":[{"href":"https:\/\/repliquemangacine.fr\/en\/wp-json\/wp\/v2\/types\/product"}],"wp:featuredmedia":[{"embeddable":true,"href":"https:\/\/repliquemangacine.fr\/en\/wp-json\/wp\/v2\/media\/65990"}],"wp:attachment":[{"href":"https:\/\/repliquemangacine.fr\/en\/wp-json\/wp\/v2\/media?parent=65989"}],"wp:term":[{"taxonomy":"product_brand","embeddable":true,"href":"https:\/\/repliquemangacine.fr\/en\/wp-json\/wp\/v2\/product_brand?post=65989"},{"taxonomy":"product_cat","embeddable":true,"href":"https:\/\/repliquemangacine.fr\/en\/wp-json\/wp\/v2\/product_cat?post=65989"},{"taxonomy":"product_tag","embeddable":true,"href":"https:\/\/repliquemangacine.fr\/en\/wp-json\/wp\/v2\/product_tag?post=65989"}],"curies":[{"name":"wp","href":"https:\/\/api.w.org\/{rel}","templated":true}]}}