





{"id":65870,"date":"2023-11-24T19:08:31","date_gmt":"2023-11-24T18:08:31","guid":{"rendered":"https:\/\/repliquemangacine.fr\/?post_type=product&#038;p=65870"},"modified":"2025-11-18T15:49:46","modified_gmt":"2025-11-18T14:49:46","slug":"combat-shield","status":"publish","type":"product","link":"https:\/\/repliquemangacine.fr\/en\/armes-et-accessoires-vikings\/bouclier-de-combat\/","title":{"rendered":"Viking battle shield"},"content":{"rendered":"<h2>Viking Combat Shield - Symbol of Strength<\/h2>\n<p>First, the <strong>Viking battle shield<\/strong>, A key element in the arsenal of Nordic warriors, it represents a remarkable fusion of functionality and symbolism.<br \/>\nDesigned for warfare and protection, these round shields were made from lightweight wood. Often reinforced with metal bands and a central iron umbo (hump).<br \/>\nTheir size varied, but a typical diameter was between 70 and 100 cm, allowing optimal maneuverability in fierce battles.<\/p>\n<h3>Viking Shield: Power and Protection<\/h3>\n<p>Painted and decorated with symbolic motifs, Viking shields were not just tools of war. They were also expressions of Viking identity and beliefs.<br \/>\nColor and design played a crucial role in intimidating enemies. While sturdy construction provided vital defense against the weapons of the day.<\/p>\n<h2>Your Viking Combat Shield at the best price<\/h2>\n<p>Immerse yourself in the fascinating world of the Vikings with a Viking shield that offers the perfect balance between quality and price. These replicas, faithful to the originals used in medieval battles, are designed to offer an authentic experience.<\/p>\n<p>Let's take the example of<\/p>\n<ul>\n<li><a href=\"https:\/\/repliquemangacine.fr\/en\/shields-series-vikings\/fenrir-viking-shield\/\">Fenrir shield<\/a>Made exactly as it was in those days, with a painted wooden board, central umbo and hand-sewn leather surround.<\/li>\n<li>There is also the <a href=\"https:\/\/repliquemangacine.fr\/en\/viking-weapons-and-accessories\/wooden-viking-shield\/\">round shield<\/a> with its metal umbo and reinforcements, and much more!<\/li>\n<\/ul>\n<h3>The Viking Spirit at an affordable price: High-quality shields<\/h3>\n<p>With the guarantee of exceptional quality at a competitive price, these Viking shields are not just collector's items. They are portals to a heroic past. The care taken in their manufacture ensures uncompromising durability and authenticity.<\/p>\n<h2>Fighting Techniques and Strategies with the Viking Shield<\/h2>\n<p>Specifically designed for demonstrations and historical re-enactments. Faithful to historical designs and materials, this shield is ideal for those wishing to experience the combat techniques and strategies of Viking warriors in a safe and spectacular way.<\/p>\n<p>Its robust construction and manoeuvrability make it perfect for exhibitions, where precision of movement and safety are paramount.<\/p>\n<h3>The Viking Shield Wall: Immersive Tactics for Exhibitions.<\/h3>\n<p>Incorporate the famous Viking \u201cshield wall\u201d tactic into your demonstrations. Our shield is specially designed to enable this defensive formation, where warriors aligned their shields tightly to create an almost impenetrable rampart.<\/p>\n<p>This tactic offers a fascinating immersion in combat strategies. <a href=\"https:\/\/www.futura-sciences.com\/sciences\/questions-reponses\/histoire-histoire-vikings-leur-epopee-13777\/\" target=\"_blank\" rel=\"noopener noreferrer\">viking<\/a>. In conclusion, perfect for history buffs and stage combat artists alike.<\/p>","protected":false},"excerpt":{"rendered":"<p>Superb Viking battle shield<\/p>\n<ul>\n<li>Suitable for exhibition fighting<\/li>\n<li>Round wooden shield<\/li>\n<li>Steel hump (Umbo) and steel fittings, approx. 1.2 mm.<\/li>\n<li>The back is covered in fabric.<\/li>\n<li>The steel fist handle is padded and wrapped in suede.<\/li>\n<li>Diameter: approx. 55 cm - Material thickness: approx. 1.4 cm<\/li>\n<li>Weight: approx. 3.2 kg<\/li>\n<\/ul>","protected":false},"featured_media":65874,"template":"","meta":[],"product_brand":[896],"product_cat":[103],"product_tag":[],"class_list":{"0":"post-65870","1":"product","2":"type-product","3":"status-publish","4":"has-post-thumbnail","6":"product_brand-replique-manga-cine","7":"product_cat-armes-et-accessoires-vikings","9":"first","10":"instock","11":"taxable","12":"shipping-taxable","13":"purchasable","14":"product-type-simple"},"yoast_head":"<!-- This site is optimized with the Yoast SEO plugin v27.5 - https:\/\/yoast.com\/product\/yoast-seo-wordpress\/ -->\n<title>Bouclier de combat Viking | R\u00e9plique Manga Cin\u00e9<\/title>\n<meta name=\"description\" content=\"D\u00e9couvrez ce superbe Bouclier de combat Viking au meilleur prix. Tout n bois avec garniture en m\u00e9tal. Poign\u00e9e au dos. Adapt\u00e9 au combat d&#039;exhibition\" \/>\n<meta name=\"robots\" content=\"index, follow, max-snippet:-1, max-image-preview:large, max-video-preview:-1\" \/>\n<link rel=\"canonical\" href=\"https:\/\/repliquemangacine.fr\/en\/viking-weapons-and-accessories\/combat-shield\/\" \/>\n<meta property=\"og:locale\" content=\"en_US\" \/>\n<meta property=\"og:type\" content=\"article\" \/>\n<meta property=\"og:title\" content=\"Bouclier de combat Viking | R\u00e9plique Manga Cin\u00e9\" \/>\n<meta property=\"og:description\" content=\"D\u00e9couvrez ce superbe Bouclier de combat Viking au meilleur prix. Tout n bois avec garniture en m\u00e9tal. Poign\u00e9e au dos. Adapt\u00e9 au combat d&#039;exhibition\" \/>\n<meta property=\"og:url\" content=\"https:\/\/repliquemangacine.fr\/en\/viking-weapons-and-accessories\/combat-shield\/\" \/>\n<meta property=\"og:site_name\" content=\"R\u00e9plique Manga Cin\u00e9\" \/>\n<meta property=\"article:publisher\" content=\"https:\/\/www.facebook.com\/RepliqueMangaCine\" \/>\n<meta property=\"article:modified_time\" content=\"2025-11-18T14:49:46+00:00\" \/>\n<meta property=\"og:image\" content=\"https:\/\/repliquemangacine.fr\/wp-content\/uploads\/2023\/11\/Bouclier-de-combat.jpg\" \/>\n\t<meta property=\"og:image:width\" content=\"500\" \/>\n\t<meta property=\"og:image:height\" content=\"500\" \/>\n\t<meta property=\"og:image:type\" content=\"image\/jpeg\" \/>\n<meta name=\"twitter:card\" content=\"summary_large_image\" \/>\n<meta name=\"twitter:label1\" content=\"Est. reading time\" \/>\n\t<meta name=\"twitter:data1\" content=\"3 minutes\" \/>\n<script type=\"application\/ld+json\" class=\"yoast-schema-graph\">{\"@context\":\"https:\\\/\\\/schema.org\",\"@graph\":[{\"@type\":\"WebPage\",\"@id\":\"https:\\\/\\\/repliquemangacine.fr\\\/armes-et-accessoires-vikings\\\/bouclier-de-combat\\\/\",\"url\":\"https:\\\/\\\/repliquemangacine.fr\\\/armes-et-accessoires-vikings\\\/bouclier-de-combat\\\/\",\"name\":\"Bouclier de combat Viking | R\u00e9plique Manga Cin\u00e9\",\"isPartOf\":{\"@id\":\"https:\\\/\\\/repliquemangacine.fr\\\/#website\"},\"primaryImageOfPage\":{\"@id\":\"https:\\\/\\\/repliquemangacine.fr\\\/armes-et-accessoires-vikings\\\/bouclier-de-combat\\\/#primaryimage\"},\"image\":{\"@id\":\"https:\\\/\\\/repliquemangacine.fr\\\/armes-et-accessoires-vikings\\\/bouclier-de-combat\\\/#primaryimage\"},\"thumbnailUrl\":\"https:\\\/\\\/repliquemangacine.fr\\\/wp-content\\\/uploads\\\/2023\\\/11\\\/Bouclier-de-combat.jpg\",\"datePublished\":\"2023-11-24T18:08:31+00:00\",\"dateModified\":\"2025-11-18T14:49:46+00:00\",\"description\":\"D\u00e9couvrez ce superbe Bouclier de combat Viking au meilleur prix. Tout n bois avec garniture en m\u00e9tal. Poign\u00e9e au dos. Adapt\u00e9 au combat d'exhibition\",\"breadcrumb\":{\"@id\":\"https:\\\/\\\/repliquemangacine.fr\\\/armes-et-accessoires-vikings\\\/bouclier-de-combat\\\/#breadcrumb\"},\"inLanguage\":\"en-US\",\"potentialAction\":[{\"@type\":\"ReadAction\",\"target\":[\"https:\\\/\\\/repliquemangacine.fr\\\/armes-et-accessoires-vikings\\\/bouclier-de-combat\\\/\"]}]},{\"@type\":\"ImageObject\",\"inLanguage\":\"en-US\",\"@id\":\"https:\\\/\\\/repliquemangacine.fr\\\/armes-et-accessoires-vikings\\\/bouclier-de-combat\\\/#primaryimage\",\"url\":\"https:\\\/\\\/repliquemangacine.fr\\\/wp-content\\\/uploads\\\/2023\\\/11\\\/Bouclier-de-combat.jpg\",\"contentUrl\":\"https:\\\/\\\/repliquemangacine.fr\\\/wp-content\\\/uploads\\\/2023\\\/11\\\/Bouclier-de-combat.jpg\",\"width\":500,\"height\":500,\"caption\":\"Bouclier de combat Viking\"},{\"@type\":\"BreadcrumbList\",\"@id\":\"https:\\\/\\\/repliquemangacine.fr\\\/armes-et-accessoires-vikings\\\/bouclier-de-combat\\\/#breadcrumb\",\"itemListElement\":[{\"@type\":\"ListItem\",\"position\":1,\"name\":\"Accueil\",\"item\":\"https:\\\/\\\/repliquemangacine.fr\\\/\"},{\"@type\":\"ListItem\",\"position\":2,\"name\":\"Produits\",\"item\":\"https:\\\/\\\/repliquemangacine.fr\\\/boutique\\\/\"},{\"@type\":\"ListItem\",\"position\":3,\"name\":\"Bouclier de combat Viking\"}]},{\"@type\":\"WebSite\",\"@id\":\"https:\\\/\\\/repliquemangacine.fr\\\/#website\",\"url\":\"https:\\\/\\\/repliquemangacine.fr\\\/\",\"name\":\"R\u00e9plique Manga Cin\u00e9\",\"description\":\"\",\"publisher\":{\"@id\":\"https:\\\/\\\/repliquemangacine.fr\\\/#organization\"},\"potentialAction\":[{\"@type\":\"SearchAction\",\"target\":{\"@type\":\"EntryPoint\",\"urlTemplate\":\"https:\\\/\\\/repliquemangacine.fr\\\/?s={search_term_string}\"},\"query-input\":{\"@type\":\"PropertyValueSpecification\",\"valueRequired\":true,\"valueName\":\"search_term_string\"}}],\"inLanguage\":\"en-US\"},{\"@type\":\"Organization\",\"@id\":\"https:\\\/\\\/repliquemangacine.fr\\\/#organization\",\"name\":\"R\u00e9plique Manga Cin\u00e9\",\"url\":\"https:\\\/\\\/repliquemangacine.fr\\\/\",\"logo\":{\"@type\":\"ImageObject\",\"inLanguage\":\"en-US\",\"@id\":\"https:\\\/\\\/repliquemangacine.fr\\\/#\\\/schema\\\/logo\\\/image\\\/\",\"url\":\"https:\\\/\\\/repliquemangacine.fr\\\/wp-content\\\/uploads\\\/2023\\\/10\\\/RMC-500250.png\",\"contentUrl\":\"https:\\\/\\\/repliquemangacine.fr\\\/wp-content\\\/uploads\\\/2023\\\/10\\\/RMC-500250.png\",\"width\":500,\"height\":250,\"caption\":\"R\u00e9plique Manga Cin\u00e9\"},\"image\":{\"@id\":\"https:\\\/\\\/repliquemangacine.fr\\\/#\\\/schema\\\/logo\\\/image\\\/\"},\"sameAs\":[\"https:\\\/\\\/www.facebook.com\\\/RepliqueMangaCine\",\"https:\\\/\\\/www.instagram.com\\\/repliquemangacine.fr\\\/\"]}]}<\/script>\n<!-- \/ Yoast SEO plugin. -->","yoast_head_json":{"title":"Viking battle shield | R\u00e9plique Manga Cin\u00e9","description":"Discover this superb Viking Battle Shield at the best price. All wood with metal trim. Handle on back. Suitable for exhibition fighting.","robots":{"index":"index","follow":"follow","max-snippet":"max-snippet:-1","max-image-preview":"max-image-preview:large","max-video-preview":"max-video-preview:-1"},"canonical":"https:\/\/repliquemangacine.fr\/en\/viking-weapons-and-accessories\/combat-shield\/","og_locale":"en_US","og_type":"article","og_title":"Bouclier de combat Viking | R\u00e9plique Manga Cin\u00e9","og_description":"D\u00e9couvrez ce superbe Bouclier de combat Viking au meilleur prix. Tout n bois avec garniture en m\u00e9tal. Poign\u00e9e au dos. Adapt\u00e9 au combat d'exhibition","og_url":"https:\/\/repliquemangacine.fr\/en\/viking-weapons-and-accessories\/combat-shield\/","og_site_name":"R\u00e9plique Manga Cin\u00e9","article_publisher":"https:\/\/www.facebook.com\/RepliqueMangaCine","article_modified_time":"2025-11-18T14:49:46+00:00","og_image":[{"width":500,"height":500,"url":"https:\/\/repliquemangacine.fr\/wp-content\/uploads\/2023\/11\/Bouclier-de-combat.jpg","type":"image\/jpeg"}],"twitter_card":"summary_large_image","twitter_misc":{"Est. reading time":"3 minutes"},"schema":{"@context":"https:\/\/schema.org","@graph":[{"@type":"WebPage","@id":"https:\/\/repliquemangacine.fr\/armes-et-accessoires-vikings\/bouclier-de-combat\/","url":"https:\/\/repliquemangacine.fr\/armes-et-accessoires-vikings\/bouclier-de-combat\/","name":"Viking battle shield | R\u00e9plique Manga Cin\u00e9","isPartOf":{"@id":"https:\/\/repliquemangacine.fr\/#website"},"primaryImageOfPage":{"@id":"https:\/\/repliquemangacine.fr\/armes-et-accessoires-vikings\/bouclier-de-combat\/#primaryimage"},"image":{"@id":"https:\/\/repliquemangacine.fr\/armes-et-accessoires-vikings\/bouclier-de-combat\/#primaryimage"},"thumbnailUrl":"https:\/\/repliquemangacine.fr\/wp-content\/uploads\/2023\/11\/Bouclier-de-combat.jpg","datePublished":"2023-11-24T18:08:31+00:00","dateModified":"2025-11-18T14:49:46+00:00","description":"Discover this superb Viking Battle Shield at the best price. All wood with metal trim. Handle on back. Suitable for exhibition fighting.","breadcrumb":{"@id":"https:\/\/repliquemangacine.fr\/armes-et-accessoires-vikings\/bouclier-de-combat\/#breadcrumb"},"inLanguage":"en-US","potentialAction":[{"@type":"ReadAction","target":["https:\/\/repliquemangacine.fr\/armes-et-accessoires-vikings\/bouclier-de-combat\/"]}]},{"@type":"ImageObject","inLanguage":"en-US","@id":"https:\/\/repliquemangacine.fr\/armes-et-accessoires-vikings\/bouclier-de-combat\/#primaryimage","url":"https:\/\/repliquemangacine.fr\/wp-content\/uploads\/2023\/11\/Bouclier-de-combat.jpg","contentUrl":"https:\/\/repliquemangacine.fr\/wp-content\/uploads\/2023\/11\/Bouclier-de-combat.jpg","width":500,"height":500,"caption":"Bouclier de combat Viking"},{"@type":"BreadcrumbList","@id":"https:\/\/repliquemangacine.fr\/armes-et-accessoires-vikings\/bouclier-de-combat\/#breadcrumb","itemListElement":[{"@type":"ListItem","position":1,"name":"Accueil","item":"https:\/\/repliquemangacine.fr\/"},{"@type":"ListItem","position":2,"name":"Produits","item":"https:\/\/repliquemangacine.fr\/boutique\/"},{"@type":"ListItem","position":3,"name":"Bouclier de combat Viking"}]},{"@type":"WebSite","@id":"https:\/\/repliquemangacine.fr\/#website","url":"https:\/\/repliquemangacine.fr\/","name":"R\u00e9plique Manga Cin\u00e9","description":"","publisher":{"@id":"https:\/\/repliquemangacine.fr\/#organization"},"potentialAction":[{"@type":"SearchAction","target":{"@type":"EntryPoint","urlTemplate":"https:\/\/repliquemangacine.fr\/?s={search_term_string}"},"query-input":{"@type":"PropertyValueSpecification","valueRequired":true,"valueName":"search_term_string"}}],"inLanguage":"en-US"},{"@type":"Organization","@id":"https:\/\/repliquemangacine.fr\/#organization","name":"R\u00e9plique Manga Cin\u00e9","url":"https:\/\/repliquemangacine.fr\/","logo":{"@type":"ImageObject","inLanguage":"en-US","@id":"https:\/\/repliquemangacine.fr\/#\/schema\/logo\/image\/","url":"https:\/\/repliquemangacine.fr\/wp-content\/uploads\/2023\/10\/RMC-500250.png","contentUrl":"https:\/\/repliquemangacine.fr\/wp-content\/uploads\/2023\/10\/RMC-500250.png","width":500,"height":250,"caption":"R\u00e9plique Manga Cin\u00e9"},"image":{"@id":"https:\/\/repliquemangacine.fr\/#\/schema\/logo\/image\/"},"sameAs":["https:\/\/www.facebook.com\/RepliqueMangaCine","https:\/\/www.instagram.com\/repliquemangacine.fr\/"]}]}},"_links":{"self":[{"href":"https:\/\/repliquemangacine.fr\/en\/wp-json\/wp\/v2\/product\/65870","targetHints":{"allow":["GET"]}}],"collection":[{"href":"https:\/\/repliquemangacine.fr\/en\/wp-json\/wp\/v2\/product"}],"about":[{"href":"https:\/\/repliquemangacine.fr\/en\/wp-json\/wp\/v2\/types\/product"}],"wp:featuredmedia":[{"embeddable":true,"href":"https:\/\/repliquemangacine.fr\/en\/wp-json\/wp\/v2\/media\/65874"}],"wp:attachment":[{"href":"https:\/\/repliquemangacine.fr\/en\/wp-json\/wp\/v2\/media?parent=65870"}],"wp:term":[{"taxonomy":"product_brand","embeddable":true,"href":"https:\/\/repliquemangacine.fr\/en\/wp-json\/wp\/v2\/product_brand?post=65870"},{"taxonomy":"product_cat","embeddable":true,"href":"https:\/\/repliquemangacine.fr\/en\/wp-json\/wp\/v2\/product_cat?post=65870"},{"taxonomy":"product_tag","embeddable":true,"href":"https:\/\/repliquemangacine.fr\/en\/wp-json\/wp\/v2\/product_tag?post=65870"}],"curies":[{"name":"wp","href":"https:\/\/api.w.org\/{rel}","templated":true}]}}