





{"id":65854,"date":"2023-11-24T16:39:35","date_gmt":"2023-11-24T15:39:35","guid":{"rendered":"https:\/\/repliquemangacine.fr\/?post_type=product&#038;p=65854"},"modified":"2026-02-06T15:46:15","modified_gmt":"2026-02-06T14:46:15","slug":"troop-saber-1801","status":"publish","type":"product","link":"https:\/\/repliquemangacine.fr\/en\/armes-historiques\/sabre-de-troupe-1801\/","title":{"rendered":"Troop saber 1801"},"content":{"rendered":"<h2>Sabre de Troupe 1801 - A Napoleonic Heritage<\/h2>\n<p>Firstly, the 1801 cavalry troop saber, also known as the \"sabre de cavalerie l\u00e9g\u00e8re mod\u00e8le An IX\", is an emblematic weapon from the Napoleonic era in France.<\/p>\n<ul>\n<li><strong>Origin and background :<\/strong> Introduced in 1801, this saber was designed to equip the French army's light cavalry.<\/li>\n<li><strong>Design and features :<\/strong> The Model 1801 light cavalry saber is distinguished by its curved blade, ideal for charging on horseback.<\/li>\n<li><strong>Use and Effectiveness:<\/strong> Designed for fast attacks and fluid movements. Particularly effective in cavalry charges.<\/li>\n<\/ul>\n<h3>Impact and legacy of the cavalry saber<\/h3>\n<p>The Model 1801 light cavalry saber became a symbol of Napoleonic military power, influencing the design of bladed weapons in other European armies. Its effectiveness and design were admired and imitated, cementing the French army's reputation as a formidable force.<\/p>\n<h2>Your Sabre de la Cavalerie Mod\u00e8le An IX - Outstanding value for money<\/h2>\n<p>The Sabre de la cavalerie Mod\u00e8le An IX is not only a historical replica, it's also the best value choice for collectors.  Faithful to the original, it's a perfect example of quality.<\/p>\n<p>Acquiring a replica of the Mod\u00e8le An XI represents a unique opportunity to own a piece of history. Offering both exceptional aesthetic and historical value.<\/p>\n<p>Ideal for discerning collectors looking to enhance their collection without compromising quality or budget.<\/p>\n<h3>The Emblematic Sabres of the First Empire: A Legend in Steel<\/h3>\n<p>During the reign of <a href=\"https:\/\/www.larousse.fr\/encyclopedie\/personnage\/Napol%C3%A9on_I_er\/134747\" target=\"_blank\" rel=\"noopener noreferrer\">Napoleon<\/a> Bonaparte, several types of saber were used by the French army.<\/p>\n<p>First and foremost,<\/p>\n<ul>\n<li><a href=\"https:\/\/repliquemangacine.fr\/en\/replica-napoleon-guns\/1st-empire-napoleonic-infantry-saber-lighter\/\">Sabre Lighter:<\/a> Worn by the infantry, the sabre lighter is a versatile tool on the battlefield.<\/li>\n<li><a href=\"https:\/\/repliquemangacine.fr\/en\/1st-empire-swords\/blucher-m1811-prussian-cavalry-saber\/\">Bl\u00fccher M1811 saber<\/a> Bl\u00fccher, German general, popular commander during the German campaign against Napoleon.<\/li>\n<\/ul>\n<h2>How to maintain the blade of your Sabre de Troupe 1801?<\/h2>\n<p>Firstly, collector's and decorative swords, made and assembled in a simplified manner. As their use is decorative, they lack the safety features required of a Japanese saber intended for training.<\/p>\n<p>However, your <strong>Troop saber 1801<\/strong> to a steel blade that needs to be maintained to prevent damage over time. In fact, when you expose your sword, your friends will be curious to see the blade and touch it. This is where care is needed. Finger acidity is very harmful to steel, whatever its quality.<\/p>\n<p>However, if this does happen, don't panic, all you need is a cloth dampened with a little oil and wipe off any fingerprints. So, if you do this, you'll keep your sword for a very long time.<\/p>\n<p>&nbsp;<\/p>","protected":false},"excerpt":{"rendered":"<p>Superb reproduction of the 1801 French cavalry troop saber.<\/p>\n<ul>\n<li>Steel blade<\/li>\n<li>Special gold-plated steel guard<\/li>\n<li>Black leatherette-covered handle<\/li>\n<li>Metal scabbard.<\/li>\n<\/ul>","protected":false},"featured_media":65863,"template":"","meta":[],"product_brand":[896],"product_cat":[25,83,74],"product_tag":[],"class_list":{"0":"post-65854","1":"product","2":"type-product","3":"status-publish","4":"has-post-thumbnail","6":"product_brand-replique-manga-cine","7":"product_cat-armes-historiques","8":"product_cat-replique-d-armes-1er-empire","9":"product_cat-sabres-1er-empire","11":"first","12":"instock","13":"taxable","14":"shipping-taxable","15":"purchasable","16":"product-type-simple"},"yoast_head":"<!-- This site is optimized with the Yoast SEO plugin v27.5 - https:\/\/yoast.com\/product\/yoast-seo-wordpress\/ -->\n<title>Sabre de Troupe 1801 - Sabre de cavalerie | R\u00e9plique Manga Cin\u00e9<\/title>\n<meta name=\"description\" content=\"D\u00e9couvrez ce magnifique sabre de troupe 1801 au meilleur prix. Lame en acier. Garde de forme sp\u00e9cifique en acier dor\u00e9. Fourreau en m\u00e9tal\" \/>\n<meta name=\"robots\" content=\"index, follow, max-snippet:-1, max-image-preview:large, max-video-preview:-1\" \/>\n<link rel=\"canonical\" href=\"https:\/\/repliquemangacine.fr\/en\/historical-weapons\/troop-saber-1801\/\" \/>\n<meta property=\"og:locale\" content=\"en_US\" \/>\n<meta property=\"og:type\" content=\"article\" \/>\n<meta property=\"og:title\" content=\"Sabre de Troupe 1801 - Sabre de cavalerie | R\u00e9plique Manga Cin\u00e9\" \/>\n<meta property=\"og:description\" content=\"D\u00e9couvrez ce magnifique sabre de troupe 1801 au meilleur prix. Lame en acier. Garde de forme sp\u00e9cifique en acier dor\u00e9. Fourreau en m\u00e9tal\" \/>\n<meta property=\"og:url\" content=\"https:\/\/repliquemangacine.fr\/en\/historical-weapons\/troop-saber-1801\/\" \/>\n<meta property=\"og:site_name\" content=\"R\u00e9plique Manga Cin\u00e9\" \/>\n<meta property=\"article:publisher\" content=\"https:\/\/www.facebook.com\/RepliqueMangaCine\" \/>\n<meta property=\"article:modified_time\" content=\"2026-02-06T14:46:15+00:00\" \/>\n<meta property=\"og:image\" content=\"https:\/\/repliquemangacine.fr\/wp-content\/uploads\/2023\/11\/sabre-de-cavalerie-napoleonlamejpg.jpg\" \/>\n\t<meta property=\"og:image:width\" content=\"500\" \/>\n\t<meta property=\"og:image:height\" content=\"500\" \/>\n\t<meta property=\"og:image:type\" content=\"image\/jpeg\" \/>\n<meta name=\"twitter:card\" content=\"summary_large_image\" \/>\n<meta name=\"twitter:label1\" content=\"Est. reading time\" \/>\n\t<meta name=\"twitter:data1\" content=\"3 minutes\" \/>\n<script type=\"application\/ld+json\" class=\"yoast-schema-graph\">{\"@context\":\"https:\\\/\\\/schema.org\",\"@graph\":[{\"@type\":\"WebPage\",\"@id\":\"https:\\\/\\\/repliquemangacine.fr\\\/armes-historiques\\\/sabre-de-troupe-1801\\\/\",\"url\":\"https:\\\/\\\/repliquemangacine.fr\\\/armes-historiques\\\/sabre-de-troupe-1801\\\/\",\"name\":\"Sabre de Troupe 1801 - Sabre de cavalerie | R\u00e9plique Manga Cin\u00e9\",\"isPartOf\":{\"@id\":\"https:\\\/\\\/repliquemangacine.fr\\\/#website\"},\"primaryImageOfPage\":{\"@id\":\"https:\\\/\\\/repliquemangacine.fr\\\/armes-historiques\\\/sabre-de-troupe-1801\\\/#primaryimage\"},\"image\":{\"@id\":\"https:\\\/\\\/repliquemangacine.fr\\\/armes-historiques\\\/sabre-de-troupe-1801\\\/#primaryimage\"},\"thumbnailUrl\":\"https:\\\/\\\/repliquemangacine.fr\\\/wp-content\\\/uploads\\\/2023\\\/11\\\/sabre-de-cavalerie-napoleonlamejpg.jpg\",\"datePublished\":\"2023-11-24T15:39:35+00:00\",\"dateModified\":\"2026-02-06T14:46:15+00:00\",\"description\":\"D\u00e9couvrez ce magnifique sabre de troupe 1801 au meilleur prix. Lame en acier. Garde de forme sp\u00e9cifique en acier dor\u00e9. Fourreau en m\u00e9tal\",\"breadcrumb\":{\"@id\":\"https:\\\/\\\/repliquemangacine.fr\\\/armes-historiques\\\/sabre-de-troupe-1801\\\/#breadcrumb\"},\"inLanguage\":\"en-US\",\"potentialAction\":[{\"@type\":\"ReadAction\",\"target\":[\"https:\\\/\\\/repliquemangacine.fr\\\/armes-historiques\\\/sabre-de-troupe-1801\\\/\"]}]},{\"@type\":\"ImageObject\",\"inLanguage\":\"en-US\",\"@id\":\"https:\\\/\\\/repliquemangacine.fr\\\/armes-historiques\\\/sabre-de-troupe-1801\\\/#primaryimage\",\"url\":\"https:\\\/\\\/repliquemangacine.fr\\\/wp-content\\\/uploads\\\/2023\\\/11\\\/sabre-de-cavalerie-napoleonlamejpg.jpg\",\"contentUrl\":\"https:\\\/\\\/repliquemangacine.fr\\\/wp-content\\\/uploads\\\/2023\\\/11\\\/sabre-de-cavalerie-napoleonlamejpg.jpg\",\"width\":500,\"height\":500,\"caption\":\"Sabre de Troupe 1801\"},{\"@type\":\"BreadcrumbList\",\"@id\":\"https:\\\/\\\/repliquemangacine.fr\\\/armes-historiques\\\/sabre-de-troupe-1801\\\/#breadcrumb\",\"itemListElement\":[{\"@type\":\"ListItem\",\"position\":1,\"name\":\"Accueil\",\"item\":\"https:\\\/\\\/repliquemangacine.fr\\\/\"},{\"@type\":\"ListItem\",\"position\":2,\"name\":\"Produits\",\"item\":\"https:\\\/\\\/repliquemangacine.fr\\\/boutique\\\/\"},{\"@type\":\"ListItem\",\"position\":3,\"name\":\"Sabre de Troupe 1801\"}]},{\"@type\":\"WebSite\",\"@id\":\"https:\\\/\\\/repliquemangacine.fr\\\/#website\",\"url\":\"https:\\\/\\\/repliquemangacine.fr\\\/\",\"name\":\"R\u00e9plique Manga Cin\u00e9\",\"description\":\"\",\"publisher\":{\"@id\":\"https:\\\/\\\/repliquemangacine.fr\\\/#organization\"},\"potentialAction\":[{\"@type\":\"SearchAction\",\"target\":{\"@type\":\"EntryPoint\",\"urlTemplate\":\"https:\\\/\\\/repliquemangacine.fr\\\/?s={search_term_string}\"},\"query-input\":{\"@type\":\"PropertyValueSpecification\",\"valueRequired\":true,\"valueName\":\"search_term_string\"}}],\"inLanguage\":\"en-US\"},{\"@type\":\"Organization\",\"@id\":\"https:\\\/\\\/repliquemangacine.fr\\\/#organization\",\"name\":\"R\u00e9plique Manga Cin\u00e9\",\"url\":\"https:\\\/\\\/repliquemangacine.fr\\\/\",\"logo\":{\"@type\":\"ImageObject\",\"inLanguage\":\"en-US\",\"@id\":\"https:\\\/\\\/repliquemangacine.fr\\\/#\\\/schema\\\/logo\\\/image\\\/\",\"url\":\"https:\\\/\\\/repliquemangacine.fr\\\/wp-content\\\/uploads\\\/2023\\\/10\\\/RMC-500250.png\",\"contentUrl\":\"https:\\\/\\\/repliquemangacine.fr\\\/wp-content\\\/uploads\\\/2023\\\/10\\\/RMC-500250.png\",\"width\":500,\"height\":250,\"caption\":\"R\u00e9plique Manga Cin\u00e9\"},\"image\":{\"@id\":\"https:\\\/\\\/repliquemangacine.fr\\\/#\\\/schema\\\/logo\\\/image\\\/\"},\"sameAs\":[\"https:\\\/\\\/www.facebook.com\\\/RepliqueMangaCine\",\"https:\\\/\\\/www.instagram.com\\\/repliquemangacine.fr\\\/\"]}]}<\/script>\n<!-- \/ Yoast SEO plugin. -->","yoast_head_json":{"title":"Troop saber 1801 - Cavalry saber | R\u00e9plique Manga Cin\u00e9","description":"Discover this magnificent 1801 troop saber at the best price. Steel blade. Specially shaped guard in gilded steel. Metal scabbard.","robots":{"index":"index","follow":"follow","max-snippet":"max-snippet:-1","max-image-preview":"max-image-preview:large","max-video-preview":"max-video-preview:-1"},"canonical":"https:\/\/repliquemangacine.fr\/en\/historical-weapons\/troop-saber-1801\/","og_locale":"en_US","og_type":"article","og_title":"Sabre de Troupe 1801 - Sabre de cavalerie | R\u00e9plique Manga Cin\u00e9","og_description":"D\u00e9couvrez ce magnifique sabre de troupe 1801 au meilleur prix. Lame en acier. Garde de forme sp\u00e9cifique en acier dor\u00e9. Fourreau en m\u00e9tal","og_url":"https:\/\/repliquemangacine.fr\/en\/historical-weapons\/troop-saber-1801\/","og_site_name":"R\u00e9plique Manga Cin\u00e9","article_publisher":"https:\/\/www.facebook.com\/RepliqueMangaCine","article_modified_time":"2026-02-06T14:46:15+00:00","og_image":[{"width":500,"height":500,"url":"https:\/\/repliquemangacine.fr\/wp-content\/uploads\/2023\/11\/sabre-de-cavalerie-napoleonlamejpg.jpg","type":"image\/jpeg"}],"twitter_card":"summary_large_image","twitter_misc":{"Est. reading time":"3 minutes"},"schema":{"@context":"https:\/\/schema.org","@graph":[{"@type":"WebPage","@id":"https:\/\/repliquemangacine.fr\/armes-historiques\/sabre-de-troupe-1801\/","url":"https:\/\/repliquemangacine.fr\/armes-historiques\/sabre-de-troupe-1801\/","name":"Troop saber 1801 - Cavalry saber | R\u00e9plique Manga Cin\u00e9","isPartOf":{"@id":"https:\/\/repliquemangacine.fr\/#website"},"primaryImageOfPage":{"@id":"https:\/\/repliquemangacine.fr\/armes-historiques\/sabre-de-troupe-1801\/#primaryimage"},"image":{"@id":"https:\/\/repliquemangacine.fr\/armes-historiques\/sabre-de-troupe-1801\/#primaryimage"},"thumbnailUrl":"https:\/\/repliquemangacine.fr\/wp-content\/uploads\/2023\/11\/sabre-de-cavalerie-napoleonlamejpg.jpg","datePublished":"2023-11-24T15:39:35+00:00","dateModified":"2026-02-06T14:46:15+00:00","description":"Discover this magnificent 1801 troop saber at the best price. Steel blade. Specially shaped guard in gilded steel. Metal scabbard.","breadcrumb":{"@id":"https:\/\/repliquemangacine.fr\/armes-historiques\/sabre-de-troupe-1801\/#breadcrumb"},"inLanguage":"en-US","potentialAction":[{"@type":"ReadAction","target":["https:\/\/repliquemangacine.fr\/armes-historiques\/sabre-de-troupe-1801\/"]}]},{"@type":"ImageObject","inLanguage":"en-US","@id":"https:\/\/repliquemangacine.fr\/armes-historiques\/sabre-de-troupe-1801\/#primaryimage","url":"https:\/\/repliquemangacine.fr\/wp-content\/uploads\/2023\/11\/sabre-de-cavalerie-napoleonlamejpg.jpg","contentUrl":"https:\/\/repliquemangacine.fr\/wp-content\/uploads\/2023\/11\/sabre-de-cavalerie-napoleonlamejpg.jpg","width":500,"height":500,"caption":"Sabre de Troupe 1801"},{"@type":"BreadcrumbList","@id":"https:\/\/repliquemangacine.fr\/armes-historiques\/sabre-de-troupe-1801\/#breadcrumb","itemListElement":[{"@type":"ListItem","position":1,"name":"Accueil","item":"https:\/\/repliquemangacine.fr\/"},{"@type":"ListItem","position":2,"name":"Produits","item":"https:\/\/repliquemangacine.fr\/boutique\/"},{"@type":"ListItem","position":3,"name":"Sabre de Troupe 1801"}]},{"@type":"WebSite","@id":"https:\/\/repliquemangacine.fr\/#website","url":"https:\/\/repliquemangacine.fr\/","name":"R\u00e9plique Manga Cin\u00e9","description":"","publisher":{"@id":"https:\/\/repliquemangacine.fr\/#organization"},"potentialAction":[{"@type":"SearchAction","target":{"@type":"EntryPoint","urlTemplate":"https:\/\/repliquemangacine.fr\/?s={search_term_string}"},"query-input":{"@type":"PropertyValueSpecification","valueRequired":true,"valueName":"search_term_string"}}],"inLanguage":"en-US"},{"@type":"Organization","@id":"https:\/\/repliquemangacine.fr\/#organization","name":"R\u00e9plique Manga Cin\u00e9","url":"https:\/\/repliquemangacine.fr\/","logo":{"@type":"ImageObject","inLanguage":"en-US","@id":"https:\/\/repliquemangacine.fr\/#\/schema\/logo\/image\/","url":"https:\/\/repliquemangacine.fr\/wp-content\/uploads\/2023\/10\/RMC-500250.png","contentUrl":"https:\/\/repliquemangacine.fr\/wp-content\/uploads\/2023\/10\/RMC-500250.png","width":500,"height":250,"caption":"R\u00e9plique Manga Cin\u00e9"},"image":{"@id":"https:\/\/repliquemangacine.fr\/#\/schema\/logo\/image\/"},"sameAs":["https:\/\/www.facebook.com\/RepliqueMangaCine","https:\/\/www.instagram.com\/repliquemangacine.fr\/"]}]}},"_links":{"self":[{"href":"https:\/\/repliquemangacine.fr\/en\/wp-json\/wp\/v2\/product\/65854","targetHints":{"allow":["GET"]}}],"collection":[{"href":"https:\/\/repliquemangacine.fr\/en\/wp-json\/wp\/v2\/product"}],"about":[{"href":"https:\/\/repliquemangacine.fr\/en\/wp-json\/wp\/v2\/types\/product"}],"wp:featuredmedia":[{"embeddable":true,"href":"https:\/\/repliquemangacine.fr\/en\/wp-json\/wp\/v2\/media\/65863"}],"wp:attachment":[{"href":"https:\/\/repliquemangacine.fr\/en\/wp-json\/wp\/v2\/media?parent=65854"}],"wp:term":[{"taxonomy":"product_brand","embeddable":true,"href":"https:\/\/repliquemangacine.fr\/en\/wp-json\/wp\/v2\/product_brand?post=65854"},{"taxonomy":"product_cat","embeddable":true,"href":"https:\/\/repliquemangacine.fr\/en\/wp-json\/wp\/v2\/product_cat?post=65854"},{"taxonomy":"product_tag","embeddable":true,"href":"https:\/\/repliquemangacine.fr\/en\/wp-json\/wp\/v2\/product_tag?post=65854"}],"curies":[{"name":"wp","href":"https:\/\/api.w.org\/{rel}","templated":true}]}}