





{"id":65781,"date":"2023-11-22T15:49:09","date_gmt":"2023-11-22T14:49:09","guid":{"rendered":"https:\/\/repliquemangacine.fr\/?post_type=product&#038;p=65781"},"modified":"2026-03-04T17:08:07","modified_gmt":"2026-03-04T16:08:07","slug":"epee-duhtred-the-last-kingdom","status":"publish","type":"product","link":"https:\/\/repliquemangacine.fr\/en\/films-series-tv-vente-de-katana-epee-et-produits-derives\/epee-duhtred-the-last-kingdom\/","title":{"rendered":"Uhtred's sword Last Kingdom"},"content":{"rendered":"<h2>The Uhtred Sword Replica: A Historical Piece<\/h2>\n<p>Firstly, the<strong>Uhtred's sword<\/strong> the main character in \"The Last Kingdom\" series, is more than just a weapon; it's a symbol of bravery and honor.<\/p>\n<p>Named \"Serpent-Breath\", it is Uhtred's constant companion in battle and adventure. Used in many duels and battles throughout the series. Demonstrating its importance not only as a weapon, but also as an extension of Uhtred's personality.<\/p>\n<h3>Sword of Uhtred: An Artefact for Enthusiasts<\/h3>\n<p>This faithful replica has been carefully crafted from the original weapon used in the series.<\/p>\n<p>Every detail of the replica is carefully designed to reflect the quality and style of the period, making this sword an ideal collector's item for history buffs and fans of the series.<\/p>\n<h2>Your Sword of Uhtred at the best value for money<\/h2>\n<p>At R\u00e9plique Manga Cine, the emphasis is on quality without compromising price. We specialize in the sale of high-quality medieval and Viking replica swords.  Our range includes faithful reproductions of iconic weapons from famous TV series, films and historical sagas.<\/p>\n<p>Take the example of<a href=\"https:\/\/repliquemangacine.fr\/en\/swords-tv-series-vikings\/replica-of-king-ragnar-lothbroks-sword-from-the-tv-series-vikings\/\">Ragnar Lothbrok's sword<\/a> with its engraved blade and handle featuring numerous small details. Among the historical weapons on offer are the<a href=\"https:\/\/repliquemangacine.fr\/en\/medieval-templar-sword\/epee-richard-coeur-de-lion-coeur\/\">Richard the Lionheart's sword<\/a> with its sublime Denix engravings.<\/p>\n<h3>Invest in quality without breaking the bank<\/h3>\n<p>We offer a unique experience for collectors and enthusiasts. Allowing them to own a piece of medieval and Viking history and culture. With excellent value for money, our replicas are ideal for history buffs, film fans and re-enactment enthusiasts.<\/p>\n<h2>How to care for your sword blade<\/h2>\n<p>Firstly, collector's and decorative swords, made and assembled in a simplified manner. As their use is decorative, they lack the safety features required of a Japanese sword intended for training.<\/p>\n<p>However, your <strong>Uhtred sword <\/strong>in the Netflix series <a href=\"https:\/\/the-last-kingdom.fandom.com\/wiki\/The_Last_Kingdom_Wiki\" target=\"_blank\" rel=\"noopener noreferrer\">The Last Kingdom<\/a> to a steel blade that needs to be maintained to prevent damage over time. In fact, when you display your sword, your friends will be curious to see the blade and touch it. This is where care is needed. Finger acidity is very harmful to steel, whatever its quality.<\/p>\n<p>However, if this does happen, don't panic, all you need is a cloth dampened with a little oil and a wipe of fingerprints.<br \/>\nSo, by doing so, you'll keep your sword for a very long time.<\/p>","protected":false},"excerpt":{"rendered":"<p>Superb replica of the Utrecht sword in The Last Kingdom series<\/p>\n<ul>\n<li>440 steel blade with groove<\/li>\n<li>Handle covered in brown imitation leather<\/li>\n<li>Steel knob surrounding a resin stone<\/li>\n<li>Solid steel guard<\/li>\n<li>Supplied with decorated wall bracket<\/li>\n<li>Total length: 100 cm<\/li>\n<\/ul>","protected":false},"featured_media":65786,"template":"","meta":[],"product_brand":[896],"product_cat":[91,66,24,103],"product_tag":[],"class_list":{"0":"post-65781","1":"product","2":"type-product","3":"status-publish","4":"has-post-thumbnail","6":"product_brand-replique-manga-cine","7":"product_cat-katana-les-epees-de-films-et-series","8":"product_cat-repliques-d-armes-films-et-series","9":"product_cat-films-series-tv-vente-de-katana-epee-et-produits-derives","10":"product_cat-armes-et-accessoires-vikings","12":"first","13":"instock","14":"taxable","15":"shipping-taxable","16":"purchasable","17":"product-type-simple"},"yoast_head":"<!-- This site is optimized with the Yoast SEO plugin v27.5 - https:\/\/yoast.com\/product\/yoast-seo-wordpress\/ -->\n<title>\u00c9p\u00e9e d&#039;Uhtred Last Kingdom - R\u00e9plique Manga Cin\u00e9<\/title>\n<meta name=\"description\" content=\"Venez d\u00e9couvrir cette superbe \u00c9p\u00e9e d&#039;Uhtred dans The Last Kingdom au meilleur prix. Lame en acier inox. Poign\u00e9e similicuir. Support mural. L. 100 cm\" \/>\n<meta name=\"robots\" content=\"index, follow, max-snippet:-1, max-image-preview:large, max-video-preview:-1\" \/>\n<link rel=\"canonical\" href=\"https:\/\/repliquemangacine.fr\/en\/films-tv-series-sale-of-katana-sword-and-related-products\/epee-duhtred-the-last-kingdom\/\" \/>\n<meta property=\"og:locale\" content=\"en_US\" \/>\n<meta property=\"og:type\" content=\"article\" \/>\n<meta property=\"og:title\" content=\"\u00c9p\u00e9e d&#039;Uhtred Last Kingdom - R\u00e9plique Manga Cin\u00e9\" \/>\n<meta property=\"og:description\" content=\"Venez d\u00e9couvrir cette superbe \u00c9p\u00e9e d&#039;Uhtred dans The Last Kingdom au meilleur prix. Lame en acier inox. Poign\u00e9e similicuir. Support mural. L. 100 cm\" \/>\n<meta property=\"og:url\" content=\"https:\/\/repliquemangacine.fr\/en\/films-tv-series-sale-of-katana-sword-and-related-products\/epee-duhtred-the-last-kingdom\/\" \/>\n<meta property=\"og:site_name\" content=\"R\u00e9plique Manga Cin\u00e9\" \/>\n<meta property=\"article:publisher\" content=\"https:\/\/www.facebook.com\/RepliqueMangaCine\" \/>\n<meta property=\"article:modified_time\" content=\"2026-03-04T16:08:07+00:00\" \/>\n<meta property=\"og:image\" content=\"https:\/\/repliquemangacine.fr\/wp-content\/uploads\/2023\/11\/Epee-dUtrecht-the-Last-Kingdom.jpg\" \/>\n\t<meta property=\"og:image:width\" content=\"500\" \/>\n\t<meta property=\"og:image:height\" content=\"500\" \/>\n\t<meta property=\"og:image:type\" content=\"image\/jpeg\" \/>\n<meta name=\"twitter:card\" content=\"summary_large_image\" \/>\n<meta name=\"twitter:label1\" content=\"Est. reading time\" \/>\n\t<meta name=\"twitter:data1\" content=\"3 minutes\" \/>\n<script type=\"application\/ld+json\" class=\"yoast-schema-graph\">{\"@context\":\"https:\\\/\\\/schema.org\",\"@graph\":[{\"@type\":\"WebPage\",\"@id\":\"https:\\\/\\\/repliquemangacine.fr\\\/films-series-tv-vente-de-katana-epee-et-produits-derives\\\/epee-duhtred-the-last-kingdom\\\/\",\"url\":\"https:\\\/\\\/repliquemangacine.fr\\\/films-series-tv-vente-de-katana-epee-et-produits-derives\\\/epee-duhtred-the-last-kingdom\\\/\",\"name\":\"\u00c9p\u00e9e d'Uhtred Last Kingdom - R\u00e9plique Manga Cin\u00e9\",\"isPartOf\":{\"@id\":\"https:\\\/\\\/repliquemangacine.fr\\\/#website\"},\"primaryImageOfPage\":{\"@id\":\"https:\\\/\\\/repliquemangacine.fr\\\/films-series-tv-vente-de-katana-epee-et-produits-derives\\\/epee-duhtred-the-last-kingdom\\\/#primaryimage\"},\"image\":{\"@id\":\"https:\\\/\\\/repliquemangacine.fr\\\/films-series-tv-vente-de-katana-epee-et-produits-derives\\\/epee-duhtred-the-last-kingdom\\\/#primaryimage\"},\"thumbnailUrl\":\"https:\\\/\\\/repliquemangacine.fr\\\/wp-content\\\/uploads\\\/2023\\\/11\\\/Epee-dUtrecht-the-Last-Kingdom.jpg\",\"datePublished\":\"2023-11-22T14:49:09+00:00\",\"dateModified\":\"2026-03-04T16:08:07+00:00\",\"description\":\"Venez d\u00e9couvrir cette superbe \u00c9p\u00e9e d'Uhtred dans The Last Kingdom au meilleur prix. Lame en acier inox. Poign\u00e9e similicuir. Support mural. L. 100 cm\",\"breadcrumb\":{\"@id\":\"https:\\\/\\\/repliquemangacine.fr\\\/films-series-tv-vente-de-katana-epee-et-produits-derives\\\/epee-duhtred-the-last-kingdom\\\/#breadcrumb\"},\"inLanguage\":\"en-US\",\"potentialAction\":[{\"@type\":\"ReadAction\",\"target\":[\"https:\\\/\\\/repliquemangacine.fr\\\/films-series-tv-vente-de-katana-epee-et-produits-derives\\\/epee-duhtred-the-last-kingdom\\\/\"]}]},{\"@type\":\"ImageObject\",\"inLanguage\":\"en-US\",\"@id\":\"https:\\\/\\\/repliquemangacine.fr\\\/films-series-tv-vente-de-katana-epee-et-produits-derives\\\/epee-duhtred-the-last-kingdom\\\/#primaryimage\",\"url\":\"https:\\\/\\\/repliquemangacine.fr\\\/wp-content\\\/uploads\\\/2023\\\/11\\\/Epee-dUtrecht-the-Last-Kingdom.jpg\",\"contentUrl\":\"https:\\\/\\\/repliquemangacine.fr\\\/wp-content\\\/uploads\\\/2023\\\/11\\\/Epee-dUtrecht-the-Last-Kingdom.jpg\",\"width\":500,\"height\":500,\"caption\":\"\u00c9p\u00e9e Uhtred The Last Kingdom\"},{\"@type\":\"BreadcrumbList\",\"@id\":\"https:\\\/\\\/repliquemangacine.fr\\\/films-series-tv-vente-de-katana-epee-et-produits-derives\\\/epee-duhtred-the-last-kingdom\\\/#breadcrumb\",\"itemListElement\":[{\"@type\":\"ListItem\",\"position\":1,\"name\":\"Accueil\",\"item\":\"https:\\\/\\\/repliquemangacine.fr\\\/\"},{\"@type\":\"ListItem\",\"position\":2,\"name\":\"Produits\",\"item\":\"https:\\\/\\\/repliquemangacine.fr\\\/boutique\\\/\"},{\"@type\":\"ListItem\",\"position\":3,\"name\":\"\u00c9p\u00e9e d&#8217;Uhtred Last Kingdom\"}]},{\"@type\":\"WebSite\",\"@id\":\"https:\\\/\\\/repliquemangacine.fr\\\/#website\",\"url\":\"https:\\\/\\\/repliquemangacine.fr\\\/\",\"name\":\"R\u00e9plique Manga Cin\u00e9\",\"description\":\"\",\"publisher\":{\"@id\":\"https:\\\/\\\/repliquemangacine.fr\\\/#organization\"},\"potentialAction\":[{\"@type\":\"SearchAction\",\"target\":{\"@type\":\"EntryPoint\",\"urlTemplate\":\"https:\\\/\\\/repliquemangacine.fr\\\/?s={search_term_string}\"},\"query-input\":{\"@type\":\"PropertyValueSpecification\",\"valueRequired\":true,\"valueName\":\"search_term_string\"}}],\"inLanguage\":\"en-US\"},{\"@type\":\"Organization\",\"@id\":\"https:\\\/\\\/repliquemangacine.fr\\\/#organization\",\"name\":\"R\u00e9plique Manga Cin\u00e9\",\"url\":\"https:\\\/\\\/repliquemangacine.fr\\\/\",\"logo\":{\"@type\":\"ImageObject\",\"inLanguage\":\"en-US\",\"@id\":\"https:\\\/\\\/repliquemangacine.fr\\\/#\\\/schema\\\/logo\\\/image\\\/\",\"url\":\"https:\\\/\\\/repliquemangacine.fr\\\/wp-content\\\/uploads\\\/2023\\\/10\\\/RMC-500250.png\",\"contentUrl\":\"https:\\\/\\\/repliquemangacine.fr\\\/wp-content\\\/uploads\\\/2023\\\/10\\\/RMC-500250.png\",\"width\":500,\"height\":250,\"caption\":\"R\u00e9plique Manga Cin\u00e9\"},\"image\":{\"@id\":\"https:\\\/\\\/repliquemangacine.fr\\\/#\\\/schema\\\/logo\\\/image\\\/\"},\"sameAs\":[\"https:\\\/\\\/www.facebook.com\\\/RepliqueMangaCine\",\"https:\\\/\\\/www.instagram.com\\\/repliquemangacine.fr\\\/\"]}]}<\/script>\n<!-- \/ Yoast SEO plugin. -->","yoast_head_json":{"title":"Uhtred's sword Last Kingdom - R\u00e9plique Manga Cin\u00e9","description":"Discover this superb Sword of Uhtred in The Last Kingdom at the best price. Stainless steel blade. Leatherette handle. Wall bracket. L. 100 cm","robots":{"index":"index","follow":"follow","max-snippet":"max-snippet:-1","max-image-preview":"max-image-preview:large","max-video-preview":"max-video-preview:-1"},"canonical":"https:\/\/repliquemangacine.fr\/en\/films-tv-series-sale-of-katana-sword-and-related-products\/epee-duhtred-the-last-kingdom\/","og_locale":"en_US","og_type":"article","og_title":"\u00c9p\u00e9e d'Uhtred Last Kingdom - R\u00e9plique Manga Cin\u00e9","og_description":"Venez d\u00e9couvrir cette superbe \u00c9p\u00e9e d'Uhtred dans The Last Kingdom au meilleur prix. Lame en acier inox. Poign\u00e9e similicuir. Support mural. L. 100 cm","og_url":"https:\/\/repliquemangacine.fr\/en\/films-tv-series-sale-of-katana-sword-and-related-products\/epee-duhtred-the-last-kingdom\/","og_site_name":"R\u00e9plique Manga Cin\u00e9","article_publisher":"https:\/\/www.facebook.com\/RepliqueMangaCine","article_modified_time":"2026-03-04T16:08:07+00:00","og_image":[{"width":500,"height":500,"url":"https:\/\/repliquemangacine.fr\/wp-content\/uploads\/2023\/11\/Epee-dUtrecht-the-Last-Kingdom.jpg","type":"image\/jpeg"}],"twitter_card":"summary_large_image","twitter_misc":{"Est. reading time":"3 minutes"},"schema":{"@context":"https:\/\/schema.org","@graph":[{"@type":"WebPage","@id":"https:\/\/repliquemangacine.fr\/films-series-tv-vente-de-katana-epee-et-produits-derives\/epee-duhtred-the-last-kingdom\/","url":"https:\/\/repliquemangacine.fr\/films-series-tv-vente-de-katana-epee-et-produits-derives\/epee-duhtred-the-last-kingdom\/","name":"Uhtred's sword Last Kingdom - R\u00e9plique Manga Cin\u00e9","isPartOf":{"@id":"https:\/\/repliquemangacine.fr\/#website"},"primaryImageOfPage":{"@id":"https:\/\/repliquemangacine.fr\/films-series-tv-vente-de-katana-epee-et-produits-derives\/epee-duhtred-the-last-kingdom\/#primaryimage"},"image":{"@id":"https:\/\/repliquemangacine.fr\/films-series-tv-vente-de-katana-epee-et-produits-derives\/epee-duhtred-the-last-kingdom\/#primaryimage"},"thumbnailUrl":"https:\/\/repliquemangacine.fr\/wp-content\/uploads\/2023\/11\/Epee-dUtrecht-the-Last-Kingdom.jpg","datePublished":"2023-11-22T14:49:09+00:00","dateModified":"2026-03-04T16:08:07+00:00","description":"Discover this superb Sword of Uhtred in The Last Kingdom at the best price. Stainless steel blade. Leatherette handle. Wall bracket. L. 100 cm","breadcrumb":{"@id":"https:\/\/repliquemangacine.fr\/films-series-tv-vente-de-katana-epee-et-produits-derives\/epee-duhtred-the-last-kingdom\/#breadcrumb"},"inLanguage":"en-US","potentialAction":[{"@type":"ReadAction","target":["https:\/\/repliquemangacine.fr\/films-series-tv-vente-de-katana-epee-et-produits-derives\/epee-duhtred-the-last-kingdom\/"]}]},{"@type":"ImageObject","inLanguage":"en-US","@id":"https:\/\/repliquemangacine.fr\/films-series-tv-vente-de-katana-epee-et-produits-derives\/epee-duhtred-the-last-kingdom\/#primaryimage","url":"https:\/\/repliquemangacine.fr\/wp-content\/uploads\/2023\/11\/Epee-dUtrecht-the-Last-Kingdom.jpg","contentUrl":"https:\/\/repliquemangacine.fr\/wp-content\/uploads\/2023\/11\/Epee-dUtrecht-the-Last-Kingdom.jpg","width":500,"height":500,"caption":"\u00c9p\u00e9e Uhtred The Last Kingdom"},{"@type":"BreadcrumbList","@id":"https:\/\/repliquemangacine.fr\/films-series-tv-vente-de-katana-epee-et-produits-derives\/epee-duhtred-the-last-kingdom\/#breadcrumb","itemListElement":[{"@type":"ListItem","position":1,"name":"Accueil","item":"https:\/\/repliquemangacine.fr\/"},{"@type":"ListItem","position":2,"name":"Produits","item":"https:\/\/repliquemangacine.fr\/boutique\/"},{"@type":"ListItem","position":3,"name":"\u00c9p\u00e9e d&#8217;Uhtred Last Kingdom"}]},{"@type":"WebSite","@id":"https:\/\/repliquemangacine.fr\/#website","url":"https:\/\/repliquemangacine.fr\/","name":"R\u00e9plique Manga Cin\u00e9","description":"","publisher":{"@id":"https:\/\/repliquemangacine.fr\/#organization"},"potentialAction":[{"@type":"SearchAction","target":{"@type":"EntryPoint","urlTemplate":"https:\/\/repliquemangacine.fr\/?s={search_term_string}"},"query-input":{"@type":"PropertyValueSpecification","valueRequired":true,"valueName":"search_term_string"}}],"inLanguage":"en-US"},{"@type":"Organization","@id":"https:\/\/repliquemangacine.fr\/#organization","name":"R\u00e9plique Manga Cin\u00e9","url":"https:\/\/repliquemangacine.fr\/","logo":{"@type":"ImageObject","inLanguage":"en-US","@id":"https:\/\/repliquemangacine.fr\/#\/schema\/logo\/image\/","url":"https:\/\/repliquemangacine.fr\/wp-content\/uploads\/2023\/10\/RMC-500250.png","contentUrl":"https:\/\/repliquemangacine.fr\/wp-content\/uploads\/2023\/10\/RMC-500250.png","width":500,"height":250,"caption":"R\u00e9plique Manga Cin\u00e9"},"image":{"@id":"https:\/\/repliquemangacine.fr\/#\/schema\/logo\/image\/"},"sameAs":["https:\/\/www.facebook.com\/RepliqueMangaCine","https:\/\/www.instagram.com\/repliquemangacine.fr\/"]}]}},"_links":{"self":[{"href":"https:\/\/repliquemangacine.fr\/en\/wp-json\/wp\/v2\/product\/65781","targetHints":{"allow":["GET"]}}],"collection":[{"href":"https:\/\/repliquemangacine.fr\/en\/wp-json\/wp\/v2\/product"}],"about":[{"href":"https:\/\/repliquemangacine.fr\/en\/wp-json\/wp\/v2\/types\/product"}],"wp:featuredmedia":[{"embeddable":true,"href":"https:\/\/repliquemangacine.fr\/en\/wp-json\/wp\/v2\/media\/65786"}],"wp:attachment":[{"href":"https:\/\/repliquemangacine.fr\/en\/wp-json\/wp\/v2\/media?parent=65781"}],"wp:term":[{"taxonomy":"product_brand","embeddable":true,"href":"https:\/\/repliquemangacine.fr\/en\/wp-json\/wp\/v2\/product_brand?post=65781"},{"taxonomy":"product_cat","embeddable":true,"href":"https:\/\/repliquemangacine.fr\/en\/wp-json\/wp\/v2\/product_cat?post=65781"},{"taxonomy":"product_tag","embeddable":true,"href":"https:\/\/repliquemangacine.fr\/en\/wp-json\/wp\/v2\/product_tag?post=65781"}],"curies":[{"name":"wp","href":"https:\/\/api.w.org\/{rel}","templated":true}]}}