





{"id":65741,"date":"2023-11-21T18:20:35","date_gmt":"2023-11-21T17:20:35","guid":{"rendered":"https:\/\/repliquemangacine.fr\/?post_type=product&#038;p=65741"},"modified":"2025-12-30T21:14:10","modified_gmt":"2025-12-30T20:14:10","slug":"epee-heartsbane-game-of-thrones","status":"publish","type":"product","link":"https:\/\/repliquemangacine.fr\/en\/game-of-thrones\/epee-heartsbane-game-of-thrones\/","title":{"rendered":"Sword Heartsbane Game of Thrones"},"content":{"rendered":"<h2>The Heartsbane sword in Game of Thrones<\/h2>\n<p>Firstly, the<strong>Heartsbane sword<\/strong>or <a href=\"https:\/\/gameofthrones.fandom.com\/fr\/wiki\/Corvenin\" target=\"_blank\" rel=\"noopener noreferrer\">Corvenin<\/a> occupies a special place in the \u201cGame of Thrones\u201d universe. This ancestral sword, symbol of House Tarly, is forged in Valyrian steel, a rare and extremely resistant material.<\/p>\n<p>For centuries, Corvenin belonged to the Tarly family. It sat above a fireplace in the family home before Samwell stole it. He gave it as a gift to Jorah Mormont for use in the battle against the White Walkers.<\/p>\n<h3>A Symbol of Power and Tradition<\/h3>\n<p>In the series, Heartsbane represents much more than just a weapon. It embodies the pride and honor of the House of Tarly, handed down from generation to generation.<\/p>\n<p>Her presence in the series underlines the importance of heritage and power within the great houses of Westeros.<\/p>\n<h2>Game of Thrones Swords at Affordable Prices<\/h2>\n<p>R\u00e9plique Manga Cin\u00e9 presents an attractive collection of \u201cGame of Thrones\u201d swords, combining quality and value for money. This selection is ideal for fans looking for both authenticity and affordability.<\/p>\n<p>Our range includes iconic pieces such as the\u2019<a href=\"https:\/\/repliquemangacine.fr\/en\/game-of-thrones-swords\/epee-needle-arya-stark-game-of-thrones\/\">Arya's Needle sword<\/a> Stark, Brienne de Tarth's famous Oathkeeper, and of course, the famous <a href=\"https:\/\/repliquemangacine.fr\/en\/game-of-thrones-swords\/jon-snow-sword-grand-griffe-game-of-thrones\/\">Jon Snow's sword Grand-Griffe<\/a>.<\/p>\n<h3>Replica quality and fidelity<\/h3>\n<p>Made from the finest materials, these swords are not just collectors' items, but nuggets for fans of the series. Their meticulous craftsmanship guarantees fidelity to the details seen in the series, with intricate engravings and high-quality finishes.<\/p>\n<p>At RMC, we're proud to offer these iconic swords at affordable prices. Allowing \u201cGame of Thrones\u201d fans to own a piece of their favorite series without compromising on quality.<\/p>\n<h2>How to maintain the blade of your Heartsbane sword?<\/h2>\n<p>Firstly, collector's and decorative swords, manufactured and assembled in a simplified manner. As their use is decorative, they lack the safety features required of a Japanese sword intended for training. However, your <strong>Heartsbane sword<\/strong> in Game of Thrones has a steel blade that needs to be maintained to prevent damage over time.<\/p>\n<p>You'll be exposing your sword, and your friends will be curious to see the blade and touch it. This is where you need to be careful. Finger acidity is very harmful to steel, whatever its quality.<\/p>\n<p>However, if this does happen, don't panic, all you need is a cloth dampened with a little oil and wipe off any fingerprints. So, if you do this, you'll keep your sword for a very long time.<\/p>","protected":false},"excerpt":{"rendered":"<p>Superb replica of the Heartsbane sword from House Tarly in Game of Thrones<\/p>\n<ul>\n<li>Stainless steel blade with groove<\/li>\n<li>Bronze funition steel guard, finely decorated with the two archers<\/li>\n<li>Bronze-finish solid steel knob<\/li>\n<li>Wooden handle<\/li>\n<li>Supplied with a wooden wall plaque featuring an archer.<\/li>\n<li>Blade length 82 cm - Total length 107 cm<\/li>\n<li>Weight: 1875 gr<\/li>\n<\/ul>","protected":false},"featured_media":75704,"template":"","meta":[],"product_brand":[896],"product_cat":[72,47],"product_tag":[],"class_list":{"0":"post-65741","1":"product","2":"type-product","3":"status-publish","4":"has-post-thumbnail","6":"product_brand-replique-manga-cine","7":"product_cat-epees-game-of-thrones","8":"product_cat-game-of-thrones","10":"first","11":"instock","12":"sale","13":"taxable","14":"shipping-taxable","15":"purchasable","16":"product-type-simple"},"yoast_head":"<!-- This site is optimized with the Yoast SEO plugin v27.5 - https:\/\/yoast.com\/product\/yoast-seo-wordpress\/ -->\n<title>\u00c9p\u00e9e Heartsbane Game of Thrones | R\u00e9plique Manga Cin\u00e9<\/title>\n<meta name=\"description\" content=\"D\u00e9couvrez cette superbe r\u00e9plique de l&#039;\u00c9p\u00e9e Heartsbane dans Game of Thrones au meilleur prix. Lame en acier. Garde en m\u00e9tal finement d\u00e9cor\u00e9e. L. 120 cm\" \/>\n<meta name=\"robots\" content=\"index, follow, max-snippet:-1, max-image-preview:large, max-video-preview:-1\" \/>\n<link rel=\"canonical\" href=\"https:\/\/repliquemangacine.fr\/en\/game-of-thrones\/epee-heartsbane-game-of-thrones\/\" \/>\n<meta property=\"og:locale\" content=\"en_US\" \/>\n<meta property=\"og:type\" content=\"article\" \/>\n<meta property=\"og:title\" content=\"\u00c9p\u00e9e Heartsbane Game of Thrones | R\u00e9plique Manga Cin\u00e9\" \/>\n<meta property=\"og:description\" content=\"D\u00e9couvrez cette superbe r\u00e9plique de l&#039;\u00c9p\u00e9e Heartsbane dans Game of Thrones au meilleur prix. Lame en acier. Garde en m\u00e9tal finement d\u00e9cor\u00e9e. L. 120 cm\" \/>\n<meta property=\"og:url\" content=\"https:\/\/repliquemangacine.fr\/en\/game-of-thrones\/epee-heartsbane-game-of-thrones\/\" \/>\n<meta property=\"og:site_name\" content=\"R\u00e9plique Manga Cin\u00e9\" \/>\n<meta property=\"article:publisher\" content=\"https:\/\/www.facebook.com\/RepliqueMangaCine\" \/>\n<meta property=\"article:modified_time\" content=\"2025-12-30T20:14:10+00:00\" \/>\n<meta property=\"og:image\" content=\"https:\/\/repliquemangacine.fr\/wp-content\/uploads\/2023\/11\/epee-tally.jpg\" \/>\n\t<meta property=\"og:image:width\" content=\"500\" \/>\n\t<meta property=\"og:image:height\" content=\"500\" \/>\n\t<meta property=\"og:image:type\" content=\"image\/jpeg\" \/>\n<meta name=\"twitter:card\" content=\"summary_large_image\" \/>\n<meta name=\"twitter:label1\" content=\"Est. reading time\" \/>\n\t<meta name=\"twitter:data1\" content=\"3 minutes\" \/>\n<script type=\"application\/ld+json\" class=\"yoast-schema-graph\">{\"@context\":\"https:\\\/\\\/schema.org\",\"@graph\":[{\"@type\":\"WebPage\",\"@id\":\"https:\\\/\\\/repliquemangacine.fr\\\/game-of-thrones\\\/epee-heartsbane-game-of-thrones\\\/\",\"url\":\"https:\\\/\\\/repliquemangacine.fr\\\/game-of-thrones\\\/epee-heartsbane-game-of-thrones\\\/\",\"name\":\"\u00c9p\u00e9e Heartsbane Game of Thrones | R\u00e9plique Manga Cin\u00e9\",\"isPartOf\":{\"@id\":\"https:\\\/\\\/repliquemangacine.fr\\\/#website\"},\"primaryImageOfPage\":{\"@id\":\"https:\\\/\\\/repliquemangacine.fr\\\/game-of-thrones\\\/epee-heartsbane-game-of-thrones\\\/#primaryimage\"},\"image\":{\"@id\":\"https:\\\/\\\/repliquemangacine.fr\\\/game-of-thrones\\\/epee-heartsbane-game-of-thrones\\\/#primaryimage\"},\"thumbnailUrl\":\"https:\\\/\\\/repliquemangacine.fr\\\/wp-content\\\/uploads\\\/2023\\\/11\\\/epee-tally.jpg\",\"datePublished\":\"2023-11-21T17:20:35+00:00\",\"dateModified\":\"2025-12-30T20:14:10+00:00\",\"description\":\"D\u00e9couvrez cette superbe r\u00e9plique de l'\u00c9p\u00e9e Heartsbane dans Game of Thrones au meilleur prix. Lame en acier. Garde en m\u00e9tal finement d\u00e9cor\u00e9e. L. 120 cm\",\"breadcrumb\":{\"@id\":\"https:\\\/\\\/repliquemangacine.fr\\\/game-of-thrones\\\/epee-heartsbane-game-of-thrones\\\/#breadcrumb\"},\"inLanguage\":\"en-US\",\"potentialAction\":[{\"@type\":\"ReadAction\",\"target\":[\"https:\\\/\\\/repliquemangacine.fr\\\/game-of-thrones\\\/epee-heartsbane-game-of-thrones\\\/\"]}]},{\"@type\":\"ImageObject\",\"inLanguage\":\"en-US\",\"@id\":\"https:\\\/\\\/repliquemangacine.fr\\\/game-of-thrones\\\/epee-heartsbane-game-of-thrones\\\/#primaryimage\",\"url\":\"https:\\\/\\\/repliquemangacine.fr\\\/wp-content\\\/uploads\\\/2023\\\/11\\\/epee-tally.jpg\",\"contentUrl\":\"https:\\\/\\\/repliquemangacine.fr\\\/wp-content\\\/uploads\\\/2023\\\/11\\\/epee-tally.jpg\",\"width\":500,\"height\":500,\"caption\":\"\u00c9p\u00e9e Heartsbane Game of Thrones Maison Tarly\"},{\"@type\":\"BreadcrumbList\",\"@id\":\"https:\\\/\\\/repliquemangacine.fr\\\/game-of-thrones\\\/epee-heartsbane-game-of-thrones\\\/#breadcrumb\",\"itemListElement\":[{\"@type\":\"ListItem\",\"position\":1,\"name\":\"Accueil\",\"item\":\"https:\\\/\\\/repliquemangacine.fr\\\/\"},{\"@type\":\"ListItem\",\"position\":2,\"name\":\"Produits\",\"item\":\"https:\\\/\\\/repliquemangacine.fr\\\/boutique\\\/\"},{\"@type\":\"ListItem\",\"position\":3,\"name\":\"\u00c9p\u00e9e Heartsbane Game of Thrones\"}]},{\"@type\":\"WebSite\",\"@id\":\"https:\\\/\\\/repliquemangacine.fr\\\/#website\",\"url\":\"https:\\\/\\\/repliquemangacine.fr\\\/\",\"name\":\"R\u00e9plique Manga Cin\u00e9\",\"description\":\"\",\"publisher\":{\"@id\":\"https:\\\/\\\/repliquemangacine.fr\\\/#organization\"},\"potentialAction\":[{\"@type\":\"SearchAction\",\"target\":{\"@type\":\"EntryPoint\",\"urlTemplate\":\"https:\\\/\\\/repliquemangacine.fr\\\/?s={search_term_string}\"},\"query-input\":{\"@type\":\"PropertyValueSpecification\",\"valueRequired\":true,\"valueName\":\"search_term_string\"}}],\"inLanguage\":\"en-US\"},{\"@type\":\"Organization\",\"@id\":\"https:\\\/\\\/repliquemangacine.fr\\\/#organization\",\"name\":\"R\u00e9plique Manga Cin\u00e9\",\"url\":\"https:\\\/\\\/repliquemangacine.fr\\\/\",\"logo\":{\"@type\":\"ImageObject\",\"inLanguage\":\"en-US\",\"@id\":\"https:\\\/\\\/repliquemangacine.fr\\\/#\\\/schema\\\/logo\\\/image\\\/\",\"url\":\"https:\\\/\\\/repliquemangacine.fr\\\/wp-content\\\/uploads\\\/2023\\\/10\\\/RMC-500250.png\",\"contentUrl\":\"https:\\\/\\\/repliquemangacine.fr\\\/wp-content\\\/uploads\\\/2023\\\/10\\\/RMC-500250.png\",\"width\":500,\"height\":250,\"caption\":\"R\u00e9plique Manga Cin\u00e9\"},\"image\":{\"@id\":\"https:\\\/\\\/repliquemangacine.fr\\\/#\\\/schema\\\/logo\\\/image\\\/\"},\"sameAs\":[\"https:\\\/\\\/www.facebook.com\\\/RepliqueMangaCine\",\"https:\\\/\\\/www.instagram.com\\\/repliquemangacine.fr\\\/\"]}]}<\/script>\n<!-- \/ Yoast SEO plugin. -->","yoast_head_json":{"title":"Sword Heartsbane Game of Thrones | R\u00e9plique Manga Cin\u00e9","description":"Discover this superb replica of the Heartsbane Sword in Game of Thrones at the best price. Steel blade. Finely decorated metal guard. L. 120 cm","robots":{"index":"index","follow":"follow","max-snippet":"max-snippet:-1","max-image-preview":"max-image-preview:large","max-video-preview":"max-video-preview:-1"},"canonical":"https:\/\/repliquemangacine.fr\/en\/game-of-thrones\/epee-heartsbane-game-of-thrones\/","og_locale":"en_US","og_type":"article","og_title":"\u00c9p\u00e9e Heartsbane Game of Thrones | R\u00e9plique Manga Cin\u00e9","og_description":"D\u00e9couvrez cette superbe r\u00e9plique de l'\u00c9p\u00e9e Heartsbane dans Game of Thrones au meilleur prix. Lame en acier. Garde en m\u00e9tal finement d\u00e9cor\u00e9e. L. 120 cm","og_url":"https:\/\/repliquemangacine.fr\/en\/game-of-thrones\/epee-heartsbane-game-of-thrones\/","og_site_name":"R\u00e9plique Manga Cin\u00e9","article_publisher":"https:\/\/www.facebook.com\/RepliqueMangaCine","article_modified_time":"2025-12-30T20:14:10+00:00","og_image":[{"width":500,"height":500,"url":"https:\/\/repliquemangacine.fr\/wp-content\/uploads\/2023\/11\/epee-tally.jpg","type":"image\/jpeg"}],"twitter_card":"summary_large_image","twitter_misc":{"Est. reading time":"3 minutes"},"schema":{"@context":"https:\/\/schema.org","@graph":[{"@type":"WebPage","@id":"https:\/\/repliquemangacine.fr\/game-of-thrones\/epee-heartsbane-game-of-thrones\/","url":"https:\/\/repliquemangacine.fr\/game-of-thrones\/epee-heartsbane-game-of-thrones\/","name":"Sword Heartsbane Game of Thrones | R\u00e9plique Manga Cin\u00e9","isPartOf":{"@id":"https:\/\/repliquemangacine.fr\/#website"},"primaryImageOfPage":{"@id":"https:\/\/repliquemangacine.fr\/game-of-thrones\/epee-heartsbane-game-of-thrones\/#primaryimage"},"image":{"@id":"https:\/\/repliquemangacine.fr\/game-of-thrones\/epee-heartsbane-game-of-thrones\/#primaryimage"},"thumbnailUrl":"https:\/\/repliquemangacine.fr\/wp-content\/uploads\/2023\/11\/epee-tally.jpg","datePublished":"2023-11-21T17:20:35+00:00","dateModified":"2025-12-30T20:14:10+00:00","description":"Discover this superb replica of the Heartsbane Sword in Game of Thrones at the best price. Steel blade. Finely decorated metal guard. L. 120 cm","breadcrumb":{"@id":"https:\/\/repliquemangacine.fr\/game-of-thrones\/epee-heartsbane-game-of-thrones\/#breadcrumb"},"inLanguage":"en-US","potentialAction":[{"@type":"ReadAction","target":["https:\/\/repliquemangacine.fr\/game-of-thrones\/epee-heartsbane-game-of-thrones\/"]}]},{"@type":"ImageObject","inLanguage":"en-US","@id":"https:\/\/repliquemangacine.fr\/game-of-thrones\/epee-heartsbane-game-of-thrones\/#primaryimage","url":"https:\/\/repliquemangacine.fr\/wp-content\/uploads\/2023\/11\/epee-tally.jpg","contentUrl":"https:\/\/repliquemangacine.fr\/wp-content\/uploads\/2023\/11\/epee-tally.jpg","width":500,"height":500,"caption":"\u00c9p\u00e9e Heartsbane Game of Thrones Maison Tarly"},{"@type":"BreadcrumbList","@id":"https:\/\/repliquemangacine.fr\/game-of-thrones\/epee-heartsbane-game-of-thrones\/#breadcrumb","itemListElement":[{"@type":"ListItem","position":1,"name":"Accueil","item":"https:\/\/repliquemangacine.fr\/"},{"@type":"ListItem","position":2,"name":"Produits","item":"https:\/\/repliquemangacine.fr\/boutique\/"},{"@type":"ListItem","position":3,"name":"\u00c9p\u00e9e Heartsbane Game of Thrones"}]},{"@type":"WebSite","@id":"https:\/\/repliquemangacine.fr\/#website","url":"https:\/\/repliquemangacine.fr\/","name":"R\u00e9plique Manga Cin\u00e9","description":"","publisher":{"@id":"https:\/\/repliquemangacine.fr\/#organization"},"potentialAction":[{"@type":"SearchAction","target":{"@type":"EntryPoint","urlTemplate":"https:\/\/repliquemangacine.fr\/?s={search_term_string}"},"query-input":{"@type":"PropertyValueSpecification","valueRequired":true,"valueName":"search_term_string"}}],"inLanguage":"en-US"},{"@type":"Organization","@id":"https:\/\/repliquemangacine.fr\/#organization","name":"R\u00e9plique Manga Cin\u00e9","url":"https:\/\/repliquemangacine.fr\/","logo":{"@type":"ImageObject","inLanguage":"en-US","@id":"https:\/\/repliquemangacine.fr\/#\/schema\/logo\/image\/","url":"https:\/\/repliquemangacine.fr\/wp-content\/uploads\/2023\/10\/RMC-500250.png","contentUrl":"https:\/\/repliquemangacine.fr\/wp-content\/uploads\/2023\/10\/RMC-500250.png","width":500,"height":250,"caption":"R\u00e9plique Manga Cin\u00e9"},"image":{"@id":"https:\/\/repliquemangacine.fr\/#\/schema\/logo\/image\/"},"sameAs":["https:\/\/www.facebook.com\/RepliqueMangaCine","https:\/\/www.instagram.com\/repliquemangacine.fr\/"]}]}},"_links":{"self":[{"href":"https:\/\/repliquemangacine.fr\/en\/wp-json\/wp\/v2\/product\/65741","targetHints":{"allow":["GET"]}}],"collection":[{"href":"https:\/\/repliquemangacine.fr\/en\/wp-json\/wp\/v2\/product"}],"about":[{"href":"https:\/\/repliquemangacine.fr\/en\/wp-json\/wp\/v2\/types\/product"}],"wp:featuredmedia":[{"embeddable":true,"href":"https:\/\/repliquemangacine.fr\/en\/wp-json\/wp\/v2\/media\/75704"}],"wp:attachment":[{"href":"https:\/\/repliquemangacine.fr\/en\/wp-json\/wp\/v2\/media?parent=65741"}],"wp:term":[{"taxonomy":"product_brand","embeddable":true,"href":"https:\/\/repliquemangacine.fr\/en\/wp-json\/wp\/v2\/product_brand?post=65741"},{"taxonomy":"product_cat","embeddable":true,"href":"https:\/\/repliquemangacine.fr\/en\/wp-json\/wp\/v2\/product_cat?post=65741"},{"taxonomy":"product_tag","embeddable":true,"href":"https:\/\/repliquemangacine.fr\/en\/wp-json\/wp\/v2\/product_tag?post=65741"}],"curies":[{"name":"wp","href":"https:\/\/api.w.org\/{rel}","templated":true}]}}