





{"id":65673,"date":"2023-11-20T17:49:36","date_gmt":"2023-11-20T16:49:36","guid":{"rendered":"https:\/\/repliquemangacine.fr\/?post_type=product&#038;p=65673"},"modified":"2025-11-27T11:41:23","modified_gmt":"2025-11-27T10:41:23","slug":"excalibur-legendary-sword","status":"publish","type":"product","link":"https:\/\/repliquemangacine.fr\/en\/armes-historiques\/excalibur-epee-legendaire\/","title":{"rendered":"Excalibur legendary sword"},"content":{"rendered":"<h2>Excalibur, the legendary sword of mythology<\/h2>\n<p>First and foremost, <strong>Excalibur the legendary sword<\/strong>, is an essential part of Arthurian mythology, shrouded in mystery and legend.<\/p>\n<p>This legendary sword, often associated with King Arthur, symbolizes royalty and unshakeable courage. According to legend, only the true King of England could pluck Excalibur from its rock.<br \/>\nor the anvil, depending on the version of the story.<\/p>\n<p>This feat marked the beginning of Arthur's legendary reign and his adventures with the Knights of the Round Table.<\/p>\n<h3>The magic and power of Excalibur<\/h3>\n<p>Excalibur's magic lies in its healing power and invincible resistance to battle. Forged on the mystical island of Avalon, it was said to possess magical powers.<br \/>\nand unrivalled strength.<\/p>\n<p>The scene of the\u2019<a href=\"https:\/\/www.worldhistory.org\/trans\/fr\/1-16022\/excalibur\/\" target=\"_blank\" rel=\"noopener noreferrer\">Excalibur<\/a> to young Arthur by the Lady of the Lake is an emblematic moment in medieval literature.<\/p>\n<h2>Exceptional value for money at R\u00e9plique Manga Cin\u00e9<\/h2>\n<p>At RMC, the value for money of our historical swords and replicas from manga and film is second to none. We understand the importance of providing our customers with<br \/>\nproducts that not only capture the essence and meticulous detail of the original works, but are also accessible and affordable.<\/p>\n<p>Our collection of historic swords, ranging from <a href=\"https:\/\/repliquemangacine.fr\/en\/antique-sword-swords\/\">antique swords<\/a> at <a href=\"https:\/\/repliquemangacine.fr\/en\/medieval-templar-sword\/\">medieval swords<\/a>carefully selected to guarantee exemplary quality and price.<\/p>\n<h3>Affordable Historical and Artistic Fidelity<\/h3>\n<p>Manga and movie fans deserve the best. That's why, at R\u00e9plique Manga Cin\u00e9, every item in our catalog, whether it's the <a href=\"https:\/\/repliquemangacine.fr\/en\/steel-katana-kimetsu-no-yaiba-metal-katana-demon-slayer\/katana-tanjiro-kamado-demon-slayer\/\">Tanjiro's katana<\/a> in Demon Slayer or an iconic movie gun replica, is crafted with passion and dedication. Let yourself be transported into the fantasy world of your favorite heroes.<\/p>\n<h2>How do you maintain the blade of Excalibur, the legendary sword?<\/h2>\n<p>Firstly, collector's and decorative katanas, made and assembled in a simplified manner. As their use is decorative, they lack the safety features required of a Japanese saber intended for training.<\/p>\n<p>However, your <strong>Excalibur legendary sword<\/strong> to a steel blade that needs to be cared for to avoid damage over time. In fact, if you're going to display your katana, your friends will be curious to see the blade and touch it.<\/p>\n<p>This is where you need to be careful, as the acidity of your fingers is very harmful to steel, whatever its quality. However, if this happens, don't panic, just use a cloth dampened with a little oil and wipe off the fingerprints. If you do this, your sword will last a very long time.<\/p>","protected":false},"excerpt":{"rendered":"<p>Superb replica of the legendary Excalibur sword<\/p>\n<ul>\n<li>Stainless steel blade with central groove<\/li>\n<li>Finely decorated steel guard<\/li>\n<li>Solid steel knob with red resin bead<\/li>\n<li>Leatherette-covered handle<\/li>\n<li>Supplied with decorated wall plaque<\/li>\n<li>Total length: 100 cm<\/li>\n<\/ul>","protected":false},"featured_media":65674,"template":"","meta":[],"product_brand":[896],"product_cat":[25,84],"product_tag":[],"class_list":{"0":"post-65673","1":"product","2":"type-product","3":"status-publish","4":"has-post-thumbnail","6":"product_brand-replique-manga-cine","7":"product_cat-armes-historiques","8":"product_cat-epee-templier-medievale","10":"first","11":"instock","12":"taxable","13":"shipping-taxable","14":"purchasable","15":"product-type-simple"},"yoast_head":"<!-- This site is optimized with the Yoast SEO plugin v27.5 - https:\/\/yoast.com\/product\/yoast-seo-wordpress\/ -->\n<title>Excalibur \u00e9p\u00e9e l\u00e9gendaire - Vente Ep\u00e9es historiques | R\u00e9plique Manga Cin\u00e9<\/title>\n<meta name=\"description\" content=\"D\u00e9couvrez la nouvelle Excalibur \u00e9p\u00e9e l\u00e9gendaire au meilleur prix. Cette r\u00e9plique s&#039;inspire de celle de Windlass. Lame acier inox. Garde en acier. 100 cm\" \/>\n<meta name=\"robots\" content=\"index, follow, max-snippet:-1, max-image-preview:large, max-video-preview:-1\" \/>\n<link rel=\"canonical\" href=\"https:\/\/repliquemangacine.fr\/en\/historical-weapons\/excalibur-legendary-sword\/\" \/>\n<meta property=\"og:locale\" content=\"en_US\" \/>\n<meta property=\"og:type\" content=\"article\" \/>\n<meta property=\"og:title\" content=\"Excalibur \u00e9p\u00e9e l\u00e9gendaire - Vente Ep\u00e9es historiques | R\u00e9plique Manga Cin\u00e9\" \/>\n<meta property=\"og:description\" content=\"D\u00e9couvrez la nouvelle Excalibur \u00e9p\u00e9e l\u00e9gendaire au meilleur prix. Cette r\u00e9plique s&#039;inspire de celle de Windlass. Lame acier inox. Garde en acier. 100 cm\" \/>\n<meta property=\"og:url\" content=\"https:\/\/repliquemangacine.fr\/en\/historical-weapons\/excalibur-legendary-sword\/\" \/>\n<meta property=\"og:site_name\" content=\"R\u00e9plique Manga Cin\u00e9\" \/>\n<meta property=\"article:publisher\" content=\"https:\/\/www.facebook.com\/RepliqueMangaCine\" \/>\n<meta property=\"article:modified_time\" content=\"2025-11-27T10:41:23+00:00\" \/>\n<meta property=\"og:image\" content=\"https:\/\/repliquemangacine.fr\/wp-content\/uploads\/2023\/11\/epee-excalibur.jpg\" \/>\n\t<meta property=\"og:image:width\" content=\"500\" \/>\n\t<meta property=\"og:image:height\" content=\"500\" \/>\n\t<meta property=\"og:image:type\" content=\"image\/jpeg\" \/>\n<meta name=\"twitter:card\" content=\"summary_large_image\" \/>\n<meta name=\"twitter:label1\" content=\"Est. reading time\" \/>\n\t<meta name=\"twitter:data1\" content=\"3 minutes\" \/>\n<script type=\"application\/ld+json\" class=\"yoast-schema-graph\">{\"@context\":\"https:\\\/\\\/schema.org\",\"@graph\":[{\"@type\":\"WebPage\",\"@id\":\"https:\\\/\\\/repliquemangacine.fr\\\/armes-historiques\\\/excalibur-epee-legendaire\\\/\",\"url\":\"https:\\\/\\\/repliquemangacine.fr\\\/armes-historiques\\\/excalibur-epee-legendaire\\\/\",\"name\":\"Excalibur \u00e9p\u00e9e l\u00e9gendaire - Vente Ep\u00e9es historiques | R\u00e9plique Manga Cin\u00e9\",\"isPartOf\":{\"@id\":\"https:\\\/\\\/repliquemangacine.fr\\\/#website\"},\"primaryImageOfPage\":{\"@id\":\"https:\\\/\\\/repliquemangacine.fr\\\/armes-historiques\\\/excalibur-epee-legendaire\\\/#primaryimage\"},\"image\":{\"@id\":\"https:\\\/\\\/repliquemangacine.fr\\\/armes-historiques\\\/excalibur-epee-legendaire\\\/#primaryimage\"},\"thumbnailUrl\":\"https:\\\/\\\/repliquemangacine.fr\\\/wp-content\\\/uploads\\\/2023\\\/11\\\/epee-excalibur.jpg\",\"datePublished\":\"2023-11-20T16:49:36+00:00\",\"dateModified\":\"2025-11-27T10:41:23+00:00\",\"description\":\"D\u00e9couvrez la nouvelle Excalibur \u00e9p\u00e9e l\u00e9gendaire au meilleur prix. Cette r\u00e9plique s'inspire de celle de Windlass. Lame acier inox. Garde en acier. 100 cm\",\"breadcrumb\":{\"@id\":\"https:\\\/\\\/repliquemangacine.fr\\\/armes-historiques\\\/excalibur-epee-legendaire\\\/#breadcrumb\"},\"inLanguage\":\"en-US\",\"potentialAction\":[{\"@type\":\"ReadAction\",\"target\":[\"https:\\\/\\\/repliquemangacine.fr\\\/armes-historiques\\\/excalibur-epee-legendaire\\\/\"]}]},{\"@type\":\"ImageObject\",\"inLanguage\":\"en-US\",\"@id\":\"https:\\\/\\\/repliquemangacine.fr\\\/armes-historiques\\\/excalibur-epee-legendaire\\\/#primaryimage\",\"url\":\"https:\\\/\\\/repliquemangacine.fr\\\/wp-content\\\/uploads\\\/2023\\\/11\\\/epee-excalibur.jpg\",\"contentUrl\":\"https:\\\/\\\/repliquemangacine.fr\\\/wp-content\\\/uploads\\\/2023\\\/11\\\/epee-excalibur.jpg\",\"width\":500,\"height\":500,\"caption\":\"Excalibur \u00e9p\u00e9e l\u00e9gendaire\"},{\"@type\":\"BreadcrumbList\",\"@id\":\"https:\\\/\\\/repliquemangacine.fr\\\/armes-historiques\\\/excalibur-epee-legendaire\\\/#breadcrumb\",\"itemListElement\":[{\"@type\":\"ListItem\",\"position\":1,\"name\":\"Accueil\",\"item\":\"https:\\\/\\\/repliquemangacine.fr\\\/\"},{\"@type\":\"ListItem\",\"position\":2,\"name\":\"Produits\",\"item\":\"https:\\\/\\\/repliquemangacine.fr\\\/boutique\\\/\"},{\"@type\":\"ListItem\",\"position\":3,\"name\":\"Excalibur \u00e9p\u00e9e l\u00e9gendaire\"}]},{\"@type\":\"WebSite\",\"@id\":\"https:\\\/\\\/repliquemangacine.fr\\\/#website\",\"url\":\"https:\\\/\\\/repliquemangacine.fr\\\/\",\"name\":\"R\u00e9plique Manga Cin\u00e9\",\"description\":\"\",\"publisher\":{\"@id\":\"https:\\\/\\\/repliquemangacine.fr\\\/#organization\"},\"potentialAction\":[{\"@type\":\"SearchAction\",\"target\":{\"@type\":\"EntryPoint\",\"urlTemplate\":\"https:\\\/\\\/repliquemangacine.fr\\\/?s={search_term_string}\"},\"query-input\":{\"@type\":\"PropertyValueSpecification\",\"valueRequired\":true,\"valueName\":\"search_term_string\"}}],\"inLanguage\":\"en-US\"},{\"@type\":\"Organization\",\"@id\":\"https:\\\/\\\/repliquemangacine.fr\\\/#organization\",\"name\":\"R\u00e9plique Manga Cin\u00e9\",\"url\":\"https:\\\/\\\/repliquemangacine.fr\\\/\",\"logo\":{\"@type\":\"ImageObject\",\"inLanguage\":\"en-US\",\"@id\":\"https:\\\/\\\/repliquemangacine.fr\\\/#\\\/schema\\\/logo\\\/image\\\/\",\"url\":\"https:\\\/\\\/repliquemangacine.fr\\\/wp-content\\\/uploads\\\/2023\\\/10\\\/RMC-500250.png\",\"contentUrl\":\"https:\\\/\\\/repliquemangacine.fr\\\/wp-content\\\/uploads\\\/2023\\\/10\\\/RMC-500250.png\",\"width\":500,\"height\":250,\"caption\":\"R\u00e9plique Manga Cin\u00e9\"},\"image\":{\"@id\":\"https:\\\/\\\/repliquemangacine.fr\\\/#\\\/schema\\\/logo\\\/image\\\/\"},\"sameAs\":[\"https:\\\/\\\/www.facebook.com\\\/RepliqueMangaCine\",\"https:\\\/\\\/www.instagram.com\\\/repliquemangacine.fr\\\/\"]}]}<\/script>\n<!-- \/ Yoast SEO plugin. -->","yoast_head_json":{"title":"Excalibur legendary sword - Historical swords for sale | R\u00e9plique Manga Cin\u00e9","description":"Discover the new Excalibur legendary sword at the best price. This replica is inspired by the Windlass sword. Stainless steel blade. Steel guard. 100 cm long","robots":{"index":"index","follow":"follow","max-snippet":"max-snippet:-1","max-image-preview":"max-image-preview:large","max-video-preview":"max-video-preview:-1"},"canonical":"https:\/\/repliquemangacine.fr\/en\/historical-weapons\/excalibur-legendary-sword\/","og_locale":"en_US","og_type":"article","og_title":"Excalibur \u00e9p\u00e9e l\u00e9gendaire - Vente Ep\u00e9es historiques | R\u00e9plique Manga Cin\u00e9","og_description":"D\u00e9couvrez la nouvelle Excalibur \u00e9p\u00e9e l\u00e9gendaire au meilleur prix. Cette r\u00e9plique s'inspire de celle de Windlass. Lame acier inox. Garde en acier. 100 cm","og_url":"https:\/\/repliquemangacine.fr\/en\/historical-weapons\/excalibur-legendary-sword\/","og_site_name":"R\u00e9plique Manga Cin\u00e9","article_publisher":"https:\/\/www.facebook.com\/RepliqueMangaCine","article_modified_time":"2025-11-27T10:41:23+00:00","og_image":[{"width":500,"height":500,"url":"https:\/\/repliquemangacine.fr\/wp-content\/uploads\/2023\/11\/epee-excalibur.jpg","type":"image\/jpeg"}],"twitter_card":"summary_large_image","twitter_misc":{"Est. reading time":"3 minutes"},"schema":{"@context":"https:\/\/schema.org","@graph":[{"@type":"WebPage","@id":"https:\/\/repliquemangacine.fr\/armes-historiques\/excalibur-epee-legendaire\/","url":"https:\/\/repliquemangacine.fr\/armes-historiques\/excalibur-epee-legendaire\/","name":"Excalibur legendary sword - Historical swords for sale | R\u00e9plique Manga Cin\u00e9","isPartOf":{"@id":"https:\/\/repliquemangacine.fr\/#website"},"primaryImageOfPage":{"@id":"https:\/\/repliquemangacine.fr\/armes-historiques\/excalibur-epee-legendaire\/#primaryimage"},"image":{"@id":"https:\/\/repliquemangacine.fr\/armes-historiques\/excalibur-epee-legendaire\/#primaryimage"},"thumbnailUrl":"https:\/\/repliquemangacine.fr\/wp-content\/uploads\/2023\/11\/epee-excalibur.jpg","datePublished":"2023-11-20T16:49:36+00:00","dateModified":"2025-11-27T10:41:23+00:00","description":"Discover the new Excalibur legendary sword at the best price. This replica is inspired by the Windlass sword. Stainless steel blade. Steel guard. 100 cm long","breadcrumb":{"@id":"https:\/\/repliquemangacine.fr\/armes-historiques\/excalibur-epee-legendaire\/#breadcrumb"},"inLanguage":"en-US","potentialAction":[{"@type":"ReadAction","target":["https:\/\/repliquemangacine.fr\/armes-historiques\/excalibur-epee-legendaire\/"]}]},{"@type":"ImageObject","inLanguage":"en-US","@id":"https:\/\/repliquemangacine.fr\/armes-historiques\/excalibur-epee-legendaire\/#primaryimage","url":"https:\/\/repliquemangacine.fr\/wp-content\/uploads\/2023\/11\/epee-excalibur.jpg","contentUrl":"https:\/\/repliquemangacine.fr\/wp-content\/uploads\/2023\/11\/epee-excalibur.jpg","width":500,"height":500,"caption":"Excalibur \u00e9p\u00e9e l\u00e9gendaire"},{"@type":"BreadcrumbList","@id":"https:\/\/repliquemangacine.fr\/armes-historiques\/excalibur-epee-legendaire\/#breadcrumb","itemListElement":[{"@type":"ListItem","position":1,"name":"Accueil","item":"https:\/\/repliquemangacine.fr\/"},{"@type":"ListItem","position":2,"name":"Produits","item":"https:\/\/repliquemangacine.fr\/boutique\/"},{"@type":"ListItem","position":3,"name":"Excalibur \u00e9p\u00e9e l\u00e9gendaire"}]},{"@type":"WebSite","@id":"https:\/\/repliquemangacine.fr\/#website","url":"https:\/\/repliquemangacine.fr\/","name":"R\u00e9plique Manga Cin\u00e9","description":"","publisher":{"@id":"https:\/\/repliquemangacine.fr\/#organization"},"potentialAction":[{"@type":"SearchAction","target":{"@type":"EntryPoint","urlTemplate":"https:\/\/repliquemangacine.fr\/?s={search_term_string}"},"query-input":{"@type":"PropertyValueSpecification","valueRequired":true,"valueName":"search_term_string"}}],"inLanguage":"en-US"},{"@type":"Organization","@id":"https:\/\/repliquemangacine.fr\/#organization","name":"R\u00e9plique Manga Cin\u00e9","url":"https:\/\/repliquemangacine.fr\/","logo":{"@type":"ImageObject","inLanguage":"en-US","@id":"https:\/\/repliquemangacine.fr\/#\/schema\/logo\/image\/","url":"https:\/\/repliquemangacine.fr\/wp-content\/uploads\/2023\/10\/RMC-500250.png","contentUrl":"https:\/\/repliquemangacine.fr\/wp-content\/uploads\/2023\/10\/RMC-500250.png","width":500,"height":250,"caption":"R\u00e9plique Manga Cin\u00e9"},"image":{"@id":"https:\/\/repliquemangacine.fr\/#\/schema\/logo\/image\/"},"sameAs":["https:\/\/www.facebook.com\/RepliqueMangaCine","https:\/\/www.instagram.com\/repliquemangacine.fr\/"]}]}},"_links":{"self":[{"href":"https:\/\/repliquemangacine.fr\/en\/wp-json\/wp\/v2\/product\/65673","targetHints":{"allow":["GET"]}}],"collection":[{"href":"https:\/\/repliquemangacine.fr\/en\/wp-json\/wp\/v2\/product"}],"about":[{"href":"https:\/\/repliquemangacine.fr\/en\/wp-json\/wp\/v2\/types\/product"}],"wp:featuredmedia":[{"embeddable":true,"href":"https:\/\/repliquemangacine.fr\/en\/wp-json\/wp\/v2\/media\/65674"}],"wp:attachment":[{"href":"https:\/\/repliquemangacine.fr\/en\/wp-json\/wp\/v2\/media?parent=65673"}],"wp:term":[{"taxonomy":"product_brand","embeddable":true,"href":"https:\/\/repliquemangacine.fr\/en\/wp-json\/wp\/v2\/product_brand?post=65673"},{"taxonomy":"product_cat","embeddable":true,"href":"https:\/\/repliquemangacine.fr\/en\/wp-json\/wp\/v2\/product_cat?post=65673"},{"taxonomy":"product_tag","embeddable":true,"href":"https:\/\/repliquemangacine.fr\/en\/wp-json\/wp\/v2\/product_tag?post=65673"}],"curies":[{"name":"wp","href":"https:\/\/api.w.org\/{rel}","templated":true}]}}