





{"id":65618,"date":"2023-11-19T17:29:01","date_gmt":"2023-11-19T16:29:01","guid":{"rendered":"https:\/\/repliquemangacine.fr\/?post_type=product&#038;p=65618"},"modified":"2026-03-27T15:05:53","modified_gmt":"2026-03-27T14:05:53","slug":"napoleons-coronation-dagger","status":"publish","type":"product","link":"https:\/\/repliquemangacine.fr\/en\/repliques-darmes-napoleon\/dague-du-sacre-de-napoleon\/","title":{"rendered":"Napoleon's coronation dagger"},"content":{"rendered":"<h2>Napoleon's coronation dagger: a symbol of elegance and power<\/h2>\n<p>To begin with, Napoleon's coronation dagger, model 1809, was made by Martin-Guillaume Biennais, \"Goldsmith to His Majesty the Emperor and King in Paris\".<br \/>\nIt bears the imperial emblems.<\/p>\n<p>This coin, often overshadowed by the emperor's famous swords, nevertheless holds its own historical and artistic value. Richly ornamented, it symbolized Napoleon's elegance and power.<\/p>\n<h3>Finesse and craftsmanship: The Napoleon Ceremonial Dagger<\/h3>\n<p>Napoleon's dagger was a masterpiece of craftsmanship. The goldsmith of the time paid particular attention to detail. Embellishing the handle and scabbard with motifs<br \/>\ncomplex.  It was not just a weapon, but a true work of art, representing the status and refined taste of the emperor.<\/p>\n<p>This Bonaparte dagger is much more than just a weapon: it's an emblem of the history and grandeur of the Napoleonic era.<\/p>\n<h2>Denix Napoleonic Arms: A Treasure from the Past<\/h2>\n<p>Denix offer a unique window on the past, combining the beauty of ancient craftsmanship with modern precision.  Manufactured by one of the world's leading producers of historical weapons, these are exceptional pieces for history buffs and collectors alike. Here are just a few examples:<\/p>\n<ul>\n<li>Visit <a href=\"https:\/\/repliquemangacine.fr\/en\/replica-napoleon-guns\/1st-empire-napoleonic-infantry-saber-lighter\/\">briquet\" saber<\/a> Napoleonic infantry<\/li>\n<li>There is also the<a href=\"https:\/\/repliquemangacine.fr\/en\/replica-napoleon-guns\/cannon-napoleon-1857-usa-civil-war-denix\/\"> miniature cannon<\/a> of Napoleon<\/li>\n<li>As well as the <a href=\"https:\/\/repliquemangacine.fr\/en\/replica-napoleon-guns\/charleville-rifle-model-1806-with-bayonet\/\">Charleville rifle 1806<\/a> with his bayonet<\/li>\n<\/ul>\n<p>All our replicas reflect the richness of history through meticulous detail and superior craftsmanship.<\/p>\n<h3>Quality and Authenticity: Denix distinguishes itself<\/h3>\n<p>Finally, the <a href=\"https:\/\/www.denix.fr\/\" target=\"_blank\" rel=\"noopener noreferrer\">Denix<\/a> stands out for its ability to create historical replicas that combine fidelity to the original with exceptional quality. But they're not just reproductions. They are the result of meticulous craftsmanship, respecting the techniques and designs of the period.<\/p>\n<h2>How are Denix replica weapons made?<\/h2>\n<p>Used in historical re-enactments, films, TV series and by collectors. Denix gun reproductions, made from high-quality materials. Carefully crafted and assembled to create realistic collector's weapons.<\/p>\n<ul>\n<li>The metals are in a metal alloy known as Zamac, whose basic composition is zinc in 95%.<\/li>\n<li>Swords and daggers feature high-quality stainless steel blades.<\/li>\n<li>The plastic parts of the replicas are made of molded ABS, offering high resistance.<\/li>\n<li>Wood chosen for its beauty and durability, such as mahogany, olive or walnut, will give your butts and barrels an elegant, authentic appearance.<\/li>\n<\/ul>\n<p>It's worth noting that all Denix weapons reproductions are identical to the originals, like your Dague du Sacre de Napol\u00e9on.<\/p>","protected":false},"excerpt":{"rendered":"<p>Superb replica of Napoleon's coronation dagger model 1809 signed Denix<\/p>\n<ul>\n<li>Decorated stainless steel blade.<\/li>\n<li>Metal handle richly decorated with the Emperor's head<\/li>\n<li>Scabbard with N emblem and eagle with outstretched wings.<\/li>\n<li>Side ring for carrying<\/li>\n<li>Total length: 41 cm<\/li>\n<\/ul>","protected":false},"featured_media":65619,"template":"","meta":[],"product_brand":[896],"product_cat":[25,833],"product_tag":[],"class_list":{"0":"post-65618","1":"product","2":"type-product","3":"status-publish","4":"has-post-thumbnail","6":"product_brand-replique-manga-cine","7":"product_cat-armes-historiques","8":"product_cat-repliques-darmes-napoleon","10":"first","11":"instock","12":"taxable","13":"shipping-taxable","14":"purchasable","15":"product-type-simple"},"yoast_head":"<!-- This site is optimized with the Yoast SEO plugin v27.4 - https:\/\/yoast.com\/product\/yoast-seo-wordpress\/ -->\n<title>Dague du Sacre de Napol\u00e9on - R\u00e9pliques d&#039;armes Denix | R\u00e9plique Manga Cin\u00e9<\/title>\n<meta name=\"description\" content=\"\u00c0 l&#039;occasion de la sortie du film &quot; Napol\u00e9on &quot; de Ridley Scott, la Dague du Sacre de Napol\u00e9on. Lame acier. Fourreau et poign\u00e9e avec embl\u00e8me de l&#039;empereur.\" \/>\n<meta name=\"robots\" content=\"index, follow, max-snippet:-1, max-image-preview:large, max-video-preview:-1\" \/>\n<link rel=\"canonical\" href=\"https:\/\/repliquemangacine.fr\/en\/replica-napoleon-guns\/napoleons-coronation-dagger\/\" \/>\n<meta property=\"og:locale\" content=\"en_US\" \/>\n<meta property=\"og:type\" content=\"article\" \/>\n<meta property=\"og:title\" content=\"Dague du Sacre de Napol\u00e9on - R\u00e9pliques d&#039;armes Denix | R\u00e9plique Manga Cin\u00e9\" \/>\n<meta property=\"og:description\" content=\"\u00c0 l&#039;occasion de la sortie du film &quot; Napol\u00e9on &quot; de Ridley Scott, la Dague du Sacre de Napol\u00e9on. Lame acier. Fourreau et poign\u00e9e avec embl\u00e8me de l&#039;empereur.\" \/>\n<meta property=\"og:url\" content=\"https:\/\/repliquemangacine.fr\/en\/replica-napoleon-guns\/napoleons-coronation-dagger\/\" \/>\n<meta property=\"og:site_name\" content=\"R\u00e9plique Manga Cin\u00e9\" \/>\n<meta property=\"article:publisher\" content=\"https:\/\/www.facebook.com\/RepliqueMangaCine\" \/>\n<meta property=\"article:modified_time\" content=\"2026-03-27T14:05:53+00:00\" \/>\n<meta property=\"og:image\" content=\"https:\/\/repliquemangacine.fr\/wp-content\/uploads\/2023\/11\/dague-Napoleon-lame-jpg.jpg\" \/>\n\t<meta property=\"og:image:width\" content=\"500\" \/>\n\t<meta property=\"og:image:height\" content=\"500\" \/>\n\t<meta property=\"og:image:type\" content=\"image\/jpeg\" \/>\n<meta name=\"twitter:card\" content=\"summary_large_image\" \/>\n<meta name=\"twitter:label1\" content=\"Est. reading time\" \/>\n\t<meta name=\"twitter:data1\" content=\"3 minutes\" \/>\n<script type=\"application\/ld+json\" class=\"yoast-schema-graph\">{\"@context\":\"https:\\\/\\\/schema.org\",\"@graph\":[{\"@type\":\"WebPage\",\"@id\":\"https:\\\/\\\/repliquemangacine.fr\\\/repliques-darmes-napoleon\\\/dague-du-sacre-de-napoleon\\\/\",\"url\":\"https:\\\/\\\/repliquemangacine.fr\\\/repliques-darmes-napoleon\\\/dague-du-sacre-de-napoleon\\\/\",\"name\":\"Dague du Sacre de Napol\u00e9on - R\u00e9pliques d'armes Denix | R\u00e9plique Manga Cin\u00e9\",\"isPartOf\":{\"@id\":\"https:\\\/\\\/repliquemangacine.fr\\\/#website\"},\"primaryImageOfPage\":{\"@id\":\"https:\\\/\\\/repliquemangacine.fr\\\/repliques-darmes-napoleon\\\/dague-du-sacre-de-napoleon\\\/#primaryimage\"},\"image\":{\"@id\":\"https:\\\/\\\/repliquemangacine.fr\\\/repliques-darmes-napoleon\\\/dague-du-sacre-de-napoleon\\\/#primaryimage\"},\"thumbnailUrl\":\"https:\\\/\\\/repliquemangacine.fr\\\/wp-content\\\/uploads\\\/2023\\\/11\\\/dague-Napoleon-lame-jpg.jpg\",\"datePublished\":\"2023-11-19T16:29:01+00:00\",\"dateModified\":\"2026-03-27T14:05:53+00:00\",\"description\":\"\u00c0 l'occasion de la sortie du film \\\" Napol\u00e9on \\\" de Ridley Scott, la Dague du Sacre de Napol\u00e9on. Lame acier. Fourreau et poign\u00e9e avec embl\u00e8me de l'empereur.\",\"breadcrumb\":{\"@id\":\"https:\\\/\\\/repliquemangacine.fr\\\/repliques-darmes-napoleon\\\/dague-du-sacre-de-napoleon\\\/#breadcrumb\"},\"inLanguage\":\"en-US\",\"potentialAction\":[{\"@type\":\"ReadAction\",\"target\":[\"https:\\\/\\\/repliquemangacine.fr\\\/repliques-darmes-napoleon\\\/dague-du-sacre-de-napoleon\\\/\"]}]},{\"@type\":\"ImageObject\",\"inLanguage\":\"en-US\",\"@id\":\"https:\\\/\\\/repliquemangacine.fr\\\/repliques-darmes-napoleon\\\/dague-du-sacre-de-napoleon\\\/#primaryimage\",\"url\":\"https:\\\/\\\/repliquemangacine.fr\\\/wp-content\\\/uploads\\\/2023\\\/11\\\/dague-Napoleon-lame-jpg.jpg\",\"contentUrl\":\"https:\\\/\\\/repliquemangacine.fr\\\/wp-content\\\/uploads\\\/2023\\\/11\\\/dague-Napoleon-lame-jpg.jpg\",\"width\":500,\"height\":500,\"caption\":\"Dague du Sacre de Napol\u00e9on\"},{\"@type\":\"BreadcrumbList\",\"@id\":\"https:\\\/\\\/repliquemangacine.fr\\\/repliques-darmes-napoleon\\\/dague-du-sacre-de-napoleon\\\/#breadcrumb\",\"itemListElement\":[{\"@type\":\"ListItem\",\"position\":1,\"name\":\"Accueil\",\"item\":\"https:\\\/\\\/repliquemangacine.fr\\\/\"},{\"@type\":\"ListItem\",\"position\":2,\"name\":\"Produits\",\"item\":\"https:\\\/\\\/repliquemangacine.fr\\\/boutique\\\/\"},{\"@type\":\"ListItem\",\"position\":3,\"name\":\"Dague du Sacre de Napol\u00e9on\"}]},{\"@type\":\"WebSite\",\"@id\":\"https:\\\/\\\/repliquemangacine.fr\\\/#website\",\"url\":\"https:\\\/\\\/repliquemangacine.fr\\\/\",\"name\":\"R\u00e9plique Manga Cin\u00e9\",\"description\":\"\",\"publisher\":{\"@id\":\"https:\\\/\\\/repliquemangacine.fr\\\/#organization\"},\"potentialAction\":[{\"@type\":\"SearchAction\",\"target\":{\"@type\":\"EntryPoint\",\"urlTemplate\":\"https:\\\/\\\/repliquemangacine.fr\\\/?s={search_term_string}\"},\"query-input\":{\"@type\":\"PropertyValueSpecification\",\"valueRequired\":true,\"valueName\":\"search_term_string\"}}],\"inLanguage\":\"en-US\"},{\"@type\":\"Organization\",\"@id\":\"https:\\\/\\\/repliquemangacine.fr\\\/#organization\",\"name\":\"R\u00e9plique Manga Cin\u00e9\",\"url\":\"https:\\\/\\\/repliquemangacine.fr\\\/\",\"logo\":{\"@type\":\"ImageObject\",\"inLanguage\":\"en-US\",\"@id\":\"https:\\\/\\\/repliquemangacine.fr\\\/#\\\/schema\\\/logo\\\/image\\\/\",\"url\":\"https:\\\/\\\/repliquemangacine.fr\\\/wp-content\\\/uploads\\\/2023\\\/10\\\/RMC-500250.png\",\"contentUrl\":\"https:\\\/\\\/repliquemangacine.fr\\\/wp-content\\\/uploads\\\/2023\\\/10\\\/RMC-500250.png\",\"width\":500,\"height\":250,\"caption\":\"R\u00e9plique Manga Cin\u00e9\"},\"image\":{\"@id\":\"https:\\\/\\\/repliquemangacine.fr\\\/#\\\/schema\\\/logo\\\/image\\\/\"},\"sameAs\":[\"https:\\\/\\\/www.facebook.com\\\/RepliqueMangaCine\",\"https:\\\/\\\/www.instagram.com\\\/repliquemangacine.fr\\\/\"]}]}<\/script>\n<!-- \/ Yoast SEO plugin. -->","yoast_head_json":{"title":"Napoleon's coronation dagger - Denix replica weapons | R\u00e9plique Manga Cin\u00e9","description":"To mark the release of Ridley Scott's film \"Napoleon\", the Rite of Napoleon Dagger. Steel blade. Scabbard and handle with emperor's emblem.","robots":{"index":"index","follow":"follow","max-snippet":"max-snippet:-1","max-image-preview":"max-image-preview:large","max-video-preview":"max-video-preview:-1"},"canonical":"https:\/\/repliquemangacine.fr\/en\/replica-napoleon-guns\/napoleons-coronation-dagger\/","og_locale":"en_US","og_type":"article","og_title":"Dague du Sacre de Napol\u00e9on - R\u00e9pliques d'armes Denix | R\u00e9plique Manga Cin\u00e9","og_description":"\u00c0 l'occasion de la sortie du film \" Napol\u00e9on \" de Ridley Scott, la Dague du Sacre de Napol\u00e9on. Lame acier. Fourreau et poign\u00e9e avec embl\u00e8me de l'empereur.","og_url":"https:\/\/repliquemangacine.fr\/en\/replica-napoleon-guns\/napoleons-coronation-dagger\/","og_site_name":"R\u00e9plique Manga Cin\u00e9","article_publisher":"https:\/\/www.facebook.com\/RepliqueMangaCine","article_modified_time":"2026-03-27T14:05:53+00:00","og_image":[{"width":500,"height":500,"url":"https:\/\/repliquemangacine.fr\/wp-content\/uploads\/2023\/11\/dague-Napoleon-lame-jpg.jpg","type":"image\/jpeg"}],"twitter_card":"summary_large_image","twitter_misc":{"Est. reading time":"3 minutes"},"schema":{"@context":"https:\/\/schema.org","@graph":[{"@type":"WebPage","@id":"https:\/\/repliquemangacine.fr\/repliques-darmes-napoleon\/dague-du-sacre-de-napoleon\/","url":"https:\/\/repliquemangacine.fr\/repliques-darmes-napoleon\/dague-du-sacre-de-napoleon\/","name":"Napoleon's coronation dagger - Denix replica weapons | R\u00e9plique Manga Cin\u00e9","isPartOf":{"@id":"https:\/\/repliquemangacine.fr\/#website"},"primaryImageOfPage":{"@id":"https:\/\/repliquemangacine.fr\/repliques-darmes-napoleon\/dague-du-sacre-de-napoleon\/#primaryimage"},"image":{"@id":"https:\/\/repliquemangacine.fr\/repliques-darmes-napoleon\/dague-du-sacre-de-napoleon\/#primaryimage"},"thumbnailUrl":"https:\/\/repliquemangacine.fr\/wp-content\/uploads\/2023\/11\/dague-Napoleon-lame-jpg.jpg","datePublished":"2023-11-19T16:29:01+00:00","dateModified":"2026-03-27T14:05:53+00:00","description":"To mark the release of Ridley Scott's film \"Napoleon\", the Rite of Napoleon Dagger. Steel blade. Scabbard and handle with emperor's emblem.","breadcrumb":{"@id":"https:\/\/repliquemangacine.fr\/repliques-darmes-napoleon\/dague-du-sacre-de-napoleon\/#breadcrumb"},"inLanguage":"en-US","potentialAction":[{"@type":"ReadAction","target":["https:\/\/repliquemangacine.fr\/repliques-darmes-napoleon\/dague-du-sacre-de-napoleon\/"]}]},{"@type":"ImageObject","inLanguage":"en-US","@id":"https:\/\/repliquemangacine.fr\/repliques-darmes-napoleon\/dague-du-sacre-de-napoleon\/#primaryimage","url":"https:\/\/repliquemangacine.fr\/wp-content\/uploads\/2023\/11\/dague-Napoleon-lame-jpg.jpg","contentUrl":"https:\/\/repliquemangacine.fr\/wp-content\/uploads\/2023\/11\/dague-Napoleon-lame-jpg.jpg","width":500,"height":500,"caption":"Dague du Sacre de Napol\u00e9on"},{"@type":"BreadcrumbList","@id":"https:\/\/repliquemangacine.fr\/repliques-darmes-napoleon\/dague-du-sacre-de-napoleon\/#breadcrumb","itemListElement":[{"@type":"ListItem","position":1,"name":"Accueil","item":"https:\/\/repliquemangacine.fr\/"},{"@type":"ListItem","position":2,"name":"Produits","item":"https:\/\/repliquemangacine.fr\/boutique\/"},{"@type":"ListItem","position":3,"name":"Dague du Sacre de Napol\u00e9on"}]},{"@type":"WebSite","@id":"https:\/\/repliquemangacine.fr\/#website","url":"https:\/\/repliquemangacine.fr\/","name":"R\u00e9plique Manga Cin\u00e9","description":"","publisher":{"@id":"https:\/\/repliquemangacine.fr\/#organization"},"potentialAction":[{"@type":"SearchAction","target":{"@type":"EntryPoint","urlTemplate":"https:\/\/repliquemangacine.fr\/?s={search_term_string}"},"query-input":{"@type":"PropertyValueSpecification","valueRequired":true,"valueName":"search_term_string"}}],"inLanguage":"en-US"},{"@type":"Organization","@id":"https:\/\/repliquemangacine.fr\/#organization","name":"R\u00e9plique Manga Cin\u00e9","url":"https:\/\/repliquemangacine.fr\/","logo":{"@type":"ImageObject","inLanguage":"en-US","@id":"https:\/\/repliquemangacine.fr\/#\/schema\/logo\/image\/","url":"https:\/\/repliquemangacine.fr\/wp-content\/uploads\/2023\/10\/RMC-500250.png","contentUrl":"https:\/\/repliquemangacine.fr\/wp-content\/uploads\/2023\/10\/RMC-500250.png","width":500,"height":250,"caption":"R\u00e9plique Manga Cin\u00e9"},"image":{"@id":"https:\/\/repliquemangacine.fr\/#\/schema\/logo\/image\/"},"sameAs":["https:\/\/www.facebook.com\/RepliqueMangaCine","https:\/\/www.instagram.com\/repliquemangacine.fr\/"]}]}},"_links":{"self":[{"href":"https:\/\/repliquemangacine.fr\/en\/wp-json\/wp\/v2\/product\/65618","targetHints":{"allow":["GET"]}}],"collection":[{"href":"https:\/\/repliquemangacine.fr\/en\/wp-json\/wp\/v2\/product"}],"about":[{"href":"https:\/\/repliquemangacine.fr\/en\/wp-json\/wp\/v2\/types\/product"}],"wp:featuredmedia":[{"embeddable":true,"href":"https:\/\/repliquemangacine.fr\/en\/wp-json\/wp\/v2\/media\/65619"}],"wp:attachment":[{"href":"https:\/\/repliquemangacine.fr\/en\/wp-json\/wp\/v2\/media?parent=65618"}],"wp:term":[{"taxonomy":"product_brand","embeddable":true,"href":"https:\/\/repliquemangacine.fr\/en\/wp-json\/wp\/v2\/product_brand?post=65618"},{"taxonomy":"product_cat","embeddable":true,"href":"https:\/\/repliquemangacine.fr\/en\/wp-json\/wp\/v2\/product_cat?post=65618"},{"taxonomy":"product_tag","embeddable":true,"href":"https:\/\/repliquemangacine.fr\/en\/wp-json\/wp\/v2\/product_tag?post=65618"}],"curies":[{"name":"wp","href":"https:\/\/api.w.org\/{rel}","templated":true}]}}