





{"id":65456,"date":"2023-11-14T12:41:25","date_gmt":"2023-11-14T11:41:25","guid":{"rendered":"https:\/\/repliquemangacine.fr\/?post_type=product&#038;p=65456"},"modified":"2026-01-17T12:45:05","modified_gmt":"2026-01-17T11:45:05","slug":"winchester-1873-chrome-rifle","status":"publish","type":"product","link":"https:\/\/repliquemangacine.fr\/en\/western-repliques-armes\/fusil-winchester-1873-chrome\/","title":{"rendered":"Winchester 1873 Chrome rifle"},"content":{"rendered":"<h2>Winchester 1873 chrome rifle by Denix<\/h2>\n<p>To begin with, the <strong>Winchester 1873 Chrome rifle<\/strong>often described as \"the gun that conquered the West\". Designed by the Winchester Repeating Arms Company, it revolutionized firearms of the time with its innovative repeating loading mechanism.<\/p>\n<p>The Winchester 1873 has acquired legendary renown, often depicted in Western films and literature. Hollywood even made it the title of the 1950 film \"Winchester '73\", starring James Stewart and directed by Anthony Mann.<\/p>\n<h3>Design and operation of the Winchester 1873 rifle<\/h3>\n<p>It's worth noting that the Winchester 1873 used a lever mechanism to eject a spent cartridge and load a new one into the chamber. This system enabled rapid, repetitive firing, a major advance over single-shot weapons. Available in several calibers, the most common being the .44-40 Winchester.<\/p>\n<h2>Winchester 1873 rifle : The Icon of the West by Denix<\/h2>\n<p>Visit <strong>Winchester rifle 1873<\/strong> <strong>chrome<\/strong> from <a href=\"https:\/\/www.denix.fr\/fr\/catalogue\/guerre-civile-occidentale-et-americaine-1861-1899\/carabines-carabines-et-fusils\/6318\/\" target=\"_blank\" rel=\"noopener noreferrer\">Denix<\/a> embodies the spirit and adventure of the American West. This meticulous replica, made by Denix, a leader in the reproduction of historic weapons. Offers exceptional quality and realism. Renowned for its innovative lever mechanism and rapid firing.<\/p>\n<p>Denix has recreated the famous rifle down to the last detail. From the original .44-40 Winchester caliber to the loading mechanism and finish. Indeed, every aspect reflects the heritage of this legendary weapon, with the added bonus of bullet ejection.<\/p>\n<h3>Authentic Replica by Denix<\/h3>\n<p>With Denix, immerse yourself in the history of the American Western with authentic replica guns. For example:<\/p>\n<ul>\n<li>The replica of the <a href=\"https:\/\/repliquemangacine.fr\/en\/denix\/revolver-colt-army-1860\/\">colt Army 1860<\/a> used by both sides during the American Civil War.<\/li>\n<li>As well as the famous <a href=\"https:\/\/repliquemangacine.fr\/en\/denix\/revolver-peacemaker-colt-le-frontier-calibre-45\/\">colt \"Le Frontier<\/a> in several versions.<\/li>\n<li>And much, much more to discover!<\/li>\n<\/ul>\n<p>Each Denix replica is a tribute to the Far West<\/p>\n<h2>Quality and Price: The Best from Denix<\/h2>\n<p>When it comes to combining exceptional quality and affordability, Denix stands out as an essential brand. World-renowned for its replicas of historic weapons, Denix offers a range of products that combine historical fidelity and meticulous craftsmanship, all at affordable prices.<\/p>\n<p>Each product is the result of in-depth research and meticulous attention to detail, ensuring an authentic experience. This makes their replicas ideal for discerning collectors and history buffs alike.<\/p>\n<h3>Unbeatable value for money at Denix<\/h3>\n<p>Denix's value for money is unrivalled in the field of replica weapons. Whether to enrich a collection, or for historical re-enactments.<\/p>\n<p>In conclusion, the brand is committed to offering replicas of remarkable quality at prices that defy all competition, making history affordable to all.<\/p>","protected":false},"excerpt":{"rendered":"<p>Superb replica of the Denix 1873 Winchester repeating rifle.<\/p>\n<ul>\n<li>In metal (zamac) and wood<\/li>\n<li>Functional mechanism with bullet ejection.<\/li>\n<li>Wooden stock<\/li>\n<li>Functional trigger guard lever for bullet ejection.<\/li>\n<li>Comes with 3 ejector balls.<\/li>\n<li>Total length: 110 cm<\/li>\n<li>Weight: 2625 g<\/li>\n<li>No authorization required. Free sale and possession.<\/li>\n<\/ul>\n<p><iframe title=\"YouTube video player\" src=\"https:\/\/www.youtube.com\/embed\/hOfWcKSPhvM?si=rMilG3JhfID0RdD5\" width=\"560\" height=\"315\" frameborder=\"0\" allowfullscreen=\"allowfullscreen\"><\/iframe><\/p>","protected":false},"featured_media":85654,"template":"","meta":[],"product_brand":[896],"product_cat":[34,39,86,28,64,27],"product_tag":[],"class_list":{"0":"post-65456","1":"product","2":"type-product","3":"status-publish","4":"has-post-thumbnail","6":"product_brand-replique-manga-cine","7":"product_cat-armes-westerns","8":"product_cat-carabine-winchester","9":"product_cat-repliques-carabine-winchester-western","10":"product_cat-repliques-darmes","11":"product_cat-western-repliques-armes","12":"product_cat-armes-et-accessoires-western","14":"first","15":"outofstock","16":"sale","17":"taxable","18":"shipping-taxable","19":"purchasable","20":"product-type-simple"},"yoast_head":"<!-- This site is optimized with the Yoast SEO plugin v27.4 - https:\/\/yoast.com\/product\/yoast-seo-wordpress\/ -->\n<title>Fusil Winchester 1873 Chrom\u00e9 - R\u00e9pliques d&#039;armes Denix | RMC<\/title>\n<meta name=\"description\" content=\"D\u00e9couvrez le Fusil Winchester 1873 Chrom\u00e9 de la marque Denix au meilleur prix. En zamac et bois. M\u00e9canisme fonctionnel. \u00c9jection des balles. L. 110 cm\" \/>\n<meta name=\"robots\" content=\"index, follow, max-snippet:-1, max-image-preview:large, max-video-preview:-1\" \/>\n<link rel=\"canonical\" href=\"https:\/\/repliquemangacine.fr\/en\/western-replica-guns\/winchester-1873-chrome-rifle\/\" \/>\n<meta property=\"og:locale\" content=\"en_US\" \/>\n<meta property=\"og:type\" content=\"article\" \/>\n<meta property=\"og:title\" content=\"Fusil Winchester 1873 Chrom\u00e9 - R\u00e9pliques d&#039;armes Denix | RMC\" \/>\n<meta property=\"og:description\" content=\"D\u00e9couvrez le Fusil Winchester 1873 Chrom\u00e9 de la marque Denix au meilleur prix. En zamac et bois. M\u00e9canisme fonctionnel. \u00c9jection des balles. L. 110 cm\" \/>\n<meta property=\"og:url\" content=\"https:\/\/repliquemangacine.fr\/en\/western-replica-guns\/winchester-1873-chrome-rifle\/\" \/>\n<meta property=\"og:site_name\" content=\"R\u00e9plique Manga Cin\u00e9\" \/>\n<meta property=\"article:publisher\" content=\"https:\/\/www.facebook.com\/RepliqueMangaCine\" \/>\n<meta property=\"article:modified_time\" content=\"2026-01-17T11:45:05+00:00\" \/>\n<meta property=\"og:image\" content=\"https:\/\/repliquemangacine.fr\/wp-content\/uploads\/2023\/11\/Fusil-Winchester-1873-Chrome.jpg\" \/>\n\t<meta property=\"og:image:width\" content=\"700\" \/>\n\t<meta property=\"og:image:height\" content=\"700\" \/>\n\t<meta property=\"og:image:type\" content=\"image\/jpeg\" \/>\n<meta name=\"twitter:card\" content=\"summary_large_image\" \/>\n<meta name=\"twitter:label1\" content=\"Est. reading time\" \/>\n\t<meta name=\"twitter:data1\" content=\"3 minutes\" \/>\n<script type=\"application\/ld+json\" class=\"yoast-schema-graph\">{\"@context\":\"https:\\\/\\\/schema.org\",\"@graph\":[{\"@type\":\"WebPage\",\"@id\":\"https:\\\/\\\/repliquemangacine.fr\\\/western-repliques-armes\\\/fusil-winchester-1873-chrome\\\/\",\"url\":\"https:\\\/\\\/repliquemangacine.fr\\\/western-repliques-armes\\\/fusil-winchester-1873-chrome\\\/\",\"name\":\"Fusil Winchester 1873 Chrom\u00e9 - R\u00e9pliques d'armes Denix | RMC\",\"isPartOf\":{\"@id\":\"https:\\\/\\\/repliquemangacine.fr\\\/#website\"},\"primaryImageOfPage\":{\"@id\":\"https:\\\/\\\/repliquemangacine.fr\\\/western-repliques-armes\\\/fusil-winchester-1873-chrome\\\/#primaryimage\"},\"image\":{\"@id\":\"https:\\\/\\\/repliquemangacine.fr\\\/western-repliques-armes\\\/fusil-winchester-1873-chrome\\\/#primaryimage\"},\"thumbnailUrl\":\"https:\\\/\\\/repliquemangacine.fr\\\/wp-content\\\/uploads\\\/2023\\\/11\\\/Fusil-Winchester-1873-Chrome.jpg\",\"datePublished\":\"2023-11-14T11:41:25+00:00\",\"dateModified\":\"2026-01-17T11:45:05+00:00\",\"description\":\"D\u00e9couvrez le Fusil Winchester 1873 Chrom\u00e9 de la marque Denix au meilleur prix. En zamac et bois. M\u00e9canisme fonctionnel. \u00c9jection des balles. L. 110 cm\",\"breadcrumb\":{\"@id\":\"https:\\\/\\\/repliquemangacine.fr\\\/western-repliques-armes\\\/fusil-winchester-1873-chrome\\\/#breadcrumb\"},\"inLanguage\":\"en-US\",\"potentialAction\":[{\"@type\":\"ReadAction\",\"target\":[\"https:\\\/\\\/repliquemangacine.fr\\\/western-repliques-armes\\\/fusil-winchester-1873-chrome\\\/\"]}]},{\"@type\":\"ImageObject\",\"inLanguage\":\"en-US\",\"@id\":\"https:\\\/\\\/repliquemangacine.fr\\\/western-repliques-armes\\\/fusil-winchester-1873-chrome\\\/#primaryimage\",\"url\":\"https:\\\/\\\/repliquemangacine.fr\\\/wp-content\\\/uploads\\\/2023\\\/11\\\/Fusil-Winchester-1873-Chrome.jpg\",\"contentUrl\":\"https:\\\/\\\/repliquemangacine.fr\\\/wp-content\\\/uploads\\\/2023\\\/11\\\/Fusil-Winchester-1873-Chrome.jpg\",\"width\":700,\"height\":700,\"caption\":\"Fusil Winchester 1873 Chrom\u00e9 Denix\"},{\"@type\":\"BreadcrumbList\",\"@id\":\"https:\\\/\\\/repliquemangacine.fr\\\/western-repliques-armes\\\/fusil-winchester-1873-chrome\\\/#breadcrumb\",\"itemListElement\":[{\"@type\":\"ListItem\",\"position\":1,\"name\":\"Accueil\",\"item\":\"https:\\\/\\\/repliquemangacine.fr\\\/\"},{\"@type\":\"ListItem\",\"position\":2,\"name\":\"Produits\",\"item\":\"https:\\\/\\\/repliquemangacine.fr\\\/boutique\\\/\"},{\"@type\":\"ListItem\",\"position\":3,\"name\":\"Fusil Winchester 1873 Chrom\u00e9\"}]},{\"@type\":\"WebSite\",\"@id\":\"https:\\\/\\\/repliquemangacine.fr\\\/#website\",\"url\":\"https:\\\/\\\/repliquemangacine.fr\\\/\",\"name\":\"R\u00e9plique Manga Cin\u00e9\",\"description\":\"\",\"publisher\":{\"@id\":\"https:\\\/\\\/repliquemangacine.fr\\\/#organization\"},\"potentialAction\":[{\"@type\":\"SearchAction\",\"target\":{\"@type\":\"EntryPoint\",\"urlTemplate\":\"https:\\\/\\\/repliquemangacine.fr\\\/?s={search_term_string}\"},\"query-input\":{\"@type\":\"PropertyValueSpecification\",\"valueRequired\":true,\"valueName\":\"search_term_string\"}}],\"inLanguage\":\"en-US\"},{\"@type\":\"Organization\",\"@id\":\"https:\\\/\\\/repliquemangacine.fr\\\/#organization\",\"name\":\"R\u00e9plique Manga Cin\u00e9\",\"url\":\"https:\\\/\\\/repliquemangacine.fr\\\/\",\"logo\":{\"@type\":\"ImageObject\",\"inLanguage\":\"en-US\",\"@id\":\"https:\\\/\\\/repliquemangacine.fr\\\/#\\\/schema\\\/logo\\\/image\\\/\",\"url\":\"https:\\\/\\\/repliquemangacine.fr\\\/wp-content\\\/uploads\\\/2023\\\/10\\\/RMC-500250.png\",\"contentUrl\":\"https:\\\/\\\/repliquemangacine.fr\\\/wp-content\\\/uploads\\\/2023\\\/10\\\/RMC-500250.png\",\"width\":500,\"height\":250,\"caption\":\"R\u00e9plique Manga Cin\u00e9\"},\"image\":{\"@id\":\"https:\\\/\\\/repliquemangacine.fr\\\/#\\\/schema\\\/logo\\\/image\\\/\"},\"sameAs\":[\"https:\\\/\\\/www.facebook.com\\\/RepliqueMangaCine\",\"https:\\\/\\\/www.instagram.com\\\/repliquemangacine.fr\\\/\"]}]}<\/script>\n<!-- \/ Yoast SEO plugin. -->","yoast_head_json":{"title":"Winchester 1873 Chrome Rifle - Denix Replica Weapons | RMC","description":"Discover the Winchester 1873 Chromed rifle from Denix at the best price. In zamac and wood. Functional mechanism. Bullet ejection. L. 110 cm","robots":{"index":"index","follow":"follow","max-snippet":"max-snippet:-1","max-image-preview":"max-image-preview:large","max-video-preview":"max-video-preview:-1"},"canonical":"https:\/\/repliquemangacine.fr\/en\/western-replica-guns\/winchester-1873-chrome-rifle\/","og_locale":"en_US","og_type":"article","og_title":"Fusil Winchester 1873 Chrom\u00e9 - R\u00e9pliques d'armes Denix | RMC","og_description":"D\u00e9couvrez le Fusil Winchester 1873 Chrom\u00e9 de la marque Denix au meilleur prix. En zamac et bois. M\u00e9canisme fonctionnel. \u00c9jection des balles. L. 110 cm","og_url":"https:\/\/repliquemangacine.fr\/en\/western-replica-guns\/winchester-1873-chrome-rifle\/","og_site_name":"R\u00e9plique Manga Cin\u00e9","article_publisher":"https:\/\/www.facebook.com\/RepliqueMangaCine","article_modified_time":"2026-01-17T11:45:05+00:00","og_image":[{"width":700,"height":700,"url":"https:\/\/repliquemangacine.fr\/wp-content\/uploads\/2023\/11\/Fusil-Winchester-1873-Chrome.jpg","type":"image\/jpeg"}],"twitter_card":"summary_large_image","twitter_misc":{"Est. reading time":"3 minutes"},"schema":{"@context":"https:\/\/schema.org","@graph":[{"@type":"WebPage","@id":"https:\/\/repliquemangacine.fr\/western-repliques-armes\/fusil-winchester-1873-chrome\/","url":"https:\/\/repliquemangacine.fr\/western-repliques-armes\/fusil-winchester-1873-chrome\/","name":"Winchester 1873 Chrome Rifle - Denix Replica Weapons | RMC","isPartOf":{"@id":"https:\/\/repliquemangacine.fr\/#website"},"primaryImageOfPage":{"@id":"https:\/\/repliquemangacine.fr\/western-repliques-armes\/fusil-winchester-1873-chrome\/#primaryimage"},"image":{"@id":"https:\/\/repliquemangacine.fr\/western-repliques-armes\/fusil-winchester-1873-chrome\/#primaryimage"},"thumbnailUrl":"https:\/\/repliquemangacine.fr\/wp-content\/uploads\/2023\/11\/Fusil-Winchester-1873-Chrome.jpg","datePublished":"2023-11-14T11:41:25+00:00","dateModified":"2026-01-17T11:45:05+00:00","description":"Discover the Winchester 1873 Chromed rifle from Denix at the best price. In zamac and wood. Functional mechanism. Bullet ejection. L. 110 cm","breadcrumb":{"@id":"https:\/\/repliquemangacine.fr\/western-repliques-armes\/fusil-winchester-1873-chrome\/#breadcrumb"},"inLanguage":"en-US","potentialAction":[{"@type":"ReadAction","target":["https:\/\/repliquemangacine.fr\/western-repliques-armes\/fusil-winchester-1873-chrome\/"]}]},{"@type":"ImageObject","inLanguage":"en-US","@id":"https:\/\/repliquemangacine.fr\/western-repliques-armes\/fusil-winchester-1873-chrome\/#primaryimage","url":"https:\/\/repliquemangacine.fr\/wp-content\/uploads\/2023\/11\/Fusil-Winchester-1873-Chrome.jpg","contentUrl":"https:\/\/repliquemangacine.fr\/wp-content\/uploads\/2023\/11\/Fusil-Winchester-1873-Chrome.jpg","width":700,"height":700,"caption":"Fusil Winchester 1873 Chrom\u00e9 Denix"},{"@type":"BreadcrumbList","@id":"https:\/\/repliquemangacine.fr\/western-repliques-armes\/fusil-winchester-1873-chrome\/#breadcrumb","itemListElement":[{"@type":"ListItem","position":1,"name":"Accueil","item":"https:\/\/repliquemangacine.fr\/"},{"@type":"ListItem","position":2,"name":"Produits","item":"https:\/\/repliquemangacine.fr\/boutique\/"},{"@type":"ListItem","position":3,"name":"Fusil Winchester 1873 Chrom\u00e9"}]},{"@type":"WebSite","@id":"https:\/\/repliquemangacine.fr\/#website","url":"https:\/\/repliquemangacine.fr\/","name":"R\u00e9plique Manga Cin\u00e9","description":"","publisher":{"@id":"https:\/\/repliquemangacine.fr\/#organization"},"potentialAction":[{"@type":"SearchAction","target":{"@type":"EntryPoint","urlTemplate":"https:\/\/repliquemangacine.fr\/?s={search_term_string}"},"query-input":{"@type":"PropertyValueSpecification","valueRequired":true,"valueName":"search_term_string"}}],"inLanguage":"en-US"},{"@type":"Organization","@id":"https:\/\/repliquemangacine.fr\/#organization","name":"R\u00e9plique Manga Cin\u00e9","url":"https:\/\/repliquemangacine.fr\/","logo":{"@type":"ImageObject","inLanguage":"en-US","@id":"https:\/\/repliquemangacine.fr\/#\/schema\/logo\/image\/","url":"https:\/\/repliquemangacine.fr\/wp-content\/uploads\/2023\/10\/RMC-500250.png","contentUrl":"https:\/\/repliquemangacine.fr\/wp-content\/uploads\/2023\/10\/RMC-500250.png","width":500,"height":250,"caption":"R\u00e9plique Manga Cin\u00e9"},"image":{"@id":"https:\/\/repliquemangacine.fr\/#\/schema\/logo\/image\/"},"sameAs":["https:\/\/www.facebook.com\/RepliqueMangaCine","https:\/\/www.instagram.com\/repliquemangacine.fr\/"]}]}},"_links":{"self":[{"href":"https:\/\/repliquemangacine.fr\/en\/wp-json\/wp\/v2\/product\/65456","targetHints":{"allow":["GET"]}}],"collection":[{"href":"https:\/\/repliquemangacine.fr\/en\/wp-json\/wp\/v2\/product"}],"about":[{"href":"https:\/\/repliquemangacine.fr\/en\/wp-json\/wp\/v2\/types\/product"}],"wp:featuredmedia":[{"embeddable":true,"href":"https:\/\/repliquemangacine.fr\/en\/wp-json\/wp\/v2\/media\/85654"}],"wp:attachment":[{"href":"https:\/\/repliquemangacine.fr\/en\/wp-json\/wp\/v2\/media?parent=65456"}],"wp:term":[{"taxonomy":"product_brand","embeddable":true,"href":"https:\/\/repliquemangacine.fr\/en\/wp-json\/wp\/v2\/product_brand?post=65456"},{"taxonomy":"product_cat","embeddable":true,"href":"https:\/\/repliquemangacine.fr\/en\/wp-json\/wp\/v2\/product_cat?post=65456"},{"taxonomy":"product_tag","embeddable":true,"href":"https:\/\/repliquemangacine.fr\/en\/wp-json\/wp\/v2\/product_tag?post=65456"}],"curies":[{"name":"wp","href":"https:\/\/api.w.org\/{rel}","templated":true}]}}