





{"id":65404,"date":"2023-11-13T15:05:31","date_gmt":"2023-11-13T14:05:31","guid":{"rendered":"https:\/\/repliquemangacine.fr\/?post_type=product&#038;p=65404"},"modified":"2026-02-25T15:22:27","modified_gmt":"2026-02-25T14:22:27","slug":"colt-navy-1851-kolser","status":"publish","type":"product","link":"https:\/\/repliquemangacine.fr\/en\/colt-revolver-western\/colt-navy-1851-kolser\/","title":{"rendered":"Colt Navy 1851 Kolser"},"content":{"rendered":"<h2>The Colt Navy 1851 Kolser: For history buffs.<\/h2>\n<p>To begin with, the gray Colt Navy 1851 from Kolser is a little gem for collectors. First designed in 1851 by Samuel Colt, it was formerly known as the Colt Belt Revolving Pistol. A favorite revolver of prominent figures and the majority of pre-Civil War rangers.<\/p>\n<p>Indeed, it quickly gained in popularity, particularly during the Civil War, when it was used on both sides, by the Union and the Confederacy. With its six-shot capacity, its size and weight and its reliability made it a weapon of choice in the often harsh conditions of the battlefield.<\/p>\n<h3>The Historical Legacy of the Colt Navy 1851 in the American Civil War<\/h3>\n<p>This revolver remains an emblematic piece of firearms history. Indeed, it continues to be prized by collectors and the cinema alike.<\/p>\n<h2>The Kolser Colt Navy 1851: Quality and Affordability<\/h2>\n<p>The brand <a href=\"https:\/\/kolser.com\/\" target=\"_blank\" rel=\"noopener noreferrer\">Kolser<\/a>specializing in replicas of historic weapons, offers a remarkable combination of quality and affordability with its Colt Navy 1851 gray. This faithful replica of the famous Civil War revolver is a preferred choice for collectors and history buffs alike. Offering a close-to-original experience without the prohibitive costs of period pieces.<\/p>\n<h3>Exceptional value for money in the Colt Navy 1851 Kolser<\/h3>\n<p>Kolser has succeeded in striking a perfect balance between respect for historical authenticity and affordability. Made with quality materials, reproducing the details and mechanics of the original gun, while remaining accessible to your budget.<\/p>\n<p>This value for money makes the Colt Navy particularly attractive to those wishing to add a historic replica to their collection without compromising quality. In this way, Kolser offers an opportunity to access a piece of history, combining authenticity, performance and competitive pricing.<\/p>\n<h2>Kolser: A benchmark in replica historical weapons<\/h2>\n<p>Kolser has established itself as a major player in the manufacture of high-quality replicas of historic weapons. Renowned for its extensive catalog covering various eras and styles. The brand offers history buffs and collectors a wide range of choices, from classic revolvers to the American West.<\/p>\n<p>Take the example of <a href=\"https:\/\/repliquemangacine.fr\/en\/kolser-gun\/colt-peacemaker-kolser-5-5-snake\/\">Colt Snake in 5.5 inch<\/a> with its interchangeable stock. There are also <a href=\"https:\/\/repliquemangacine.fr\/en\/kolser-gun\/winchester-108-cm-laiton\/\">winchesters models 92 108 cm<\/a>with bale ejection. The catalog also includes the <a href=\"https:\/\/repliquemangacine.fr\/en\/kolser-gun\/revolver-thunderer-black-kolser\/\">Thunderer pistol<\/a> dressed all in black.<\/p>\n<h3>Diversity and Loyalty: The Strengths of the Kolser Catalogue<\/h3>\n<p>In conclusion, each replica is the fruit of painstaking work to capture the essence of the original weapon. Whether for historical re-enactments, exhibitions or simply for the pleasure of collecting. Kolser replicas offer an authentic experience.<\/p>","protected":false},"excerpt":{"rendered":"<p>An absolutely remarkable replica of the Colt Navy 1851 from Kolser.<\/p>\n<ul>\n<li>All in two-tone steel<\/li>\n<li>Wooden stock<\/li>\n<li>Engraving of both sides of the octagonal barrel<\/li>\n<li>Three-position functional mechanism<\/li>\n<li>6-chamber rotary cylinder suitable for firecracker primers<\/li>\n<li>Supplied in boxed set<\/li>\n<li>Total length: 35cm<\/li>\n<\/ul>\n<p><iframe title=\"YouTube video player\" src=\"https:\/\/www.youtube.com\/embed\/6lT4fGB7hAc?si=OUGueoPSUHwitwYE\" width=\"560\" height=\"315\" frameborder=\"0\" allowfullscreen=\"allowfullscreen\"><\/iframe><\/p>","protected":false},"featured_media":65405,"template":"","meta":[],"product_brand":[896],"product_cat":[100,34,77,28,64,27],"product_tag":[],"class_list":{"0":"post-65404","1":"product","2":"type-product","3":"status-publish","4":"has-post-thumbnail","6":"product_brand-replique-manga-cine","7":"product_cat-arme-kolser","8":"product_cat-armes-westerns","9":"product_cat-colt-revolver-western","10":"product_cat-repliques-darmes","11":"product_cat-western-repliques-armes","12":"product_cat-armes-et-accessoires-western","14":"first","15":"outofstock","16":"taxable","17":"shipping-taxable","18":"purchasable","19":"product-type-simple"},"yoast_head":"<!-- This site is optimized with the Yoast SEO plugin v27.5 - https:\/\/yoast.com\/product\/yoast-seo-wordpress\/ -->\n<title>Colt Navy 1851 Kolser - R\u00e9plique d&#039;armes Kolser | R\u00e9plique Manga Cin\u00e9<\/title>\n<meta name=\"description\" content=\"D\u00e9couvrez cette magnifique r\u00e9plique du Colt Navy 1851 de la marque Kolser au meilleur prix. Tout en acier. Crosse en bois. M\u00e9canisme fonctionnel. L. 35 cm\" \/>\n<meta name=\"robots\" content=\"index, follow, max-snippet:-1, max-image-preview:large, max-video-preview:-1\" \/>\n<link rel=\"canonical\" href=\"https:\/\/repliquemangacine.fr\/en\/colt-revolver-western\/colt-navy-1851-kolser\/\" \/>\n<meta property=\"og:locale\" content=\"en_US\" \/>\n<meta property=\"og:type\" content=\"article\" \/>\n<meta property=\"og:title\" content=\"Colt Navy 1851 Kolser - R\u00e9plique d&#039;armes Kolser | R\u00e9plique Manga Cin\u00e9\" \/>\n<meta property=\"og:description\" content=\"D\u00e9couvrez cette magnifique r\u00e9plique du Colt Navy 1851 de la marque Kolser au meilleur prix. Tout en acier. Crosse en bois. M\u00e9canisme fonctionnel. L. 35 cm\" \/>\n<meta property=\"og:url\" content=\"https:\/\/repliquemangacine.fr\/en\/colt-revolver-western\/colt-navy-1851-kolser\/\" \/>\n<meta property=\"og:site_name\" content=\"R\u00e9plique Manga Cin\u00e9\" \/>\n<meta property=\"article:publisher\" content=\"https:\/\/www.facebook.com\/RepliqueMangaCine\" \/>\n<meta property=\"article:modified_time\" content=\"2026-02-25T14:22:27+00:00\" \/>\n<meta property=\"og:image\" content=\"https:\/\/repliquemangacine.fr\/wp-content\/uploads\/2023\/11\/Colt-Navy-1851.jpg\" \/>\n\t<meta property=\"og:image:width\" content=\"500\" \/>\n\t<meta property=\"og:image:height\" content=\"500\" \/>\n\t<meta property=\"og:image:type\" content=\"image\/jpeg\" \/>\n<meta name=\"twitter:card\" content=\"summary_large_image\" \/>\n<meta name=\"twitter:label1\" content=\"Est. reading time\" \/>\n\t<meta name=\"twitter:data1\" content=\"3 minutes\" \/>\n<script type=\"application\/ld+json\" class=\"yoast-schema-graph\">{\"@context\":\"https:\\\/\\\/schema.org\",\"@graph\":[{\"@type\":\"WebPage\",\"@id\":\"https:\\\/\\\/repliquemangacine.fr\\\/colt-revolver-western\\\/colt-navy-1851-kolser\\\/\",\"url\":\"https:\\\/\\\/repliquemangacine.fr\\\/colt-revolver-western\\\/colt-navy-1851-kolser\\\/\",\"name\":\"Colt Navy 1851 Kolser - R\u00e9plique d'armes Kolser | R\u00e9plique Manga Cin\u00e9\",\"isPartOf\":{\"@id\":\"https:\\\/\\\/repliquemangacine.fr\\\/#website\"},\"primaryImageOfPage\":{\"@id\":\"https:\\\/\\\/repliquemangacine.fr\\\/colt-revolver-western\\\/colt-navy-1851-kolser\\\/#primaryimage\"},\"image\":{\"@id\":\"https:\\\/\\\/repliquemangacine.fr\\\/colt-revolver-western\\\/colt-navy-1851-kolser\\\/#primaryimage\"},\"thumbnailUrl\":\"https:\\\/\\\/repliquemangacine.fr\\\/wp-content\\\/uploads\\\/2023\\\/11\\\/Colt-Navy-1851.jpg\",\"datePublished\":\"2023-11-13T14:05:31+00:00\",\"dateModified\":\"2026-02-25T14:22:27+00:00\",\"description\":\"D\u00e9couvrez cette magnifique r\u00e9plique du Colt Navy 1851 de la marque Kolser au meilleur prix. Tout en acier. Crosse en bois. M\u00e9canisme fonctionnel. L. 35 cm\",\"breadcrumb\":{\"@id\":\"https:\\\/\\\/repliquemangacine.fr\\\/colt-revolver-western\\\/colt-navy-1851-kolser\\\/#breadcrumb\"},\"inLanguage\":\"en-US\",\"potentialAction\":[{\"@type\":\"ReadAction\",\"target\":[\"https:\\\/\\\/repliquemangacine.fr\\\/colt-revolver-western\\\/colt-navy-1851-kolser\\\/\"]}]},{\"@type\":\"ImageObject\",\"inLanguage\":\"en-US\",\"@id\":\"https:\\\/\\\/repliquemangacine.fr\\\/colt-revolver-western\\\/colt-navy-1851-kolser\\\/#primaryimage\",\"url\":\"https:\\\/\\\/repliquemangacine.fr\\\/wp-content\\\/uploads\\\/2023\\\/11\\\/Colt-Navy-1851.jpg\",\"contentUrl\":\"https:\\\/\\\/repliquemangacine.fr\\\/wp-content\\\/uploads\\\/2023\\\/11\\\/Colt-Navy-1851.jpg\",\"width\":500,\"height\":500,\"caption\":\"Colt Navy 1851\"},{\"@type\":\"BreadcrumbList\",\"@id\":\"https:\\\/\\\/repliquemangacine.fr\\\/colt-revolver-western\\\/colt-navy-1851-kolser\\\/#breadcrumb\",\"itemListElement\":[{\"@type\":\"ListItem\",\"position\":1,\"name\":\"Accueil\",\"item\":\"https:\\\/\\\/repliquemangacine.fr\\\/\"},{\"@type\":\"ListItem\",\"position\":2,\"name\":\"Produits\",\"item\":\"https:\\\/\\\/repliquemangacine.fr\\\/boutique\\\/\"},{\"@type\":\"ListItem\",\"position\":3,\"name\":\"Colt Navy 1851 Kolser\"}]},{\"@type\":\"WebSite\",\"@id\":\"https:\\\/\\\/repliquemangacine.fr\\\/#website\",\"url\":\"https:\\\/\\\/repliquemangacine.fr\\\/\",\"name\":\"R\u00e9plique Manga Cin\u00e9\",\"description\":\"\",\"publisher\":{\"@id\":\"https:\\\/\\\/repliquemangacine.fr\\\/#organization\"},\"potentialAction\":[{\"@type\":\"SearchAction\",\"target\":{\"@type\":\"EntryPoint\",\"urlTemplate\":\"https:\\\/\\\/repliquemangacine.fr\\\/?s={search_term_string}\"},\"query-input\":{\"@type\":\"PropertyValueSpecification\",\"valueRequired\":true,\"valueName\":\"search_term_string\"}}],\"inLanguage\":\"en-US\"},{\"@type\":\"Organization\",\"@id\":\"https:\\\/\\\/repliquemangacine.fr\\\/#organization\",\"name\":\"R\u00e9plique Manga Cin\u00e9\",\"url\":\"https:\\\/\\\/repliquemangacine.fr\\\/\",\"logo\":{\"@type\":\"ImageObject\",\"inLanguage\":\"en-US\",\"@id\":\"https:\\\/\\\/repliquemangacine.fr\\\/#\\\/schema\\\/logo\\\/image\\\/\",\"url\":\"https:\\\/\\\/repliquemangacine.fr\\\/wp-content\\\/uploads\\\/2023\\\/10\\\/RMC-500250.png\",\"contentUrl\":\"https:\\\/\\\/repliquemangacine.fr\\\/wp-content\\\/uploads\\\/2023\\\/10\\\/RMC-500250.png\",\"width\":500,\"height\":250,\"caption\":\"R\u00e9plique Manga Cin\u00e9\"},\"image\":{\"@id\":\"https:\\\/\\\/repliquemangacine.fr\\\/#\\\/schema\\\/logo\\\/image\\\/\"},\"sameAs\":[\"https:\\\/\\\/www.facebook.com\\\/RepliqueMangaCine\",\"https:\\\/\\\/www.instagram.com\\\/repliquemangacine.fr\\\/\"]}]}<\/script>\n<!-- \/ Yoast SEO plugin. -->","yoast_head_json":{"title":"Colt Navy 1851 Kolser - Kolser Replica Gun | R\u00e9plique Manga Cin\u00e9","description":"Discover this magnificent Colt Navy 1851 replica from Kolser at the best price. All steel. Wooden stock. Functional mechanism. L. 35 cm","robots":{"index":"index","follow":"follow","max-snippet":"max-snippet:-1","max-image-preview":"max-image-preview:large","max-video-preview":"max-video-preview:-1"},"canonical":"https:\/\/repliquemangacine.fr\/en\/colt-revolver-western\/colt-navy-1851-kolser\/","og_locale":"en_US","og_type":"article","og_title":"Colt Navy 1851 Kolser - R\u00e9plique d'armes Kolser | R\u00e9plique Manga Cin\u00e9","og_description":"D\u00e9couvrez cette magnifique r\u00e9plique du Colt Navy 1851 de la marque Kolser au meilleur prix. Tout en acier. Crosse en bois. M\u00e9canisme fonctionnel. L. 35 cm","og_url":"https:\/\/repliquemangacine.fr\/en\/colt-revolver-western\/colt-navy-1851-kolser\/","og_site_name":"R\u00e9plique Manga Cin\u00e9","article_publisher":"https:\/\/www.facebook.com\/RepliqueMangaCine","article_modified_time":"2026-02-25T14:22:27+00:00","og_image":[{"width":500,"height":500,"url":"https:\/\/repliquemangacine.fr\/wp-content\/uploads\/2023\/11\/Colt-Navy-1851.jpg","type":"image\/jpeg"}],"twitter_card":"summary_large_image","twitter_misc":{"Est. reading time":"3 minutes"},"schema":{"@context":"https:\/\/schema.org","@graph":[{"@type":"WebPage","@id":"https:\/\/repliquemangacine.fr\/colt-revolver-western\/colt-navy-1851-kolser\/","url":"https:\/\/repliquemangacine.fr\/colt-revolver-western\/colt-navy-1851-kolser\/","name":"Colt Navy 1851 Kolser - Kolser Replica Gun | R\u00e9plique Manga Cin\u00e9","isPartOf":{"@id":"https:\/\/repliquemangacine.fr\/#website"},"primaryImageOfPage":{"@id":"https:\/\/repliquemangacine.fr\/colt-revolver-western\/colt-navy-1851-kolser\/#primaryimage"},"image":{"@id":"https:\/\/repliquemangacine.fr\/colt-revolver-western\/colt-navy-1851-kolser\/#primaryimage"},"thumbnailUrl":"https:\/\/repliquemangacine.fr\/wp-content\/uploads\/2023\/11\/Colt-Navy-1851.jpg","datePublished":"2023-11-13T14:05:31+00:00","dateModified":"2026-02-25T14:22:27+00:00","description":"Discover this magnificent Colt Navy 1851 replica from Kolser at the best price. All steel. Wooden stock. Functional mechanism. L. 35 cm","breadcrumb":{"@id":"https:\/\/repliquemangacine.fr\/colt-revolver-western\/colt-navy-1851-kolser\/#breadcrumb"},"inLanguage":"en-US","potentialAction":[{"@type":"ReadAction","target":["https:\/\/repliquemangacine.fr\/colt-revolver-western\/colt-navy-1851-kolser\/"]}]},{"@type":"ImageObject","inLanguage":"en-US","@id":"https:\/\/repliquemangacine.fr\/colt-revolver-western\/colt-navy-1851-kolser\/#primaryimage","url":"https:\/\/repliquemangacine.fr\/wp-content\/uploads\/2023\/11\/Colt-Navy-1851.jpg","contentUrl":"https:\/\/repliquemangacine.fr\/wp-content\/uploads\/2023\/11\/Colt-Navy-1851.jpg","width":500,"height":500,"caption":"Colt Navy 1851"},{"@type":"BreadcrumbList","@id":"https:\/\/repliquemangacine.fr\/colt-revolver-western\/colt-navy-1851-kolser\/#breadcrumb","itemListElement":[{"@type":"ListItem","position":1,"name":"Accueil","item":"https:\/\/repliquemangacine.fr\/"},{"@type":"ListItem","position":2,"name":"Produits","item":"https:\/\/repliquemangacine.fr\/boutique\/"},{"@type":"ListItem","position":3,"name":"Colt Navy 1851 Kolser"}]},{"@type":"WebSite","@id":"https:\/\/repliquemangacine.fr\/#website","url":"https:\/\/repliquemangacine.fr\/","name":"R\u00e9plique Manga Cin\u00e9","description":"","publisher":{"@id":"https:\/\/repliquemangacine.fr\/#organization"},"potentialAction":[{"@type":"SearchAction","target":{"@type":"EntryPoint","urlTemplate":"https:\/\/repliquemangacine.fr\/?s={search_term_string}"},"query-input":{"@type":"PropertyValueSpecification","valueRequired":true,"valueName":"search_term_string"}}],"inLanguage":"en-US"},{"@type":"Organization","@id":"https:\/\/repliquemangacine.fr\/#organization","name":"R\u00e9plique Manga Cin\u00e9","url":"https:\/\/repliquemangacine.fr\/","logo":{"@type":"ImageObject","inLanguage":"en-US","@id":"https:\/\/repliquemangacine.fr\/#\/schema\/logo\/image\/","url":"https:\/\/repliquemangacine.fr\/wp-content\/uploads\/2023\/10\/RMC-500250.png","contentUrl":"https:\/\/repliquemangacine.fr\/wp-content\/uploads\/2023\/10\/RMC-500250.png","width":500,"height":250,"caption":"R\u00e9plique Manga Cin\u00e9"},"image":{"@id":"https:\/\/repliquemangacine.fr\/#\/schema\/logo\/image\/"},"sameAs":["https:\/\/www.facebook.com\/RepliqueMangaCine","https:\/\/www.instagram.com\/repliquemangacine.fr\/"]}]}},"_links":{"self":[{"href":"https:\/\/repliquemangacine.fr\/en\/wp-json\/wp\/v2\/product\/65404","targetHints":{"allow":["GET"]}}],"collection":[{"href":"https:\/\/repliquemangacine.fr\/en\/wp-json\/wp\/v2\/product"}],"about":[{"href":"https:\/\/repliquemangacine.fr\/en\/wp-json\/wp\/v2\/types\/product"}],"wp:featuredmedia":[{"embeddable":true,"href":"https:\/\/repliquemangacine.fr\/en\/wp-json\/wp\/v2\/media\/65405"}],"wp:attachment":[{"href":"https:\/\/repliquemangacine.fr\/en\/wp-json\/wp\/v2\/media?parent=65404"}],"wp:term":[{"taxonomy":"product_brand","embeddable":true,"href":"https:\/\/repliquemangacine.fr\/en\/wp-json\/wp\/v2\/product_brand?post=65404"},{"taxonomy":"product_cat","embeddable":true,"href":"https:\/\/repliquemangacine.fr\/en\/wp-json\/wp\/v2\/product_cat?post=65404"},{"taxonomy":"product_tag","embeddable":true,"href":"https:\/\/repliquemangacine.fr\/en\/wp-json\/wp\/v2\/product_tag?post=65404"}],"curies":[{"name":"wp","href":"https:\/\/api.w.org\/{rel}","templated":true}]}}