





{"id":65238,"date":"2023-11-13T11:12:10","date_gmt":"2023-11-13T10:12:10","guid":{"rendered":"https:\/\/repliquemangacine.fr\/?post_type=product&#038;p=65238"},"modified":"2026-04-14T12:08:32","modified_gmt":"2026-04-14T10:08:32","slug":"colt-navy-1862-black-and-brass-kolser","status":"publish","type":"product","link":"https:\/\/repliquemangacine.fr\/en\/arme-kolser\/colt-navy-1862-noir-et-laiton-kolser\/","title":{"rendered":"Colt Navy 1862 brass - Kolser"},"content":{"rendered":"<h2>Replica of Kolser's 1862 Colt Navy Confederate<\/h2>\n<p>First of all, the <strong>Colt Navy 1862 brass<\/strong> Kolser's aged gun faithfully recreates the pistol originally designed by Samuel Colt and carried by Confederate soldiers during the American Civil War. Although based on the 1851 model, this replica features a cylindrical barrel in place of the octagonal design.<\/p>\n<p>Kolser faithfully reproduces the dimensions of the authentic weapon, guaranteeing a faithful reproduction, while its weight closely matches that of the original. This replica features a functional three-position mechanism and a six-chamber cylinder.<\/p>\n<h3>The Historical Legacy of the Colt Navy 1862 in the American Civil War<\/h3>\n<p>Iconic Civil War revolver. Appreciated for its reliability, accuracy and maneuverability. Used by both sides, the Union and the Confederacy, this revolver played a key role in many battles. Its innovative design marked the evolution of firearms, influencing future models.<\/p>\n<h2>The Colt Navy 1862 Brass: A Choice Investment for History Lovers<\/h2>\n<p>This <strong>Colt Navy 1862 brass<\/strong>Kolser's faithfully reproduced model represents an opportunity for collectors and history buffs alike. This replica, combining quality and affordability, offers a unique chance to own a piece of history without breaking the bank. Crafted with attention to detail, the revolver captures the essence and spirit of the original while remaining affordable.<\/p>\n<p>These replicas are designed to faithfully reflect the characteristics of the original model, including its renowned precision and reliability. Careful attention to every detail, from engraving to finishing, makes each piece a valuable collector's item.<\/p>\n<h3>Quality-price ratio of Kolser replicas<\/h3>\n<p>So, by choosing Kolser, collectors benefit from excellent value for money. What's more, the affordability of these replicas makes them ideal for those wishing to start or expand their collection. There are several models to choose from, such as the <a href=\"https:\/\/repliquemangacine.fr\/en\/kolser-gun\/colt-thunderer-mother-of-pearl-stock\/\">Colt Thunderer<\/a> and its mother-of-pearl handle, or the <a href=\"https:\/\/repliquemangacine.fr\/en\/kolser-gun\/mares-leg-55cm-brass-kolser\/\">winchester Mare's Leg<\/a> by Josh Randall.<\/p>\n<h2>Why Choose Kolser for Your Colt Navy 1862 Replica?<\/h2>\n<p><a href=\"https:\/\/kolser.com\/fr\/produit\/replica-colt-navy-confederate-1862\/\" target=\"_blank\" rel=\"noopener noreferrer\">Kolser<\/a> has established itself as the preferred choice for replicas of historic weapons, and the <strong>Colt Navy 1862 brass<\/strong> is no exception. Kolser replicas are distinguished by their faithfulness to the original design. Their build quality and affordable price make this brand an essential choice for collectors.<\/p>\n<p>The Kolser brand has gained recognition in the gun reproduction market for its outstanding commitment to superior quality and the remarkable realism of its replicas. This is achieved through meticulous part-by-part design and a meticulous hand assembly process, guaranteeing unrivalled attention to detail.<\/p>\n<h3>The Distinctive Advantages of Kolser Replicas<\/h3>\n<p>In conclusion, choosing a Kolser replica means choosing excellence in the reproduction of historic weapons. What's more, Kolser uses quality materials to guarantee durability and aesthetics.<\/p>","protected":false},"excerpt":{"rendered":"<p>Absolutely stunning replica of the Colt Navy 1862 brass Kolser.<\/p>\n<ul>\n<li>In metal and brass<\/li>\n<li>Wooden stock.<\/li>\n<li>Functional mechanism.<\/li>\n<li>Engraving on both sides of the barrel<\/li>\n<li>Refillable rotary drum chamber suitable for firecracker primers.<\/li>\n<li>Supplied in boxed set.<\/li>\n<li>Total length: 35 cm<\/li>\n<\/ul>\n<p><iframe title=\"YouTube video player\" src=\"https:\/\/www.youtube.com\/embed\/6lT4fGB7hAc?si=kmY9Kajzr3u-F2Ah\" width=\"560\" height=\"315\" frameborder=\"0\" allowfullscreen=\"allowfullscreen\"><\/iframe><\/p>","protected":false},"featured_media":65246,"template":"","meta":[],"product_brand":[896],"product_cat":[100,34,33,77,28,64,27],"product_tag":[],"class_list":{"0":"post-65238","1":"product","2":"type-product","3":"status-publish","4":"has-post-thumbnail","6":"product_brand-replique-manga-cine","7":"product_cat-arme-kolser","8":"product_cat-armes-westerns","9":"product_cat-colt-pistolet","10":"product_cat-colt-revolver-western","11":"product_cat-repliques-darmes","12":"product_cat-western-repliques-armes","13":"product_cat-armes-et-accessoires-western","15":"first","16":"outofstock","17":"taxable","18":"shipping-taxable","19":"purchasable","20":"product-type-simple"},"yoast_head":"<!-- This site is optimized with the Yoast SEO plugin v27.4 - https:\/\/yoast.com\/product\/yoast-seo-wordpress\/ -->\n<title>Colt Navy 1862 laiton - Kolser - R\u00e9pliques d&#039;armes westerns | RMC<\/title>\n<meta name=\"description\" content=\"D\u00e9couvrez cette superbe r\u00e9plique du Colt Navy 1862 laiton de la marque Kolser. Finitions absolument remarquables. M\u00e9canisme fonctionnel. Haute qualit\u00e9.\" \/>\n<meta name=\"robots\" content=\"index, follow, max-snippet:-1, max-image-preview:large, max-video-preview:-1\" \/>\n<link rel=\"canonical\" href=\"https:\/\/repliquemangacine.fr\/en\/kolser-gun\/colt-navy-1862-black-and-brass-kolser\/\" \/>\n<meta property=\"og:locale\" content=\"en_US\" \/>\n<meta property=\"og:type\" content=\"article\" \/>\n<meta property=\"og:title\" content=\"Colt Navy 1862 laiton - Kolser - R\u00e9pliques d&#039;armes westerns | RMC\" \/>\n<meta property=\"og:description\" content=\"D\u00e9couvrez cette superbe r\u00e9plique du Colt Navy 1862 laiton de la marque Kolser. Finitions absolument remarquables. M\u00e9canisme fonctionnel. Haute qualit\u00e9.\" \/>\n<meta property=\"og:url\" content=\"https:\/\/repliquemangacine.fr\/en\/kolser-gun\/colt-navy-1862-black-and-brass-kolser\/\" \/>\n<meta property=\"og:site_name\" content=\"R\u00e9plique Manga Cin\u00e9\" \/>\n<meta property=\"article:publisher\" content=\"https:\/\/www.facebook.com\/RepliqueMangaCine\" \/>\n<meta property=\"article:modified_time\" content=\"2026-04-14T10:08:32+00:00\" \/>\n<meta property=\"og:image\" content=\"https:\/\/repliquemangacine.fr\/wp-content\/uploads\/2023\/11\/colt-navy-1862-laiton-vieilli.jpg\" \/>\n\t<meta property=\"og:image:width\" content=\"500\" \/>\n\t<meta property=\"og:image:height\" content=\"500\" \/>\n\t<meta property=\"og:image:type\" content=\"image\/jpeg\" \/>\n<meta name=\"twitter:card\" content=\"summary_large_image\" \/>\n<meta name=\"twitter:label1\" content=\"Est. reading time\" \/>\n\t<meta name=\"twitter:data1\" content=\"3 minutes\" \/>\n<script type=\"application\/ld+json\" class=\"yoast-schema-graph\">{\"@context\":\"https:\\\/\\\/schema.org\",\"@graph\":[{\"@type\":\"WebPage\",\"@id\":\"https:\\\/\\\/repliquemangacine.fr\\\/arme-kolser\\\/colt-navy-1862-noir-et-laiton-kolser\\\/\",\"url\":\"https:\\\/\\\/repliquemangacine.fr\\\/arme-kolser\\\/colt-navy-1862-noir-et-laiton-kolser\\\/\",\"name\":\"Colt Navy 1862 laiton - Kolser - R\u00e9pliques d'armes westerns | RMC\",\"isPartOf\":{\"@id\":\"https:\\\/\\\/repliquemangacine.fr\\\/#website\"},\"primaryImageOfPage\":{\"@id\":\"https:\\\/\\\/repliquemangacine.fr\\\/arme-kolser\\\/colt-navy-1862-noir-et-laiton-kolser\\\/#primaryimage\"},\"image\":{\"@id\":\"https:\\\/\\\/repliquemangacine.fr\\\/arme-kolser\\\/colt-navy-1862-noir-et-laiton-kolser\\\/#primaryimage\"},\"thumbnailUrl\":\"https:\\\/\\\/repliquemangacine.fr\\\/wp-content\\\/uploads\\\/2023\\\/11\\\/colt-navy-1862-laiton-vieilli.jpg\",\"datePublished\":\"2023-11-13T10:12:10+00:00\",\"dateModified\":\"2026-04-14T10:08:32+00:00\",\"description\":\"D\u00e9couvrez cette superbe r\u00e9plique du Colt Navy 1862 laiton de la marque Kolser. Finitions absolument remarquables. M\u00e9canisme fonctionnel. Haute qualit\u00e9.\",\"breadcrumb\":{\"@id\":\"https:\\\/\\\/repliquemangacine.fr\\\/arme-kolser\\\/colt-navy-1862-noir-et-laiton-kolser\\\/#breadcrumb\"},\"inLanguage\":\"en-US\",\"potentialAction\":[{\"@type\":\"ReadAction\",\"target\":[\"https:\\\/\\\/repliquemangacine.fr\\\/arme-kolser\\\/colt-navy-1862-noir-et-laiton-kolser\\\/\"]}]},{\"@type\":\"ImageObject\",\"inLanguage\":\"en-US\",\"@id\":\"https:\\\/\\\/repliquemangacine.fr\\\/arme-kolser\\\/colt-navy-1862-noir-et-laiton-kolser\\\/#primaryimage\",\"url\":\"https:\\\/\\\/repliquemangacine.fr\\\/wp-content\\\/uploads\\\/2023\\\/11\\\/colt-navy-1862-laiton-vieilli.jpg\",\"contentUrl\":\"https:\\\/\\\/repliquemangacine.fr\\\/wp-content\\\/uploads\\\/2023\\\/11\\\/colt-navy-1862-laiton-vieilli.jpg\",\"width\":500,\"height\":500,\"caption\":\"Colt Navy 1862 laiton Kolser\"},{\"@type\":\"BreadcrumbList\",\"@id\":\"https:\\\/\\\/repliquemangacine.fr\\\/arme-kolser\\\/colt-navy-1862-noir-et-laiton-kolser\\\/#breadcrumb\",\"itemListElement\":[{\"@type\":\"ListItem\",\"position\":1,\"name\":\"Accueil\",\"item\":\"https:\\\/\\\/repliquemangacine.fr\\\/\"},{\"@type\":\"ListItem\",\"position\":2,\"name\":\"Produits\",\"item\":\"https:\\\/\\\/repliquemangacine.fr\\\/boutique\\\/\"},{\"@type\":\"ListItem\",\"position\":3,\"name\":\"Colt Navy 1862 laiton &#8211; Kolser\"}]},{\"@type\":\"WebSite\",\"@id\":\"https:\\\/\\\/repliquemangacine.fr\\\/#website\",\"url\":\"https:\\\/\\\/repliquemangacine.fr\\\/\",\"name\":\"R\u00e9plique Manga Cin\u00e9\",\"description\":\"\",\"publisher\":{\"@id\":\"https:\\\/\\\/repliquemangacine.fr\\\/#organization\"},\"potentialAction\":[{\"@type\":\"SearchAction\",\"target\":{\"@type\":\"EntryPoint\",\"urlTemplate\":\"https:\\\/\\\/repliquemangacine.fr\\\/?s={search_term_string}\"},\"query-input\":{\"@type\":\"PropertyValueSpecification\",\"valueRequired\":true,\"valueName\":\"search_term_string\"}}],\"inLanguage\":\"en-US\"},{\"@type\":\"Organization\",\"@id\":\"https:\\\/\\\/repliquemangacine.fr\\\/#organization\",\"name\":\"R\u00e9plique Manga Cin\u00e9\",\"url\":\"https:\\\/\\\/repliquemangacine.fr\\\/\",\"logo\":{\"@type\":\"ImageObject\",\"inLanguage\":\"en-US\",\"@id\":\"https:\\\/\\\/repliquemangacine.fr\\\/#\\\/schema\\\/logo\\\/image\\\/\",\"url\":\"https:\\\/\\\/repliquemangacine.fr\\\/wp-content\\\/uploads\\\/2023\\\/10\\\/RMC-500250.png\",\"contentUrl\":\"https:\\\/\\\/repliquemangacine.fr\\\/wp-content\\\/uploads\\\/2023\\\/10\\\/RMC-500250.png\",\"width\":500,\"height\":250,\"caption\":\"R\u00e9plique Manga Cin\u00e9\"},\"image\":{\"@id\":\"https:\\\/\\\/repliquemangacine.fr\\\/#\\\/schema\\\/logo\\\/image\\\/\"},\"sameAs\":[\"https:\\\/\\\/www.facebook.com\\\/RepliqueMangaCine\",\"https:\\\/\\\/www.instagram.com\\\/repliquemangacine.fr\\\/\"]}]}<\/script>\n<!-- \/ Yoast SEO plugin. -->","yoast_head_json":{"title":"Colt Navy 1862 brass - Kolser - Western Weapons Replicas | RMC","description":"Discover this superb Colt Navy 1862 brass replica from Kolser. Remarkable finish. Functional mechanism. High quality.","robots":{"index":"index","follow":"follow","max-snippet":"max-snippet:-1","max-image-preview":"max-image-preview:large","max-video-preview":"max-video-preview:-1"},"canonical":"https:\/\/repliquemangacine.fr\/en\/kolser-gun\/colt-navy-1862-black-and-brass-kolser\/","og_locale":"en_US","og_type":"article","og_title":"Colt Navy 1862 laiton - Kolser - R\u00e9pliques d'armes westerns | RMC","og_description":"D\u00e9couvrez cette superbe r\u00e9plique du Colt Navy 1862 laiton de la marque Kolser. Finitions absolument remarquables. M\u00e9canisme fonctionnel. Haute qualit\u00e9.","og_url":"https:\/\/repliquemangacine.fr\/en\/kolser-gun\/colt-navy-1862-black-and-brass-kolser\/","og_site_name":"R\u00e9plique Manga Cin\u00e9","article_publisher":"https:\/\/www.facebook.com\/RepliqueMangaCine","article_modified_time":"2026-04-14T10:08:32+00:00","og_image":[{"width":500,"height":500,"url":"https:\/\/repliquemangacine.fr\/wp-content\/uploads\/2023\/11\/colt-navy-1862-laiton-vieilli.jpg","type":"image\/jpeg"}],"twitter_card":"summary_large_image","twitter_misc":{"Est. reading time":"3 minutes"},"schema":{"@context":"https:\/\/schema.org","@graph":[{"@type":"WebPage","@id":"https:\/\/repliquemangacine.fr\/arme-kolser\/colt-navy-1862-noir-et-laiton-kolser\/","url":"https:\/\/repliquemangacine.fr\/arme-kolser\/colt-navy-1862-noir-et-laiton-kolser\/","name":"Colt Navy 1862 brass - Kolser - Western Weapons Replicas | RMC","isPartOf":{"@id":"https:\/\/repliquemangacine.fr\/#website"},"primaryImageOfPage":{"@id":"https:\/\/repliquemangacine.fr\/arme-kolser\/colt-navy-1862-noir-et-laiton-kolser\/#primaryimage"},"image":{"@id":"https:\/\/repliquemangacine.fr\/arme-kolser\/colt-navy-1862-noir-et-laiton-kolser\/#primaryimage"},"thumbnailUrl":"https:\/\/repliquemangacine.fr\/wp-content\/uploads\/2023\/11\/colt-navy-1862-laiton-vieilli.jpg","datePublished":"2023-11-13T10:12:10+00:00","dateModified":"2026-04-14T10:08:32+00:00","description":"Discover this superb Colt Navy 1862 brass replica from Kolser. Remarkable finish. Functional mechanism. High quality.","breadcrumb":{"@id":"https:\/\/repliquemangacine.fr\/arme-kolser\/colt-navy-1862-noir-et-laiton-kolser\/#breadcrumb"},"inLanguage":"en-US","potentialAction":[{"@type":"ReadAction","target":["https:\/\/repliquemangacine.fr\/arme-kolser\/colt-navy-1862-noir-et-laiton-kolser\/"]}]},{"@type":"ImageObject","inLanguage":"en-US","@id":"https:\/\/repliquemangacine.fr\/arme-kolser\/colt-navy-1862-noir-et-laiton-kolser\/#primaryimage","url":"https:\/\/repliquemangacine.fr\/wp-content\/uploads\/2023\/11\/colt-navy-1862-laiton-vieilli.jpg","contentUrl":"https:\/\/repliquemangacine.fr\/wp-content\/uploads\/2023\/11\/colt-navy-1862-laiton-vieilli.jpg","width":500,"height":500,"caption":"Colt Navy 1862 laiton Kolser"},{"@type":"BreadcrumbList","@id":"https:\/\/repliquemangacine.fr\/arme-kolser\/colt-navy-1862-noir-et-laiton-kolser\/#breadcrumb","itemListElement":[{"@type":"ListItem","position":1,"name":"Accueil","item":"https:\/\/repliquemangacine.fr\/"},{"@type":"ListItem","position":2,"name":"Produits","item":"https:\/\/repliquemangacine.fr\/boutique\/"},{"@type":"ListItem","position":3,"name":"Colt Navy 1862 laiton &#8211; Kolser"}]},{"@type":"WebSite","@id":"https:\/\/repliquemangacine.fr\/#website","url":"https:\/\/repliquemangacine.fr\/","name":"R\u00e9plique Manga Cin\u00e9","description":"","publisher":{"@id":"https:\/\/repliquemangacine.fr\/#organization"},"potentialAction":[{"@type":"SearchAction","target":{"@type":"EntryPoint","urlTemplate":"https:\/\/repliquemangacine.fr\/?s={search_term_string}"},"query-input":{"@type":"PropertyValueSpecification","valueRequired":true,"valueName":"search_term_string"}}],"inLanguage":"en-US"},{"@type":"Organization","@id":"https:\/\/repliquemangacine.fr\/#organization","name":"R\u00e9plique Manga Cin\u00e9","url":"https:\/\/repliquemangacine.fr\/","logo":{"@type":"ImageObject","inLanguage":"en-US","@id":"https:\/\/repliquemangacine.fr\/#\/schema\/logo\/image\/","url":"https:\/\/repliquemangacine.fr\/wp-content\/uploads\/2023\/10\/RMC-500250.png","contentUrl":"https:\/\/repliquemangacine.fr\/wp-content\/uploads\/2023\/10\/RMC-500250.png","width":500,"height":250,"caption":"R\u00e9plique Manga Cin\u00e9"},"image":{"@id":"https:\/\/repliquemangacine.fr\/#\/schema\/logo\/image\/"},"sameAs":["https:\/\/www.facebook.com\/RepliqueMangaCine","https:\/\/www.instagram.com\/repliquemangacine.fr\/"]}]}},"_links":{"self":[{"href":"https:\/\/repliquemangacine.fr\/en\/wp-json\/wp\/v2\/product\/65238","targetHints":{"allow":["GET"]}}],"collection":[{"href":"https:\/\/repliquemangacine.fr\/en\/wp-json\/wp\/v2\/product"}],"about":[{"href":"https:\/\/repliquemangacine.fr\/en\/wp-json\/wp\/v2\/types\/product"}],"wp:featuredmedia":[{"embeddable":true,"href":"https:\/\/repliquemangacine.fr\/en\/wp-json\/wp\/v2\/media\/65246"}],"wp:attachment":[{"href":"https:\/\/repliquemangacine.fr\/en\/wp-json\/wp\/v2\/media?parent=65238"}],"wp:term":[{"taxonomy":"product_brand","embeddable":true,"href":"https:\/\/repliquemangacine.fr\/en\/wp-json\/wp\/v2\/product_brand?post=65238"},{"taxonomy":"product_cat","embeddable":true,"href":"https:\/\/repliquemangacine.fr\/en\/wp-json\/wp\/v2\/product_cat?post=65238"},{"taxonomy":"product_tag","embeddable":true,"href":"https:\/\/repliquemangacine.fr\/en\/wp-json\/wp\/v2\/product_tag?post=65238"}],"curies":[{"name":"wp","href":"https:\/\/api.w.org\/{rel}","templated":true}]}}