





{"id":65231,"date":"2023-11-12T12:55:42","date_gmt":"2023-11-12T11:55:42","guid":{"rendered":"https:\/\/repliquemangacine.fr\/?post_type=product&#038;p=65231"},"modified":"2025-11-18T16:14:06","modified_gmt":"2025-11-18T15:14:06","slug":"kakashi-hatake-figurine","status":"publish","type":"product","link":"https:\/\/repliquemangacine.fr\/en\/figurine-naruto\/figurine-kakashi-hatake\/","title":{"rendered":"Kakashi Hatake action figure"},"content":{"rendered":"<h2>Kakashi Hatake figures: Immersion in the Naruto Universe<\/h2>\n<p>To get started, discover our <strong>Kakashi Hatake figurine<\/strong>from the Naruto universe. First and foremost, the figure of Kakashi, the legendary copy ninja, is crafted with meticulous attention to detail. The result is a faithful and impressive representation of this iconic character.<\/p>\n<p>It's worth pointing out that this figurine of Kakashi when he summons: the Fang Stalker squad.<\/p>\n<p>This figurine is the perfect embodiment of Kakashi's spirit and strength, paying tribute to his crucial role in the series.<\/p>\n<h3>Kakashi Hatake: An Iconic Collectible Character<\/h3>\n<p>Our Kakashi Hatake figurine isn't just a collector's item, it's a symbol of the ingenuity and power of this beloved character. By including it in your collection, you're not only celebrating the character of <a href=\"https:\/\/naruto.fandom.com\/fr\/wiki\/Kakashi_Hatake\" target=\"_blank\" rel=\"noopener noreferrer\">Kakashi<\/a>but also the rich and exciting heritage of the Naruto series.<\/p>\n<h2>Exceptional service for your Kakashi Hatake figures<\/h2>\n<p>At R\u00e9plique Manga Cin\u00e9, the purchase of your <strong>Kakashi Hatake figurine<\/strong> is backed by unrivalled customer service. Whether it's a figurine or a <a href=\"https:\/\/repliquemangacine.fr\/en\/katana-naruto\/\">Naruto katana<\/a>. We pay particular attention to the packaging of each item, guaranteeing delivery in perfect condition. And with our fast 24\/48h delivery service, you won't have long to wait to welcome Kakashi home.<\/p>\n<h3>Secure Payment and Customer Support for a Worry-Free Experience<\/h3>\n<p>We understand the importance of security and trust when shopping online. That's why we offer a secure 100% payment process for your Kakashi Hatake figurine. And if you have any questions, our dedicated customer service team is here to assist and advise you every step of the way.<\/p>\n<h2>Choose Quality with our Naruto Figurines<\/h2>\n<p>When you choose a Naruto figurine from our collection, you're choosing top quality. These figurines are the result of meticulous craftsmanship, combining durability and artistic fidelity. They may be unofficial, but they're built to last, and to bring a touch of the Naruto universe to your personal or professional space.<\/p>\n<h3>Unbeatable value for money for Kakashi Hatake<\/h3>\n<p>We're proud to offer Naruto figurines at exceptional value for money. For example: the <a href=\"https:\/\/repliquemangacine.fr\/en\/naruto-figurine\/naruto-rikudo-sennin-figurine\/\">Naruto Rikudo figurine<\/a> Sennin.<\/p>\n<p>Each figurine is an investment in your passion for Naruto. Adding value to your collection without adding to your budget.<\/p>\n<p>In conclusion, with R\u00e9plique Manga Cin\u00e9, owning an exceptional coin is within everyone's reach, and without blowing your wallet.<\/p>","protected":false},"excerpt":{"rendered":"<p>Superb figurine <strong>unofficial<\/strong> of the character Kakashi Hatake in Naruto.<\/p>\n<ul>\n<li>All-PVC<\/li>\n<li>Finely detailed<\/li>\n<li>Height: 18 cm<\/li>\n<li>Supplied with display box.<\/li>\n<\/ul>","protected":false},"featured_media":65232,"template":"","meta":[],"product_brand":[896],"product_cat":[832,831,42],"product_tag":[],"class_list":{"0":"post-65231","1":"product","2":"type-product","3":"status-publish","4":"has-post-thumbnail","6":"product_brand-replique-manga-cine","7":"product_cat-figurine-naruto","8":"product_cat-figurines-collector","9":"product_cat-katana-goodies-naruto-kunai","11":"first","12":"instock","13":"taxable","14":"shipping-taxable","15":"purchasable","16":"product-type-simple"},"yoast_head":"<!-- This site is optimized with the Yoast SEO plugin v27.5 - https:\/\/yoast.com\/product\/yoast-seo-wordpress\/ -->\n<title>Figurine Kakashi Hatake - R\u00e9plique Manga Cin\u00e9<\/title>\n<meta name=\"description\" content=\"Venez d\u00e9couvrir votre figurine Kakashi Hatake dans Naruto au meilleur prix du march\u00e9. Tout en PVC. Finement d\u00e9taill\u00e9e. Livr\u00e9 avec sa boite vitrine. H. 18 cm\" \/>\n<meta name=\"robots\" content=\"index, follow, max-snippet:-1, max-image-preview:large, max-video-preview:-1\" \/>\n<link rel=\"canonical\" href=\"https:\/\/repliquemangacine.fr\/en\/naruto-figurine\/kakashi-hatake-figurine\/\" \/>\n<meta property=\"og:locale\" content=\"en_US\" \/>\n<meta property=\"og:type\" content=\"article\" \/>\n<meta property=\"og:title\" content=\"Figurine Kakashi Hatake - R\u00e9plique Manga Cin\u00e9\" \/>\n<meta property=\"og:description\" content=\"Venez d\u00e9couvrir votre figurine Kakashi Hatake dans Naruto au meilleur prix du march\u00e9. Tout en PVC. Finement d\u00e9taill\u00e9e. Livr\u00e9 avec sa boite vitrine. H. 18 cm\" \/>\n<meta property=\"og:url\" content=\"https:\/\/repliquemangacine.fr\/en\/naruto-figurine\/kakashi-hatake-figurine\/\" \/>\n<meta property=\"og:site_name\" content=\"R\u00e9plique Manga Cin\u00e9\" \/>\n<meta property=\"article:publisher\" content=\"https:\/\/www.facebook.com\/RepliqueMangaCine\" \/>\n<meta property=\"article:modified_time\" content=\"2025-11-18T15:14:06+00:00\" \/>\n<meta property=\"og:image\" content=\"https:\/\/repliquemangacine.fr\/wp-content\/uploads\/2023\/11\/figurine-kakashi-corps.jpg\" \/>\n\t<meta property=\"og:image:width\" content=\"500\" \/>\n\t<meta property=\"og:image:height\" content=\"500\" \/>\n\t<meta property=\"og:image:type\" content=\"image\/jpeg\" \/>\n<meta name=\"twitter:card\" content=\"summary_large_image\" \/>\n<meta name=\"twitter:label1\" content=\"Est. reading time\" \/>\n\t<meta name=\"twitter:data1\" content=\"3 minutes\" \/>\n<script type=\"application\/ld+json\" class=\"yoast-schema-graph\">{\"@context\":\"https:\\\/\\\/schema.org\",\"@graph\":[{\"@type\":\"WebPage\",\"@id\":\"https:\\\/\\\/repliquemangacine.fr\\\/figurine-naruto\\\/figurine-kakashi-hatake\\\/\",\"url\":\"https:\\\/\\\/repliquemangacine.fr\\\/figurine-naruto\\\/figurine-kakashi-hatake\\\/\",\"name\":\"Figurine Kakashi Hatake - R\u00e9plique Manga Cin\u00e9\",\"isPartOf\":{\"@id\":\"https:\\\/\\\/repliquemangacine.fr\\\/#website\"},\"primaryImageOfPage\":{\"@id\":\"https:\\\/\\\/repliquemangacine.fr\\\/figurine-naruto\\\/figurine-kakashi-hatake\\\/#primaryimage\"},\"image\":{\"@id\":\"https:\\\/\\\/repliquemangacine.fr\\\/figurine-naruto\\\/figurine-kakashi-hatake\\\/#primaryimage\"},\"thumbnailUrl\":\"https:\\\/\\\/repliquemangacine.fr\\\/wp-content\\\/uploads\\\/2023\\\/11\\\/figurine-kakashi-corps.jpg\",\"datePublished\":\"2023-11-12T11:55:42+00:00\",\"dateModified\":\"2025-11-18T15:14:06+00:00\",\"description\":\"Venez d\u00e9couvrir votre figurine Kakashi Hatake dans Naruto au meilleur prix du march\u00e9. Tout en PVC. Finement d\u00e9taill\u00e9e. Livr\u00e9 avec sa boite vitrine. H. 18 cm\",\"breadcrumb\":{\"@id\":\"https:\\\/\\\/repliquemangacine.fr\\\/figurine-naruto\\\/figurine-kakashi-hatake\\\/#breadcrumb\"},\"inLanguage\":\"en-US\",\"potentialAction\":[{\"@type\":\"ReadAction\",\"target\":[\"https:\\\/\\\/repliquemangacine.fr\\\/figurine-naruto\\\/figurine-kakashi-hatake\\\/\"]}]},{\"@type\":\"ImageObject\",\"inLanguage\":\"en-US\",\"@id\":\"https:\\\/\\\/repliquemangacine.fr\\\/figurine-naruto\\\/figurine-kakashi-hatake\\\/#primaryimage\",\"url\":\"https:\\\/\\\/repliquemangacine.fr\\\/wp-content\\\/uploads\\\/2023\\\/11\\\/figurine-kakashi-corps.jpg\",\"contentUrl\":\"https:\\\/\\\/repliquemangacine.fr\\\/wp-content\\\/uploads\\\/2023\\\/11\\\/figurine-kakashi-corps.jpg\",\"width\":500,\"height\":500,\"caption\":\"Figurine Kakashi Hatake dans Naruto\"},{\"@type\":\"BreadcrumbList\",\"@id\":\"https:\\\/\\\/repliquemangacine.fr\\\/figurine-naruto\\\/figurine-kakashi-hatake\\\/#breadcrumb\",\"itemListElement\":[{\"@type\":\"ListItem\",\"position\":1,\"name\":\"Accueil\",\"item\":\"https:\\\/\\\/repliquemangacine.fr\\\/\"},{\"@type\":\"ListItem\",\"position\":2,\"name\":\"Produits\",\"item\":\"https:\\\/\\\/repliquemangacine.fr\\\/boutique\\\/\"},{\"@type\":\"ListItem\",\"position\":3,\"name\":\"Figurine Kakashi Hatake\"}]},{\"@type\":\"WebSite\",\"@id\":\"https:\\\/\\\/repliquemangacine.fr\\\/#website\",\"url\":\"https:\\\/\\\/repliquemangacine.fr\\\/\",\"name\":\"R\u00e9plique Manga Cin\u00e9\",\"description\":\"\",\"publisher\":{\"@id\":\"https:\\\/\\\/repliquemangacine.fr\\\/#organization\"},\"potentialAction\":[{\"@type\":\"SearchAction\",\"target\":{\"@type\":\"EntryPoint\",\"urlTemplate\":\"https:\\\/\\\/repliquemangacine.fr\\\/?s={search_term_string}\"},\"query-input\":{\"@type\":\"PropertyValueSpecification\",\"valueRequired\":true,\"valueName\":\"search_term_string\"}}],\"inLanguage\":\"en-US\"},{\"@type\":\"Organization\",\"@id\":\"https:\\\/\\\/repliquemangacine.fr\\\/#organization\",\"name\":\"R\u00e9plique Manga Cin\u00e9\",\"url\":\"https:\\\/\\\/repliquemangacine.fr\\\/\",\"logo\":{\"@type\":\"ImageObject\",\"inLanguage\":\"en-US\",\"@id\":\"https:\\\/\\\/repliquemangacine.fr\\\/#\\\/schema\\\/logo\\\/image\\\/\",\"url\":\"https:\\\/\\\/repliquemangacine.fr\\\/wp-content\\\/uploads\\\/2023\\\/10\\\/RMC-500250.png\",\"contentUrl\":\"https:\\\/\\\/repliquemangacine.fr\\\/wp-content\\\/uploads\\\/2023\\\/10\\\/RMC-500250.png\",\"width\":500,\"height\":250,\"caption\":\"R\u00e9plique Manga Cin\u00e9\"},\"image\":{\"@id\":\"https:\\\/\\\/repliquemangacine.fr\\\/#\\\/schema\\\/logo\\\/image\\\/\"},\"sameAs\":[\"https:\\\/\\\/www.facebook.com\\\/RepliqueMangaCine\",\"https:\\\/\\\/www.instagram.com\\\/repliquemangacine.fr\\\/\"]}]}<\/script>\n<!-- \/ Yoast SEO plugin. -->","yoast_head_json":{"title":"Kakashi Hatake action figure - R\u00e9plique Manga Cin\u00e9","description":"Discover your Kakashi Hatake figurine in Naruto at the best price on the market. All in PVC. Finely detailed. Delivered with its display box. H. 18 cm","robots":{"index":"index","follow":"follow","max-snippet":"max-snippet:-1","max-image-preview":"max-image-preview:large","max-video-preview":"max-video-preview:-1"},"canonical":"https:\/\/repliquemangacine.fr\/en\/naruto-figurine\/kakashi-hatake-figurine\/","og_locale":"en_US","og_type":"article","og_title":"Figurine Kakashi Hatake - R\u00e9plique Manga Cin\u00e9","og_description":"Venez d\u00e9couvrir votre figurine Kakashi Hatake dans Naruto au meilleur prix du march\u00e9. Tout en PVC. Finement d\u00e9taill\u00e9e. Livr\u00e9 avec sa boite vitrine. H. 18 cm","og_url":"https:\/\/repliquemangacine.fr\/en\/naruto-figurine\/kakashi-hatake-figurine\/","og_site_name":"R\u00e9plique Manga Cin\u00e9","article_publisher":"https:\/\/www.facebook.com\/RepliqueMangaCine","article_modified_time":"2025-11-18T15:14:06+00:00","og_image":[{"width":500,"height":500,"url":"https:\/\/repliquemangacine.fr\/wp-content\/uploads\/2023\/11\/figurine-kakashi-corps.jpg","type":"image\/jpeg"}],"twitter_card":"summary_large_image","twitter_misc":{"Est. reading time":"3 minutes"},"schema":{"@context":"https:\/\/schema.org","@graph":[{"@type":"WebPage","@id":"https:\/\/repliquemangacine.fr\/figurine-naruto\/figurine-kakashi-hatake\/","url":"https:\/\/repliquemangacine.fr\/figurine-naruto\/figurine-kakashi-hatake\/","name":"Kakashi Hatake action figure - R\u00e9plique Manga Cin\u00e9","isPartOf":{"@id":"https:\/\/repliquemangacine.fr\/#website"},"primaryImageOfPage":{"@id":"https:\/\/repliquemangacine.fr\/figurine-naruto\/figurine-kakashi-hatake\/#primaryimage"},"image":{"@id":"https:\/\/repliquemangacine.fr\/figurine-naruto\/figurine-kakashi-hatake\/#primaryimage"},"thumbnailUrl":"https:\/\/repliquemangacine.fr\/wp-content\/uploads\/2023\/11\/figurine-kakashi-corps.jpg","datePublished":"2023-11-12T11:55:42+00:00","dateModified":"2025-11-18T15:14:06+00:00","description":"Discover your Kakashi Hatake figurine in Naruto at the best price on the market. All in PVC. Finely detailed. Delivered with its display box. H. 18 cm","breadcrumb":{"@id":"https:\/\/repliquemangacine.fr\/figurine-naruto\/figurine-kakashi-hatake\/#breadcrumb"},"inLanguage":"en-US","potentialAction":[{"@type":"ReadAction","target":["https:\/\/repliquemangacine.fr\/figurine-naruto\/figurine-kakashi-hatake\/"]}]},{"@type":"ImageObject","inLanguage":"en-US","@id":"https:\/\/repliquemangacine.fr\/figurine-naruto\/figurine-kakashi-hatake\/#primaryimage","url":"https:\/\/repliquemangacine.fr\/wp-content\/uploads\/2023\/11\/figurine-kakashi-corps.jpg","contentUrl":"https:\/\/repliquemangacine.fr\/wp-content\/uploads\/2023\/11\/figurine-kakashi-corps.jpg","width":500,"height":500,"caption":"Figurine Kakashi Hatake dans Naruto"},{"@type":"BreadcrumbList","@id":"https:\/\/repliquemangacine.fr\/figurine-naruto\/figurine-kakashi-hatake\/#breadcrumb","itemListElement":[{"@type":"ListItem","position":1,"name":"Accueil","item":"https:\/\/repliquemangacine.fr\/"},{"@type":"ListItem","position":2,"name":"Produits","item":"https:\/\/repliquemangacine.fr\/boutique\/"},{"@type":"ListItem","position":3,"name":"Figurine Kakashi Hatake"}]},{"@type":"WebSite","@id":"https:\/\/repliquemangacine.fr\/#website","url":"https:\/\/repliquemangacine.fr\/","name":"R\u00e9plique Manga Cin\u00e9","description":"","publisher":{"@id":"https:\/\/repliquemangacine.fr\/#organization"},"potentialAction":[{"@type":"SearchAction","target":{"@type":"EntryPoint","urlTemplate":"https:\/\/repliquemangacine.fr\/?s={search_term_string}"},"query-input":{"@type":"PropertyValueSpecification","valueRequired":true,"valueName":"search_term_string"}}],"inLanguage":"en-US"},{"@type":"Organization","@id":"https:\/\/repliquemangacine.fr\/#organization","name":"R\u00e9plique Manga Cin\u00e9","url":"https:\/\/repliquemangacine.fr\/","logo":{"@type":"ImageObject","inLanguage":"en-US","@id":"https:\/\/repliquemangacine.fr\/#\/schema\/logo\/image\/","url":"https:\/\/repliquemangacine.fr\/wp-content\/uploads\/2023\/10\/RMC-500250.png","contentUrl":"https:\/\/repliquemangacine.fr\/wp-content\/uploads\/2023\/10\/RMC-500250.png","width":500,"height":250,"caption":"R\u00e9plique Manga Cin\u00e9"},"image":{"@id":"https:\/\/repliquemangacine.fr\/#\/schema\/logo\/image\/"},"sameAs":["https:\/\/www.facebook.com\/RepliqueMangaCine","https:\/\/www.instagram.com\/repliquemangacine.fr\/"]}]}},"_links":{"self":[{"href":"https:\/\/repliquemangacine.fr\/en\/wp-json\/wp\/v2\/product\/65231","targetHints":{"allow":["GET"]}}],"collection":[{"href":"https:\/\/repliquemangacine.fr\/en\/wp-json\/wp\/v2\/product"}],"about":[{"href":"https:\/\/repliquemangacine.fr\/en\/wp-json\/wp\/v2\/types\/product"}],"wp:featuredmedia":[{"embeddable":true,"href":"https:\/\/repliquemangacine.fr\/en\/wp-json\/wp\/v2\/media\/65232"}],"wp:attachment":[{"href":"https:\/\/repliquemangacine.fr\/en\/wp-json\/wp\/v2\/media?parent=65231"}],"wp:term":[{"taxonomy":"product_brand","embeddable":true,"href":"https:\/\/repliquemangacine.fr\/en\/wp-json\/wp\/v2\/product_brand?post=65231"},{"taxonomy":"product_cat","embeddable":true,"href":"https:\/\/repliquemangacine.fr\/en\/wp-json\/wp\/v2\/product_cat?post=65231"},{"taxonomy":"product_tag","embeddable":true,"href":"https:\/\/repliquemangacine.fr\/en\/wp-json\/wp\/v2\/product_tag?post=65231"}],"curies":[{"name":"wp","href":"https:\/\/api.w.org\/{rel}","templated":true}]}}