





{"id":65223,"date":"2023-11-12T11:59:58","date_gmt":"2023-11-12T10:59:58","guid":{"rendered":"https:\/\/repliquemangacine.fr\/?post_type=product&#038;p=65223"},"modified":"2025-11-18T16:14:36","modified_gmt":"2025-11-18T15:14:36","slug":"naruto-uzumaki-figurine","status":"publish","type":"product","link":"https:\/\/repliquemangacine.fr\/en\/figurine-naruto\/figurine-naruto-uzumaki\/","title":{"rendered":"Naruto Uzumaki figure"},"content":{"rendered":"<h2>Discover Naruto Uzumaki figures<\/h2>\n<p>To begin with, enter the captivating world of Naruto with our <strong>Naruto Uzumaki figurine<\/strong>Konoha's most fearless ninja. Designed with care and precision, these figurines capture the essence of the series' main character. Each piece reflects Naruto's determination and energy, giving fans a faithful representation of their favorite hero. But that's not all, RMC also offers you the following to add to your collection<a href=\"https:\/\/repliquemangacine.fr\/en\/katana-naruto\/kusanagi-sword-sasuke-naruto\/\"> Sasuke's katanas<\/a>. Not forgetting kunai and other goodies.<\/p>\n<h3>The Spirit of Naruto Uzumaki in Every Figure<\/h3>\n<p>From his famous <a href=\"https:\/\/repliquemangacine.fr\/en\/balances\/konoha-naruto-headband\/\">Konoha headband<\/a> to its iconic outfits, each figurine from<a href=\"https:\/\/naruto.fandom.com\/fr\/wiki\/Naruto_Uzumaki\" target=\"_blank\" rel=\"noopener noreferrer\"> Naruto Uzumaki<\/a> is an ode to the character's fighting spirit and perseverance. Whether you're a long-time collector or a new fan, these figurines are a priceless addition to any collection, capturing the heart and soul of the Naruto universe.<\/p>\n<h2>Figurines d'Exception : Incomparable Quality \/ Price<\/h2>\n<p>What's more, our selection of figurines perfectly combines quality and competitive pricing. Offering fans and collectors the opportunity to acquire exceptional pieces without compromise. Each figurine is the fruit of meticulous craftsmanship, reflecting attention to detail and fidelity to the original characters. This combination of superior quality and affordability makes our collection unique on the market. It's worth pointing out that this figurine is unofficial, but that doesn't detract from its quality, other than the low price.<\/p>\n<h3>Find Perfection with our Quality\/Price ratio<\/h3>\n<p>We understand the importance of value for money in the world of collections. That's why we strive to offer figurines that are not only aesthetically pleasing, but also durable and affordable. Whether you're looking to start a new collection or add to an existing one, our figurines are the best compromise.<\/p>\n<h2>Why choose our figurines: Service and Quality Guaranteed<\/h2>\n<p>When you choose our figurines, you choose superior service at every stage of your purchasing experience. Our meticulous packaging ensures that every figurine arrives in perfect condition, ready to be added to your collection. And with our fast 24\/48h delivery option, you won't have to wait long to enjoy your purchase.<\/p>\n<p>Our service doesn't stop with fast delivery and careful packaging. We also offer secure 100% payment for total peace of mind when shopping.<\/p>\n<h3>Commitment and Reliability: Our Customer Promises<\/h3>\n<p>In conclusion, if you have any questions or need assistance, our customer service team is always available and ready to help. With us, every customer is precious, and we're committed to providing an exceptional shopping experience, from start to finish. See you soon!<\/p>","protected":false},"excerpt":{"rendered":"<p>Superb figurine <strong>Unofficial<\/strong> of Naruto Uzumaki<\/p>\n<ul>\n<li>All-PVC<\/li>\n<li>Finely detailed<\/li>\n<li>Small stand to hold the figurine<\/li>\n<li>Height: 20 cm<\/li>\n<li>Comes with collector's box<\/li>\n<\/ul>","protected":false},"featured_media":65226,"template":"","meta":[],"product_brand":[896],"product_cat":[832,831,42],"product_tag":[],"class_list":{"0":"post-65223","1":"product","2":"type-product","3":"status-publish","4":"has-post-thumbnail","6":"product_brand-replique-manga-cine","7":"product_cat-figurine-naruto","8":"product_cat-figurines-collector","9":"product_cat-katana-goodies-naruto-kunai","11":"first","12":"instock","13":"taxable","14":"shipping-taxable","15":"purchasable","16":"product-type-simple"},"yoast_head":"<!-- This site is optimized with the Yoast SEO plugin v27.5 - https:\/\/yoast.com\/product\/yoast-seo-wordpress\/ -->\n<title>Figurine Naruto Uzumaki - R\u00e9plique Manga Cin\u00e9<\/title>\n<meta name=\"description\" content=\"D\u00e9couvrez cette superbe figurine Naruto Uzumaki au meilleur prix. Tout en PVC. Finement d\u00e9taill\u00e9e. Livr\u00e9 avec sa bo\u00eete collector. Hauteur : 20 cm\" \/>\n<meta name=\"robots\" content=\"index, follow, max-snippet:-1, max-image-preview:large, max-video-preview:-1\" \/>\n<link rel=\"canonical\" href=\"https:\/\/repliquemangacine.fr\/en\/naruto-figurine\/naruto-uzumaki-figurine\/\" \/>\n<meta property=\"og:locale\" content=\"en_US\" \/>\n<meta property=\"og:type\" content=\"article\" \/>\n<meta property=\"og:title\" content=\"Figurine Naruto Uzumaki - R\u00e9plique Manga Cin\u00e9\" \/>\n<meta property=\"og:description\" content=\"D\u00e9couvrez cette superbe figurine Naruto Uzumaki au meilleur prix. Tout en PVC. Finement d\u00e9taill\u00e9e. Livr\u00e9 avec sa bo\u00eete collector. Hauteur : 20 cm\" \/>\n<meta property=\"og:url\" content=\"https:\/\/repliquemangacine.fr\/en\/naruto-figurine\/naruto-uzumaki-figurine\/\" \/>\n<meta property=\"og:site_name\" content=\"R\u00e9plique Manga Cin\u00e9\" \/>\n<meta property=\"article:publisher\" content=\"https:\/\/www.facebook.com\/RepliqueMangaCine\" \/>\n<meta property=\"article:modified_time\" content=\"2025-11-18T15:14:36+00:00\" \/>\n<meta property=\"og:image\" content=\"https:\/\/repliquemangacine.fr\/wp-content\/uploads\/2023\/11\/Figurine-naruto-1.jpg\" \/>\n\t<meta property=\"og:image:width\" content=\"500\" \/>\n\t<meta property=\"og:image:height\" content=\"500\" \/>\n\t<meta property=\"og:image:type\" content=\"image\/jpeg\" \/>\n<meta name=\"twitter:card\" content=\"summary_large_image\" \/>\n<meta name=\"twitter:label1\" content=\"Est. reading time\" \/>\n\t<meta name=\"twitter:data1\" content=\"3 minutes\" \/>\n<script type=\"application\/ld+json\" class=\"yoast-schema-graph\">{\"@context\":\"https:\\\/\\\/schema.org\",\"@graph\":[{\"@type\":\"WebPage\",\"@id\":\"https:\\\/\\\/repliquemangacine.fr\\\/figurine-naruto\\\/figurine-naruto-uzumaki\\\/\",\"url\":\"https:\\\/\\\/repliquemangacine.fr\\\/figurine-naruto\\\/figurine-naruto-uzumaki\\\/\",\"name\":\"Figurine Naruto Uzumaki - R\u00e9plique Manga Cin\u00e9\",\"isPartOf\":{\"@id\":\"https:\\\/\\\/repliquemangacine.fr\\\/#website\"},\"primaryImageOfPage\":{\"@id\":\"https:\\\/\\\/repliquemangacine.fr\\\/figurine-naruto\\\/figurine-naruto-uzumaki\\\/#primaryimage\"},\"image\":{\"@id\":\"https:\\\/\\\/repliquemangacine.fr\\\/figurine-naruto\\\/figurine-naruto-uzumaki\\\/#primaryimage\"},\"thumbnailUrl\":\"https:\\\/\\\/repliquemangacine.fr\\\/wp-content\\\/uploads\\\/2023\\\/11\\\/Figurine-naruto-1.jpg\",\"datePublished\":\"2023-11-12T10:59:58+00:00\",\"dateModified\":\"2025-11-18T15:14:36+00:00\",\"description\":\"D\u00e9couvrez cette superbe figurine Naruto Uzumaki au meilleur prix. Tout en PVC. Finement d\u00e9taill\u00e9e. Livr\u00e9 avec sa bo\u00eete collector. Hauteur : 20 cm\",\"breadcrumb\":{\"@id\":\"https:\\\/\\\/repliquemangacine.fr\\\/figurine-naruto\\\/figurine-naruto-uzumaki\\\/#breadcrumb\"},\"inLanguage\":\"en-US\",\"potentialAction\":[{\"@type\":\"ReadAction\",\"target\":[\"https:\\\/\\\/repliquemangacine.fr\\\/figurine-naruto\\\/figurine-naruto-uzumaki\\\/\"]}]},{\"@type\":\"ImageObject\",\"inLanguage\":\"en-US\",\"@id\":\"https:\\\/\\\/repliquemangacine.fr\\\/figurine-naruto\\\/figurine-naruto-uzumaki\\\/#primaryimage\",\"url\":\"https:\\\/\\\/repliquemangacine.fr\\\/wp-content\\\/uploads\\\/2023\\\/11\\\/Figurine-naruto-1.jpg\",\"contentUrl\":\"https:\\\/\\\/repliquemangacine.fr\\\/wp-content\\\/uploads\\\/2023\\\/11\\\/Figurine-naruto-1.jpg\",\"width\":500,\"height\":500,\"caption\":\"Figurine Naruto Uzumaki\"},{\"@type\":\"BreadcrumbList\",\"@id\":\"https:\\\/\\\/repliquemangacine.fr\\\/figurine-naruto\\\/figurine-naruto-uzumaki\\\/#breadcrumb\",\"itemListElement\":[{\"@type\":\"ListItem\",\"position\":1,\"name\":\"Accueil\",\"item\":\"https:\\\/\\\/repliquemangacine.fr\\\/\"},{\"@type\":\"ListItem\",\"position\":2,\"name\":\"Produits\",\"item\":\"https:\\\/\\\/repliquemangacine.fr\\\/boutique\\\/\"},{\"@type\":\"ListItem\",\"position\":3,\"name\":\"Figurine Naruto Uzumaki\"}]},{\"@type\":\"WebSite\",\"@id\":\"https:\\\/\\\/repliquemangacine.fr\\\/#website\",\"url\":\"https:\\\/\\\/repliquemangacine.fr\\\/\",\"name\":\"R\u00e9plique Manga Cin\u00e9\",\"description\":\"\",\"publisher\":{\"@id\":\"https:\\\/\\\/repliquemangacine.fr\\\/#organization\"},\"potentialAction\":[{\"@type\":\"SearchAction\",\"target\":{\"@type\":\"EntryPoint\",\"urlTemplate\":\"https:\\\/\\\/repliquemangacine.fr\\\/?s={search_term_string}\"},\"query-input\":{\"@type\":\"PropertyValueSpecification\",\"valueRequired\":true,\"valueName\":\"search_term_string\"}}],\"inLanguage\":\"en-US\"},{\"@type\":\"Organization\",\"@id\":\"https:\\\/\\\/repliquemangacine.fr\\\/#organization\",\"name\":\"R\u00e9plique Manga Cin\u00e9\",\"url\":\"https:\\\/\\\/repliquemangacine.fr\\\/\",\"logo\":{\"@type\":\"ImageObject\",\"inLanguage\":\"en-US\",\"@id\":\"https:\\\/\\\/repliquemangacine.fr\\\/#\\\/schema\\\/logo\\\/image\\\/\",\"url\":\"https:\\\/\\\/repliquemangacine.fr\\\/wp-content\\\/uploads\\\/2023\\\/10\\\/RMC-500250.png\",\"contentUrl\":\"https:\\\/\\\/repliquemangacine.fr\\\/wp-content\\\/uploads\\\/2023\\\/10\\\/RMC-500250.png\",\"width\":500,\"height\":250,\"caption\":\"R\u00e9plique Manga Cin\u00e9\"},\"image\":{\"@id\":\"https:\\\/\\\/repliquemangacine.fr\\\/#\\\/schema\\\/logo\\\/image\\\/\"},\"sameAs\":[\"https:\\\/\\\/www.facebook.com\\\/RepliqueMangaCine\",\"https:\\\/\\\/www.instagram.com\\\/repliquemangacine.fr\\\/\"]}]}<\/script>\n<!-- \/ Yoast SEO plugin. -->","yoast_head_json":{"title":"Naruto Uzumaki action figure - R\u00e9plique Manga Cin\u00e9","description":"Discover this superb Naruto Uzumaki figurine at the best price. All in PVC. Finely detailed. Comes with collector's box. Height : 20 cm","robots":{"index":"index","follow":"follow","max-snippet":"max-snippet:-1","max-image-preview":"max-image-preview:large","max-video-preview":"max-video-preview:-1"},"canonical":"https:\/\/repliquemangacine.fr\/en\/naruto-figurine\/naruto-uzumaki-figurine\/","og_locale":"en_US","og_type":"article","og_title":"Figurine Naruto Uzumaki - R\u00e9plique Manga Cin\u00e9","og_description":"D\u00e9couvrez cette superbe figurine Naruto Uzumaki au meilleur prix. Tout en PVC. Finement d\u00e9taill\u00e9e. Livr\u00e9 avec sa bo\u00eete collector. Hauteur : 20 cm","og_url":"https:\/\/repliquemangacine.fr\/en\/naruto-figurine\/naruto-uzumaki-figurine\/","og_site_name":"R\u00e9plique Manga Cin\u00e9","article_publisher":"https:\/\/www.facebook.com\/RepliqueMangaCine","article_modified_time":"2025-11-18T15:14:36+00:00","og_image":[{"width":500,"height":500,"url":"https:\/\/repliquemangacine.fr\/wp-content\/uploads\/2023\/11\/Figurine-naruto-1.jpg","type":"image\/jpeg"}],"twitter_card":"summary_large_image","twitter_misc":{"Est. reading time":"3 minutes"},"schema":{"@context":"https:\/\/schema.org","@graph":[{"@type":"WebPage","@id":"https:\/\/repliquemangacine.fr\/figurine-naruto\/figurine-naruto-uzumaki\/","url":"https:\/\/repliquemangacine.fr\/figurine-naruto\/figurine-naruto-uzumaki\/","name":"Naruto Uzumaki action figure - R\u00e9plique Manga Cin\u00e9","isPartOf":{"@id":"https:\/\/repliquemangacine.fr\/#website"},"primaryImageOfPage":{"@id":"https:\/\/repliquemangacine.fr\/figurine-naruto\/figurine-naruto-uzumaki\/#primaryimage"},"image":{"@id":"https:\/\/repliquemangacine.fr\/figurine-naruto\/figurine-naruto-uzumaki\/#primaryimage"},"thumbnailUrl":"https:\/\/repliquemangacine.fr\/wp-content\/uploads\/2023\/11\/Figurine-naruto-1.jpg","datePublished":"2023-11-12T10:59:58+00:00","dateModified":"2025-11-18T15:14:36+00:00","description":"Discover this superb Naruto Uzumaki figurine at the best price. All in PVC. Finely detailed. Comes with collector's box. Height : 20 cm","breadcrumb":{"@id":"https:\/\/repliquemangacine.fr\/figurine-naruto\/figurine-naruto-uzumaki\/#breadcrumb"},"inLanguage":"en-US","potentialAction":[{"@type":"ReadAction","target":["https:\/\/repliquemangacine.fr\/figurine-naruto\/figurine-naruto-uzumaki\/"]}]},{"@type":"ImageObject","inLanguage":"en-US","@id":"https:\/\/repliquemangacine.fr\/figurine-naruto\/figurine-naruto-uzumaki\/#primaryimage","url":"https:\/\/repliquemangacine.fr\/wp-content\/uploads\/2023\/11\/Figurine-naruto-1.jpg","contentUrl":"https:\/\/repliquemangacine.fr\/wp-content\/uploads\/2023\/11\/Figurine-naruto-1.jpg","width":500,"height":500,"caption":"Figurine Naruto Uzumaki"},{"@type":"BreadcrumbList","@id":"https:\/\/repliquemangacine.fr\/figurine-naruto\/figurine-naruto-uzumaki\/#breadcrumb","itemListElement":[{"@type":"ListItem","position":1,"name":"Accueil","item":"https:\/\/repliquemangacine.fr\/"},{"@type":"ListItem","position":2,"name":"Produits","item":"https:\/\/repliquemangacine.fr\/boutique\/"},{"@type":"ListItem","position":3,"name":"Figurine Naruto Uzumaki"}]},{"@type":"WebSite","@id":"https:\/\/repliquemangacine.fr\/#website","url":"https:\/\/repliquemangacine.fr\/","name":"R\u00e9plique Manga Cin\u00e9","description":"","publisher":{"@id":"https:\/\/repliquemangacine.fr\/#organization"},"potentialAction":[{"@type":"SearchAction","target":{"@type":"EntryPoint","urlTemplate":"https:\/\/repliquemangacine.fr\/?s={search_term_string}"},"query-input":{"@type":"PropertyValueSpecification","valueRequired":true,"valueName":"search_term_string"}}],"inLanguage":"en-US"},{"@type":"Organization","@id":"https:\/\/repliquemangacine.fr\/#organization","name":"R\u00e9plique Manga Cin\u00e9","url":"https:\/\/repliquemangacine.fr\/","logo":{"@type":"ImageObject","inLanguage":"en-US","@id":"https:\/\/repliquemangacine.fr\/#\/schema\/logo\/image\/","url":"https:\/\/repliquemangacine.fr\/wp-content\/uploads\/2023\/10\/RMC-500250.png","contentUrl":"https:\/\/repliquemangacine.fr\/wp-content\/uploads\/2023\/10\/RMC-500250.png","width":500,"height":250,"caption":"R\u00e9plique Manga Cin\u00e9"},"image":{"@id":"https:\/\/repliquemangacine.fr\/#\/schema\/logo\/image\/"},"sameAs":["https:\/\/www.facebook.com\/RepliqueMangaCine","https:\/\/www.instagram.com\/repliquemangacine.fr\/"]}]}},"_links":{"self":[{"href":"https:\/\/repliquemangacine.fr\/en\/wp-json\/wp\/v2\/product\/65223","targetHints":{"allow":["GET"]}}],"collection":[{"href":"https:\/\/repliquemangacine.fr\/en\/wp-json\/wp\/v2\/product"}],"about":[{"href":"https:\/\/repliquemangacine.fr\/en\/wp-json\/wp\/v2\/types\/product"}],"wp:featuredmedia":[{"embeddable":true,"href":"https:\/\/repliquemangacine.fr\/en\/wp-json\/wp\/v2\/media\/65226"}],"wp:attachment":[{"href":"https:\/\/repliquemangacine.fr\/en\/wp-json\/wp\/v2\/media?parent=65223"}],"wp:term":[{"taxonomy":"product_brand","embeddable":true,"href":"https:\/\/repliquemangacine.fr\/en\/wp-json\/wp\/v2\/product_brand?post=65223"},{"taxonomy":"product_cat","embeddable":true,"href":"https:\/\/repliquemangacine.fr\/en\/wp-json\/wp\/v2\/product_cat?post=65223"},{"taxonomy":"product_tag","embeddable":true,"href":"https:\/\/repliquemangacine.fr\/en\/wp-json\/wp\/v2\/product_tag?post=65223"}],"curies":[{"name":"wp","href":"https:\/\/api.w.org\/{rel}","templated":true}]}}