





{"id":65201,"date":"2023-11-11T17:42:11","date_gmt":"2023-11-11T16:42:11","guid":{"rendered":"https:\/\/repliquemangacine.fr\/?post_type=product&#038;p=65201"},"modified":"2025-11-18T16:15:13","modified_gmt":"2025-11-18T15:15:13","slug":"naruto-rikudo-sennin-figurine","status":"publish","type":"product","link":"https:\/\/repliquemangacine.fr\/en\/figurine-naruto\/figurine-naruto-rikudo-sennin\/","title":{"rendered":"Naruto Rikudo Sennin action figure"},"content":{"rendered":"<h2>Naruto Rikudo Sennin: A Collector's Item!<\/h2>\n<p>To begin with, our <strong>Naruto Rikudo Sennin figurine<\/strong> is a must for all fans of the series <a href=\"https:\/\/naruto.fandom.com\/fr\/wiki\/Naruto_Uzumaki\" target=\"_blank\" rel=\"noopener noreferrer\">Naruto<\/a>. This figure accurately captures Naruto in his most powerful form. Offering a detailed and faithful representation of this iconic character.<\/p>\n<p>Every aspect of the figurine, from clothing to expressions, is designed with meticulous attention to detail.  Paying homage to one of the series' most memorable moments.<\/p>\n<h3>Quality and Loyalty: Our Commitment at R\u00e9plique Manga Cin\u00e9<\/h3>\n<p>By choosing R\u00e9plique Manga Cin\u00e9 for your <strong>figurine<\/strong>, You choose quality. Our commitment to excellence is reflected in every figurine we offer.<br \/>\nMade from high-quality materials, this figurine is not only visually impressive, but also durable, ensuring that it will remain a treasure in your collection for years to come.<\/p>\n<h2>Best Buying Experience for Naruto Rikudo Sennin Figure<\/h2>\n<p>Buy the <strong>Naruto Rikudo Sennin figurine<\/strong> at R\u00e9plique Manga Cin\u00e9 is a hassle-free experience. We understand the importance of fast, safe delivery. That's why we offer express shipping in 24\/48 hours, so you can enjoy your new acquisition as soon as possible.<\/p>\n<p>Our secure payment process ensures that every transaction is not only easy, but totally safe. What's more, we take great care in packaging each figurine, ensuring that it arrives at your door in impeccable condition.<\/p>\n<h3>Dedicated customer service and meticulous packaging<\/h3>\n<p>Our customer service team is always on hand to answer your questions and ensure your shopping experience is as pleasant as possible. At RMC, we're committed to providing you not only with a quality figurine, but also an unforgettable shopping experience.<\/p>\n<h2>Why Naruto Rikudo Sennin at RMC?<\/h2>\n<p>Choose the Naruto figurine at R\u00e9plique Manga Cin\u00e9 and join a community of passionate fans and collectors. This figurine represents Naruto in his most impressive form and is a true collector's item.<\/p>\n<p>By choosing RMC, you benefit not only from a quality figurine, but also from exceptional customer service, ready to assist you with your purchase. But also other collectors' items such as Sasuk\u00e9's katanas, or the <a href=\"https:\/\/repliquemangacine.fr\/en\/naruto-kunai-and-shuriken\/\">Kunais<\/a> and goodies.<\/p>\n<h3>A Complete Experience for Naruto Fans<\/h3>\n<p>By choosing our <strong>Naruto Rikudo Sennin figurine<\/strong>, You're entering a world where every detail counts, from the metal or wooden blades of our katanas to the precise lines of our kunais.<br \/>\nThis figurine is part of a complete range of items that captivate and embody the spirit of the Naruto series.  With RMC, you choose an immersive experience for the Naruto universe.<\/p>","protected":false},"excerpt":{"rendered":"<p>Superb replica <strong>unofficial<\/strong> Naruto Rikudo sennin figurine.<\/p>\n<ul>\n<li>All-PVC<\/li>\n<li>Finely detailed<\/li>\n<li>Height: 26 cm<\/li>\n<li>Delivered with its collecor box<\/li>\n<\/ul>","protected":false},"featured_media":65203,"template":"","meta":[],"product_brand":[896],"product_cat":[832,831,42],"product_tag":[],"class_list":{"0":"post-65201","1":"product","2":"type-product","3":"status-publish","4":"has-post-thumbnail","6":"product_brand-replique-manga-cine","7":"product_cat-figurine-naruto","8":"product_cat-figurines-collector","9":"product_cat-katana-goodies-naruto-kunai","11":"first","12":"instock","13":"taxable","14":"shipping-taxable","15":"purchasable","16":"product-type-simple"},"yoast_head":"<!-- This site is optimized with the Yoast SEO plugin v27.5 - https:\/\/yoast.com\/product\/yoast-seo-wordpress\/ -->\n<title>Figurine Naruto Rikudo Sennin | R\u00e9plique Manga Cin\u00e9<\/title>\n<meta name=\"description\" content=\"D\u00e9couvrez vite ! Cette Figurine Naruto Rikudo Sennin mode au meilleur prix. Tout en PVC. Finement d\u00e9taill\u00e9s. Hauteur : 26 cm. Livr\u00e9 dans sa bo\u00eete collector\" \/>\n<meta name=\"robots\" content=\"index, follow, max-snippet:-1, max-image-preview:large, max-video-preview:-1\" \/>\n<link rel=\"canonical\" href=\"https:\/\/repliquemangacine.fr\/en\/naruto-figurine\/naruto-rikudo-sennin-figurine\/\" \/>\n<meta property=\"og:locale\" content=\"en_US\" \/>\n<meta property=\"og:type\" content=\"article\" \/>\n<meta property=\"og:title\" content=\"Figurine Naruto Rikudo Sennin | R\u00e9plique Manga Cin\u00e9\" \/>\n<meta property=\"og:description\" content=\"D\u00e9couvrez vite ! Cette Figurine Naruto Rikudo Sennin mode au meilleur prix. Tout en PVC. Finement d\u00e9taill\u00e9s. Hauteur : 26 cm. Livr\u00e9 dans sa bo\u00eete collector\" \/>\n<meta property=\"og:url\" content=\"https:\/\/repliquemangacine.fr\/en\/naruto-figurine\/naruto-rikudo-sennin-figurine\/\" \/>\n<meta property=\"og:site_name\" content=\"R\u00e9plique Manga Cin\u00e9\" \/>\n<meta property=\"article:publisher\" content=\"https:\/\/www.facebook.com\/RepliqueMangaCine\" \/>\n<meta property=\"article:modified_time\" content=\"2025-11-18T15:15:13+00:00\" \/>\n<meta property=\"og:image\" content=\"https:\/\/repliquemangacine.fr\/wp-content\/uploads\/2023\/11\/figurine-naruto.jpg\" \/>\n\t<meta property=\"og:image:width\" content=\"500\" \/>\n\t<meta property=\"og:image:height\" content=\"500\" \/>\n\t<meta property=\"og:image:type\" content=\"image\/jpeg\" \/>\n<meta name=\"twitter:card\" content=\"summary_large_image\" \/>\n<meta name=\"twitter:label1\" content=\"Est. reading time\" \/>\n\t<meta name=\"twitter:data1\" content=\"3 minutes\" \/>\n<script type=\"application\/ld+json\" class=\"yoast-schema-graph\">{\"@context\":\"https:\\\/\\\/schema.org\",\"@graph\":[{\"@type\":\"WebPage\",\"@id\":\"https:\\\/\\\/repliquemangacine.fr\\\/figurine-naruto\\\/figurine-naruto-rikudo-sennin\\\/\",\"url\":\"https:\\\/\\\/repliquemangacine.fr\\\/figurine-naruto\\\/figurine-naruto-rikudo-sennin\\\/\",\"name\":\"Figurine Naruto Rikudo Sennin | R\u00e9plique Manga Cin\u00e9\",\"isPartOf\":{\"@id\":\"https:\\\/\\\/repliquemangacine.fr\\\/#website\"},\"primaryImageOfPage\":{\"@id\":\"https:\\\/\\\/repliquemangacine.fr\\\/figurine-naruto\\\/figurine-naruto-rikudo-sennin\\\/#primaryimage\"},\"image\":{\"@id\":\"https:\\\/\\\/repliquemangacine.fr\\\/figurine-naruto\\\/figurine-naruto-rikudo-sennin\\\/#primaryimage\"},\"thumbnailUrl\":\"https:\\\/\\\/repliquemangacine.fr\\\/wp-content\\\/uploads\\\/2023\\\/11\\\/figurine-naruto.jpg\",\"datePublished\":\"2023-11-11T16:42:11+00:00\",\"dateModified\":\"2025-11-18T15:15:13+00:00\",\"description\":\"D\u00e9couvrez vite ! Cette Figurine Naruto Rikudo Sennin mode au meilleur prix. Tout en PVC. Finement d\u00e9taill\u00e9s. Hauteur : 26 cm. Livr\u00e9 dans sa bo\u00eete collector\",\"breadcrumb\":{\"@id\":\"https:\\\/\\\/repliquemangacine.fr\\\/figurine-naruto\\\/figurine-naruto-rikudo-sennin\\\/#breadcrumb\"},\"inLanguage\":\"en-US\",\"potentialAction\":[{\"@type\":\"ReadAction\",\"target\":[\"https:\\\/\\\/repliquemangacine.fr\\\/figurine-naruto\\\/figurine-naruto-rikudo-sennin\\\/\"]}]},{\"@type\":\"ImageObject\",\"inLanguage\":\"en-US\",\"@id\":\"https:\\\/\\\/repliquemangacine.fr\\\/figurine-naruto\\\/figurine-naruto-rikudo-sennin\\\/#primaryimage\",\"url\":\"https:\\\/\\\/repliquemangacine.fr\\\/wp-content\\\/uploads\\\/2023\\\/11\\\/figurine-naruto.jpg\",\"contentUrl\":\"https:\\\/\\\/repliquemangacine.fr\\\/wp-content\\\/uploads\\\/2023\\\/11\\\/figurine-naruto.jpg\",\"width\":500,\"height\":500,\"caption\":\"Figurine Naruto Rikudo sennin\"},{\"@type\":\"BreadcrumbList\",\"@id\":\"https:\\\/\\\/repliquemangacine.fr\\\/figurine-naruto\\\/figurine-naruto-rikudo-sennin\\\/#breadcrumb\",\"itemListElement\":[{\"@type\":\"ListItem\",\"position\":1,\"name\":\"Accueil\",\"item\":\"https:\\\/\\\/repliquemangacine.fr\\\/\"},{\"@type\":\"ListItem\",\"position\":2,\"name\":\"Produits\",\"item\":\"https:\\\/\\\/repliquemangacine.fr\\\/boutique\\\/\"},{\"@type\":\"ListItem\",\"position\":3,\"name\":\"Figurine Naruto Rikudo Sennin\"}]},{\"@type\":\"WebSite\",\"@id\":\"https:\\\/\\\/repliquemangacine.fr\\\/#website\",\"url\":\"https:\\\/\\\/repliquemangacine.fr\\\/\",\"name\":\"R\u00e9plique Manga Cin\u00e9\",\"description\":\"\",\"publisher\":{\"@id\":\"https:\\\/\\\/repliquemangacine.fr\\\/#organization\"},\"potentialAction\":[{\"@type\":\"SearchAction\",\"target\":{\"@type\":\"EntryPoint\",\"urlTemplate\":\"https:\\\/\\\/repliquemangacine.fr\\\/?s={search_term_string}\"},\"query-input\":{\"@type\":\"PropertyValueSpecification\",\"valueRequired\":true,\"valueName\":\"search_term_string\"}}],\"inLanguage\":\"en-US\"},{\"@type\":\"Organization\",\"@id\":\"https:\\\/\\\/repliquemangacine.fr\\\/#organization\",\"name\":\"R\u00e9plique Manga Cin\u00e9\",\"url\":\"https:\\\/\\\/repliquemangacine.fr\\\/\",\"logo\":{\"@type\":\"ImageObject\",\"inLanguage\":\"en-US\",\"@id\":\"https:\\\/\\\/repliquemangacine.fr\\\/#\\\/schema\\\/logo\\\/image\\\/\",\"url\":\"https:\\\/\\\/repliquemangacine.fr\\\/wp-content\\\/uploads\\\/2023\\\/10\\\/RMC-500250.png\",\"contentUrl\":\"https:\\\/\\\/repliquemangacine.fr\\\/wp-content\\\/uploads\\\/2023\\\/10\\\/RMC-500250.png\",\"width\":500,\"height\":250,\"caption\":\"R\u00e9plique Manga Cin\u00e9\"},\"image\":{\"@id\":\"https:\\\/\\\/repliquemangacine.fr\\\/#\\\/schema\\\/logo\\\/image\\\/\"},\"sameAs\":[\"https:\\\/\\\/www.facebook.com\\\/RepliqueMangaCine\",\"https:\\\/\\\/www.instagram.com\\\/repliquemangacine.fr\\\/\"]}]}<\/script>\n<!-- \/ Yoast SEO plugin. -->","yoast_head_json":{"title":"Figurine Naruto Rikudo Sennin | R\u00e9plique Manga Cin\u00e9","description":"Discover it now! This Naruto Rikudo Sennin mode figurine at the best price. All in PVC. Finely detailed. Height: 26 cm. Delivered in collector's box.","robots":{"index":"index","follow":"follow","max-snippet":"max-snippet:-1","max-image-preview":"max-image-preview:large","max-video-preview":"max-video-preview:-1"},"canonical":"https:\/\/repliquemangacine.fr\/en\/naruto-figurine\/naruto-rikudo-sennin-figurine\/","og_locale":"en_US","og_type":"article","og_title":"Figurine Naruto Rikudo Sennin | R\u00e9plique Manga Cin\u00e9","og_description":"D\u00e9couvrez vite ! Cette Figurine Naruto Rikudo Sennin mode au meilleur prix. Tout en PVC. Finement d\u00e9taill\u00e9s. Hauteur : 26 cm. Livr\u00e9 dans sa bo\u00eete collector","og_url":"https:\/\/repliquemangacine.fr\/en\/naruto-figurine\/naruto-rikudo-sennin-figurine\/","og_site_name":"R\u00e9plique Manga Cin\u00e9","article_publisher":"https:\/\/www.facebook.com\/RepliqueMangaCine","article_modified_time":"2025-11-18T15:15:13+00:00","og_image":[{"width":500,"height":500,"url":"https:\/\/repliquemangacine.fr\/wp-content\/uploads\/2023\/11\/figurine-naruto.jpg","type":"image\/jpeg"}],"twitter_card":"summary_large_image","twitter_misc":{"Est. reading time":"3 minutes"},"schema":{"@context":"https:\/\/schema.org","@graph":[{"@type":"WebPage","@id":"https:\/\/repliquemangacine.fr\/figurine-naruto\/figurine-naruto-rikudo-sennin\/","url":"https:\/\/repliquemangacine.fr\/figurine-naruto\/figurine-naruto-rikudo-sennin\/","name":"Figurine Naruto Rikudo Sennin | R\u00e9plique Manga Cin\u00e9","isPartOf":{"@id":"https:\/\/repliquemangacine.fr\/#website"},"primaryImageOfPage":{"@id":"https:\/\/repliquemangacine.fr\/figurine-naruto\/figurine-naruto-rikudo-sennin\/#primaryimage"},"image":{"@id":"https:\/\/repliquemangacine.fr\/figurine-naruto\/figurine-naruto-rikudo-sennin\/#primaryimage"},"thumbnailUrl":"https:\/\/repliquemangacine.fr\/wp-content\/uploads\/2023\/11\/figurine-naruto.jpg","datePublished":"2023-11-11T16:42:11+00:00","dateModified":"2025-11-18T15:15:13+00:00","description":"Discover it now! This Naruto Rikudo Sennin mode figurine at the best price. All in PVC. Finely detailed. Height: 26 cm. Delivered in collector's box.","breadcrumb":{"@id":"https:\/\/repliquemangacine.fr\/figurine-naruto\/figurine-naruto-rikudo-sennin\/#breadcrumb"},"inLanguage":"en-US","potentialAction":[{"@type":"ReadAction","target":["https:\/\/repliquemangacine.fr\/figurine-naruto\/figurine-naruto-rikudo-sennin\/"]}]},{"@type":"ImageObject","inLanguage":"en-US","@id":"https:\/\/repliquemangacine.fr\/figurine-naruto\/figurine-naruto-rikudo-sennin\/#primaryimage","url":"https:\/\/repliquemangacine.fr\/wp-content\/uploads\/2023\/11\/figurine-naruto.jpg","contentUrl":"https:\/\/repliquemangacine.fr\/wp-content\/uploads\/2023\/11\/figurine-naruto.jpg","width":500,"height":500,"caption":"Figurine Naruto Rikudo sennin"},{"@type":"BreadcrumbList","@id":"https:\/\/repliquemangacine.fr\/figurine-naruto\/figurine-naruto-rikudo-sennin\/#breadcrumb","itemListElement":[{"@type":"ListItem","position":1,"name":"Accueil","item":"https:\/\/repliquemangacine.fr\/"},{"@type":"ListItem","position":2,"name":"Produits","item":"https:\/\/repliquemangacine.fr\/boutique\/"},{"@type":"ListItem","position":3,"name":"Figurine Naruto Rikudo Sennin"}]},{"@type":"WebSite","@id":"https:\/\/repliquemangacine.fr\/#website","url":"https:\/\/repliquemangacine.fr\/","name":"R\u00e9plique Manga Cin\u00e9","description":"","publisher":{"@id":"https:\/\/repliquemangacine.fr\/#organization"},"potentialAction":[{"@type":"SearchAction","target":{"@type":"EntryPoint","urlTemplate":"https:\/\/repliquemangacine.fr\/?s={search_term_string}"},"query-input":{"@type":"PropertyValueSpecification","valueRequired":true,"valueName":"search_term_string"}}],"inLanguage":"en-US"},{"@type":"Organization","@id":"https:\/\/repliquemangacine.fr\/#organization","name":"R\u00e9plique Manga Cin\u00e9","url":"https:\/\/repliquemangacine.fr\/","logo":{"@type":"ImageObject","inLanguage":"en-US","@id":"https:\/\/repliquemangacine.fr\/#\/schema\/logo\/image\/","url":"https:\/\/repliquemangacine.fr\/wp-content\/uploads\/2023\/10\/RMC-500250.png","contentUrl":"https:\/\/repliquemangacine.fr\/wp-content\/uploads\/2023\/10\/RMC-500250.png","width":500,"height":250,"caption":"R\u00e9plique Manga Cin\u00e9"},"image":{"@id":"https:\/\/repliquemangacine.fr\/#\/schema\/logo\/image\/"},"sameAs":["https:\/\/www.facebook.com\/RepliqueMangaCine","https:\/\/www.instagram.com\/repliquemangacine.fr\/"]}]}},"_links":{"self":[{"href":"https:\/\/repliquemangacine.fr\/en\/wp-json\/wp\/v2\/product\/65201","targetHints":{"allow":["GET"]}}],"collection":[{"href":"https:\/\/repliquemangacine.fr\/en\/wp-json\/wp\/v2\/product"}],"about":[{"href":"https:\/\/repliquemangacine.fr\/en\/wp-json\/wp\/v2\/types\/product"}],"wp:featuredmedia":[{"embeddable":true,"href":"https:\/\/repliquemangacine.fr\/en\/wp-json\/wp\/v2\/media\/65203"}],"wp:attachment":[{"href":"https:\/\/repliquemangacine.fr\/en\/wp-json\/wp\/v2\/media?parent=65201"}],"wp:term":[{"taxonomy":"product_brand","embeddable":true,"href":"https:\/\/repliquemangacine.fr\/en\/wp-json\/wp\/v2\/product_brand?post=65201"},{"taxonomy":"product_cat","embeddable":true,"href":"https:\/\/repliquemangacine.fr\/en\/wp-json\/wp\/v2\/product_cat?post=65201"},{"taxonomy":"product_tag","embeddable":true,"href":"https:\/\/repliquemangacine.fr\/en\/wp-json\/wp\/v2\/product_tag?post=65201"}],"curies":[{"name":"wp","href":"https:\/\/api.w.org\/{rel}","templated":true}]}}