





{"id":63737,"date":"2021-03-18T13:45:29","date_gmt":"2021-03-18T12:45:29","guid":{"rendered":"https:\/\/repliquemangacine.fr\/?post_type=product&#038;p=63737"},"modified":"2025-12-15T09:45:54","modified_gmt":"2025-12-15T08:45:54","slug":"jokers-suicide-squad-cane","status":"publish","type":"product","link":"https:\/\/repliquemangacine.fr\/en\/super-heros-marvel\/la-canne-de-joker-suicide-squad\/","title":{"rendered":"Suicide Squad joker cane"},"content":{"rendered":"<h2>Joker's cane in Suicide Squad DC.<\/h2>\n<p>To begin with, the Suicide Squad Joker Cane is officially licensed by Suicide Squad DC comics distributed by The <a href=\"https:\/\/noblecollection.fr\/canne-joker-suicide-squad-comics-p-5543.html\" target=\"_blank\" rel=\"noopener noreferrer\">Noble Collection<\/a>.<\/p>\n<p>Batman's nemesis, the Joker is without doubt his greatest enemy. An ingenious criminal virtuoso, his madness knows no bounds. To complete his dandy outfit, the Joker never leaves his cane, part of his gangster's panoply.<\/p>\n<p>Batman's first crimes are almost insurmountable challenges. The technique is always the same: The Joker announces that he will kill a specific person at a specific time.<\/p>\n<p>Naturally, the police and Batman take on the task of protecting the future victim, but to no avail. For the Joker is always one step ahead.<\/p>\n<p>Batman eventually stopped him, but not without leaving many victims behind each time.<\/p>\n<h2>Your Joker Suicide Squad Cane at the best price.<\/h2>\n<p>We carry all the collectible replicas of your favorite superheroes.<\/p>\n<p>First and foremost,<\/p>\n<ul>\n<li>Visit <a href=\"https:\/\/repliquemangacine.fr\/en\/super-heroes\/harley-quinn-baseball-bat\/\">Harley Quinn's baseball bat<\/a> all in wood with inscriptions like \"Good Night\".<\/li>\n<li>There is also the<a href=\"https:\/\/repliquemangacine.fr\/en\/super-heroes\/arc-reactor-mk1-iron-man-heart-reactor\/\">Arc Reactor<\/a> from Iron Man, in luminous aluminium.<\/li>\n<li>As well as the magnificent <a href=\"https:\/\/repliquemangacine.fr\/en\/super-heroes\/captain-america-shield-deluxe-version\/\">Captain America's shield<\/a> all steel.<\/li>\n<li>And much more to discover in our online store!<\/li>\n<\/ul>\n<p>So here's a great gift idea for Batman and Suicide Squad fans.<\/p>\n<p>In conclusion, you can use this Suicide Squad Joker Cane in your Cosplay parades or theme parties. But above all, it's a collector's item.<\/p>\n<h2>How are our Marvel merchandise products made?<\/h2>\n<p>To begin with, all our derived products are of the highest quality, manufactured with meticulous attention to detail. In fact, some of the manufacturing is done by hand, to reproduce even the smallest detail. More important parts are machined by precise machines. Engravings are generally made with a diamond tip or laser.<\/p>\n<p>Your Suicide Squad Joker Cane has been crafted to reproduce every detail exactly. Handle is die-cast and inlaid with rhinestones. High quality. Highly elegant.<\/p>\n<p>Finally, imported from China or Spain, our replicas will amaze you!<\/p>\n<p>R\u00e9plique Manga Cin\u00e9 is a French family business.<\/p>","protected":false},"excerpt":{"rendered":"<p>Official replica of the Joker\u2122's walking stick from the film Suicid Squad\u2122.<\/p>\n<ul>\n<li>Purple cane.<\/li>\n<li>Rubber tip at the end of the cane.<\/li>\n<li>Die-cast handle inlaid with rhinestones.<\/li>\n<li>Box in the film's colors.<\/li>\n<li>Under official license<\/li>\n<li>Total length: 96 cm Total weight: 776 grs<\/li>\n<\/ul>","protected":false},"featured_media":63738,"template":"","meta":[],"product_brand":[896],"product_cat":[24,59],"product_tag":[],"class_list":{"0":"post-63737","1":"product","2":"type-product","3":"status-publish","4":"has-post-thumbnail","6":"product_brand-replique-manga-cine","7":"product_cat-films-series-tv-vente-de-katana-epee-et-produits-derives","8":"product_cat-super-heros-marvel","10":"first","11":"instock","12":"taxable","13":"shipping-taxable","14":"purchasable","15":"product-type-simple"},"yoast_head":"<!-- This site is optimized with the Yoast SEO plugin v27.5 - https:\/\/yoast.com\/product\/yoast-seo-wordpress\/ -->\n<title>Canne de Joker Suicide Squad- DC Comics - R\u00e9plique Manga Cin\u00e9<\/title>\n<meta name=\"description\" content=\"Offrez-vous la Canne du Joker Suicide Squad, au meilleur prix. Tout en m\u00e9tal - Strass incrust\u00e9s sur la poign\u00e9e - Licence officielle Suicide Squad - 96 cm\" \/>\n<meta name=\"robots\" content=\"index, follow, max-snippet:-1, max-image-preview:large, max-video-preview:-1\" \/>\n<link rel=\"canonical\" href=\"https:\/\/repliquemangacine.fr\/en\/marvel-superheroes\/jokers-suicide-squad-cane\/\" \/>\n<meta property=\"og:locale\" content=\"en_US\" \/>\n<meta property=\"og:type\" content=\"article\" \/>\n<meta property=\"og:title\" content=\"Canne de Joker Suicide Squad- DC Comics - R\u00e9plique Manga Cin\u00e9\" \/>\n<meta property=\"og:description\" content=\"Offrez-vous la Canne du Joker Suicide Squad, au meilleur prix. Tout en m\u00e9tal - Strass incrust\u00e9s sur la poign\u00e9e - Licence officielle Suicide Squad - 96 cm\" \/>\n<meta property=\"og:url\" content=\"https:\/\/repliquemangacine.fr\/en\/marvel-superheroes\/jokers-suicide-squad-cane\/\" \/>\n<meta property=\"og:site_name\" content=\"R\u00e9plique Manga Cin\u00e9\" \/>\n<meta property=\"article:publisher\" content=\"https:\/\/www.facebook.com\/RepliqueMangaCine\" \/>\n<meta property=\"article:modified_time\" content=\"2025-12-15T08:45:54+00:00\" \/>\n<meta property=\"og:image\" content=\"https:\/\/repliquemangacine.fr\/wp-content\/uploads\/2023\/10\/4010-Canne-de-marche-joker.jpg\" \/>\n\t<meta property=\"og:image:width\" content=\"800\" \/>\n\t<meta property=\"og:image:height\" content=\"800\" \/>\n\t<meta property=\"og:image:type\" content=\"image\/jpeg\" \/>\n<meta name=\"twitter:card\" content=\"summary_large_image\" \/>\n<meta name=\"twitter:label1\" content=\"Est. reading time\" \/>\n\t<meta name=\"twitter:data1\" content=\"1 minute\" \/>\n<script type=\"application\/ld+json\" class=\"yoast-schema-graph\">{\"@context\":\"https:\\\/\\\/schema.org\",\"@graph\":[{\"@type\":\"WebPage\",\"@id\":\"https:\\\/\\\/repliquemangacine.fr\\\/super-heros-marvel\\\/la-canne-de-joker-suicide-squad\\\/\",\"url\":\"https:\\\/\\\/repliquemangacine.fr\\\/super-heros-marvel\\\/la-canne-de-joker-suicide-squad\\\/\",\"name\":\"Canne de Joker Suicide Squad- DC Comics - R\u00e9plique Manga Cin\u00e9\",\"isPartOf\":{\"@id\":\"https:\\\/\\\/repliquemangacine.fr\\\/#website\"},\"primaryImageOfPage\":{\"@id\":\"https:\\\/\\\/repliquemangacine.fr\\\/super-heros-marvel\\\/la-canne-de-joker-suicide-squad\\\/#primaryimage\"},\"image\":{\"@id\":\"https:\\\/\\\/repliquemangacine.fr\\\/super-heros-marvel\\\/la-canne-de-joker-suicide-squad\\\/#primaryimage\"},\"thumbnailUrl\":\"https:\\\/\\\/repliquemangacine.fr\\\/wp-content\\\/uploads\\\/2023\\\/10\\\/4010-Canne-de-marche-joker.jpg\",\"datePublished\":\"2021-03-18T12:45:29+00:00\",\"dateModified\":\"2025-12-15T08:45:54+00:00\",\"description\":\"Offrez-vous la Canne du Joker Suicide Squad, au meilleur prix. Tout en m\u00e9tal - Strass incrust\u00e9s sur la poign\u00e9e - Licence officielle Suicide Squad - 96 cm\",\"breadcrumb\":{\"@id\":\"https:\\\/\\\/repliquemangacine.fr\\\/super-heros-marvel\\\/la-canne-de-joker-suicide-squad\\\/#breadcrumb\"},\"inLanguage\":\"en-US\",\"potentialAction\":[{\"@type\":\"ReadAction\",\"target\":[\"https:\\\/\\\/repliquemangacine.fr\\\/super-heros-marvel\\\/la-canne-de-joker-suicide-squad\\\/\"]}]},{\"@type\":\"ImageObject\",\"inLanguage\":\"en-US\",\"@id\":\"https:\\\/\\\/repliquemangacine.fr\\\/super-heros-marvel\\\/la-canne-de-joker-suicide-squad\\\/#primaryimage\",\"url\":\"https:\\\/\\\/repliquemangacine.fr\\\/wp-content\\\/uploads\\\/2023\\\/10\\\/4010-Canne-de-marche-joker.jpg\",\"contentUrl\":\"https:\\\/\\\/repliquemangacine.fr\\\/wp-content\\\/uploads\\\/2023\\\/10\\\/4010-Canne-de-marche-joker.jpg\",\"width\":800,\"height\":800,\"caption\":\"Canne de marche joker\"},{\"@type\":\"BreadcrumbList\",\"@id\":\"https:\\\/\\\/repliquemangacine.fr\\\/super-heros-marvel\\\/la-canne-de-joker-suicide-squad\\\/#breadcrumb\",\"itemListElement\":[{\"@type\":\"ListItem\",\"position\":1,\"name\":\"Accueil\",\"item\":\"https:\\\/\\\/repliquemangacine.fr\\\/\"},{\"@type\":\"ListItem\",\"position\":2,\"name\":\"Produits\",\"item\":\"https:\\\/\\\/repliquemangacine.fr\\\/boutique\\\/\"},{\"@type\":\"ListItem\",\"position\":3,\"name\":\"Canne joker Suicide Squad\"}]},{\"@type\":\"WebSite\",\"@id\":\"https:\\\/\\\/repliquemangacine.fr\\\/#website\",\"url\":\"https:\\\/\\\/repliquemangacine.fr\\\/\",\"name\":\"R\u00e9plique Manga Cin\u00e9\",\"description\":\"\",\"publisher\":{\"@id\":\"https:\\\/\\\/repliquemangacine.fr\\\/#organization\"},\"potentialAction\":[{\"@type\":\"SearchAction\",\"target\":{\"@type\":\"EntryPoint\",\"urlTemplate\":\"https:\\\/\\\/repliquemangacine.fr\\\/?s={search_term_string}\"},\"query-input\":{\"@type\":\"PropertyValueSpecification\",\"valueRequired\":true,\"valueName\":\"search_term_string\"}}],\"inLanguage\":\"en-US\"},{\"@type\":\"Organization\",\"@id\":\"https:\\\/\\\/repliquemangacine.fr\\\/#organization\",\"name\":\"R\u00e9plique Manga Cin\u00e9\",\"url\":\"https:\\\/\\\/repliquemangacine.fr\\\/\",\"logo\":{\"@type\":\"ImageObject\",\"inLanguage\":\"en-US\",\"@id\":\"https:\\\/\\\/repliquemangacine.fr\\\/#\\\/schema\\\/logo\\\/image\\\/\",\"url\":\"https:\\\/\\\/repliquemangacine.fr\\\/wp-content\\\/uploads\\\/2023\\\/10\\\/RMC-500250.png\",\"contentUrl\":\"https:\\\/\\\/repliquemangacine.fr\\\/wp-content\\\/uploads\\\/2023\\\/10\\\/RMC-500250.png\",\"width\":500,\"height\":250,\"caption\":\"R\u00e9plique Manga Cin\u00e9\"},\"image\":{\"@id\":\"https:\\\/\\\/repliquemangacine.fr\\\/#\\\/schema\\\/logo\\\/image\\\/\"},\"sameAs\":[\"https:\\\/\\\/www.facebook.com\\\/RepliqueMangaCine\",\"https:\\\/\\\/www.instagram.com\\\/repliquemangacine.fr\\\/\"]}]}<\/script>\n<!-- \/ Yoast SEO plugin. -->","yoast_head_json":{"title":"Suicide Squad Joker Cane- DC Comics - R\u00e9plique Manga Cin\u00e9","description":"Treat yourself to the Suicide Squad Joker Cane, at the best price. All-metal - Strass inlay on handle - Official Suicide Squad license - 96 cm","robots":{"index":"index","follow":"follow","max-snippet":"max-snippet:-1","max-image-preview":"max-image-preview:large","max-video-preview":"max-video-preview:-1"},"canonical":"https:\/\/repliquemangacine.fr\/en\/marvel-superheroes\/jokers-suicide-squad-cane\/","og_locale":"en_US","og_type":"article","og_title":"Canne de Joker Suicide Squad- DC Comics - R\u00e9plique Manga Cin\u00e9","og_description":"Offrez-vous la Canne du Joker Suicide Squad, au meilleur prix. Tout en m\u00e9tal - Strass incrust\u00e9s sur la poign\u00e9e - Licence officielle Suicide Squad - 96 cm","og_url":"https:\/\/repliquemangacine.fr\/en\/marvel-superheroes\/jokers-suicide-squad-cane\/","og_site_name":"R\u00e9plique Manga Cin\u00e9","article_publisher":"https:\/\/www.facebook.com\/RepliqueMangaCine","article_modified_time":"2025-12-15T08:45:54+00:00","og_image":[{"width":800,"height":800,"url":"https:\/\/repliquemangacine.fr\/wp-content\/uploads\/2023\/10\/4010-Canne-de-marche-joker.jpg","type":"image\/jpeg"}],"twitter_card":"summary_large_image","twitter_misc":{"Est. reading time":"1 minute"},"schema":{"@context":"https:\/\/schema.org","@graph":[{"@type":"WebPage","@id":"https:\/\/repliquemangacine.fr\/super-heros-marvel\/la-canne-de-joker-suicide-squad\/","url":"https:\/\/repliquemangacine.fr\/super-heros-marvel\/la-canne-de-joker-suicide-squad\/","name":"Suicide Squad Joker Cane- DC Comics - R\u00e9plique Manga Cin\u00e9","isPartOf":{"@id":"https:\/\/repliquemangacine.fr\/#website"},"primaryImageOfPage":{"@id":"https:\/\/repliquemangacine.fr\/super-heros-marvel\/la-canne-de-joker-suicide-squad\/#primaryimage"},"image":{"@id":"https:\/\/repliquemangacine.fr\/super-heros-marvel\/la-canne-de-joker-suicide-squad\/#primaryimage"},"thumbnailUrl":"https:\/\/repliquemangacine.fr\/wp-content\/uploads\/2023\/10\/4010-Canne-de-marche-joker.jpg","datePublished":"2021-03-18T12:45:29+00:00","dateModified":"2025-12-15T08:45:54+00:00","description":"Treat yourself to the Suicide Squad Joker Cane, at the best price. All-metal - Strass inlay on handle - Official Suicide Squad license - 96 cm","breadcrumb":{"@id":"https:\/\/repliquemangacine.fr\/super-heros-marvel\/la-canne-de-joker-suicide-squad\/#breadcrumb"},"inLanguage":"en-US","potentialAction":[{"@type":"ReadAction","target":["https:\/\/repliquemangacine.fr\/super-heros-marvel\/la-canne-de-joker-suicide-squad\/"]}]},{"@type":"ImageObject","inLanguage":"en-US","@id":"https:\/\/repliquemangacine.fr\/super-heros-marvel\/la-canne-de-joker-suicide-squad\/#primaryimage","url":"https:\/\/repliquemangacine.fr\/wp-content\/uploads\/2023\/10\/4010-Canne-de-marche-joker.jpg","contentUrl":"https:\/\/repliquemangacine.fr\/wp-content\/uploads\/2023\/10\/4010-Canne-de-marche-joker.jpg","width":800,"height":800,"caption":"Canne de marche joker"},{"@type":"BreadcrumbList","@id":"https:\/\/repliquemangacine.fr\/super-heros-marvel\/la-canne-de-joker-suicide-squad\/#breadcrumb","itemListElement":[{"@type":"ListItem","position":1,"name":"Accueil","item":"https:\/\/repliquemangacine.fr\/"},{"@type":"ListItem","position":2,"name":"Produits","item":"https:\/\/repliquemangacine.fr\/boutique\/"},{"@type":"ListItem","position":3,"name":"Canne joker Suicide Squad"}]},{"@type":"WebSite","@id":"https:\/\/repliquemangacine.fr\/#website","url":"https:\/\/repliquemangacine.fr\/","name":"R\u00e9plique Manga Cin\u00e9","description":"","publisher":{"@id":"https:\/\/repliquemangacine.fr\/#organization"},"potentialAction":[{"@type":"SearchAction","target":{"@type":"EntryPoint","urlTemplate":"https:\/\/repliquemangacine.fr\/?s={search_term_string}"},"query-input":{"@type":"PropertyValueSpecification","valueRequired":true,"valueName":"search_term_string"}}],"inLanguage":"en-US"},{"@type":"Organization","@id":"https:\/\/repliquemangacine.fr\/#organization","name":"R\u00e9plique Manga Cin\u00e9","url":"https:\/\/repliquemangacine.fr\/","logo":{"@type":"ImageObject","inLanguage":"en-US","@id":"https:\/\/repliquemangacine.fr\/#\/schema\/logo\/image\/","url":"https:\/\/repliquemangacine.fr\/wp-content\/uploads\/2023\/10\/RMC-500250.png","contentUrl":"https:\/\/repliquemangacine.fr\/wp-content\/uploads\/2023\/10\/RMC-500250.png","width":500,"height":250,"caption":"R\u00e9plique Manga Cin\u00e9"},"image":{"@id":"https:\/\/repliquemangacine.fr\/#\/schema\/logo\/image\/"},"sameAs":["https:\/\/www.facebook.com\/RepliqueMangaCine","https:\/\/www.instagram.com\/repliquemangacine.fr\/"]}]}},"_links":{"self":[{"href":"https:\/\/repliquemangacine.fr\/en\/wp-json\/wp\/v2\/product\/63737","targetHints":{"allow":["GET"]}}],"collection":[{"href":"https:\/\/repliquemangacine.fr\/en\/wp-json\/wp\/v2\/product"}],"about":[{"href":"https:\/\/repliquemangacine.fr\/en\/wp-json\/wp\/v2\/types\/product"}],"wp:featuredmedia":[{"embeddable":true,"href":"https:\/\/repliquemangacine.fr\/en\/wp-json\/wp\/v2\/media\/63738"}],"wp:attachment":[{"href":"https:\/\/repliquemangacine.fr\/en\/wp-json\/wp\/v2\/media?parent=63737"}],"wp:term":[{"taxonomy":"product_brand","embeddable":true,"href":"https:\/\/repliquemangacine.fr\/en\/wp-json\/wp\/v2\/product_brand?post=63737"},{"taxonomy":"product_cat","embeddable":true,"href":"https:\/\/repliquemangacine.fr\/en\/wp-json\/wp\/v2\/product_cat?post=63737"},{"taxonomy":"product_tag","embeddable":true,"href":"https:\/\/repliquemangacine.fr\/en\/wp-json\/wp\/v2\/product_tag?post=63737"}],"curies":[{"name":"wp","href":"https:\/\/api.w.org\/{rel}","templated":true}]}}