





{"id":63732,"date":"2020-11-04T14:46:41","date_gmt":"2020-11-04T13:46:41","guid":{"rendered":"https:\/\/repliquemangacine.fr\/?post_type=product&#038;p=63732"},"modified":"2026-03-27T19:38:41","modified_gmt":"2026-03-27T18:38:41","slug":"aragorn-sword-dagger-paper-cutter","status":"publish","type":"product","link":"https:\/\/repliquemangacine.fr\/en\/epees-seigneur-des-anneaux\/coupe-papier-dague-de-l-epee-aragorn\/","title":{"rendered":"Aragorn paper cutter"},"content":{"rendered":"<h2>Aragorn sword paper-knife.<\/h2>\n<p>Let's start with this <strong>Aragorn sword paper-knife<\/strong> named <a href=\"https:\/\/lotr.fandom.com\/fr\/wiki\/Strider\" target=\"_blank\" rel=\"noopener noreferrer\">Strider<\/a>, the name given to Aragorn's first sword, which can be seen in the books and films.<\/p>\n<p>It is with this sword that he beheads the leader of the Uruk-Hai troop sent by Saruman to kidnap the Hobbits. Later, when Narsil, Isildur's sword, is reforged and renamed Anduril, Aragorn abandons Strider in favor of it.<\/p>\n<p>Aragorn is a fictional character from the legendarium of British writer J. R. R. Tolkien. He is one of the main protagonists of the novel and trilogy The Lord of the Rings. A member of the Fellowship of the Ring, Aragorn is a long-time friend of the wizard Gandalf and the Elves of Middle-earth.<\/p>\n<h2>Your Aragorn sword paper-knife at the best price.<\/h2>\n<p>We offer a wide selection of Lord of the Rings replicas.<\/p>\n<p>First and foremost,<\/p>\n<ul>\n<li>Let's start with the<a href=\"https:\/\/repliquemangacine.fr\/en\/lord-of-the-rings-swords\/lord-of-the-rings-aragorn-strider-sword\/\">Strider sword<\/a> at actual size<\/li>\n<li>As well as the reforged sword, the<a href=\"https:\/\/repliquemangacine.fr\/en\/the-lord-of-the-rings\/anduril-sword-aragorn-lord-of-the-rings\/\">Anduril<\/a> of Aragorn<\/li>\n<li>There is also the<a href=\"https:\/\/repliquemangacine.fr\/en\/lord-of-the-rings-swords\/boromirs-sword\/\">Boromir's sword<\/a>Faramir's brother<\/li>\n<li>And many more to discover in our online store!<\/li>\n<\/ul>\n<p>That's why here's an inexpensive gift idea for fans of The Lord of the Rings trilogy.<\/p>\n<p>In conclusion, you can use this <strong>Aragorn sword paper-knife<\/strong> in everyday life. But above all, it is a collector's item and decorative piece.<\/p>\n<p>R\u00e9plique Manga Cin\u00e9 is a French family business.<\/p>\n<h2>How to maintain the blade of your Lord of the Rings sword?<\/h2>\n<p>Collector's and decorative swords are made and assembled in a simplified way. As their use is decorative, they lack the safety features required of a Japanese sword intended for training.<\/p>\n<p>However, your <strong>Aragorn sword paper-knife<\/strong> to a steel blade that needs to be cared for to avoid damage over time. In fact, when you display your katana, your friends will be curious to see and touch the blade. This is where you need to be careful, as the acidity of your fingers is very harmful to steel, whatever its quality.<\/p>\n<p>However, if this does happen, don't panic - all you need is a cloth dampened with a little oil and a wipe of fingerprints. By doing so, you'll keep your sword looking its best for a very long time.<\/p>","protected":false},"excerpt":{"rendered":"<p>Letter opener version of Aragorn's sword in Lord of the Rings.<\/p>\n<ul>\n<li>440 stainless steel blade.<\/li>\n<li>Steel hilt and pommel.<\/li>\n<li>ABS handle.<\/li>\n<li>Abs scabbard.<\/li>\n<li>Blade length: 19 cm - Overall length: 34.5 cm - Weight:165 Grs<\/li>\n<\/ul>","protected":false},"featured_media":63733,"template":"","meta":[],"product_brand":[896],"product_cat":[68,24,29],"product_tag":[],"class_list":{"0":"post-63732","1":"product","2":"type-product","3":"status-publish","4":"has-post-thumbnail","6":"product_brand-replique-manga-cine","7":"product_cat-epees-seigneur-des-anneaux","8":"product_cat-films-series-tv-vente-de-katana-epee-et-produits-derives","9":"product_cat-le-seigneur-des-anneaux","11":"first","12":"outofstock","13":"taxable","14":"shipping-taxable","15":"purchasable","16":"product-type-simple"},"yoast_head":"<!-- This site is optimized with the Yoast SEO plugin v27.5 - https:\/\/yoast.com\/product\/yoast-seo-wordpress\/ -->\n<title>Coupe-papier \u00e9p\u00e9e Aragorn - Le Seigneur des Anneaux | RMC<\/title>\n<meta name=\"description\" content=\"D\u00e9couvrez ce Coupe-papier \u00e9p\u00e9e Aragorn pas ch\u00e8re. Lame en acier - Fourreau ABS - Longueur totale : 34.5 cm - Envoi 24\/48h - Paiement 100% s\u00e9curis\u00e9\" \/>\n<meta name=\"robots\" content=\"index, follow, max-snippet:-1, max-image-preview:large, max-video-preview:-1\" \/>\n<link rel=\"canonical\" href=\"https:\/\/repliquemangacine.fr\/en\/lord-of-the-rings-swords\/aragorn-sword-dagger-paper-cutter\/\" \/>\n<meta property=\"og:locale\" content=\"en_US\" \/>\n<meta property=\"og:type\" content=\"article\" \/>\n<meta property=\"og:title\" content=\"Coupe-papier \u00e9p\u00e9e Aragorn - Le Seigneur des Anneaux | RMC\" \/>\n<meta property=\"og:description\" content=\"D\u00e9couvrez ce Coupe-papier \u00e9p\u00e9e Aragorn pas ch\u00e8re. Lame en acier - Fourreau ABS - Longueur totale : 34.5 cm - Envoi 24\/48h - Paiement 100% s\u00e9curis\u00e9\" \/>\n<meta property=\"og:url\" content=\"https:\/\/repliquemangacine.fr\/en\/lord-of-the-rings-swords\/aragorn-sword-dagger-paper-cutter\/\" \/>\n<meta property=\"og:site_name\" content=\"R\u00e9plique Manga Cin\u00e9\" \/>\n<meta property=\"article:publisher\" content=\"https:\/\/www.facebook.com\/RepliqueMangaCine\" \/>\n<meta property=\"article:modified_time\" content=\"2026-03-27T18:38:41+00:00\" \/>\n<meta property=\"og:image\" content=\"https:\/\/repliquemangacine.fr\/wp-content\/uploads\/2023\/10\/3840-Coupe-papier-Seigneur-des-Anneaux.jpg\" \/>\n\t<meta property=\"og:image:width\" content=\"800\" \/>\n\t<meta property=\"og:image:height\" content=\"800\" \/>\n\t<meta property=\"og:image:type\" content=\"image\/jpeg\" \/>\n<meta name=\"twitter:card\" content=\"summary_large_image\" \/>\n<meta name=\"twitter:label1\" content=\"Est. reading time\" \/>\n\t<meta name=\"twitter:data1\" content=\"2 minutes\" \/>\n<script type=\"application\/ld+json\" class=\"yoast-schema-graph\">{\"@context\":\"https:\\\/\\\/schema.org\",\"@graph\":[{\"@type\":\"WebPage\",\"@id\":\"https:\\\/\\\/repliquemangacine.fr\\\/de\\\/herr-der-ringe-schwerter\\\/papierschnitt-dolch-des-schwertes-aragorn\\\/\",\"url\":\"https:\\\/\\\/repliquemangacine.fr\\\/de\\\/herr-der-ringe-schwerter\\\/papierschnitt-dolch-des-schwertes-aragorn\\\/\",\"name\":\"Coupe-papier \u00e9p\u00e9e Aragorn - Le Seigneur des Anneaux | RMC\",\"isPartOf\":{\"@id\":\"https:\\\/\\\/repliquemangacine.fr\\\/#website\"},\"primaryImageOfPage\":{\"@id\":\"https:\\\/\\\/repliquemangacine.fr\\\/de\\\/herr-der-ringe-schwerter\\\/papierschnitt-dolch-des-schwertes-aragorn\\\/#primaryimage\"},\"image\":{\"@id\":\"https:\\\/\\\/repliquemangacine.fr\\\/de\\\/herr-der-ringe-schwerter\\\/papierschnitt-dolch-des-schwertes-aragorn\\\/#primaryimage\"},\"thumbnailUrl\":\"https:\\\/\\\/repliquemangacine.fr\\\/wp-content\\\/uploads\\\/2023\\\/10\\\/3840-Coupe-papier-Seigneur-des-Anneaux.jpg\",\"datePublished\":\"2020-11-04T13:46:41+00:00\",\"dateModified\":\"2026-03-27T18:38:41+00:00\",\"description\":\"D\u00e9couvrez ce Coupe-papier \u00e9p\u00e9e Aragorn pas ch\u00e8re. Lame en acier - Fourreau ABS - Longueur totale : 34.5 cm - Envoi 24\\\/48h - Paiement 100% s\u00e9curis\u00e9\",\"breadcrumb\":{\"@id\":\"https:\\\/\\\/repliquemangacine.fr\\\/de\\\/herr-der-ringe-schwerter\\\/papierschnitt-dolch-des-schwertes-aragorn\\\/#breadcrumb\"},\"inLanguage\":\"en-US\",\"potentialAction\":[{\"@type\":\"ReadAction\",\"target\":[\"https:\\\/\\\/repliquemangacine.fr\\\/de\\\/herr-der-ringe-schwerter\\\/papierschnitt-dolch-des-schwertes-aragorn\\\/\"]}]},{\"@type\":\"ImageObject\",\"inLanguage\":\"en-US\",\"@id\":\"https:\\\/\\\/repliquemangacine.fr\\\/de\\\/herr-der-ringe-schwerter\\\/papierschnitt-dolch-des-schwertes-aragorn\\\/#primaryimage\",\"url\":\"https:\\\/\\\/repliquemangacine.fr\\\/wp-content\\\/uploads\\\/2023\\\/10\\\/3840-Coupe-papier-Seigneur-des-Anneaux.jpg\",\"contentUrl\":\"https:\\\/\\\/repliquemangacine.fr\\\/wp-content\\\/uploads\\\/2023\\\/10\\\/3840-Coupe-papier-Seigneur-des-Anneaux.jpg\",\"width\":800,\"height\":800,\"caption\":\"Coupe-papier \u00e9p\u00e9e Aragorn Seigneur des Anneaux\"},{\"@type\":\"BreadcrumbList\",\"@id\":\"https:\\\/\\\/repliquemangacine.fr\\\/de\\\/herr-der-ringe-schwerter\\\/papierschnitt-dolch-des-schwertes-aragorn\\\/#breadcrumb\",\"itemListElement\":[{\"@type\":\"ListItem\",\"position\":1,\"name\":\"Accueil\",\"item\":\"https:\\\/\\\/repliquemangacine.fr\\\/\"},{\"@type\":\"ListItem\",\"position\":2,\"name\":\"Produits\",\"item\":\"https:\\\/\\\/repliquemangacine.fr\\\/boutique\\\/\"},{\"@type\":\"ListItem\",\"position\":3,\"name\":\"Coupe papier Aragorn\"}]},{\"@type\":\"WebSite\",\"@id\":\"https:\\\/\\\/repliquemangacine.fr\\\/#website\",\"url\":\"https:\\\/\\\/repliquemangacine.fr\\\/\",\"name\":\"R\u00e9plique Manga Cin\u00e9\",\"description\":\"\",\"publisher\":{\"@id\":\"https:\\\/\\\/repliquemangacine.fr\\\/#organization\"},\"potentialAction\":[{\"@type\":\"SearchAction\",\"target\":{\"@type\":\"EntryPoint\",\"urlTemplate\":\"https:\\\/\\\/repliquemangacine.fr\\\/?s={search_term_string}\"},\"query-input\":{\"@type\":\"PropertyValueSpecification\",\"valueRequired\":true,\"valueName\":\"search_term_string\"}}],\"inLanguage\":\"en-US\"},{\"@type\":\"Organization\",\"@id\":\"https:\\\/\\\/repliquemangacine.fr\\\/#organization\",\"name\":\"R\u00e9plique Manga Cin\u00e9\",\"url\":\"https:\\\/\\\/repliquemangacine.fr\\\/\",\"logo\":{\"@type\":\"ImageObject\",\"inLanguage\":\"en-US\",\"@id\":\"https:\\\/\\\/repliquemangacine.fr\\\/#\\\/schema\\\/logo\\\/image\\\/\",\"url\":\"https:\\\/\\\/repliquemangacine.fr\\\/wp-content\\\/uploads\\\/2023\\\/10\\\/RMC-500250.png\",\"contentUrl\":\"https:\\\/\\\/repliquemangacine.fr\\\/wp-content\\\/uploads\\\/2023\\\/10\\\/RMC-500250.png\",\"width\":500,\"height\":250,\"caption\":\"R\u00e9plique Manga Cin\u00e9\"},\"image\":{\"@id\":\"https:\\\/\\\/repliquemangacine.fr\\\/#\\\/schema\\\/logo\\\/image\\\/\"},\"sameAs\":[\"https:\\\/\\\/www.facebook.com\\\/RepliqueMangaCine\",\"https:\\\/\\\/www.instagram.com\\\/repliquemangacine.fr\\\/\"]}]}<\/script>\n<!-- \/ Yoast SEO plugin. -->","yoast_head_json":{"title":"Aragorn sword paper-knife - The Lord of the Rings | RMC","description":"Discover this inexpensive Aragorn sword letter opener. Steel blade - ABS sheath - Total length: 34.5 cm - Shipment 24\/48h - Secure payment 100%","robots":{"index":"index","follow":"follow","max-snippet":"max-snippet:-1","max-image-preview":"max-image-preview:large","max-video-preview":"max-video-preview:-1"},"canonical":"https:\/\/repliquemangacine.fr\/en\/lord-of-the-rings-swords\/aragorn-sword-dagger-paper-cutter\/","og_locale":"en_US","og_type":"article","og_title":"Coupe-papier \u00e9p\u00e9e Aragorn - Le Seigneur des Anneaux | RMC","og_description":"D\u00e9couvrez ce Coupe-papier \u00e9p\u00e9e Aragorn pas ch\u00e8re. Lame en acier - Fourreau ABS - Longueur totale : 34.5 cm - Envoi 24\/48h - Paiement 100% s\u00e9curis\u00e9","og_url":"https:\/\/repliquemangacine.fr\/en\/lord-of-the-rings-swords\/aragorn-sword-dagger-paper-cutter\/","og_site_name":"R\u00e9plique Manga Cin\u00e9","article_publisher":"https:\/\/www.facebook.com\/RepliqueMangaCine","article_modified_time":"2026-03-27T18:38:41+00:00","og_image":[{"width":800,"height":800,"url":"https:\/\/repliquemangacine.fr\/wp-content\/uploads\/2023\/10\/3840-Coupe-papier-Seigneur-des-Anneaux.jpg","type":"image\/jpeg"}],"twitter_card":"summary_large_image","twitter_misc":{"Est. reading time":"2 minutes"},"schema":{"@context":"https:\/\/schema.org","@graph":[{"@type":"WebPage","@id":"https:\/\/repliquemangacine.fr\/de\/herr-der-ringe-schwerter\/papierschnitt-dolch-des-schwertes-aragorn\/","url":"https:\/\/repliquemangacine.fr\/de\/herr-der-ringe-schwerter\/papierschnitt-dolch-des-schwertes-aragorn\/","name":"Aragorn sword paper-knife - The Lord of the Rings | RMC","isPartOf":{"@id":"https:\/\/repliquemangacine.fr\/#website"},"primaryImageOfPage":{"@id":"https:\/\/repliquemangacine.fr\/de\/herr-der-ringe-schwerter\/papierschnitt-dolch-des-schwertes-aragorn\/#primaryimage"},"image":{"@id":"https:\/\/repliquemangacine.fr\/de\/herr-der-ringe-schwerter\/papierschnitt-dolch-des-schwertes-aragorn\/#primaryimage"},"thumbnailUrl":"https:\/\/repliquemangacine.fr\/wp-content\/uploads\/2023\/10\/3840-Coupe-papier-Seigneur-des-Anneaux.jpg","datePublished":"2020-11-04T13:46:41+00:00","dateModified":"2026-03-27T18:38:41+00:00","description":"Discover this inexpensive Aragorn sword letter opener. Steel blade - ABS sheath - Total length: 34.5 cm - Shipment 24\/48h - Secure payment 100%","breadcrumb":{"@id":"https:\/\/repliquemangacine.fr\/de\/herr-der-ringe-schwerter\/papierschnitt-dolch-des-schwertes-aragorn\/#breadcrumb"},"inLanguage":"en-US","potentialAction":[{"@type":"ReadAction","target":["https:\/\/repliquemangacine.fr\/de\/herr-der-ringe-schwerter\/papierschnitt-dolch-des-schwertes-aragorn\/"]}]},{"@type":"ImageObject","inLanguage":"en-US","@id":"https:\/\/repliquemangacine.fr\/de\/herr-der-ringe-schwerter\/papierschnitt-dolch-des-schwertes-aragorn\/#primaryimage","url":"https:\/\/repliquemangacine.fr\/wp-content\/uploads\/2023\/10\/3840-Coupe-papier-Seigneur-des-Anneaux.jpg","contentUrl":"https:\/\/repliquemangacine.fr\/wp-content\/uploads\/2023\/10\/3840-Coupe-papier-Seigneur-des-Anneaux.jpg","width":800,"height":800,"caption":"Coupe-papier \u00e9p\u00e9e Aragorn Seigneur des Anneaux"},{"@type":"BreadcrumbList","@id":"https:\/\/repliquemangacine.fr\/de\/herr-der-ringe-schwerter\/papierschnitt-dolch-des-schwertes-aragorn\/#breadcrumb","itemListElement":[{"@type":"ListItem","position":1,"name":"Accueil","item":"https:\/\/repliquemangacine.fr\/"},{"@type":"ListItem","position":2,"name":"Produits","item":"https:\/\/repliquemangacine.fr\/boutique\/"},{"@type":"ListItem","position":3,"name":"Coupe papier Aragorn"}]},{"@type":"WebSite","@id":"https:\/\/repliquemangacine.fr\/#website","url":"https:\/\/repliquemangacine.fr\/","name":"R\u00e9plique Manga Cin\u00e9","description":"","publisher":{"@id":"https:\/\/repliquemangacine.fr\/#organization"},"potentialAction":[{"@type":"SearchAction","target":{"@type":"EntryPoint","urlTemplate":"https:\/\/repliquemangacine.fr\/?s={search_term_string}"},"query-input":{"@type":"PropertyValueSpecification","valueRequired":true,"valueName":"search_term_string"}}],"inLanguage":"en-US"},{"@type":"Organization","@id":"https:\/\/repliquemangacine.fr\/#organization","name":"R\u00e9plique Manga Cin\u00e9","url":"https:\/\/repliquemangacine.fr\/","logo":{"@type":"ImageObject","inLanguage":"en-US","@id":"https:\/\/repliquemangacine.fr\/#\/schema\/logo\/image\/","url":"https:\/\/repliquemangacine.fr\/wp-content\/uploads\/2023\/10\/RMC-500250.png","contentUrl":"https:\/\/repliquemangacine.fr\/wp-content\/uploads\/2023\/10\/RMC-500250.png","width":500,"height":250,"caption":"R\u00e9plique Manga Cin\u00e9"},"image":{"@id":"https:\/\/repliquemangacine.fr\/#\/schema\/logo\/image\/"},"sameAs":["https:\/\/www.facebook.com\/RepliqueMangaCine","https:\/\/www.instagram.com\/repliquemangacine.fr\/"]}]}},"_links":{"self":[{"href":"https:\/\/repliquemangacine.fr\/en\/wp-json\/wp\/v2\/product\/63732","targetHints":{"allow":["GET"]}}],"collection":[{"href":"https:\/\/repliquemangacine.fr\/en\/wp-json\/wp\/v2\/product"}],"about":[{"href":"https:\/\/repliquemangacine.fr\/en\/wp-json\/wp\/v2\/types\/product"}],"wp:featuredmedia":[{"embeddable":true,"href":"https:\/\/repliquemangacine.fr\/en\/wp-json\/wp\/v2\/media\/63733"}],"wp:attachment":[{"href":"https:\/\/repliquemangacine.fr\/en\/wp-json\/wp\/v2\/media?parent=63732"}],"wp:term":[{"taxonomy":"product_brand","embeddable":true,"href":"https:\/\/repliquemangacine.fr\/en\/wp-json\/wp\/v2\/product_brand?post=63732"},{"taxonomy":"product_cat","embeddable":true,"href":"https:\/\/repliquemangacine.fr\/en\/wp-json\/wp\/v2\/product_cat?post=63732"},{"taxonomy":"product_tag","embeddable":true,"href":"https:\/\/repliquemangacine.fr\/en\/wp-json\/wp\/v2\/product_tag?post=63732"}],"curies":[{"name":"wp","href":"https:\/\/api.w.org\/{rel}","templated":true}]}}