





{"id":63714,"date":"2019-06-01T15:11:20","date_gmt":"2019-06-01T13:11:20","guid":{"rendered":"https:\/\/repliquemangacine.fr\/?post_type=product&#038;p=63714"},"modified":"2025-09-23T18:03:11","modified_gmt":"2025-09-23T16:03:11","slug":"replica-hellboy-3-mask","status":"publish","type":"product","link":"https:\/\/repliquemangacine.fr\/en\/katana-les-epees-de-films-et-series\/replique-masque-hellboy-3\/","title":{"rendered":"Hellboy 3 mask"},"content":{"rendered":"<h2>Replica Hellboy 3 Mask.<\/h2>\n<p>To start with, the Hellboy 3 Mask, inspired by the fantasy film directed by Neil Marshall, released in 2019.<\/p>\n<p>This is the 3rd film adapted from the Hellboy comic book character created by Mike Mignola, following Hellboy and Hellboy II: The Cursed Golden Legions directed by Guillermo del Toro. This is a reboot, so it does not take into account the previous two films.<\/p>\n<p>Nowadays and in Mexico, <a href=\"https:\/\/metahumans.fandom.com\/wiki\/Hellboy_3_(Movie)\" target=\"_blank\" rel=\"noopener noreferrer\">Hellboy<\/a> accidentally eliminates Esteban Ruiz, who has been turned into a vampire in a wrestling tournament. Hellboy returns to the BPRD in Colorado and receives a new assignment from Professor Trevor Bruttenholm, his adoptive father, to help the Osiris Club eliminate a trio of giants in Britain.<\/p>\n<h2>Your Hellboy 3 Mask at the best price.<\/h2>\n<p>We offer a wide range of reproductions of TV series collectors' items.<\/p>\n<p>First and foremost,<\/p>\n<ul>\n<li>The replica dagger <a href=\"https:\/\/repliquemangacine.fr\/en\/other-films-and-series\/first-blade-supernatural\/\">First Blade<\/a> from the Supernatural series.<\/li>\n<li>There is also the <a href=\"https:\/\/repliquemangacine.fr\/en\/super-heroes\/lokis-dagger\/\">Loki's dagger<\/a> in the Marvel Cinematic Universe.<\/li>\n<li>As well as the <a href=\"https:\/\/repliquemangacine.fr\/en\/super-heroes\/harley-quinn-baseball-bat\/\">Harley Queen bat<\/a> in Suicide Squad under official noble collection license.<\/li>\n<li>And many more to discover in our online store!<\/li>\n<\/ul>\n<p>That's why this is a great gift idea for all TV series fans.<\/p>\n<p>In conclusion, you can use the <strong>Hellboy 3 mask<\/strong> for your cosplay parades or Halloween parties. But above all, this mask is a collector's item and a decorative object.<\/p>\n<h2>How are your Halloween costumes made?<\/h2>\n<p>To begin with, all our derived products are of the highest quality, manufactured with meticulous attention to detail. In fact, some of the manufacturing is done by hand, to reproduce even the smallest detail. More important parts are machined by precise machines. Engravings are generally made with a diamond tip or laser.<\/p>\n<p>Your <strong>Hellboy 3 mask<\/strong> has been crafted to reproduce every detail exactly. Made entirely of 2 mm-thick molded resin and hand-painted. Adjustable strap held in place by two rivets.<\/p>\n<p>In conclusion, imported from China, Spain or India, our replicas will amaze you!<\/p>\n<p>R\u00e9plique Manga Cin\u00e9 is a French family business.<\/p>\n<p>Enjoy your visit.<\/p>","protected":false},"excerpt":{"rendered":"<p>Unofficial replica of the Hellboy 3-inspired mask.<\/p>\n<ul>\n<li>Made entirely of resin.<\/li>\n<li>Functional, wearable.<\/li>\n<li>Foam and strap adaptable to the inside of the mask.<\/li>\n<li>Dimensions: 33cm X 22 cm<\/li>\n<\/ul>","protected":false},"featured_media":63715,"template":"","meta":[],"product_brand":[896],"product_cat":[91,66,24],"product_tag":[],"class_list":{"0":"post-63714","1":"product","2":"type-product","3":"status-publish","4":"has-post-thumbnail","6":"product_brand-replique-manga-cine","7":"product_cat-katana-les-epees-de-films-et-series","8":"product_cat-repliques-d-armes-films-et-series","9":"product_cat-films-series-tv-vente-de-katana-epee-et-produits-derives","11":"first","12":"instock","13":"taxable","14":"shipping-taxable","15":"purchasable","16":"product-type-simple"},"yoast_head":"<!-- This site is optimized with the Yoast SEO plugin v27.5 - https:\/\/yoast.com\/product\/yoast-seo-wordpress\/ -->\n<title>Masque Hellboy 3 - Vente en ligne D\u00e9guisement Halloween - RMC<\/title>\n<meta name=\"description\" content=\"D\u00e9couvrez le Masque Hellboy 3 au meilleur prix - Tout en r\u00e9sine - Int\u00e9rieur mousse. Fonctionnel - Sangle ajustable - Dimensions : 33 X 22 cm\" \/>\n<meta name=\"robots\" content=\"index, follow, max-snippet:-1, max-image-preview:large, max-video-preview:-1\" \/>\n<link rel=\"canonical\" href=\"https:\/\/repliquemangacine.fr\/en\/katana-swords-from-films-and-series\/replica-hellboy-3-mask\/\" \/>\n<meta property=\"og:locale\" content=\"en_US\" \/>\n<meta property=\"og:type\" content=\"article\" \/>\n<meta property=\"og:title\" content=\"Masque Hellboy 3 - Vente en ligne D\u00e9guisement Halloween - RMC\" \/>\n<meta property=\"og:description\" content=\"D\u00e9couvrez le Masque Hellboy 3 au meilleur prix - Tout en r\u00e9sine - Int\u00e9rieur mousse. Fonctionnel - Sangle ajustable - Dimensions : 33 X 22 cm\" \/>\n<meta property=\"og:url\" content=\"https:\/\/repliquemangacine.fr\/en\/katana-swords-from-films-and-series\/replica-hellboy-3-mask\/\" \/>\n<meta property=\"og:site_name\" content=\"R\u00e9plique Manga Cin\u00e9\" \/>\n<meta property=\"article:publisher\" content=\"https:\/\/www.facebook.com\/RepliqueMangaCine\" \/>\n<meta property=\"article:modified_time\" content=\"2025-09-23T16:03:11+00:00\" \/>\n<meta property=\"og:image\" content=\"https:\/\/repliquemangacine.fr\/wp-content\/uploads\/2023\/10\/2890-Replique-Masque-Hellboy-3.jpg\" \/>\n\t<meta property=\"og:image:width\" content=\"800\" \/>\n\t<meta property=\"og:image:height\" content=\"800\" \/>\n\t<meta property=\"og:image:type\" content=\"image\/jpeg\" \/>\n<meta name=\"twitter:card\" content=\"summary_large_image\" \/>\n<meta name=\"twitter:label1\" content=\"Est. reading time\" \/>\n\t<meta name=\"twitter:data1\" content=\"2 minutes\" \/>\n<script type=\"application\/ld+json\" class=\"yoast-schema-graph\">{\"@context\":\"https:\\\/\\\/schema.org\",\"@graph\":[{\"@type\":\"WebPage\",\"@id\":\"https:\\\/\\\/repliquemangacine.fr\\\/de\\\/katana-die-schwerter-aus-filmen-und-serien\\\/replica-maske-hellboy-3\\\/\",\"url\":\"https:\\\/\\\/repliquemangacine.fr\\\/de\\\/katana-die-schwerter-aus-filmen-und-serien\\\/replica-maske-hellboy-3\\\/\",\"name\":\"Masque Hellboy 3 - Vente en ligne D\u00e9guisement Halloween - RMC\",\"isPartOf\":{\"@id\":\"https:\\\/\\\/repliquemangacine.fr\\\/#website\"},\"primaryImageOfPage\":{\"@id\":\"https:\\\/\\\/repliquemangacine.fr\\\/de\\\/katana-die-schwerter-aus-filmen-und-serien\\\/replica-maske-hellboy-3\\\/#primaryimage\"},\"image\":{\"@id\":\"https:\\\/\\\/repliquemangacine.fr\\\/de\\\/katana-die-schwerter-aus-filmen-und-serien\\\/replica-maske-hellboy-3\\\/#primaryimage\"},\"thumbnailUrl\":\"https:\\\/\\\/repliquemangacine.fr\\\/wp-content\\\/uploads\\\/2023\\\/10\\\/2890-Replique-Masque-Hellboy-3.jpg\",\"datePublished\":\"2019-06-01T13:11:20+00:00\",\"dateModified\":\"2025-09-23T16:03:11+00:00\",\"description\":\"D\u00e9couvrez le Masque Hellboy 3 au meilleur prix - Tout en r\u00e9sine - Int\u00e9rieur mousse. Fonctionnel - Sangle ajustable - Dimensions : 33 X 22 cm\",\"breadcrumb\":{\"@id\":\"https:\\\/\\\/repliquemangacine.fr\\\/de\\\/katana-die-schwerter-aus-filmen-und-serien\\\/replica-maske-hellboy-3\\\/#breadcrumb\"},\"inLanguage\":\"en-US\",\"potentialAction\":[{\"@type\":\"ReadAction\",\"target\":[\"https:\\\/\\\/repliquemangacine.fr\\\/de\\\/katana-die-schwerter-aus-filmen-und-serien\\\/replica-maske-hellboy-3\\\/\"]}]},{\"@type\":\"ImageObject\",\"inLanguage\":\"en-US\",\"@id\":\"https:\\\/\\\/repliquemangacine.fr\\\/de\\\/katana-die-schwerter-aus-filmen-und-serien\\\/replica-maske-hellboy-3\\\/#primaryimage\",\"url\":\"https:\\\/\\\/repliquemangacine.fr\\\/wp-content\\\/uploads\\\/2023\\\/10\\\/2890-Replique-Masque-Hellboy-3.jpg\",\"contentUrl\":\"https:\\\/\\\/repliquemangacine.fr\\\/wp-content\\\/uploads\\\/2023\\\/10\\\/2890-Replique-Masque-Hellboy-3.jpg\",\"width\":800,\"height\":800,\"caption\":\"R\u00e9plique Masque Hellboy 3\"},{\"@type\":\"BreadcrumbList\",\"@id\":\"https:\\\/\\\/repliquemangacine.fr\\\/de\\\/katana-die-schwerter-aus-filmen-und-serien\\\/replica-maske-hellboy-3\\\/#breadcrumb\",\"itemListElement\":[{\"@type\":\"ListItem\",\"position\":1,\"name\":\"Accueil\",\"item\":\"https:\\\/\\\/repliquemangacine.fr\\\/\"},{\"@type\":\"ListItem\",\"position\":2,\"name\":\"Produits\",\"item\":\"https:\\\/\\\/repliquemangacine.fr\\\/boutique\\\/\"},{\"@type\":\"ListItem\",\"position\":3,\"name\":\"Masque Hellboy 3\"}]},{\"@type\":\"WebSite\",\"@id\":\"https:\\\/\\\/repliquemangacine.fr\\\/#website\",\"url\":\"https:\\\/\\\/repliquemangacine.fr\\\/\",\"name\":\"R\u00e9plique Manga Cin\u00e9\",\"description\":\"\",\"publisher\":{\"@id\":\"https:\\\/\\\/repliquemangacine.fr\\\/#organization\"},\"potentialAction\":[{\"@type\":\"SearchAction\",\"target\":{\"@type\":\"EntryPoint\",\"urlTemplate\":\"https:\\\/\\\/repliquemangacine.fr\\\/?s={search_term_string}\"},\"query-input\":{\"@type\":\"PropertyValueSpecification\",\"valueRequired\":true,\"valueName\":\"search_term_string\"}}],\"inLanguage\":\"en-US\"},{\"@type\":\"Organization\",\"@id\":\"https:\\\/\\\/repliquemangacine.fr\\\/#organization\",\"name\":\"R\u00e9plique Manga Cin\u00e9\",\"url\":\"https:\\\/\\\/repliquemangacine.fr\\\/\",\"logo\":{\"@type\":\"ImageObject\",\"inLanguage\":\"en-US\",\"@id\":\"https:\\\/\\\/repliquemangacine.fr\\\/#\\\/schema\\\/logo\\\/image\\\/\",\"url\":\"https:\\\/\\\/repliquemangacine.fr\\\/wp-content\\\/uploads\\\/2023\\\/10\\\/RMC-500250.png\",\"contentUrl\":\"https:\\\/\\\/repliquemangacine.fr\\\/wp-content\\\/uploads\\\/2023\\\/10\\\/RMC-500250.png\",\"width\":500,\"height\":250,\"caption\":\"R\u00e9plique Manga Cin\u00e9\"},\"image\":{\"@id\":\"https:\\\/\\\/repliquemangacine.fr\\\/#\\\/schema\\\/logo\\\/image\\\/\"},\"sameAs\":[\"https:\\\/\\\/www.facebook.com\\\/RepliqueMangaCine\",\"https:\\\/\\\/www.instagram.com\\\/repliquemangacine.fr\\\/\"]}]}<\/script>\n<!-- \/ Yoast SEO plugin. -->","yoast_head_json":{"title":"Hellboy 3 mask - Buy Halloween Disguise online - RMC","description":"Discover the Hellboy 3 Mask at the best price - All resin - Foam interior. Functional - Adjustable strap - Dimensions : 33 X 22 cm","robots":{"index":"index","follow":"follow","max-snippet":"max-snippet:-1","max-image-preview":"max-image-preview:large","max-video-preview":"max-video-preview:-1"},"canonical":"https:\/\/repliquemangacine.fr\/en\/katana-swords-from-films-and-series\/replica-hellboy-3-mask\/","og_locale":"en_US","og_type":"article","og_title":"Masque Hellboy 3 - Vente en ligne D\u00e9guisement Halloween - RMC","og_description":"D\u00e9couvrez le Masque Hellboy 3 au meilleur prix - Tout en r\u00e9sine - Int\u00e9rieur mousse. Fonctionnel - Sangle ajustable - Dimensions : 33 X 22 cm","og_url":"https:\/\/repliquemangacine.fr\/en\/katana-swords-from-films-and-series\/replica-hellboy-3-mask\/","og_site_name":"R\u00e9plique Manga Cin\u00e9","article_publisher":"https:\/\/www.facebook.com\/RepliqueMangaCine","article_modified_time":"2025-09-23T16:03:11+00:00","og_image":[{"width":800,"height":800,"url":"https:\/\/repliquemangacine.fr\/wp-content\/uploads\/2023\/10\/2890-Replique-Masque-Hellboy-3.jpg","type":"image\/jpeg"}],"twitter_card":"summary_large_image","twitter_misc":{"Est. reading time":"2 minutes"},"schema":{"@context":"https:\/\/schema.org","@graph":[{"@type":"WebPage","@id":"https:\/\/repliquemangacine.fr\/de\/katana-die-schwerter-aus-filmen-und-serien\/replica-maske-hellboy-3\/","url":"https:\/\/repliquemangacine.fr\/de\/katana-die-schwerter-aus-filmen-und-serien\/replica-maske-hellboy-3\/","name":"Hellboy 3 mask - Buy Halloween Disguise online - RMC","isPartOf":{"@id":"https:\/\/repliquemangacine.fr\/#website"},"primaryImageOfPage":{"@id":"https:\/\/repliquemangacine.fr\/de\/katana-die-schwerter-aus-filmen-und-serien\/replica-maske-hellboy-3\/#primaryimage"},"image":{"@id":"https:\/\/repliquemangacine.fr\/de\/katana-die-schwerter-aus-filmen-und-serien\/replica-maske-hellboy-3\/#primaryimage"},"thumbnailUrl":"https:\/\/repliquemangacine.fr\/wp-content\/uploads\/2023\/10\/2890-Replique-Masque-Hellboy-3.jpg","datePublished":"2019-06-01T13:11:20+00:00","dateModified":"2025-09-23T16:03:11+00:00","description":"Discover the Hellboy 3 Mask at the best price - All resin - Foam interior. Functional - Adjustable strap - Dimensions : 33 X 22 cm","breadcrumb":{"@id":"https:\/\/repliquemangacine.fr\/de\/katana-die-schwerter-aus-filmen-und-serien\/replica-maske-hellboy-3\/#breadcrumb"},"inLanguage":"en-US","potentialAction":[{"@type":"ReadAction","target":["https:\/\/repliquemangacine.fr\/de\/katana-die-schwerter-aus-filmen-und-serien\/replica-maske-hellboy-3\/"]}]},{"@type":"ImageObject","inLanguage":"en-US","@id":"https:\/\/repliquemangacine.fr\/de\/katana-die-schwerter-aus-filmen-und-serien\/replica-maske-hellboy-3\/#primaryimage","url":"https:\/\/repliquemangacine.fr\/wp-content\/uploads\/2023\/10\/2890-Replique-Masque-Hellboy-3.jpg","contentUrl":"https:\/\/repliquemangacine.fr\/wp-content\/uploads\/2023\/10\/2890-Replique-Masque-Hellboy-3.jpg","width":800,"height":800,"caption":"R\u00e9plique Masque Hellboy 3"},{"@type":"BreadcrumbList","@id":"https:\/\/repliquemangacine.fr\/de\/katana-die-schwerter-aus-filmen-und-serien\/replica-maske-hellboy-3\/#breadcrumb","itemListElement":[{"@type":"ListItem","position":1,"name":"Accueil","item":"https:\/\/repliquemangacine.fr\/"},{"@type":"ListItem","position":2,"name":"Produits","item":"https:\/\/repliquemangacine.fr\/boutique\/"},{"@type":"ListItem","position":3,"name":"Masque Hellboy 3"}]},{"@type":"WebSite","@id":"https:\/\/repliquemangacine.fr\/#website","url":"https:\/\/repliquemangacine.fr\/","name":"R\u00e9plique Manga Cin\u00e9","description":"","publisher":{"@id":"https:\/\/repliquemangacine.fr\/#organization"},"potentialAction":[{"@type":"SearchAction","target":{"@type":"EntryPoint","urlTemplate":"https:\/\/repliquemangacine.fr\/?s={search_term_string}"},"query-input":{"@type":"PropertyValueSpecification","valueRequired":true,"valueName":"search_term_string"}}],"inLanguage":"en-US"},{"@type":"Organization","@id":"https:\/\/repliquemangacine.fr\/#organization","name":"R\u00e9plique Manga Cin\u00e9","url":"https:\/\/repliquemangacine.fr\/","logo":{"@type":"ImageObject","inLanguage":"en-US","@id":"https:\/\/repliquemangacine.fr\/#\/schema\/logo\/image\/","url":"https:\/\/repliquemangacine.fr\/wp-content\/uploads\/2023\/10\/RMC-500250.png","contentUrl":"https:\/\/repliquemangacine.fr\/wp-content\/uploads\/2023\/10\/RMC-500250.png","width":500,"height":250,"caption":"R\u00e9plique Manga Cin\u00e9"},"image":{"@id":"https:\/\/repliquemangacine.fr\/#\/schema\/logo\/image\/"},"sameAs":["https:\/\/www.facebook.com\/RepliqueMangaCine","https:\/\/www.instagram.com\/repliquemangacine.fr\/"]}]}},"_links":{"self":[{"href":"https:\/\/repliquemangacine.fr\/en\/wp-json\/wp\/v2\/product\/63714","targetHints":{"allow":["GET"]}}],"collection":[{"href":"https:\/\/repliquemangacine.fr\/en\/wp-json\/wp\/v2\/product"}],"about":[{"href":"https:\/\/repliquemangacine.fr\/en\/wp-json\/wp\/v2\/types\/product"}],"wp:featuredmedia":[{"embeddable":true,"href":"https:\/\/repliquemangacine.fr\/en\/wp-json\/wp\/v2\/media\/63715"}],"wp:attachment":[{"href":"https:\/\/repliquemangacine.fr\/en\/wp-json\/wp\/v2\/media?parent=63714"}],"wp:term":[{"taxonomy":"product_brand","embeddable":true,"href":"https:\/\/repliquemangacine.fr\/en\/wp-json\/wp\/v2\/product_brand?post=63714"},{"taxonomy":"product_cat","embeddable":true,"href":"https:\/\/repliquemangacine.fr\/en\/wp-json\/wp\/v2\/product_cat?post=63714"},{"taxonomy":"product_tag","embeddable":true,"href":"https:\/\/repliquemangacine.fr\/en\/wp-json\/wp\/v2\/product_tag?post=63714"}],"curies":[{"name":"wp","href":"https:\/\/api.w.org\/{rel}","templated":true}]}}