





{"id":63698,"date":"2016-10-17T14:10:42","date_gmt":"2016-10-17T12:10:42","guid":{"rendered":"https:\/\/repliquemangacine.fr\/?post_type=product&#038;p=63698"},"modified":"2026-04-20T19:31:41","modified_gmt":"2026-04-20T17:31:41","slug":"colt-denix-dummy-bullets-western-accessory","status":"publish","type":"product","link":"https:\/\/repliquemangacine.fr\/en\/holster-accessoires-western\/balles-factices-colt-denix-accessoire-western\/","title":{"rendered":"Colt Denix dummy bullets"},"content":{"rendered":"<h2>Colt Denix dummy bullets<\/h2>\n<p>To start with, Colt Denix dummy bullets or imitation bullets, an object that sometimes imitates real ammunition in a very realistic way. Fake guns and bullets are usually toys or replicas for collectors.<\/p>\n<p>Denix revolvers are all handmade and of the highest quality. With mechanism, loading and shooting simulator.<\/p>\n<p>It's worth noting that the bullets are made of solid, gold-colored steel. No danger, no explosive charge in these dummy bullets. You can put these bullets in the barrel of your Colt, or display them alongside to add to your collection.<\/p>\n<p>In conclusion, Colt Dummy Bullets are an essential addition to your Denix Colt 45.<\/p>\n<h2>Your western accessories at the best price.<\/h2>\n<p>We offer a wide choice of Denix dummy gun reproductions.<\/p>\n<p>First and foremost,<\/p>\n<ul>\n<li>The reproduction of <a href=\"https:\/\/repliquemangacine.fr\/en\/colts-revolver\/peacemaker-le-frontier-1873-revolver-gift-set\/\">Peacemaker revolver<\/a> in a 45 caliber case, model 1873.<\/li>\n<li>As well as this <a href=\"https:\/\/repliquemangacine.fr\/en\/holster-accessories\/ceinturon-cuir-pour-colt-45-holster-simple\/\">leather holster<\/a> for one gun or double, as you wish.<\/li>\n<li>There is also the <a href=\"https:\/\/repliquemangacine.fr\/en\/holster-accessories\/wooden-stand-for-pistol-and-colt-2\/\">presentation support<\/a> to proudly display your revolver.<\/li>\n<li>And many more to discover in our online store!<\/li>\n<\/ul>\n<p>A great gift idea for all lovers of historic weapons.<\/p>\n<p>In conclusion, you can use these Colt dummy bullets for your re-enactments and historical settings.<\/p>\n<p>Above all, this weapon is a collector's item and a decorative piece.<\/p>\n<p>R\u00e9plique Manga Cin\u00e9 is a French company, official distributor of the brand <a href=\"https:\/\/www.denix.fr\/\" target=\"_blank\" rel=\"noopener noreferrer\">Denix<\/a>.<\/p>","protected":false},"excerpt":{"rendered":"<p>Dummy Bullets are an essential addition to make your Denix western colts even more realistic.<\/p>\n<ul>\n<li>Entirely in gilded metal.<\/li>\n<li>These bullets contain no explosive charge.<\/li>\n<li>They fit all barrel models.<\/li>\n<li>Packaged in bags of 6 bales.<\/li>\n<\/ul>","protected":false},"featured_media":63699,"template":"","meta":[],"product_brand":[896],"product_cat":[51,34,102,90,28,27],"product_tag":[],"class_list":{"0":"post-63698","1":"product","2":"type-product","3":"status-publish","4":"has-post-thumbnail","6":"product_brand-replique-manga-cine","7":"product_cat-accessoires-western","8":"product_cat-armes-westerns","9":"product_cat-denix","10":"product_cat-holster-accessoires-western","11":"product_cat-repliques-darmes","12":"product_cat-armes-et-accessoires-western","14":"first","15":"instock","16":"taxable","17":"shipping-taxable","18":"purchasable","19":"product-type-simple"},"yoast_head":"<!-- This site is optimized with the Yoast SEO plugin v27.5 - https:\/\/yoast.com\/product\/yoast-seo-wordpress\/ -->\n<title>Balles factices colt - Vente d&#039;Accessoires Western | RMC<\/title>\n<meta name=\"description\" content=\"D\u00e9couvrez les Balles factices colt Denix au meilleur prix - Compl\u00e9ment essentiel pour votre revolver Denix - Tout en m\u00e9tal dor\u00e9 - Sachet de 6 balles.\" \/>\n<meta name=\"robots\" content=\"index, follow, max-snippet:-1, max-image-preview:large, max-video-preview:-1\" \/>\n<link rel=\"canonical\" href=\"https:\/\/repliquemangacine.fr\/en\/western-accessory-holster\/colt-denix-dummy-bullets-western-accessory\/\" \/>\n<meta property=\"og:locale\" content=\"en_US\" \/>\n<meta property=\"og:type\" content=\"article\" \/>\n<meta property=\"og:title\" content=\"Balles factices colt - Vente d&#039;Accessoires Western | RMC\" \/>\n<meta property=\"og:description\" content=\"D\u00e9couvrez les Balles factices colt Denix au meilleur prix - Compl\u00e9ment essentiel pour votre revolver Denix - Tout en m\u00e9tal dor\u00e9 - Sachet de 6 balles.\" \/>\n<meta property=\"og:url\" content=\"https:\/\/repliquemangacine.fr\/en\/western-accessory-holster\/colt-denix-dummy-bullets-western-accessory\/\" \/>\n<meta property=\"og:site_name\" content=\"R\u00e9plique Manga Cin\u00e9\" \/>\n<meta property=\"article:publisher\" content=\"https:\/\/www.facebook.com\/RepliqueMangaCine\" \/>\n<meta property=\"article:modified_time\" content=\"2026-04-20T17:31:41+00:00\" \/>\n<meta property=\"og:image\" content=\"https:\/\/repliquemangacine.fr\/wp-content\/uploads\/2023\/10\/537-6-Balles-factices-pour-colt-western-denix.jpg\" \/>\n\t<meta property=\"og:image:width\" content=\"800\" \/>\n\t<meta property=\"og:image:height\" content=\"800\" \/>\n\t<meta property=\"og:image:type\" content=\"image\/jpeg\" \/>\n<meta name=\"twitter:card\" content=\"summary_large_image\" \/>\n<meta name=\"twitter:label1\" content=\"Est. reading time\" \/>\n\t<meta name=\"twitter:data1\" content=\"2 minutes\" \/>\n<script type=\"application\/ld+json\" class=\"yoast-schema-graph\">{\"@context\":\"https:\\\/\\\/schema.org\",\"@graph\":[{\"@type\":\"WebPage\",\"@id\":\"https:\\\/\\\/repliquemangacine.fr\\\/holster-accessoires-western\\\/balles-factices-colt-denix-accessoire-western\\\/\",\"url\":\"https:\\\/\\\/repliquemangacine.fr\\\/holster-accessoires-western\\\/balles-factices-colt-denix-accessoire-western\\\/\",\"name\":\"Balles factices colt - Vente d'Accessoires Western | RMC\",\"isPartOf\":{\"@id\":\"https:\\\/\\\/repliquemangacine.fr\\\/#website\"},\"primaryImageOfPage\":{\"@id\":\"https:\\\/\\\/repliquemangacine.fr\\\/holster-accessoires-western\\\/balles-factices-colt-denix-accessoire-western\\\/#primaryimage\"},\"image\":{\"@id\":\"https:\\\/\\\/repliquemangacine.fr\\\/holster-accessoires-western\\\/balles-factices-colt-denix-accessoire-western\\\/#primaryimage\"},\"thumbnailUrl\":\"https:\\\/\\\/repliquemangacine.fr\\\/wp-content\\\/uploads\\\/2023\\\/10\\\/537-6-Balles-factices-pour-colt-western-denix.jpg\",\"datePublished\":\"2016-10-17T12:10:42+00:00\",\"dateModified\":\"2026-04-20T17:31:41+00:00\",\"description\":\"D\u00e9couvrez les Balles factices colt Denix au meilleur prix - Compl\u00e9ment essentiel pour votre revolver Denix - Tout en m\u00e9tal dor\u00e9 - Sachet de 6 balles.\",\"breadcrumb\":{\"@id\":\"https:\\\/\\\/repliquemangacine.fr\\\/holster-accessoires-western\\\/balles-factices-colt-denix-accessoire-western\\\/#breadcrumb\"},\"inLanguage\":\"en-US\",\"potentialAction\":[{\"@type\":\"ReadAction\",\"target\":[\"https:\\\/\\\/repliquemangacine.fr\\\/holster-accessoires-western\\\/balles-factices-colt-denix-accessoire-western\\\/\"]}]},{\"@type\":\"ImageObject\",\"inLanguage\":\"en-US\",\"@id\":\"https:\\\/\\\/repliquemangacine.fr\\\/holster-accessoires-western\\\/balles-factices-colt-denix-accessoire-western\\\/#primaryimage\",\"url\":\"https:\\\/\\\/repliquemangacine.fr\\\/wp-content\\\/uploads\\\/2023\\\/10\\\/537-6-Balles-factices-pour-colt-western-denix.jpg\",\"contentUrl\":\"https:\\\/\\\/repliquemangacine.fr\\\/wp-content\\\/uploads\\\/2023\\\/10\\\/537-6-Balles-factices-pour-colt-western-denix.jpg\",\"width\":800,\"height\":800,\"caption\":\"6 Balles factices pour colt western denix\"},{\"@type\":\"BreadcrumbList\",\"@id\":\"https:\\\/\\\/repliquemangacine.fr\\\/holster-accessoires-western\\\/balles-factices-colt-denix-accessoire-western\\\/#breadcrumb\",\"itemListElement\":[{\"@type\":\"ListItem\",\"position\":1,\"name\":\"Accueil\",\"item\":\"https:\\\/\\\/repliquemangacine.fr\\\/\"},{\"@type\":\"ListItem\",\"position\":2,\"name\":\"Produits\",\"item\":\"https:\\\/\\\/repliquemangacine.fr\\\/boutique\\\/\"},{\"@type\":\"ListItem\",\"position\":3,\"name\":\"Balles factices colt Denix\"}]},{\"@type\":\"WebSite\",\"@id\":\"https:\\\/\\\/repliquemangacine.fr\\\/#website\",\"url\":\"https:\\\/\\\/repliquemangacine.fr\\\/\",\"name\":\"R\u00e9plique Manga Cin\u00e9\",\"description\":\"\",\"publisher\":{\"@id\":\"https:\\\/\\\/repliquemangacine.fr\\\/#organization\"},\"potentialAction\":[{\"@type\":\"SearchAction\",\"target\":{\"@type\":\"EntryPoint\",\"urlTemplate\":\"https:\\\/\\\/repliquemangacine.fr\\\/?s={search_term_string}\"},\"query-input\":{\"@type\":\"PropertyValueSpecification\",\"valueRequired\":true,\"valueName\":\"search_term_string\"}}],\"inLanguage\":\"en-US\"},{\"@type\":\"Organization\",\"@id\":\"https:\\\/\\\/repliquemangacine.fr\\\/#organization\",\"name\":\"R\u00e9plique Manga Cin\u00e9\",\"url\":\"https:\\\/\\\/repliquemangacine.fr\\\/\",\"logo\":{\"@type\":\"ImageObject\",\"inLanguage\":\"en-US\",\"@id\":\"https:\\\/\\\/repliquemangacine.fr\\\/#\\\/schema\\\/logo\\\/image\\\/\",\"url\":\"https:\\\/\\\/repliquemangacine.fr\\\/wp-content\\\/uploads\\\/2023\\\/10\\\/RMC-500250.png\",\"contentUrl\":\"https:\\\/\\\/repliquemangacine.fr\\\/wp-content\\\/uploads\\\/2023\\\/10\\\/RMC-500250.png\",\"width\":500,\"height\":250,\"caption\":\"R\u00e9plique Manga Cin\u00e9\"},\"image\":{\"@id\":\"https:\\\/\\\/repliquemangacine.fr\\\/#\\\/schema\\\/logo\\\/image\\\/\"},\"sameAs\":[\"https:\\\/\\\/www.facebook.com\\\/RepliqueMangaCine\",\"https:\\\/\\\/www.instagram.com\\\/repliquemangacine.fr\\\/\"]}]}<\/script>\n<!-- \/ Yoast SEO plugin. -->","yoast_head_json":{"title":"Colt dummy bullets - Western Accessories | RMC","description":"Discover Denix colt dummy bullets at the best price - Essential complement for your Denix revolver - All gold-plated metal - Bag of 6 bullets.","robots":{"index":"index","follow":"follow","max-snippet":"max-snippet:-1","max-image-preview":"max-image-preview:large","max-video-preview":"max-video-preview:-1"},"canonical":"https:\/\/repliquemangacine.fr\/en\/western-accessory-holster\/colt-denix-dummy-bullets-western-accessory\/","og_locale":"en_US","og_type":"article","og_title":"Balles factices colt - Vente d'Accessoires Western | RMC","og_description":"D\u00e9couvrez les Balles factices colt Denix au meilleur prix - Compl\u00e9ment essentiel pour votre revolver Denix - Tout en m\u00e9tal dor\u00e9 - Sachet de 6 balles.","og_url":"https:\/\/repliquemangacine.fr\/en\/western-accessory-holster\/colt-denix-dummy-bullets-western-accessory\/","og_site_name":"R\u00e9plique Manga Cin\u00e9","article_publisher":"https:\/\/www.facebook.com\/RepliqueMangaCine","article_modified_time":"2026-04-20T17:31:41+00:00","og_image":[{"width":800,"height":800,"url":"https:\/\/repliquemangacine.fr\/wp-content\/uploads\/2023\/10\/537-6-Balles-factices-pour-colt-western-denix.jpg","type":"image\/jpeg"}],"twitter_card":"summary_large_image","twitter_misc":{"Est. reading time":"2 minutes"},"schema":{"@context":"https:\/\/schema.org","@graph":[{"@type":"WebPage","@id":"https:\/\/repliquemangacine.fr\/holster-accessoires-western\/balles-factices-colt-denix-accessoire-western\/","url":"https:\/\/repliquemangacine.fr\/holster-accessoires-western\/balles-factices-colt-denix-accessoire-western\/","name":"Colt dummy bullets - Western Accessories | RMC","isPartOf":{"@id":"https:\/\/repliquemangacine.fr\/#website"},"primaryImageOfPage":{"@id":"https:\/\/repliquemangacine.fr\/holster-accessoires-western\/balles-factices-colt-denix-accessoire-western\/#primaryimage"},"image":{"@id":"https:\/\/repliquemangacine.fr\/holster-accessoires-western\/balles-factices-colt-denix-accessoire-western\/#primaryimage"},"thumbnailUrl":"https:\/\/repliquemangacine.fr\/wp-content\/uploads\/2023\/10\/537-6-Balles-factices-pour-colt-western-denix.jpg","datePublished":"2016-10-17T12:10:42+00:00","dateModified":"2026-04-20T17:31:41+00:00","description":"Discover Denix colt dummy bullets at the best price - Essential complement for your Denix revolver - All gold-plated metal - Bag of 6 bullets.","breadcrumb":{"@id":"https:\/\/repliquemangacine.fr\/holster-accessoires-western\/balles-factices-colt-denix-accessoire-western\/#breadcrumb"},"inLanguage":"en-US","potentialAction":[{"@type":"ReadAction","target":["https:\/\/repliquemangacine.fr\/holster-accessoires-western\/balles-factices-colt-denix-accessoire-western\/"]}]},{"@type":"ImageObject","inLanguage":"en-US","@id":"https:\/\/repliquemangacine.fr\/holster-accessoires-western\/balles-factices-colt-denix-accessoire-western\/#primaryimage","url":"https:\/\/repliquemangacine.fr\/wp-content\/uploads\/2023\/10\/537-6-Balles-factices-pour-colt-western-denix.jpg","contentUrl":"https:\/\/repliquemangacine.fr\/wp-content\/uploads\/2023\/10\/537-6-Balles-factices-pour-colt-western-denix.jpg","width":800,"height":800,"caption":"6 Balles factices pour colt western denix"},{"@type":"BreadcrumbList","@id":"https:\/\/repliquemangacine.fr\/holster-accessoires-western\/balles-factices-colt-denix-accessoire-western\/#breadcrumb","itemListElement":[{"@type":"ListItem","position":1,"name":"Accueil","item":"https:\/\/repliquemangacine.fr\/"},{"@type":"ListItem","position":2,"name":"Produits","item":"https:\/\/repliquemangacine.fr\/boutique\/"},{"@type":"ListItem","position":3,"name":"Balles factices colt Denix"}]},{"@type":"WebSite","@id":"https:\/\/repliquemangacine.fr\/#website","url":"https:\/\/repliquemangacine.fr\/","name":"R\u00e9plique Manga Cin\u00e9","description":"","publisher":{"@id":"https:\/\/repliquemangacine.fr\/#organization"},"potentialAction":[{"@type":"SearchAction","target":{"@type":"EntryPoint","urlTemplate":"https:\/\/repliquemangacine.fr\/?s={search_term_string}"},"query-input":{"@type":"PropertyValueSpecification","valueRequired":true,"valueName":"search_term_string"}}],"inLanguage":"en-US"},{"@type":"Organization","@id":"https:\/\/repliquemangacine.fr\/#organization","name":"R\u00e9plique Manga Cin\u00e9","url":"https:\/\/repliquemangacine.fr\/","logo":{"@type":"ImageObject","inLanguage":"en-US","@id":"https:\/\/repliquemangacine.fr\/#\/schema\/logo\/image\/","url":"https:\/\/repliquemangacine.fr\/wp-content\/uploads\/2023\/10\/RMC-500250.png","contentUrl":"https:\/\/repliquemangacine.fr\/wp-content\/uploads\/2023\/10\/RMC-500250.png","width":500,"height":250,"caption":"R\u00e9plique Manga Cin\u00e9"},"image":{"@id":"https:\/\/repliquemangacine.fr\/#\/schema\/logo\/image\/"},"sameAs":["https:\/\/www.facebook.com\/RepliqueMangaCine","https:\/\/www.instagram.com\/repliquemangacine.fr\/"]}]}},"_links":{"self":[{"href":"https:\/\/repliquemangacine.fr\/en\/wp-json\/wp\/v2\/product\/63698","targetHints":{"allow":["GET"]}}],"collection":[{"href":"https:\/\/repliquemangacine.fr\/en\/wp-json\/wp\/v2\/product"}],"about":[{"href":"https:\/\/repliquemangacine.fr\/en\/wp-json\/wp\/v2\/types\/product"}],"wp:featuredmedia":[{"embeddable":true,"href":"https:\/\/repliquemangacine.fr\/en\/wp-json\/wp\/v2\/media\/63699"}],"wp:attachment":[{"href":"https:\/\/repliquemangacine.fr\/en\/wp-json\/wp\/v2\/media?parent=63698"}],"wp:term":[{"taxonomy":"product_brand","embeddable":true,"href":"https:\/\/repliquemangacine.fr\/en\/wp-json\/wp\/v2\/product_brand?post=63698"},{"taxonomy":"product_cat","embeddable":true,"href":"https:\/\/repliquemangacine.fr\/en\/wp-json\/wp\/v2\/product_cat?post=63698"},{"taxonomy":"product_tag","embeddable":true,"href":"https:\/\/repliquemangacine.fr\/en\/wp-json\/wp\/v2\/product_tag?post=63698"}],"curies":[{"name":"wp","href":"https:\/\/api.w.org\/{rel}","templated":true}]}}