





{"id":63695,"date":"2016-10-12T19:34:41","date_gmt":"2016-10-12T17:34:41","guid":{"rendered":"https:\/\/repliquemangacine.fr\/?post_type=product&#038;p=63695"},"modified":"2025-09-23T18:03:09","modified_gmt":"2025-09-23T16:03:09","slug":"deputy-us-marshal-denix-etoile-de-sherif-badge","status":"publish","type":"product","link":"https:\/\/repliquemangacine.fr\/en\/holster-accessoires-western\/insigne-deputy-us-marshal-denix-etoile-de-sherif\/","title":{"rendered":"Deputy US Marshal badge"},"content":{"rendered":"<h2>Deputy US Marshal badge<\/h2>\n<p>For starters, the Deputy US Marshal Badge is made of decorated metal, the essential accessory for your cowboy outfit.<\/p>\n<p>A badge is a distinctive mark of belonging to a group, rank or function.<\/p>\n<p>In the singular, insignia usually refers to the main element, usually metal or textile. In the plural, insignia designates all the parts of a decoration, or the various elements forming part of a rank, grade or dignity.<\/p>\n<p>A marshal, or U.S. marshal, officer of the United States Marshals Service, a federal police agency of the U.S. Department of Justice responsible for protecting courts, judges and witnesses, as well as tracking down fugitives.<\/p>\n<h2>Your western accessories at the best price.<\/h2>\n<p>We offer a wide selection of Western accessory reproductions.<\/p>\n<p>First and foremost,<\/p>\n<ul>\n<li>This <a href=\"https:\/\/repliquemangacine.fr\/en\/holster-accessories\/ceinturon-cuir-pour-colt-45-holster-simple\/\">holster<\/a> sheriff's collar belt to complete your disguise.<\/li>\n<li>As well as <a href=\"https:\/\/repliquemangacine.fr\/en\/holster-accessories\/6-balles-factices-pour-winchester-denix\/\">dummy bullets<\/a> to accompany your revolver.<\/li>\n<li>There is also this <a href=\"https:\/\/repliquemangacine.fr\/en\/holster-accessories\/bullet-shaped-wall-mount-for-pistol-rifle-and-sword\/\">wall bracket<\/a> two bullet-shaped pieces for displaying your pistols and rifles.<\/li>\n<li>And many more to discover in our online store!<\/li>\n<\/ul>\n<p>That's why these are great gift ideas for history buffs.<\/p>\n<p>In conclusion, you can also use this Deputy US Marshal badge for your Country parties. But above all, this saber is a collector's item and a decorative piece.<\/p>\n<p>R\u00e9plique Manga Cin\u00e9 is a French family business. Official distributor of the brand <a href=\"https:\/\/www.denix.fr\/fr\/catalogue\/guerre-civile-occidentale-et-americaine-1861-1899\/plaques\/112-nq\/\" target=\"_blank\" rel=\"noopener noreferrer\">Denix<\/a>.<\/p>","protected":false},"excerpt":{"rendered":"<p>Deputy US Marshal badge<\/p>\n<ul>\n<li>This brooch badge is in aged metal.<\/li>\n<li>Highly sophisticated design.<\/li>\n<li>An eagle sits atop the badge.<\/li>\n<li>Engraving in the center of the Deputy US Marshal inscription.<\/li>\n<li>Dimensions: 8.2 cm - Weight: 27 grs<\/li>\n<\/ul>","protected":false},"featured_media":63696,"template":"","meta":[],"product_brand":[896],"product_cat":[51,34,102,90,28,27],"product_tag":[],"class_list":{"0":"post-63695","1":"product","2":"type-product","3":"status-publish","4":"has-post-thumbnail","6":"product_brand-replique-manga-cine","7":"product_cat-accessoires-western","8":"product_cat-armes-westerns","9":"product_cat-denix","10":"product_cat-holster-accessoires-western","11":"product_cat-repliques-darmes","12":"product_cat-armes-et-accessoires-western","14":"first","15":"instock","16":"taxable","17":"shipping-taxable","18":"purchasable","19":"product-type-simple"},"yoast_head":"<!-- This site is optimized with the Yoast SEO plugin v27.4 - https:\/\/yoast.com\/product\/yoast-seo-wordpress\/ -->\n<title>Insigne Deputy US Marshal - Vente d&#039;accessoires Western | RMC<\/title>\n<meta name=\"description\" content=\"D\u00e9couvrez cette Insigne Deputy US Marshal au meilleur prix - En m\u00e9tal finement travaill\u00e9 - D\u00e9cor\u00e9 d&#039;un aigle - \u00c9pingle broche - 8.2 cm\" \/>\n<meta name=\"robots\" content=\"index, follow, max-snippet:-1, max-image-preview:large, max-video-preview:-1\" \/>\n<link rel=\"canonical\" href=\"https:\/\/repliquemangacine.fr\/en\/denix\/deputy-us-marshal-denix-etoile-de-sherif-badge\/\" \/>\n<meta property=\"og:locale\" content=\"en_US\" \/>\n<meta property=\"og:type\" content=\"article\" \/>\n<meta property=\"og:title\" content=\"Insigne Deputy US Marshal - Vente d&#039;accessoires Western | RMC\" \/>\n<meta property=\"og:description\" content=\"D\u00e9couvrez cette Insigne Deputy US Marshal au meilleur prix - En m\u00e9tal finement travaill\u00e9 - D\u00e9cor\u00e9 d&#039;un aigle - \u00c9pingle broche - 8.2 cm\" \/>\n<meta property=\"og:url\" content=\"https:\/\/repliquemangacine.fr\/en\/denix\/deputy-us-marshal-denix-etoile-de-sherif-badge\/\" \/>\n<meta property=\"og:site_name\" content=\"R\u00e9plique Manga Cin\u00e9\" \/>\n<meta property=\"article:publisher\" content=\"https:\/\/www.facebook.com\/RepliqueMangaCine\" \/>\n<meta property=\"article:modified_time\" content=\"2025-09-23T16:03:09+00:00\" \/>\n<meta property=\"og:image\" content=\"https:\/\/repliquemangacine.fr\/wp-content\/uploads\/2023\/10\/531-Insigne-Deputy-US-Marshal-Denix.jpg\" \/>\n\t<meta property=\"og:image:width\" content=\"800\" \/>\n\t<meta property=\"og:image:height\" content=\"800\" \/>\n\t<meta property=\"og:image:type\" content=\"image\/jpeg\" \/>\n<meta name=\"twitter:card\" content=\"summary_large_image\" \/>\n<meta name=\"twitter:label1\" content=\"Est. reading time\" \/>\n\t<meta name=\"twitter:data1\" content=\"2 minutes\" \/>\n<script type=\"application\/ld+json\" class=\"yoast-schema-graph\">{\"@context\":\"https:\\\/\\\/schema.org\",\"@graph\":[{\"@type\":\"WebPage\",\"@id\":\"https:\\\/\\\/repliquemangacine.fr\\\/denix\\\/insigne-deputy-us-marshal-denix-etoile-de-sherif\\\/\",\"url\":\"https:\\\/\\\/repliquemangacine.fr\\\/denix\\\/insigne-deputy-us-marshal-denix-etoile-de-sherif\\\/\",\"name\":\"Insigne Deputy US Marshal - Vente d'accessoires Western | RMC\",\"isPartOf\":{\"@id\":\"https:\\\/\\\/repliquemangacine.fr\\\/#website\"},\"primaryImageOfPage\":{\"@id\":\"https:\\\/\\\/repliquemangacine.fr\\\/denix\\\/insigne-deputy-us-marshal-denix-etoile-de-sherif\\\/#primaryimage\"},\"image\":{\"@id\":\"https:\\\/\\\/repliquemangacine.fr\\\/denix\\\/insigne-deputy-us-marshal-denix-etoile-de-sherif\\\/#primaryimage\"},\"thumbnailUrl\":\"https:\\\/\\\/repliquemangacine.fr\\\/wp-content\\\/uploads\\\/2023\\\/10\\\/531-Insigne-Deputy-US-Marshal-Denix.jpg\",\"datePublished\":\"2016-10-12T17:34:41+00:00\",\"dateModified\":\"2025-09-23T16:03:09+00:00\",\"description\":\"D\u00e9couvrez cette Insigne Deputy US Marshal au meilleur prix - En m\u00e9tal finement travaill\u00e9 - D\u00e9cor\u00e9 d'un aigle - \u00c9pingle broche - 8.2 cm\",\"breadcrumb\":{\"@id\":\"https:\\\/\\\/repliquemangacine.fr\\\/denix\\\/insigne-deputy-us-marshal-denix-etoile-de-sherif\\\/#breadcrumb\"},\"inLanguage\":\"en-US\",\"potentialAction\":[{\"@type\":\"ReadAction\",\"target\":[\"https:\\\/\\\/repliquemangacine.fr\\\/denix\\\/insigne-deputy-us-marshal-denix-etoile-de-sherif\\\/\"]}]},{\"@type\":\"ImageObject\",\"inLanguage\":\"en-US\",\"@id\":\"https:\\\/\\\/repliquemangacine.fr\\\/denix\\\/insigne-deputy-us-marshal-denix-etoile-de-sherif\\\/#primaryimage\",\"url\":\"https:\\\/\\\/repliquemangacine.fr\\\/wp-content\\\/uploads\\\/2023\\\/10\\\/531-Insigne-Deputy-US-Marshal-Denix.jpg\",\"contentUrl\":\"https:\\\/\\\/repliquemangacine.fr\\\/wp-content\\\/uploads\\\/2023\\\/10\\\/531-Insigne-Deputy-US-Marshal-Denix.jpg\",\"width\":800,\"height\":800,\"caption\":\"Insigne Deputy US Marshal - Denix\"},{\"@type\":\"BreadcrumbList\",\"@id\":\"https:\\\/\\\/repliquemangacine.fr\\\/denix\\\/insigne-deputy-us-marshal-denix-etoile-de-sherif\\\/#breadcrumb\",\"itemListElement\":[{\"@type\":\"ListItem\",\"position\":1,\"name\":\"Accueil\",\"item\":\"https:\\\/\\\/repliquemangacine.fr\\\/\"},{\"@type\":\"ListItem\",\"position\":2,\"name\":\"Produits\",\"item\":\"https:\\\/\\\/repliquemangacine.fr\\\/boutique\\\/\"},{\"@type\":\"ListItem\",\"position\":3,\"name\":\"Insigne Deputy US Marshal\"}]},{\"@type\":\"WebSite\",\"@id\":\"https:\\\/\\\/repliquemangacine.fr\\\/#website\",\"url\":\"https:\\\/\\\/repliquemangacine.fr\\\/\",\"name\":\"R\u00e9plique Manga Cin\u00e9\",\"description\":\"\",\"publisher\":{\"@id\":\"https:\\\/\\\/repliquemangacine.fr\\\/#organization\"},\"potentialAction\":[{\"@type\":\"SearchAction\",\"target\":{\"@type\":\"EntryPoint\",\"urlTemplate\":\"https:\\\/\\\/repliquemangacine.fr\\\/?s={search_term_string}\"},\"query-input\":{\"@type\":\"PropertyValueSpecification\",\"valueRequired\":true,\"valueName\":\"search_term_string\"}}],\"inLanguage\":\"en-US\"},{\"@type\":\"Organization\",\"@id\":\"https:\\\/\\\/repliquemangacine.fr\\\/#organization\",\"name\":\"R\u00e9plique Manga Cin\u00e9\",\"url\":\"https:\\\/\\\/repliquemangacine.fr\\\/\",\"logo\":{\"@type\":\"ImageObject\",\"inLanguage\":\"en-US\",\"@id\":\"https:\\\/\\\/repliquemangacine.fr\\\/#\\\/schema\\\/logo\\\/image\\\/\",\"url\":\"https:\\\/\\\/repliquemangacine.fr\\\/wp-content\\\/uploads\\\/2023\\\/10\\\/RMC-500250.png\",\"contentUrl\":\"https:\\\/\\\/repliquemangacine.fr\\\/wp-content\\\/uploads\\\/2023\\\/10\\\/RMC-500250.png\",\"width\":500,\"height\":250,\"caption\":\"R\u00e9plique Manga Cin\u00e9\"},\"image\":{\"@id\":\"https:\\\/\\\/repliquemangacine.fr\\\/#\\\/schema\\\/logo\\\/image\\\/\"},\"sameAs\":[\"https:\\\/\\\/www.facebook.com\\\/RepliqueMangaCine\",\"https:\\\/\\\/www.instagram.com\\\/repliquemangacine.fr\\\/\"]}]}<\/script>\n<!-- \/ Yoast SEO plugin. -->","yoast_head_json":{"title":"Deputy US Marshal badge - Western accessories sale | RMC","description":"Discover this Deputy US Marshal badge at the best price - In finely worked metal - Decorated with an eagle - Pin - 8.2 cm","robots":{"index":"index","follow":"follow","max-snippet":"max-snippet:-1","max-image-preview":"max-image-preview:large","max-video-preview":"max-video-preview:-1"},"canonical":"https:\/\/repliquemangacine.fr\/en\/denix\/deputy-us-marshal-denix-etoile-de-sherif-badge\/","og_locale":"en_US","og_type":"article","og_title":"Insigne Deputy US Marshal - Vente d'accessoires Western | RMC","og_description":"D\u00e9couvrez cette Insigne Deputy US Marshal au meilleur prix - En m\u00e9tal finement travaill\u00e9 - D\u00e9cor\u00e9 d'un aigle - \u00c9pingle broche - 8.2 cm","og_url":"https:\/\/repliquemangacine.fr\/en\/denix\/deputy-us-marshal-denix-etoile-de-sherif-badge\/","og_site_name":"R\u00e9plique Manga Cin\u00e9","article_publisher":"https:\/\/www.facebook.com\/RepliqueMangaCine","article_modified_time":"2025-09-23T16:03:09+00:00","og_image":[{"width":800,"height":800,"url":"https:\/\/repliquemangacine.fr\/wp-content\/uploads\/2023\/10\/531-Insigne-Deputy-US-Marshal-Denix.jpg","type":"image\/jpeg"}],"twitter_card":"summary_large_image","twitter_misc":{"Est. reading time":"2 minutes"},"schema":{"@context":"https:\/\/schema.org","@graph":[{"@type":"WebPage","@id":"https:\/\/repliquemangacine.fr\/denix\/insigne-deputy-us-marshal-denix-etoile-de-sherif\/","url":"https:\/\/repliquemangacine.fr\/denix\/insigne-deputy-us-marshal-denix-etoile-de-sherif\/","name":"Deputy US Marshal badge - Western accessories sale | RMC","isPartOf":{"@id":"https:\/\/repliquemangacine.fr\/#website"},"primaryImageOfPage":{"@id":"https:\/\/repliquemangacine.fr\/denix\/insigne-deputy-us-marshal-denix-etoile-de-sherif\/#primaryimage"},"image":{"@id":"https:\/\/repliquemangacine.fr\/denix\/insigne-deputy-us-marshal-denix-etoile-de-sherif\/#primaryimage"},"thumbnailUrl":"https:\/\/repliquemangacine.fr\/wp-content\/uploads\/2023\/10\/531-Insigne-Deputy-US-Marshal-Denix.jpg","datePublished":"2016-10-12T17:34:41+00:00","dateModified":"2025-09-23T16:03:09+00:00","description":"Discover this Deputy US Marshal badge at the best price - In finely worked metal - Decorated with an eagle - Pin - 8.2 cm","breadcrumb":{"@id":"https:\/\/repliquemangacine.fr\/denix\/insigne-deputy-us-marshal-denix-etoile-de-sherif\/#breadcrumb"},"inLanguage":"en-US","potentialAction":[{"@type":"ReadAction","target":["https:\/\/repliquemangacine.fr\/denix\/insigne-deputy-us-marshal-denix-etoile-de-sherif\/"]}]},{"@type":"ImageObject","inLanguage":"en-US","@id":"https:\/\/repliquemangacine.fr\/denix\/insigne-deputy-us-marshal-denix-etoile-de-sherif\/#primaryimage","url":"https:\/\/repliquemangacine.fr\/wp-content\/uploads\/2023\/10\/531-Insigne-Deputy-US-Marshal-Denix.jpg","contentUrl":"https:\/\/repliquemangacine.fr\/wp-content\/uploads\/2023\/10\/531-Insigne-Deputy-US-Marshal-Denix.jpg","width":800,"height":800,"caption":"Insigne Deputy US Marshal - Denix"},{"@type":"BreadcrumbList","@id":"https:\/\/repliquemangacine.fr\/denix\/insigne-deputy-us-marshal-denix-etoile-de-sherif\/#breadcrumb","itemListElement":[{"@type":"ListItem","position":1,"name":"Accueil","item":"https:\/\/repliquemangacine.fr\/"},{"@type":"ListItem","position":2,"name":"Produits","item":"https:\/\/repliquemangacine.fr\/boutique\/"},{"@type":"ListItem","position":3,"name":"Insigne Deputy US Marshal"}]},{"@type":"WebSite","@id":"https:\/\/repliquemangacine.fr\/#website","url":"https:\/\/repliquemangacine.fr\/","name":"R\u00e9plique Manga Cin\u00e9","description":"","publisher":{"@id":"https:\/\/repliquemangacine.fr\/#organization"},"potentialAction":[{"@type":"SearchAction","target":{"@type":"EntryPoint","urlTemplate":"https:\/\/repliquemangacine.fr\/?s={search_term_string}"},"query-input":{"@type":"PropertyValueSpecification","valueRequired":true,"valueName":"search_term_string"}}],"inLanguage":"en-US"},{"@type":"Organization","@id":"https:\/\/repliquemangacine.fr\/#organization","name":"R\u00e9plique Manga Cin\u00e9","url":"https:\/\/repliquemangacine.fr\/","logo":{"@type":"ImageObject","inLanguage":"en-US","@id":"https:\/\/repliquemangacine.fr\/#\/schema\/logo\/image\/","url":"https:\/\/repliquemangacine.fr\/wp-content\/uploads\/2023\/10\/RMC-500250.png","contentUrl":"https:\/\/repliquemangacine.fr\/wp-content\/uploads\/2023\/10\/RMC-500250.png","width":500,"height":250,"caption":"R\u00e9plique Manga Cin\u00e9"},"image":{"@id":"https:\/\/repliquemangacine.fr\/#\/schema\/logo\/image\/"},"sameAs":["https:\/\/www.facebook.com\/RepliqueMangaCine","https:\/\/www.instagram.com\/repliquemangacine.fr\/"]}]}},"_links":{"self":[{"href":"https:\/\/repliquemangacine.fr\/en\/wp-json\/wp\/v2\/product\/63695","targetHints":{"allow":["GET"]}}],"collection":[{"href":"https:\/\/repliquemangacine.fr\/en\/wp-json\/wp\/v2\/product"}],"about":[{"href":"https:\/\/repliquemangacine.fr\/en\/wp-json\/wp\/v2\/types\/product"}],"wp:featuredmedia":[{"embeddable":true,"href":"https:\/\/repliquemangacine.fr\/en\/wp-json\/wp\/v2\/media\/63696"}],"wp:attachment":[{"href":"https:\/\/repliquemangacine.fr\/en\/wp-json\/wp\/v2\/media?parent=63695"}],"wp:term":[{"taxonomy":"product_brand","embeddable":true,"href":"https:\/\/repliquemangacine.fr\/en\/wp-json\/wp\/v2\/product_brand?post=63695"},{"taxonomy":"product_cat","embeddable":true,"href":"https:\/\/repliquemangacine.fr\/en\/wp-json\/wp\/v2\/product_cat?post=63695"},{"taxonomy":"product_tag","embeddable":true,"href":"https:\/\/repliquemangacine.fr\/en\/wp-json\/wp\/v2\/product_tag?post=63695"}],"curies":[{"name":"wp","href":"https:\/\/api.w.org\/{rel}","templated":true}]}}