





{"id":63668,"date":"2016-08-16T15:00:50","date_gmt":"2016-08-16T13:00:50","guid":{"rendered":"https:\/\/repliquemangacine.fr\/?post_type=product&#038;p=63668"},"modified":"2026-04-20T00:33:31","modified_gmt":"2026-04-19T22:33:31","slug":"ak47-kalachnicov-dassaut-denix-rifle","status":"publish","type":"product","link":"https:\/\/repliquemangacine.fr\/en\/fusil-d-assaut-fusil-moderne\/ak47-kalachnicov-fusil-dassaut-denix\/","title":{"rendered":"AK-47 Kalashnikov"},"content":{"rendered":"<h2>AK47 Kalachnicov assault rifle - Denix<\/h2>\n<p>To begin with, the assault rifle <strong>AK47 Kalachnicov<\/strong>designed by Soviet engineer Mikhail Kalashnikov.<\/p>\n<p>Of all the firearms in the world at the time of its creation, the AK-47 is one of the most reliable. In fact, this weapon rarely jams and is resistant to all environments: water, sand, etc.<\/p>\n<p>Its low cost, sturdiness, reliability and ease of maintenance make it extremely popular.<\/p>\n<p>However, the designation \"AK-47\" has become part of everyday language, to the point where very few people say \"AK\" without the 47.<\/p>\n<p>The world of film culture, video games... have all made extensive use of this emblematic weapon.<\/p>\n<h2>Your AK47 Kalachnicov assault rifle at the best price.<\/h2>\n<p>We offer a wide range of reproductions of historic weapons.<\/p>\n<p>First and foremost,<\/p>\n<ul>\n<li>The machine pistol <a href=\"https:\/\/repliquemangacine.fr\/en\/darmes-reproductions\/pistolet-mitrailleur-mp40-denix\/\">MP40<\/a> from the German abbreviation Maschinenpistole 1940.<\/li>\n<li>As well as the assault rifle <a href=\"https:\/\/repliquemangacine.fr\/en\/modern-rifle\/fusil-d-assaut-m16\/\">M16<\/a> the US army's standard weapon in Vietnam.<\/li>\n<li>And many more to discover in our online store!<\/li>\n<\/ul>\n<p>A great gift idea for all lovers of historic weapons.<\/p>\n<p>In conclusion, you can use this assault rifle <strong>AK47 Kalachnicov<\/strong> for your historical re-enactments. But above all, this weapon is a collector's item and a decoration.<\/p>\n<p>R\u00e9plique Manga Cin\u00e9 is a French company, official distributor of the brand <a href=\"https:\/\/www.denix.fr\/fr\/catalogue\/armes-modernes-1945-1982\/mitraillettes-et-mitrailleuses\/1086\/\" target=\"_blank\" rel=\"noopener noreferrer\">Denix<\/a>.<\/p>\n<h2>How are Denix replica weapons made?<\/h2>\n<p>Used in historical re-enactments, films, TV series and by collectors. Denix gun reproductions, made from high-quality materials. Carefully crafted and assembled to create realistic collector's weapons.<\/p>\n<ul>\n<li>The metals are in a metal alloy known as Zamac, whose basic composition is zinc in 95%.<\/li>\n<li>The plastic parts of the replicas are made of molded ABS, offering high resistance.<\/li>\n<li>Wood chosen for its beauty and durability, such as mahogany, olive or walnut, will give your butts and barrels an elegant, authentic appearance.<\/li>\n<\/ul>\n<p>Please note that all Denix reproductions are identical to the originals, like your <strong>AK47 Kalachnicov<\/strong>.<\/p>","protected":false},"excerpt":{"rendered":"<p>Strictly identical to the original, AK-47 Kalashnikov assault rifle.<\/p>\n<ul>\n<li>Solid wood stock.<\/li>\n<li>Metal parts in Zamac.<\/li>\n<li>Removable charger.<\/li>\n<li>Guns and strikes, but <strong>totally unfit for shooting<\/strong>.<\/li>\n<li>No authorization required. Free sale and possession<\/li>\n<li>Total length: 87 cm - Weight: 4250 grs<\/li>\n<\/ul>\n<p><iframe title=\"YouTube video player\" src=\"https:\/\/www.youtube-nocookie.com\/embed\/EU22v4d67RQ\" width=\"370\" height=\"208\" frameborder=\"0\" allowfullscreen=\"allowfullscreen\"><\/iframe><\/p>","protected":false},"featured_media":63669,"template":"","meta":[],"product_brand":[896],"product_cat":[102,46,28],"product_tag":[],"class_list":{"0":"post-63668","1":"product","2":"type-product","3":"status-publish","4":"has-post-thumbnail","6":"product_brand-replique-manga-cine","7":"product_cat-denix","8":"product_cat-fusil-d-assaut-fusil-moderne","9":"product_cat-repliques-darmes","11":"first","12":"outofstock","13":"sale","14":"taxable","15":"shipping-taxable","16":"purchasable","17":"product-type-simple"},"yoast_head":"<!-- This site is optimized with the Yoast SEO plugin v27.4 - https:\/\/yoast.com\/product\/yoast-seo-wordpress\/ -->\n<title>AK47 Kalachnicov - Fusil d&#039;assaut Denix | R\u00e9plique Manga Cin\u00e9<\/title>\n<meta name=\"description\" content=\"Offrez-vous ! Cette r\u00e9plique de l&#039;AK47 Kalachnicov au meilleur prix - Tout en bois et zamac - M\u00e9canisme fonctionnel - Inapte aux tirs - Longueur : 87 cm\" \/>\n<meta name=\"robots\" content=\"index, follow, max-snippet:-1, max-image-preview:large, max-video-preview:-1\" \/>\n<link rel=\"canonical\" href=\"https:\/\/repliquemangacine.fr\/en\/assault-rifle-modern-rifle\/ak47-kalachnicov-dassaut-denix-rifle\/\" \/>\n<meta property=\"og:locale\" content=\"en_US\" \/>\n<meta property=\"og:type\" content=\"article\" \/>\n<meta property=\"og:title\" content=\"AK47 Kalachnicov - Fusil d&#039;assaut Denix | R\u00e9plique Manga Cin\u00e9\" \/>\n<meta property=\"og:description\" content=\"Offrez-vous ! Cette r\u00e9plique de l&#039;AK47 Kalachnicov au meilleur prix - Tout en bois et zamac - M\u00e9canisme fonctionnel - Inapte aux tirs - Longueur : 87 cm\" \/>\n<meta property=\"og:url\" content=\"https:\/\/repliquemangacine.fr\/en\/assault-rifle-modern-rifle\/ak47-kalachnicov-dassaut-denix-rifle\/\" \/>\n<meta property=\"og:site_name\" content=\"R\u00e9plique Manga Cin\u00e9\" \/>\n<meta property=\"article:publisher\" content=\"https:\/\/www.facebook.com\/RepliqueMangaCine\" \/>\n<meta property=\"article:modified_time\" content=\"2026-04-19T22:33:31+00:00\" \/>\n<meta property=\"og:image\" content=\"https:\/\/repliquemangacine.fr\/wp-content\/uploads\/2023\/10\/1448-Kalach-AK-47.jpg\" \/>\n\t<meta property=\"og:image:width\" content=\"800\" \/>\n\t<meta property=\"og:image:height\" content=\"800\" \/>\n\t<meta property=\"og:image:type\" content=\"image\/jpeg\" \/>\n<meta name=\"twitter:card\" content=\"summary_large_image\" \/>\n<meta name=\"twitter:label1\" content=\"Est. reading time\" \/>\n\t<meta name=\"twitter:data1\" content=\"2 minutes\" \/>\n<script type=\"application\/ld+json\" class=\"yoast-schema-graph\">{\"@context\":\"https:\\\/\\\/schema.org\",\"@graph\":[{\"@type\":\"WebPage\",\"@id\":\"https:\\\/\\\/repliquemangacine.fr\\\/fusil-d-assaut-fusil-moderne\\\/ak47-kalachnicov-fusil-dassaut-denix\\\/\",\"url\":\"https:\\\/\\\/repliquemangacine.fr\\\/fusil-d-assaut-fusil-moderne\\\/ak47-kalachnicov-fusil-dassaut-denix\\\/\",\"name\":\"AK47 Kalachnicov - Fusil d'assaut Denix | R\u00e9plique Manga Cin\u00e9\",\"isPartOf\":{\"@id\":\"https:\\\/\\\/repliquemangacine.fr\\\/#website\"},\"primaryImageOfPage\":{\"@id\":\"https:\\\/\\\/repliquemangacine.fr\\\/fusil-d-assaut-fusil-moderne\\\/ak47-kalachnicov-fusil-dassaut-denix\\\/#primaryimage\"},\"image\":{\"@id\":\"https:\\\/\\\/repliquemangacine.fr\\\/fusil-d-assaut-fusil-moderne\\\/ak47-kalachnicov-fusil-dassaut-denix\\\/#primaryimage\"},\"thumbnailUrl\":\"https:\\\/\\\/repliquemangacine.fr\\\/wp-content\\\/uploads\\\/2023\\\/10\\\/1448-Kalach-AK-47.jpg\",\"datePublished\":\"2016-08-16T13:00:50+00:00\",\"dateModified\":\"2026-04-19T22:33:31+00:00\",\"description\":\"Offrez-vous ! Cette r\u00e9plique de l'AK47 Kalachnicov au meilleur prix - Tout en bois et zamac - M\u00e9canisme fonctionnel - Inapte aux tirs - Longueur : 87 cm\",\"breadcrumb\":{\"@id\":\"https:\\\/\\\/repliquemangacine.fr\\\/fusil-d-assaut-fusil-moderne\\\/ak47-kalachnicov-fusil-dassaut-denix\\\/#breadcrumb\"},\"inLanguage\":\"en-US\",\"potentialAction\":[{\"@type\":\"ReadAction\",\"target\":[\"https:\\\/\\\/repliquemangacine.fr\\\/fusil-d-assaut-fusil-moderne\\\/ak47-kalachnicov-fusil-dassaut-denix\\\/\"]}]},{\"@type\":\"ImageObject\",\"inLanguage\":\"en-US\",\"@id\":\"https:\\\/\\\/repliquemangacine.fr\\\/fusil-d-assaut-fusil-moderne\\\/ak47-kalachnicov-fusil-dassaut-denix\\\/#primaryimage\",\"url\":\"https:\\\/\\\/repliquemangacine.fr\\\/wp-content\\\/uploads\\\/2023\\\/10\\\/1448-Kalach-AK-47.jpg\",\"contentUrl\":\"https:\\\/\\\/repliquemangacine.fr\\\/wp-content\\\/uploads\\\/2023\\\/10\\\/1448-Kalach-AK-47.jpg\",\"width\":800,\"height\":800,\"caption\":\"AK-47 Kalachnicov fusil d'assaut denix\"},{\"@type\":\"BreadcrumbList\",\"@id\":\"https:\\\/\\\/repliquemangacine.fr\\\/fusil-d-assaut-fusil-moderne\\\/ak47-kalachnicov-fusil-dassaut-denix\\\/#breadcrumb\",\"itemListElement\":[{\"@type\":\"ListItem\",\"position\":1,\"name\":\"Accueil\",\"item\":\"https:\\\/\\\/repliquemangacine.fr\\\/\"},{\"@type\":\"ListItem\",\"position\":2,\"name\":\"Produits\",\"item\":\"https:\\\/\\\/repliquemangacine.fr\\\/boutique\\\/\"},{\"@type\":\"ListItem\",\"position\":3,\"name\":\"AK-47 Kalachnikov\"}]},{\"@type\":\"WebSite\",\"@id\":\"https:\\\/\\\/repliquemangacine.fr\\\/#website\",\"url\":\"https:\\\/\\\/repliquemangacine.fr\\\/\",\"name\":\"R\u00e9plique Manga Cin\u00e9\",\"description\":\"\",\"publisher\":{\"@id\":\"https:\\\/\\\/repliquemangacine.fr\\\/#organization\"},\"potentialAction\":[{\"@type\":\"SearchAction\",\"target\":{\"@type\":\"EntryPoint\",\"urlTemplate\":\"https:\\\/\\\/repliquemangacine.fr\\\/?s={search_term_string}\"},\"query-input\":{\"@type\":\"PropertyValueSpecification\",\"valueRequired\":true,\"valueName\":\"search_term_string\"}}],\"inLanguage\":\"en-US\"},{\"@type\":\"Organization\",\"@id\":\"https:\\\/\\\/repliquemangacine.fr\\\/#organization\",\"name\":\"R\u00e9plique Manga Cin\u00e9\",\"url\":\"https:\\\/\\\/repliquemangacine.fr\\\/\",\"logo\":{\"@type\":\"ImageObject\",\"inLanguage\":\"en-US\",\"@id\":\"https:\\\/\\\/repliquemangacine.fr\\\/#\\\/schema\\\/logo\\\/image\\\/\",\"url\":\"https:\\\/\\\/repliquemangacine.fr\\\/wp-content\\\/uploads\\\/2023\\\/10\\\/RMC-500250.png\",\"contentUrl\":\"https:\\\/\\\/repliquemangacine.fr\\\/wp-content\\\/uploads\\\/2023\\\/10\\\/RMC-500250.png\",\"width\":500,\"height\":250,\"caption\":\"R\u00e9plique Manga Cin\u00e9\"},\"image\":{\"@id\":\"https:\\\/\\\/repliquemangacine.fr\\\/#\\\/schema\\\/logo\\\/image\\\/\"},\"sameAs\":[\"https:\\\/\\\/www.facebook.com\\\/RepliqueMangaCine\",\"https:\\\/\\\/www.instagram.com\\\/repliquemangacine.fr\\\/\"]}]}<\/script>\n<!-- \/ Yoast SEO plugin. -->","yoast_head_json":{"title":"AK47 Kalachnicov - Denix assault rifle | R\u00e9plique Manga Cin\u00e9","description":"Treat yourself! This AK47 Kalachnicov replica at the best price - All in wood and zamac - Functional mechanism - Unfit for firing - Length: 87 cm","robots":{"index":"index","follow":"follow","max-snippet":"max-snippet:-1","max-image-preview":"max-image-preview:large","max-video-preview":"max-video-preview:-1"},"canonical":"https:\/\/repliquemangacine.fr\/en\/assault-rifle-modern-rifle\/ak47-kalachnicov-dassaut-denix-rifle\/","og_locale":"en_US","og_type":"article","og_title":"AK47 Kalachnicov - Fusil d'assaut Denix | R\u00e9plique Manga Cin\u00e9","og_description":"Offrez-vous ! Cette r\u00e9plique de l'AK47 Kalachnicov au meilleur prix - Tout en bois et zamac - M\u00e9canisme fonctionnel - Inapte aux tirs - Longueur : 87 cm","og_url":"https:\/\/repliquemangacine.fr\/en\/assault-rifle-modern-rifle\/ak47-kalachnicov-dassaut-denix-rifle\/","og_site_name":"R\u00e9plique Manga Cin\u00e9","article_publisher":"https:\/\/www.facebook.com\/RepliqueMangaCine","article_modified_time":"2026-04-19T22:33:31+00:00","og_image":[{"width":800,"height":800,"url":"https:\/\/repliquemangacine.fr\/wp-content\/uploads\/2023\/10\/1448-Kalach-AK-47.jpg","type":"image\/jpeg"}],"twitter_card":"summary_large_image","twitter_misc":{"Est. reading time":"2 minutes"},"schema":{"@context":"https:\/\/schema.org","@graph":[{"@type":"WebPage","@id":"https:\/\/repliquemangacine.fr\/fusil-d-assaut-fusil-moderne\/ak47-kalachnicov-fusil-dassaut-denix\/","url":"https:\/\/repliquemangacine.fr\/fusil-d-assaut-fusil-moderne\/ak47-kalachnicov-fusil-dassaut-denix\/","name":"AK47 Kalachnicov - Denix assault rifle | R\u00e9plique Manga Cin\u00e9","isPartOf":{"@id":"https:\/\/repliquemangacine.fr\/#website"},"primaryImageOfPage":{"@id":"https:\/\/repliquemangacine.fr\/fusil-d-assaut-fusil-moderne\/ak47-kalachnicov-fusil-dassaut-denix\/#primaryimage"},"image":{"@id":"https:\/\/repliquemangacine.fr\/fusil-d-assaut-fusil-moderne\/ak47-kalachnicov-fusil-dassaut-denix\/#primaryimage"},"thumbnailUrl":"https:\/\/repliquemangacine.fr\/wp-content\/uploads\/2023\/10\/1448-Kalach-AK-47.jpg","datePublished":"2016-08-16T13:00:50+00:00","dateModified":"2026-04-19T22:33:31+00:00","description":"Treat yourself! This AK47 Kalachnicov replica at the best price - All in wood and zamac - Functional mechanism - Unfit for firing - Length: 87 cm","breadcrumb":{"@id":"https:\/\/repliquemangacine.fr\/fusil-d-assaut-fusil-moderne\/ak47-kalachnicov-fusil-dassaut-denix\/#breadcrumb"},"inLanguage":"en-US","potentialAction":[{"@type":"ReadAction","target":["https:\/\/repliquemangacine.fr\/fusil-d-assaut-fusil-moderne\/ak47-kalachnicov-fusil-dassaut-denix\/"]}]},{"@type":"ImageObject","inLanguage":"en-US","@id":"https:\/\/repliquemangacine.fr\/fusil-d-assaut-fusil-moderne\/ak47-kalachnicov-fusil-dassaut-denix\/#primaryimage","url":"https:\/\/repliquemangacine.fr\/wp-content\/uploads\/2023\/10\/1448-Kalach-AK-47.jpg","contentUrl":"https:\/\/repliquemangacine.fr\/wp-content\/uploads\/2023\/10\/1448-Kalach-AK-47.jpg","width":800,"height":800,"caption":"AK-47 Kalachnicov fusil d'assaut denix"},{"@type":"BreadcrumbList","@id":"https:\/\/repliquemangacine.fr\/fusil-d-assaut-fusil-moderne\/ak47-kalachnicov-fusil-dassaut-denix\/#breadcrumb","itemListElement":[{"@type":"ListItem","position":1,"name":"Accueil","item":"https:\/\/repliquemangacine.fr\/"},{"@type":"ListItem","position":2,"name":"Produits","item":"https:\/\/repliquemangacine.fr\/boutique\/"},{"@type":"ListItem","position":3,"name":"AK-47 Kalachnikov"}]},{"@type":"WebSite","@id":"https:\/\/repliquemangacine.fr\/#website","url":"https:\/\/repliquemangacine.fr\/","name":"R\u00e9plique Manga Cin\u00e9","description":"","publisher":{"@id":"https:\/\/repliquemangacine.fr\/#organization"},"potentialAction":[{"@type":"SearchAction","target":{"@type":"EntryPoint","urlTemplate":"https:\/\/repliquemangacine.fr\/?s={search_term_string}"},"query-input":{"@type":"PropertyValueSpecification","valueRequired":true,"valueName":"search_term_string"}}],"inLanguage":"en-US"},{"@type":"Organization","@id":"https:\/\/repliquemangacine.fr\/#organization","name":"R\u00e9plique Manga Cin\u00e9","url":"https:\/\/repliquemangacine.fr\/","logo":{"@type":"ImageObject","inLanguage":"en-US","@id":"https:\/\/repliquemangacine.fr\/#\/schema\/logo\/image\/","url":"https:\/\/repliquemangacine.fr\/wp-content\/uploads\/2023\/10\/RMC-500250.png","contentUrl":"https:\/\/repliquemangacine.fr\/wp-content\/uploads\/2023\/10\/RMC-500250.png","width":500,"height":250,"caption":"R\u00e9plique Manga Cin\u00e9"},"image":{"@id":"https:\/\/repliquemangacine.fr\/#\/schema\/logo\/image\/"},"sameAs":["https:\/\/www.facebook.com\/RepliqueMangaCine","https:\/\/www.instagram.com\/repliquemangacine.fr\/"]}]}},"_links":{"self":[{"href":"https:\/\/repliquemangacine.fr\/en\/wp-json\/wp\/v2\/product\/63668","targetHints":{"allow":["GET"]}}],"collection":[{"href":"https:\/\/repliquemangacine.fr\/en\/wp-json\/wp\/v2\/product"}],"about":[{"href":"https:\/\/repliquemangacine.fr\/en\/wp-json\/wp\/v2\/types\/product"}],"wp:featuredmedia":[{"embeddable":true,"href":"https:\/\/repliquemangacine.fr\/en\/wp-json\/wp\/v2\/media\/63669"}],"wp:attachment":[{"href":"https:\/\/repliquemangacine.fr\/en\/wp-json\/wp\/v2\/media?parent=63668"}],"wp:term":[{"taxonomy":"product_brand","embeddable":true,"href":"https:\/\/repliquemangacine.fr\/en\/wp-json\/wp\/v2\/product_brand?post=63668"},{"taxonomy":"product_cat","embeddable":true,"href":"https:\/\/repliquemangacine.fr\/en\/wp-json\/wp\/v2\/product_cat?post=63668"},{"taxonomy":"product_tag","embeddable":true,"href":"https:\/\/repliquemangacine.fr\/en\/wp-json\/wp\/v2\/product_tag?post=63668"}],"curies":[{"name":"wp","href":"https:\/\/api.w.org\/{rel}","templated":true}]}}