





{"id":63608,"date":"2023-06-24T17:33:23","date_gmt":"2023-06-24T15:33:23","guid":{"rendered":"https:\/\/repliquemangacine.fr\/?post_type=product&#038;p=63608"},"modified":"2025-12-16T20:50:06","modified_gmt":"2025-12-16T19:50:06","slug":"6-piece-serpentard-set","status":"publish","type":"product","link":"https:\/\/repliquemangacine.fr\/en\/collectors-et-goodies-harry-potter\/coffret-6-pieces-serpentard\/","title":{"rendered":"6-piece Slytherin set"},"content":{"rendered":"<h2>6-piece Slytherin set<\/h2>\n<p>To begin with, the <strong>6-piece Slytherin set<\/strong>Warner Bros Harry Potter official license from Cin\u00e9replicas. This French-designed clothing pack is a complete outfit at a great price!<\/p>\n<p><a href=\"https:\/\/harrypotter.fandom.com\/fr\/wiki\/Serpentard\" target=\"_blank\" rel=\"noopener noreferrer\">Slytherin<\/a> is one of the four houses of Hogwarts. It takes its name from Salazar Slytherin, one of the school's four founders. Slytherin's colors are green and silver. Its emblem is the snake, a reference to the powers of its founder, Salazar Slytherin, who was a forchelang.<\/p>\n<p>You'll end up in Slytherin, if you're clever enough, because those are the real tricksters, always getting their way. \u201cExcerpt from a song in The Magic Sorting Hat\u201d.\u201d<\/p>\n<p>What do you need for your entrance to Hogwarts? A wizard's robe, tie, cap, gloves and scarf, all in Slytherin colors.<\/p>\n<p>Be proud of your membership of Hogwarts School of Witchcraft and Wizardry and of your house!<\/p>\n<h2>Your 6-Piece Slytherin Set at the best price!<\/h2>\n<p>We offer a wide selection of official and unofficial Harry Potter replicas.<\/p>\n<p>First and foremost,<\/p>\n<ul>\n<li>Visit <a href=\"https:\/\/repliquemangacine.fr\/en\/harry-potter-chopsticks\/\">magic wands<\/a> of all the characters in both official and replicas.<\/li>\n<li>There are also collector's items, such as the <a href=\"https:\/\/repliquemangacine.fr\/en\/harry-potter-collectors-and-goodies\/marauders-card\/\">Marauder's card<\/a>.<\/li>\n<li>And the Harry Potter wizard's chess set<\/li>\n<li>And many more to discover in our online store!<\/li>\n<\/ul>\n<p>Here's a great gift idea for all Harry Potter fans!<\/p>\n<p>In conclusion, you can also use this <strong>6-piece Slytherin set<\/strong> to dress up for theme parties or add to your collection.<\/p>\n<p>R\u00e9plique Manga Cin\u00e9 is a French family business.<\/p>\n<h2>Discover our latest Harry Potter releases!<\/h2>\n<p>Always on the lookout for the latest products on the market, we offer a few replicas you may need to expand your personal collection.<\/p>\n<p>First of all, you asked for it - it's on its way!<\/p>\n<ul>\n<li>Visit <a href=\"https:\/\/repliquemangacine.fr\/en\/harry-potter-collectors-and-goodies\/firebolt-broom-harry-potter\/\">Firebolt broom<\/a> (Firebolt) in a limited edition of 10,000 worldwide. Under official Warner Bros.<\/li>\n<li>There is also a collection of magical creatures, such as the <a href=\"https:\/\/repliquemangacine.fr\/en\/harry-potter-collectors-and-goodies\/harry-potter-hedwige-figurine\/\">Hedwig Harry Potter figurine<\/a> who wears No. 1 and Dobby who wears No. 2.<\/li>\n<li>As well as Hermione Granger's bag, the authentic replica of the horcrux...<\/li>\n<li>And many more to be discovered soon in our store.<\/li>\n<\/ul>\n<p>We wish you all a pleasant journey along the Chemin de traverse!<\/p>","protected":false},"excerpt":{"rendered":"<p>Be proud of your membership of Hogwarts School of Witchcraft and Wizardry and of your house Slytherin!<\/p>\n<p>Available in several sizes<\/p>\n<ul>\n<li>A Slytherin dress<\/li>\n<li>A 140 X 7 cm tie<\/li>\n<li>A 150 cm long scarf<\/li>\n<li>A bonnet<\/li>\n<li>A pair of gloves<\/li>\n<li>A pair of socks<\/li>\n<\/ul>\n<p>Product under official Harry Potter license<\/p>","protected":false},"featured_media":64323,"template":"","meta":[],"product_brand":[896],"product_cat":[87,24,41],"product_tag":[],"class_list":{"0":"post-63608","1":"product","2":"type-product","3":"status-publish","4":"has-post-thumbnail","6":"product_brand-replique-manga-cine","7":"product_cat-collectors-et-goodies-harry-potter","8":"product_cat-films-series-tv-vente-de-katana-epee-et-produits-derives","9":"product_cat-baguettes-et-goodies-harry-potter","11":"first","12":"instock","13":"taxable","14":"shipping-taxable","15":"purchasable","16":"product-type-variable"},"yoast_head":"<!-- This site is optimized with the Yoast SEO plugin v27.5 - https:\/\/yoast.com\/product\/yoast-seo-wordpress\/ -->\n<title>Coffret 6 Pi\u00e8ces Serpentard - D\u00e9guisements Harry Potter - RMC<\/title>\n<meta name=\"description\" content=\"Offrez-lui vite ! Ce superbe Coffret 6 Pi\u00e8ces Serpentard au meilleur prix. Ce pack comprend : Robe de sorcier, cravate, bonnet, gants, \u00e9charpe, chaussettes\" \/>\n<meta name=\"robots\" content=\"index, follow, max-snippet:-1, max-image-preview:large, max-video-preview:-1\" \/>\n<link rel=\"canonical\" href=\"https:\/\/repliquemangacine.fr\/en\/harry-potter-collectors-and-goodies\/6-piece-serpentard-set\/\" \/>\n<meta property=\"og:locale\" content=\"en_US\" \/>\n<meta property=\"og:type\" content=\"article\" \/>\n<meta property=\"og:title\" content=\"Coffret 6 Pi\u00e8ces Serpentard - D\u00e9guisements Harry Potter - RMC\" \/>\n<meta property=\"og:description\" content=\"Offrez-lui vite ! Ce superbe Coffret 6 Pi\u00e8ces Serpentard au meilleur prix. Ce pack comprend : Robe de sorcier, cravate, bonnet, gants, \u00e9charpe, chaussettes\" \/>\n<meta property=\"og:url\" content=\"https:\/\/repliquemangacine.fr\/en\/harry-potter-collectors-and-goodies\/6-piece-serpentard-set\/\" \/>\n<meta property=\"og:site_name\" content=\"R\u00e9plique Manga Cin\u00e9\" \/>\n<meta property=\"article:publisher\" content=\"https:\/\/www.facebook.com\/RepliqueMangaCine\" \/>\n<meta property=\"article:modified_time\" content=\"2025-12-16T19:50:06+00:00\" \/>\n<meta property=\"og:image\" content=\"https:\/\/repliquemangacine.fr\/wp-content\/uploads\/2023\/10\/Coffret-6-pieces-Serpentard-9.jpg\" \/>\n\t<meta property=\"og:image:width\" content=\"500\" \/>\n\t<meta property=\"og:image:height\" content=\"500\" \/>\n\t<meta property=\"og:image:type\" content=\"image\/jpeg\" \/>\n<meta name=\"twitter:card\" content=\"summary_large_image\" \/>\n<meta name=\"twitter:label1\" content=\"Est. reading time\" \/>\n\t<meta name=\"twitter:data1\" content=\"3 minutes\" \/>\n<script type=\"application\/ld+json\" class=\"yoast-schema-graph\">{\"@context\":\"https:\\\/\\\/schema.org\",\"@graph\":[{\"@type\":\"WebPage\",\"@id\":\"https:\\\/\\\/repliquemangacine.fr\\\/collectors-et-goodies-harry-potter\\\/coffret-6-pieces-serpentard\\\/\",\"url\":\"https:\\\/\\\/repliquemangacine.fr\\\/collectors-et-goodies-harry-potter\\\/coffret-6-pieces-serpentard\\\/\",\"name\":\"Coffret 6 Pi\u00e8ces Serpentard - D\u00e9guisements Harry Potter - RMC\",\"isPartOf\":{\"@id\":\"https:\\\/\\\/repliquemangacine.fr\\\/#website\"},\"primaryImageOfPage\":{\"@id\":\"https:\\\/\\\/repliquemangacine.fr\\\/collectors-et-goodies-harry-potter\\\/coffret-6-pieces-serpentard\\\/#primaryimage\"},\"image\":{\"@id\":\"https:\\\/\\\/repliquemangacine.fr\\\/collectors-et-goodies-harry-potter\\\/coffret-6-pieces-serpentard\\\/#primaryimage\"},\"thumbnailUrl\":\"https:\\\/\\\/repliquemangacine.fr\\\/wp-content\\\/uploads\\\/2023\\\/10\\\/Coffret-6-pieces-Serpentard-9.jpg\",\"datePublished\":\"2023-06-24T15:33:23+00:00\",\"dateModified\":\"2025-12-16T19:50:06+00:00\",\"description\":\"Offrez-lui vite ! Ce superbe Coffret 6 Pi\u00e8ces Serpentard au meilleur prix. Ce pack comprend : Robe de sorcier, cravate, bonnet, gants, \u00e9charpe, chaussettes\",\"breadcrumb\":{\"@id\":\"https:\\\/\\\/repliquemangacine.fr\\\/collectors-et-goodies-harry-potter\\\/coffret-6-pieces-serpentard\\\/#breadcrumb\"},\"inLanguage\":\"en-US\",\"potentialAction\":[{\"@type\":\"ReadAction\",\"target\":[\"https:\\\/\\\/repliquemangacine.fr\\\/collectors-et-goodies-harry-potter\\\/coffret-6-pieces-serpentard\\\/\"]}]},{\"@type\":\"ImageObject\",\"inLanguage\":\"en-US\",\"@id\":\"https:\\\/\\\/repliquemangacine.fr\\\/collectors-et-goodies-harry-potter\\\/coffret-6-pieces-serpentard\\\/#primaryimage\",\"url\":\"https:\\\/\\\/repliquemangacine.fr\\\/wp-content\\\/uploads\\\/2023\\\/10\\\/Coffret-6-pieces-Serpentard-9.jpg\",\"contentUrl\":\"https:\\\/\\\/repliquemangacine.fr\\\/wp-content\\\/uploads\\\/2023\\\/10\\\/Coffret-6-pieces-Serpentard-9.jpg\",\"width\":500,\"height\":500,\"caption\":\"Coffret 6 Pi\u00e8ces Serpentard\"},{\"@type\":\"BreadcrumbList\",\"@id\":\"https:\\\/\\\/repliquemangacine.fr\\\/collectors-et-goodies-harry-potter\\\/coffret-6-pieces-serpentard\\\/#breadcrumb\",\"itemListElement\":[{\"@type\":\"ListItem\",\"position\":1,\"name\":\"Accueil\",\"item\":\"https:\\\/\\\/repliquemangacine.fr\\\/\"},{\"@type\":\"ListItem\",\"position\":2,\"name\":\"Produits\",\"item\":\"https:\\\/\\\/repliquemangacine.fr\\\/boutique\\\/\"},{\"@type\":\"ListItem\",\"position\":3,\"name\":\"Coffret 6 Pi\u00e8ces Serpentard\"}]},{\"@type\":\"WebSite\",\"@id\":\"https:\\\/\\\/repliquemangacine.fr\\\/#website\",\"url\":\"https:\\\/\\\/repliquemangacine.fr\\\/\",\"name\":\"R\u00e9plique Manga Cin\u00e9\",\"description\":\"\",\"publisher\":{\"@id\":\"https:\\\/\\\/repliquemangacine.fr\\\/#organization\"},\"potentialAction\":[{\"@type\":\"SearchAction\",\"target\":{\"@type\":\"EntryPoint\",\"urlTemplate\":\"https:\\\/\\\/repliquemangacine.fr\\\/?s={search_term_string}\"},\"query-input\":{\"@type\":\"PropertyValueSpecification\",\"valueRequired\":true,\"valueName\":\"search_term_string\"}}],\"inLanguage\":\"en-US\"},{\"@type\":\"Organization\",\"@id\":\"https:\\\/\\\/repliquemangacine.fr\\\/#organization\",\"name\":\"R\u00e9plique Manga Cin\u00e9\",\"url\":\"https:\\\/\\\/repliquemangacine.fr\\\/\",\"logo\":{\"@type\":\"ImageObject\",\"inLanguage\":\"en-US\",\"@id\":\"https:\\\/\\\/repliquemangacine.fr\\\/#\\\/schema\\\/logo\\\/image\\\/\",\"url\":\"https:\\\/\\\/repliquemangacine.fr\\\/wp-content\\\/uploads\\\/2023\\\/10\\\/RMC-500250.png\",\"contentUrl\":\"https:\\\/\\\/repliquemangacine.fr\\\/wp-content\\\/uploads\\\/2023\\\/10\\\/RMC-500250.png\",\"width\":500,\"height\":250,\"caption\":\"R\u00e9plique Manga Cin\u00e9\"},\"image\":{\"@id\":\"https:\\\/\\\/repliquemangacine.fr\\\/#\\\/schema\\\/logo\\\/image\\\/\"},\"sameAs\":[\"https:\\\/\\\/www.facebook.com\\\/RepliqueMangaCine\",\"https:\\\/\\\/www.instagram.com\\\/repliquemangacine.fr\\\/\"]}]}<\/script>\n<!-- \/ Yoast SEO plugin. -->","yoast_head_json":{"title":"6 Piece Slytherin Set - Harry Potter Costumes - RMC","description":"Give it to her now! This superb 6-piece Slytherin set at the best price. This pack includes: Wizard's dress, tie, hat, gloves, scarf, socks","robots":{"index":"index","follow":"follow","max-snippet":"max-snippet:-1","max-image-preview":"max-image-preview:large","max-video-preview":"max-video-preview:-1"},"canonical":"https:\/\/repliquemangacine.fr\/en\/harry-potter-collectors-and-goodies\/6-piece-serpentard-set\/","og_locale":"en_US","og_type":"article","og_title":"Coffret 6 Pi\u00e8ces Serpentard - D\u00e9guisements Harry Potter - RMC","og_description":"Offrez-lui vite ! Ce superbe Coffret 6 Pi\u00e8ces Serpentard au meilleur prix. Ce pack comprend : Robe de sorcier, cravate, bonnet, gants, \u00e9charpe, chaussettes","og_url":"https:\/\/repliquemangacine.fr\/en\/harry-potter-collectors-and-goodies\/6-piece-serpentard-set\/","og_site_name":"R\u00e9plique Manga Cin\u00e9","article_publisher":"https:\/\/www.facebook.com\/RepliqueMangaCine","article_modified_time":"2025-12-16T19:50:06+00:00","og_image":[{"width":500,"height":500,"url":"https:\/\/repliquemangacine.fr\/wp-content\/uploads\/2023\/10\/Coffret-6-pieces-Serpentard-9.jpg","type":"image\/jpeg"}],"twitter_card":"summary_large_image","twitter_misc":{"Est. reading time":"3 minutes"},"schema":{"@context":"https:\/\/schema.org","@graph":[{"@type":"WebPage","@id":"https:\/\/repliquemangacine.fr\/collectors-et-goodies-harry-potter\/coffret-6-pieces-serpentard\/","url":"https:\/\/repliquemangacine.fr\/collectors-et-goodies-harry-potter\/coffret-6-pieces-serpentard\/","name":"6 Piece Slytherin Set - Harry Potter Costumes - RMC","isPartOf":{"@id":"https:\/\/repliquemangacine.fr\/#website"},"primaryImageOfPage":{"@id":"https:\/\/repliquemangacine.fr\/collectors-et-goodies-harry-potter\/coffret-6-pieces-serpentard\/#primaryimage"},"image":{"@id":"https:\/\/repliquemangacine.fr\/collectors-et-goodies-harry-potter\/coffret-6-pieces-serpentard\/#primaryimage"},"thumbnailUrl":"https:\/\/repliquemangacine.fr\/wp-content\/uploads\/2023\/10\/Coffret-6-pieces-Serpentard-9.jpg","datePublished":"2023-06-24T15:33:23+00:00","dateModified":"2025-12-16T19:50:06+00:00","description":"Give it to her now! This superb 6-piece Slytherin set at the best price. This pack includes: Wizard's dress, tie, hat, gloves, scarf, socks","breadcrumb":{"@id":"https:\/\/repliquemangacine.fr\/collectors-et-goodies-harry-potter\/coffret-6-pieces-serpentard\/#breadcrumb"},"inLanguage":"en-US","potentialAction":[{"@type":"ReadAction","target":["https:\/\/repliquemangacine.fr\/collectors-et-goodies-harry-potter\/coffret-6-pieces-serpentard\/"]}]},{"@type":"ImageObject","inLanguage":"en-US","@id":"https:\/\/repliquemangacine.fr\/collectors-et-goodies-harry-potter\/coffret-6-pieces-serpentard\/#primaryimage","url":"https:\/\/repliquemangacine.fr\/wp-content\/uploads\/2023\/10\/Coffret-6-pieces-Serpentard-9.jpg","contentUrl":"https:\/\/repliquemangacine.fr\/wp-content\/uploads\/2023\/10\/Coffret-6-pieces-Serpentard-9.jpg","width":500,"height":500,"caption":"Coffret 6 Pi\u00e8ces Serpentard"},{"@type":"BreadcrumbList","@id":"https:\/\/repliquemangacine.fr\/collectors-et-goodies-harry-potter\/coffret-6-pieces-serpentard\/#breadcrumb","itemListElement":[{"@type":"ListItem","position":1,"name":"Accueil","item":"https:\/\/repliquemangacine.fr\/"},{"@type":"ListItem","position":2,"name":"Produits","item":"https:\/\/repliquemangacine.fr\/boutique\/"},{"@type":"ListItem","position":3,"name":"Coffret 6 Pi\u00e8ces Serpentard"}]},{"@type":"WebSite","@id":"https:\/\/repliquemangacine.fr\/#website","url":"https:\/\/repliquemangacine.fr\/","name":"R\u00e9plique Manga Cin\u00e9","description":"","publisher":{"@id":"https:\/\/repliquemangacine.fr\/#organization"},"potentialAction":[{"@type":"SearchAction","target":{"@type":"EntryPoint","urlTemplate":"https:\/\/repliquemangacine.fr\/?s={search_term_string}"},"query-input":{"@type":"PropertyValueSpecification","valueRequired":true,"valueName":"search_term_string"}}],"inLanguage":"en-US"},{"@type":"Organization","@id":"https:\/\/repliquemangacine.fr\/#organization","name":"R\u00e9plique Manga Cin\u00e9","url":"https:\/\/repliquemangacine.fr\/","logo":{"@type":"ImageObject","inLanguage":"en-US","@id":"https:\/\/repliquemangacine.fr\/#\/schema\/logo\/image\/","url":"https:\/\/repliquemangacine.fr\/wp-content\/uploads\/2023\/10\/RMC-500250.png","contentUrl":"https:\/\/repliquemangacine.fr\/wp-content\/uploads\/2023\/10\/RMC-500250.png","width":500,"height":250,"caption":"R\u00e9plique Manga Cin\u00e9"},"image":{"@id":"https:\/\/repliquemangacine.fr\/#\/schema\/logo\/image\/"},"sameAs":["https:\/\/www.facebook.com\/RepliqueMangaCine","https:\/\/www.instagram.com\/repliquemangacine.fr\/"]}]}},"_links":{"self":[{"href":"https:\/\/repliquemangacine.fr\/en\/wp-json\/wp\/v2\/product\/63608","targetHints":{"allow":["GET"]}}],"collection":[{"href":"https:\/\/repliquemangacine.fr\/en\/wp-json\/wp\/v2\/product"}],"about":[{"href":"https:\/\/repliquemangacine.fr\/en\/wp-json\/wp\/v2\/types\/product"}],"wp:featuredmedia":[{"embeddable":true,"href":"https:\/\/repliquemangacine.fr\/en\/wp-json\/wp\/v2\/media\/64323"}],"wp:attachment":[{"href":"https:\/\/repliquemangacine.fr\/en\/wp-json\/wp\/v2\/media?parent=63608"}],"wp:term":[{"taxonomy":"product_brand","embeddable":true,"href":"https:\/\/repliquemangacine.fr\/en\/wp-json\/wp\/v2\/product_brand?post=63608"},{"taxonomy":"product_cat","embeddable":true,"href":"https:\/\/repliquemangacine.fr\/en\/wp-json\/wp\/v2\/product_cat?post=63608"},{"taxonomy":"product_tag","embeddable":true,"href":"https:\/\/repliquemangacine.fr\/en\/wp-json\/wp\/v2\/product_tag?post=63608"}],"curies":[{"name":"wp","href":"https:\/\/api.w.org\/{rel}","templated":true}]}}