





{"id":63605,"date":"2022-01-10T19:55:33","date_gmt":"2022-01-10T18:55:33","guid":{"rendered":"https:\/\/repliquemangacine.fr\/?post_type=product&#038;p=63605"},"modified":"2025-09-23T18:03:49","modified_gmt":"2025-09-23T16:03:49","slug":"squid-game-guard-combination","status":"publish","type":"product","link":"https:\/\/repliquemangacine.fr\/en\/squid-game-costumes-et-masques\/combinaison-des-gardes-squid-game\/","title":{"rendered":"Squid-Game guard combination"},"content":{"rendered":"<h2>Squid-Game guard combination<\/h2>\n<p>To begin with, the <strong>Squid-Game guard combination<\/strong> is a complete high-quality set with gloves and belt.<\/p>\n<p>456 people, all struggling financially, are invited to take part in a mysterious survival competition. Players risk their lives to win the prize of 45.6 billion won (32 million euros).<\/p>\n<p>Guards, otherwise known as Soldiers or Masked Men, are the staff who manage, maintain and enforce Squid Games rules on behalf of the Front Man.<\/p>\n<p>Visit <a href=\"https:\/\/squid-game.fandom.com\/wiki\/Guards\" target=\"_blank\" rel=\"noopener noreferrer\">guards<\/a> all wear the same basic clothing to preserve their anonymity. This is the hooded suit. These masks have one of three symbols to indicate their classification.<\/p>\n<h2>Your Squid-Game Guard Combination at the best price.<\/h2>\n<p>We offer a wide selection of costumes from the TV series Squid Game.<\/p>\n<p>First and foremost,<\/p>\n<ul>\n<li>The replica of this <a href=\"https:\/\/repliquemangacine.fr\/en\/squid-game\/masque-gardiens-carre-squid-game\/\">guardian mask<\/a> with the geometric figure of the square, which means to identify the supervisors.<\/li>\n<li>There's also the player's tracksuit. <a href=\"https:\/\/repliquemangacine.fr\/en\/squid-game\/outfit-001-squid-game\/\">Oh Il-nam le N\u00b0 001<\/a>.<\/li>\n<li>As well as the <a href=\"https:\/\/repliquemangacine.fr\/en\/squid-game\/squid-game-masque-du-chef-a-facettes\/\">mask of the Chief Guardian<\/a> with its facets.<\/li>\n<li>And many more to discover in our online store!<\/li>\n<\/ul>\n<p>So here's a great gift idea for fans of the Netflix series Squid Game.<\/p>\n<p>In conclusion, you can use<strong> Squid-Game guard combination<\/strong> for your cosplay shows or theme parties. Above all, it's a collector's item, but of course you can wear it.<\/p>\n<h2>How are your costumes made?<\/h2>\n<p>To begin with, all our derived products are of the highest quality, manufactured with meticulous attention to detail. In fact, some of the manufacturing is done by hand, to reproduce even the smallest detail. More important parts are machined by precise machines. Engravings are generally made with a diamond tip or laser.<\/p>\n<p>Your <strong>Squid-Game guard combination<\/strong> has been manufactured to reproduce every detail exactly. Made from high-quality polyester fabric, comfortable, soft and gentle on the skin.<\/p>\n<p>Finally, imported from China or Spain, our replicas will amaze you!<\/p>\n<p>R\u00e9plique Manga Cin\u00e9 is a French family business.<\/p>\n<p>Enjoy your visit.<\/p>","protected":false},"excerpt":{"rendered":"<p>This is the outfit worn by the soldiers responsible for supervising the game and eliminating participants at the slightest error.<\/p>\n<ul>\n<li>Hooded jumpsuit.<\/li>\n<li>High-quality polyester fabric.<\/li>\n<li>Black belt and gloves provided.<\/li>\n<\/ul>\n<p>&nbsp;<\/p>","protected":false},"featured_media":64252,"template":"","meta":[],"product_brand":[896],"product_cat":[24,101,99],"product_tag":[],"class_list":{"0":"post-63605","1":"product","2":"type-product","3":"status-publish","4":"has-post-thumbnail","6":"product_brand-replique-manga-cine","7":"product_cat-films-series-tv-vente-de-katana-epee-et-produits-derives","8":"product_cat-soldes","9":"product_cat-squid-game-costumes-et-masques","11":"first","12":"instock","13":"sale","14":"taxable","15":"shipping-taxable","16":"purchasable","17":"product-type-variable"},"yoast_head":"<!-- This site is optimized with the Yoast SEO plugin v27.5 - https:\/\/yoast.com\/product\/yoast-seo-wordpress\/ -->\n<title>Combinaison des Gardes Squid-Game - R\u00e9plique Manga Cin\u00e9<\/title>\n<meta name=\"description\" content=\"D\u00e9couvrez cette Combinaison des Gardes Squid-Game au meilleur prix. Combinaison de Haute qualit\u00e9 - En Polyester - Ceinture - Gants - Plusieurs tailles.\" \/>\n<meta name=\"robots\" content=\"index, follow, max-snippet:-1, max-image-preview:large, max-video-preview:-1\" \/>\n<link rel=\"canonical\" href=\"https:\/\/repliquemangacine.fr\/en\/balances\/squid-game-guard-combination\/\" \/>\n<meta property=\"og:locale\" content=\"en_US\" \/>\n<meta property=\"og:type\" content=\"article\" \/>\n<meta property=\"og:title\" content=\"Combinaison des Gardes Squid-Game - R\u00e9plique Manga Cin\u00e9\" \/>\n<meta property=\"og:description\" content=\"D\u00e9couvrez cette Combinaison des Gardes Squid-Game au meilleur prix. Combinaison de Haute qualit\u00e9 - En Polyester - Ceinture - Gants - Plusieurs tailles.\" \/>\n<meta property=\"og:url\" content=\"https:\/\/repliquemangacine.fr\/en\/balances\/squid-game-guard-combination\/\" \/>\n<meta property=\"og:site_name\" content=\"R\u00e9plique Manga Cin\u00e9\" \/>\n<meta property=\"article:publisher\" content=\"https:\/\/www.facebook.com\/RepliqueMangaCine\" \/>\n<meta property=\"article:modified_time\" content=\"2025-09-23T16:03:49+00:00\" \/>\n<meta property=\"og:image\" content=\"https:\/\/repliquemangacine.fr\/wp-content\/uploads\/2023\/10\/COMBINAISON-SQUID-GAME-1.jpg\" \/>\n\t<meta property=\"og:image:width\" content=\"800\" \/>\n\t<meta property=\"og:image:height\" content=\"800\" \/>\n\t<meta property=\"og:image:type\" content=\"image\/jpeg\" \/>\n<meta name=\"twitter:card\" content=\"summary_large_image\" \/>\n<meta name=\"twitter:label1\" content=\"Est. reading time\" \/>\n\t<meta name=\"twitter:data1\" content=\"3 minutes\" \/>\n<script type=\"application\/ld+json\" class=\"yoast-schema-graph\">{\"@context\":\"https:\\\/\\\/schema.org\",\"@graph\":[{\"@type\":\"WebPage\",\"@id\":\"https:\\\/\\\/repliquemangacine.fr\\\/soldes\\\/combinaison-des-gardes-squid-game\\\/\",\"url\":\"https:\\\/\\\/repliquemangacine.fr\\\/soldes\\\/combinaison-des-gardes-squid-game\\\/\",\"name\":\"Combinaison des Gardes Squid-Game - R\u00e9plique Manga Cin\u00e9\",\"isPartOf\":{\"@id\":\"https:\\\/\\\/repliquemangacine.fr\\\/#website\"},\"primaryImageOfPage\":{\"@id\":\"https:\\\/\\\/repliquemangacine.fr\\\/soldes\\\/combinaison-des-gardes-squid-game\\\/#primaryimage\"},\"image\":{\"@id\":\"https:\\\/\\\/repliquemangacine.fr\\\/soldes\\\/combinaison-des-gardes-squid-game\\\/#primaryimage\"},\"thumbnailUrl\":\"https:\\\/\\\/repliquemangacine.fr\\\/wp-content\\\/uploads\\\/2023\\\/10\\\/COMBINAISON-SQUID-GAME-1.jpg\",\"datePublished\":\"2022-01-10T18:55:33+00:00\",\"dateModified\":\"2025-09-23T16:03:49+00:00\",\"description\":\"D\u00e9couvrez cette Combinaison des Gardes Squid-Game au meilleur prix. Combinaison de Haute qualit\u00e9 - En Polyester - Ceinture - Gants - Plusieurs tailles.\",\"breadcrumb\":{\"@id\":\"https:\\\/\\\/repliquemangacine.fr\\\/soldes\\\/combinaison-des-gardes-squid-game\\\/#breadcrumb\"},\"inLanguage\":\"en-US\",\"potentialAction\":[{\"@type\":\"ReadAction\",\"target\":[\"https:\\\/\\\/repliquemangacine.fr\\\/soldes\\\/combinaison-des-gardes-squid-game\\\/\"]}]},{\"@type\":\"ImageObject\",\"inLanguage\":\"en-US\",\"@id\":\"https:\\\/\\\/repliquemangacine.fr\\\/soldes\\\/combinaison-des-gardes-squid-game\\\/#primaryimage\",\"url\":\"https:\\\/\\\/repliquemangacine.fr\\\/wp-content\\\/uploads\\\/2023\\\/10\\\/COMBINAISON-SQUID-GAME-1.jpg\",\"contentUrl\":\"https:\\\/\\\/repliquemangacine.fr\\\/wp-content\\\/uploads\\\/2023\\\/10\\\/COMBINAISON-SQUID-GAME-1.jpg\",\"width\":800,\"height\":800,\"caption\":\"Combinaison des Gardes Squid-Game tenue compl\u00e8te\"},{\"@type\":\"BreadcrumbList\",\"@id\":\"https:\\\/\\\/repliquemangacine.fr\\\/soldes\\\/combinaison-des-gardes-squid-game\\\/#breadcrumb\",\"itemListElement\":[{\"@type\":\"ListItem\",\"position\":1,\"name\":\"Accueil\",\"item\":\"https:\\\/\\\/repliquemangacine.fr\\\/\"},{\"@type\":\"ListItem\",\"position\":2,\"name\":\"Produits\",\"item\":\"https:\\\/\\\/repliquemangacine.fr\\\/boutique\\\/\"},{\"@type\":\"ListItem\",\"position\":3,\"name\":\"Combinaison des Gardes Squid-Game\"}]},{\"@type\":\"WebSite\",\"@id\":\"https:\\\/\\\/repliquemangacine.fr\\\/#website\",\"url\":\"https:\\\/\\\/repliquemangacine.fr\\\/\",\"name\":\"R\u00e9plique Manga Cin\u00e9\",\"description\":\"\",\"publisher\":{\"@id\":\"https:\\\/\\\/repliquemangacine.fr\\\/#organization\"},\"potentialAction\":[{\"@type\":\"SearchAction\",\"target\":{\"@type\":\"EntryPoint\",\"urlTemplate\":\"https:\\\/\\\/repliquemangacine.fr\\\/?s={search_term_string}\"},\"query-input\":{\"@type\":\"PropertyValueSpecification\",\"valueRequired\":true,\"valueName\":\"search_term_string\"}}],\"inLanguage\":\"en-US\"},{\"@type\":\"Organization\",\"@id\":\"https:\\\/\\\/repliquemangacine.fr\\\/#organization\",\"name\":\"R\u00e9plique Manga Cin\u00e9\",\"url\":\"https:\\\/\\\/repliquemangacine.fr\\\/\",\"logo\":{\"@type\":\"ImageObject\",\"inLanguage\":\"en-US\",\"@id\":\"https:\\\/\\\/repliquemangacine.fr\\\/#\\\/schema\\\/logo\\\/image\\\/\",\"url\":\"https:\\\/\\\/repliquemangacine.fr\\\/wp-content\\\/uploads\\\/2023\\\/10\\\/RMC-500250.png\",\"contentUrl\":\"https:\\\/\\\/repliquemangacine.fr\\\/wp-content\\\/uploads\\\/2023\\\/10\\\/RMC-500250.png\",\"width\":500,\"height\":250,\"caption\":\"R\u00e9plique Manga Cin\u00e9\"},\"image\":{\"@id\":\"https:\\\/\\\/repliquemangacine.fr\\\/#\\\/schema\\\/logo\\\/image\\\/\"},\"sameAs\":[\"https:\\\/\\\/www.facebook.com\\\/RepliqueMangaCine\",\"https:\\\/\\\/www.instagram.com\\\/repliquemangacine.fr\\\/\"]}]}<\/script>\n<!-- \/ Yoast SEO plugin. -->","yoast_head_json":{"title":"Squid-Game Guard Combination - R\u00e9plique Manga Cin\u00e9","description":"Discover this Squid-Game Guard Coverall at the best price. High quality overalls - Polyester - Belt - Gloves - Several sizes.","robots":{"index":"index","follow":"follow","max-snippet":"max-snippet:-1","max-image-preview":"max-image-preview:large","max-video-preview":"max-video-preview:-1"},"canonical":"https:\/\/repliquemangacine.fr\/en\/balances\/squid-game-guard-combination\/","og_locale":"en_US","og_type":"article","og_title":"Combinaison des Gardes Squid-Game - R\u00e9plique Manga Cin\u00e9","og_description":"D\u00e9couvrez cette Combinaison des Gardes Squid-Game au meilleur prix. Combinaison de Haute qualit\u00e9 - En Polyester - Ceinture - Gants - Plusieurs tailles.","og_url":"https:\/\/repliquemangacine.fr\/en\/balances\/squid-game-guard-combination\/","og_site_name":"R\u00e9plique Manga Cin\u00e9","article_publisher":"https:\/\/www.facebook.com\/RepliqueMangaCine","article_modified_time":"2025-09-23T16:03:49+00:00","og_image":[{"width":800,"height":800,"url":"https:\/\/repliquemangacine.fr\/wp-content\/uploads\/2023\/10\/COMBINAISON-SQUID-GAME-1.jpg","type":"image\/jpeg"}],"twitter_card":"summary_large_image","twitter_misc":{"Est. reading time":"3 minutes"},"schema":{"@context":"https:\/\/schema.org","@graph":[{"@type":"WebPage","@id":"https:\/\/repliquemangacine.fr\/soldes\/combinaison-des-gardes-squid-game\/","url":"https:\/\/repliquemangacine.fr\/soldes\/combinaison-des-gardes-squid-game\/","name":"Squid-Game Guard Combination - R\u00e9plique Manga Cin\u00e9","isPartOf":{"@id":"https:\/\/repliquemangacine.fr\/#website"},"primaryImageOfPage":{"@id":"https:\/\/repliquemangacine.fr\/soldes\/combinaison-des-gardes-squid-game\/#primaryimage"},"image":{"@id":"https:\/\/repliquemangacine.fr\/soldes\/combinaison-des-gardes-squid-game\/#primaryimage"},"thumbnailUrl":"https:\/\/repliquemangacine.fr\/wp-content\/uploads\/2023\/10\/COMBINAISON-SQUID-GAME-1.jpg","datePublished":"2022-01-10T18:55:33+00:00","dateModified":"2025-09-23T16:03:49+00:00","description":"Discover this Squid-Game Guard Coverall at the best price. High quality overalls - Polyester - Belt - Gloves - Several sizes.","breadcrumb":{"@id":"https:\/\/repliquemangacine.fr\/soldes\/combinaison-des-gardes-squid-game\/#breadcrumb"},"inLanguage":"en-US","potentialAction":[{"@type":"ReadAction","target":["https:\/\/repliquemangacine.fr\/soldes\/combinaison-des-gardes-squid-game\/"]}]},{"@type":"ImageObject","inLanguage":"en-US","@id":"https:\/\/repliquemangacine.fr\/soldes\/combinaison-des-gardes-squid-game\/#primaryimage","url":"https:\/\/repliquemangacine.fr\/wp-content\/uploads\/2023\/10\/COMBINAISON-SQUID-GAME-1.jpg","contentUrl":"https:\/\/repliquemangacine.fr\/wp-content\/uploads\/2023\/10\/COMBINAISON-SQUID-GAME-1.jpg","width":800,"height":800,"caption":"Combinaison des Gardes Squid-Game tenue compl\u00e8te"},{"@type":"BreadcrumbList","@id":"https:\/\/repliquemangacine.fr\/soldes\/combinaison-des-gardes-squid-game\/#breadcrumb","itemListElement":[{"@type":"ListItem","position":1,"name":"Accueil","item":"https:\/\/repliquemangacine.fr\/"},{"@type":"ListItem","position":2,"name":"Produits","item":"https:\/\/repliquemangacine.fr\/boutique\/"},{"@type":"ListItem","position":3,"name":"Combinaison des Gardes Squid-Game"}]},{"@type":"WebSite","@id":"https:\/\/repliquemangacine.fr\/#website","url":"https:\/\/repliquemangacine.fr\/","name":"R\u00e9plique Manga Cin\u00e9","description":"","publisher":{"@id":"https:\/\/repliquemangacine.fr\/#organization"},"potentialAction":[{"@type":"SearchAction","target":{"@type":"EntryPoint","urlTemplate":"https:\/\/repliquemangacine.fr\/?s={search_term_string}"},"query-input":{"@type":"PropertyValueSpecification","valueRequired":true,"valueName":"search_term_string"}}],"inLanguage":"en-US"},{"@type":"Organization","@id":"https:\/\/repliquemangacine.fr\/#organization","name":"R\u00e9plique Manga Cin\u00e9","url":"https:\/\/repliquemangacine.fr\/","logo":{"@type":"ImageObject","inLanguage":"en-US","@id":"https:\/\/repliquemangacine.fr\/#\/schema\/logo\/image\/","url":"https:\/\/repliquemangacine.fr\/wp-content\/uploads\/2023\/10\/RMC-500250.png","contentUrl":"https:\/\/repliquemangacine.fr\/wp-content\/uploads\/2023\/10\/RMC-500250.png","width":500,"height":250,"caption":"R\u00e9plique Manga Cin\u00e9"},"image":{"@id":"https:\/\/repliquemangacine.fr\/#\/schema\/logo\/image\/"},"sameAs":["https:\/\/www.facebook.com\/RepliqueMangaCine","https:\/\/www.instagram.com\/repliquemangacine.fr\/"]}]}},"_links":{"self":[{"href":"https:\/\/repliquemangacine.fr\/en\/wp-json\/wp\/v2\/product\/63605","targetHints":{"allow":["GET"]}}],"collection":[{"href":"https:\/\/repliquemangacine.fr\/en\/wp-json\/wp\/v2\/product"}],"about":[{"href":"https:\/\/repliquemangacine.fr\/en\/wp-json\/wp\/v2\/types\/product"}],"wp:featuredmedia":[{"embeddable":true,"href":"https:\/\/repliquemangacine.fr\/en\/wp-json\/wp\/v2\/media\/64252"}],"wp:attachment":[{"href":"https:\/\/repliquemangacine.fr\/en\/wp-json\/wp\/v2\/media?parent=63605"}],"wp:term":[{"taxonomy":"product_brand","embeddable":true,"href":"https:\/\/repliquemangacine.fr\/en\/wp-json\/wp\/v2\/product_brand?post=63605"},{"taxonomy":"product_cat","embeddable":true,"href":"https:\/\/repliquemangacine.fr\/en\/wp-json\/wp\/v2\/product_cat?post=63605"},{"taxonomy":"product_tag","embeddable":true,"href":"https:\/\/repliquemangacine.fr\/en\/wp-json\/wp\/v2\/product_tag?post=63605"}],"curies":[{"name":"wp","href":"https:\/\/api.w.org\/{rel}","templated":true}]}}