





{"id":63603,"date":"2022-01-10T18:45:26","date_gmt":"2022-01-10T17:45:26","guid":{"rendered":"https:\/\/repliquemangacine.fr\/?post_type=product&#038;p=63603"},"modified":"2025-09-23T18:03:15","modified_gmt":"2025-09-23T16:03:15","slug":"outfit-067-squid-game","status":"publish","type":"product","link":"https:\/\/repliquemangacine.fr\/en\/squid-game-costumes-et-masques\/tenue-067-squid-game\/","title":{"rendered":"Outfit 067 Squid Game"},"content":{"rendered":"<h2>Complete outfit from 067 Squid Game<\/h2>\n<p>To begin with, the <strong>Outfit 067 Squid Game<\/strong> is a high-quality jogging suit and sweatshirt. Worn by Kang Sae-byeok.<\/p>\n<p>456 people, all struggling financially in life, are invited to take part in a mysterious survival competition. Participating in a series of traditional children's games, but with deadly outcomes. Players risk their lives to win the prize of 45.6 billion won (32 million euros).<\/p>\n<p>In the first episode of Squid Game, each player is assigned a number. In fact, the numbers are in order of recruitment.<\/p>\n<p>Kang Sae-byeok is a main character in season 1 of the Squid Game series. She appears from the episode One, Two, Three, Sun. <a href=\"https:\/\/squid-game.fandom.com\/fr\/wiki\/Kang_Sae-byeok\" target=\"_blank\" rel=\"noopener noreferrer\">Kang Sae-byeok<\/a> is Kang Cheol's sister.<\/p>\n<h2>Your 067 Squid Game outfit at the best price.<\/h2>\n<p>We offer a wide selection of costumes from the TV series Squid Game.<\/p>\n<p>First and foremost,<\/p>\n<ul>\n<li>The replica of this <a href=\"https:\/\/repliquemangacine.fr\/en\/squid-game\/masque-cercle-squid-game\/\">guardian mask<\/a> with the geometric shape of a circle, to identify supervisors.<\/li>\n<li>There's also the player's tracksuit. <a href=\"https:\/\/repliquemangacine.fr\/en\/squid-game\/survetement-joueurs-456-squid-game\/\">Seong Gi-hun le N\u00b0 456<\/a>.<\/li>\n<li>As well as the <a href=\"https:\/\/repliquemangacine.fr\/en\/squid-game\/combinaison-rouge-des-soldats-squid-game\/\">soldiers' suit<\/a> responsible for supervising the game and eliminating participants at the slightest error.<\/li>\n<li>And many more to discover in our online store!<\/li>\n<\/ul>\n<p>So here's a great gift idea for fans of the Netflix series Squid Game.<\/p>\n<p>In conclusion, you can use <strong>Outfit 067 Squid Game<\/strong> for your cosplay shows or theme parties. Above all, it's a collector's item, but of course you can wear it.<\/p>\n<h2>How are your costumes made?<\/h2>\n<p>To begin with, all our derived products are of the highest quality, manufactured with meticulous attention to detail. In fact, some of the manufacturing is done by hand, to reproduce even the smallest detail. More important parts are machined by precise machines. Engravings are generally made with a diamond tip or laser.<\/p>\n<p>Your <strong>Outfit 067 Squid Game<\/strong> has been manufactured to reproduce every detail exactly. Made from high-quality polyester fabric, comfortable, soft and gentle on the skin.<br \/>\nFinally, imported from China or Spain, our replicas will amaze you!<\/p>\n<p>R\u00e9plique Manga Cin\u00e9 is a French family business.<\/p>\n<p>Enjoy your visit.<\/p>","protected":false},"excerpt":{"rendered":"<p>Squid game Sweatshirt Jogging set.<\/p>\n<ul>\n<li>High-quality polyester fabric, comfortable, soft and gentle on the skin.<\/li>\n<li>Pants with elastic waistband and drawstring.<\/li>\n<li>Jacket with player's number on front and back.<\/li>\n<li>Two pockets. Zipper closure<\/li>\n<\/ul>\n<p>Three sizes: M - L - XL<\/p>","protected":false},"featured_media":64250,"template":"","meta":[],"product_brand":[896],"product_cat":[24,101,99],"product_tag":[],"class_list":{"0":"post-63603","1":"product","2":"type-product","3":"status-publish","4":"has-post-thumbnail","6":"product_brand-replique-manga-cine","7":"product_cat-films-series-tv-vente-de-katana-epee-et-produits-derives","8":"product_cat-soldes","9":"product_cat-squid-game-costumes-et-masques","11":"first","12":"instock","13":"sale","14":"taxable","15":"shipping-taxable","16":"purchasable","17":"product-type-variable"},"yoast_head":"<!-- This site is optimized with the Yoast SEO plugin v27.5 - https:\/\/yoast.com\/product\/yoast-seo-wordpress\/ -->\n<title>Tenue 067 Squid Game - Boutique en ligne - R\u00e9plique Manga Cin\u00e9<\/title>\n<meta name=\"description\" content=\"Offrez-vous la Tenue 067 Squid Game au meilleur prix. Tissu polyester de qualit\u00e9 - Ensemble de sport Jogging Sweatshirt - Fermeture Zipp\u00e9e - Deux Poches\" \/>\n<meta name=\"robots\" content=\"index, follow, max-snippet:-1, max-image-preview:large, max-video-preview:-1\" \/>\n<link rel=\"canonical\" href=\"https:\/\/repliquemangacine.fr\/en\/balances\/outfit-067-squid-game\/\" \/>\n<meta property=\"og:locale\" content=\"en_US\" \/>\n<meta property=\"og:type\" content=\"article\" \/>\n<meta property=\"og:title\" content=\"Tenue 067 Squid Game - Boutique en ligne - R\u00e9plique Manga Cin\u00e9\" \/>\n<meta property=\"og:description\" content=\"Offrez-vous la Tenue 067 Squid Game au meilleur prix. Tissu polyester de qualit\u00e9 - Ensemble de sport Jogging Sweatshirt - Fermeture Zipp\u00e9e - Deux Poches\" \/>\n<meta property=\"og:url\" content=\"https:\/\/repliquemangacine.fr\/en\/balances\/outfit-067-squid-game\/\" \/>\n<meta property=\"og:site_name\" content=\"R\u00e9plique Manga Cin\u00e9\" \/>\n<meta property=\"article:publisher\" content=\"https:\/\/www.facebook.com\/RepliqueMangaCine\" \/>\n<meta property=\"article:modified_time\" content=\"2025-09-23T16:03:15+00:00\" \/>\n<meta property=\"og:image\" content=\"https:\/\/repliquemangacine.fr\/wp-content\/uploads\/2023\/10\/squid-game-067-1.jpg\" \/>\n\t<meta property=\"og:image:width\" content=\"800\" \/>\n\t<meta property=\"og:image:height\" content=\"800\" \/>\n\t<meta property=\"og:image:type\" content=\"image\/jpeg\" \/>\n<meta name=\"twitter:card\" content=\"summary_large_image\" \/>\n<meta name=\"twitter:label1\" content=\"Est. reading time\" \/>\n\t<meta name=\"twitter:data1\" content=\"3 minutes\" \/>\n<script type=\"application\/ld+json\" class=\"yoast-schema-graph\">{\"@context\":\"https:\\\/\\\/schema.org\",\"@graph\":[{\"@type\":\"WebPage\",\"@id\":\"https:\\\/\\\/repliquemangacine.fr\\\/soldes\\\/tenue-067-squid-game\\\/\",\"url\":\"https:\\\/\\\/repliquemangacine.fr\\\/soldes\\\/tenue-067-squid-game\\\/\",\"name\":\"Tenue 067 Squid Game - Boutique en ligne - R\u00e9plique Manga Cin\u00e9\",\"isPartOf\":{\"@id\":\"https:\\\/\\\/repliquemangacine.fr\\\/#website\"},\"primaryImageOfPage\":{\"@id\":\"https:\\\/\\\/repliquemangacine.fr\\\/soldes\\\/tenue-067-squid-game\\\/#primaryimage\"},\"image\":{\"@id\":\"https:\\\/\\\/repliquemangacine.fr\\\/soldes\\\/tenue-067-squid-game\\\/#primaryimage\"},\"thumbnailUrl\":\"https:\\\/\\\/repliquemangacine.fr\\\/wp-content\\\/uploads\\\/2023\\\/10\\\/squid-game-067-1.jpg\",\"datePublished\":\"2022-01-10T17:45:26+00:00\",\"dateModified\":\"2025-09-23T16:03:15+00:00\",\"description\":\"Offrez-vous la Tenue 067 Squid Game au meilleur prix. Tissu polyester de qualit\u00e9 - Ensemble de sport Jogging Sweatshirt - Fermeture Zipp\u00e9e - Deux Poches\",\"breadcrumb\":{\"@id\":\"https:\\\/\\\/repliquemangacine.fr\\\/soldes\\\/tenue-067-squid-game\\\/#breadcrumb\"},\"inLanguage\":\"en-US\",\"potentialAction\":[{\"@type\":\"ReadAction\",\"target\":[\"https:\\\/\\\/repliquemangacine.fr\\\/soldes\\\/tenue-067-squid-game\\\/\"]}]},{\"@type\":\"ImageObject\",\"inLanguage\":\"en-US\",\"@id\":\"https:\\\/\\\/repliquemangacine.fr\\\/soldes\\\/tenue-067-squid-game\\\/#primaryimage\",\"url\":\"https:\\\/\\\/repliquemangacine.fr\\\/wp-content\\\/uploads\\\/2023\\\/10\\\/squid-game-067-1.jpg\",\"contentUrl\":\"https:\\\/\\\/repliquemangacine.fr\\\/wp-content\\\/uploads\\\/2023\\\/10\\\/squid-game-067-1.jpg\",\"width\":800,\"height\":800,\"caption\":\"Surv\u00eatement N\u00b0 067 Squid Game\"},{\"@type\":\"BreadcrumbList\",\"@id\":\"https:\\\/\\\/repliquemangacine.fr\\\/soldes\\\/tenue-067-squid-game\\\/#breadcrumb\",\"itemListElement\":[{\"@type\":\"ListItem\",\"position\":1,\"name\":\"Accueil\",\"item\":\"https:\\\/\\\/repliquemangacine.fr\\\/\"},{\"@type\":\"ListItem\",\"position\":2,\"name\":\"Produits\",\"item\":\"https:\\\/\\\/repliquemangacine.fr\\\/boutique\\\/\"},{\"@type\":\"ListItem\",\"position\":3,\"name\":\"Tenue 067 Squid Game\"}]},{\"@type\":\"WebSite\",\"@id\":\"https:\\\/\\\/repliquemangacine.fr\\\/#website\",\"url\":\"https:\\\/\\\/repliquemangacine.fr\\\/\",\"name\":\"R\u00e9plique Manga Cin\u00e9\",\"description\":\"\",\"publisher\":{\"@id\":\"https:\\\/\\\/repliquemangacine.fr\\\/#organization\"},\"potentialAction\":[{\"@type\":\"SearchAction\",\"target\":{\"@type\":\"EntryPoint\",\"urlTemplate\":\"https:\\\/\\\/repliquemangacine.fr\\\/?s={search_term_string}\"},\"query-input\":{\"@type\":\"PropertyValueSpecification\",\"valueRequired\":true,\"valueName\":\"search_term_string\"}}],\"inLanguage\":\"en-US\"},{\"@type\":\"Organization\",\"@id\":\"https:\\\/\\\/repliquemangacine.fr\\\/#organization\",\"name\":\"R\u00e9plique Manga Cin\u00e9\",\"url\":\"https:\\\/\\\/repliquemangacine.fr\\\/\",\"logo\":{\"@type\":\"ImageObject\",\"inLanguage\":\"en-US\",\"@id\":\"https:\\\/\\\/repliquemangacine.fr\\\/#\\\/schema\\\/logo\\\/image\\\/\",\"url\":\"https:\\\/\\\/repliquemangacine.fr\\\/wp-content\\\/uploads\\\/2023\\\/10\\\/RMC-500250.png\",\"contentUrl\":\"https:\\\/\\\/repliquemangacine.fr\\\/wp-content\\\/uploads\\\/2023\\\/10\\\/RMC-500250.png\",\"width\":500,\"height\":250,\"caption\":\"R\u00e9plique Manga Cin\u00e9\"},\"image\":{\"@id\":\"https:\\\/\\\/repliquemangacine.fr\\\/#\\\/schema\\\/logo\\\/image\\\/\"},\"sameAs\":[\"https:\\\/\\\/www.facebook.com\\\/RepliqueMangaCine\",\"https:\\\/\\\/www.instagram.com\\\/repliquemangacine.fr\\\/\"]}]}<\/script>\n<!-- \/ Yoast SEO plugin. -->","yoast_head_json":{"title":"Tenue 067 Squid Game - Online Shop - R\u00e9plique Manga Cin\u00e9","description":"Treat yourself to the 067 Squid Game outfit at the best price. Quality polyester fabric - Jogging Sweatshirt sports kit - Zip closure - Two pockets","robots":{"index":"index","follow":"follow","max-snippet":"max-snippet:-1","max-image-preview":"max-image-preview:large","max-video-preview":"max-video-preview:-1"},"canonical":"https:\/\/repliquemangacine.fr\/en\/balances\/outfit-067-squid-game\/","og_locale":"en_US","og_type":"article","og_title":"Tenue 067 Squid Game - Boutique en ligne - R\u00e9plique Manga Cin\u00e9","og_description":"Offrez-vous la Tenue 067 Squid Game au meilleur prix. Tissu polyester de qualit\u00e9 - Ensemble de sport Jogging Sweatshirt - Fermeture Zipp\u00e9e - Deux Poches","og_url":"https:\/\/repliquemangacine.fr\/en\/balances\/outfit-067-squid-game\/","og_site_name":"R\u00e9plique Manga Cin\u00e9","article_publisher":"https:\/\/www.facebook.com\/RepliqueMangaCine","article_modified_time":"2025-09-23T16:03:15+00:00","og_image":[{"width":800,"height":800,"url":"https:\/\/repliquemangacine.fr\/wp-content\/uploads\/2023\/10\/squid-game-067-1.jpg","type":"image\/jpeg"}],"twitter_card":"summary_large_image","twitter_misc":{"Est. reading time":"3 minutes"},"schema":{"@context":"https:\/\/schema.org","@graph":[{"@type":"WebPage","@id":"https:\/\/repliquemangacine.fr\/soldes\/tenue-067-squid-game\/","url":"https:\/\/repliquemangacine.fr\/soldes\/tenue-067-squid-game\/","name":"Tenue 067 Squid Game - Online Shop - R\u00e9plique Manga Cin\u00e9","isPartOf":{"@id":"https:\/\/repliquemangacine.fr\/#website"},"primaryImageOfPage":{"@id":"https:\/\/repliquemangacine.fr\/soldes\/tenue-067-squid-game\/#primaryimage"},"image":{"@id":"https:\/\/repliquemangacine.fr\/soldes\/tenue-067-squid-game\/#primaryimage"},"thumbnailUrl":"https:\/\/repliquemangacine.fr\/wp-content\/uploads\/2023\/10\/squid-game-067-1.jpg","datePublished":"2022-01-10T17:45:26+00:00","dateModified":"2025-09-23T16:03:15+00:00","description":"Treat yourself to the 067 Squid Game outfit at the best price. Quality polyester fabric - Jogging Sweatshirt sports kit - Zip closure - Two pockets","breadcrumb":{"@id":"https:\/\/repliquemangacine.fr\/soldes\/tenue-067-squid-game\/#breadcrumb"},"inLanguage":"en-US","potentialAction":[{"@type":"ReadAction","target":["https:\/\/repliquemangacine.fr\/soldes\/tenue-067-squid-game\/"]}]},{"@type":"ImageObject","inLanguage":"en-US","@id":"https:\/\/repliquemangacine.fr\/soldes\/tenue-067-squid-game\/#primaryimage","url":"https:\/\/repliquemangacine.fr\/wp-content\/uploads\/2023\/10\/squid-game-067-1.jpg","contentUrl":"https:\/\/repliquemangacine.fr\/wp-content\/uploads\/2023\/10\/squid-game-067-1.jpg","width":800,"height":800,"caption":"Surv\u00eatement N\u00b0 067 Squid Game"},{"@type":"BreadcrumbList","@id":"https:\/\/repliquemangacine.fr\/soldes\/tenue-067-squid-game\/#breadcrumb","itemListElement":[{"@type":"ListItem","position":1,"name":"Accueil","item":"https:\/\/repliquemangacine.fr\/"},{"@type":"ListItem","position":2,"name":"Produits","item":"https:\/\/repliquemangacine.fr\/boutique\/"},{"@type":"ListItem","position":3,"name":"Tenue 067 Squid Game"}]},{"@type":"WebSite","@id":"https:\/\/repliquemangacine.fr\/#website","url":"https:\/\/repliquemangacine.fr\/","name":"R\u00e9plique Manga Cin\u00e9","description":"","publisher":{"@id":"https:\/\/repliquemangacine.fr\/#organization"},"potentialAction":[{"@type":"SearchAction","target":{"@type":"EntryPoint","urlTemplate":"https:\/\/repliquemangacine.fr\/?s={search_term_string}"},"query-input":{"@type":"PropertyValueSpecification","valueRequired":true,"valueName":"search_term_string"}}],"inLanguage":"en-US"},{"@type":"Organization","@id":"https:\/\/repliquemangacine.fr\/#organization","name":"R\u00e9plique Manga Cin\u00e9","url":"https:\/\/repliquemangacine.fr\/","logo":{"@type":"ImageObject","inLanguage":"en-US","@id":"https:\/\/repliquemangacine.fr\/#\/schema\/logo\/image\/","url":"https:\/\/repliquemangacine.fr\/wp-content\/uploads\/2023\/10\/RMC-500250.png","contentUrl":"https:\/\/repliquemangacine.fr\/wp-content\/uploads\/2023\/10\/RMC-500250.png","width":500,"height":250,"caption":"R\u00e9plique Manga Cin\u00e9"},"image":{"@id":"https:\/\/repliquemangacine.fr\/#\/schema\/logo\/image\/"},"sameAs":["https:\/\/www.facebook.com\/RepliqueMangaCine","https:\/\/www.instagram.com\/repliquemangacine.fr\/"]}]}},"_links":{"self":[{"href":"https:\/\/repliquemangacine.fr\/en\/wp-json\/wp\/v2\/product\/63603","targetHints":{"allow":["GET"]}}],"collection":[{"href":"https:\/\/repliquemangacine.fr\/en\/wp-json\/wp\/v2\/product"}],"about":[{"href":"https:\/\/repliquemangacine.fr\/en\/wp-json\/wp\/v2\/types\/product"}],"wp:featuredmedia":[{"embeddable":true,"href":"https:\/\/repliquemangacine.fr\/en\/wp-json\/wp\/v2\/media\/64250"}],"wp:attachment":[{"href":"https:\/\/repliquemangacine.fr\/en\/wp-json\/wp\/v2\/media?parent=63603"}],"wp:term":[{"taxonomy":"product_brand","embeddable":true,"href":"https:\/\/repliquemangacine.fr\/en\/wp-json\/wp\/v2\/product_brand?post=63603"},{"taxonomy":"product_cat","embeddable":true,"href":"https:\/\/repliquemangacine.fr\/en\/wp-json\/wp\/v2\/product_cat?post=63603"},{"taxonomy":"product_tag","embeddable":true,"href":"https:\/\/repliquemangacine.fr\/en\/wp-json\/wp\/v2\/product_tag?post=63603"}],"curies":[{"name":"wp","href":"https:\/\/api.w.org\/{rel}","templated":true}]}}