





{"id":63595,"date":"2017-02-01T15:55:31","date_gmt":"2017-02-01T14:55:31","guid":{"rendered":"https:\/\/repliquemangacine.fr\/?post_type=product&#038;p=63595"},"modified":"2026-02-24T17:34:56","modified_gmt":"2026-02-24T16:34:56","slug":"aragorn-ring-barahir-ring","status":"publish","type":"product","link":"https:\/\/repliquemangacine.fr\/en\/bijoux-anneaux\/bague-aragorn-anneau-barahir\/","title":{"rendered":"Aragorn Ring Barahir Ring"},"content":{"rendered":"<h2>Replica of the Aragorn Ring Barahir in The Lord of the Rings<\/h2>\n<p>The Aragorn Ring Barahir is absolutely splendid for a low-priced replica! This Ring is by no means a power Ring.<\/p>\n<p>Barahir's ring (also known as Felagund's ring) is the name given to a ring made by the \u00d1oldor in Valinor and originally worn by Finrod Felagund. At the battle of Dagor Bragollach, <a href=\"https:\/\/lotr.fandom.com\/fr\/wiki\/Anneau_de_Barahir\">Barahir<\/a> covered the latter's retreat, and he gave him this ring as a sign of his gratitude. When Barahir was killed in Dorthonion, his hand and ring were cut off by the Orcs as proof of his death. However, Barahir's son Beren managed to recover his hand and ring.<\/p>\n<p>The ring then passed to Beren's son Dior Eluch\u00edl, then to Elwing, Elros and the kings of N\u00famenor. Tar-Elendil gave it to his eldest daughter Silmari\u00ebn, who was unable to ascend the throne and entrusted it to her son Valandil, first lord of And\u00fani\u00eb. It remained in this family until Elendil. Brought back to Middle-earth by Elendil, it became one of the royal treasures of the Kingdom of Arnor and the House of Isildur.<\/p>\n<p>Kept in Rivendell, Elrond entrusted it to Aragorn when he revealed his lineage. Aragorn gave it to Arwen at their wedding.<\/p>\n<h3>We offer a wide selection of replica swords and jewelry from The Lord of the Rings trilogy.<\/h3>\n<p>First and foremost,<\/p>\n<ul>\n<li>The magnificent <a href=\"https:\/\/repliquemangacine.fr\/en\/the-lord-of-the-rings\/replica-etoile-du-soir-pendant-arwen\/\">Arwen pendant<\/a> the evening star.<\/li>\n<li>As well as the <a href=\"https:\/\/repliquemangacine.fr\/en\/jewelry-rings\/brooch-necklace-lorien-leaf-lord-of-the-rings\/\">Lorien leaf<\/a>.<\/li>\n<li>But also all the <a href=\"https:\/\/repliquemangacine.fr\/en\/lord-of-the-rings-swords\/\">Lord of the Rings swords<\/a><\/li>\n<\/ul>\n<p>A great gift idea for fans of the Lord of the Rings trilogy.<\/p>\n<h3>You can use the Aragorn Ring by Barahir to complete your costume for theme parties.<\/h3>\n<p>Above all, it's a collector's item, but you can also use it as jewelry for everyday wear.<\/p>","protected":false},"excerpt":{"rendered":"<p>Replica of the Barahir ring, Aragorn's ring.<\/p>\n<ul>\n<li>This superbly detailed reproduction.<\/li>\n<li>Made of silver-plated zinc alloy with a green crystal (rhinestone) in the center.<\/li>\n<li>You'll be amazed at the quality of finish on this replica.<\/li>\n<li>Supplied with black Lord Of The Ring pouch<\/li>\n<\/ul>","protected":false},"featured_media":64034,"template":"","meta":[],"product_brand":[896],"product_cat":[78,24,29],"product_tag":[],"class_list":{"0":"post-63595","1":"product","2":"type-product","3":"status-publish","4":"has-post-thumbnail","6":"product_brand-replique-manga-cine","7":"product_cat-bijoux-anneaux","8":"product_cat-films-series-tv-vente-de-katana-epee-et-produits-derives","9":"product_cat-le-seigneur-des-anneaux","11":"first","12":"instock","13":"taxable","14":"shipping-taxable","15":"purchasable","16":"product-type-variable"},"yoast_head":"<!-- This site is optimized with the Yoast SEO plugin v27.5 - https:\/\/yoast.com\/product\/yoast-seo-wordpress\/ -->\n<title>Bague Aragorn Anneau Barahir - LOTR - R\u00e9plique Manga Cin\u00e9<\/title>\n<meta name=\"description\" content=\"Cette reproduction de la bague Aragorn Anneau Barahir va vous \u00e9tonner ! en alliage de zinc avec une finesse des d\u00e9tails incroyable pour 19.90\u20ac seulement !\" \/>\n<meta name=\"robots\" content=\"index, follow, max-snippet:-1, max-image-preview:large, max-video-preview:-1\" \/>\n<link rel=\"canonical\" href=\"https:\/\/repliquemangacine.fr\/en\/jewelry-rings\/aragorn-ring-barahir-ring\/\" \/>\n<meta property=\"og:locale\" content=\"en_US\" \/>\n<meta property=\"og:type\" content=\"article\" \/>\n<meta property=\"og:title\" content=\"Bague Aragorn Anneau Barahir - LOTR - R\u00e9plique Manga Cin\u00e9\" \/>\n<meta property=\"og:description\" content=\"Cette reproduction de la bague Aragorn Anneau Barahir va vous \u00e9tonner ! en alliage de zinc avec une finesse des d\u00e9tails incroyable pour 19.90\u20ac seulement !\" \/>\n<meta property=\"og:url\" content=\"https:\/\/repliquemangacine.fr\/en\/jewelry-rings\/aragorn-ring-barahir-ring\/\" \/>\n<meta property=\"og:site_name\" content=\"R\u00e9plique Manga Cin\u00e9\" \/>\n<meta property=\"article:publisher\" content=\"https:\/\/www.facebook.com\/RepliqueMangaCine\" \/>\n<meta property=\"article:modified_time\" content=\"2026-02-24T16:34:56+00:00\" \/>\n<meta property=\"og:image\" content=\"https:\/\/repliquemangacine.fr\/wp-content\/uploads\/2023\/10\/bague-aragorn-1.jpg\" \/>\n\t<meta property=\"og:image:width\" content=\"500\" \/>\n\t<meta property=\"og:image:height\" content=\"500\" \/>\n\t<meta property=\"og:image:type\" content=\"image\/jpeg\" \/>\n<meta name=\"twitter:card\" content=\"summary_large_image\" \/>\n<meta name=\"twitter:label1\" content=\"Est. reading time\" \/>\n\t<meta name=\"twitter:data1\" content=\"2 minutes\" \/>\n<script type=\"application\/ld+json\" class=\"yoast-schema-graph\">{\"@context\":\"https:\\\/\\\/schema.org\",\"@graph\":[{\"@type\":\"WebPage\",\"@id\":\"https:\\\/\\\/repliquemangacine.fr\\\/bijoux-anneaux\\\/bague-aragorn-anneau-barahir\\\/\",\"url\":\"https:\\\/\\\/repliquemangacine.fr\\\/bijoux-anneaux\\\/bague-aragorn-anneau-barahir\\\/\",\"name\":\"Bague Aragorn Anneau Barahir - LOTR - R\u00e9plique Manga Cin\u00e9\",\"isPartOf\":{\"@id\":\"https:\\\/\\\/repliquemangacine.fr\\\/#website\"},\"primaryImageOfPage\":{\"@id\":\"https:\\\/\\\/repliquemangacine.fr\\\/bijoux-anneaux\\\/bague-aragorn-anneau-barahir\\\/#primaryimage\"},\"image\":{\"@id\":\"https:\\\/\\\/repliquemangacine.fr\\\/bijoux-anneaux\\\/bague-aragorn-anneau-barahir\\\/#primaryimage\"},\"thumbnailUrl\":\"https:\\\/\\\/repliquemangacine.fr\\\/wp-content\\\/uploads\\\/2023\\\/10\\\/bague-aragorn-1.jpg\",\"datePublished\":\"2017-02-01T14:55:31+00:00\",\"dateModified\":\"2026-02-24T16:34:56+00:00\",\"description\":\"Cette reproduction de la bague Aragorn Anneau Barahir va vous \u00e9tonner ! en alliage de zinc avec une finesse des d\u00e9tails incroyable pour 19.90\u20ac seulement !\",\"breadcrumb\":{\"@id\":\"https:\\\/\\\/repliquemangacine.fr\\\/bijoux-anneaux\\\/bague-aragorn-anneau-barahir\\\/#breadcrumb\"},\"inLanguage\":\"en-US\",\"potentialAction\":[{\"@type\":\"ReadAction\",\"target\":[\"https:\\\/\\\/repliquemangacine.fr\\\/bijoux-anneaux\\\/bague-aragorn-anneau-barahir\\\/\"]}]},{\"@type\":\"ImageObject\",\"inLanguage\":\"en-US\",\"@id\":\"https:\\\/\\\/repliquemangacine.fr\\\/bijoux-anneaux\\\/bague-aragorn-anneau-barahir\\\/#primaryimage\",\"url\":\"https:\\\/\\\/repliquemangacine.fr\\\/wp-content\\\/uploads\\\/2023\\\/10\\\/bague-aragorn-1.jpg\",\"contentUrl\":\"https:\\\/\\\/repliquemangacine.fr\\\/wp-content\\\/uploads\\\/2023\\\/10\\\/bague-aragorn-1.jpg\",\"width\":500,\"height\":500,\"caption\":\"Bague Aragorn Anneau Barahir\"},{\"@type\":\"BreadcrumbList\",\"@id\":\"https:\\\/\\\/repliquemangacine.fr\\\/bijoux-anneaux\\\/bague-aragorn-anneau-barahir\\\/#breadcrumb\",\"itemListElement\":[{\"@type\":\"ListItem\",\"position\":1,\"name\":\"Accueil\",\"item\":\"https:\\\/\\\/repliquemangacine.fr\\\/\"},{\"@type\":\"ListItem\",\"position\":2,\"name\":\"Produits\",\"item\":\"https:\\\/\\\/repliquemangacine.fr\\\/boutique\\\/\"},{\"@type\":\"ListItem\",\"position\":3,\"name\":\"Bague Aragorn Anneau Barahir\"}]},{\"@type\":\"WebSite\",\"@id\":\"https:\\\/\\\/repliquemangacine.fr\\\/#website\",\"url\":\"https:\\\/\\\/repliquemangacine.fr\\\/\",\"name\":\"R\u00e9plique Manga Cin\u00e9\",\"description\":\"\",\"publisher\":{\"@id\":\"https:\\\/\\\/repliquemangacine.fr\\\/#organization\"},\"potentialAction\":[{\"@type\":\"SearchAction\",\"target\":{\"@type\":\"EntryPoint\",\"urlTemplate\":\"https:\\\/\\\/repliquemangacine.fr\\\/?s={search_term_string}\"},\"query-input\":{\"@type\":\"PropertyValueSpecification\",\"valueRequired\":true,\"valueName\":\"search_term_string\"}}],\"inLanguage\":\"en-US\"},{\"@type\":\"Organization\",\"@id\":\"https:\\\/\\\/repliquemangacine.fr\\\/#organization\",\"name\":\"R\u00e9plique Manga Cin\u00e9\",\"url\":\"https:\\\/\\\/repliquemangacine.fr\\\/\",\"logo\":{\"@type\":\"ImageObject\",\"inLanguage\":\"en-US\",\"@id\":\"https:\\\/\\\/repliquemangacine.fr\\\/#\\\/schema\\\/logo\\\/image\\\/\",\"url\":\"https:\\\/\\\/repliquemangacine.fr\\\/wp-content\\\/uploads\\\/2023\\\/10\\\/RMC-500250.png\",\"contentUrl\":\"https:\\\/\\\/repliquemangacine.fr\\\/wp-content\\\/uploads\\\/2023\\\/10\\\/RMC-500250.png\",\"width\":500,\"height\":250,\"caption\":\"R\u00e9plique Manga Cin\u00e9\"},\"image\":{\"@id\":\"https:\\\/\\\/repliquemangacine.fr\\\/#\\\/schema\\\/logo\\\/image\\\/\"},\"sameAs\":[\"https:\\\/\\\/www.facebook.com\\\/RepliqueMangaCine\",\"https:\\\/\\\/www.instagram.com\\\/repliquemangacine.fr\\\/\"]}]}<\/script>\n<!-- \/ Yoast SEO plugin. -->","yoast_head_json":{"title":"Aragorn Ring Barahir Ring - LOTR - R\u00e9plique Manga Cin\u00e9","description":"This reproduction of the Aragorn Anneau Barahir ring will amaze you! Zinc alloy with incredible fine detail for only 19.90\u20ac!","robots":{"index":"index","follow":"follow","max-snippet":"max-snippet:-1","max-image-preview":"max-image-preview:large","max-video-preview":"max-video-preview:-1"},"canonical":"https:\/\/repliquemangacine.fr\/en\/jewelry-rings\/aragorn-ring-barahir-ring\/","og_locale":"en_US","og_type":"article","og_title":"Bague Aragorn Anneau Barahir - LOTR - R\u00e9plique Manga Cin\u00e9","og_description":"Cette reproduction de la bague Aragorn Anneau Barahir va vous \u00e9tonner ! en alliage de zinc avec une finesse des d\u00e9tails incroyable pour 19.90\u20ac seulement !","og_url":"https:\/\/repliquemangacine.fr\/en\/jewelry-rings\/aragorn-ring-barahir-ring\/","og_site_name":"R\u00e9plique Manga Cin\u00e9","article_publisher":"https:\/\/www.facebook.com\/RepliqueMangaCine","article_modified_time":"2026-02-24T16:34:56+00:00","og_image":[{"width":500,"height":500,"url":"https:\/\/repliquemangacine.fr\/wp-content\/uploads\/2023\/10\/bague-aragorn-1.jpg","type":"image\/jpeg"}],"twitter_card":"summary_large_image","twitter_misc":{"Est. reading time":"2 minutes"},"schema":{"@context":"https:\/\/schema.org","@graph":[{"@type":"WebPage","@id":"https:\/\/repliquemangacine.fr\/bijoux-anneaux\/bague-aragorn-anneau-barahir\/","url":"https:\/\/repliquemangacine.fr\/bijoux-anneaux\/bague-aragorn-anneau-barahir\/","name":"Aragorn Ring Barahir Ring - LOTR - R\u00e9plique Manga Cin\u00e9","isPartOf":{"@id":"https:\/\/repliquemangacine.fr\/#website"},"primaryImageOfPage":{"@id":"https:\/\/repliquemangacine.fr\/bijoux-anneaux\/bague-aragorn-anneau-barahir\/#primaryimage"},"image":{"@id":"https:\/\/repliquemangacine.fr\/bijoux-anneaux\/bague-aragorn-anneau-barahir\/#primaryimage"},"thumbnailUrl":"https:\/\/repliquemangacine.fr\/wp-content\/uploads\/2023\/10\/bague-aragorn-1.jpg","datePublished":"2017-02-01T14:55:31+00:00","dateModified":"2026-02-24T16:34:56+00:00","description":"This reproduction of the Aragorn Anneau Barahir ring will amaze you! Zinc alloy with incredible fine detail for only 19.90\u20ac!","breadcrumb":{"@id":"https:\/\/repliquemangacine.fr\/bijoux-anneaux\/bague-aragorn-anneau-barahir\/#breadcrumb"},"inLanguage":"en-US","potentialAction":[{"@type":"ReadAction","target":["https:\/\/repliquemangacine.fr\/bijoux-anneaux\/bague-aragorn-anneau-barahir\/"]}]},{"@type":"ImageObject","inLanguage":"en-US","@id":"https:\/\/repliquemangacine.fr\/bijoux-anneaux\/bague-aragorn-anneau-barahir\/#primaryimage","url":"https:\/\/repliquemangacine.fr\/wp-content\/uploads\/2023\/10\/bague-aragorn-1.jpg","contentUrl":"https:\/\/repliquemangacine.fr\/wp-content\/uploads\/2023\/10\/bague-aragorn-1.jpg","width":500,"height":500,"caption":"Bague Aragorn Anneau Barahir"},{"@type":"BreadcrumbList","@id":"https:\/\/repliquemangacine.fr\/bijoux-anneaux\/bague-aragorn-anneau-barahir\/#breadcrumb","itemListElement":[{"@type":"ListItem","position":1,"name":"Accueil","item":"https:\/\/repliquemangacine.fr\/"},{"@type":"ListItem","position":2,"name":"Produits","item":"https:\/\/repliquemangacine.fr\/boutique\/"},{"@type":"ListItem","position":3,"name":"Bague Aragorn Anneau Barahir"}]},{"@type":"WebSite","@id":"https:\/\/repliquemangacine.fr\/#website","url":"https:\/\/repliquemangacine.fr\/","name":"R\u00e9plique Manga Cin\u00e9","description":"","publisher":{"@id":"https:\/\/repliquemangacine.fr\/#organization"},"potentialAction":[{"@type":"SearchAction","target":{"@type":"EntryPoint","urlTemplate":"https:\/\/repliquemangacine.fr\/?s={search_term_string}"},"query-input":{"@type":"PropertyValueSpecification","valueRequired":true,"valueName":"search_term_string"}}],"inLanguage":"en-US"},{"@type":"Organization","@id":"https:\/\/repliquemangacine.fr\/#organization","name":"R\u00e9plique Manga Cin\u00e9","url":"https:\/\/repliquemangacine.fr\/","logo":{"@type":"ImageObject","inLanguage":"en-US","@id":"https:\/\/repliquemangacine.fr\/#\/schema\/logo\/image\/","url":"https:\/\/repliquemangacine.fr\/wp-content\/uploads\/2023\/10\/RMC-500250.png","contentUrl":"https:\/\/repliquemangacine.fr\/wp-content\/uploads\/2023\/10\/RMC-500250.png","width":500,"height":250,"caption":"R\u00e9plique Manga Cin\u00e9"},"image":{"@id":"https:\/\/repliquemangacine.fr\/#\/schema\/logo\/image\/"},"sameAs":["https:\/\/www.facebook.com\/RepliqueMangaCine","https:\/\/www.instagram.com\/repliquemangacine.fr\/"]}]}},"_links":{"self":[{"href":"https:\/\/repliquemangacine.fr\/en\/wp-json\/wp\/v2\/product\/63595","targetHints":{"allow":["GET"]}}],"collection":[{"href":"https:\/\/repliquemangacine.fr\/en\/wp-json\/wp\/v2\/product"}],"about":[{"href":"https:\/\/repliquemangacine.fr\/en\/wp-json\/wp\/v2\/types\/product"}],"wp:featuredmedia":[{"embeddable":true,"href":"https:\/\/repliquemangacine.fr\/en\/wp-json\/wp\/v2\/media\/64034"}],"wp:attachment":[{"href":"https:\/\/repliquemangacine.fr\/en\/wp-json\/wp\/v2\/media?parent=63595"}],"wp:term":[{"taxonomy":"product_brand","embeddable":true,"href":"https:\/\/repliquemangacine.fr\/en\/wp-json\/wp\/v2\/product_brand?post=63595"},{"taxonomy":"product_cat","embeddable":true,"href":"https:\/\/repliquemangacine.fr\/en\/wp-json\/wp\/v2\/product_cat?post=63595"},{"taxonomy":"product_tag","embeddable":true,"href":"https:\/\/repliquemangacine.fr\/en\/wp-json\/wp\/v2\/product_tag?post=63595"}],"curies":[{"name":"wp","href":"https:\/\/api.w.org\/{rel}","templated":true}]}}