





{"id":62806,"date":"2023-09-26T16:03:29","date_gmt":"2023-09-26T14:03:29","guid":{"rendered":"https:\/\/repliquemangacine.fr\/?post_type=product&#038;p=62806"},"modified":"2025-12-21T16:33:18","modified_gmt":"2025-12-21T15:33:18","slug":"wall-bracket-18-cm","status":"publish","type":"product","link":"https:\/\/repliquemangacine.fr\/en\/accessoires-katana\/support-mural-18-cm\/","title":{"rendered":"Wall bracket 18 cm"},"content":{"rendered":"<h2>18 cm wall bracket for katana or sword<\/h2>\n<p>To begin with, the <strong>Wall bracket 18 cm<\/strong> two-seater, plays an essential role in the presentation of your katanas. In fact, these brackets are made to embellish your collection and your home. Easy to assemble, either by interlocking for free-standing brackets, or with two screws for wall-mounted brackets.<\/p>\n<p>There are several versions of supports for katanas, swords or sabres with different presentations, for example:<\/p>\n<ul>\n<li>Wall-mounted brackets: designed to be fixed to the wall for a hanging display, giving your weapons display an elegant, decorative touch. They can be made of wood or metal<\/li>\n<li>Free-standing brackets: designed for display on furniture, tables or desks. Generally made of wood, they fit together without nails or screws.<\/li>\n<li>Vertical supports: Generally made of wood, designed to display your katana vertically.<\/li>\n<\/ul>\n<h2>Your replica katanas and swords at the best price.<\/h2>\n<p>We offer a wide selection of inexpensive reproductions of swords and katanas.<\/p>\n<p>First and foremost,<\/p>\n<ul>\n<li>Visit <a href=\"https:\/\/repliquemangacine.fr\/en\/weapons-the-walking-dead\/michonnes-katana\/\">Michonne's katana<\/a> in the cult series The Walking Dead.<\/li>\n<li>As well as the<a href=\"https:\/\/repliquemangacine.fr\/en\/katana-one-piece\/shanks-le-roux-sword\/\">sword of Shanks the redhead<\/a> In One Piece, there are also all Zoro's swords.<\/li>\n<li>For your cosplay parades, the <a href=\"https:\/\/repliquemangacine.fr\/en\/katana-accessories\/belt-for-3-katanas\/\">belt of 3 katanas<\/a> will be ideal for your manga conventions.<\/li>\n<li>And much, much more to discover in our online store!<\/li>\n<\/ul>\n<p>That's why here are some great gift ideas for all Japanese art lovers.<\/p>\n<p>In conclusion, you can use your 15 cm Wall Mount to display all your collector's weapons. This two-place stand allows you to place either 2 swords or a katana with its blade exposed and its scabbard underneath.<\/p>\n<p>R\u00e9plique Manga Cin\u00e9 is a French family-owned company, official distributor of the Denix brand and <a href=\"https:\/\/kolser.com\/fr\/\" target=\"_blank\" rel=\"noopener noreferrer\">Kolser<\/a>.<\/p>","protected":false},"excerpt":{"rendered":"<p>Superb 18 cm wall bracket for katana or sword.<\/p>\n<ul>\n<li>All in black wood<\/li>\n<li>Red velvet protection for katana location<\/li>\n<li>With its two levels, you can fit two swords or the open katana with its blade exposed.<\/li>\n<li>Height: 18 cm<\/li>\n<\/ul>","protected":false},"featured_media":62807,"template":"","meta":[],"product_brand":[896],"product_cat":[50,26],"product_tag":[],"class_list":{"0":"post-62806","1":"product","2":"type-product","3":"status-publish","4":"has-post-thumbnail","6":"product_brand-replique-manga-cine","7":"product_cat-accessoires-katana","8":"product_cat-katana-epee","10":"first","11":"instock","12":"taxable","13":"shipping-taxable","14":"purchasable","15":"product-type-simple"},"yoast_head":"<!-- This site is optimized with the Yoast SEO plugin v27.4 - https:\/\/yoast.com\/product\/yoast-seo-wordpress\/ -->\n<title>Support mural 18 cm - Support katana 2 places - R\u00e9plique Manga Cin\u00e9<\/title>\n<meta name=\"description\" content=\"Id\u00e9al pour exposer vos katanas et \u00e9p\u00e9es avec ce Support katana mural 18 cm au meilleur prix. Tout en bois. Feutrine rouge. Accepte deux katanas ou \u00e9p\u00e9es\" \/>\n<meta name=\"robots\" content=\"index, follow, max-snippet:-1, max-image-preview:large, max-video-preview:-1\" \/>\n<link rel=\"canonical\" href=\"https:\/\/repliquemangacine.fr\/en\/katana-accessories\/wall-bracket-18-cm\/\" \/>\n<meta property=\"og:locale\" content=\"en_US\" \/>\n<meta property=\"og:type\" content=\"article\" \/>\n<meta property=\"og:title\" content=\"Support mural 18 cm - Support katana 2 places - R\u00e9plique Manga Cin\u00e9\" \/>\n<meta property=\"og:description\" content=\"Id\u00e9al pour exposer vos katanas et \u00e9p\u00e9es avec ce Support katana mural 18 cm au meilleur prix. Tout en bois. Feutrine rouge. Accepte deux katanas ou \u00e9p\u00e9es\" \/>\n<meta property=\"og:url\" content=\"https:\/\/repliquemangacine.fr\/en\/katana-accessories\/wall-bracket-18-cm\/\" \/>\n<meta property=\"og:site_name\" content=\"R\u00e9plique Manga Cin\u00e9\" \/>\n<meta property=\"article:publisher\" content=\"https:\/\/www.facebook.com\/RepliqueMangaCine\" \/>\n<meta property=\"article:modified_time\" content=\"2025-12-21T15:33:18+00:00\" \/>\n<meta property=\"og:image\" content=\"https:\/\/repliquemangacine.fr\/wp-content\/uploads\/2023\/10\/support-mural-18-cm.pour-deux-epees-jpg.jpg\" \/>\n\t<meta property=\"og:image:width\" content=\"500\" \/>\n\t<meta property=\"og:image:height\" content=\"500\" \/>\n\t<meta property=\"og:image:type\" content=\"image\/jpeg\" \/>\n<meta name=\"twitter:card\" content=\"summary_large_image\" \/>\n<meta name=\"twitter:label1\" content=\"Est. reading time\" \/>\n\t<meta name=\"twitter:data1\" content=\"2 minutes\" \/>\n<script type=\"application\/ld+json\" class=\"yoast-schema-graph\">{\"@context\":\"https:\\\/\\\/schema.org\",\"@graph\":[{\"@type\":\"WebPage\",\"@id\":\"https:\\\/\\\/repliquemangacine.fr\\\/accessoires-katana\\\/support-mural-18-cm\\\/\",\"url\":\"https:\\\/\\\/repliquemangacine.fr\\\/accessoires-katana\\\/support-mural-18-cm\\\/\",\"name\":\"Support mural 18 cm - Support katana 2 places - R\u00e9plique Manga Cin\u00e9\",\"isPartOf\":{\"@id\":\"https:\\\/\\\/repliquemangacine.fr\\\/#website\"},\"primaryImageOfPage\":{\"@id\":\"https:\\\/\\\/repliquemangacine.fr\\\/accessoires-katana\\\/support-mural-18-cm\\\/#primaryimage\"},\"image\":{\"@id\":\"https:\\\/\\\/repliquemangacine.fr\\\/accessoires-katana\\\/support-mural-18-cm\\\/#primaryimage\"},\"thumbnailUrl\":\"https:\\\/\\\/repliquemangacine.fr\\\/wp-content\\\/uploads\\\/2023\\\/10\\\/support-mural-18-cm.pour-deux-epees-jpg.jpg\",\"datePublished\":\"2023-09-26T14:03:29+00:00\",\"dateModified\":\"2025-12-21T15:33:18+00:00\",\"description\":\"Id\u00e9al pour exposer vos katanas et \u00e9p\u00e9es avec ce Support katana mural 18 cm au meilleur prix. Tout en bois. Feutrine rouge. Accepte deux katanas ou \u00e9p\u00e9es\",\"breadcrumb\":{\"@id\":\"https:\\\/\\\/repliquemangacine.fr\\\/accessoires-katana\\\/support-mural-18-cm\\\/#breadcrumb\"},\"inLanguage\":\"en-US\",\"potentialAction\":[{\"@type\":\"ReadAction\",\"target\":[\"https:\\\/\\\/repliquemangacine.fr\\\/accessoires-katana\\\/support-mural-18-cm\\\/\"]}]},{\"@type\":\"ImageObject\",\"inLanguage\":\"en-US\",\"@id\":\"https:\\\/\\\/repliquemangacine.fr\\\/accessoires-katana\\\/support-mural-18-cm\\\/#primaryimage\",\"url\":\"https:\\\/\\\/repliquemangacine.fr\\\/wp-content\\\/uploads\\\/2023\\\/10\\\/support-mural-18-cm.pour-deux-epees-jpg.jpg\",\"contentUrl\":\"https:\\\/\\\/repliquemangacine.fr\\\/wp-content\\\/uploads\\\/2023\\\/10\\\/support-mural-18-cm.pour-deux-epees-jpg.jpg\",\"width\":500,\"height\":500,\"caption\":\"support-mural-18-cm\"},{\"@type\":\"BreadcrumbList\",\"@id\":\"https:\\\/\\\/repliquemangacine.fr\\\/accessoires-katana\\\/support-mural-18-cm\\\/#breadcrumb\",\"itemListElement\":[{\"@type\":\"ListItem\",\"position\":1,\"name\":\"Accueil\",\"item\":\"https:\\\/\\\/repliquemangacine.fr\\\/\"},{\"@type\":\"ListItem\",\"position\":2,\"name\":\"Produits\",\"item\":\"https:\\\/\\\/repliquemangacine.fr\\\/boutique\\\/\"},{\"@type\":\"ListItem\",\"position\":3,\"name\":\"Support mural 18 cm\"}]},{\"@type\":\"WebSite\",\"@id\":\"https:\\\/\\\/repliquemangacine.fr\\\/#website\",\"url\":\"https:\\\/\\\/repliquemangacine.fr\\\/\",\"name\":\"R\u00e9plique Manga Cin\u00e9\",\"description\":\"\",\"publisher\":{\"@id\":\"https:\\\/\\\/repliquemangacine.fr\\\/#organization\"},\"potentialAction\":[{\"@type\":\"SearchAction\",\"target\":{\"@type\":\"EntryPoint\",\"urlTemplate\":\"https:\\\/\\\/repliquemangacine.fr\\\/?s={search_term_string}\"},\"query-input\":{\"@type\":\"PropertyValueSpecification\",\"valueRequired\":true,\"valueName\":\"search_term_string\"}}],\"inLanguage\":\"en-US\"},{\"@type\":\"Organization\",\"@id\":\"https:\\\/\\\/repliquemangacine.fr\\\/#organization\",\"name\":\"R\u00e9plique Manga Cin\u00e9\",\"url\":\"https:\\\/\\\/repliquemangacine.fr\\\/\",\"logo\":{\"@type\":\"ImageObject\",\"inLanguage\":\"en-US\",\"@id\":\"https:\\\/\\\/repliquemangacine.fr\\\/#\\\/schema\\\/logo\\\/image\\\/\",\"url\":\"https:\\\/\\\/repliquemangacine.fr\\\/wp-content\\\/uploads\\\/2023\\\/10\\\/RMC-500250.png\",\"contentUrl\":\"https:\\\/\\\/repliquemangacine.fr\\\/wp-content\\\/uploads\\\/2023\\\/10\\\/RMC-500250.png\",\"width\":500,\"height\":250,\"caption\":\"R\u00e9plique Manga Cin\u00e9\"},\"image\":{\"@id\":\"https:\\\/\\\/repliquemangacine.fr\\\/#\\\/schema\\\/logo\\\/image\\\/\"},\"sameAs\":[\"https:\\\/\\\/www.facebook.com\\\/RepliqueMangaCine\",\"https:\\\/\\\/www.instagram.com\\\/repliquemangacine.fr\\\/\"]}]}<\/script>\n<!-- \/ Yoast SEO plugin. -->","yoast_head_json":{"title":"18 cm wall bracket - 2-seater katana stand - R\u00e9plique Manga Cin\u00e9","description":"Ideal for displaying your katanas and swords with this 18 cm wall-mounted katana stand at the best price. All wood. Red felt. Holds two katanas or swords.","robots":{"index":"index","follow":"follow","max-snippet":"max-snippet:-1","max-image-preview":"max-image-preview:large","max-video-preview":"max-video-preview:-1"},"canonical":"https:\/\/repliquemangacine.fr\/en\/katana-accessories\/wall-bracket-18-cm\/","og_locale":"en_US","og_type":"article","og_title":"Support mural 18 cm - Support katana 2 places - R\u00e9plique Manga Cin\u00e9","og_description":"Id\u00e9al pour exposer vos katanas et \u00e9p\u00e9es avec ce Support katana mural 18 cm au meilleur prix. Tout en bois. Feutrine rouge. Accepte deux katanas ou \u00e9p\u00e9es","og_url":"https:\/\/repliquemangacine.fr\/en\/katana-accessories\/wall-bracket-18-cm\/","og_site_name":"R\u00e9plique Manga Cin\u00e9","article_publisher":"https:\/\/www.facebook.com\/RepliqueMangaCine","article_modified_time":"2025-12-21T15:33:18+00:00","og_image":[{"width":500,"height":500,"url":"https:\/\/repliquemangacine.fr\/wp-content\/uploads\/2023\/10\/support-mural-18-cm.pour-deux-epees-jpg.jpg","type":"image\/jpeg"}],"twitter_card":"summary_large_image","twitter_misc":{"Est. reading time":"2 minutes"},"schema":{"@context":"https:\/\/schema.org","@graph":[{"@type":"WebPage","@id":"https:\/\/repliquemangacine.fr\/accessoires-katana\/support-mural-18-cm\/","url":"https:\/\/repliquemangacine.fr\/accessoires-katana\/support-mural-18-cm\/","name":"18 cm wall bracket - 2-seater katana stand - R\u00e9plique Manga Cin\u00e9","isPartOf":{"@id":"https:\/\/repliquemangacine.fr\/#website"},"primaryImageOfPage":{"@id":"https:\/\/repliquemangacine.fr\/accessoires-katana\/support-mural-18-cm\/#primaryimage"},"image":{"@id":"https:\/\/repliquemangacine.fr\/accessoires-katana\/support-mural-18-cm\/#primaryimage"},"thumbnailUrl":"https:\/\/repliquemangacine.fr\/wp-content\/uploads\/2023\/10\/support-mural-18-cm.pour-deux-epees-jpg.jpg","datePublished":"2023-09-26T14:03:29+00:00","dateModified":"2025-12-21T15:33:18+00:00","description":"Ideal for displaying your katanas and swords with this 18 cm wall-mounted katana stand at the best price. All wood. Red felt. Holds two katanas or swords.","breadcrumb":{"@id":"https:\/\/repliquemangacine.fr\/accessoires-katana\/support-mural-18-cm\/#breadcrumb"},"inLanguage":"en-US","potentialAction":[{"@type":"ReadAction","target":["https:\/\/repliquemangacine.fr\/accessoires-katana\/support-mural-18-cm\/"]}]},{"@type":"ImageObject","inLanguage":"en-US","@id":"https:\/\/repliquemangacine.fr\/accessoires-katana\/support-mural-18-cm\/#primaryimage","url":"https:\/\/repliquemangacine.fr\/wp-content\/uploads\/2023\/10\/support-mural-18-cm.pour-deux-epees-jpg.jpg","contentUrl":"https:\/\/repliquemangacine.fr\/wp-content\/uploads\/2023\/10\/support-mural-18-cm.pour-deux-epees-jpg.jpg","width":500,"height":500,"caption":"support-mural-18-cm"},{"@type":"BreadcrumbList","@id":"https:\/\/repliquemangacine.fr\/accessoires-katana\/support-mural-18-cm\/#breadcrumb","itemListElement":[{"@type":"ListItem","position":1,"name":"Accueil","item":"https:\/\/repliquemangacine.fr\/"},{"@type":"ListItem","position":2,"name":"Produits","item":"https:\/\/repliquemangacine.fr\/boutique\/"},{"@type":"ListItem","position":3,"name":"Support mural 18 cm"}]},{"@type":"WebSite","@id":"https:\/\/repliquemangacine.fr\/#website","url":"https:\/\/repliquemangacine.fr\/","name":"R\u00e9plique Manga Cin\u00e9","description":"","publisher":{"@id":"https:\/\/repliquemangacine.fr\/#organization"},"potentialAction":[{"@type":"SearchAction","target":{"@type":"EntryPoint","urlTemplate":"https:\/\/repliquemangacine.fr\/?s={search_term_string}"},"query-input":{"@type":"PropertyValueSpecification","valueRequired":true,"valueName":"search_term_string"}}],"inLanguage":"en-US"},{"@type":"Organization","@id":"https:\/\/repliquemangacine.fr\/#organization","name":"R\u00e9plique Manga Cin\u00e9","url":"https:\/\/repliquemangacine.fr\/","logo":{"@type":"ImageObject","inLanguage":"en-US","@id":"https:\/\/repliquemangacine.fr\/#\/schema\/logo\/image\/","url":"https:\/\/repliquemangacine.fr\/wp-content\/uploads\/2023\/10\/RMC-500250.png","contentUrl":"https:\/\/repliquemangacine.fr\/wp-content\/uploads\/2023\/10\/RMC-500250.png","width":500,"height":250,"caption":"R\u00e9plique Manga Cin\u00e9"},"image":{"@id":"https:\/\/repliquemangacine.fr\/#\/schema\/logo\/image\/"},"sameAs":["https:\/\/www.facebook.com\/RepliqueMangaCine","https:\/\/www.instagram.com\/repliquemangacine.fr\/"]}]}},"_links":{"self":[{"href":"https:\/\/repliquemangacine.fr\/en\/wp-json\/wp\/v2\/product\/62806","targetHints":{"allow":["GET"]}}],"collection":[{"href":"https:\/\/repliquemangacine.fr\/en\/wp-json\/wp\/v2\/product"}],"about":[{"href":"https:\/\/repliquemangacine.fr\/en\/wp-json\/wp\/v2\/types\/product"}],"wp:featuredmedia":[{"embeddable":true,"href":"https:\/\/repliquemangacine.fr\/en\/wp-json\/wp\/v2\/media\/62807"}],"wp:attachment":[{"href":"https:\/\/repliquemangacine.fr\/en\/wp-json\/wp\/v2\/media?parent=62806"}],"wp:term":[{"taxonomy":"product_brand","embeddable":true,"href":"https:\/\/repliquemangacine.fr\/en\/wp-json\/wp\/v2\/product_brand?post=62806"},{"taxonomy":"product_cat","embeddable":true,"href":"https:\/\/repliquemangacine.fr\/en\/wp-json\/wp\/v2\/product_cat?post=62806"},{"taxonomy":"product_tag","embeddable":true,"href":"https:\/\/repliquemangacine.fr\/en\/wp-json\/wp\/v2\/product_tag?post=62806"}],"curies":[{"name":"wp","href":"https:\/\/api.w.org\/{rel}","templated":true}]}}