





{"id":62800,"date":"2023-09-26T15:33:56","date_gmt":"2023-09-26T13:33:56","guid":{"rendered":"https:\/\/repliquemangacine.fr\/?post_type=product&#038;p=62800"},"modified":"2026-01-14T13:37:12","modified_gmt":"2026-01-14T12:37:12","slug":"katana-o-ren-ishii-kill-bill","status":"publish","type":"product","link":"https:\/\/repliquemangacine.fr\/en\/katana-kill-bill\/katana-o-ren-ishii-kill-bill\/","title":{"rendered":"Katana O-Ren Ishii - Kill Bill"},"content":{"rendered":"<h2>O-Ren Ishii's Katana in the film Kill Bill.<\/h2>\n<p>To begin with, the <strong>Katana by O-Ren Ishii<\/strong> a curved shirasaya that can be wielded with one or two hands. When confronting the bride, she fights holding the sword to her right and the scabbard to her left.<\/p>\n<p><a href=\"https:\/\/killbill.fandom.com\/wiki\/O-Ren_Ishii\" target=\"_blank\" rel=\"noopener noreferrer\">O-Ren Ishii<\/a> is a member of the Deadly Viper Assassination Squad. She is a highly skilled swordswoman, having honed her skills over many years of practice.<\/p>\n<p>O-Ren is first on the Bride's kill list, being the easiest to find due to her infamy and high standing in the underworld. The Bride begins her battle with O-Ren by killing and maiming her numerous underlings.<\/p>\n<p>A fierce battle ensues between the two women. Beatrix, in a final effort, scalps O-Ren, who utters a few words before dying: \u201cIt really was a Hanz\u014d sword.\u201d<\/p>\n<h2>Your O Ren Ishii katana at the best price.<\/h2>\n<p>We offer a wide selection of replicas from the Kill Bill trilogy.<\/p>\n<p>First and foremost,<\/p>\n<ul>\n<li>Visit <a href=\"https:\/\/repliquemangacine.fr\/en\/katana-kill-bill\/katana-de-la-mariee-kill-bill-beatrix\/\">Bride's katana<\/a> in a non-edged version, but also available in forged and edged versions.<\/li>\n<li>There is also the<a href=\"https:\/\/repliquemangacine.fr\/en\/katana-kill-bill\/katana-forge-bill-fudoshin\/\"> bill's katana<\/a> in a cutting-edge version.<\/li>\n<li>As well as the <a href=\"https:\/\/repliquemangacine.fr\/en\/katana-kill-bill\/bud-katana\/\">Bud's katana<\/a> Bill's brother with his blade engraved with Bill's message.<\/li>\n<li>And many more to discover in our online store.<\/li>\n<\/ul>\n<p>That's why this is a great gift idea for all fans of the Kill Bill trilogy.<\/p>\n<p>You can use the <strong>Katana by O-Ren Ishii<\/strong> for your cosplay parades or theme parties. But above all, this Shirasaya is a collector's item and decorative piece.<\/p>\n<p>R\u00e9plique Manga Cin\u00e9 is a French family business.<\/p>\n<h2>How to maintain the blade of your Kill Bill katana?<\/h2>\n<p>Collector's and decorative katanas are made and assembled in a simplified way. As their use is decorative, they lack the safety features required of a Japanese saber intended for training.<\/p>\n<p>However, your <strong>Katana by O-Ren Ishii<\/strong> to a steel blade that needs to be cared for to avoid damage over time. In fact, when you display your katana, your friends will be curious to see and touch the blade. This is where you need to be careful, as the acidity of your fingers is very harmful to steel, whatever its quality.<\/p>\n<p>However, if this happens, don't panic. All you need to do is dampen a cloth with a little oil and wipe away the fingerprints. By doing this, you will keep your sword in good condition for a very long time.<\/p>","protected":false},"excerpt":{"rendered":"<p>Superb replica of O Ren Ishii's katana in Kill Bill<\/p>\n<ul>\n<li>Steel blade<\/li>\n<li>Wooden scabbard with lettering<\/li>\n<li>Wooden handle with ideogram<\/li>\n<li>Blade length: 67.5 cm - Total length: 100 cm<\/li>\n<\/ul>","protected":false},"featured_media":62801,"template":"","meta":[],"product_brand":[896],"product_cat":[66,24,71],"product_tag":[],"class_list":{"0":"post-62800","1":"product","2":"type-product","3":"status-publish","4":"has-post-thumbnail","6":"product_brand-replique-manga-cine","7":"product_cat-repliques-d-armes-films-et-series","8":"product_cat-films-series-tv-vente-de-katana-epee-et-produits-derives","9":"product_cat-katana-kill-bill","11":"first","12":"instock","13":"taxable","14":"shipping-taxable","15":"purchasable","16":"product-type-simple"},"yoast_head":"<!-- This site is optimized with the Yoast SEO plugin v27.5 - https:\/\/yoast.com\/product\/yoast-seo-wordpress\/ -->\n<title>Katana O-Ren Ishii - Kill Bill - R\u00e9plique Manga Cin\u00e9<\/title>\n<meta name=\"description\" content=\"D\u00e9couvrez ce superbe Katana de O-Ren Ishii dans Kill Bill au meilleur prix. Lame en acier. Fourreau en bois noir avec inscription. Longueur totale : 100 cm\" \/>\n<meta name=\"robots\" content=\"index, follow, max-snippet:-1, max-image-preview:large, max-video-preview:-1\" \/>\n<link rel=\"canonical\" href=\"https:\/\/repliquemangacine.fr\/en\/katana-kill-bill\/katana-o-ren-ishii-kill-bill\/\" \/>\n<meta property=\"og:locale\" content=\"en_US\" \/>\n<meta property=\"og:type\" content=\"article\" \/>\n<meta property=\"og:title\" content=\"Katana O-Ren Ishii - Kill Bill - R\u00e9plique Manga Cin\u00e9\" \/>\n<meta property=\"og:description\" content=\"D\u00e9couvrez ce superbe Katana de O-Ren Ishii dans Kill Bill au meilleur prix. Lame en acier. Fourreau en bois noir avec inscription. Longueur totale : 100 cm\" \/>\n<meta property=\"og:url\" content=\"https:\/\/repliquemangacine.fr\/en\/katana-kill-bill\/katana-o-ren-ishii-kill-bill\/\" \/>\n<meta property=\"og:site_name\" content=\"R\u00e9plique Manga Cin\u00e9\" \/>\n<meta property=\"article:publisher\" content=\"https:\/\/www.facebook.com\/RepliqueMangaCine\" \/>\n<meta property=\"article:modified_time\" content=\"2026-01-14T12:37:12+00:00\" \/>\n<meta property=\"og:image\" content=\"https:\/\/repliquemangacine.fr\/wp-content\/uploads\/2023\/10\/katana-O-ren-Ishii.jpg\" \/>\n\t<meta property=\"og:image:width\" content=\"500\" \/>\n\t<meta property=\"og:image:height\" content=\"500\" \/>\n\t<meta property=\"og:image:type\" content=\"image\/jpeg\" \/>\n<meta name=\"twitter:card\" content=\"summary_large_image\" \/>\n<meta name=\"twitter:label1\" content=\"Est. reading time\" \/>\n\t<meta name=\"twitter:data1\" content=\"3 minutes\" \/>\n<script type=\"application\/ld+json\" class=\"yoast-schema-graph\">{\"@context\":\"https:\\\/\\\/schema.org\",\"@graph\":[{\"@type\":\"WebPage\",\"@id\":\"https:\\\/\\\/repliquemangacine.fr\\\/katana-kill-bill\\\/katana-o-ren-ishii-kill-bill\\\/\",\"url\":\"https:\\\/\\\/repliquemangacine.fr\\\/katana-kill-bill\\\/katana-o-ren-ishii-kill-bill\\\/\",\"name\":\"Katana O-Ren Ishii - Kill Bill - R\u00e9plique Manga Cin\u00e9\",\"isPartOf\":{\"@id\":\"https:\\\/\\\/repliquemangacine.fr\\\/#website\"},\"primaryImageOfPage\":{\"@id\":\"https:\\\/\\\/repliquemangacine.fr\\\/katana-kill-bill\\\/katana-o-ren-ishii-kill-bill\\\/#primaryimage\"},\"image\":{\"@id\":\"https:\\\/\\\/repliquemangacine.fr\\\/katana-kill-bill\\\/katana-o-ren-ishii-kill-bill\\\/#primaryimage\"},\"thumbnailUrl\":\"https:\\\/\\\/repliquemangacine.fr\\\/wp-content\\\/uploads\\\/2023\\\/10\\\/katana-O-ren-Ishii.jpg\",\"datePublished\":\"2023-09-26T13:33:56+00:00\",\"dateModified\":\"2026-01-14T12:37:12+00:00\",\"description\":\"D\u00e9couvrez ce superbe Katana de O-Ren Ishii dans Kill Bill au meilleur prix. Lame en acier. Fourreau en bois noir avec inscription. Longueur totale : 100 cm\",\"breadcrumb\":{\"@id\":\"https:\\\/\\\/repliquemangacine.fr\\\/katana-kill-bill\\\/katana-o-ren-ishii-kill-bill\\\/#breadcrumb\"},\"inLanguage\":\"en-US\",\"potentialAction\":[{\"@type\":\"ReadAction\",\"target\":[\"https:\\\/\\\/repliquemangacine.fr\\\/katana-kill-bill\\\/katana-o-ren-ishii-kill-bill\\\/\"]}]},{\"@type\":\"ImageObject\",\"inLanguage\":\"en-US\",\"@id\":\"https:\\\/\\\/repliquemangacine.fr\\\/katana-kill-bill\\\/katana-o-ren-ishii-kill-bill\\\/#primaryimage\",\"url\":\"https:\\\/\\\/repliquemangacine.fr\\\/wp-content\\\/uploads\\\/2023\\\/10\\\/katana-O-ren-Ishii.jpg\",\"contentUrl\":\"https:\\\/\\\/repliquemangacine.fr\\\/wp-content\\\/uploads\\\/2023\\\/10\\\/katana-O-ren-Ishii.jpg\",\"width\":500,\"height\":500,\"caption\":\"katana-O-ren-Ishii\"},{\"@type\":\"BreadcrumbList\",\"@id\":\"https:\\\/\\\/repliquemangacine.fr\\\/katana-kill-bill\\\/katana-o-ren-ishii-kill-bill\\\/#breadcrumb\",\"itemListElement\":[{\"@type\":\"ListItem\",\"position\":1,\"name\":\"Accueil\",\"item\":\"https:\\\/\\\/repliquemangacine.fr\\\/\"},{\"@type\":\"ListItem\",\"position\":2,\"name\":\"Produits\",\"item\":\"https:\\\/\\\/repliquemangacine.fr\\\/boutique\\\/\"},{\"@type\":\"ListItem\",\"position\":3,\"name\":\"Katana O-Ren Ishii &#8211; Kill Bill\"}]},{\"@type\":\"WebSite\",\"@id\":\"https:\\\/\\\/repliquemangacine.fr\\\/#website\",\"url\":\"https:\\\/\\\/repliquemangacine.fr\\\/\",\"name\":\"R\u00e9plique Manga Cin\u00e9\",\"description\":\"\",\"publisher\":{\"@id\":\"https:\\\/\\\/repliquemangacine.fr\\\/#organization\"},\"potentialAction\":[{\"@type\":\"SearchAction\",\"target\":{\"@type\":\"EntryPoint\",\"urlTemplate\":\"https:\\\/\\\/repliquemangacine.fr\\\/?s={search_term_string}\"},\"query-input\":{\"@type\":\"PropertyValueSpecification\",\"valueRequired\":true,\"valueName\":\"search_term_string\"}}],\"inLanguage\":\"en-US\"},{\"@type\":\"Organization\",\"@id\":\"https:\\\/\\\/repliquemangacine.fr\\\/#organization\",\"name\":\"R\u00e9plique Manga Cin\u00e9\",\"url\":\"https:\\\/\\\/repliquemangacine.fr\\\/\",\"logo\":{\"@type\":\"ImageObject\",\"inLanguage\":\"en-US\",\"@id\":\"https:\\\/\\\/repliquemangacine.fr\\\/#\\\/schema\\\/logo\\\/image\\\/\",\"url\":\"https:\\\/\\\/repliquemangacine.fr\\\/wp-content\\\/uploads\\\/2023\\\/10\\\/RMC-500250.png\",\"contentUrl\":\"https:\\\/\\\/repliquemangacine.fr\\\/wp-content\\\/uploads\\\/2023\\\/10\\\/RMC-500250.png\",\"width\":500,\"height\":250,\"caption\":\"R\u00e9plique Manga Cin\u00e9\"},\"image\":{\"@id\":\"https:\\\/\\\/repliquemangacine.fr\\\/#\\\/schema\\\/logo\\\/image\\\/\"},\"sameAs\":[\"https:\\\/\\\/www.facebook.com\\\/RepliqueMangaCine\",\"https:\\\/\\\/www.instagram.com\\\/repliquemangacine.fr\\\/\"]}]}<\/script>\n<!-- \/ Yoast SEO plugin. -->","yoast_head_json":{"title":"Katana O-Ren Ishii - Kill Bill - R\u00e9plique Manga Cin\u00e9","description":"Discover this superb Katana by O-Ren Ishii in Kill Bill at the best price. Steel blade. Black wooden scabbard with inscription. Total length: 100 cm","robots":{"index":"index","follow":"follow","max-snippet":"max-snippet:-1","max-image-preview":"max-image-preview:large","max-video-preview":"max-video-preview:-1"},"canonical":"https:\/\/repliquemangacine.fr\/en\/katana-kill-bill\/katana-o-ren-ishii-kill-bill\/","og_locale":"en_US","og_type":"article","og_title":"Katana O-Ren Ishii - Kill Bill - R\u00e9plique Manga Cin\u00e9","og_description":"D\u00e9couvrez ce superbe Katana de O-Ren Ishii dans Kill Bill au meilleur prix. Lame en acier. Fourreau en bois noir avec inscription. Longueur totale : 100 cm","og_url":"https:\/\/repliquemangacine.fr\/en\/katana-kill-bill\/katana-o-ren-ishii-kill-bill\/","og_site_name":"R\u00e9plique Manga Cin\u00e9","article_publisher":"https:\/\/www.facebook.com\/RepliqueMangaCine","article_modified_time":"2026-01-14T12:37:12+00:00","og_image":[{"width":500,"height":500,"url":"https:\/\/repliquemangacine.fr\/wp-content\/uploads\/2023\/10\/katana-O-ren-Ishii.jpg","type":"image\/jpeg"}],"twitter_card":"summary_large_image","twitter_misc":{"Est. reading time":"3 minutes"},"schema":{"@context":"https:\/\/schema.org","@graph":[{"@type":"WebPage","@id":"https:\/\/repliquemangacine.fr\/katana-kill-bill\/katana-o-ren-ishii-kill-bill\/","url":"https:\/\/repliquemangacine.fr\/katana-kill-bill\/katana-o-ren-ishii-kill-bill\/","name":"Katana O-Ren Ishii - Kill Bill - R\u00e9plique Manga Cin\u00e9","isPartOf":{"@id":"https:\/\/repliquemangacine.fr\/#website"},"primaryImageOfPage":{"@id":"https:\/\/repliquemangacine.fr\/katana-kill-bill\/katana-o-ren-ishii-kill-bill\/#primaryimage"},"image":{"@id":"https:\/\/repliquemangacine.fr\/katana-kill-bill\/katana-o-ren-ishii-kill-bill\/#primaryimage"},"thumbnailUrl":"https:\/\/repliquemangacine.fr\/wp-content\/uploads\/2023\/10\/katana-O-ren-Ishii.jpg","datePublished":"2023-09-26T13:33:56+00:00","dateModified":"2026-01-14T12:37:12+00:00","description":"Discover this superb Katana by O-Ren Ishii in Kill Bill at the best price. Steel blade. Black wooden scabbard with inscription. Total length: 100 cm","breadcrumb":{"@id":"https:\/\/repliquemangacine.fr\/katana-kill-bill\/katana-o-ren-ishii-kill-bill\/#breadcrumb"},"inLanguage":"en-US","potentialAction":[{"@type":"ReadAction","target":["https:\/\/repliquemangacine.fr\/katana-kill-bill\/katana-o-ren-ishii-kill-bill\/"]}]},{"@type":"ImageObject","inLanguage":"en-US","@id":"https:\/\/repliquemangacine.fr\/katana-kill-bill\/katana-o-ren-ishii-kill-bill\/#primaryimage","url":"https:\/\/repliquemangacine.fr\/wp-content\/uploads\/2023\/10\/katana-O-ren-Ishii.jpg","contentUrl":"https:\/\/repliquemangacine.fr\/wp-content\/uploads\/2023\/10\/katana-O-ren-Ishii.jpg","width":500,"height":500,"caption":"katana-O-ren-Ishii"},{"@type":"BreadcrumbList","@id":"https:\/\/repliquemangacine.fr\/katana-kill-bill\/katana-o-ren-ishii-kill-bill\/#breadcrumb","itemListElement":[{"@type":"ListItem","position":1,"name":"Accueil","item":"https:\/\/repliquemangacine.fr\/"},{"@type":"ListItem","position":2,"name":"Produits","item":"https:\/\/repliquemangacine.fr\/boutique\/"},{"@type":"ListItem","position":3,"name":"Katana O-Ren Ishii &#8211; Kill Bill"}]},{"@type":"WebSite","@id":"https:\/\/repliquemangacine.fr\/#website","url":"https:\/\/repliquemangacine.fr\/","name":"R\u00e9plique Manga Cin\u00e9","description":"","publisher":{"@id":"https:\/\/repliquemangacine.fr\/#organization"},"potentialAction":[{"@type":"SearchAction","target":{"@type":"EntryPoint","urlTemplate":"https:\/\/repliquemangacine.fr\/?s={search_term_string}"},"query-input":{"@type":"PropertyValueSpecification","valueRequired":true,"valueName":"search_term_string"}}],"inLanguage":"en-US"},{"@type":"Organization","@id":"https:\/\/repliquemangacine.fr\/#organization","name":"R\u00e9plique Manga Cin\u00e9","url":"https:\/\/repliquemangacine.fr\/","logo":{"@type":"ImageObject","inLanguage":"en-US","@id":"https:\/\/repliquemangacine.fr\/#\/schema\/logo\/image\/","url":"https:\/\/repliquemangacine.fr\/wp-content\/uploads\/2023\/10\/RMC-500250.png","contentUrl":"https:\/\/repliquemangacine.fr\/wp-content\/uploads\/2023\/10\/RMC-500250.png","width":500,"height":250,"caption":"R\u00e9plique Manga Cin\u00e9"},"image":{"@id":"https:\/\/repliquemangacine.fr\/#\/schema\/logo\/image\/"},"sameAs":["https:\/\/www.facebook.com\/RepliqueMangaCine","https:\/\/www.instagram.com\/repliquemangacine.fr\/"]}]}},"_links":{"self":[{"href":"https:\/\/repliquemangacine.fr\/en\/wp-json\/wp\/v2\/product\/62800","targetHints":{"allow":["GET"]}}],"collection":[{"href":"https:\/\/repliquemangacine.fr\/en\/wp-json\/wp\/v2\/product"}],"about":[{"href":"https:\/\/repliquemangacine.fr\/en\/wp-json\/wp\/v2\/types\/product"}],"wp:featuredmedia":[{"embeddable":true,"href":"https:\/\/repliquemangacine.fr\/en\/wp-json\/wp\/v2\/media\/62801"}],"wp:attachment":[{"href":"https:\/\/repliquemangacine.fr\/en\/wp-json\/wp\/v2\/media?parent=62800"}],"wp:term":[{"taxonomy":"product_brand","embeddable":true,"href":"https:\/\/repliquemangacine.fr\/en\/wp-json\/wp\/v2\/product_brand?post=62800"},{"taxonomy":"product_cat","embeddable":true,"href":"https:\/\/repliquemangacine.fr\/en\/wp-json\/wp\/v2\/product_cat?post=62800"},{"taxonomy":"product_tag","embeddable":true,"href":"https:\/\/repliquemangacine.fr\/en\/wp-json\/wp\/v2\/product_tag?post=62800"}],"curies":[{"name":"wp","href":"https:\/\/api.w.org\/{rel}","templated":true}]}}