





{"id":62751,"date":"2023-09-25T19:27:42","date_gmt":"2023-09-25T17:27:42","guid":{"rendered":"https:\/\/repliquemangacine.fr\/?post_type=product&#038;p=62751"},"modified":"2025-11-18T18:26:53","modified_gmt":"2025-11-18T17:26:53","slug":"fredom-sworn-sword-in-genshin-impact","status":"publish","type":"product","link":"https:\/\/repliquemangacine.fr\/en\/katana-et-epee-de-jeux-video-autre-jeux-video\/epee-fredom-sworn-dans-genshin-impact\/","title":{"rendered":"Fredom-Sworn in Genshin Impact"},"content":{"rendered":"<h2>Fredom-Sworn in Genshin Impact<\/h2>\n<p>To begin with, the <strong>Fredom-Sworn in Genshin Impact<\/strong>a five-star sword. Can be obtained from the Epitome summon whenever it is on the featured banner. Highly regarded as the best penny weapon for <a href=\"https:\/\/genshin-impact.fandom.com\/fr\/wiki\/Kaedehara_Kazuha\/Aptitudes\" target=\"_blank\" rel=\"noopener noreferrer\">Kaedehara Kazuha.<\/a> But it can also work with other characters who love elemental mastery, such as Jean and Albedo.<\/p>\n<p>In short, Freedom-Sworn is a must-have if you have Kaedehara Kazuha and lead a team that triggers fusion and vaporization reactions. It's a niche choice for other sword-wielding characters who can trigger reactions, such as the traveler Anemo, Jean, Albedo, Bennett and Xingqiu.<\/p>\n<h2>Your Fredom-Sworn in Genshin Impact at the best price<\/h2>\n<p>We offer a wide selection of replica swords from your favorite Genshim Impact video game.<\/p>\n<p>First and foremost,<\/p>\n<ul>\n<li>L'<a href=\"https:\/\/repliquemangacine.fr\/en\/katana-and-video-game-sword-other-video-games\/epee-de-diluc-genshin-impact-wolfs-graveston\/\">Diluc sword<\/a> in Genshin Impact all in resin and fiberglass.<\/li>\n<li>There is also the<a href=\"https:\/\/repliquemangacine.fr\/en\/katana-and-video-game-sword-other-video-games\/forged-fog-breaker-sword\/\">brown edge sword<\/a> reforged, one-handed Inazuman sword.<\/li>\n<li>And the sword <a href=\"https:\/\/repliquemangacine.fr\/en\/katana-and-video-game-sword-other-video-games\/skyward-blade-genshin-impact\/\">Skyward Blade<\/a>Genshin Impact's skyward-bladed sword<\/li>\n<li>And much more to discover in our online store!<\/li>\n<\/ul>\n<p>That's why here are some great gift ideas for all video game fans.<\/p>\n<p>In conclusion, you can use the sword <strong>Fredom-Sworn in Genshin Impact<\/strong> for your cosplay parades or theme parties. But above all, it's a collector's item and a decoration.<\/p>\n<h2>How to care for your sword blade<\/h2>\n<p>Collector's and decorative swords, made and assembled in a simplified manner. As their use is decorative, they lack the safety features required of a Japanese sword intended for training.<\/p>\n<p>However, your sword <strong>Fredom-Sworn in Genshin Impact<\/strong> to a steel blade that needs to be maintained to prevent damage over time. In fact, when you expose your sword, your friends will be curious to see the blade and touch it. This is where you need to be careful, as the acidity of your fingers is very harmful to steel, whatever its quality.<\/p>\n<p>However, if this does happen, don't panic - all you need is a cloth dampened with a little oil and a wipe of fingerprints. By doing so, you'll keep your sword looking its best for a very long time.<\/p>","protected":false},"excerpt":{"rendered":"<p>Superb replica of the Fredom-Sworn sword in Genshin Impact<\/p>\n<ul>\n<li>Blue stainless steel blade<\/li>\n<li>Finely detailed gold-plated metal guard with resin turquoise stone<\/li>\n<li>The top of the blade features a golden cross with stone.<\/li>\n<li>Specially shaped gilded steel knob<\/li>\n<li>Decorated black handle.<\/li>\n<li>Blade length: 75.6 cm - Total length: 115 cm<\/li>\n<\/ul>","protected":false},"featured_media":62752,"template":"","meta":[],"product_brand":[896],"product_cat":[119,23,67],"product_tag":[],"class_list":{"0":"post-62751","1":"product","2":"type-product","3":"status-publish","4":"has-post-thumbnail","6":"product_brand-replique-manga-cine","7":"product_cat-genshin-impact","8":"product_cat-repliques-manga-jeux-video","9":"product_cat-katana-et-epee-de-jeux-video-autre-jeux-video","11":"first","12":"instock","13":"taxable","14":"shipping-taxable","15":"purchasable","16":"product-type-simple"},"yoast_head":"<!-- This site is optimized with the Yoast SEO plugin v27.4 - https:\/\/yoast.com\/product\/yoast-seo-wordpress\/ -->\n<title>Fredom-Sworn dans Genshin Impact - R\u00e9plique Manga Cin\u00e9<\/title>\n<meta name=\"description\" content=\"D\u00e9couvrez cette superbe \u00e9p\u00e9e Fredom-Sworn dans Genshin Impact au meilleur prix. Lame en acier bleu. Garde acier dor\u00e9 . Longueur:115 cm. Livraison 24\/48h\" \/>\n<meta name=\"robots\" content=\"index, follow, max-snippet:-1, max-image-preview:large, max-video-preview:-1\" \/>\n<link rel=\"canonical\" href=\"https:\/\/repliquemangacine.fr\/en\/genshin-impact\/fredom-sworn-sword-in-genshin-impact\/\" \/>\n<meta property=\"og:locale\" content=\"en_US\" \/>\n<meta property=\"og:type\" content=\"article\" \/>\n<meta property=\"og:title\" content=\"Fredom-Sworn dans Genshin Impact - R\u00e9plique Manga Cin\u00e9\" \/>\n<meta property=\"og:description\" content=\"D\u00e9couvrez cette superbe \u00e9p\u00e9e Fredom-Sworn dans Genshin Impact au meilleur prix. Lame en acier bleu. Garde acier dor\u00e9 . Longueur:115 cm. Livraison 24\/48h\" \/>\n<meta property=\"og:url\" content=\"https:\/\/repliquemangacine.fr\/en\/genshin-impact\/fredom-sworn-sword-in-genshin-impact\/\" \/>\n<meta property=\"og:site_name\" content=\"R\u00e9plique Manga Cin\u00e9\" \/>\n<meta property=\"article:publisher\" content=\"https:\/\/www.facebook.com\/RepliqueMangaCine\" \/>\n<meta property=\"article:modified_time\" content=\"2025-11-18T17:26:53+00:00\" \/>\n<meta property=\"og:image\" content=\"https:\/\/repliquemangacine.fr\/wp-content\/uploads\/2023\/10\/Fredom-Sworn-dans-Genshin-Impact.jpg\" \/>\n\t<meta property=\"og:image:width\" content=\"500\" \/>\n\t<meta property=\"og:image:height\" content=\"500\" \/>\n\t<meta property=\"og:image:type\" content=\"image\/jpeg\" \/>\n<meta name=\"twitter:card\" content=\"summary_large_image\" \/>\n<meta name=\"twitter:label1\" content=\"Est. reading time\" \/>\n\t<meta name=\"twitter:data1\" content=\"3 minutes\" \/>\n<script type=\"application\/ld+json\" class=\"yoast-schema-graph\">{\"@context\":\"https:\\\/\\\/schema.org\",\"@graph\":[{\"@type\":\"WebPage\",\"@id\":\"https:\\\/\\\/repliquemangacine.fr\\\/genshin-impact\\\/epee-fredom-sworn-dans-genshin-impact\\\/\",\"url\":\"https:\\\/\\\/repliquemangacine.fr\\\/genshin-impact\\\/epee-fredom-sworn-dans-genshin-impact\\\/\",\"name\":\"Fredom-Sworn dans Genshin Impact - R\u00e9plique Manga Cin\u00e9\",\"isPartOf\":{\"@id\":\"https:\\\/\\\/repliquemangacine.fr\\\/#website\"},\"primaryImageOfPage\":{\"@id\":\"https:\\\/\\\/repliquemangacine.fr\\\/genshin-impact\\\/epee-fredom-sworn-dans-genshin-impact\\\/#primaryimage\"},\"image\":{\"@id\":\"https:\\\/\\\/repliquemangacine.fr\\\/genshin-impact\\\/epee-fredom-sworn-dans-genshin-impact\\\/#primaryimage\"},\"thumbnailUrl\":\"https:\\\/\\\/repliquemangacine.fr\\\/wp-content\\\/uploads\\\/2023\\\/10\\\/Fredom-Sworn-dans-Genshin-Impact.jpg\",\"datePublished\":\"2023-09-25T17:27:42+00:00\",\"dateModified\":\"2025-11-18T17:26:53+00:00\",\"description\":\"D\u00e9couvrez cette superbe \u00e9p\u00e9e Fredom-Sworn dans Genshin Impact au meilleur prix. Lame en acier bleu. Garde acier dor\u00e9 . Longueur:115 cm. Livraison 24\\\/48h\",\"breadcrumb\":{\"@id\":\"https:\\\/\\\/repliquemangacine.fr\\\/genshin-impact\\\/epee-fredom-sworn-dans-genshin-impact\\\/#breadcrumb\"},\"inLanguage\":\"en-US\",\"potentialAction\":[{\"@type\":\"ReadAction\",\"target\":[\"https:\\\/\\\/repliquemangacine.fr\\\/genshin-impact\\\/epee-fredom-sworn-dans-genshin-impact\\\/\"]}]},{\"@type\":\"ImageObject\",\"inLanguage\":\"en-US\",\"@id\":\"https:\\\/\\\/repliquemangacine.fr\\\/genshin-impact\\\/epee-fredom-sworn-dans-genshin-impact\\\/#primaryimage\",\"url\":\"https:\\\/\\\/repliquemangacine.fr\\\/wp-content\\\/uploads\\\/2023\\\/10\\\/Fredom-Sworn-dans-Genshin-Impact.jpg\",\"contentUrl\":\"https:\\\/\\\/repliquemangacine.fr\\\/wp-content\\\/uploads\\\/2023\\\/10\\\/Fredom-Sworn-dans-Genshin-Impact.jpg\",\"width\":500,\"height\":500,\"caption\":\"Fredom-Sworn dans Genshin Impact\"},{\"@type\":\"BreadcrumbList\",\"@id\":\"https:\\\/\\\/repliquemangacine.fr\\\/genshin-impact\\\/epee-fredom-sworn-dans-genshin-impact\\\/#breadcrumb\",\"itemListElement\":[{\"@type\":\"ListItem\",\"position\":1,\"name\":\"Accueil\",\"item\":\"https:\\\/\\\/repliquemangacine.fr\\\/\"},{\"@type\":\"ListItem\",\"position\":2,\"name\":\"Produits\",\"item\":\"https:\\\/\\\/repliquemangacine.fr\\\/boutique\\\/\"},{\"@type\":\"ListItem\",\"position\":3,\"name\":\"Fredom-Sworn dans Genshin Impact\"}]},{\"@type\":\"WebSite\",\"@id\":\"https:\\\/\\\/repliquemangacine.fr\\\/#website\",\"url\":\"https:\\\/\\\/repliquemangacine.fr\\\/\",\"name\":\"R\u00e9plique Manga Cin\u00e9\",\"description\":\"\",\"publisher\":{\"@id\":\"https:\\\/\\\/repliquemangacine.fr\\\/#organization\"},\"potentialAction\":[{\"@type\":\"SearchAction\",\"target\":{\"@type\":\"EntryPoint\",\"urlTemplate\":\"https:\\\/\\\/repliquemangacine.fr\\\/?s={search_term_string}\"},\"query-input\":{\"@type\":\"PropertyValueSpecification\",\"valueRequired\":true,\"valueName\":\"search_term_string\"}}],\"inLanguage\":\"en-US\"},{\"@type\":\"Organization\",\"@id\":\"https:\\\/\\\/repliquemangacine.fr\\\/#organization\",\"name\":\"R\u00e9plique Manga Cin\u00e9\",\"url\":\"https:\\\/\\\/repliquemangacine.fr\\\/\",\"logo\":{\"@type\":\"ImageObject\",\"inLanguage\":\"en-US\",\"@id\":\"https:\\\/\\\/repliquemangacine.fr\\\/#\\\/schema\\\/logo\\\/image\\\/\",\"url\":\"https:\\\/\\\/repliquemangacine.fr\\\/wp-content\\\/uploads\\\/2023\\\/10\\\/RMC-500250.png\",\"contentUrl\":\"https:\\\/\\\/repliquemangacine.fr\\\/wp-content\\\/uploads\\\/2023\\\/10\\\/RMC-500250.png\",\"width\":500,\"height\":250,\"caption\":\"R\u00e9plique Manga Cin\u00e9\"},\"image\":{\"@id\":\"https:\\\/\\\/repliquemangacine.fr\\\/#\\\/schema\\\/logo\\\/image\\\/\"},\"sameAs\":[\"https:\\\/\\\/www.facebook.com\\\/RepliqueMangaCine\",\"https:\\\/\\\/www.instagram.com\\\/repliquemangacine.fr\\\/\"]}]}<\/script>\n<!-- \/ Yoast SEO plugin. -->","yoast_head_json":{"title":"Fredom-Sworn in Genshin Impact - R\u00e9plique Manga Cin\u00e9","description":"Discover this superb Fredom-Sworn sword in Genshin Impact at the best price. Blue steel blade. Gold-plated steel guard. Length: 115 cm. Delivery 24\/48h","robots":{"index":"index","follow":"follow","max-snippet":"max-snippet:-1","max-image-preview":"max-image-preview:large","max-video-preview":"max-video-preview:-1"},"canonical":"https:\/\/repliquemangacine.fr\/en\/genshin-impact\/fredom-sworn-sword-in-genshin-impact\/","og_locale":"en_US","og_type":"article","og_title":"Fredom-Sworn dans Genshin Impact - R\u00e9plique Manga Cin\u00e9","og_description":"D\u00e9couvrez cette superbe \u00e9p\u00e9e Fredom-Sworn dans Genshin Impact au meilleur prix. Lame en acier bleu. Garde acier dor\u00e9 . Longueur:115 cm. Livraison 24\/48h","og_url":"https:\/\/repliquemangacine.fr\/en\/genshin-impact\/fredom-sworn-sword-in-genshin-impact\/","og_site_name":"R\u00e9plique Manga Cin\u00e9","article_publisher":"https:\/\/www.facebook.com\/RepliqueMangaCine","article_modified_time":"2025-11-18T17:26:53+00:00","og_image":[{"width":500,"height":500,"url":"https:\/\/repliquemangacine.fr\/wp-content\/uploads\/2023\/10\/Fredom-Sworn-dans-Genshin-Impact.jpg","type":"image\/jpeg"}],"twitter_card":"summary_large_image","twitter_misc":{"Est. reading time":"3 minutes"},"schema":{"@context":"https:\/\/schema.org","@graph":[{"@type":"WebPage","@id":"https:\/\/repliquemangacine.fr\/genshin-impact\/epee-fredom-sworn-dans-genshin-impact\/","url":"https:\/\/repliquemangacine.fr\/genshin-impact\/epee-fredom-sworn-dans-genshin-impact\/","name":"Fredom-Sworn in Genshin Impact - R\u00e9plique Manga Cin\u00e9","isPartOf":{"@id":"https:\/\/repliquemangacine.fr\/#website"},"primaryImageOfPage":{"@id":"https:\/\/repliquemangacine.fr\/genshin-impact\/epee-fredom-sworn-dans-genshin-impact\/#primaryimage"},"image":{"@id":"https:\/\/repliquemangacine.fr\/genshin-impact\/epee-fredom-sworn-dans-genshin-impact\/#primaryimage"},"thumbnailUrl":"https:\/\/repliquemangacine.fr\/wp-content\/uploads\/2023\/10\/Fredom-Sworn-dans-Genshin-Impact.jpg","datePublished":"2023-09-25T17:27:42+00:00","dateModified":"2025-11-18T17:26:53+00:00","description":"Discover this superb Fredom-Sworn sword in Genshin Impact at the best price. Blue steel blade. Gold-plated steel guard. Length: 115 cm. Delivery 24\/48h","breadcrumb":{"@id":"https:\/\/repliquemangacine.fr\/genshin-impact\/epee-fredom-sworn-dans-genshin-impact\/#breadcrumb"},"inLanguage":"en-US","potentialAction":[{"@type":"ReadAction","target":["https:\/\/repliquemangacine.fr\/genshin-impact\/epee-fredom-sworn-dans-genshin-impact\/"]}]},{"@type":"ImageObject","inLanguage":"en-US","@id":"https:\/\/repliquemangacine.fr\/genshin-impact\/epee-fredom-sworn-dans-genshin-impact\/#primaryimage","url":"https:\/\/repliquemangacine.fr\/wp-content\/uploads\/2023\/10\/Fredom-Sworn-dans-Genshin-Impact.jpg","contentUrl":"https:\/\/repliquemangacine.fr\/wp-content\/uploads\/2023\/10\/Fredom-Sworn-dans-Genshin-Impact.jpg","width":500,"height":500,"caption":"Fredom-Sworn dans Genshin Impact"},{"@type":"BreadcrumbList","@id":"https:\/\/repliquemangacine.fr\/genshin-impact\/epee-fredom-sworn-dans-genshin-impact\/#breadcrumb","itemListElement":[{"@type":"ListItem","position":1,"name":"Accueil","item":"https:\/\/repliquemangacine.fr\/"},{"@type":"ListItem","position":2,"name":"Produits","item":"https:\/\/repliquemangacine.fr\/boutique\/"},{"@type":"ListItem","position":3,"name":"Fredom-Sworn dans Genshin Impact"}]},{"@type":"WebSite","@id":"https:\/\/repliquemangacine.fr\/#website","url":"https:\/\/repliquemangacine.fr\/","name":"R\u00e9plique Manga Cin\u00e9","description":"","publisher":{"@id":"https:\/\/repliquemangacine.fr\/#organization"},"potentialAction":[{"@type":"SearchAction","target":{"@type":"EntryPoint","urlTemplate":"https:\/\/repliquemangacine.fr\/?s={search_term_string}"},"query-input":{"@type":"PropertyValueSpecification","valueRequired":true,"valueName":"search_term_string"}}],"inLanguage":"en-US"},{"@type":"Organization","@id":"https:\/\/repliquemangacine.fr\/#organization","name":"R\u00e9plique Manga Cin\u00e9","url":"https:\/\/repliquemangacine.fr\/","logo":{"@type":"ImageObject","inLanguage":"en-US","@id":"https:\/\/repliquemangacine.fr\/#\/schema\/logo\/image\/","url":"https:\/\/repliquemangacine.fr\/wp-content\/uploads\/2023\/10\/RMC-500250.png","contentUrl":"https:\/\/repliquemangacine.fr\/wp-content\/uploads\/2023\/10\/RMC-500250.png","width":500,"height":250,"caption":"R\u00e9plique Manga Cin\u00e9"},"image":{"@id":"https:\/\/repliquemangacine.fr\/#\/schema\/logo\/image\/"},"sameAs":["https:\/\/www.facebook.com\/RepliqueMangaCine","https:\/\/www.instagram.com\/repliquemangacine.fr\/"]}]}},"_links":{"self":[{"href":"https:\/\/repliquemangacine.fr\/en\/wp-json\/wp\/v2\/product\/62751","targetHints":{"allow":["GET"]}}],"collection":[{"href":"https:\/\/repliquemangacine.fr\/en\/wp-json\/wp\/v2\/product"}],"about":[{"href":"https:\/\/repliquemangacine.fr\/en\/wp-json\/wp\/v2\/types\/product"}],"wp:featuredmedia":[{"embeddable":true,"href":"https:\/\/repliquemangacine.fr\/en\/wp-json\/wp\/v2\/media\/62752"}],"wp:attachment":[{"href":"https:\/\/repliquemangacine.fr\/en\/wp-json\/wp\/v2\/media?parent=62751"}],"wp:term":[{"taxonomy":"product_brand","embeddable":true,"href":"https:\/\/repliquemangacine.fr\/en\/wp-json\/wp\/v2\/product_brand?post=62751"},{"taxonomy":"product_cat","embeddable":true,"href":"https:\/\/repliquemangacine.fr\/en\/wp-json\/wp\/v2\/product_cat?post=62751"},{"taxonomy":"product_tag","embeddable":true,"href":"https:\/\/repliquemangacine.fr\/en\/wp-json\/wp\/v2\/product_tag?post=62751"}],"curies":[{"name":"wp","href":"https:\/\/api.w.org\/{rel}","templated":true}]}}