





{"id":62677,"date":"2023-09-24T11:34:25","date_gmt":"2023-09-24T09:34:25","guid":{"rendered":"https:\/\/repliquemangacine.fr\/?post_type=product&#038;p=62677"},"modified":"2026-04-05T15:49:26","modified_gmt":"2026-04-05T13:49:26","slug":"tanto-nichirin-tanjiro-demon-slayer","status":"publish","type":"product","link":"https:\/\/repliquemangacine.fr\/en\/tanto-mini-katana-demon-slayer\/tanto-nichirin-tanjiro-demon-slayer\/","title":{"rendered":"Tanto Nichirin Tanjiro - Demon Slayer"},"content":{"rendered":"<h2>Tanto Nichirin Tanjiro - Demon Slayer<\/h2>\n<p>To begin with, the <strong>Tanto Nichirin Tanjiro<\/strong> is absolutely remarkable for its finish. Inspired by the sword, this mini-katana lives up to all its promises.<\/p>\n<p>Like all Demon Slayers, Tanjiro has a standard Nichirin blade. Nichirin swords can be transformed into virtually any color, depending on the user and their breathing style.<\/p>\n<p>However, there is one color that is not accessible, which is a bright red color. This color was first discovered by Yoriichi Tsugikuni, who became a demon slayer because of his solar respiration.<\/p>\n<p>The main and only special ability of bright red blades is to hinder or even nullify demons' regeneration and healing abilities. This is supposed to mimic the effect of the sun on them. That's why it's called the Sword of the Sun.<\/p>\n<h2>Your Tanto Nichirin Tanjiro at the best price<\/h2>\n<p>We bring you all the lines of your favorite characters in this Demon Slayer anime manga.<\/p>\n<p>First and foremost,<\/p>\n<ul>\n<li>the <a href=\"https:\/\/repliquemangacine.fr\/en\/katana-demon-slayer\/kokushibo-demon-slayer-katana\/\">Katana Kyokokukamusari<\/a> used by Kokushibo and its superbly decorated blade.<\/li>\n<li>As well as the <a href=\"https:\/\/repliquemangacine.fr\/en\/katana-demon-slayer\/katana-by-inosuke-hashibira-demon-slayer\/\">katana Inosuke Hashibira<\/a> with its notched blade.<\/li>\n<li>And many more to discover in our online store!<\/li>\n<\/ul>\n<p>That's why here are some great gift ideas for fans of <a href=\"https:\/\/kimetsu-no-yaiba.fandom.com\/fr\/wiki\/Wiki_Kimetsu_no_Yaiba\" target=\"_blank\" rel=\"noopener noreferrer\">Kimetsu no Yaiba<\/a> or Demon Slayer.<\/p>\n<p>In conclusion, you can also use this <strong>Tanto Nichirin Tanjiro<\/strong> for your cosplay parades or theme parties. But above all, it's also a collector's item and a decorative element.<\/p>\n<h2>How to care for the blade of your mini-katana?<\/h2>\n<p>Collector's and decorative katanas are made and assembled in a simplified way. As their use is decorative, they lack the safety features required of a Japanese saber intended for training.<\/p>\n<p>However, your <strong>Tanto Nichirin Tanjiro<\/strong> to a steel blade that needs to be cared for to avoid damage over time. In fact, when you display your katana, your friends will be curious to see and touch the blade. This is where you need to be careful, as the acidity of your fingers is very harmful to steel, whatever its quality.<\/p>\n<p>If this happens, don't panic, just use a cloth dampened with a little oil to wipe off any fingerprints. By doing so, you'll keep your mini-katana for a very long time.<\/p>","protected":false},"excerpt":{"rendered":"<p>Superb Nichirin Tanto by Tanjiro, inspired by his sword.<\/p>\n<ul>\n<li>Two-tone steel blade with silk-screen printing.<\/li>\n<li>Black lacquered sheath.<\/li>\n<li>Special steel guard<\/li>\n<li>Handle covered with black cotton braid.<\/li>\n<li>Supplied with ABS display stand.<\/li>\n<li>Blade length: 28 cm - Total length: 43 cm - Weight 242g<\/li>\n<\/ul>","protected":false},"featured_media":62678,"template":"","meta":[],"product_brand":[896],"product_cat":[63,23,118],"product_tag":[],"class_list":{"0":"post-62677","1":"product","2":"type-product","3":"status-publish","4":"has-post-thumbnail","6":"product_brand-replique-manga-cine","7":"product_cat-katana-demon-slayer","8":"product_cat-repliques-manga-jeux-video","9":"product_cat-tanto-mini-katana-demon-slayer","11":"first","12":"outofstock","13":"taxable","14":"shipping-taxable","15":"purchasable","16":"product-type-simple"},"yoast_head":"<!-- This site is optimized with the Yoast SEO plugin v27.4 - https:\/\/yoast.com\/product\/yoast-seo-wordpress\/ -->\n<title>Tanto Nichirin Tanjiro - Demon Slayer Mini-katana - R\u00e9plique Manga Cin\u00e9<\/title>\n<meta name=\"description\" content=\"D\u00e9couvrez ce superbe Tanto Nichirin de Tanjiro dans Demon Slayer au meilleur prix. Lame de 28 cm en acier. Fourreau laqu\u00e9 noir. Support \u00e0 poser. 43 cm\" \/>\n<meta name=\"robots\" content=\"index, follow, max-snippet:-1, max-image-preview:large, max-video-preview:-1\" \/>\n<link rel=\"canonical\" href=\"https:\/\/repliquemangacine.fr\/en\/tanto-mini-katana-demon-slayer\/tanto-nichirin-tanjiro-demon-slayer\/\" \/>\n<meta property=\"og:locale\" content=\"en_US\" \/>\n<meta property=\"og:type\" content=\"article\" \/>\n<meta property=\"og:title\" content=\"Tanto Nichirin Tanjiro - Demon Slayer Mini-katana - R\u00e9plique Manga Cin\u00e9\" \/>\n<meta property=\"og:description\" content=\"D\u00e9couvrez ce superbe Tanto Nichirin de Tanjiro dans Demon Slayer au meilleur prix. Lame de 28 cm en acier. Fourreau laqu\u00e9 noir. Support \u00e0 poser. 43 cm\" \/>\n<meta property=\"og:url\" content=\"https:\/\/repliquemangacine.fr\/en\/tanto-mini-katana-demon-slayer\/tanto-nichirin-tanjiro-demon-slayer\/\" \/>\n<meta property=\"og:site_name\" content=\"R\u00e9plique Manga Cin\u00e9\" \/>\n<meta property=\"article:publisher\" content=\"https:\/\/www.facebook.com\/RepliqueMangaCine\" \/>\n<meta property=\"article:modified_time\" content=\"2026-04-05T13:49:26+00:00\" \/>\n<meta property=\"og:image\" content=\"https:\/\/repliquemangacine.fr\/wp-content\/uploads\/2023\/10\/tanto-nichirin-tanjiro.jpg\" \/>\n\t<meta property=\"og:image:width\" content=\"500\" \/>\n\t<meta property=\"og:image:height\" content=\"500\" \/>\n\t<meta property=\"og:image:type\" content=\"image\/jpeg\" \/>\n<meta name=\"twitter:card\" content=\"summary_large_image\" \/>\n<meta name=\"twitter:label1\" content=\"Est. reading time\" \/>\n\t<meta name=\"twitter:data1\" content=\"3 minutes\" \/>\n<script type=\"application\/ld+json\" class=\"yoast-schema-graph\">{\"@context\":\"https:\\\/\\\/schema.org\",\"@graph\":[{\"@type\":\"WebPage\",\"@id\":\"https:\\\/\\\/repliquemangacine.fr\\\/tanto-mini-katana-demon-slayer\\\/tanto-nichirin-tanjiro-demon-slayer\\\/\",\"url\":\"https:\\\/\\\/repliquemangacine.fr\\\/tanto-mini-katana-demon-slayer\\\/tanto-nichirin-tanjiro-demon-slayer\\\/\",\"name\":\"Tanto Nichirin Tanjiro - Demon Slayer Mini-katana - R\u00e9plique Manga Cin\u00e9\",\"isPartOf\":{\"@id\":\"https:\\\/\\\/repliquemangacine.fr\\\/#website\"},\"primaryImageOfPage\":{\"@id\":\"https:\\\/\\\/repliquemangacine.fr\\\/tanto-mini-katana-demon-slayer\\\/tanto-nichirin-tanjiro-demon-slayer\\\/#primaryimage\"},\"image\":{\"@id\":\"https:\\\/\\\/repliquemangacine.fr\\\/tanto-mini-katana-demon-slayer\\\/tanto-nichirin-tanjiro-demon-slayer\\\/#primaryimage\"},\"thumbnailUrl\":\"https:\\\/\\\/repliquemangacine.fr\\\/wp-content\\\/uploads\\\/2023\\\/10\\\/tanto-nichirin-tanjiro.jpg\",\"datePublished\":\"2023-09-24T09:34:25+00:00\",\"dateModified\":\"2026-04-05T13:49:26+00:00\",\"description\":\"D\u00e9couvrez ce superbe Tanto Nichirin de Tanjiro dans Demon Slayer au meilleur prix. Lame de 28 cm en acier. Fourreau laqu\u00e9 noir. Support \u00e0 poser. 43 cm\",\"breadcrumb\":{\"@id\":\"https:\\\/\\\/repliquemangacine.fr\\\/tanto-mini-katana-demon-slayer\\\/tanto-nichirin-tanjiro-demon-slayer\\\/#breadcrumb\"},\"inLanguage\":\"en-US\",\"potentialAction\":[{\"@type\":\"ReadAction\",\"target\":[\"https:\\\/\\\/repliquemangacine.fr\\\/tanto-mini-katana-demon-slayer\\\/tanto-nichirin-tanjiro-demon-slayer\\\/\"]}]},{\"@type\":\"ImageObject\",\"inLanguage\":\"en-US\",\"@id\":\"https:\\\/\\\/repliquemangacine.fr\\\/tanto-mini-katana-demon-slayer\\\/tanto-nichirin-tanjiro-demon-slayer\\\/#primaryimage\",\"url\":\"https:\\\/\\\/repliquemangacine.fr\\\/wp-content\\\/uploads\\\/2023\\\/10\\\/tanto-nichirin-tanjiro.jpg\",\"contentUrl\":\"https:\\\/\\\/repliquemangacine.fr\\\/wp-content\\\/uploads\\\/2023\\\/10\\\/tanto-nichirin-tanjiro.jpg\",\"width\":500,\"height\":500,\"caption\":\"Tanto Nichirin Tanjiro\"},{\"@type\":\"BreadcrumbList\",\"@id\":\"https:\\\/\\\/repliquemangacine.fr\\\/tanto-mini-katana-demon-slayer\\\/tanto-nichirin-tanjiro-demon-slayer\\\/#breadcrumb\",\"itemListElement\":[{\"@type\":\"ListItem\",\"position\":1,\"name\":\"Accueil\",\"item\":\"https:\\\/\\\/repliquemangacine.fr\\\/\"},{\"@type\":\"ListItem\",\"position\":2,\"name\":\"Produits\",\"item\":\"https:\\\/\\\/repliquemangacine.fr\\\/boutique\\\/\"},{\"@type\":\"ListItem\",\"position\":3,\"name\":\"Tanto Nichirin Tanjiro &#8211; Demon Slayer\"}]},{\"@type\":\"WebSite\",\"@id\":\"https:\\\/\\\/repliquemangacine.fr\\\/#website\",\"url\":\"https:\\\/\\\/repliquemangacine.fr\\\/\",\"name\":\"R\u00e9plique Manga Cin\u00e9\",\"description\":\"\",\"publisher\":{\"@id\":\"https:\\\/\\\/repliquemangacine.fr\\\/#organization\"},\"potentialAction\":[{\"@type\":\"SearchAction\",\"target\":{\"@type\":\"EntryPoint\",\"urlTemplate\":\"https:\\\/\\\/repliquemangacine.fr\\\/?s={search_term_string}\"},\"query-input\":{\"@type\":\"PropertyValueSpecification\",\"valueRequired\":true,\"valueName\":\"search_term_string\"}}],\"inLanguage\":\"en-US\"},{\"@type\":\"Organization\",\"@id\":\"https:\\\/\\\/repliquemangacine.fr\\\/#organization\",\"name\":\"R\u00e9plique Manga Cin\u00e9\",\"url\":\"https:\\\/\\\/repliquemangacine.fr\\\/\",\"logo\":{\"@type\":\"ImageObject\",\"inLanguage\":\"en-US\",\"@id\":\"https:\\\/\\\/repliquemangacine.fr\\\/#\\\/schema\\\/logo\\\/image\\\/\",\"url\":\"https:\\\/\\\/repliquemangacine.fr\\\/wp-content\\\/uploads\\\/2023\\\/10\\\/RMC-500250.png\",\"contentUrl\":\"https:\\\/\\\/repliquemangacine.fr\\\/wp-content\\\/uploads\\\/2023\\\/10\\\/RMC-500250.png\",\"width\":500,\"height\":250,\"caption\":\"R\u00e9plique Manga Cin\u00e9\"},\"image\":{\"@id\":\"https:\\\/\\\/repliquemangacine.fr\\\/#\\\/schema\\\/logo\\\/image\\\/\"},\"sameAs\":[\"https:\\\/\\\/www.facebook.com\\\/RepliqueMangaCine\",\"https:\\\/\\\/www.instagram.com\\\/repliquemangacine.fr\\\/\"]}]}<\/script>\n<!-- \/ Yoast SEO plugin. -->","yoast_head_json":{"title":"Tanto Nichirin Tanjiro - Demon Slayer Mini-katana - R\u00e9plique Manga Cin\u00e9","description":"Discover this superb Tanto Nichirin by Tanjiro in Demon Slayer at the best price. 28 cm steel blade. Black lacquered sheath. Stand. 43 cm long","robots":{"index":"index","follow":"follow","max-snippet":"max-snippet:-1","max-image-preview":"max-image-preview:large","max-video-preview":"max-video-preview:-1"},"canonical":"https:\/\/repliquemangacine.fr\/en\/tanto-mini-katana-demon-slayer\/tanto-nichirin-tanjiro-demon-slayer\/","og_locale":"en_US","og_type":"article","og_title":"Tanto Nichirin Tanjiro - Demon Slayer Mini-katana - R\u00e9plique Manga Cin\u00e9","og_description":"D\u00e9couvrez ce superbe Tanto Nichirin de Tanjiro dans Demon Slayer au meilleur prix. Lame de 28 cm en acier. Fourreau laqu\u00e9 noir. Support \u00e0 poser. 43 cm","og_url":"https:\/\/repliquemangacine.fr\/en\/tanto-mini-katana-demon-slayer\/tanto-nichirin-tanjiro-demon-slayer\/","og_site_name":"R\u00e9plique Manga Cin\u00e9","article_publisher":"https:\/\/www.facebook.com\/RepliqueMangaCine","article_modified_time":"2026-04-05T13:49:26+00:00","og_image":[{"width":500,"height":500,"url":"https:\/\/repliquemangacine.fr\/wp-content\/uploads\/2023\/10\/tanto-nichirin-tanjiro.jpg","type":"image\/jpeg"}],"twitter_card":"summary_large_image","twitter_misc":{"Est. reading time":"3 minutes"},"schema":{"@context":"https:\/\/schema.org","@graph":[{"@type":"WebPage","@id":"https:\/\/repliquemangacine.fr\/tanto-mini-katana-demon-slayer\/tanto-nichirin-tanjiro-demon-slayer\/","url":"https:\/\/repliquemangacine.fr\/tanto-mini-katana-demon-slayer\/tanto-nichirin-tanjiro-demon-slayer\/","name":"Tanto Nichirin Tanjiro - Demon Slayer Mini-katana - R\u00e9plique Manga Cin\u00e9","isPartOf":{"@id":"https:\/\/repliquemangacine.fr\/#website"},"primaryImageOfPage":{"@id":"https:\/\/repliquemangacine.fr\/tanto-mini-katana-demon-slayer\/tanto-nichirin-tanjiro-demon-slayer\/#primaryimage"},"image":{"@id":"https:\/\/repliquemangacine.fr\/tanto-mini-katana-demon-slayer\/tanto-nichirin-tanjiro-demon-slayer\/#primaryimage"},"thumbnailUrl":"https:\/\/repliquemangacine.fr\/wp-content\/uploads\/2023\/10\/tanto-nichirin-tanjiro.jpg","datePublished":"2023-09-24T09:34:25+00:00","dateModified":"2026-04-05T13:49:26+00:00","description":"Discover this superb Tanto Nichirin by Tanjiro in Demon Slayer at the best price. 28 cm steel blade. Black lacquered sheath. Stand. 43 cm long","breadcrumb":{"@id":"https:\/\/repliquemangacine.fr\/tanto-mini-katana-demon-slayer\/tanto-nichirin-tanjiro-demon-slayer\/#breadcrumb"},"inLanguage":"en-US","potentialAction":[{"@type":"ReadAction","target":["https:\/\/repliquemangacine.fr\/tanto-mini-katana-demon-slayer\/tanto-nichirin-tanjiro-demon-slayer\/"]}]},{"@type":"ImageObject","inLanguage":"en-US","@id":"https:\/\/repliquemangacine.fr\/tanto-mini-katana-demon-slayer\/tanto-nichirin-tanjiro-demon-slayer\/#primaryimage","url":"https:\/\/repliquemangacine.fr\/wp-content\/uploads\/2023\/10\/tanto-nichirin-tanjiro.jpg","contentUrl":"https:\/\/repliquemangacine.fr\/wp-content\/uploads\/2023\/10\/tanto-nichirin-tanjiro.jpg","width":500,"height":500,"caption":"Tanto Nichirin Tanjiro"},{"@type":"BreadcrumbList","@id":"https:\/\/repliquemangacine.fr\/tanto-mini-katana-demon-slayer\/tanto-nichirin-tanjiro-demon-slayer\/#breadcrumb","itemListElement":[{"@type":"ListItem","position":1,"name":"Accueil","item":"https:\/\/repliquemangacine.fr\/"},{"@type":"ListItem","position":2,"name":"Produits","item":"https:\/\/repliquemangacine.fr\/boutique\/"},{"@type":"ListItem","position":3,"name":"Tanto Nichirin Tanjiro &#8211; Demon Slayer"}]},{"@type":"WebSite","@id":"https:\/\/repliquemangacine.fr\/#website","url":"https:\/\/repliquemangacine.fr\/","name":"R\u00e9plique Manga Cin\u00e9","description":"","publisher":{"@id":"https:\/\/repliquemangacine.fr\/#organization"},"potentialAction":[{"@type":"SearchAction","target":{"@type":"EntryPoint","urlTemplate":"https:\/\/repliquemangacine.fr\/?s={search_term_string}"},"query-input":{"@type":"PropertyValueSpecification","valueRequired":true,"valueName":"search_term_string"}}],"inLanguage":"en-US"},{"@type":"Organization","@id":"https:\/\/repliquemangacine.fr\/#organization","name":"R\u00e9plique Manga Cin\u00e9","url":"https:\/\/repliquemangacine.fr\/","logo":{"@type":"ImageObject","inLanguage":"en-US","@id":"https:\/\/repliquemangacine.fr\/#\/schema\/logo\/image\/","url":"https:\/\/repliquemangacine.fr\/wp-content\/uploads\/2023\/10\/RMC-500250.png","contentUrl":"https:\/\/repliquemangacine.fr\/wp-content\/uploads\/2023\/10\/RMC-500250.png","width":500,"height":250,"caption":"R\u00e9plique Manga Cin\u00e9"},"image":{"@id":"https:\/\/repliquemangacine.fr\/#\/schema\/logo\/image\/"},"sameAs":["https:\/\/www.facebook.com\/RepliqueMangaCine","https:\/\/www.instagram.com\/repliquemangacine.fr\/"]}]}},"_links":{"self":[{"href":"https:\/\/repliquemangacine.fr\/en\/wp-json\/wp\/v2\/product\/62677","targetHints":{"allow":["GET"]}}],"collection":[{"href":"https:\/\/repliquemangacine.fr\/en\/wp-json\/wp\/v2\/product"}],"about":[{"href":"https:\/\/repliquemangacine.fr\/en\/wp-json\/wp\/v2\/types\/product"}],"wp:featuredmedia":[{"embeddable":true,"href":"https:\/\/repliquemangacine.fr\/en\/wp-json\/wp\/v2\/media\/62678"}],"wp:attachment":[{"href":"https:\/\/repliquemangacine.fr\/en\/wp-json\/wp\/v2\/media?parent=62677"}],"wp:term":[{"taxonomy":"product_brand","embeddable":true,"href":"https:\/\/repliquemangacine.fr\/en\/wp-json\/wp\/v2\/product_brand?post=62677"},{"taxonomy":"product_cat","embeddable":true,"href":"https:\/\/repliquemangacine.fr\/en\/wp-json\/wp\/v2\/product_cat?post=62677"},{"taxonomy":"product_tag","embeddable":true,"href":"https:\/\/repliquemangacine.fr\/en\/wp-json\/wp\/v2\/product_tag?post=62677"}],"curies":[{"name":"wp","href":"https:\/\/api.w.org\/{rel}","templated":true}]}}