





{"id":62665,"date":"2023-09-23T19:28:09","date_gmt":"2023-09-23T17:28:09","guid":{"rendered":"https:\/\/repliquemangacine.fr\/?post_type=product&#038;p=62665"},"modified":"2025-12-20T12:29:29","modified_gmt":"2025-12-20T11:29:29","slug":"tanto-by-muichiro-tokito-demon-slayer","status":"publish","type":"product","link":"https:\/\/repliquemangacine.fr\/en\/tanto-mini-katana-demon-slayer\/tanto-de-muichiro-tokito-demon-slayer\/","title":{"rendered":"Tanto by Muichir\u014d Tokit\u014d - Demon Slayer"},"content":{"rendered":"<h2>Tanto by Muichir\u014d Tokit\u014d in Demon Slayer.<\/h2>\n<p>To begin with, the<strong> Tanto by Muichir\u014d Tokit\u014d<\/strong> in Demon Slayer, is a mini katana. A sword of the sun.<\/p>\n<p><a href=\"https:\/\/kimetsu-no-yaiba.fandom.com\/fr\/wiki\/Muichiro_Tokito\" target=\"_blank\" rel=\"noopener noreferrer\">Muichiro Tokito<\/a> Demon Slayer and Pillar of Mist of the Demon Slayer Army. Known for having completely mastered this breath. Having become proficient in its use to the point where he could easily combat and defeat the Fifth Superior Moon of the Twelve Demonic Moons.<\/p>\n<p>Muichiro learned to do the Breath of Total Concentration at any time like all the Pillars, further increasing his core strength, speed and stamina. There are six movements of the Breath of Mist. But in fact, there is a Seventh Movement which is an original technique created by Muichiro Tokito.<\/p>\n<p>Mainly worn by Samurai, the tanto is a slightly curved, single-edged Japanese knife measuring less than 30 cm.<\/p>\n<h2>Your Muichir\u014d Tokit\u014d Tanto in Demon Slayer at the best price.<\/h2>\n<p>We bring you all the lines of your favorite characters in this Demon Slayer anime manga.<\/p>\n<p>First and foremost,<\/p>\n<ul>\n<li>Visit <a href=\"https:\/\/repliquemangacine.fr\/en\/katana-demon-slayer\/katana-giyu-tomioka-blue-demon-slayer\/\">katana by Giyu Tomioka<\/a> with silk-screen printing on the blade.<\/li>\n<li>As well as the <a href=\"https:\/\/repliquemangacine.fr\/en\/katana-demon-slayer\/kanao-demon-slayer-katana\/\">Katana by Kanao Tsuyuri<\/a> with its blade screen-printed with Japanese symbols.<\/li>\n<li>There are also wooden katanas for the little ones.<\/li>\n<li>And many more to discover in our online store!<\/li>\n<\/ul>\n<p>That's why here are some great gift ideas for fans of Kimetsu no Yaiba or Demon Slayer.<\/p>\n<p>In conclusion, you can also use this <strong>Tanto by Muichir\u014d Tokit\u014d<\/strong> in Demon Slayer for your cosplay parades or theme parties. But above all, the mini-katana is also a collector's item and a decorative object.<\/p>\n<h2>How to care for the blade of your mini-katana?<\/h2>\n<p>Collector's and decorative katanas are made and assembled in a simplified way. As their use is decorative, they lack the safety features required of a Japanese saber intended for training.<\/p>\n<p>However, your <strong>Tanto by Muichir\u014d Tokit\u014d<\/strong> The katana in Demon Slayer has a steel blade that needs to be cared for to prevent damage over time. As you expose your katana, your friends will be curious to see and touch the blade. This is where care is needed. Finger acidity is very harmful to steel, whatever its quality.<\/p>\n<p>If this happens, don't panic, just use a cloth dampened with a little oil to wipe off any fingerprints. By doing so, you'll keep your mini-katana for a very long time.<\/p>","protected":false},"excerpt":{"rendered":"<p>Superb Tanto by Muichir\u014d Tokit\u014d in Demon Slayer.<\/p>\n<ul>\n<li>Stainless steel blade.<\/li>\n<li>Specially shaped metal guard<\/li>\n<li>Handle covered with black cotton braid<\/li>\n<li>Supplied with ABS stand<\/li>\n<li>Blade length: 28 cm - Overall length: 43 cm - Weight: 230g<\/li>\n<\/ul>","protected":false},"featured_media":62666,"template":"","meta":[],"product_brand":[896],"product_cat":[63,23,118],"product_tag":[],"class_list":{"0":"post-62665","1":"product","2":"type-product","3":"status-publish","4":"has-post-thumbnail","6":"product_brand-replique-manga-cine","7":"product_cat-katana-demon-slayer","8":"product_cat-repliques-manga-jeux-video","9":"product_cat-tanto-mini-katana-demon-slayer","11":"first","12":"instock","13":"taxable","14":"shipping-taxable","15":"purchasable","16":"product-type-simple"},"yoast_head":"<!-- This site is optimized with the Yoast SEO plugin v27.5 - https:\/\/yoast.com\/product\/yoast-seo-wordpress\/ -->\n<title>Tanto de Muichir\u014d Tokit\u014d - Demon Slayer Mini katana - R\u00e9plique Manga Cin\u00e9<\/title>\n<meta name=\"description\" content=\"D\u00e9couvrez ce superbe Tanto de Muichir\u014d Tokit\u014d dans Demon Slayer au meilleur prix. Lame en acier de 28 cm - Fourreau. Livr\u00e9 avec son support en ABS - 43 cm\" \/>\n<meta name=\"robots\" content=\"index, follow, max-snippet:-1, max-image-preview:large, max-video-preview:-1\" \/>\n<link rel=\"canonical\" href=\"https:\/\/repliquemangacine.fr\/en\/tanto-mini-katana-demon-slayer\/tanto-by-muichiro-tokito-demon-slayer\/\" \/>\n<meta property=\"og:locale\" content=\"en_US\" \/>\n<meta property=\"og:type\" content=\"article\" \/>\n<meta property=\"og:title\" content=\"Tanto de Muichir\u014d Tokit\u014d - Demon Slayer Mini katana - R\u00e9plique Manga Cin\u00e9\" \/>\n<meta property=\"og:description\" content=\"D\u00e9couvrez ce superbe Tanto de Muichir\u014d Tokit\u014d dans Demon Slayer au meilleur prix. Lame en acier de 28 cm - Fourreau. Livr\u00e9 avec son support en ABS - 43 cm\" \/>\n<meta property=\"og:url\" content=\"https:\/\/repliquemangacine.fr\/en\/tanto-mini-katana-demon-slayer\/tanto-by-muichiro-tokito-demon-slayer\/\" \/>\n<meta property=\"og:site_name\" content=\"R\u00e9plique Manga Cin\u00e9\" \/>\n<meta property=\"article:publisher\" content=\"https:\/\/www.facebook.com\/RepliqueMangaCine\" \/>\n<meta property=\"article:modified_time\" content=\"2025-12-20T11:29:29+00:00\" \/>\n<meta property=\"og:image\" content=\"https:\/\/repliquemangacine.fr\/wp-content\/uploads\/2023\/10\/Tanto-de-Muichiro-Tokito.jpg\" \/>\n\t<meta property=\"og:image:width\" content=\"500\" \/>\n\t<meta property=\"og:image:height\" content=\"500\" \/>\n\t<meta property=\"og:image:type\" content=\"image\/jpeg\" \/>\n<meta name=\"twitter:card\" content=\"summary_large_image\" \/>\n<meta name=\"twitter:label1\" content=\"Est. reading time\" \/>\n\t<meta name=\"twitter:data1\" content=\"3 minutes\" \/>\n<script type=\"application\/ld+json\" class=\"yoast-schema-graph\">{\"@context\":\"https:\\\/\\\/schema.org\",\"@graph\":[{\"@type\":\"WebPage\",\"@id\":\"https:\\\/\\\/repliquemangacine.fr\\\/tanto-mini-katana-demon-slayer\\\/tanto-de-muichiro-tokito-demon-slayer\\\/\",\"url\":\"https:\\\/\\\/repliquemangacine.fr\\\/tanto-mini-katana-demon-slayer\\\/tanto-de-muichiro-tokito-demon-slayer\\\/\",\"name\":\"Tanto de Muichir\u014d Tokit\u014d - Demon Slayer Mini katana - R\u00e9plique Manga Cin\u00e9\",\"isPartOf\":{\"@id\":\"https:\\\/\\\/repliquemangacine.fr\\\/#website\"},\"primaryImageOfPage\":{\"@id\":\"https:\\\/\\\/repliquemangacine.fr\\\/tanto-mini-katana-demon-slayer\\\/tanto-de-muichiro-tokito-demon-slayer\\\/#primaryimage\"},\"image\":{\"@id\":\"https:\\\/\\\/repliquemangacine.fr\\\/tanto-mini-katana-demon-slayer\\\/tanto-de-muichiro-tokito-demon-slayer\\\/#primaryimage\"},\"thumbnailUrl\":\"https:\\\/\\\/repliquemangacine.fr\\\/wp-content\\\/uploads\\\/2023\\\/10\\\/Tanto-de-Muichiro-Tokito.jpg\",\"datePublished\":\"2023-09-23T17:28:09+00:00\",\"dateModified\":\"2025-12-20T11:29:29+00:00\",\"description\":\"D\u00e9couvrez ce superbe Tanto de Muichir\u014d Tokit\u014d dans Demon Slayer au meilleur prix. Lame en acier de 28 cm - Fourreau. Livr\u00e9 avec son support en ABS - 43 cm\",\"breadcrumb\":{\"@id\":\"https:\\\/\\\/repliquemangacine.fr\\\/tanto-mini-katana-demon-slayer\\\/tanto-de-muichiro-tokito-demon-slayer\\\/#breadcrumb\"},\"inLanguage\":\"en-US\",\"potentialAction\":[{\"@type\":\"ReadAction\",\"target\":[\"https:\\\/\\\/repliquemangacine.fr\\\/tanto-mini-katana-demon-slayer\\\/tanto-de-muichiro-tokito-demon-slayer\\\/\"]}]},{\"@type\":\"ImageObject\",\"inLanguage\":\"en-US\",\"@id\":\"https:\\\/\\\/repliquemangacine.fr\\\/tanto-mini-katana-demon-slayer\\\/tanto-de-muichiro-tokito-demon-slayer\\\/#primaryimage\",\"url\":\"https:\\\/\\\/repliquemangacine.fr\\\/wp-content\\\/uploads\\\/2023\\\/10\\\/Tanto-de-Muichiro-Tokito.jpg\",\"contentUrl\":\"https:\\\/\\\/repliquemangacine.fr\\\/wp-content\\\/uploads\\\/2023\\\/10\\\/Tanto-de-Muichiro-Tokito.jpg\",\"width\":500,\"height\":500,\"caption\":\"Tanto de Muichir\u014d Tokit\u014d\"},{\"@type\":\"BreadcrumbList\",\"@id\":\"https:\\\/\\\/repliquemangacine.fr\\\/tanto-mini-katana-demon-slayer\\\/tanto-de-muichiro-tokito-demon-slayer\\\/#breadcrumb\",\"itemListElement\":[{\"@type\":\"ListItem\",\"position\":1,\"name\":\"Accueil\",\"item\":\"https:\\\/\\\/repliquemangacine.fr\\\/\"},{\"@type\":\"ListItem\",\"position\":2,\"name\":\"Produits\",\"item\":\"https:\\\/\\\/repliquemangacine.fr\\\/boutique\\\/\"},{\"@type\":\"ListItem\",\"position\":3,\"name\":\"Tanto de Muichir\u014d Tokit\u014d &#8211; Demon Slayer\"}]},{\"@type\":\"WebSite\",\"@id\":\"https:\\\/\\\/repliquemangacine.fr\\\/#website\",\"url\":\"https:\\\/\\\/repliquemangacine.fr\\\/\",\"name\":\"R\u00e9plique Manga Cin\u00e9\",\"description\":\"\",\"publisher\":{\"@id\":\"https:\\\/\\\/repliquemangacine.fr\\\/#organization\"},\"potentialAction\":[{\"@type\":\"SearchAction\",\"target\":{\"@type\":\"EntryPoint\",\"urlTemplate\":\"https:\\\/\\\/repliquemangacine.fr\\\/?s={search_term_string}\"},\"query-input\":{\"@type\":\"PropertyValueSpecification\",\"valueRequired\":true,\"valueName\":\"search_term_string\"}}],\"inLanguage\":\"en-US\"},{\"@type\":\"Organization\",\"@id\":\"https:\\\/\\\/repliquemangacine.fr\\\/#organization\",\"name\":\"R\u00e9plique Manga Cin\u00e9\",\"url\":\"https:\\\/\\\/repliquemangacine.fr\\\/\",\"logo\":{\"@type\":\"ImageObject\",\"inLanguage\":\"en-US\",\"@id\":\"https:\\\/\\\/repliquemangacine.fr\\\/#\\\/schema\\\/logo\\\/image\\\/\",\"url\":\"https:\\\/\\\/repliquemangacine.fr\\\/wp-content\\\/uploads\\\/2023\\\/10\\\/RMC-500250.png\",\"contentUrl\":\"https:\\\/\\\/repliquemangacine.fr\\\/wp-content\\\/uploads\\\/2023\\\/10\\\/RMC-500250.png\",\"width\":500,\"height\":250,\"caption\":\"R\u00e9plique Manga Cin\u00e9\"},\"image\":{\"@id\":\"https:\\\/\\\/repliquemangacine.fr\\\/#\\\/schema\\\/logo\\\/image\\\/\"},\"sameAs\":[\"https:\\\/\\\/www.facebook.com\\\/RepliqueMangaCine\",\"https:\\\/\\\/www.instagram.com\\\/repliquemangacine.fr\\\/\"]}]}<\/script>\n<!-- \/ Yoast SEO plugin. -->","yoast_head_json":{"title":"Tanto by Muichir\u014d Tokit\u014d - Demon Slayer Mini katana - R\u00e9plique Manga Cin\u00e9","description":"Discover this superb Tanto by Muichir\u014d Tokit\u014d in Demon Slayer at the best price. 28 cm steel blade - Sheath. Supplied with ABS stand - 43 cm","robots":{"index":"index","follow":"follow","max-snippet":"max-snippet:-1","max-image-preview":"max-image-preview:large","max-video-preview":"max-video-preview:-1"},"canonical":"https:\/\/repliquemangacine.fr\/en\/tanto-mini-katana-demon-slayer\/tanto-by-muichiro-tokito-demon-slayer\/","og_locale":"en_US","og_type":"article","og_title":"Tanto de Muichir\u014d Tokit\u014d - Demon Slayer Mini katana - R\u00e9plique Manga Cin\u00e9","og_description":"D\u00e9couvrez ce superbe Tanto de Muichir\u014d Tokit\u014d dans Demon Slayer au meilleur prix. Lame en acier de 28 cm - Fourreau. Livr\u00e9 avec son support en ABS - 43 cm","og_url":"https:\/\/repliquemangacine.fr\/en\/tanto-mini-katana-demon-slayer\/tanto-by-muichiro-tokito-demon-slayer\/","og_site_name":"R\u00e9plique Manga Cin\u00e9","article_publisher":"https:\/\/www.facebook.com\/RepliqueMangaCine","article_modified_time":"2025-12-20T11:29:29+00:00","og_image":[{"width":500,"height":500,"url":"https:\/\/repliquemangacine.fr\/wp-content\/uploads\/2023\/10\/Tanto-de-Muichiro-Tokito.jpg","type":"image\/jpeg"}],"twitter_card":"summary_large_image","twitter_misc":{"Est. reading time":"3 minutes"},"schema":{"@context":"https:\/\/schema.org","@graph":[{"@type":"WebPage","@id":"https:\/\/repliquemangacine.fr\/tanto-mini-katana-demon-slayer\/tanto-de-muichiro-tokito-demon-slayer\/","url":"https:\/\/repliquemangacine.fr\/tanto-mini-katana-demon-slayer\/tanto-de-muichiro-tokito-demon-slayer\/","name":"Tanto by Muichir\u014d Tokit\u014d - Demon Slayer Mini katana - R\u00e9plique Manga Cin\u00e9","isPartOf":{"@id":"https:\/\/repliquemangacine.fr\/#website"},"primaryImageOfPage":{"@id":"https:\/\/repliquemangacine.fr\/tanto-mini-katana-demon-slayer\/tanto-de-muichiro-tokito-demon-slayer\/#primaryimage"},"image":{"@id":"https:\/\/repliquemangacine.fr\/tanto-mini-katana-demon-slayer\/tanto-de-muichiro-tokito-demon-slayer\/#primaryimage"},"thumbnailUrl":"https:\/\/repliquemangacine.fr\/wp-content\/uploads\/2023\/10\/Tanto-de-Muichiro-Tokito.jpg","datePublished":"2023-09-23T17:28:09+00:00","dateModified":"2025-12-20T11:29:29+00:00","description":"Discover this superb Tanto by Muichir\u014d Tokit\u014d in Demon Slayer at the best price. 28 cm steel blade - Sheath. Supplied with ABS stand - 43 cm","breadcrumb":{"@id":"https:\/\/repliquemangacine.fr\/tanto-mini-katana-demon-slayer\/tanto-de-muichiro-tokito-demon-slayer\/#breadcrumb"},"inLanguage":"en-US","potentialAction":[{"@type":"ReadAction","target":["https:\/\/repliquemangacine.fr\/tanto-mini-katana-demon-slayer\/tanto-de-muichiro-tokito-demon-slayer\/"]}]},{"@type":"ImageObject","inLanguage":"en-US","@id":"https:\/\/repliquemangacine.fr\/tanto-mini-katana-demon-slayer\/tanto-de-muichiro-tokito-demon-slayer\/#primaryimage","url":"https:\/\/repliquemangacine.fr\/wp-content\/uploads\/2023\/10\/Tanto-de-Muichiro-Tokito.jpg","contentUrl":"https:\/\/repliquemangacine.fr\/wp-content\/uploads\/2023\/10\/Tanto-de-Muichiro-Tokito.jpg","width":500,"height":500,"caption":"Tanto de Muichir\u014d Tokit\u014d"},{"@type":"BreadcrumbList","@id":"https:\/\/repliquemangacine.fr\/tanto-mini-katana-demon-slayer\/tanto-de-muichiro-tokito-demon-slayer\/#breadcrumb","itemListElement":[{"@type":"ListItem","position":1,"name":"Accueil","item":"https:\/\/repliquemangacine.fr\/"},{"@type":"ListItem","position":2,"name":"Produits","item":"https:\/\/repliquemangacine.fr\/boutique\/"},{"@type":"ListItem","position":3,"name":"Tanto de Muichir\u014d Tokit\u014d &#8211; Demon Slayer"}]},{"@type":"WebSite","@id":"https:\/\/repliquemangacine.fr\/#website","url":"https:\/\/repliquemangacine.fr\/","name":"R\u00e9plique Manga Cin\u00e9","description":"","publisher":{"@id":"https:\/\/repliquemangacine.fr\/#organization"},"potentialAction":[{"@type":"SearchAction","target":{"@type":"EntryPoint","urlTemplate":"https:\/\/repliquemangacine.fr\/?s={search_term_string}"},"query-input":{"@type":"PropertyValueSpecification","valueRequired":true,"valueName":"search_term_string"}}],"inLanguage":"en-US"},{"@type":"Organization","@id":"https:\/\/repliquemangacine.fr\/#organization","name":"R\u00e9plique Manga Cin\u00e9","url":"https:\/\/repliquemangacine.fr\/","logo":{"@type":"ImageObject","inLanguage":"en-US","@id":"https:\/\/repliquemangacine.fr\/#\/schema\/logo\/image\/","url":"https:\/\/repliquemangacine.fr\/wp-content\/uploads\/2023\/10\/RMC-500250.png","contentUrl":"https:\/\/repliquemangacine.fr\/wp-content\/uploads\/2023\/10\/RMC-500250.png","width":500,"height":250,"caption":"R\u00e9plique Manga Cin\u00e9"},"image":{"@id":"https:\/\/repliquemangacine.fr\/#\/schema\/logo\/image\/"},"sameAs":["https:\/\/www.facebook.com\/RepliqueMangaCine","https:\/\/www.instagram.com\/repliquemangacine.fr\/"]}]}},"_links":{"self":[{"href":"https:\/\/repliquemangacine.fr\/en\/wp-json\/wp\/v2\/product\/62665","targetHints":{"allow":["GET"]}}],"collection":[{"href":"https:\/\/repliquemangacine.fr\/en\/wp-json\/wp\/v2\/product"}],"about":[{"href":"https:\/\/repliquemangacine.fr\/en\/wp-json\/wp\/v2\/types\/product"}],"wp:featuredmedia":[{"embeddable":true,"href":"https:\/\/repliquemangacine.fr\/en\/wp-json\/wp\/v2\/media\/62666"}],"wp:attachment":[{"href":"https:\/\/repliquemangacine.fr\/en\/wp-json\/wp\/v2\/media?parent=62665"}],"wp:term":[{"taxonomy":"product_brand","embeddable":true,"href":"https:\/\/repliquemangacine.fr\/en\/wp-json\/wp\/v2\/product_brand?post=62665"},{"taxonomy":"product_cat","embeddable":true,"href":"https:\/\/repliquemangacine.fr\/en\/wp-json\/wp\/v2\/product_cat?post=62665"},{"taxonomy":"product_tag","embeddable":true,"href":"https:\/\/repliquemangacine.fr\/en\/wp-json\/wp\/v2\/product_tag?post=62665"}],"curies":[{"name":"wp","href":"https:\/\/api.w.org\/{rel}","templated":true}]}}