





{"id":62613,"date":"2023-09-22T17:13:41","date_gmt":"2023-09-22T15:13:41","guid":{"rendered":"https:\/\/repliquemangacine.fr\/?post_type=product&#038;p=62613"},"modified":"2026-04-24T22:09:44","modified_gmt":"2026-04-24T20:09:44","slug":"rumplestiltskin-dagger","status":"publish","type":"product","link":"https:\/\/repliquemangacine.fr\/en\/katana-les-epees-de-films-et-series\/rumplestiltskin-dagger\/","title":{"rendered":"Rumplestiltskin Dagger - Once Upon a Time"},"content":{"rendered":"<h2>Rumplestiltskin Dagger - Once Upon a Time<\/h2>\n<p>To get started, <strong>Rumplestiltskin Dagger<\/strong>, is called Dark One's Dagger in the series, and she appears for the first time in the eighth episode of the first season.<\/p>\n<p>The Dagger of the Dark One carries a curse that grants innate knowledge of the arcane, immense magic, and immortality. For anyone who acquires this power, the person's true name is inscribed on the blade. However, if the dagger is possessed by another person, the Dark One is forced to obey the will of its bearer.<\/p>\n<p><a href=\"https:\/\/onceuponatime.fandom.com\/fr\/wiki\/Rumplestiltskin\" target=\"_blank\" rel=\"noopener noreferrer\">Rumplestiltskin,<\/a> one of the main characters in the Once Upon a Time TV series, created in 2011. As an immortal capable of turning straw into gold, he gains multiple aspects as the series progresses, including: the Dark One (Enchanted Forest), Mr. Gold (Storybrooke), Detective Weaver (Hyperion Heights).<\/p>\n<h2>Your Rumplestiltskin Dagger at the best price.<\/h2>\n<p>We offer all the replicas of your favorite characters from TV series.<\/p>\n<p>First of all:<\/p>\n<ul>\n<li>Visit <a href=\"https:\/\/repliquemangacine.fr\/en\/weapons-the-walking-dead\/michonnes-katana\/\">Michonne's Katana<\/a> in The Walking Dead with its specific guard.<\/li>\n<li>As well as the<a href=\"https:\/\/repliquemangacine.fr\/en\/house-of-the-dragon\/feunoyr-viserys-targaryen-sword\/\">Feunoyr sword of Viserys<\/a> in the House of the Dragon series.<\/li>\n<li>And many more to discover in our online store!<\/li>\n<\/ul>\n<p>That's why here are some great gift ideas for fans of the Once Upon a Time series.<\/p>\n<p>In conclusion, you can also use this <strong>Rumplestiltskin Dagger<\/strong> for your cosplay parades or theme parties. But above all, it's also a collector's item and a decoration.<\/p>\n<h2>How to maintain the blade of your Once Upon a Time dagger?<\/h2>\n<p>Collector's and decorative katanas, made and assembled in a simplified manner. As their use is decorative, they lack the safety features required of a Japanese saber intended for training.<\/p>\n<p>However, your <strong>Rumplestiltskin Dagger<\/strong> to a steel blade that needs to be cared for to avoid damage over time. In fact, when you display your katana, your friends will be curious to see and touch the blade. This is where you need to be careful, as the acidity of your fingers is very harmful to steel, whatever its quality.<\/p>\n<p>If this happens, don't panic. Just dampen a cloth with a little oil and wipe away the fingerprints. By doing this, you will keep your dagger in good condition for a very long time.<\/p>","protected":false},"excerpt":{"rendered":"<p>Superb replica of the Rumplestiltskin Dagger from Once Upon a Time.<\/p>\n<ul>\n<li>Engraved aged steel blade.<\/li>\n<li>Decorated steel hilt and pommel.<\/li>\n<li>Non-slip ABS-coated handle<\/li>\n<li>Supplied with wooden stand.<\/li>\n<li>Blade length: 28cm - Total length: 42 cm - Weight: 500 grs<\/li>\n<\/ul>","protected":false},"featured_media":62614,"template":"","meta":[],"product_brand":[896],"product_cat":[91,66,24],"product_tag":[],"class_list":{"0":"post-62613","1":"product","2":"type-product","3":"status-publish","4":"has-post-thumbnail","6":"product_brand-replique-manga-cine","7":"product_cat-katana-les-epees-de-films-et-series","8":"product_cat-repliques-d-armes-films-et-series","9":"product_cat-films-series-tv-vente-de-katana-epee-et-produits-derives","11":"first","12":"instock","13":"taxable","14":"shipping-taxable","15":"purchasable","16":"product-type-simple"},"yoast_head":"<!-- This site is optimized with the Yoast SEO plugin v27.5 - https:\/\/yoast.com\/product\/yoast-seo-wordpress\/ -->\n<title>Rumplestiltskin Dagger - Once Upon a Time - Once Upon a Time - R\u00e9plique Manga Cin\u00e9<\/title>\n<meta name=\"description\" content=\"D\u00e9couvrez cette superbe dague Rumplestiltskin Dagger au meilleur prix. Lame en acier et finement grav\u00e9e. Livr\u00e9 avec son support de pr\u00e9sentation. 42 cm\" \/>\n<meta name=\"robots\" content=\"index, follow, max-snippet:-1, max-image-preview:large, max-video-preview:-1\" \/>\n<link rel=\"canonical\" href=\"https:\/\/repliquemangacine.fr\/en\/katana-swords-from-films-and-series\/rumplestiltskin-dagger\/\" \/>\n<meta property=\"og:locale\" content=\"en_US\" \/>\n<meta property=\"og:type\" content=\"article\" \/>\n<meta property=\"og:title\" content=\"Rumplestiltskin Dagger - Once Upon a Time - Once Upon a Time - R\u00e9plique Manga Cin\u00e9\" \/>\n<meta property=\"og:description\" content=\"D\u00e9couvrez cette superbe dague Rumplestiltskin Dagger au meilleur prix. Lame en acier et finement grav\u00e9e. Livr\u00e9 avec son support de pr\u00e9sentation. 42 cm\" \/>\n<meta property=\"og:url\" content=\"https:\/\/repliquemangacine.fr\/en\/katana-swords-from-films-and-series\/rumplestiltskin-dagger\/\" \/>\n<meta property=\"og:site_name\" content=\"R\u00e9plique Manga Cin\u00e9\" \/>\n<meta property=\"article:publisher\" content=\"https:\/\/www.facebook.com\/RepliqueMangaCine\" \/>\n<meta property=\"article:modified_time\" content=\"2026-04-24T20:09:44+00:00\" \/>\n<meta property=\"og:image\" content=\"https:\/\/repliquemangacine.fr\/wp-content\/uploads\/2023\/10\/ONCE-UPON-A-TIME-1.jpg\" \/>\n\t<meta property=\"og:image:width\" content=\"500\" \/>\n\t<meta property=\"og:image:height\" content=\"500\" \/>\n\t<meta property=\"og:image:type\" content=\"image\/jpeg\" \/>\n<meta name=\"twitter:card\" content=\"summary_large_image\" \/>\n<meta name=\"twitter:label1\" content=\"Est. reading time\" \/>\n\t<meta name=\"twitter:data1\" content=\"3 minutes\" \/>\n<script type=\"application\/ld+json\" class=\"yoast-schema-graph\">{\"@context\":\"https:\\\/\\\/schema.org\",\"@graph\":[{\"@type\":\"WebPage\",\"@id\":\"https:\\\/\\\/repliquemangacine.fr\\\/katana-les-epees-de-films-et-series\\\/rumplestiltskin-dagger\\\/\",\"url\":\"https:\\\/\\\/repliquemangacine.fr\\\/katana-les-epees-de-films-et-series\\\/rumplestiltskin-dagger\\\/\",\"name\":\"Rumplestiltskin Dagger - Once Upon a Time - Once Upon a Time - R\u00e9plique Manga Cin\u00e9\",\"isPartOf\":{\"@id\":\"https:\\\/\\\/repliquemangacine.fr\\\/#website\"},\"primaryImageOfPage\":{\"@id\":\"https:\\\/\\\/repliquemangacine.fr\\\/katana-les-epees-de-films-et-series\\\/rumplestiltskin-dagger\\\/#primaryimage\"},\"image\":{\"@id\":\"https:\\\/\\\/repliquemangacine.fr\\\/katana-les-epees-de-films-et-series\\\/rumplestiltskin-dagger\\\/#primaryimage\"},\"thumbnailUrl\":\"https:\\\/\\\/repliquemangacine.fr\\\/wp-content\\\/uploads\\\/2023\\\/10\\\/ONCE-UPON-A-TIME-1.jpg\",\"datePublished\":\"2023-09-22T15:13:41+00:00\",\"dateModified\":\"2026-04-24T20:09:44+00:00\",\"description\":\"D\u00e9couvrez cette superbe dague Rumplestiltskin Dagger au meilleur prix. Lame en acier et finement grav\u00e9e. Livr\u00e9 avec son support de pr\u00e9sentation. 42 cm\",\"breadcrumb\":{\"@id\":\"https:\\\/\\\/repliquemangacine.fr\\\/katana-les-epees-de-films-et-series\\\/rumplestiltskin-dagger\\\/#breadcrumb\"},\"inLanguage\":\"en-US\",\"potentialAction\":[{\"@type\":\"ReadAction\",\"target\":[\"https:\\\/\\\/repliquemangacine.fr\\\/katana-les-epees-de-films-et-series\\\/rumplestiltskin-dagger\\\/\"]}]},{\"@type\":\"ImageObject\",\"inLanguage\":\"en-US\",\"@id\":\"https:\\\/\\\/repliquemangacine.fr\\\/katana-les-epees-de-films-et-series\\\/rumplestiltskin-dagger\\\/#primaryimage\",\"url\":\"https:\\\/\\\/repliquemangacine.fr\\\/wp-content\\\/uploads\\\/2023\\\/10\\\/ONCE-UPON-A-TIME-1.jpg\",\"contentUrl\":\"https:\\\/\\\/repliquemangacine.fr\\\/wp-content\\\/uploads\\\/2023\\\/10\\\/ONCE-UPON-A-TIME-1.jpg\",\"width\":500,\"height\":500,\"caption\":\"Rumplestiltskin dagger Once Upon a Time\"},{\"@type\":\"BreadcrumbList\",\"@id\":\"https:\\\/\\\/repliquemangacine.fr\\\/katana-les-epees-de-films-et-series\\\/rumplestiltskin-dagger\\\/#breadcrumb\",\"itemListElement\":[{\"@type\":\"ListItem\",\"position\":1,\"name\":\"Accueil\",\"item\":\"https:\\\/\\\/repliquemangacine.fr\\\/\"},{\"@type\":\"ListItem\",\"position\":2,\"name\":\"Produits\",\"item\":\"https:\\\/\\\/repliquemangacine.fr\\\/boutique\\\/\"},{\"@type\":\"ListItem\",\"position\":3,\"name\":\"Rumplestiltskin Dagger &#8211; Once Upon a Time\"}]},{\"@type\":\"WebSite\",\"@id\":\"https:\\\/\\\/repliquemangacine.fr\\\/#website\",\"url\":\"https:\\\/\\\/repliquemangacine.fr\\\/\",\"name\":\"R\u00e9plique Manga Cin\u00e9\",\"description\":\"\",\"publisher\":{\"@id\":\"https:\\\/\\\/repliquemangacine.fr\\\/#organization\"},\"potentialAction\":[{\"@type\":\"SearchAction\",\"target\":{\"@type\":\"EntryPoint\",\"urlTemplate\":\"https:\\\/\\\/repliquemangacine.fr\\\/?s={search_term_string}\"},\"query-input\":{\"@type\":\"PropertyValueSpecification\",\"valueRequired\":true,\"valueName\":\"search_term_string\"}}],\"inLanguage\":\"en-US\"},{\"@type\":\"Organization\",\"@id\":\"https:\\\/\\\/repliquemangacine.fr\\\/#organization\",\"name\":\"R\u00e9plique Manga Cin\u00e9\",\"url\":\"https:\\\/\\\/repliquemangacine.fr\\\/\",\"logo\":{\"@type\":\"ImageObject\",\"inLanguage\":\"en-US\",\"@id\":\"https:\\\/\\\/repliquemangacine.fr\\\/#\\\/schema\\\/logo\\\/image\\\/\",\"url\":\"https:\\\/\\\/repliquemangacine.fr\\\/wp-content\\\/uploads\\\/2023\\\/10\\\/RMC-500250.png\",\"contentUrl\":\"https:\\\/\\\/repliquemangacine.fr\\\/wp-content\\\/uploads\\\/2023\\\/10\\\/RMC-500250.png\",\"width\":500,\"height\":250,\"caption\":\"R\u00e9plique Manga Cin\u00e9\"},\"image\":{\"@id\":\"https:\\\/\\\/repliquemangacine.fr\\\/#\\\/schema\\\/logo\\\/image\\\/\"},\"sameAs\":[\"https:\\\/\\\/www.facebook.com\\\/RepliqueMangaCine\",\"https:\\\/\\\/www.instagram.com\\\/repliquemangacine.fr\\\/\"]}]}<\/script>\n<!-- \/ Yoast SEO plugin. -->","yoast_head_json":{"title":"Rumplestiltskin Dagger - Once Upon a Time - Once Upon a Time - R\u00e9plique Manga Cin\u00e9","description":"Discover this superb Rumplestiltskin Dagger at the best price. Finely engraved steel blade. Supplied with presentation stand. 42 cm long","robots":{"index":"index","follow":"follow","max-snippet":"max-snippet:-1","max-image-preview":"max-image-preview:large","max-video-preview":"max-video-preview:-1"},"canonical":"https:\/\/repliquemangacine.fr\/en\/katana-swords-from-films-and-series\/rumplestiltskin-dagger\/","og_locale":"en_US","og_type":"article","og_title":"Rumplestiltskin Dagger - Once Upon a Time - Once Upon a Time - R\u00e9plique Manga Cin\u00e9","og_description":"D\u00e9couvrez cette superbe dague Rumplestiltskin Dagger au meilleur prix. Lame en acier et finement grav\u00e9e. Livr\u00e9 avec son support de pr\u00e9sentation. 42 cm","og_url":"https:\/\/repliquemangacine.fr\/en\/katana-swords-from-films-and-series\/rumplestiltskin-dagger\/","og_site_name":"R\u00e9plique Manga Cin\u00e9","article_publisher":"https:\/\/www.facebook.com\/RepliqueMangaCine","article_modified_time":"2026-04-24T20:09:44+00:00","og_image":[{"width":500,"height":500,"url":"https:\/\/repliquemangacine.fr\/wp-content\/uploads\/2023\/10\/ONCE-UPON-A-TIME-1.jpg","type":"image\/jpeg"}],"twitter_card":"summary_large_image","twitter_misc":{"Est. reading time":"3 minutes"},"schema":{"@context":"https:\/\/schema.org","@graph":[{"@type":"WebPage","@id":"https:\/\/repliquemangacine.fr\/katana-les-epees-de-films-et-series\/rumplestiltskin-dagger\/","url":"https:\/\/repliquemangacine.fr\/katana-les-epees-de-films-et-series\/rumplestiltskin-dagger\/","name":"Rumplestiltskin Dagger - Once Upon a Time - Once Upon a Time - R\u00e9plique Manga Cin\u00e9","isPartOf":{"@id":"https:\/\/repliquemangacine.fr\/#website"},"primaryImageOfPage":{"@id":"https:\/\/repliquemangacine.fr\/katana-les-epees-de-films-et-series\/rumplestiltskin-dagger\/#primaryimage"},"image":{"@id":"https:\/\/repliquemangacine.fr\/katana-les-epees-de-films-et-series\/rumplestiltskin-dagger\/#primaryimage"},"thumbnailUrl":"https:\/\/repliquemangacine.fr\/wp-content\/uploads\/2023\/10\/ONCE-UPON-A-TIME-1.jpg","datePublished":"2023-09-22T15:13:41+00:00","dateModified":"2026-04-24T20:09:44+00:00","description":"Discover this superb Rumplestiltskin Dagger at the best price. Finely engraved steel blade. Supplied with presentation stand. 42 cm long","breadcrumb":{"@id":"https:\/\/repliquemangacine.fr\/katana-les-epees-de-films-et-series\/rumplestiltskin-dagger\/#breadcrumb"},"inLanguage":"en-US","potentialAction":[{"@type":"ReadAction","target":["https:\/\/repliquemangacine.fr\/katana-les-epees-de-films-et-series\/rumplestiltskin-dagger\/"]}]},{"@type":"ImageObject","inLanguage":"en-US","@id":"https:\/\/repliquemangacine.fr\/katana-les-epees-de-films-et-series\/rumplestiltskin-dagger\/#primaryimage","url":"https:\/\/repliquemangacine.fr\/wp-content\/uploads\/2023\/10\/ONCE-UPON-A-TIME-1.jpg","contentUrl":"https:\/\/repliquemangacine.fr\/wp-content\/uploads\/2023\/10\/ONCE-UPON-A-TIME-1.jpg","width":500,"height":500,"caption":"Rumplestiltskin dagger Once Upon a Time"},{"@type":"BreadcrumbList","@id":"https:\/\/repliquemangacine.fr\/katana-les-epees-de-films-et-series\/rumplestiltskin-dagger\/#breadcrumb","itemListElement":[{"@type":"ListItem","position":1,"name":"Accueil","item":"https:\/\/repliquemangacine.fr\/"},{"@type":"ListItem","position":2,"name":"Produits","item":"https:\/\/repliquemangacine.fr\/boutique\/"},{"@type":"ListItem","position":3,"name":"Rumplestiltskin Dagger &#8211; Once Upon a Time"}]},{"@type":"WebSite","@id":"https:\/\/repliquemangacine.fr\/#website","url":"https:\/\/repliquemangacine.fr\/","name":"R\u00e9plique Manga Cin\u00e9","description":"","publisher":{"@id":"https:\/\/repliquemangacine.fr\/#organization"},"potentialAction":[{"@type":"SearchAction","target":{"@type":"EntryPoint","urlTemplate":"https:\/\/repliquemangacine.fr\/?s={search_term_string}"},"query-input":{"@type":"PropertyValueSpecification","valueRequired":true,"valueName":"search_term_string"}}],"inLanguage":"en-US"},{"@type":"Organization","@id":"https:\/\/repliquemangacine.fr\/#organization","name":"R\u00e9plique Manga Cin\u00e9","url":"https:\/\/repliquemangacine.fr\/","logo":{"@type":"ImageObject","inLanguage":"en-US","@id":"https:\/\/repliquemangacine.fr\/#\/schema\/logo\/image\/","url":"https:\/\/repliquemangacine.fr\/wp-content\/uploads\/2023\/10\/RMC-500250.png","contentUrl":"https:\/\/repliquemangacine.fr\/wp-content\/uploads\/2023\/10\/RMC-500250.png","width":500,"height":250,"caption":"R\u00e9plique Manga Cin\u00e9"},"image":{"@id":"https:\/\/repliquemangacine.fr\/#\/schema\/logo\/image\/"},"sameAs":["https:\/\/www.facebook.com\/RepliqueMangaCine","https:\/\/www.instagram.com\/repliquemangacine.fr\/"]}]}},"_links":{"self":[{"href":"https:\/\/repliquemangacine.fr\/en\/wp-json\/wp\/v2\/product\/62613","targetHints":{"allow":["GET"]}}],"collection":[{"href":"https:\/\/repliquemangacine.fr\/en\/wp-json\/wp\/v2\/product"}],"about":[{"href":"https:\/\/repliquemangacine.fr\/en\/wp-json\/wp\/v2\/types\/product"}],"wp:featuredmedia":[{"embeddable":true,"href":"https:\/\/repliquemangacine.fr\/en\/wp-json\/wp\/v2\/media\/62614"}],"wp:attachment":[{"href":"https:\/\/repliquemangacine.fr\/en\/wp-json\/wp\/v2\/media?parent=62613"}],"wp:term":[{"taxonomy":"product_brand","embeddable":true,"href":"https:\/\/repliquemangacine.fr\/en\/wp-json\/wp\/v2\/product_brand?post=62613"},{"taxonomy":"product_cat","embeddable":true,"href":"https:\/\/repliquemangacine.fr\/en\/wp-json\/wp\/v2\/product_cat?post=62613"},{"taxonomy":"product_tag","embeddable":true,"href":"https:\/\/repliquemangacine.fr\/en\/wp-json\/wp\/v2\/product_tag?post=62613"}],"curies":[{"name":"wp","href":"https:\/\/api.w.org\/{rel}","templated":true}]}}