





{"id":62037,"date":"2023-08-08T15:21:23","date_gmt":"2023-08-08T13:21:23","guid":{"rendered":"https:\/\/repliquemangacine.fr\/?post_type=product&#038;p=62037"},"modified":"2025-11-18T21:24:04","modified_gmt":"2025-11-18T20:24:04","slug":"kili-the-hobbit-sword","status":"publish","type":"product","link":"https:\/\/repliquemangacine.fr\/en\/epees-the-hobbit\/epee-de-kili-the-hobbit\/","title":{"rendered":"Sword of Kili The Hobbit"},"content":{"rendered":"<h2>Kili sword The Hobbit - The battle of the five armies.<\/h2>\n<p>To begin with, the<strong>Sword of Kili The Hobbit<\/strong>kili's final sword in opus three \"The Battle of the Five Armies\". With this sword, Kili fights fiercely against the orc Bolg to save his beloved Tauriel. Unfortunately, he dies during the battle. Tauriel discovers too late that she really does love the cheeky young dwarf.<\/p>\n<p><a href=\"https:\/\/lotr.fandom.com\/fr\/wiki\/K\u00edli#Dans_les_films\" target=\"_blank\" rel=\"noopener noreferrer\">Kili<\/a> is F\u00edli's younger brother and Thorin II Oakenshield's nephew. He is part of Thorin's Company, which sets out to reclaim Erebor. During the unexpected reception, he arrives at Bilbo's house with F\u00edli, both carrying a bag of tools and shovels.<\/p>\n<p>He loves to have fun, and nothing can dampen his good mood. He is a skilled swordsman and expert archer who has been training with weapons since he was a child.<\/p>\n<h2>Your Kili The Hobbit Sword at the best price.<\/h2>\n<p>We offer a wide selection of replicas from The Hobbit trilogy.<\/p>\n<p>First and foremost,<\/p>\n<ul>\n<li>L'<a href=\"https:\/\/repliquemangacine.fr\/en\/swords-the-hobbit\/orcrist-sword-thorin-sword\/\">Orcrist sword<\/a>the \"Goblin Slayer\" nicknamed Mordeuse.<\/li>\n<li>There are also swords <a href=\"https:\/\/repliquemangacine.fr\/en\/swords-the-hobbit\/tauriel-daggers-the-hobbit\/\">Tauriel's daggers<\/a> .<\/li>\n<li>As well as the<a href=\"https:\/\/repliquemangacine.fr\/en\/swords-the-hobbit\/bard-the-hobbits-sword\/\">Bard's sword<\/a> the hobbit.<\/li>\n<li>And many more to discover in our online store!<\/li>\n<\/ul>\n<p>That's why here are some great gift ideas for all fans of The Hobbit trilogy.<\/p>\n<p>In conclusion, you can use the\u2019<strong>Sword of Kili The Hobbit<\/strong> for your cosplay parades and theme parties. But above all, this sword is a collector's item and decorative piece.<\/p>\n<p>R\u00e9plique Manga Cin\u00e9 is a French family business.<\/p>\n<h2>How to maintain the blade of your The Hobbit sword?<\/h2>\n<p>Collector's and decorative swords are made and assembled in a simplified way. As their use is decorative, they lack the safety features required of a Japanese sword intended for training.<\/p>\n<p>However, your <strong>Sword of Kili The Hobbit<\/strong> to a steel blade that needs to be cared for to avoid damage over time. In fact, when you display your katana, your friends will be curious to see the blade and touch it. This is where you need to be careful, as the acidity of your fingers is very harmful to steel, whatever its quality.<\/p>\n<p>However, if this does happen, don't panic - all you need is a cloth dampened with a little oil and a wipe of fingerprints. By doing so, you'll keep your sword looking its best for a very long time.<\/p>","protected":false},"excerpt":{"rendered":"<p>Superb replica of Kili's last sword from his battle with the orc Bolg.<\/p>\n<ul>\n<li>440 steel blade, the tip of the blade is broken off, just like in the film.<\/li>\n<li>Guard and pommel in specially shaped solid steel.<\/li>\n<li>Decorated handle<\/li>\n<li>Decorated wall support plate<\/li>\n<li>Total length: 93.5 cm<\/li>\n<\/ul>","protected":false},"featured_media":62038,"template":"","meta":[],"product_brand":[896],"product_cat":[69,24,35],"product_tag":[],"class_list":{"0":"post-62037","1":"product","2":"type-product","3":"status-publish","4":"has-post-thumbnail","6":"product_brand-replique-manga-cine","7":"product_cat-epees-the-hobbit","8":"product_cat-films-series-tv-vente-de-katana-epee-et-produits-derives","9":"product_cat-epee-et-bijoux-the-hobbit","11":"first","12":"instock","13":"sale","14":"taxable","15":"shipping-taxable","16":"purchasable","17":"product-type-simple"},"yoast_head":"<!-- This site is optimized with the Yoast SEO plugin v27.5 - https:\/\/yoast.com\/product\/yoast-seo-wordpress\/ -->\n<title>Ep\u00e9e de Kili The Hobbit - Vente \u00e9p\u00e9e et katana de film - R\u00e9plique Manga Cin\u00e9<\/title>\n<meta name=\"description\" content=\"D\u00e9couvrez cette superbe Ep\u00e9e de Kili The Hobbit au meilleur prix. Lame en acier 440. Garde et pommeau en acier d\u00e9cor\u00e9. Support mural. Longueur : 93.5 cm\" \/>\n<meta name=\"robots\" content=\"index, follow, max-snippet:-1, max-image-preview:large, max-video-preview:-1\" \/>\n<link rel=\"canonical\" href=\"https:\/\/repliquemangacine.fr\/en\/swords-the-hobbit\/kili-the-hobbit-sword\/\" \/>\n<meta property=\"og:locale\" content=\"en_US\" \/>\n<meta property=\"og:type\" content=\"article\" \/>\n<meta property=\"og:title\" content=\"Ep\u00e9e de Kili The Hobbit - Vente \u00e9p\u00e9e et katana de film - R\u00e9plique Manga Cin\u00e9\" \/>\n<meta property=\"og:description\" content=\"D\u00e9couvrez cette superbe Ep\u00e9e de Kili The Hobbit au meilleur prix. Lame en acier 440. Garde et pommeau en acier d\u00e9cor\u00e9. Support mural. Longueur : 93.5 cm\" \/>\n<meta property=\"og:url\" content=\"https:\/\/repliquemangacine.fr\/en\/swords-the-hobbit\/kili-the-hobbit-sword\/\" \/>\n<meta property=\"og:site_name\" content=\"R\u00e9plique Manga Cin\u00e9\" \/>\n<meta property=\"article:publisher\" content=\"https:\/\/www.facebook.com\/RepliqueMangaCine\" \/>\n<meta property=\"article:modified_time\" content=\"2025-11-18T20:24:04+00:00\" \/>\n<meta property=\"og:image\" content=\"https:\/\/repliquemangacine.fr\/wp-content\/uploads\/2023\/10\/epee-de-kili.jpg\" \/>\n\t<meta property=\"og:image:width\" content=\"500\" \/>\n\t<meta property=\"og:image:height\" content=\"500\" \/>\n\t<meta property=\"og:image:type\" content=\"image\/jpeg\" \/>\n<meta name=\"twitter:card\" content=\"summary_large_image\" \/>\n<meta name=\"twitter:label1\" content=\"Est. reading time\" \/>\n\t<meta name=\"twitter:data1\" content=\"3 minutes\" \/>\n<script type=\"application\/ld+json\" class=\"yoast-schema-graph\">{\"@context\":\"https:\\\/\\\/schema.org\",\"@graph\":[{\"@type\":\"WebPage\",\"@id\":\"https:\\\/\\\/repliquemangacine.fr\\\/epees-the-hobbit\\\/epee-de-kili-the-hobbit\\\/\",\"url\":\"https:\\\/\\\/repliquemangacine.fr\\\/epees-the-hobbit\\\/epee-de-kili-the-hobbit\\\/\",\"name\":\"Ep\u00e9e de Kili The Hobbit - Vente \u00e9p\u00e9e et katana de film - R\u00e9plique Manga Cin\u00e9\",\"isPartOf\":{\"@id\":\"https:\\\/\\\/repliquemangacine.fr\\\/#website\"},\"primaryImageOfPage\":{\"@id\":\"https:\\\/\\\/repliquemangacine.fr\\\/epees-the-hobbit\\\/epee-de-kili-the-hobbit\\\/#primaryimage\"},\"image\":{\"@id\":\"https:\\\/\\\/repliquemangacine.fr\\\/epees-the-hobbit\\\/epee-de-kili-the-hobbit\\\/#primaryimage\"},\"thumbnailUrl\":\"https:\\\/\\\/repliquemangacine.fr\\\/wp-content\\\/uploads\\\/2023\\\/10\\\/epee-de-kili.jpg\",\"datePublished\":\"2023-08-08T13:21:23+00:00\",\"dateModified\":\"2025-11-18T20:24:04+00:00\",\"description\":\"D\u00e9couvrez cette superbe Ep\u00e9e de Kili The Hobbit au meilleur prix. Lame en acier 440. Garde et pommeau en acier d\u00e9cor\u00e9. Support mural. Longueur : 93.5 cm\",\"breadcrumb\":{\"@id\":\"https:\\\/\\\/repliquemangacine.fr\\\/epees-the-hobbit\\\/epee-de-kili-the-hobbit\\\/#breadcrumb\"},\"inLanguage\":\"en-US\",\"potentialAction\":[{\"@type\":\"ReadAction\",\"target\":[\"https:\\\/\\\/repliquemangacine.fr\\\/epees-the-hobbit\\\/epee-de-kili-the-hobbit\\\/\"]}]},{\"@type\":\"ImageObject\",\"inLanguage\":\"en-US\",\"@id\":\"https:\\\/\\\/repliquemangacine.fr\\\/epees-the-hobbit\\\/epee-de-kili-the-hobbit\\\/#primaryimage\",\"url\":\"https:\\\/\\\/repliquemangacine.fr\\\/wp-content\\\/uploads\\\/2023\\\/10\\\/epee-de-kili.jpg\",\"contentUrl\":\"https:\\\/\\\/repliquemangacine.fr\\\/wp-content\\\/uploads\\\/2023\\\/10\\\/epee-de-kili.jpg\",\"width\":500,\"height\":500,\"caption\":\"Ep\u00e9e de Kili The Hobbit\"},{\"@type\":\"BreadcrumbList\",\"@id\":\"https:\\\/\\\/repliquemangacine.fr\\\/epees-the-hobbit\\\/epee-de-kili-the-hobbit\\\/#breadcrumb\",\"itemListElement\":[{\"@type\":\"ListItem\",\"position\":1,\"name\":\"Accueil\",\"item\":\"https:\\\/\\\/repliquemangacine.fr\\\/\"},{\"@type\":\"ListItem\",\"position\":2,\"name\":\"Produits\",\"item\":\"https:\\\/\\\/repliquemangacine.fr\\\/boutique\\\/\"},{\"@type\":\"ListItem\",\"position\":3,\"name\":\"Ep\u00e9e de Kili The Hobbit\"}]},{\"@type\":\"WebSite\",\"@id\":\"https:\\\/\\\/repliquemangacine.fr\\\/#website\",\"url\":\"https:\\\/\\\/repliquemangacine.fr\\\/\",\"name\":\"R\u00e9plique Manga Cin\u00e9\",\"description\":\"\",\"publisher\":{\"@id\":\"https:\\\/\\\/repliquemangacine.fr\\\/#organization\"},\"potentialAction\":[{\"@type\":\"SearchAction\",\"target\":{\"@type\":\"EntryPoint\",\"urlTemplate\":\"https:\\\/\\\/repliquemangacine.fr\\\/?s={search_term_string}\"},\"query-input\":{\"@type\":\"PropertyValueSpecification\",\"valueRequired\":true,\"valueName\":\"search_term_string\"}}],\"inLanguage\":\"en-US\"},{\"@type\":\"Organization\",\"@id\":\"https:\\\/\\\/repliquemangacine.fr\\\/#organization\",\"name\":\"R\u00e9plique Manga Cin\u00e9\",\"url\":\"https:\\\/\\\/repliquemangacine.fr\\\/\",\"logo\":{\"@type\":\"ImageObject\",\"inLanguage\":\"en-US\",\"@id\":\"https:\\\/\\\/repliquemangacine.fr\\\/#\\\/schema\\\/logo\\\/image\\\/\",\"url\":\"https:\\\/\\\/repliquemangacine.fr\\\/wp-content\\\/uploads\\\/2023\\\/10\\\/RMC-500250.png\",\"contentUrl\":\"https:\\\/\\\/repliquemangacine.fr\\\/wp-content\\\/uploads\\\/2023\\\/10\\\/RMC-500250.png\",\"width\":500,\"height\":250,\"caption\":\"R\u00e9plique Manga Cin\u00e9\"},\"image\":{\"@id\":\"https:\\\/\\\/repliquemangacine.fr\\\/#\\\/schema\\\/logo\\\/image\\\/\"},\"sameAs\":[\"https:\\\/\\\/www.facebook.com\\\/RepliqueMangaCine\",\"https:\\\/\\\/www.instagram.com\\\/repliquemangacine.fr\\\/\"]}]}<\/script>\n<!-- \/ Yoast SEO plugin. -->","yoast_head_json":{"title":"Kili The Hobbit sword - Movie sword and katana for sale - R\u00e9plique Manga Cin\u00e9","description":"Discover this superb Kili The Hobbit sword at the best price. 440 steel blade. Decorated steel hilt and pommel. Wall bracket. Length : 93.5 cm","robots":{"index":"index","follow":"follow","max-snippet":"max-snippet:-1","max-image-preview":"max-image-preview:large","max-video-preview":"max-video-preview:-1"},"canonical":"https:\/\/repliquemangacine.fr\/en\/swords-the-hobbit\/kili-the-hobbit-sword\/","og_locale":"en_US","og_type":"article","og_title":"Ep\u00e9e de Kili The Hobbit - Vente \u00e9p\u00e9e et katana de film - R\u00e9plique Manga Cin\u00e9","og_description":"D\u00e9couvrez cette superbe Ep\u00e9e de Kili The Hobbit au meilleur prix. Lame en acier 440. Garde et pommeau en acier d\u00e9cor\u00e9. Support mural. Longueur : 93.5 cm","og_url":"https:\/\/repliquemangacine.fr\/en\/swords-the-hobbit\/kili-the-hobbit-sword\/","og_site_name":"R\u00e9plique Manga Cin\u00e9","article_publisher":"https:\/\/www.facebook.com\/RepliqueMangaCine","article_modified_time":"2025-11-18T20:24:04+00:00","og_image":[{"width":500,"height":500,"url":"https:\/\/repliquemangacine.fr\/wp-content\/uploads\/2023\/10\/epee-de-kili.jpg","type":"image\/jpeg"}],"twitter_card":"summary_large_image","twitter_misc":{"Est. reading time":"3 minutes"},"schema":{"@context":"https:\/\/schema.org","@graph":[{"@type":"WebPage","@id":"https:\/\/repliquemangacine.fr\/epees-the-hobbit\/epee-de-kili-the-hobbit\/","url":"https:\/\/repliquemangacine.fr\/epees-the-hobbit\/epee-de-kili-the-hobbit\/","name":"Kili The Hobbit sword - Movie sword and katana for sale - R\u00e9plique Manga Cin\u00e9","isPartOf":{"@id":"https:\/\/repliquemangacine.fr\/#website"},"primaryImageOfPage":{"@id":"https:\/\/repliquemangacine.fr\/epees-the-hobbit\/epee-de-kili-the-hobbit\/#primaryimage"},"image":{"@id":"https:\/\/repliquemangacine.fr\/epees-the-hobbit\/epee-de-kili-the-hobbit\/#primaryimage"},"thumbnailUrl":"https:\/\/repliquemangacine.fr\/wp-content\/uploads\/2023\/10\/epee-de-kili.jpg","datePublished":"2023-08-08T13:21:23+00:00","dateModified":"2025-11-18T20:24:04+00:00","description":"Discover this superb Kili The Hobbit sword at the best price. 440 steel blade. Decorated steel hilt and pommel. Wall bracket. Length : 93.5 cm","breadcrumb":{"@id":"https:\/\/repliquemangacine.fr\/epees-the-hobbit\/epee-de-kili-the-hobbit\/#breadcrumb"},"inLanguage":"en-US","potentialAction":[{"@type":"ReadAction","target":["https:\/\/repliquemangacine.fr\/epees-the-hobbit\/epee-de-kili-the-hobbit\/"]}]},{"@type":"ImageObject","inLanguage":"en-US","@id":"https:\/\/repliquemangacine.fr\/epees-the-hobbit\/epee-de-kili-the-hobbit\/#primaryimage","url":"https:\/\/repliquemangacine.fr\/wp-content\/uploads\/2023\/10\/epee-de-kili.jpg","contentUrl":"https:\/\/repliquemangacine.fr\/wp-content\/uploads\/2023\/10\/epee-de-kili.jpg","width":500,"height":500,"caption":"Ep\u00e9e de Kili The Hobbit"},{"@type":"BreadcrumbList","@id":"https:\/\/repliquemangacine.fr\/epees-the-hobbit\/epee-de-kili-the-hobbit\/#breadcrumb","itemListElement":[{"@type":"ListItem","position":1,"name":"Accueil","item":"https:\/\/repliquemangacine.fr\/"},{"@type":"ListItem","position":2,"name":"Produits","item":"https:\/\/repliquemangacine.fr\/boutique\/"},{"@type":"ListItem","position":3,"name":"Ep\u00e9e de Kili The Hobbit"}]},{"@type":"WebSite","@id":"https:\/\/repliquemangacine.fr\/#website","url":"https:\/\/repliquemangacine.fr\/","name":"R\u00e9plique Manga Cin\u00e9","description":"","publisher":{"@id":"https:\/\/repliquemangacine.fr\/#organization"},"potentialAction":[{"@type":"SearchAction","target":{"@type":"EntryPoint","urlTemplate":"https:\/\/repliquemangacine.fr\/?s={search_term_string}"},"query-input":{"@type":"PropertyValueSpecification","valueRequired":true,"valueName":"search_term_string"}}],"inLanguage":"en-US"},{"@type":"Organization","@id":"https:\/\/repliquemangacine.fr\/#organization","name":"R\u00e9plique Manga Cin\u00e9","url":"https:\/\/repliquemangacine.fr\/","logo":{"@type":"ImageObject","inLanguage":"en-US","@id":"https:\/\/repliquemangacine.fr\/#\/schema\/logo\/image\/","url":"https:\/\/repliquemangacine.fr\/wp-content\/uploads\/2023\/10\/RMC-500250.png","contentUrl":"https:\/\/repliquemangacine.fr\/wp-content\/uploads\/2023\/10\/RMC-500250.png","width":500,"height":250,"caption":"R\u00e9plique Manga Cin\u00e9"},"image":{"@id":"https:\/\/repliquemangacine.fr\/#\/schema\/logo\/image\/"},"sameAs":["https:\/\/www.facebook.com\/RepliqueMangaCine","https:\/\/www.instagram.com\/repliquemangacine.fr\/"]}]}},"_links":{"self":[{"href":"https:\/\/repliquemangacine.fr\/en\/wp-json\/wp\/v2\/product\/62037","targetHints":{"allow":["GET"]}}],"collection":[{"href":"https:\/\/repliquemangacine.fr\/en\/wp-json\/wp\/v2\/product"}],"about":[{"href":"https:\/\/repliquemangacine.fr\/en\/wp-json\/wp\/v2\/types\/product"}],"wp:featuredmedia":[{"embeddable":true,"href":"https:\/\/repliquemangacine.fr\/en\/wp-json\/wp\/v2\/media\/62038"}],"wp:attachment":[{"href":"https:\/\/repliquemangacine.fr\/en\/wp-json\/wp\/v2\/media?parent=62037"}],"wp:term":[{"taxonomy":"product_brand","embeddable":true,"href":"https:\/\/repliquemangacine.fr\/en\/wp-json\/wp\/v2\/product_brand?post=62037"},{"taxonomy":"product_cat","embeddable":true,"href":"https:\/\/repliquemangacine.fr\/en\/wp-json\/wp\/v2\/product_cat?post=62037"},{"taxonomy":"product_tag","embeddable":true,"href":"https:\/\/repliquemangacine.fr\/en\/wp-json\/wp\/v2\/product_tag?post=62037"}],"curies":[{"name":"wp","href":"https:\/\/api.w.org\/{rel}","templated":true}]}}