





{"id":62032,"date":"2023-08-08T11:58:14","date_gmt":"2023-08-08T09:58:14","guid":{"rendered":"https:\/\/repliquemangacine.fr\/?post_type=product&#038;p=62032"},"modified":"2026-04-22T14:47:44","modified_gmt":"2026-04-22T12:47:44","slug":"wall-bracket-15-cm","status":"publish","type":"product","link":"https:\/\/repliquemangacine.fr\/en\/accessoires-katana\/support-mural-15-cm\/","title":{"rendered":"Wall bracket 15 cm"},"content":{"rendered":"<h2>Wall bracket 15 cm<\/h2>\n<p>To begin with, the <strong>Wall bracket 15 cm<\/strong> a place, an essential role in displaying your katanas. Its stands are designed to enhance your collection and your interior. Easy to assemble, either by slotting together for free-standing stands, or with two screws for wall-mounted stands.<\/p>\n<p>There are several versions of supports for katanas, swords or sabres with different presentations, for example:<\/p>\n<ul>\n<li>Wall-mounted brackets: designed to be fixed to the wall for a hanging display, giving your weapons display an elegant, decorative touch. They can be made of wood or metal<\/li>\n<li>Free-standing brackets: designed for display on furniture, tables or desks. Generally made of wood, they fit together without nails or screws.<\/li>\n<li>Vertical supports: Generally made of wood, designed to display your katana vertically.<\/li>\n<\/ul>\n<h2>Your replica katanas and swords at the best price.<\/h2>\n<p>We offer a wide selection of inexpensive reproductions of swords and katanas.<\/p>\n<p>First and foremost,<\/p>\n<ul>\n<li>Visit <a href=\"https:\/\/repliquemangacine.fr\/en\/katana-demon-slayer\/kyojuro-rengoku-demon-slayer-katana\/\">Kyojuro's katana<\/a> in the animated manga Demon Slayer, as well as all your favorite characters.<\/li>\n<li>As well as the<a href=\"https:\/\/repliquemangacine.fr\/en\/katana-one-piece\/shanks-le-roux-sword\/\">sword of Shanks the redhead<\/a> In One Piece, there are also all Zoro's swords.<\/li>\n<li>For your cosplay parades, the <a href=\"https:\/\/repliquemangacine.fr\/en\/katana-accessories\/belt-for-3-katanas\/\">belt of 3 katanas<\/a> will be ideal for your manga conventions.<\/li>\n<li>And much, much more to discover in our online store!<\/li>\n<\/ul>\n<p>That's why here are some great gift ideas for all lovers of Japanese art.<\/p>\n<p>In conclusion, you can use your <strong>Wall bracket 15 cm<\/strong> to display all your collectible weapons.<\/p>\n<p>R\u00e9plique Manga Cin\u00e9 is a French family business and official distributor of the brand <a href=\"https:\/\/www.denix.fr\/\" target=\"_blank\" rel=\"noopener noreferrer\">Denix<\/a> and Kolser.<\/p>","protected":false},"excerpt":{"rendered":"<p>Superb 15 cm wall bracket for katana or sword.<\/p>\n<ul>\n<li>All in black wood<\/li>\n<li>Red velvet protection for katana location<\/li>\n<li>Height: 15 cm<\/li>\n<\/ul>","protected":false},"featured_media":62033,"template":"","meta":[],"product_brand":[896],"product_cat":[50,26],"product_tag":[],"class_list":{"0":"post-62032","1":"product","2":"type-product","3":"status-publish","4":"has-post-thumbnail","6":"product_brand-replique-manga-cine","7":"product_cat-accessoires-katana","8":"product_cat-katana-epee","10":"first","11":"instock","12":"taxable","13":"shipping-taxable","14":"purchasable","15":"product-type-simple"},"yoast_head":"<!-- This site is optimized with the Yoast SEO plugin v27.5 - https:\/\/yoast.com\/product\/yoast-seo-wordpress\/ -->\n<title>Support mural 15 cm - Vente en ligne de katana manga - R\u00e9plique Manga Cin\u00e9<\/title>\n<meta name=\"description\" content=\"Superbe nouveaut\u00e9 que ce Support mural 15 cm pour katana ou \u00e9p\u00e9e. Tout en bois. Velours rouge de protection pour poser le katana. Hauteur : 15 cm\" \/>\n<meta name=\"robots\" content=\"index, follow, max-snippet:-1, max-image-preview:large, max-video-preview:-1\" \/>\n<link rel=\"canonical\" href=\"https:\/\/repliquemangacine.fr\/en\/katana-accessories\/wall-bracket-15-cm\/\" \/>\n<meta property=\"og:locale\" content=\"en_US\" \/>\n<meta property=\"og:type\" content=\"article\" \/>\n<meta property=\"og:title\" content=\"Support mural 15 cm - Vente en ligne de katana manga - R\u00e9plique Manga Cin\u00e9\" \/>\n<meta property=\"og:description\" content=\"Superbe nouveaut\u00e9 que ce Support mural 15 cm pour katana ou \u00e9p\u00e9e. Tout en bois. Velours rouge de protection pour poser le katana. Hauteur : 15 cm\" \/>\n<meta property=\"og:url\" content=\"https:\/\/repliquemangacine.fr\/en\/katana-accessories\/wall-bracket-15-cm\/\" \/>\n<meta property=\"og:site_name\" content=\"R\u00e9plique Manga Cin\u00e9\" \/>\n<meta property=\"article:publisher\" content=\"https:\/\/www.facebook.com\/RepliqueMangaCine\" \/>\n<meta property=\"article:modified_time\" content=\"2026-04-22T12:47:44+00:00\" \/>\n<meta property=\"og:image\" content=\"https:\/\/repliquemangacine.fr\/wp-content\/uploads\/2023\/10\/support-mural.jpg\" \/>\n\t<meta property=\"og:image:width\" content=\"500\" \/>\n\t<meta property=\"og:image:height\" content=\"500\" \/>\n\t<meta property=\"og:image:type\" content=\"image\/jpeg\" \/>\n<meta name=\"twitter:card\" content=\"summary_large_image\" \/>\n<meta name=\"twitter:label1\" content=\"Est. reading time\" \/>\n\t<meta name=\"twitter:data1\" content=\"2 minutes\" \/>\n<script type=\"application\/ld+json\" class=\"yoast-schema-graph\">{\"@context\":\"https:\\\/\\\/schema.org\",\"@graph\":[{\"@type\":\"WebPage\",\"@id\":\"https:\\\/\\\/repliquemangacine.fr\\\/accessoires-katana\\\/support-mural-15-cm\\\/\",\"url\":\"https:\\\/\\\/repliquemangacine.fr\\\/accessoires-katana\\\/support-mural-15-cm\\\/\",\"name\":\"Support mural 15 cm - Vente en ligne de katana manga - R\u00e9plique Manga Cin\u00e9\",\"isPartOf\":{\"@id\":\"https:\\\/\\\/repliquemangacine.fr\\\/#website\"},\"primaryImageOfPage\":{\"@id\":\"https:\\\/\\\/repliquemangacine.fr\\\/accessoires-katana\\\/support-mural-15-cm\\\/#primaryimage\"},\"image\":{\"@id\":\"https:\\\/\\\/repliquemangacine.fr\\\/accessoires-katana\\\/support-mural-15-cm\\\/#primaryimage\"},\"thumbnailUrl\":\"https:\\\/\\\/repliquemangacine.fr\\\/wp-content\\\/uploads\\\/2023\\\/10\\\/support-mural.jpg\",\"datePublished\":\"2023-08-08T09:58:14+00:00\",\"dateModified\":\"2026-04-22T12:47:44+00:00\",\"description\":\"Superbe nouveaut\u00e9 que ce Support mural 15 cm pour katana ou \u00e9p\u00e9e. Tout en bois. Velours rouge de protection pour poser le katana. Hauteur : 15 cm\",\"breadcrumb\":{\"@id\":\"https:\\\/\\\/repliquemangacine.fr\\\/accessoires-katana\\\/support-mural-15-cm\\\/#breadcrumb\"},\"inLanguage\":\"en-US\",\"potentialAction\":[{\"@type\":\"ReadAction\",\"target\":[\"https:\\\/\\\/repliquemangacine.fr\\\/accessoires-katana\\\/support-mural-15-cm\\\/\"]}]},{\"@type\":\"ImageObject\",\"inLanguage\":\"en-US\",\"@id\":\"https:\\\/\\\/repliquemangacine.fr\\\/accessoires-katana\\\/support-mural-15-cm\\\/#primaryimage\",\"url\":\"https:\\\/\\\/repliquemangacine.fr\\\/wp-content\\\/uploads\\\/2023\\\/10\\\/support-mural.jpg\",\"contentUrl\":\"https:\\\/\\\/repliquemangacine.fr\\\/wp-content\\\/uploads\\\/2023\\\/10\\\/support-mural.jpg\",\"width\":500,\"height\":500,\"caption\":\"Support mural 15 cm, une place\"},{\"@type\":\"BreadcrumbList\",\"@id\":\"https:\\\/\\\/repliquemangacine.fr\\\/accessoires-katana\\\/support-mural-15-cm\\\/#breadcrumb\",\"itemListElement\":[{\"@type\":\"ListItem\",\"position\":1,\"name\":\"Accueil\",\"item\":\"https:\\\/\\\/repliquemangacine.fr\\\/\"},{\"@type\":\"ListItem\",\"position\":2,\"name\":\"Produits\",\"item\":\"https:\\\/\\\/repliquemangacine.fr\\\/boutique\\\/\"},{\"@type\":\"ListItem\",\"position\":3,\"name\":\"Support mural 15 cm\"}]},{\"@type\":\"WebSite\",\"@id\":\"https:\\\/\\\/repliquemangacine.fr\\\/#website\",\"url\":\"https:\\\/\\\/repliquemangacine.fr\\\/\",\"name\":\"R\u00e9plique Manga Cin\u00e9\",\"description\":\"\",\"publisher\":{\"@id\":\"https:\\\/\\\/repliquemangacine.fr\\\/#organization\"},\"potentialAction\":[{\"@type\":\"SearchAction\",\"target\":{\"@type\":\"EntryPoint\",\"urlTemplate\":\"https:\\\/\\\/repliquemangacine.fr\\\/?s={search_term_string}\"},\"query-input\":{\"@type\":\"PropertyValueSpecification\",\"valueRequired\":true,\"valueName\":\"search_term_string\"}}],\"inLanguage\":\"en-US\"},{\"@type\":\"Organization\",\"@id\":\"https:\\\/\\\/repliquemangacine.fr\\\/#organization\",\"name\":\"R\u00e9plique Manga Cin\u00e9\",\"url\":\"https:\\\/\\\/repliquemangacine.fr\\\/\",\"logo\":{\"@type\":\"ImageObject\",\"inLanguage\":\"en-US\",\"@id\":\"https:\\\/\\\/repliquemangacine.fr\\\/#\\\/schema\\\/logo\\\/image\\\/\",\"url\":\"https:\\\/\\\/repliquemangacine.fr\\\/wp-content\\\/uploads\\\/2023\\\/10\\\/RMC-500250.png\",\"contentUrl\":\"https:\\\/\\\/repliquemangacine.fr\\\/wp-content\\\/uploads\\\/2023\\\/10\\\/RMC-500250.png\",\"width\":500,\"height\":250,\"caption\":\"R\u00e9plique Manga Cin\u00e9\"},\"image\":{\"@id\":\"https:\\\/\\\/repliquemangacine.fr\\\/#\\\/schema\\\/logo\\\/image\\\/\"},\"sameAs\":[\"https:\\\/\\\/www.facebook.com\\\/RepliqueMangaCine\",\"https:\\\/\\\/www.instagram.com\\\/repliquemangacine.fr\\\/\"]}]}<\/script>\n<!-- \/ Yoast SEO plugin. -->","yoast_head_json":{"title":"15 cm wall bracket - Manga katana online sale - R\u00e9plique Manga Cin\u00e9","description":"Superb novelty, this 15 cm wall-mounted holder for katana or sword. All in wood. Red velvet for katana protection. Height: 15 cm","robots":{"index":"index","follow":"follow","max-snippet":"max-snippet:-1","max-image-preview":"max-image-preview:large","max-video-preview":"max-video-preview:-1"},"canonical":"https:\/\/repliquemangacine.fr\/en\/katana-accessories\/wall-bracket-15-cm\/","og_locale":"en_US","og_type":"article","og_title":"Support mural 15 cm - Vente en ligne de katana manga - R\u00e9plique Manga Cin\u00e9","og_description":"Superbe nouveaut\u00e9 que ce Support mural 15 cm pour katana ou \u00e9p\u00e9e. Tout en bois. Velours rouge de protection pour poser le katana. Hauteur : 15 cm","og_url":"https:\/\/repliquemangacine.fr\/en\/katana-accessories\/wall-bracket-15-cm\/","og_site_name":"R\u00e9plique Manga Cin\u00e9","article_publisher":"https:\/\/www.facebook.com\/RepliqueMangaCine","article_modified_time":"2026-04-22T12:47:44+00:00","og_image":[{"width":500,"height":500,"url":"https:\/\/repliquemangacine.fr\/wp-content\/uploads\/2023\/10\/support-mural.jpg","type":"image\/jpeg"}],"twitter_card":"summary_large_image","twitter_misc":{"Est. reading time":"2 minutes"},"schema":{"@context":"https:\/\/schema.org","@graph":[{"@type":"WebPage","@id":"https:\/\/repliquemangacine.fr\/accessoires-katana\/support-mural-15-cm\/","url":"https:\/\/repliquemangacine.fr\/accessoires-katana\/support-mural-15-cm\/","name":"15 cm wall bracket - Manga katana online sale - R\u00e9plique Manga Cin\u00e9","isPartOf":{"@id":"https:\/\/repliquemangacine.fr\/#website"},"primaryImageOfPage":{"@id":"https:\/\/repliquemangacine.fr\/accessoires-katana\/support-mural-15-cm\/#primaryimage"},"image":{"@id":"https:\/\/repliquemangacine.fr\/accessoires-katana\/support-mural-15-cm\/#primaryimage"},"thumbnailUrl":"https:\/\/repliquemangacine.fr\/wp-content\/uploads\/2023\/10\/support-mural.jpg","datePublished":"2023-08-08T09:58:14+00:00","dateModified":"2026-04-22T12:47:44+00:00","description":"Superb novelty, this 15 cm wall-mounted holder for katana or sword. All in wood. Red velvet for katana protection. Height: 15 cm","breadcrumb":{"@id":"https:\/\/repliquemangacine.fr\/accessoires-katana\/support-mural-15-cm\/#breadcrumb"},"inLanguage":"en-US","potentialAction":[{"@type":"ReadAction","target":["https:\/\/repliquemangacine.fr\/accessoires-katana\/support-mural-15-cm\/"]}]},{"@type":"ImageObject","inLanguage":"en-US","@id":"https:\/\/repliquemangacine.fr\/accessoires-katana\/support-mural-15-cm\/#primaryimage","url":"https:\/\/repliquemangacine.fr\/wp-content\/uploads\/2023\/10\/support-mural.jpg","contentUrl":"https:\/\/repliquemangacine.fr\/wp-content\/uploads\/2023\/10\/support-mural.jpg","width":500,"height":500,"caption":"Support mural 15 cm, une place"},{"@type":"BreadcrumbList","@id":"https:\/\/repliquemangacine.fr\/accessoires-katana\/support-mural-15-cm\/#breadcrumb","itemListElement":[{"@type":"ListItem","position":1,"name":"Accueil","item":"https:\/\/repliquemangacine.fr\/"},{"@type":"ListItem","position":2,"name":"Produits","item":"https:\/\/repliquemangacine.fr\/boutique\/"},{"@type":"ListItem","position":3,"name":"Support mural 15 cm"}]},{"@type":"WebSite","@id":"https:\/\/repliquemangacine.fr\/#website","url":"https:\/\/repliquemangacine.fr\/","name":"R\u00e9plique Manga Cin\u00e9","description":"","publisher":{"@id":"https:\/\/repliquemangacine.fr\/#organization"},"potentialAction":[{"@type":"SearchAction","target":{"@type":"EntryPoint","urlTemplate":"https:\/\/repliquemangacine.fr\/?s={search_term_string}"},"query-input":{"@type":"PropertyValueSpecification","valueRequired":true,"valueName":"search_term_string"}}],"inLanguage":"en-US"},{"@type":"Organization","@id":"https:\/\/repliquemangacine.fr\/#organization","name":"R\u00e9plique Manga Cin\u00e9","url":"https:\/\/repliquemangacine.fr\/","logo":{"@type":"ImageObject","inLanguage":"en-US","@id":"https:\/\/repliquemangacine.fr\/#\/schema\/logo\/image\/","url":"https:\/\/repliquemangacine.fr\/wp-content\/uploads\/2023\/10\/RMC-500250.png","contentUrl":"https:\/\/repliquemangacine.fr\/wp-content\/uploads\/2023\/10\/RMC-500250.png","width":500,"height":250,"caption":"R\u00e9plique Manga Cin\u00e9"},"image":{"@id":"https:\/\/repliquemangacine.fr\/#\/schema\/logo\/image\/"},"sameAs":["https:\/\/www.facebook.com\/RepliqueMangaCine","https:\/\/www.instagram.com\/repliquemangacine.fr\/"]}]}},"_links":{"self":[{"href":"https:\/\/repliquemangacine.fr\/en\/wp-json\/wp\/v2\/product\/62032","targetHints":{"allow":["GET"]}}],"collection":[{"href":"https:\/\/repliquemangacine.fr\/en\/wp-json\/wp\/v2\/product"}],"about":[{"href":"https:\/\/repliquemangacine.fr\/en\/wp-json\/wp\/v2\/types\/product"}],"wp:featuredmedia":[{"embeddable":true,"href":"https:\/\/repliquemangacine.fr\/en\/wp-json\/wp\/v2\/media\/62033"}],"wp:attachment":[{"href":"https:\/\/repliquemangacine.fr\/en\/wp-json\/wp\/v2\/media?parent=62032"}],"wp:term":[{"taxonomy":"product_brand","embeddable":true,"href":"https:\/\/repliquemangacine.fr\/en\/wp-json\/wp\/v2\/product_brand?post=62032"},{"taxonomy":"product_cat","embeddable":true,"href":"https:\/\/repliquemangacine.fr\/en\/wp-json\/wp\/v2\/product_cat?post=62032"},{"taxonomy":"product_tag","embeddable":true,"href":"https:\/\/repliquemangacine.fr\/en\/wp-json\/wp\/v2\/product_tag?post=62032"}],"curies":[{"name":"wp","href":"https:\/\/api.w.org\/{rel}","templated":true}]}}