





{"id":62012,"date":"2023-08-07T17:38:41","date_gmt":"2023-08-07T15:38:41","guid":{"rendered":"https:\/\/repliquemangacine.fr\/?post_type=product&#038;p=62012"},"modified":"2026-01-24T14:49:06","modified_gmt":"2026-01-24T13:49:06","slug":"shanks-le-roux-sword","status":"publish","type":"product","link":"https:\/\/repliquemangacine.fr\/en\/repliques-manga-jeux-video\/epee-de-shanks-le-roux\/","title":{"rendered":"Sword of Shanks the Redhead"},"content":{"rendered":"<h2>Shanks the redhead's sword in One Piece.<\/h2>\n<p>To begin with, the<strong>Sword of Shanks the Redhead<\/strong> is an identical replica of the animated manga One Piece.<\/p>\n<p><a href=\"https:\/\/onepiece.fandom.com\/fr\/wiki\/Shanks\" target=\"_blank\" rel=\"noopener noreferrer\">Shanks<\/a> aka le Roux, captain of the Equipage du Roux and one of the Four Emperors. Also a former cabin boy with the legendary Pirates Roger crew.<\/p>\n<p>Shanks' true abilities remain unknown. However, as a member of the Four Emperors of the New World, his raw physical power is supposed to be immense. Known as one of the four most powerful pirates in the world.<\/p>\n<p>Usually depicted with a sword. Although his use was only briefly displayed, the fact that he is able to match a Whitebeard blow with a single arm is a clear indication of the strength of his attacks.<\/p>\n<h2>Your <strong>\u00c9<\/strong>Shanks le roux at the best price.<\/h2>\n<p>We bring you all the lines of your favorite characters from the animated manga One Piece.<\/p>\n<p>First and foremost,<\/p>\n<ul>\n<li>Find Law's sword, the<a href=\"https:\/\/repliquemangacine.fr\/en\/katana-one-piece\/katana-kikoku-trafalgar-law\/\">Kikoku sword<\/a> One Piece 104cm,<\/li>\n<li>As well as the <a href=\"https:\/\/repliquemangacine.fr\/en\/katana-one-piece\/luffys-tanto-nidai-kitetsu\/\">Luffy's mini katana<\/a> Nidai Kitetsu with a look all his own.<\/li>\n<li>There are also several versions of Zoro's Enma katana.<\/li>\n<li>And much, much more to discover in our online store!<\/li>\n<\/ul>\n<p>That's why here are some great gift ideas for all One Piece fans.<\/p>\n<p>In conclusion, you can also use this\u00a0<strong>Sword of Shanks the Redhead<\/strong> for your cosplay parades or theme parties. But above all, this sword is also a collector's item and a decorative object.<\/p>\n<h2>How to care for your sword blade<\/h2>\n<p>Collector's and decorative katanas, made and assembled in a simplified manner. As their use is decorative, they lack the safety features required of a Japanese saber intended for training.<\/p>\n<p>However, your <strong>Sword of Shanks the Redhead<\/strong> to a steel blade that needs to be cared for to avoid damage over time. In fact, when you display your katana, your friends will be curious to see and touch the blade. This is where you need to be careful, as the acidity of your fingers is very harmful to steel, whatever its quality.<\/p>\n<p>If this happens, don't panic, just use a cloth dampened with a little oil to wipe off any fingerprints. By doing so, you'll keep your sword looking its best for a very long time.<\/p>","protected":false},"excerpt":{"rendered":"<p>Superb replica of Shanks' sword from One Piece.<\/p>\n<ul>\n<li>Two-tone steel blade<\/li>\n<li>Gold-plated metal guard with a large ring ending at the top of the handle.<\/li>\n<li>Handle covered with dark green cotton thread<\/li>\n<li>Midnight blue lacquered sheath<\/li>\n<li>Blade length: 80 cm - Total length: 102 cm<\/li>\n<\/ul>","protected":false},"featured_media":62013,"template":"","meta":[],"product_brand":[896],"product_cat":[123,23],"product_tag":[],"class_list":{"0":"post-62012","1":"product","2":"type-product","3":"status-publish","4":"has-post-thumbnail","6":"product_brand-replique-manga-cine","7":"product_cat-katana-en-metal-one-piece","8":"product_cat-repliques-manga-jeux-video","10":"first","11":"instock","12":"taxable","13":"shipping-taxable","14":"purchasable","15":"product-type-simple"},"yoast_head":"<!-- This site is optimized with the Yoast SEO plugin v27.4 - https:\/\/yoast.com\/product\/yoast-seo-wordpress\/ -->\n<title>\u00c9p\u00e9e de Shanks le roux - One Piece - R\u00e9plique Manga Cin\u00e9<\/title>\n<meta name=\"description\" content=\"D\u00e9couvrez cette superbe \u00c9p\u00e9e de Shanks le roux dans One Piece au meilleur prix. Lame en acier deux tons. Fourreau laqu\u00e9 bleu. Garde ronde en m\u00e9tal. 102 cm\" \/>\n<meta name=\"robots\" content=\"index, follow, max-snippet:-1, max-image-preview:large, max-video-preview:-1\" \/>\n<link rel=\"canonical\" href=\"https:\/\/repliquemangacine.fr\/en\/replicas-manga-video-games\/shanks-le-roux-sword\/\" \/>\n<meta property=\"og:locale\" content=\"en_US\" \/>\n<meta property=\"og:type\" content=\"article\" \/>\n<meta property=\"og:title\" content=\"\u00c9p\u00e9e de Shanks le roux - One Piece - R\u00e9plique Manga Cin\u00e9\" \/>\n<meta property=\"og:description\" content=\"D\u00e9couvrez cette superbe \u00c9p\u00e9e de Shanks le roux dans One Piece au meilleur prix. Lame en acier deux tons. Fourreau laqu\u00e9 bleu. Garde ronde en m\u00e9tal. 102 cm\" \/>\n<meta property=\"og:url\" content=\"https:\/\/repliquemangacine.fr\/en\/replicas-manga-video-games\/shanks-le-roux-sword\/\" \/>\n<meta property=\"og:site_name\" content=\"R\u00e9plique Manga Cin\u00e9\" \/>\n<meta property=\"article:publisher\" content=\"https:\/\/www.facebook.com\/RepliqueMangaCine\" \/>\n<meta property=\"article:modified_time\" content=\"2026-01-24T13:49:06+00:00\" \/>\n<meta property=\"og:image\" content=\"https:\/\/repliquemangacine.fr\/wp-content\/uploads\/2023\/10\/sh673-2.jpg\" \/>\n\t<meta property=\"og:image:width\" content=\"500\" \/>\n\t<meta property=\"og:image:height\" content=\"500\" \/>\n\t<meta property=\"og:image:type\" content=\"image\/jpeg\" \/>\n<meta name=\"twitter:card\" content=\"summary_large_image\" \/>\n<meta name=\"twitter:label1\" content=\"Est. reading time\" \/>\n\t<meta name=\"twitter:data1\" content=\"3 minutes\" \/>\n<script type=\"application\/ld+json\" class=\"yoast-schema-graph\">{\"@context\":\"https:\\\/\\\/schema.org\",\"@graph\":[{\"@type\":\"WebPage\",\"@id\":\"https:\\\/\\\/repliquemangacine.fr\\\/repliques-manga-jeux-video\\\/epee-de-shanks-le-roux\\\/\",\"url\":\"https:\\\/\\\/repliquemangacine.fr\\\/repliques-manga-jeux-video\\\/epee-de-shanks-le-roux\\\/\",\"name\":\"\u00c9p\u00e9e de Shanks le roux - One Piece - R\u00e9plique Manga Cin\u00e9\",\"isPartOf\":{\"@id\":\"https:\\\/\\\/repliquemangacine.fr\\\/#website\"},\"primaryImageOfPage\":{\"@id\":\"https:\\\/\\\/repliquemangacine.fr\\\/repliques-manga-jeux-video\\\/epee-de-shanks-le-roux\\\/#primaryimage\"},\"image\":{\"@id\":\"https:\\\/\\\/repliquemangacine.fr\\\/repliques-manga-jeux-video\\\/epee-de-shanks-le-roux\\\/#primaryimage\"},\"thumbnailUrl\":\"https:\\\/\\\/repliquemangacine.fr\\\/wp-content\\\/uploads\\\/2023\\\/10\\\/sh673-2.jpg\",\"datePublished\":\"2023-08-07T15:38:41+00:00\",\"dateModified\":\"2026-01-24T13:49:06+00:00\",\"description\":\"D\u00e9couvrez cette superbe \u00c9p\u00e9e de Shanks le roux dans One Piece au meilleur prix. Lame en acier deux tons. Fourreau laqu\u00e9 bleu. Garde ronde en m\u00e9tal. 102 cm\",\"breadcrumb\":{\"@id\":\"https:\\\/\\\/repliquemangacine.fr\\\/repliques-manga-jeux-video\\\/epee-de-shanks-le-roux\\\/#breadcrumb\"},\"inLanguage\":\"en-US\",\"potentialAction\":[{\"@type\":\"ReadAction\",\"target\":[\"https:\\\/\\\/repliquemangacine.fr\\\/repliques-manga-jeux-video\\\/epee-de-shanks-le-roux\\\/\"]}]},{\"@type\":\"ImageObject\",\"inLanguage\":\"en-US\",\"@id\":\"https:\\\/\\\/repliquemangacine.fr\\\/repliques-manga-jeux-video\\\/epee-de-shanks-le-roux\\\/#primaryimage\",\"url\":\"https:\\\/\\\/repliquemangacine.fr\\\/wp-content\\\/uploads\\\/2023\\\/10\\\/sh673-2.jpg\",\"contentUrl\":\"https:\\\/\\\/repliquemangacine.fr\\\/wp-content\\\/uploads\\\/2023\\\/10\\\/sh673-2.jpg\",\"width\":500,\"height\":500,\"caption\":\"Ep\u00e9e de Shanks le roux\"},{\"@type\":\"BreadcrumbList\",\"@id\":\"https:\\\/\\\/repliquemangacine.fr\\\/repliques-manga-jeux-video\\\/epee-de-shanks-le-roux\\\/#breadcrumb\",\"itemListElement\":[{\"@type\":\"ListItem\",\"position\":1,\"name\":\"Accueil\",\"item\":\"https:\\\/\\\/repliquemangacine.fr\\\/\"},{\"@type\":\"ListItem\",\"position\":2,\"name\":\"Produits\",\"item\":\"https:\\\/\\\/repliquemangacine.fr\\\/boutique\\\/\"},{\"@type\":\"ListItem\",\"position\":3,\"name\":\"\u00c9p\u00e9e de Shanks le roux\"}]},{\"@type\":\"WebSite\",\"@id\":\"https:\\\/\\\/repliquemangacine.fr\\\/#website\",\"url\":\"https:\\\/\\\/repliquemangacine.fr\\\/\",\"name\":\"R\u00e9plique Manga Cin\u00e9\",\"description\":\"\",\"publisher\":{\"@id\":\"https:\\\/\\\/repliquemangacine.fr\\\/#organization\"},\"potentialAction\":[{\"@type\":\"SearchAction\",\"target\":{\"@type\":\"EntryPoint\",\"urlTemplate\":\"https:\\\/\\\/repliquemangacine.fr\\\/?s={search_term_string}\"},\"query-input\":{\"@type\":\"PropertyValueSpecification\",\"valueRequired\":true,\"valueName\":\"search_term_string\"}}],\"inLanguage\":\"en-US\"},{\"@type\":\"Organization\",\"@id\":\"https:\\\/\\\/repliquemangacine.fr\\\/#organization\",\"name\":\"R\u00e9plique Manga Cin\u00e9\",\"url\":\"https:\\\/\\\/repliquemangacine.fr\\\/\",\"logo\":{\"@type\":\"ImageObject\",\"inLanguage\":\"en-US\",\"@id\":\"https:\\\/\\\/repliquemangacine.fr\\\/#\\\/schema\\\/logo\\\/image\\\/\",\"url\":\"https:\\\/\\\/repliquemangacine.fr\\\/wp-content\\\/uploads\\\/2023\\\/10\\\/RMC-500250.png\",\"contentUrl\":\"https:\\\/\\\/repliquemangacine.fr\\\/wp-content\\\/uploads\\\/2023\\\/10\\\/RMC-500250.png\",\"width\":500,\"height\":250,\"caption\":\"R\u00e9plique Manga Cin\u00e9\"},\"image\":{\"@id\":\"https:\\\/\\\/repliquemangacine.fr\\\/#\\\/schema\\\/logo\\\/image\\\/\"},\"sameAs\":[\"https:\\\/\\\/www.facebook.com\\\/RepliqueMangaCine\",\"https:\\\/\\\/www.instagram.com\\\/repliquemangacine.fr\\\/\"]}]}<\/script>\n<!-- \/ Yoast SEO plugin. -->","yoast_head_json":{"title":"Sword of Shanks the Red - One Piece - R\u00e9plique Manga Cin\u00e9","description":"Discover this superb Sword of Shanks the Red in One Piece at the best price. Two-tone steel blade. Blue lacquered scabbard. Round metal guard. 102 cm long","robots":{"index":"index","follow":"follow","max-snippet":"max-snippet:-1","max-image-preview":"max-image-preview:large","max-video-preview":"max-video-preview:-1"},"canonical":"https:\/\/repliquemangacine.fr\/en\/replicas-manga-video-games\/shanks-le-roux-sword\/","og_locale":"en_US","og_type":"article","og_title":"\u00c9p\u00e9e de Shanks le roux - One Piece - R\u00e9plique Manga Cin\u00e9","og_description":"D\u00e9couvrez cette superbe \u00c9p\u00e9e de Shanks le roux dans One Piece au meilleur prix. Lame en acier deux tons. Fourreau laqu\u00e9 bleu. Garde ronde en m\u00e9tal. 102 cm","og_url":"https:\/\/repliquemangacine.fr\/en\/replicas-manga-video-games\/shanks-le-roux-sword\/","og_site_name":"R\u00e9plique Manga Cin\u00e9","article_publisher":"https:\/\/www.facebook.com\/RepliqueMangaCine","article_modified_time":"2026-01-24T13:49:06+00:00","og_image":[{"width":500,"height":500,"url":"https:\/\/repliquemangacine.fr\/wp-content\/uploads\/2023\/10\/sh673-2.jpg","type":"image\/jpeg"}],"twitter_card":"summary_large_image","twitter_misc":{"Est. reading time":"3 minutes"},"schema":{"@context":"https:\/\/schema.org","@graph":[{"@type":"WebPage","@id":"https:\/\/repliquemangacine.fr\/repliques-manga-jeux-video\/epee-de-shanks-le-roux\/","url":"https:\/\/repliquemangacine.fr\/repliques-manga-jeux-video\/epee-de-shanks-le-roux\/","name":"Sword of Shanks the Red - One Piece - R\u00e9plique Manga Cin\u00e9","isPartOf":{"@id":"https:\/\/repliquemangacine.fr\/#website"},"primaryImageOfPage":{"@id":"https:\/\/repliquemangacine.fr\/repliques-manga-jeux-video\/epee-de-shanks-le-roux\/#primaryimage"},"image":{"@id":"https:\/\/repliquemangacine.fr\/repliques-manga-jeux-video\/epee-de-shanks-le-roux\/#primaryimage"},"thumbnailUrl":"https:\/\/repliquemangacine.fr\/wp-content\/uploads\/2023\/10\/sh673-2.jpg","datePublished":"2023-08-07T15:38:41+00:00","dateModified":"2026-01-24T13:49:06+00:00","description":"Discover this superb Sword of Shanks the Red in One Piece at the best price. Two-tone steel blade. Blue lacquered scabbard. Round metal guard. 102 cm long","breadcrumb":{"@id":"https:\/\/repliquemangacine.fr\/repliques-manga-jeux-video\/epee-de-shanks-le-roux\/#breadcrumb"},"inLanguage":"en-US","potentialAction":[{"@type":"ReadAction","target":["https:\/\/repliquemangacine.fr\/repliques-manga-jeux-video\/epee-de-shanks-le-roux\/"]}]},{"@type":"ImageObject","inLanguage":"en-US","@id":"https:\/\/repliquemangacine.fr\/repliques-manga-jeux-video\/epee-de-shanks-le-roux\/#primaryimage","url":"https:\/\/repliquemangacine.fr\/wp-content\/uploads\/2023\/10\/sh673-2.jpg","contentUrl":"https:\/\/repliquemangacine.fr\/wp-content\/uploads\/2023\/10\/sh673-2.jpg","width":500,"height":500,"caption":"Ep\u00e9e de Shanks le roux"},{"@type":"BreadcrumbList","@id":"https:\/\/repliquemangacine.fr\/repliques-manga-jeux-video\/epee-de-shanks-le-roux\/#breadcrumb","itemListElement":[{"@type":"ListItem","position":1,"name":"Accueil","item":"https:\/\/repliquemangacine.fr\/"},{"@type":"ListItem","position":2,"name":"Produits","item":"https:\/\/repliquemangacine.fr\/boutique\/"},{"@type":"ListItem","position":3,"name":"\u00c9p\u00e9e de Shanks le roux"}]},{"@type":"WebSite","@id":"https:\/\/repliquemangacine.fr\/#website","url":"https:\/\/repliquemangacine.fr\/","name":"R\u00e9plique Manga Cin\u00e9","description":"","publisher":{"@id":"https:\/\/repliquemangacine.fr\/#organization"},"potentialAction":[{"@type":"SearchAction","target":{"@type":"EntryPoint","urlTemplate":"https:\/\/repliquemangacine.fr\/?s={search_term_string}"},"query-input":{"@type":"PropertyValueSpecification","valueRequired":true,"valueName":"search_term_string"}}],"inLanguage":"en-US"},{"@type":"Organization","@id":"https:\/\/repliquemangacine.fr\/#organization","name":"R\u00e9plique Manga Cin\u00e9","url":"https:\/\/repliquemangacine.fr\/","logo":{"@type":"ImageObject","inLanguage":"en-US","@id":"https:\/\/repliquemangacine.fr\/#\/schema\/logo\/image\/","url":"https:\/\/repliquemangacine.fr\/wp-content\/uploads\/2023\/10\/RMC-500250.png","contentUrl":"https:\/\/repliquemangacine.fr\/wp-content\/uploads\/2023\/10\/RMC-500250.png","width":500,"height":250,"caption":"R\u00e9plique Manga Cin\u00e9"},"image":{"@id":"https:\/\/repliquemangacine.fr\/#\/schema\/logo\/image\/"},"sameAs":["https:\/\/www.facebook.com\/RepliqueMangaCine","https:\/\/www.instagram.com\/repliquemangacine.fr\/"]}]}},"_links":{"self":[{"href":"https:\/\/repliquemangacine.fr\/en\/wp-json\/wp\/v2\/product\/62012","targetHints":{"allow":["GET"]}}],"collection":[{"href":"https:\/\/repliquemangacine.fr\/en\/wp-json\/wp\/v2\/product"}],"about":[{"href":"https:\/\/repliquemangacine.fr\/en\/wp-json\/wp\/v2\/types\/product"}],"wp:featuredmedia":[{"embeddable":true,"href":"https:\/\/repliquemangacine.fr\/en\/wp-json\/wp\/v2\/media\/62013"}],"wp:attachment":[{"href":"https:\/\/repliquemangacine.fr\/en\/wp-json\/wp\/v2\/media?parent=62012"}],"wp:term":[{"taxonomy":"product_brand","embeddable":true,"href":"https:\/\/repliquemangacine.fr\/en\/wp-json\/wp\/v2\/product_brand?post=62012"},{"taxonomy":"product_cat","embeddable":true,"href":"https:\/\/repliquemangacine.fr\/en\/wp-json\/wp\/v2\/product_cat?post=62012"},{"taxonomy":"product_tag","embeddable":true,"href":"https:\/\/repliquemangacine.fr\/en\/wp-json\/wp\/v2\/product_tag?post=62012"}],"curies":[{"name":"wp","href":"https:\/\/api.w.org\/{rel}","templated":true}]}}