





{"id":61881,"date":"2023-08-01T17:02:35","date_gmt":"2023-08-01T15:02:35","guid":{"rendered":"https:\/\/repliquemangacine.fr\/?post_type=product&#038;p=61881"},"modified":"2025-11-18T21:34:22","modified_gmt":"2025-11-18T20:34:22","slug":"double-sherif-holster","status":"publish","type":"product","link":"https:\/\/repliquemangacine.fr\/en\/holster-accessoires-western\/holster-double-sherif\/","title":{"rendered":"Sherif double holster"},"content":{"rendered":"<h2>Sherif double holster - Denix<\/h2>\n<p>To begin with, the Belt <strong>Sherif double holster<\/strong>This semi-rigid leather case, attached to a belt and hanging from the upper thigh, holds a pistol.<\/p>\n<p>Used in the United States in the 18th and early 19th centuries. It allows its holder to always have his weapon at hand and to extract it quickly. Popularized in Western films and famous dueling scenes.<\/p>\n<p>It's worth pointing out that the extraction of the pistol in some films is quite spectacular, and there are some technical feats involved in putting it back.<\/p>\n<p>Made in Spain in the Denix workshops, entirely crafted and sewn by hand.<\/p>\n<h2>Your Sherif Double Holster at the best price.<\/h2>\n<p>R\u00e9plique Manga Cin\u00e9 offers you this semi-rigid leather holster. It's the perfect companion for your colts and revolvers, such as :<\/p>\n<ul>\n<li>This <a href=\"https:\/\/repliquemangacine.fr\/en\/western-accessory-holster\/holster-2-colts-black-double-belt-with-cartridge-belt\/\">double holster black<\/a> will go perfectly with your Peacemaker Colts.<\/li>\n<li>As well as the <a href=\"https:\/\/repliquemangacine.fr\/en\/kolser-gun\/peacemaker-set-5-5-polished-kolser\/\">colt Peacemaker<\/a> hand-polished.<\/li>\n<li>And many more to discover in our online store!<\/li>\n<\/ul>\n<p>A great gift idea for all western lovers.<\/p>\n<p>In conclusion, you can use this Belt <strong>Sherif double holster<\/strong> to accessorize your outfits and complete your collection.<\/p>\n<p>R\u00e9plique Manga Cin\u00e9 is a French family business that distributes the brand <a href=\"https:\/\/www.denix.fr\/\" target=\"_blank\" rel=\"noopener noreferrer\">Denix<\/a>.<\/p>\n<h2>How are your collectors' items made?<\/h2>\n<p>To begin with, all our derived products are of the highest quality, manufactured with meticulous attention to detail. In fact, some of the manufacturing is done by hand, to reproduce even the smallest detail. More important parts are machined by precise machines. Engravings are generally made with a diamond tip or laser.<\/p>\n<p>By the way, your <strong>Sherif double holster<\/strong>manufactured to reproduce every detail exactly. To match the heritage of the original masterpieces. The emphasis is on creating high-quality replicas that are as historically accurate as possible.<\/p>\n<p>In conclusion, imported from China, Spain or India, our replicas will amaze you!<\/p>","protected":false},"excerpt":{"rendered":"<p>High-quality double western belt in thick molded leather.<\/p>\n<ul>\n<li>Hand-made and hand-sewn.<\/li>\n<li>Decorated with motifs and an engraved eagle.<\/li>\n<li>Genuine leather.<\/li>\n<li>Metal belt buckle.<\/li>\n<li>Leg support straps.<\/li>\n<li>Cartridge belt.<\/li>\n<li>Comes with 24 dummy bullets and two Sheriff's stars.<\/li>\n<li>Length: 130 cm<\/li>\n<\/ul>","protected":false},"featured_media":61882,"template":"","meta":[],"product_brand":[896],"product_cat":[51,34,45,90,28,27],"product_tag":[],"class_list":{"0":"post-61881","1":"product","2":"type-product","3":"status-publish","4":"has-post-thumbnail","6":"product_brand-replique-manga-cine","7":"product_cat-accessoires-western","8":"product_cat-armes-westerns","9":"product_cat-holster-western-ceinturon","10":"product_cat-holster-accessoires-western","11":"product_cat-repliques-darmes","12":"product_cat-armes-et-accessoires-western","14":"first","15":"instock","16":"taxable","17":"shipping-taxable","18":"purchasable","19":"product-type-simple"},"yoast_head":"<!-- This site is optimized with the Yoast SEO plugin v27.5 - https:\/\/yoast.com\/product\/yoast-seo-wordpress\/ -->\n<title>Holster double Sherif - Vente d&#039;accessoire western - RMC<\/title>\n<meta name=\"description\" content=\"D\u00e9couvrez ce Holster double Sherif au meilleur prix. Tout en cuir v\u00e9ritable. Id\u00e9al pour recevoir deux colts peacemaker. Cartouchi\u00e8re avec 24 balles factices\" \/>\n<meta name=\"robots\" content=\"index, follow, max-snippet:-1, max-image-preview:large, max-video-preview:-1\" \/>\n<link rel=\"canonical\" href=\"https:\/\/repliquemangacine.fr\/en\/western-accessory-holster\/double-sherif-holster\/\" \/>\n<meta property=\"og:locale\" content=\"en_US\" \/>\n<meta property=\"og:type\" content=\"article\" \/>\n<meta property=\"og:title\" content=\"Holster double Sherif - Vente d&#039;accessoire western - RMC\" \/>\n<meta property=\"og:description\" content=\"D\u00e9couvrez ce Holster double Sherif au meilleur prix. Tout en cuir v\u00e9ritable. Id\u00e9al pour recevoir deux colts peacemaker. Cartouchi\u00e8re avec 24 balles factices\" \/>\n<meta property=\"og:url\" content=\"https:\/\/repliquemangacine.fr\/en\/western-accessory-holster\/double-sherif-holster\/\" \/>\n<meta property=\"og:site_name\" content=\"R\u00e9plique Manga Cin\u00e9\" \/>\n<meta property=\"article:publisher\" content=\"https:\/\/www.facebook.com\/RepliqueMangaCine\" \/>\n<meta property=\"article:modified_time\" content=\"2025-11-18T20:34:22+00:00\" \/>\n<meta property=\"og:image\" content=\"https:\/\/repliquemangacine.fr\/wp-content\/uploads\/2023\/10\/holster-double.jpg\" \/>\n\t<meta property=\"og:image:width\" content=\"500\" \/>\n\t<meta property=\"og:image:height\" content=\"500\" \/>\n\t<meta property=\"og:image:type\" content=\"image\/jpeg\" \/>\n<meta name=\"twitter:card\" content=\"summary_large_image\" \/>\n<meta name=\"twitter:label1\" content=\"Est. reading time\" \/>\n\t<meta name=\"twitter:data1\" content=\"2 minutes\" \/>\n<script type=\"application\/ld+json\" class=\"yoast-schema-graph\">{\"@context\":\"https:\\\/\\\/schema.org\",\"@graph\":[{\"@type\":\"WebPage\",\"@id\":\"https:\\\/\\\/repliquemangacine.fr\\\/holster-accessoires-western\\\/holster-double-sherif\\\/\",\"url\":\"https:\\\/\\\/repliquemangacine.fr\\\/holster-accessoires-western\\\/holster-double-sherif\\\/\",\"name\":\"Holster double Sherif - Vente d'accessoire western - RMC\",\"isPartOf\":{\"@id\":\"https:\\\/\\\/repliquemangacine.fr\\\/#website\"},\"primaryImageOfPage\":{\"@id\":\"https:\\\/\\\/repliquemangacine.fr\\\/holster-accessoires-western\\\/holster-double-sherif\\\/#primaryimage\"},\"image\":{\"@id\":\"https:\\\/\\\/repliquemangacine.fr\\\/holster-accessoires-western\\\/holster-double-sherif\\\/#primaryimage\"},\"thumbnailUrl\":\"https:\\\/\\\/repliquemangacine.fr\\\/wp-content\\\/uploads\\\/2023\\\/10\\\/holster-double.jpg\",\"datePublished\":\"2023-08-01T15:02:35+00:00\",\"dateModified\":\"2025-11-18T20:34:22+00:00\",\"description\":\"D\u00e9couvrez ce Holster double Sherif au meilleur prix. Tout en cuir v\u00e9ritable. Id\u00e9al pour recevoir deux colts peacemaker. Cartouchi\u00e8re avec 24 balles factices\",\"breadcrumb\":{\"@id\":\"https:\\\/\\\/repliquemangacine.fr\\\/holster-accessoires-western\\\/holster-double-sherif\\\/#breadcrumb\"},\"inLanguage\":\"en-US\",\"potentialAction\":[{\"@type\":\"ReadAction\",\"target\":[\"https:\\\/\\\/repliquemangacine.fr\\\/holster-accessoires-western\\\/holster-double-sherif\\\/\"]}]},{\"@type\":\"ImageObject\",\"inLanguage\":\"en-US\",\"@id\":\"https:\\\/\\\/repliquemangacine.fr\\\/holster-accessoires-western\\\/holster-double-sherif\\\/#primaryimage\",\"url\":\"https:\\\/\\\/repliquemangacine.fr\\\/wp-content\\\/uploads\\\/2023\\\/10\\\/holster-double.jpg\",\"contentUrl\":\"https:\\\/\\\/repliquemangacine.fr\\\/wp-content\\\/uploads\\\/2023\\\/10\\\/holster-double.jpg\",\"width\":500,\"height\":500,\"caption\":\"Holster double Sherif\"},{\"@type\":\"BreadcrumbList\",\"@id\":\"https:\\\/\\\/repliquemangacine.fr\\\/holster-accessoires-western\\\/holster-double-sherif\\\/#breadcrumb\",\"itemListElement\":[{\"@type\":\"ListItem\",\"position\":1,\"name\":\"Accueil\",\"item\":\"https:\\\/\\\/repliquemangacine.fr\\\/\"},{\"@type\":\"ListItem\",\"position\":2,\"name\":\"Produits\",\"item\":\"https:\\\/\\\/repliquemangacine.fr\\\/boutique\\\/\"},{\"@type\":\"ListItem\",\"position\":3,\"name\":\"Holster double Sherif\"}]},{\"@type\":\"WebSite\",\"@id\":\"https:\\\/\\\/repliquemangacine.fr\\\/#website\",\"url\":\"https:\\\/\\\/repliquemangacine.fr\\\/\",\"name\":\"R\u00e9plique Manga Cin\u00e9\",\"description\":\"\",\"publisher\":{\"@id\":\"https:\\\/\\\/repliquemangacine.fr\\\/#organization\"},\"potentialAction\":[{\"@type\":\"SearchAction\",\"target\":{\"@type\":\"EntryPoint\",\"urlTemplate\":\"https:\\\/\\\/repliquemangacine.fr\\\/?s={search_term_string}\"},\"query-input\":{\"@type\":\"PropertyValueSpecification\",\"valueRequired\":true,\"valueName\":\"search_term_string\"}}],\"inLanguage\":\"en-US\"},{\"@type\":\"Organization\",\"@id\":\"https:\\\/\\\/repliquemangacine.fr\\\/#organization\",\"name\":\"R\u00e9plique Manga Cin\u00e9\",\"url\":\"https:\\\/\\\/repliquemangacine.fr\\\/\",\"logo\":{\"@type\":\"ImageObject\",\"inLanguage\":\"en-US\",\"@id\":\"https:\\\/\\\/repliquemangacine.fr\\\/#\\\/schema\\\/logo\\\/image\\\/\",\"url\":\"https:\\\/\\\/repliquemangacine.fr\\\/wp-content\\\/uploads\\\/2023\\\/10\\\/RMC-500250.png\",\"contentUrl\":\"https:\\\/\\\/repliquemangacine.fr\\\/wp-content\\\/uploads\\\/2023\\\/10\\\/RMC-500250.png\",\"width\":500,\"height\":250,\"caption\":\"R\u00e9plique Manga Cin\u00e9\"},\"image\":{\"@id\":\"https:\\\/\\\/repliquemangacine.fr\\\/#\\\/schema\\\/logo\\\/image\\\/\"},\"sameAs\":[\"https:\\\/\\\/www.facebook.com\\\/RepliqueMangaCine\",\"https:\\\/\\\/www.instagram.com\\\/repliquemangacine.fr\\\/\"]}]}<\/script>\n<!-- \/ Yoast SEO plugin. -->","yoast_head_json":{"title":"Sherif double holster - Western accessories sale - RMC","description":"Discover this Sherif double holster at the best price. All genuine leather. Ideal for two peacemaker colts. Cartridge belt with 24 dummy bullets","robots":{"index":"index","follow":"follow","max-snippet":"max-snippet:-1","max-image-preview":"max-image-preview:large","max-video-preview":"max-video-preview:-1"},"canonical":"https:\/\/repliquemangacine.fr\/en\/western-accessory-holster\/double-sherif-holster\/","og_locale":"en_US","og_type":"article","og_title":"Holster double Sherif - Vente d'accessoire western - RMC","og_description":"D\u00e9couvrez ce Holster double Sherif au meilleur prix. Tout en cuir v\u00e9ritable. Id\u00e9al pour recevoir deux colts peacemaker. Cartouchi\u00e8re avec 24 balles factices","og_url":"https:\/\/repliquemangacine.fr\/en\/western-accessory-holster\/double-sherif-holster\/","og_site_name":"R\u00e9plique Manga Cin\u00e9","article_publisher":"https:\/\/www.facebook.com\/RepliqueMangaCine","article_modified_time":"2025-11-18T20:34:22+00:00","og_image":[{"width":500,"height":500,"url":"https:\/\/repliquemangacine.fr\/wp-content\/uploads\/2023\/10\/holster-double.jpg","type":"image\/jpeg"}],"twitter_card":"summary_large_image","twitter_misc":{"Est. reading time":"2 minutes"},"schema":{"@context":"https:\/\/schema.org","@graph":[{"@type":"WebPage","@id":"https:\/\/repliquemangacine.fr\/holster-accessoires-western\/holster-double-sherif\/","url":"https:\/\/repliquemangacine.fr\/holster-accessoires-western\/holster-double-sherif\/","name":"Sherif double holster - Western accessories sale - RMC","isPartOf":{"@id":"https:\/\/repliquemangacine.fr\/#website"},"primaryImageOfPage":{"@id":"https:\/\/repliquemangacine.fr\/holster-accessoires-western\/holster-double-sherif\/#primaryimage"},"image":{"@id":"https:\/\/repliquemangacine.fr\/holster-accessoires-western\/holster-double-sherif\/#primaryimage"},"thumbnailUrl":"https:\/\/repliquemangacine.fr\/wp-content\/uploads\/2023\/10\/holster-double.jpg","datePublished":"2023-08-01T15:02:35+00:00","dateModified":"2025-11-18T20:34:22+00:00","description":"Discover this Sherif double holster at the best price. All genuine leather. Ideal for two peacemaker colts. Cartridge belt with 24 dummy bullets","breadcrumb":{"@id":"https:\/\/repliquemangacine.fr\/holster-accessoires-western\/holster-double-sherif\/#breadcrumb"},"inLanguage":"en-US","potentialAction":[{"@type":"ReadAction","target":["https:\/\/repliquemangacine.fr\/holster-accessoires-western\/holster-double-sherif\/"]}]},{"@type":"ImageObject","inLanguage":"en-US","@id":"https:\/\/repliquemangacine.fr\/holster-accessoires-western\/holster-double-sherif\/#primaryimage","url":"https:\/\/repliquemangacine.fr\/wp-content\/uploads\/2023\/10\/holster-double.jpg","contentUrl":"https:\/\/repliquemangacine.fr\/wp-content\/uploads\/2023\/10\/holster-double.jpg","width":500,"height":500,"caption":"Holster double Sherif"},{"@type":"BreadcrumbList","@id":"https:\/\/repliquemangacine.fr\/holster-accessoires-western\/holster-double-sherif\/#breadcrumb","itemListElement":[{"@type":"ListItem","position":1,"name":"Accueil","item":"https:\/\/repliquemangacine.fr\/"},{"@type":"ListItem","position":2,"name":"Produits","item":"https:\/\/repliquemangacine.fr\/boutique\/"},{"@type":"ListItem","position":3,"name":"Holster double Sherif"}]},{"@type":"WebSite","@id":"https:\/\/repliquemangacine.fr\/#website","url":"https:\/\/repliquemangacine.fr\/","name":"R\u00e9plique Manga Cin\u00e9","description":"","publisher":{"@id":"https:\/\/repliquemangacine.fr\/#organization"},"potentialAction":[{"@type":"SearchAction","target":{"@type":"EntryPoint","urlTemplate":"https:\/\/repliquemangacine.fr\/?s={search_term_string}"},"query-input":{"@type":"PropertyValueSpecification","valueRequired":true,"valueName":"search_term_string"}}],"inLanguage":"en-US"},{"@type":"Organization","@id":"https:\/\/repliquemangacine.fr\/#organization","name":"R\u00e9plique Manga Cin\u00e9","url":"https:\/\/repliquemangacine.fr\/","logo":{"@type":"ImageObject","inLanguage":"en-US","@id":"https:\/\/repliquemangacine.fr\/#\/schema\/logo\/image\/","url":"https:\/\/repliquemangacine.fr\/wp-content\/uploads\/2023\/10\/RMC-500250.png","contentUrl":"https:\/\/repliquemangacine.fr\/wp-content\/uploads\/2023\/10\/RMC-500250.png","width":500,"height":250,"caption":"R\u00e9plique Manga Cin\u00e9"},"image":{"@id":"https:\/\/repliquemangacine.fr\/#\/schema\/logo\/image\/"},"sameAs":["https:\/\/www.facebook.com\/RepliqueMangaCine","https:\/\/www.instagram.com\/repliquemangacine.fr\/"]}]}},"_links":{"self":[{"href":"https:\/\/repliquemangacine.fr\/en\/wp-json\/wp\/v2\/product\/61881","targetHints":{"allow":["GET"]}}],"collection":[{"href":"https:\/\/repliquemangacine.fr\/en\/wp-json\/wp\/v2\/product"}],"about":[{"href":"https:\/\/repliquemangacine.fr\/en\/wp-json\/wp\/v2\/types\/product"}],"wp:featuredmedia":[{"embeddable":true,"href":"https:\/\/repliquemangacine.fr\/en\/wp-json\/wp\/v2\/media\/61882"}],"wp:attachment":[{"href":"https:\/\/repliquemangacine.fr\/en\/wp-json\/wp\/v2\/media?parent=61881"}],"wp:term":[{"taxonomy":"product_brand","embeddable":true,"href":"https:\/\/repliquemangacine.fr\/en\/wp-json\/wp\/v2\/product_brand?post=61881"},{"taxonomy":"product_cat","embeddable":true,"href":"https:\/\/repliquemangacine.fr\/en\/wp-json\/wp\/v2\/product_cat?post=61881"},{"taxonomy":"product_tag","embeddable":true,"href":"https:\/\/repliquemangacine.fr\/en\/wp-json\/wp\/v2\/product_tag?post=61881"}],"curies":[{"name":"wp","href":"https:\/\/api.w.org\/{rel}","templated":true}]}}